{"id":3200,"date":"2024-02-11T03:12:32","date_gmt":"2024-02-11T01:12:32","guid":{"rendered":"https:\/\/eskadalys.lt\/?post_type=product&#038;p=3200"},"modified":"2026-05-10T06:46:48","modified_gmt":"2026-05-10T03:46:48","slug":"brake-disc-10","status":"publish","type":"product","link":"https:\/\/eskadalys.lt\/en\/product\/stabdziu-diskas-10\/","title":{"rendered":"Brake disc - 2161600"},"content":{"rendered":"<p><strong>Brake disc - 2161600<\/strong><br \/>\n<strong>Tinka:<\/strong> CAT, Backhoe loader, 414E, 416E, 416F, 420E, 420F, 422E, 422F, 428E, 428F, 430E, 430F, 432E, 432F, 434E, 442E, 444E, Telescopic handlers, TH460B, TH560B, TH580B, 444F, 434F, 415F2, 427F2, 428F2, 444F2, 432F2, 432F2, 430F2<\/p>\n<p>216-1600<\/p>\n<h3>\ud83d\udd0d Looking for another product from category <a href=\"https:\/\/eskadalys.lt\/en\/product-category-en\/brake-systems\/brake-discs-brake-plates\/\">Brake discs \/ Intermediate brake discs<\/a> ?<\/h3>\n<h3>\ud83d\udee0\ufe0f CAT parts - more available <a href=\"https:\/\/eskadalys.lt\/en\/product-category-en\/brake-systems\/\">Brake systems<\/a> category.<\/h3>\n<p>If you are not sure if this part is suitable for your machine, <strong>please send us the serial number (VIN) of the machine before purchase<\/strong>. We will check compatibility using the catalogues and <strong>we will offer the right share<\/strong>. If you can't find the part you need, contact us - we'll help you find it!<\/p>\n<p><strong>\ud83d\udce6 Warehouse in Lithuania<\/strong> - Orders placed before 14:00 are dispatched the same day.<\/p>\n<p><strong>\ud83d\ude80 Fast delivery<\/strong> - We can deliver ordered items that are currently out of stock within 3-4 working days.<\/p>\n<p><strong>\ud83d\udcc8 Wide range<\/strong> - We are constantly expanding our product range.<\/p>","protected":false},"excerpt":{"rendered":"<p>2161600<\/p>","protected":false},"featured_media":98717,"template":"","meta":{"site-sidebar-layout":"default","site-content-layout":"","ast-site-content-layout":"default","site-content-style":"default","site-sidebar-style":"default","ast-global-header-display":"","ast-banner-title-visibility":"","ast-main-header-display":"","ast-hfb-above-header-display":"","ast-hfb-below-header-display":"","ast-hfb-mobile-header-display":"","site-post-title":"","ast-breadcrumbs-content":"","ast-featured-img":"","footer-sml-layout":"","ast-disable-related-posts":"","theme-transparent-header-meta":"","adv-header-id-meta":"","stick-header-meta":"","header-above-stick-meta":"","header-main-stick-meta":"","header-below-stick-meta":"","astra-migrate-meta-layouts":"default","ast-page-background-enabled":"default","ast-page-background-meta":{"desktop":{"background-color":"","background-image":"","background-repeat":"repeat","background-position":"center center","background-size":"auto","background-attachment":"scroll","background-type":"","background-media":"","overlay-type":"","overlay-color":"","overlay-opacity":"","overlay-gradient":""},"tablet":{"background-color":"","background-image":"","background-repeat":"repeat","background-position":"center center","background-size":"auto","background-attachment":"scroll","background-type":"","background-media":"","overlay-type":"","overlay-color":"","overlay-opacity":"","overlay-gradient":""},"mobile":{"background-color":"","background-image":"","background-repeat":"repeat","background-position":"center center","background-size":"auto","background-attachment":"scroll","background-type":"","background-media":"","overlay-type":"","overlay-color":"","overlay-opacity":"","overlay-gradient":""}},"ast-content-background-meta":{"desktop":{"background-color":"var(--ast-global-color-5)","background-image":"","background-repeat":"repeat","background-position":"center center","background-size":"auto","background-attachment":"scroll","background-type":"","background-media":"","overlay-type":"","overlay-color":"","overlay-opacity":"","overlay-gradient":""},"tablet":{"background-color":"var(--ast-global-color-5)","background-image":"","background-repeat":"repeat","background-position":"center center","background-size":"auto","background-attachment":"scroll","background-type":"","background-media":"","overlay-type":"","overlay-color":"","overlay-opacity":"","overlay-gradient":""},"mobile":{"background-color":"var(--ast-global-color-5)","background-image":"","background-repeat":"repeat","background-position":"center center","background-size":"auto","background-attachment":"scroll","background-type":"","background-media":"","overlay-type":"","overlay-color":"","overlay-opacity":"","overlay-gradient":""}}},"product_brand":[],"product_cat":[822],"product_tag":[],"class_list":{"0":"post-3200","1":"product","2":"type-product","3":"status-publish","4":"has-post-thumbnail","6":"product_cat-stabdziu-diskai-tarpiniai-stabdziu-diskai","7":"desktop-align-left","8":"tablet-align-left","9":"mobile-align-left","11":"first","12":"onbackorder","13":"taxable","14":"shipping-taxable","15":"purchasable","16":"product-type-simple"},"yoast_head":"<!-- This site is optimized with the Yoast SEO plugin v27.6 - https:\/\/yoast.com\/product\/yoast-seo-wordpress\/ -->\n<title>Stabd\u017ei\u0173 diskas - 2161600 | Gera kaina | Greitas pristatymas | Eska dalys<\/title>\n<meta name=\"description\" content=\"Stabd\u017ei\u0173 diskas - 2161600 Tinka: CAT, Ekskavatorius krautuvas, 414E, 416E, 416F, 420E, 420F, 422E, 422F, 428E, 428F, 430E, 430F, 432E, 432F, 434E, 442E, 444E, Teleskopiniai krautuvai, TH460B, TH560B, TH580B, 444F, 434F, 415F2, 427F2, 428F2, 444F2, 432F2, 432F2, 430F2\" \/>\n<meta name=\"robots\" content=\"index, follow, max-snippet:-1, max-image-preview:large, max-video-preview:-1\" \/>\n<link rel=\"canonical\" href=\"https:\/\/eskadalys.lt\/en\/product-en\/brake-disc-10\/\" \/>\n<meta property=\"og:locale\" content=\"en_GB\" \/>\n<meta property=\"og:type\" content=\"article\" \/>\n<meta property=\"og:title\" content=\"Stabd\u017ei\u0173 diskas - 2161600 | Gera kaina | Greitas pristatymas | Eska dalys\" \/>\n<meta property=\"og:description\" content=\"Stabd\u017ei\u0173 diskas - 2161600 Tinka: CAT, Ekskavatorius krautuvas, 414E, 416E, 416F, 420E, 420F, 422E, 422F, 428E, 428F, 430E, 430F, 432E, 432F, 434E, 442E, 444E, Teleskopiniai krautuvai, TH460B, TH560B, TH580B, 444F, 434F, 415F2, 427F2, 428F2, 444F2, 432F2, 432F2, 430F2\" \/>\n<meta property=\"og:url\" content=\"https:\/\/eskadalys.lt\/en\/product-en\/brake-disc-10\/\" \/>\n<meta property=\"og:site_name\" content=\"Eska dalys\" \/>\n<meta property=\"article:publisher\" content=\"https:\/\/www.facebook.com\/profile.php?id=61556005720456\" \/>\n<meta property=\"article:modified_time\" content=\"2026-05-10T03:46:48+00:00\" \/>\n<meta property=\"og:image\" content=\"https:\/\/eskadalys.lt\/wp-content\/uploads\/2024\/02\/plate-20240121-143401-scaled-1.jpg?v=1714936033\" \/>\n\t<meta property=\"og:image:width\" content=\"1600\" \/>\n\t<meta property=\"og:image:height\" content=\"1150\" \/>\n\t<meta property=\"og:image:type\" content=\"image\/jpeg\" \/>\n<script type=\"application\/ld+json\" class=\"yoast-schema-graph\">{\"@context\":\"https:\\\/\\\/schema.org\",\"@graph\":[{\"@type\":\"WebPage\",\"@id\":\"https:\\\/\\\/eskadalys.lt\\\/product\\\/stabdziu-diskas-10\\\/\",\"url\":\"https:\\\/\\\/eskadalys.lt\\\/product\\\/stabdziu-diskas-10\\\/\",\"name\":\"Stabd\u017ei\u0173 diskas - 2161600 | Gera kaina | Greitas pristatymas | Eska dalys\",\"isPartOf\":{\"@id\":\"https:\\\/\\\/eskadalys.lt\\\/#website\"},\"primaryImageOfPage\":{\"@id\":\"https:\\\/\\\/eskadalys.lt\\\/product\\\/stabdziu-diskas-10\\\/#primaryimage\"},\"image\":{\"@id\":\"https:\\\/\\\/eskadalys.lt\\\/product\\\/stabdziu-diskas-10\\\/#primaryimage\"},\"thumbnailUrl\":\"https:\\\/\\\/eskadalys.lt\\\/wp-content\\\/uploads\\\/2024\\\/02\\\/plate-20240121-143401-scaled-1.jpg?v=1714936033\",\"datePublished\":\"2024-02-11T01:12:32+00:00\",\"dateModified\":\"2026-05-10T03:46:48+00:00\",\"description\":\"Stabd\u017ei\u0173 diskas - 2161600 Tinka: CAT, Ekskavatorius krautuvas, 414E, 416E, 416F, 420E, 420F, 422E, 422F, 428E, 428F, 430E, 430F, 432E, 432F, 434E, 442E, 444E, Teleskopiniai krautuvai, TH460B, TH560B, TH580B, 444F, 434F, 415F2, 427F2, 428F2, 444F2, 432F2, 432F2, 430F2\",\"breadcrumb\":{\"@id\":\"https:\\\/\\\/eskadalys.lt\\\/product\\\/stabdziu-diskas-10\\\/#breadcrumb\"},\"inLanguage\":\"en-GB\",\"potentialAction\":[{\"@type\":\"ReadAction\",\"target\":[\"https:\\\/\\\/eskadalys.lt\\\/product\\\/stabdziu-diskas-10\\\/\"]}]},{\"@type\":\"ImageObject\",\"inLanguage\":\"en-GB\",\"@id\":\"https:\\\/\\\/eskadalys.lt\\\/product\\\/stabdziu-diskas-10\\\/#primaryimage\",\"url\":\"https:\\\/\\\/eskadalys.lt\\\/wp-content\\\/uploads\\\/2024\\\/02\\\/plate-20240121-143401-scaled-1.jpg?v=1714936033\",\"contentUrl\":\"https:\\\/\\\/eskadalys.lt\\\/wp-content\\\/uploads\\\/2024\\\/02\\\/plate-20240121-143401-scaled-1.jpg?v=1714936033\",\"width\":1600,\"height\":1150},{\"@type\":\"BreadcrumbList\",\"@id\":\"https:\\\/\\\/eskadalys.lt\\\/product\\\/stabdziu-diskas-10\\\/#breadcrumb\",\"itemListElement\":[{\"@type\":\"ListItem\",\"position\":1,\"name\":\"Strona g\u0142\u00f3wna\",\"item\":\"https:\\\/\\\/eskadalys.lt\\\/\"},{\"@type\":\"ListItem\",\"position\":2,\"name\":\"E-parduotuv\u0117\",\"item\":\"https:\\\/\\\/eskadalys.lt\\\/e-parduotuve\\\/\"},{\"@type\":\"ListItem\",\"position\":3,\"name\":\"Stabd\u017ei\u0173 diskas &#8211; 2161600\"}]},{\"@type\":\"WebSite\",\"@id\":\"https:\\\/\\\/eskadalys.lt\\\/#website\",\"url\":\"https:\\\/\\\/eskadalys.lt\\\/\",\"name\":\"Eska dalys\",\"description\":\"Ekskavatori\u0173 \\\/ mini ekskavatori\u0173 \\\/ buldozeri\u0173 dalys\",\"publisher\":{\"@id\":\"https:\\\/\\\/eskadalys.lt\\\/#organization\"},\"potentialAction\":[{\"@type\":\"SearchAction\",\"target\":{\"@type\":\"EntryPoint\",\"urlTemplate\":\"https:\\\/\\\/eskadalys.lt\\\/?s={search_term_string}\"},\"query-input\":{\"@type\":\"PropertyValueSpecification\",\"valueRequired\":true,\"valueName\":\"search_term_string\"}}],\"inLanguage\":\"en-GB\"},{\"@type\":\"Organization\",\"@id\":\"https:\\\/\\\/eskadalys.lt\\\/#organization\",\"name\":\"Eska dalys\",\"url\":\"https:\\\/\\\/eskadalys.lt\\\/\",\"logo\":{\"@type\":\"ImageObject\",\"inLanguage\":\"en-GB\",\"@id\":\"https:\\\/\\\/eskadalys.lt\\\/#\\\/schema\\\/logo\\\/image\\\/\",\"url\":\"https:\\\/\\\/eskadalys.lt\\\/wp-content\\\/uploads\\\/2024\\\/01\\\/LOGO-ESKA-FINAL.svg\",\"contentUrl\":\"https:\\\/\\\/eskadalys.lt\\\/wp-content\\\/uploads\\\/2024\\\/01\\\/LOGO-ESKA-FINAL.svg\",\"width\":259,\"height\":201,\"caption\":\"Eska dalys\"},\"image\":{\"@id\":\"https:\\\/\\\/eskadalys.lt\\\/#\\\/schema\\\/logo\\\/image\\\/\"},\"sameAs\":[\"https:\\\/\\\/www.facebook.com\\\/profile.php?id=61556005720456\"]}]}<\/script>\n<!-- \/ Yoast SEO plugin. -->","yoast_head_json":{"title":"Brake disc - 2161600 | Good price | Fast delivery | Eska parts","description":"Brake disc - 2161600 Fits: CAT, Backhoe loader, 414E, 416E, 416F, 420E, 420F, 422E, 422F, 428E, 428F, 430E, 430F, 432E, 432F, 434E, 442E, 444E, Telescopic handlers, TH460B, TH560B, TH580B, 444F, 434F, 415F2, 427F2, 428F2, 444F2, 432F2, 432F2, 430F2","robots":{"index":"index","follow":"follow","max-snippet":"max-snippet:-1","max-image-preview":"max-image-preview:large","max-video-preview":"max-video-preview:-1"},"canonical":"https:\/\/eskadalys.lt\/en\/product-en\/brake-disc-10\/","og_locale":"en_GB","og_type":"article","og_title":"Stabd\u017ei\u0173 diskas - 2161600 | Gera kaina | Greitas pristatymas | Eska dalys","og_description":"Stabd\u017ei\u0173 diskas - 2161600 Tinka: CAT, Ekskavatorius krautuvas, 414E, 416E, 416F, 420E, 420F, 422E, 422F, 428E, 428F, 430E, 430F, 432E, 432F, 434E, 442E, 444E, Teleskopiniai krautuvai, TH460B, TH560B, TH580B, 444F, 434F, 415F2, 427F2, 428F2, 444F2, 432F2, 432F2, 430F2","og_url":"https:\/\/eskadalys.lt\/en\/product-en\/brake-disc-10\/","og_site_name":"Eska dalys","article_publisher":"https:\/\/www.facebook.com\/profile.php?id=61556005720456","article_modified_time":"2026-05-10T03:46:48+00:00","og_image":[{"width":1600,"height":1150,"url":"https:\/\/eskadalys.lt\/wp-content\/uploads\/2024\/02\/plate-20240121-143401-scaled-1.jpg?v=1714936033","type":"image\/jpeg"}],"schema":{"@context":"https:\/\/schema.org","@graph":[{"@type":"WebPage","@id":"https:\/\/eskadalys.lt\/product\/stabdziu-diskas-10\/","url":"https:\/\/eskadalys.lt\/product\/stabdziu-diskas-10\/","name":"Brake disc - 2161600 | Good price | Fast delivery | Eska parts","isPartOf":{"@id":"https:\/\/eskadalys.lt\/#website"},"primaryImageOfPage":{"@id":"https:\/\/eskadalys.lt\/product\/stabdziu-diskas-10\/#primaryimage"},"image":{"@id":"https:\/\/eskadalys.lt\/product\/stabdziu-diskas-10\/#primaryimage"},"thumbnailUrl":"https:\/\/eskadalys.lt\/wp-content\/uploads\/2024\/02\/plate-20240121-143401-scaled-1.jpg?v=1714936033","datePublished":"2024-02-11T01:12:32+00:00","dateModified":"2026-05-10T03:46:48+00:00","description":"Brake disc - 2161600 Fits: CAT, Backhoe loader, 414E, 416E, 416F, 420E, 420F, 422E, 422F, 428E, 428F, 430E, 430F, 432E, 432F, 434E, 442E, 444E, Telescopic handlers, TH460B, TH560B, TH580B, 444F, 434F, 415F2, 427F2, 428F2, 444F2, 432F2, 432F2, 430F2","breadcrumb":{"@id":"https:\/\/eskadalys.lt\/product\/stabdziu-diskas-10\/#breadcrumb"},"inLanguage":"en-GB","potentialAction":[{"@type":"ReadAction","target":["https:\/\/eskadalys.lt\/product\/stabdziu-diskas-10\/"]}]},{"@type":"ImageObject","inLanguage":"en-GB","@id":"https:\/\/eskadalys.lt\/product\/stabdziu-diskas-10\/#primaryimage","url":"https:\/\/eskadalys.lt\/wp-content\/uploads\/2024\/02\/plate-20240121-143401-scaled-1.jpg?v=1714936033","contentUrl":"https:\/\/eskadalys.lt\/wp-content\/uploads\/2024\/02\/plate-20240121-143401-scaled-1.jpg?v=1714936033","width":1600,"height":1150},{"@type":"BreadcrumbList","@id":"https:\/\/eskadalys.lt\/product\/stabdziu-diskas-10\/#breadcrumb","itemListElement":[{"@type":"ListItem","position":1,"name":"Strona g\u0142\u00f3wna","item":"https:\/\/eskadalys.lt\/"},{"@type":"ListItem","position":2,"name":"E-parduotuv\u0117","item":"https:\/\/eskadalys.lt\/e-parduotuve\/"},{"@type":"ListItem","position":3,"name":"Stabd\u017ei\u0173 diskas &#8211; 2161600"}]},{"@type":"WebSite","@id":"https:\/\/eskadalys.lt\/#website","url":"https:\/\/eskadalys.lt\/","name":"Eska parts","description":"Parts for excavators \/ mini excavators \/ bulldozers","publisher":{"@id":"https:\/\/eskadalys.lt\/#organization"},"potentialAction":[{"@type":"SearchAction","target":{"@type":"EntryPoint","urlTemplate":"https:\/\/eskadalys.lt\/?s={search_term_string}"},"query-input":{"@type":"PropertyValueSpecification","valueRequired":true,"valueName":"search_term_string"}}],"inLanguage":"en-GB"},{"@type":"Organization","@id":"https:\/\/eskadalys.lt\/#organization","name":"Eska parts","url":"https:\/\/eskadalys.lt\/","logo":{"@type":"ImageObject","inLanguage":"en-GB","@id":"https:\/\/eskadalys.lt\/#\/schema\/logo\/image\/","url":"https:\/\/eskadalys.lt\/wp-content\/uploads\/2024\/01\/LOGO-ESKA-FINAL.svg","contentUrl":"https:\/\/eskadalys.lt\/wp-content\/uploads\/2024\/01\/LOGO-ESKA-FINAL.svg","width":259,"height":201,"caption":"Eska dalys"},"image":{"@id":"https:\/\/eskadalys.lt\/#\/schema\/logo\/image\/"},"sameAs":["https:\/\/www.facebook.com\/profile.php?id=61556005720456"]}]}},"_links":{"self":[{"href":"https:\/\/eskadalys.lt\/en\/wp-json\/wp\/v2\/product\/3200","targetHints":{"allow":["GET"]}}],"collection":[{"href":"https:\/\/eskadalys.lt\/en\/wp-json\/wp\/v2\/product"}],"about":[{"href":"https:\/\/eskadalys.lt\/en\/wp-json\/wp\/v2\/types\/product"}],"wp:featuredmedia":[{"embeddable":true,"href":"https:\/\/eskadalys.lt\/en\/wp-json\/wp\/v2\/media\/98717"}],"wp:attachment":[{"href":"https:\/\/eskadalys.lt\/en\/wp-json\/wp\/v2\/media?parent=3200"}],"wp:term":[{"taxonomy":"product_brand","embeddable":true,"href":"https:\/\/eskadalys.lt\/en\/wp-json\/wp\/v2\/product_brand?post=3200"},{"taxonomy":"product_cat","embeddable":true,"href":"https:\/\/eskadalys.lt\/en\/wp-json\/wp\/v2\/product_cat?post=3200"},{"taxonomy":"product_tag","embeddable":true,"href":"https:\/\/eskadalys.lt\/en\/wp-json\/wp\/v2\/product_tag?post=3200"}],"curies":[{"name":"wp","href":"https:\/\/api.w.org\/{rel}","templated":true}]}}