{"id":2886,"date":"2024-02-11T02:48:40","date_gmt":"2024-02-11T00:48:40","guid":{"rendered":"https:\/\/eskadalys.lt\/?post_type=product&#038;p=2886"},"modified":"2026-05-10T06:46:28","modified_gmt":"2026-05-10T03:46:28","slug":"stopper-oem-perkins","status":"publish","type":"product","link":"https:\/\/eskadalys.lt\/en\/product\/kamstis-oem-perkins\/","title":{"rendered":"Plug OEM PERKINS \u2013 1363608"},"content":{"rendered":"<p><strong>Plug OEM PERKINS \u2013 1363608<\/strong><br \/>\n<strong>Tinka:<\/strong> CAT, Backhoe loader, 414E, 416B, 416D, 420D, 424D, 428D, 436C, 438C, 442D, Crawler excavator, 312B, 312C, 312D, 313D, 320D, 323D, 330C, Telescopic handlers, TH62, TH63, TH82, TH83, TH103, TH210, TH215, TH220B, TH330B, TH350B, TH355B, TH560B<\/p>\n<p>136-3608<\/p>\n<h3>\ud83d\udd0d Looking for another product from category <a href=\"https:\/\/eskadalys.lt\/en\/product-category-en\/engine-parts\/tank-plugs\/\">Caps<\/a> ?<\/h3>\n<h3>\ud83d\udee0\ufe0f Construction equipment parts - you can find more of them <a href=\"https:\/\/eskadalys.lt\/en\/product-category-en\/engine-parts\/\">Engine parts<\/a> category.<\/h3>\n<p>If you are not sure if this part is suitable for your machine, <strong>please send us the serial number (VIN) of the machine before purchase<\/strong>. We will check compatibility using the catalogues and <strong>we will offer the right share<\/strong>. If you can't find the part you need, contact us - we'll help you find it!<\/p>\n<p><strong>\ud83d\udce6 Warehouse in Lithuania<\/strong> - Orders placed before 14:00 are dispatched the same day.<\/p>\n<p><strong>\ud83d\ude80 Fast delivery<\/strong> - We can deliver ordered items that are currently out of stock within 3-4 working days.<\/p>\n<p><strong>\ud83d\udcc8 Wide range<\/strong> - We are constantly expanding our product range.<\/p>","protected":false},"excerpt":{"rendered":"<p>1363608 OEM<\/p>","protected":false},"featured_media":0,"template":"","meta":{"site-sidebar-layout":"default","site-content-layout":"","ast-site-content-layout":"default","site-content-style":"default","site-sidebar-style":"default","ast-global-header-display":"","ast-banner-title-visibility":"","ast-main-header-display":"","ast-hfb-above-header-display":"","ast-hfb-below-header-display":"","ast-hfb-mobile-header-display":"","site-post-title":"","ast-breadcrumbs-content":"","ast-featured-img":"","footer-sml-layout":"","ast-disable-related-posts":"","theme-transparent-header-meta":"","adv-header-id-meta":"","stick-header-meta":"","header-above-stick-meta":"","header-main-stick-meta":"","header-below-stick-meta":"","astra-migrate-meta-layouts":"default","ast-page-background-enabled":"default","ast-page-background-meta":{"desktop":{"background-color":"","background-image":"","background-repeat":"repeat","background-position":"center center","background-size":"auto","background-attachment":"scroll","background-type":"","background-media":"","overlay-type":"","overlay-color":"","overlay-opacity":"","overlay-gradient":""},"tablet":{"background-color":"","background-image":"","background-repeat":"repeat","background-position":"center center","background-size":"auto","background-attachment":"scroll","background-type":"","background-media":"","overlay-type":"","overlay-color":"","overlay-opacity":"","overlay-gradient":""},"mobile":{"background-color":"","background-image":"","background-repeat":"repeat","background-position":"center center","background-size":"auto","background-attachment":"scroll","background-type":"","background-media":"","overlay-type":"","overlay-color":"","overlay-opacity":"","overlay-gradient":""}},"ast-content-background-meta":{"desktop":{"background-color":"var(--ast-global-color-5)","background-image":"","background-repeat":"repeat","background-position":"center center","background-size":"auto","background-attachment":"scroll","background-type":"","background-media":"","overlay-type":"","overlay-color":"","overlay-opacity":"","overlay-gradient":""},"tablet":{"background-color":"var(--ast-global-color-5)","background-image":"","background-repeat":"repeat","background-position":"center center","background-size":"auto","background-attachment":"scroll","background-type":"","background-media":"","overlay-type":"","overlay-color":"","overlay-opacity":"","overlay-gradient":""},"mobile":{"background-color":"var(--ast-global-color-5)","background-image":"","background-repeat":"repeat","background-position":"center center","background-size":"auto","background-attachment":"scroll","background-type":"","background-media":"","overlay-type":"","overlay-color":"","overlay-opacity":"","overlay-gradient":""}}},"product_brand":[],"product_cat":[774],"product_tag":[],"class_list":{"0":"post-2886","1":"product","2":"type-product","3":"status-publish","5":"product_cat-bako-kamsciai","6":"desktop-align-left","7":"tablet-align-left","8":"mobile-align-left","10":"first","11":"onbackorder","12":"taxable","13":"shipping-taxable","14":"purchasable","15":"product-type-simple"},"yoast_head":"<!-- This site is optimized with the Yoast SEO plugin v27.6 - https:\/\/yoast.com\/product\/yoast-seo-wordpress\/ -->\n<title>Kam\u0161tis OEM PERKINS - 1363608 | Gera kaina | Greitas pristatymas | Eska dalys<\/title>\n<meta name=\"description\" content=\"Kam\u0161tis OEM PERKINS - 1363608 Tinka: CAT, Ekskavatorius krautuvas, 414E, 416B, 416D, 420D, 424D, 428D, 436C, 438C, 442D, Vik\u0161rinis ekskavatorius, 312B, 312C, 312D, 313D, 320D, 323D, 330C, Teleskopiniai krautuvai, TH62, TH63, TH82, TH83, TH103, TH210, TH215, TH220B, TH330B, TH350B, TH355B, TH560B\" \/>\n<meta name=\"robots\" content=\"index, follow, max-snippet:-1, max-image-preview:large, max-video-preview:-1\" \/>\n<link rel=\"canonical\" href=\"https:\/\/eskadalys.lt\/en\/product-en\/stopper-oem-perkins\/\" \/>\n<meta property=\"og:locale\" content=\"en_GB\" \/>\n<meta property=\"og:type\" content=\"article\" \/>\n<meta property=\"og:title\" content=\"Kam\u0161tis OEM PERKINS - 1363608 | Gera kaina | Greitas pristatymas | Eska dalys\" \/>\n<meta property=\"og:description\" content=\"Kam\u0161tis OEM PERKINS - 1363608 Tinka: CAT, Ekskavatorius krautuvas, 414E, 416B, 416D, 420D, 424D, 428D, 436C, 438C, 442D, Vik\u0161rinis ekskavatorius, 312B, 312C, 312D, 313D, 320D, 323D, 330C, Teleskopiniai krautuvai, TH62, TH63, TH82, TH83, TH103, TH210, TH215, TH220B, TH330B, TH350B, TH355B, TH560B\" \/>\n<meta property=\"og:url\" content=\"https:\/\/eskadalys.lt\/en\/product-en\/stopper-oem-perkins\/\" \/>\n<meta property=\"og:site_name\" content=\"Eska dalys\" \/>\n<meta property=\"article:publisher\" content=\"https:\/\/www.facebook.com\/profile.php?id=61556005720456\" \/>\n<meta property=\"article:modified_time\" content=\"2026-05-10T03:46:28+00:00\" \/>\n<meta property=\"og:image\" content=\"https:\/\/eskadalys.lt\/wp-content\/uploads\/2024\/10\/Landing-Page-1.png\" \/>\n\t<meta property=\"og:image:width\" content=\"1280\" \/>\n\t<meta property=\"og:image:height\" content=\"720\" \/>\n\t<meta property=\"og:image:type\" content=\"image\/png\" \/>\n<script type=\"application\/ld+json\" class=\"yoast-schema-graph\">{\"@context\":\"https:\\\/\\\/schema.org\",\"@graph\":[{\"@type\":\"WebPage\",\"@id\":\"https:\\\/\\\/eskadalys.lt\\\/product\\\/kamstis-oem-perkins\\\/\",\"url\":\"https:\\\/\\\/eskadalys.lt\\\/product\\\/kamstis-oem-perkins\\\/\",\"name\":\"Kam\u0161tis OEM PERKINS - 1363608 | Gera kaina | Greitas pristatymas | Eska dalys\",\"isPartOf\":{\"@id\":\"https:\\\/\\\/eskadalys.lt\\\/#website\"},\"datePublished\":\"2024-02-11T00:48:40+00:00\",\"dateModified\":\"2026-05-10T03:46:28+00:00\",\"description\":\"Kam\u0161tis OEM PERKINS - 1363608 Tinka: CAT, Ekskavatorius krautuvas, 414E, 416B, 416D, 420D, 424D, 428D, 436C, 438C, 442D, Vik\u0161rinis ekskavatorius, 312B, 312C, 312D, 313D, 320D, 323D, 330C, Teleskopiniai krautuvai, TH62, TH63, TH82, TH83, TH103, TH210, TH215, TH220B, TH330B, TH350B, TH355B, TH560B\",\"breadcrumb\":{\"@id\":\"https:\\\/\\\/eskadalys.lt\\\/product\\\/kamstis-oem-perkins\\\/#breadcrumb\"},\"inLanguage\":\"en-GB\",\"potentialAction\":[{\"@type\":\"ReadAction\",\"target\":[\"https:\\\/\\\/eskadalys.lt\\\/product\\\/kamstis-oem-perkins\\\/\"]}]},{\"@type\":\"BreadcrumbList\",\"@id\":\"https:\\\/\\\/eskadalys.lt\\\/product\\\/kamstis-oem-perkins\\\/#breadcrumb\",\"itemListElement\":[{\"@type\":\"ListItem\",\"position\":1,\"name\":\"Strona g\u0142\u00f3wna\",\"item\":\"https:\\\/\\\/eskadalys.lt\\\/\"},{\"@type\":\"ListItem\",\"position\":2,\"name\":\"E-parduotuv\u0117\",\"item\":\"https:\\\/\\\/eskadalys.lt\\\/e-parduotuve\\\/\"},{\"@type\":\"ListItem\",\"position\":3,\"name\":\"Kam\u0161tis OEM PERKINS &#8211; 1363608\"}]},{\"@type\":\"WebSite\",\"@id\":\"https:\\\/\\\/eskadalys.lt\\\/#website\",\"url\":\"https:\\\/\\\/eskadalys.lt\\\/\",\"name\":\"Eska dalys\",\"description\":\"Ekskavatori\u0173 \\\/ mini ekskavatori\u0173 \\\/ buldozeri\u0173 dalys\",\"publisher\":{\"@id\":\"https:\\\/\\\/eskadalys.lt\\\/#organization\"},\"potentialAction\":[{\"@type\":\"SearchAction\",\"target\":{\"@type\":\"EntryPoint\",\"urlTemplate\":\"https:\\\/\\\/eskadalys.lt\\\/?s={search_term_string}\"},\"query-input\":{\"@type\":\"PropertyValueSpecification\",\"valueRequired\":true,\"valueName\":\"search_term_string\"}}],\"inLanguage\":\"en-GB\"},{\"@type\":\"Organization\",\"@id\":\"https:\\\/\\\/eskadalys.lt\\\/#organization\",\"name\":\"Eska dalys\",\"url\":\"https:\\\/\\\/eskadalys.lt\\\/\",\"logo\":{\"@type\":\"ImageObject\",\"inLanguage\":\"en-GB\",\"@id\":\"https:\\\/\\\/eskadalys.lt\\\/#\\\/schema\\\/logo\\\/image\\\/\",\"url\":\"https:\\\/\\\/eskadalys.lt\\\/wp-content\\\/uploads\\\/2024\\\/01\\\/LOGO-ESKA-FINAL.svg\",\"contentUrl\":\"https:\\\/\\\/eskadalys.lt\\\/wp-content\\\/uploads\\\/2024\\\/01\\\/LOGO-ESKA-FINAL.svg\",\"width\":259,\"height\":201,\"caption\":\"Eska dalys\"},\"image\":{\"@id\":\"https:\\\/\\\/eskadalys.lt\\\/#\\\/schema\\\/logo\\\/image\\\/\"},\"sameAs\":[\"https:\\\/\\\/www.facebook.com\\\/profile.php?id=61556005720456\"]}]}<\/script>\n<!-- \/ Yoast SEO plugin. -->","yoast_head_json":{"title":"Plug OEM PERKINS - 1363608 | Good price | Fast delivery | Eska parts","description":"Plug OEM PERKINS - 1363608 Fits: CAT, Backhoe loader, 414E, 416B, 416D, 420D, 424D, 428D, 436C, 438C, 442D, Crawler excavator, 312B, 312C, 312D, 313D, 320D, 323D, 330C, Telescopic handlers, TH62, TH63, TH82, TH83, TH103, TH210, TH215, TH220B, TH330B, TH350B, TH355B, TH560B","robots":{"index":"index","follow":"follow","max-snippet":"max-snippet:-1","max-image-preview":"max-image-preview:large","max-video-preview":"max-video-preview:-1"},"canonical":"https:\/\/eskadalys.lt\/en\/product-en\/stopper-oem-perkins\/","og_locale":"en_GB","og_type":"article","og_title":"Kam\u0161tis OEM PERKINS - 1363608 | Gera kaina | Greitas pristatymas | Eska dalys","og_description":"Kam\u0161tis OEM PERKINS - 1363608 Tinka: CAT, Ekskavatorius krautuvas, 414E, 416B, 416D, 420D, 424D, 428D, 436C, 438C, 442D, Vik\u0161rinis ekskavatorius, 312B, 312C, 312D, 313D, 320D, 323D, 330C, Teleskopiniai krautuvai, TH62, TH63, TH82, TH83, TH103, TH210, TH215, TH220B, TH330B, TH350B, TH355B, TH560B","og_url":"https:\/\/eskadalys.lt\/en\/product-en\/stopper-oem-perkins\/","og_site_name":"Eska dalys","article_publisher":"https:\/\/www.facebook.com\/profile.php?id=61556005720456","article_modified_time":"2026-05-10T03:46:28+00:00","og_image":[{"width":1280,"height":720,"url":"https:\/\/eskadalys.lt\/wp-content\/uploads\/2024\/10\/Landing-Page-1.png","type":"image\/png"}],"schema":{"@context":"https:\/\/schema.org","@graph":[{"@type":"WebPage","@id":"https:\/\/eskadalys.lt\/product\/kamstis-oem-perkins\/","url":"https:\/\/eskadalys.lt\/product\/kamstis-oem-perkins\/","name":"Plug OEM PERKINS - 1363608 | Good price | Fast delivery | Eska parts","isPartOf":{"@id":"https:\/\/eskadalys.lt\/#website"},"datePublished":"2024-02-11T00:48:40+00:00","dateModified":"2026-05-10T03:46:28+00:00","description":"Plug OEM PERKINS - 1363608 Fits: CAT, Backhoe loader, 414E, 416B, 416D, 420D, 424D, 428D, 436C, 438C, 442D, Crawler excavator, 312B, 312C, 312D, 313D, 320D, 323D, 330C, Telescopic handlers, TH62, TH63, TH82, TH83, TH103, TH210, TH215, TH220B, TH330B, TH350B, TH355B, TH560B","breadcrumb":{"@id":"https:\/\/eskadalys.lt\/product\/kamstis-oem-perkins\/#breadcrumb"},"inLanguage":"en-GB","potentialAction":[{"@type":"ReadAction","target":["https:\/\/eskadalys.lt\/product\/kamstis-oem-perkins\/"]}]},{"@type":"BreadcrumbList","@id":"https:\/\/eskadalys.lt\/product\/kamstis-oem-perkins\/#breadcrumb","itemListElement":[{"@type":"ListItem","position":1,"name":"Strona g\u0142\u00f3wna","item":"https:\/\/eskadalys.lt\/"},{"@type":"ListItem","position":2,"name":"E-parduotuv\u0117","item":"https:\/\/eskadalys.lt\/e-parduotuve\/"},{"@type":"ListItem","position":3,"name":"Kam\u0161tis OEM PERKINS &#8211; 1363608"}]},{"@type":"WebSite","@id":"https:\/\/eskadalys.lt\/#website","url":"https:\/\/eskadalys.lt\/","name":"Eska parts","description":"Parts for excavators \/ mini excavators \/ bulldozers","publisher":{"@id":"https:\/\/eskadalys.lt\/#organization"},"potentialAction":[{"@type":"SearchAction","target":{"@type":"EntryPoint","urlTemplate":"https:\/\/eskadalys.lt\/?s={search_term_string}"},"query-input":{"@type":"PropertyValueSpecification","valueRequired":true,"valueName":"search_term_string"}}],"inLanguage":"en-GB"},{"@type":"Organization","@id":"https:\/\/eskadalys.lt\/#organization","name":"Eska parts","url":"https:\/\/eskadalys.lt\/","logo":{"@type":"ImageObject","inLanguage":"en-GB","@id":"https:\/\/eskadalys.lt\/#\/schema\/logo\/image\/","url":"https:\/\/eskadalys.lt\/wp-content\/uploads\/2024\/01\/LOGO-ESKA-FINAL.svg","contentUrl":"https:\/\/eskadalys.lt\/wp-content\/uploads\/2024\/01\/LOGO-ESKA-FINAL.svg","width":259,"height":201,"caption":"Eska dalys"},"image":{"@id":"https:\/\/eskadalys.lt\/#\/schema\/logo\/image\/"},"sameAs":["https:\/\/www.facebook.com\/profile.php?id=61556005720456"]}]}},"_links":{"self":[{"href":"https:\/\/eskadalys.lt\/en\/wp-json\/wp\/v2\/product\/2886","targetHints":{"allow":["GET"]}}],"collection":[{"href":"https:\/\/eskadalys.lt\/en\/wp-json\/wp\/v2\/product"}],"about":[{"href":"https:\/\/eskadalys.lt\/en\/wp-json\/wp\/v2\/types\/product"}],"wp:attachment":[{"href":"https:\/\/eskadalys.lt\/en\/wp-json\/wp\/v2\/media?parent=2886"}],"wp:term":[{"taxonomy":"product_brand","embeddable":true,"href":"https:\/\/eskadalys.lt\/en\/wp-json\/wp\/v2\/product_brand?post=2886"},{"taxonomy":"product_cat","embeddable":true,"href":"https:\/\/eskadalys.lt\/en\/wp-json\/wp\/v2\/product_cat?post=2886"},{"taxonomy":"product_tag","embeddable":true,"href":"https:\/\/eskadalys.lt\/en\/wp-json\/wp\/v2\/product_tag?post=2886"}],"curies":[{"name":"wp","href":"https:\/\/api.w.org\/{rel}","templated":true}]}}