{"id":2370,"date":"2024-02-11T02:05:07","date_gmt":"2024-02-11T00:05:07","guid":{"rendered":"https:\/\/eskadalys.lt\/?post_type=product&#038;p=2370"},"modified":"2026-04-12T08:15:31","modified_gmt":"2026-04-12T05:15:31","slug":"ivory-228","status":"publish","type":"product","link":"https:\/\/eskadalys.lt\/en\/product\/ivore-228\/","title":{"rendered":"Bushing \u2013 1450164"},"content":{"rendered":"<p><strong>Bushing \u2013 1450164<\/strong><\/p>\n<p>Dimensions:<br \/>\nHeight: 31 mm,  <\/p>\n<p>CAT, Dump Truck, Asphalt Paver, AP-755, AP-900B, AP-1000B, AP-1000D, AP-1055B, AP-1055D, BG-240C, BG-260C, BG-260D, BG-2455C, BG-2455D, Backhoe Loader, 446D, Crawler Excavator, M320, M325B, 320B, 322B, 322C, 322N, 324D, 325, 325B, 325C, 325D, 326D, 328D, 329D, Wheeled Loader, IT24F, IT28G, IT38F, IT38G, IT62G, IT62H, Wheeled Motor Grader, 12K, 12M, 120H, 120K, 120K2, 135H, 140G, 140K, 140K2, 140M, 160K, Soil Roller\/Compactors, CB-634, CB-634C, CB-634D, CP-533, CP-533C, CP-533D, CP-563C, CP-563D, CS-531, CS-531C, CS-531D, CS-533, CS-533C, CS-533D, CS-563C, CS-563D, CS-573, CS-573C, CS-573D, CS-583, CS-583C, CS-583D, Pipelayer, 561M, 561N, Track loader, 953B, 953C, 963B, 963C, Bulldozer, 924F, 924G, 928G, 938F, 938G, 950F, 950G, 950H, 960F, 962G, 962H, 966F, Wheeled excavator, M325C, M320MH, 325BL, D6NLGP, D6NXL, 613C, 325L, 322L<br \/>\n<strong>OE numbers:<\/strong> 1450164, 31<br \/>\n145-0164<\/p>\n<h3>\ud83d\udd0d Looking for another product from category <a href=\"https:\/\/eskadalys.lt\/en\/product-category-en\/engine-parts\/pistons-and-liners\/\">Pistons and Liners<\/a> ?<\/h3>\n<h3>\ud83d\udee0\ufe0f CAT parts - more available <a href=\"https:\/\/eskadalys.lt\/en\/product-category-en\/engine-parts\/\">Engine parts<\/a> category.<\/h3>\n<p>If you are not sure if this part is suitable for your machine, <strong>please send us the serial number (VIN) of the machine before purchase<\/strong>. We will check compatibility using the catalogues and <strong>we will offer the right share<\/strong>. If you can't find the part you need, contact us - we'll help you find it!<\/p>\n<p><strong>\ud83d\udce6 Warehouse in Lithuania<\/strong> - Orders placed before 14:00 are dispatched the same day.<\/p>\n<p><strong>\ud83d\ude80 Fast delivery<\/strong> - We can deliver ordered items that are currently out of stock within 3-4 working days.<\/p>\n<p><strong>\ud83d\udcc8 Wide range<\/strong> - We are constantly expanding our product range.<\/p>","protected":false},"excerpt":{"rendered":"<p>1450164<\/p>","protected":false},"featured_media":96795,"template":"","meta":{"site-sidebar-layout":"default","site-content-layout":"","ast-site-content-layout":"default","site-content-style":"default","site-sidebar-style":"default","ast-global-header-display":"","ast-banner-title-visibility":"","ast-main-header-display":"","ast-hfb-above-header-display":"","ast-hfb-below-header-display":"","ast-hfb-mobile-header-display":"","site-post-title":"","ast-breadcrumbs-content":"","ast-featured-img":"","footer-sml-layout":"","ast-disable-related-posts":"","theme-transparent-header-meta":"","adv-header-id-meta":"","stick-header-meta":"","header-above-stick-meta":"","header-main-stick-meta":"","header-below-stick-meta":"","astra-migrate-meta-layouts":"default","ast-page-background-enabled":"default","ast-page-background-meta":{"desktop":{"background-color":"","background-image":"","background-repeat":"repeat","background-position":"center center","background-size":"auto","background-attachment":"scroll","background-type":"","background-media":"","overlay-type":"","overlay-color":"","overlay-opacity":"","overlay-gradient":""},"tablet":{"background-color":"","background-image":"","background-repeat":"repeat","background-position":"center center","background-size":"auto","background-attachment":"scroll","background-type":"","background-media":"","overlay-type":"","overlay-color":"","overlay-opacity":"","overlay-gradient":""},"mobile":{"background-color":"","background-image":"","background-repeat":"repeat","background-position":"center center","background-size":"auto","background-attachment":"scroll","background-type":"","background-media":"","overlay-type":"","overlay-color":"","overlay-opacity":"","overlay-gradient":""}},"ast-content-background-meta":{"desktop":{"background-color":"var(--ast-global-color-5)","background-image":"","background-repeat":"repeat","background-position":"center center","background-size":"auto","background-attachment":"scroll","background-type":"","background-media":"","overlay-type":"","overlay-color":"","overlay-opacity":"","overlay-gradient":""},"tablet":{"background-color":"var(--ast-global-color-5)","background-image":"","background-repeat":"repeat","background-position":"center center","background-size":"auto","background-attachment":"scroll","background-type":"","background-media":"","overlay-type":"","overlay-color":"","overlay-opacity":"","overlay-gradient":""},"mobile":{"background-color":"var(--ast-global-color-5)","background-image":"","background-repeat":"repeat","background-position":"center center","background-size":"auto","background-attachment":"scroll","background-type":"","background-media":"","overlay-type":"","overlay-color":"","overlay-opacity":"","overlay-gradient":""}}},"product_brand":[],"product_cat":[749],"product_tag":[],"class_list":{"0":"post-2370","1":"product","2":"type-product","3":"status-publish","4":"has-post-thumbnail","6":"product_cat-stumokliai-ir-gilzes","7":"desktop-align-left","8":"tablet-align-left","9":"mobile-align-left","11":"first","12":"onbackorder","13":"taxable","14":"shipping-taxable","15":"purchasable","16":"product-type-simple"},"yoast_head":"<!-- This site is optimized with the Yoast SEO plugin v27.4 - https:\/\/yoast.com\/product\/yoast-seo-wordpress\/ -->\n<title>\u012evor\u0117 - 1450164 | Gera kaina | Greitas pristatymas | Eska dalys<\/title>\n<meta name=\"description\" content=\"\u012evor\u0117 - 1450164 Matmenys: Auk\u0161tis: 31 mm, CAT, Savivartis, Asphalt Paver, AP-755, AP-900B, AP-1000B, AP-1000D, AP-1055B, AP-1055D, BG-240C, BG-260C, BG-260D, BG-2455C, BG-2455D, Ekskavatorius krautuvas, 446D, Vik\u0161rinis ekskavatorius, M320, M325B, 320B, 322B, 322C, 322N, 324D, 325, 325B, 325C, 325D, 326D, 328D, 329D, Frontalinis krautuvas, IT24F, IT28G, IT38F, IT38G, IT62G, IT62H, Wheeled Motor Grader, 12K, 12M, 120H, 120K, 120K2, 135H, 140G, 140K, 140K2, 140M, 160K, Grunto volas\/tankintuvai , CB-634, CB-634C, CB-634D, CP-533, CP-533C, CP-533D, CP-563C, CP-563D, CS-531, CS-531C, CS-531D, CS-533, CS-533C, CS-533D, CS-563C, CS-563D, CS-573, CS-573C, CS-573D, CS-583, CS-583C, CS-583D, Pipelayer, 561M, 561N, Vik\u0161rinis krautuvas, 953B, 953C, 963B, 963C, Buldozeris, 924F, 924G, 928G, 938F, 938G, 950F, 950G, 950H, 960F, 962G, 962H, 966F, Ratinis ekskavatorius, M325C , M320MH, 325BL, D6NLGP, D6NXL, 613C, 325L, 322L OE numeriai: 1450164, 31\" \/>\n<meta name=\"robots\" content=\"index, follow, max-snippet:-1, max-image-preview:large, max-video-preview:-1\" \/>\n<link rel=\"canonical\" href=\"https:\/\/eskadalys.lt\/en\/product-en\/ivory-228\/\" \/>\n<meta property=\"og:locale\" content=\"en_GB\" \/>\n<meta property=\"og:type\" content=\"article\" \/>\n<meta property=\"og:title\" content=\"\u012evor\u0117 - 1450164 | Gera kaina | Greitas pristatymas | Eska dalys\" \/>\n<meta property=\"og:description\" content=\"\u012evor\u0117 - 1450164 Matmenys: Auk\u0161tis: 31 mm, CAT, Savivartis, Asphalt Paver, AP-755, AP-900B, AP-1000B, AP-1000D, AP-1055B, AP-1055D, BG-240C, BG-260C, BG-260D, BG-2455C, BG-2455D, Ekskavatorius krautuvas, 446D, Vik\u0161rinis ekskavatorius, M320, M325B, 320B, 322B, 322C, 322N, 324D, 325, 325B, 325C, 325D, 326D, 328D, 329D, Frontalinis krautuvas, IT24F, IT28G, IT38F, IT38G, IT62G, IT62H, Wheeled Motor Grader, 12K, 12M, 120H, 120K, 120K2, 135H, 140G, 140K, 140K2, 140M, 160K, Grunto volas\/tankintuvai , CB-634, CB-634C, CB-634D, CP-533, CP-533C, CP-533D, CP-563C, CP-563D, CS-531, CS-531C, CS-531D, CS-533, CS-533C, CS-533D, CS-563C, CS-563D, CS-573, CS-573C, CS-573D, CS-583, CS-583C, CS-583D, Pipelayer, 561M, 561N, Vik\u0161rinis krautuvas, 953B, 953C, 963B, 963C, Buldozeris, 924F, 924G, 928G, 938F, 938G, 950F, 950G, 950H, 960F, 962G, 962H, 966F, Ratinis ekskavatorius, M325C , M320MH, 325BL, D6NLGP, D6NXL, 613C, 325L, 322L OE numeriai: 1450164, 31\" \/>\n<meta property=\"og:url\" content=\"https:\/\/eskadalys.lt\/en\/product-en\/ivory-228\/\" \/>\n<meta property=\"og:site_name\" content=\"Eska dalys\" \/>\n<meta property=\"article:publisher\" content=\"https:\/\/www.facebook.com\/profile.php?id=61556005720456\" \/>\n<meta property=\"article:modified_time\" content=\"2026-04-12T05:15:31+00:00\" \/>\n<meta property=\"og:image\" content=\"https:\/\/eskadalys.lt\/wp-content\/uploads\/2024\/02\/bushing-2-20240121-133302-scaled-1.jpg?v=1714940966\" \/>\n\t<meta property=\"og:image:width\" content=\"1600\" \/>\n\t<meta property=\"og:image:height\" content=\"975\" \/>\n\t<meta property=\"og:image:type\" content=\"image\/jpeg\" \/>\n<script type=\"application\/ld+json\" class=\"yoast-schema-graph\">{\"@context\":\"https:\\\/\\\/schema.org\",\"@graph\":[{\"@type\":\"WebPage\",\"@id\":\"https:\\\/\\\/eskadalys.lt\\\/product\\\/ivore-228\\\/\",\"url\":\"https:\\\/\\\/eskadalys.lt\\\/product\\\/ivore-228\\\/\",\"name\":\"\u012evor\u0117 - 1450164 | Gera kaina | Greitas pristatymas | Eska dalys\",\"isPartOf\":{\"@id\":\"https:\\\/\\\/eskadalys.lt\\\/#website\"},\"primaryImageOfPage\":{\"@id\":\"https:\\\/\\\/eskadalys.lt\\\/product\\\/ivore-228\\\/#primaryimage\"},\"image\":{\"@id\":\"https:\\\/\\\/eskadalys.lt\\\/product\\\/ivore-228\\\/#primaryimage\"},\"thumbnailUrl\":\"https:\\\/\\\/eskadalys.lt\\\/wp-content\\\/uploads\\\/2024\\\/02\\\/bushing-2-20240121-133302-scaled-1.jpg?v=1714940966\",\"datePublished\":\"2024-02-11T00:05:07+00:00\",\"dateModified\":\"2026-04-12T05:15:31+00:00\",\"description\":\"\u012evor\u0117 - 1450164 Matmenys: Auk\u0161tis: 31 mm, CAT, Savivartis, Asphalt Paver, AP-755, AP-900B, AP-1000B, AP-1000D, AP-1055B, AP-1055D, BG-240C, BG-260C, BG-260D, BG-2455C, BG-2455D, Ekskavatorius krautuvas, 446D, Vik\u0161rinis ekskavatorius, M320, M325B, 320B, 322B, 322C, 322N, 324D, 325, 325B, 325C, 325D, 326D, 328D, 329D, Frontalinis krautuvas, IT24F, IT28G, IT38F, IT38G, IT62G, IT62H, Wheeled Motor Grader, 12K, 12M, 120H, 120K, 120K2, 135H, 140G, 140K, 140K2, 140M, 160K, Grunto volas\\\/tankintuvai , CB-634, CB-634C, CB-634D, CP-533, CP-533C, CP-533D, CP-563C, CP-563D, CS-531, CS-531C, CS-531D, CS-533, CS-533C, CS-533D, CS-563C, CS-563D, CS-573, CS-573C, CS-573D, CS-583, CS-583C, CS-583D, Pipelayer, 561M, 561N, Vik\u0161rinis krautuvas, 953B, 953C, 963B, 963C, Buldozeris, 924F, 924G, 928G, 938F, 938G, 950F, 950G, 950H, 960F, 962G, 962H, 966F, Ratinis ekskavatorius, M325C , M320MH, 325BL, D6NLGP, D6NXL, 613C, 325L, 322L OE numeriai: 1450164, 31\",\"breadcrumb\":{\"@id\":\"https:\\\/\\\/eskadalys.lt\\\/product\\\/ivore-228\\\/#breadcrumb\"},\"inLanguage\":\"en-GB\",\"potentialAction\":[{\"@type\":\"ReadAction\",\"target\":[\"https:\\\/\\\/eskadalys.lt\\\/product\\\/ivore-228\\\/\"]}]},{\"@type\":\"ImageObject\",\"inLanguage\":\"en-GB\",\"@id\":\"https:\\\/\\\/eskadalys.lt\\\/product\\\/ivore-228\\\/#primaryimage\",\"url\":\"https:\\\/\\\/eskadalys.lt\\\/wp-content\\\/uploads\\\/2024\\\/02\\\/bushing-2-20240121-133302-scaled-1.jpg?v=1714940966\",\"contentUrl\":\"https:\\\/\\\/eskadalys.lt\\\/wp-content\\\/uploads\\\/2024\\\/02\\\/bushing-2-20240121-133302-scaled-1.jpg?v=1714940966\",\"width\":1600,\"height\":975},{\"@type\":\"BreadcrumbList\",\"@id\":\"https:\\\/\\\/eskadalys.lt\\\/product\\\/ivore-228\\\/#breadcrumb\",\"itemListElement\":[{\"@type\":\"ListItem\",\"position\":1,\"name\":\"Strona g\u0142\u00f3wna\",\"item\":\"https:\\\/\\\/eskadalys.lt\\\/\"},{\"@type\":\"ListItem\",\"position\":2,\"name\":\"E-parduotuv\u0117\",\"item\":\"https:\\\/\\\/eskadalys.lt\\\/e-parduotuve\\\/\"},{\"@type\":\"ListItem\",\"position\":3,\"name\":\"\u012evor\u0117 &#8211; 1450164\"}]},{\"@type\":\"WebSite\",\"@id\":\"https:\\\/\\\/eskadalys.lt\\\/#website\",\"url\":\"https:\\\/\\\/eskadalys.lt\\\/\",\"name\":\"Eska dalys\",\"description\":\"Ekskavatori\u0173 \\\/ mini ekskavatori\u0173 \\\/ buldozeri\u0173 dalys\",\"publisher\":{\"@id\":\"https:\\\/\\\/eskadalys.lt\\\/#organization\"},\"potentialAction\":[{\"@type\":\"SearchAction\",\"target\":{\"@type\":\"EntryPoint\",\"urlTemplate\":\"https:\\\/\\\/eskadalys.lt\\\/?s={search_term_string}\"},\"query-input\":{\"@type\":\"PropertyValueSpecification\",\"valueRequired\":true,\"valueName\":\"search_term_string\"}}],\"inLanguage\":\"en-GB\"},{\"@type\":\"Organization\",\"@id\":\"https:\\\/\\\/eskadalys.lt\\\/#organization\",\"name\":\"Eska dalys\",\"url\":\"https:\\\/\\\/eskadalys.lt\\\/\",\"logo\":{\"@type\":\"ImageObject\",\"inLanguage\":\"en-GB\",\"@id\":\"https:\\\/\\\/eskadalys.lt\\\/#\\\/schema\\\/logo\\\/image\\\/\",\"url\":\"https:\\\/\\\/eskadalys.lt\\\/wp-content\\\/uploads\\\/2024\\\/01\\\/LOGO-ESKA-FINAL.svg\",\"contentUrl\":\"https:\\\/\\\/eskadalys.lt\\\/wp-content\\\/uploads\\\/2024\\\/01\\\/LOGO-ESKA-FINAL.svg\",\"width\":259,\"height\":201,\"caption\":\"Eska dalys\"},\"image\":{\"@id\":\"https:\\\/\\\/eskadalys.lt\\\/#\\\/schema\\\/logo\\\/image\\\/\"},\"sameAs\":[\"https:\\\/\\\/www.facebook.com\\\/profile.php?id=61556005720456\"]}]}<\/script>\n<!-- \/ Yoast SEO plugin. -->","yoast_head_json":{"title":"\u012evor\u0117 - 1450164 | Gera kaina | Greitas pristatymas | Eska dalys","description":"Bushing - 1450164 Dimensions: Height: 31 mm, CAT, Dump Truck, Asphalt Paver, AP-755, AP-900B, AP-1000B, AP-1000D, AP-1055B, AP-1055D, BG-240C, BG-260C, BG-260D, BG-2455C, BG-2455D, Backhoe Loader, 446D, Crawler Excavator, M320, M325B, 320B, 322B, 322C, 322N, 324D, 325, 325B, 325C, 325D, 326D, 328D, 329D, Wheel Loader, IT24F, IT28G, IT38F, IT38G, IT62G, IT62H, Wheeled Motor Grader, 12K, 12M, 120H, 120K, 120K2, 135H, 140G, 140K, 140K2, 140M, 160K, Soil Roller\/Compactors, CB-634, CB-634C, CB-634D, CP-533, CP-533C, CP-533D, CP-563C, CP-563D, CS-531, CS-531C, CS-531D, CS-533, CS-533C, CS-533D, CS-563C, CS-563D, CS-573, CS-573C, CS-573D, CS-583, CS-583C, CS-583D, Pipelayer, 561M, 561N, Crawler loader, 953B, 953C, 963B, 963C, Bulldozer, 924F, 924G, 928G, 938F, 938G, 950F, 950G, 950H, 960F, 962G, 962H, 966F, Wheel excavator, M325C, M320MH, 325BL, D6NLGP, D6NXL, 613C, 325L, 322L OE numbers: 1450164, 31","robots":{"index":"index","follow":"follow","max-snippet":"max-snippet:-1","max-image-preview":"max-image-preview:large","max-video-preview":"max-video-preview:-1"},"canonical":"https:\/\/eskadalys.lt\/en\/product-en\/ivory-228\/","og_locale":"en_GB","og_type":"article","og_title":"\u012evor\u0117 - 1450164 | Gera kaina | Greitas pristatymas | Eska dalys","og_description":"\u012evor\u0117 - 1450164 Matmenys: Auk\u0161tis: 31 mm, CAT, Savivartis, Asphalt Paver, AP-755, AP-900B, AP-1000B, AP-1000D, AP-1055B, AP-1055D, BG-240C, BG-260C, BG-260D, BG-2455C, BG-2455D, Ekskavatorius krautuvas, 446D, Vik\u0161rinis ekskavatorius, M320, M325B, 320B, 322B, 322C, 322N, 324D, 325, 325B, 325C, 325D, 326D, 328D, 329D, Frontalinis krautuvas, IT24F, IT28G, IT38F, IT38G, IT62G, IT62H, Wheeled Motor Grader, 12K, 12M, 120H, 120K, 120K2, 135H, 140G, 140K, 140K2, 140M, 160K, Grunto volas\/tankintuvai , CB-634, CB-634C, CB-634D, CP-533, CP-533C, CP-533D, CP-563C, CP-563D, CS-531, CS-531C, CS-531D, CS-533, CS-533C, CS-533D, CS-563C, CS-563D, CS-573, CS-573C, CS-573D, CS-583, CS-583C, CS-583D, Pipelayer, 561M, 561N, Vik\u0161rinis krautuvas, 953B, 953C, 963B, 963C, Buldozeris, 924F, 924G, 928G, 938F, 938G, 950F, 950G, 950H, 960F, 962G, 962H, 966F, Ratinis ekskavatorius, M325C , M320MH, 325BL, D6NLGP, D6NXL, 613C, 325L, 322L OE numeriai: 1450164, 31","og_url":"https:\/\/eskadalys.lt\/en\/product-en\/ivory-228\/","og_site_name":"Eska dalys","article_publisher":"https:\/\/www.facebook.com\/profile.php?id=61556005720456","article_modified_time":"2026-04-12T05:15:31+00:00","og_image":[{"width":1600,"height":975,"url":"https:\/\/eskadalys.lt\/wp-content\/uploads\/2024\/02\/bushing-2-20240121-133302-scaled-1.jpg?v=1714940966","type":"image\/jpeg"}],"schema":{"@context":"https:\/\/schema.org","@graph":[{"@type":"WebPage","@id":"https:\/\/eskadalys.lt\/product\/ivore-228\/","url":"https:\/\/eskadalys.lt\/product\/ivore-228\/","name":"\u012evor\u0117 - 1450164 | Gera kaina | Greitas pristatymas | Eska dalys","isPartOf":{"@id":"https:\/\/eskadalys.lt\/#website"},"primaryImageOfPage":{"@id":"https:\/\/eskadalys.lt\/product\/ivore-228\/#primaryimage"},"image":{"@id":"https:\/\/eskadalys.lt\/product\/ivore-228\/#primaryimage"},"thumbnailUrl":"https:\/\/eskadalys.lt\/wp-content\/uploads\/2024\/02\/bushing-2-20240121-133302-scaled-1.jpg?v=1714940966","datePublished":"2024-02-11T00:05:07+00:00","dateModified":"2026-04-12T05:15:31+00:00","description":"Bushing - 1450164 Dimensions: Height: 31 mm, CAT, Dump Truck, Asphalt Paver, AP-755, AP-900B, AP-1000B, AP-1000D, AP-1055B, AP-1055D, BG-240C, BG-260C, BG-260D, BG-2455C, BG-2455D, Backhoe Loader, 446D, Crawler Excavator, M320, M325B, 320B, 322B, 322C, 322N, 324D, 325, 325B, 325C, 325D, 326D, 328D, 329D, Wheel Loader, IT24F, IT28G, IT38F, IT38G, IT62G, IT62H, Wheeled Motor Grader, 12K, 12M, 120H, 120K, 120K2, 135H, 140G, 140K, 140K2, 140M, 160K, Soil Roller\/Compactors, CB-634, CB-634C, CB-634D, CP-533, CP-533C, CP-533D, CP-563C, CP-563D, CS-531, CS-531C, CS-531D, CS-533, CS-533C, CS-533D, CS-563C, CS-563D, CS-573, CS-573C, CS-573D, CS-583, CS-583C, CS-583D, Pipelayer, 561M, 561N, Crawler loader, 953B, 953C, 963B, 963C, Bulldozer, 924F, 924G, 928G, 938F, 938G, 950F, 950G, 950H, 960F, 962G, 962H, 966F, Wheel excavator, M325C, M320MH, 325BL, D6NLGP, D6NXL, 613C, 325L, 322L OE numbers: 1450164, 31","breadcrumb":{"@id":"https:\/\/eskadalys.lt\/product\/ivore-228\/#breadcrumb"},"inLanguage":"en-GB","potentialAction":[{"@type":"ReadAction","target":["https:\/\/eskadalys.lt\/product\/ivore-228\/"]}]},{"@type":"ImageObject","inLanguage":"en-GB","@id":"https:\/\/eskadalys.lt\/product\/ivore-228\/#primaryimage","url":"https:\/\/eskadalys.lt\/wp-content\/uploads\/2024\/02\/bushing-2-20240121-133302-scaled-1.jpg?v=1714940966","contentUrl":"https:\/\/eskadalys.lt\/wp-content\/uploads\/2024\/02\/bushing-2-20240121-133302-scaled-1.jpg?v=1714940966","width":1600,"height":975},{"@type":"BreadcrumbList","@id":"https:\/\/eskadalys.lt\/product\/ivore-228\/#breadcrumb","itemListElement":[{"@type":"ListItem","position":1,"name":"Strona g\u0142\u00f3wna","item":"https:\/\/eskadalys.lt\/"},{"@type":"ListItem","position":2,"name":"E-parduotuv\u0117","item":"https:\/\/eskadalys.lt\/e-parduotuve\/"},{"@type":"ListItem","position":3,"name":"\u012evor\u0117 &#8211; 1450164"}]},{"@type":"WebSite","@id":"https:\/\/eskadalys.lt\/#website","url":"https:\/\/eskadalys.lt\/","name":"Eska parts","description":"Parts for excavators \/ mini excavators \/ bulldozers","publisher":{"@id":"https:\/\/eskadalys.lt\/#organization"},"potentialAction":[{"@type":"SearchAction","target":{"@type":"EntryPoint","urlTemplate":"https:\/\/eskadalys.lt\/?s={search_term_string}"},"query-input":{"@type":"PropertyValueSpecification","valueRequired":true,"valueName":"search_term_string"}}],"inLanguage":"en-GB"},{"@type":"Organization","@id":"https:\/\/eskadalys.lt\/#organization","name":"Eska parts","url":"https:\/\/eskadalys.lt\/","logo":{"@type":"ImageObject","inLanguage":"en-GB","@id":"https:\/\/eskadalys.lt\/#\/schema\/logo\/image\/","url":"https:\/\/eskadalys.lt\/wp-content\/uploads\/2024\/01\/LOGO-ESKA-FINAL.svg","contentUrl":"https:\/\/eskadalys.lt\/wp-content\/uploads\/2024\/01\/LOGO-ESKA-FINAL.svg","width":259,"height":201,"caption":"Eska dalys"},"image":{"@id":"https:\/\/eskadalys.lt\/#\/schema\/logo\/image\/"},"sameAs":["https:\/\/www.facebook.com\/profile.php?id=61556005720456"]}]}},"_links":{"self":[{"href":"https:\/\/eskadalys.lt\/en\/wp-json\/wp\/v2\/product\/2370","targetHints":{"allow":["GET"]}}],"collection":[{"href":"https:\/\/eskadalys.lt\/en\/wp-json\/wp\/v2\/product"}],"about":[{"href":"https:\/\/eskadalys.lt\/en\/wp-json\/wp\/v2\/types\/product"}],"wp:featuredmedia":[{"embeddable":true,"href":"https:\/\/eskadalys.lt\/en\/wp-json\/wp\/v2\/media\/96795"}],"wp:attachment":[{"href":"https:\/\/eskadalys.lt\/en\/wp-json\/wp\/v2\/media?parent=2370"}],"wp:term":[{"taxonomy":"product_brand","embeddable":true,"href":"https:\/\/eskadalys.lt\/en\/wp-json\/wp\/v2\/product_brand?post=2370"},{"taxonomy":"product_cat","embeddable":true,"href":"https:\/\/eskadalys.lt\/en\/wp-json\/wp\/v2\/product_cat?post=2370"},{"taxonomy":"product_tag","embeddable":true,"href":"https:\/\/eskadalys.lt\/en\/wp-json\/wp\/v2\/product_tag?post=2370"}],"curies":[{"name":"wp","href":"https:\/\/api.w.org\/{rel}","templated":true}]}}