{"id":1722,"date":"2024-02-11T01:20:17","date_gmt":"2024-02-10T23:20:17","guid":{"rendered":"https:\/\/eskadalys.lt\/?post_type=product&#038;p=1722"},"modified":"2026-04-22T16:29:02","modified_gmt":"2026-04-22T13:29:02","slug":"guolis-126","status":"publish","type":"product","link":"https:\/\/eskadalys.lt\/en\/product\/guolis-126\/","title":{"rendered":"Guolis &#8211; 2417340"},"content":{"rendered":"<p><strong>Guolis &#8211; 2417340<\/strong><br \/>\nDimensions:<br \/>\n Outer diameter: 116 mm,<br \/>\n Vidinis skersmuo:100 mm,<br \/>\nHeight: 110 mm,<br \/>\n Drill hole diameter: 6 mm,  <\/p>\n<p>Tinka: CAT, Vik\u0161rinis ekskavatorius, 330D, 336D, 336E, 340D, 345C, 345D, 349D<\/p>\n<p>241-7340<\/p>\n<p>If you are unsure or unable to verify whether a part is suitable for your vehicle, please contact us before purchasing. <strong>send us the vehicle serial number (VIN)<\/strong> and we will use the catalogs to check whether the part you have chosen is suitable for your vehicle\/<strong>we will offer the right share<\/strong>. If you can&#039;t find the part you&#039;re looking for, write to us and we&#039;ll offer you the part you need.<\/p>\n<p><strong>Local Warehouse<\/strong> \u2013 All in-stock items ordered before 2 p.m. will be shipped the same day.<br \/>\n<strong>Fast delivery<\/strong>\u2013 Pre-order items that we currently do not have in stock will be delivered within 3-4 business days.<br \/>\n<strong>Wide range<\/strong>\u2013 We are constantly expanding the selection of products in our warehouse.<\/p>","protected":false},"excerpt":{"rendered":"<p>2417340<\/p>","protected":false},"featured_media":95493,"template":"","meta":{"site-sidebar-layout":"default","site-content-layout":"","ast-site-content-layout":"default","site-content-style":"default","site-sidebar-style":"default","ast-global-header-display":"","ast-banner-title-visibility":"","ast-main-header-display":"","ast-hfb-above-header-display":"","ast-hfb-below-header-display":"","ast-hfb-mobile-header-display":"","site-post-title":"","ast-breadcrumbs-content":"","ast-featured-img":"","footer-sml-layout":"","ast-disable-related-posts":"","theme-transparent-header-meta":"","adv-header-id-meta":"","stick-header-meta":"","header-above-stick-meta":"","header-main-stick-meta":"","header-below-stick-meta":"","astra-migrate-meta-layouts":"default","ast-page-background-enabled":"default","ast-page-background-meta":{"desktop":{"background-color":"","background-image":"","background-repeat":"repeat","background-position":"center center","background-size":"auto","background-attachment":"scroll","background-type":"","background-media":"","overlay-type":"","overlay-color":"","overlay-opacity":"","overlay-gradient":""},"tablet":{"background-color":"","background-image":"","background-repeat":"repeat","background-position":"center center","background-size":"auto","background-attachment":"scroll","background-type":"","background-media":"","overlay-type":"","overlay-color":"","overlay-opacity":"","overlay-gradient":""},"mobile":{"background-color":"","background-image":"","background-repeat":"repeat","background-position":"center center","background-size":"auto","background-attachment":"scroll","background-type":"","background-media":"","overlay-type":"","overlay-color":"","overlay-opacity":"","overlay-gradient":""}},"ast-content-background-meta":{"desktop":{"background-color":"var(--ast-global-color-5)","background-image":"","background-repeat":"repeat","background-position":"center center","background-size":"auto","background-attachment":"scroll","background-type":"","background-media":"","overlay-type":"","overlay-color":"","overlay-opacity":"","overlay-gradient":""},"tablet":{"background-color":"var(--ast-global-color-5)","background-image":"","background-repeat":"repeat","background-position":"center center","background-size":"auto","background-attachment":"scroll","background-type":"","background-media":"","overlay-type":"","overlay-color":"","overlay-opacity":"","overlay-gradient":""},"mobile":{"background-color":"var(--ast-global-color-5)","background-image":"","background-repeat":"repeat","background-position":"center center","background-size":"auto","background-attachment":"scroll","background-type":"","background-media":"","overlay-type":"","overlay-color":"","overlay-opacity":"","overlay-gradient":""}}},"product_brand":[],"product_cat":[19485],"product_tag":[44087],"class_list":{"0":"post-1722","1":"product","2":"type-product","3":"status-publish","4":"has-post-thumbnail","6":"product_cat-kita","7":"product_tag-cat-viksrinis-ekskavatorius-330d-336d-336e-340d-345c-345d-349d","8":"desktop-align-left","9":"tablet-align-left","10":"mobile-align-left","12":"first","13":"onbackorder","14":"taxable","15":"shipping-taxable","16":"purchasable","17":"product-type-simple"},"yoast_head":"<!-- This site is optimized with the Yoast SEO plugin v27.5 - https:\/\/yoast.com\/product\/yoast-seo-wordpress\/ -->\n<title>Guolis - 2417340 | Gera kaina | Greitas pristatymas | Eska dalys<\/title>\n<meta name=\"description\" content=\"Guolis - 2417340 Matmenys: I\u0161orinis skersmuo: 116 mm, Vidinis skersmuo:100 mm, Auk\u0161tis: 110 mm, Gr\u0119\u017einio skersmuo: 6 mm, Tinka: CAT, Vik\u0161rinis ekskavatorius, 330D, 336D, 336E, 340D, 345C, 345D, 349D\" \/>\n<meta name=\"robots\" content=\"index, follow, max-snippet:-1, max-image-preview:large, max-video-preview:-1\" \/>\n<link rel=\"canonical\" href=\"https:\/\/eskadalys.lt\/en\/product-en\/guolis-126\/\" \/>\n<meta property=\"og:locale\" content=\"en_GB\" \/>\n<meta property=\"og:type\" content=\"article\" \/>\n<meta property=\"og:title\" content=\"Guolis - 2417340 | Gera kaina | Greitas pristatymas | Eska dalys\" \/>\n<meta property=\"og:description\" content=\"Guolis - 2417340 Matmenys: I\u0161orinis skersmuo: 116 mm, Vidinis skersmuo:100 mm, Auk\u0161tis: 110 mm, Gr\u0119\u017einio skersmuo: 6 mm, Tinka: CAT, Vik\u0161rinis ekskavatorius, 330D, 336D, 336E, 340D, 345C, 345D, 349D\" \/>\n<meta property=\"og:url\" content=\"https:\/\/eskadalys.lt\/en\/product-en\/guolis-126\/\" \/>\n<meta property=\"og:site_name\" content=\"Eska dalys\" \/>\n<meta property=\"article:publisher\" content=\"https:\/\/www.facebook.com\/profile.php?id=61556005720456\" \/>\n<meta property=\"article:modified_time\" content=\"2026-04-22T13:29:02+00:00\" \/>\n<meta property=\"og:image\" content=\"https:\/\/eskadalys.lt\/wp-content\/uploads\/2024\/02\/TULEJA-4-20240121-125128-scaled-1.jpg?v=1714946669\" \/>\n\t<meta property=\"og:image:width\" content=\"1600\" \/>\n\t<meta property=\"og:image:height\" content=\"1736\" \/>\n\t<meta property=\"og:image:type\" content=\"image\/jpeg\" \/>\n<script type=\"application\/ld+json\" class=\"yoast-schema-graph\">{\"@context\":\"https:\\\/\\\/schema.org\",\"@graph\":[{\"@type\":\"WebPage\",\"@id\":\"https:\\\/\\\/eskadalys.lt\\\/product\\\/guolis-126\\\/\",\"url\":\"https:\\\/\\\/eskadalys.lt\\\/product\\\/guolis-126\\\/\",\"name\":\"Guolis - 2417340 | Gera kaina | Greitas pristatymas | Eska dalys\",\"isPartOf\":{\"@id\":\"https:\\\/\\\/eskadalys.lt\\\/#website\"},\"primaryImageOfPage\":{\"@id\":\"https:\\\/\\\/eskadalys.lt\\\/product\\\/guolis-126\\\/#primaryimage\"},\"image\":{\"@id\":\"https:\\\/\\\/eskadalys.lt\\\/product\\\/guolis-126\\\/#primaryimage\"},\"thumbnailUrl\":\"https:\\\/\\\/eskadalys.lt\\\/wp-content\\\/uploads\\\/2024\\\/02\\\/TULEJA-4-20240121-125128-scaled-1.jpg?v=1714946669\",\"datePublished\":\"2024-02-10T23:20:17+00:00\",\"dateModified\":\"2026-04-22T13:29:02+00:00\",\"description\":\"Guolis - 2417340 Matmenys: I\u0161orinis skersmuo: 116 mm, Vidinis skersmuo:100 mm, Auk\u0161tis: 110 mm, Gr\u0119\u017einio skersmuo: 6 mm, Tinka: CAT, Vik\u0161rinis ekskavatorius, 330D, 336D, 336E, 340D, 345C, 345D, 349D\",\"breadcrumb\":{\"@id\":\"https:\\\/\\\/eskadalys.lt\\\/product\\\/guolis-126\\\/#breadcrumb\"},\"inLanguage\":\"en-GB\",\"potentialAction\":[{\"@type\":\"ReadAction\",\"target\":[\"https:\\\/\\\/eskadalys.lt\\\/product\\\/guolis-126\\\/\"]}]},{\"@type\":\"ImageObject\",\"inLanguage\":\"en-GB\",\"@id\":\"https:\\\/\\\/eskadalys.lt\\\/product\\\/guolis-126\\\/#primaryimage\",\"url\":\"https:\\\/\\\/eskadalys.lt\\\/wp-content\\\/uploads\\\/2024\\\/02\\\/TULEJA-4-20240121-125128-scaled-1.jpg?v=1714946669\",\"contentUrl\":\"https:\\\/\\\/eskadalys.lt\\\/wp-content\\\/uploads\\\/2024\\\/02\\\/TULEJA-4-20240121-125128-scaled-1.jpg?v=1714946669\",\"width\":1600,\"height\":1736},{\"@type\":\"BreadcrumbList\",\"@id\":\"https:\\\/\\\/eskadalys.lt\\\/product\\\/guolis-126\\\/#breadcrumb\",\"itemListElement\":[{\"@type\":\"ListItem\",\"position\":1,\"name\":\"Strona g\u0142\u00f3wna\",\"item\":\"https:\\\/\\\/eskadalys.lt\\\/\"},{\"@type\":\"ListItem\",\"position\":2,\"name\":\"E-parduotuv\u0117\",\"item\":\"https:\\\/\\\/eskadalys.lt\\\/e-parduotuve\\\/\"},{\"@type\":\"ListItem\",\"position\":3,\"name\":\"Guolis &#8211; 2417340\"}]},{\"@type\":\"WebSite\",\"@id\":\"https:\\\/\\\/eskadalys.lt\\\/#website\",\"url\":\"https:\\\/\\\/eskadalys.lt\\\/\",\"name\":\"Eska dalys\",\"description\":\"Ekskavatori\u0173 \\\/ mini ekskavatori\u0173 \\\/ buldozeri\u0173 dalys\",\"publisher\":{\"@id\":\"https:\\\/\\\/eskadalys.lt\\\/#organization\"},\"potentialAction\":[{\"@type\":\"SearchAction\",\"target\":{\"@type\":\"EntryPoint\",\"urlTemplate\":\"https:\\\/\\\/eskadalys.lt\\\/?s={search_term_string}\"},\"query-input\":{\"@type\":\"PropertyValueSpecification\",\"valueRequired\":true,\"valueName\":\"search_term_string\"}}],\"inLanguage\":\"en-GB\"},{\"@type\":\"Organization\",\"@id\":\"https:\\\/\\\/eskadalys.lt\\\/#organization\",\"name\":\"Eska dalys\",\"url\":\"https:\\\/\\\/eskadalys.lt\\\/\",\"logo\":{\"@type\":\"ImageObject\",\"inLanguage\":\"en-GB\",\"@id\":\"https:\\\/\\\/eskadalys.lt\\\/#\\\/schema\\\/logo\\\/image\\\/\",\"url\":\"https:\\\/\\\/eskadalys.lt\\\/wp-content\\\/uploads\\\/2024\\\/01\\\/LOGO-ESKA-FINAL.svg\",\"contentUrl\":\"https:\\\/\\\/eskadalys.lt\\\/wp-content\\\/uploads\\\/2024\\\/01\\\/LOGO-ESKA-FINAL.svg\",\"width\":259,\"height\":201,\"caption\":\"Eska dalys\"},\"image\":{\"@id\":\"https:\\\/\\\/eskadalys.lt\\\/#\\\/schema\\\/logo\\\/image\\\/\"},\"sameAs\":[\"https:\\\/\\\/www.facebook.com\\\/profile.php?id=61556005720456\"]}]}<\/script>\n<!-- \/ Yoast SEO plugin. -->","yoast_head_json":{"title":"Guolis - 2417340 | Gera kaina | Greitas pristatymas | Eska dalys","description":"Guolis - 2417340 Matmenys: I\u0161orinis skersmuo: 116 mm, Vidinis skersmuo:100 mm, Auk\u0161tis: 110 mm, Gr\u0119\u017einio skersmuo: 6 mm, Tinka: CAT, Vik\u0161rinis ekskavatorius, 330D, 336D, 336E, 340D, 345C, 345D, 349D","robots":{"index":"index","follow":"follow","max-snippet":"max-snippet:-1","max-image-preview":"max-image-preview:large","max-video-preview":"max-video-preview:-1"},"canonical":"https:\/\/eskadalys.lt\/en\/product-en\/guolis-126\/","og_locale":"en_GB","og_type":"article","og_title":"Guolis - 2417340 | Gera kaina | Greitas pristatymas | Eska dalys","og_description":"Guolis - 2417340 Matmenys: I\u0161orinis skersmuo: 116 mm, Vidinis skersmuo:100 mm, Auk\u0161tis: 110 mm, Gr\u0119\u017einio skersmuo: 6 mm, Tinka: CAT, Vik\u0161rinis ekskavatorius, 330D, 336D, 336E, 340D, 345C, 345D, 349D","og_url":"https:\/\/eskadalys.lt\/en\/product-en\/guolis-126\/","og_site_name":"Eska dalys","article_publisher":"https:\/\/www.facebook.com\/profile.php?id=61556005720456","article_modified_time":"2026-04-22T13:29:02+00:00","og_image":[{"width":1600,"height":1736,"url":"https:\/\/eskadalys.lt\/wp-content\/uploads\/2024\/02\/TULEJA-4-20240121-125128-scaled-1.jpg?v=1714946669","type":"image\/jpeg"}],"schema":{"@context":"https:\/\/schema.org","@graph":[{"@type":"WebPage","@id":"https:\/\/eskadalys.lt\/product\/guolis-126\/","url":"https:\/\/eskadalys.lt\/product\/guolis-126\/","name":"Guolis - 2417340 | Gera kaina | Greitas pristatymas | Eska dalys","isPartOf":{"@id":"https:\/\/eskadalys.lt\/#website"},"primaryImageOfPage":{"@id":"https:\/\/eskadalys.lt\/product\/guolis-126\/#primaryimage"},"image":{"@id":"https:\/\/eskadalys.lt\/product\/guolis-126\/#primaryimage"},"thumbnailUrl":"https:\/\/eskadalys.lt\/wp-content\/uploads\/2024\/02\/TULEJA-4-20240121-125128-scaled-1.jpg?v=1714946669","datePublished":"2024-02-10T23:20:17+00:00","dateModified":"2026-04-22T13:29:02+00:00","description":"Guolis - 2417340 Matmenys: I\u0161orinis skersmuo: 116 mm, Vidinis skersmuo:100 mm, Auk\u0161tis: 110 mm, Gr\u0119\u017einio skersmuo: 6 mm, Tinka: CAT, Vik\u0161rinis ekskavatorius, 330D, 336D, 336E, 340D, 345C, 345D, 349D","breadcrumb":{"@id":"https:\/\/eskadalys.lt\/product\/guolis-126\/#breadcrumb"},"inLanguage":"en-GB","potentialAction":[{"@type":"ReadAction","target":["https:\/\/eskadalys.lt\/product\/guolis-126\/"]}]},{"@type":"ImageObject","inLanguage":"en-GB","@id":"https:\/\/eskadalys.lt\/product\/guolis-126\/#primaryimage","url":"https:\/\/eskadalys.lt\/wp-content\/uploads\/2024\/02\/TULEJA-4-20240121-125128-scaled-1.jpg?v=1714946669","contentUrl":"https:\/\/eskadalys.lt\/wp-content\/uploads\/2024\/02\/TULEJA-4-20240121-125128-scaled-1.jpg?v=1714946669","width":1600,"height":1736},{"@type":"BreadcrumbList","@id":"https:\/\/eskadalys.lt\/product\/guolis-126\/#breadcrumb","itemListElement":[{"@type":"ListItem","position":1,"name":"Strona g\u0142\u00f3wna","item":"https:\/\/eskadalys.lt\/"},{"@type":"ListItem","position":2,"name":"E-parduotuv\u0117","item":"https:\/\/eskadalys.lt\/e-parduotuve\/"},{"@type":"ListItem","position":3,"name":"Guolis &#8211; 2417340"}]},{"@type":"WebSite","@id":"https:\/\/eskadalys.lt\/#website","url":"https:\/\/eskadalys.lt\/","name":"Eska parts","description":"Parts for excavators \/ mini excavators \/ bulldozers","publisher":{"@id":"https:\/\/eskadalys.lt\/#organization"},"potentialAction":[{"@type":"SearchAction","target":{"@type":"EntryPoint","urlTemplate":"https:\/\/eskadalys.lt\/?s={search_term_string}"},"query-input":{"@type":"PropertyValueSpecification","valueRequired":true,"valueName":"search_term_string"}}],"inLanguage":"en-GB"},{"@type":"Organization","@id":"https:\/\/eskadalys.lt\/#organization","name":"Eska parts","url":"https:\/\/eskadalys.lt\/","logo":{"@type":"ImageObject","inLanguage":"en-GB","@id":"https:\/\/eskadalys.lt\/#\/schema\/logo\/image\/","url":"https:\/\/eskadalys.lt\/wp-content\/uploads\/2024\/01\/LOGO-ESKA-FINAL.svg","contentUrl":"https:\/\/eskadalys.lt\/wp-content\/uploads\/2024\/01\/LOGO-ESKA-FINAL.svg","width":259,"height":201,"caption":"Eska dalys"},"image":{"@id":"https:\/\/eskadalys.lt\/#\/schema\/logo\/image\/"},"sameAs":["https:\/\/www.facebook.com\/profile.php?id=61556005720456"]}]}},"_links":{"self":[{"href":"https:\/\/eskadalys.lt\/en\/wp-json\/wp\/v2\/product\/1722","targetHints":{"allow":["GET"]}}],"collection":[{"href":"https:\/\/eskadalys.lt\/en\/wp-json\/wp\/v2\/product"}],"about":[{"href":"https:\/\/eskadalys.lt\/en\/wp-json\/wp\/v2\/types\/product"}],"wp:featuredmedia":[{"embeddable":true,"href":"https:\/\/eskadalys.lt\/en\/wp-json\/wp\/v2\/media\/95493"}],"wp:attachment":[{"href":"https:\/\/eskadalys.lt\/en\/wp-json\/wp\/v2\/media?parent=1722"}],"wp:term":[{"taxonomy":"product_brand","embeddable":true,"href":"https:\/\/eskadalys.lt\/en\/wp-json\/wp\/v2\/product_brand?post=1722"},{"taxonomy":"product_cat","embeddable":true,"href":"https:\/\/eskadalys.lt\/en\/wp-json\/wp\/v2\/product_cat?post=1722"},{"taxonomy":"product_tag","embeddable":true,"href":"https:\/\/eskadalys.lt\/en\/wp-json\/wp\/v2\/product_tag?post=1722"}],"curies":[{"name":"wp","href":"https:\/\/api.w.org\/{rel}","templated":true}]}}