{"id":1325,"date":"2024-02-11T00:51:52","date_gmt":"2024-02-10T22:51:52","guid":{"rendered":"https:\/\/eskadalys.lt\/?post_type=product&#038;p=1325"},"modified":"2026-05-10T06:44:31","modified_gmt":"2026-05-10T03:44:31","slug":"ivory-111","status":"publish","type":"product","link":"https:\/\/eskadalys.lt\/en\/product\/ivore-111\/","title":{"rendered":"Bushing \u2013 2136702"},"content":{"rendered":"<p><strong>Bushing \u2013 2136702<\/strong><br \/>\nDimensions:<br \/>\n Outer diameter: 64 mm,<br \/>\n Inner diameter: 50 mm,<br \/>\nHeight \u2013 43 mm,  <\/p>\n<p><strong>Tinka:<\/strong> CAT, Backhoe loader, 416E, 416F, 420E, 420F, 428E, 428F, 430E, 430F, 432E, 432F, 434E, 442E, 444E, 444F, 434F, 415F2, 428F2, 444F2, 432F2, 432F2, 422F2, 420F2, 430F2<br \/>\n<strong>OE numbers:<\/strong> 64x50x43<br \/>\n213-6702 50x64x43<\/p>\n<h3>\ud83d\udd0d Looking for another product from category <a href=\"https:\/\/eskadalys.lt\/en\/product-category-en\/pins-bushings-bearings\/bushings\/\">Bushings<\/a> ?<\/h3>\n<h3>\ud83d\udee0\ufe0f CAT parts - more available <a href=\"https:\/\/eskadalys.lt\/en\/product-category-en\/pins-bushings-bearings\/\">Pins \/ Bushings \/ Bearings<\/a> category.<\/h3>\n<p>If you are not sure if this part is suitable for your machine, <strong>please send us the serial number (VIN) of the machine before purchase<\/strong>. We will check compatibility using the catalogues and <strong>we will offer the right share<\/strong>. If you can't find the part you need, contact us - we'll help you find it!<\/p>\n<p><strong>\ud83d\udce6 Warehouse in Lithuania<\/strong> - Orders placed before 14:00 are dispatched the same day.<\/p>\n<p><strong>\ud83d\ude80 Fast delivery<\/strong> - We can deliver ordered items that are currently out of stock within 3-4 working days.<\/p>\n<p><strong>\ud83d\udcc8 Wide range<\/strong> - We are constantly expanding our product range.<\/p>","protected":false},"excerpt":{"rendered":"<p>2136702<\/p>","protected":false},"featured_media":94547,"template":"","meta":{"site-sidebar-layout":"default","site-content-layout":"","ast-site-content-layout":"default","site-content-style":"default","site-sidebar-style":"default","ast-global-header-display":"","ast-banner-title-visibility":"","ast-main-header-display":"","ast-hfb-above-header-display":"","ast-hfb-below-header-display":"","ast-hfb-mobile-header-display":"","site-post-title":"","ast-breadcrumbs-content":"","ast-featured-img":"","footer-sml-layout":"","ast-disable-related-posts":"","theme-transparent-header-meta":"","adv-header-id-meta":"","stick-header-meta":"","header-above-stick-meta":"","header-main-stick-meta":"","header-below-stick-meta":"","astra-migrate-meta-layouts":"default","ast-page-background-enabled":"default","ast-page-background-meta":{"desktop":{"background-color":"","background-image":"","background-repeat":"repeat","background-position":"center center","background-size":"auto","background-attachment":"scroll","background-type":"","background-media":"","overlay-type":"","overlay-color":"","overlay-opacity":"","overlay-gradient":""},"tablet":{"background-color":"","background-image":"","background-repeat":"repeat","background-position":"center center","background-size":"auto","background-attachment":"scroll","background-type":"","background-media":"","overlay-type":"","overlay-color":"","overlay-opacity":"","overlay-gradient":""},"mobile":{"background-color":"","background-image":"","background-repeat":"repeat","background-position":"center center","background-size":"auto","background-attachment":"scroll","background-type":"","background-media":"","overlay-type":"","overlay-color":"","overlay-opacity":"","overlay-gradient":""}},"ast-content-background-meta":{"desktop":{"background-color":"var(--ast-global-color-5)","background-image":"","background-repeat":"repeat","background-position":"center center","background-size":"auto","background-attachment":"scroll","background-type":"","background-media":"","overlay-type":"","overlay-color":"","overlay-opacity":"","overlay-gradient":""},"tablet":{"background-color":"var(--ast-global-color-5)","background-image":"","background-repeat":"repeat","background-position":"center center","background-size":"auto","background-attachment":"scroll","background-type":"","background-media":"","overlay-type":"","overlay-color":"","overlay-opacity":"","overlay-gradient":""},"mobile":{"background-color":"var(--ast-global-color-5)","background-image":"","background-repeat":"repeat","background-position":"center center","background-size":"auto","background-attachment":"scroll","background-type":"","background-media":"","overlay-type":"","overlay-color":"","overlay-opacity":"","overlay-gradient":""}}},"product_brand":[],"product_cat":[768,50684],"product_tag":[43807],"class_list":{"0":"post-1325","1":"product","2":"type-product","3":"status-publish","4":"has-post-thumbnail","6":"product_cat-ivores","7":"product_cat-ivores-pagal-ismatavimus","8":"product_tag-cat-ekskavatorius-krautuvas-416e-416f-420e-420f-428e-428f-430e-430f-432e-432f-434e-442e-444e-444f-434f-415f2-428f2-444f2-432f2-432f2-422f2-420f2-430f2-64x50x43","9":"desktop-align-left","10":"tablet-align-left","11":"mobile-align-left","13":"first","14":"instock","15":"taxable","16":"shipping-taxable","17":"purchasable","18":"product-type-simple"},"yoast_head":"<!-- This site is optimized with the Yoast SEO plugin v27.6 - https:\/\/yoast.com\/product\/yoast-seo-wordpress\/ -->\n<title>\u012evor\u0117 - 2136702 | Gera kaina | Greitas pristatymas | Eska dalys<\/title>\n<meta name=\"description\" content=\"\u012evor\u0117 - 2136702 Matmenys: I\u0161orinis skersmuo:64 mm, Vidinis skersmuo: 50 mm, Auk\u0161tis - 43 mm, Tinka: CAT, Ekskavatorius krautuvas, 416E, 416F, 420E, 420F, 428E, 428F, 430E, 430F, 432E, 432F, 434E, 442E, 444E, 444F, 434F, 415F2, 428F2, 444F2, 432F2, 432F2, 422F2, 420F2, 430F2 OE numeriai: 64x50x43\" \/>\n<meta name=\"robots\" content=\"index, follow, max-snippet:-1, max-image-preview:large, max-video-preview:-1\" \/>\n<link rel=\"canonical\" href=\"https:\/\/eskadalys.lt\/en\/product-en\/ivory-111\/\" \/>\n<meta property=\"og:locale\" content=\"en_GB\" \/>\n<meta property=\"og:type\" content=\"article\" \/>\n<meta property=\"og:title\" content=\"\u012evor\u0117 - 2136702 | Gera kaina | Greitas pristatymas | Eska dalys\" \/>\n<meta property=\"og:description\" content=\"\u012evor\u0117 - 2136702 Matmenys: I\u0161orinis skersmuo:64 mm, Vidinis skersmuo: 50 mm, Auk\u0161tis - 43 mm, Tinka: CAT, Ekskavatorius krautuvas, 416E, 416F, 420E, 420F, 428E, 428F, 430E, 430F, 432E, 432F, 434E, 442E, 444E, 444F, 434F, 415F2, 428F2, 444F2, 432F2, 432F2, 422F2, 420F2, 430F2 OE numeriai: 64x50x43\" \/>\n<meta property=\"og:url\" content=\"https:\/\/eskadalys.lt\/en\/product-en\/ivory-111\/\" \/>\n<meta property=\"og:site_name\" content=\"Eska dalys\" \/>\n<meta property=\"article:publisher\" content=\"https:\/\/www.facebook.com\/profile.php?id=61556005720456\" \/>\n<meta property=\"article:modified_time\" content=\"2026-05-10T03:44:31+00:00\" \/>\n<meta property=\"og:image\" content=\"https:\/\/eskadalys.lt\/wp-content\/uploads\/2024\/02\/bushing-2-20240121-122240-scaled-1.jpg?v=1714948749\" \/>\n\t<meta property=\"og:image:width\" content=\"1600\" \/>\n\t<meta property=\"og:image:height\" content=\"1324\" \/>\n\t<meta property=\"og:image:type\" content=\"image\/jpeg\" \/>\n<script type=\"application\/ld+json\" class=\"yoast-schema-graph\">{\"@context\":\"https:\\\/\\\/schema.org\",\"@graph\":[{\"@type\":\"WebPage\",\"@id\":\"https:\\\/\\\/eskadalys.lt\\\/product\\\/ivore-111\\\/\",\"url\":\"https:\\\/\\\/eskadalys.lt\\\/product\\\/ivore-111\\\/\",\"name\":\"\u012evor\u0117 - 2136702 | Gera kaina | Greitas pristatymas | Eska dalys\",\"isPartOf\":{\"@id\":\"https:\\\/\\\/eskadalys.lt\\\/#website\"},\"primaryImageOfPage\":{\"@id\":\"https:\\\/\\\/eskadalys.lt\\\/product\\\/ivore-111\\\/#primaryimage\"},\"image\":{\"@id\":\"https:\\\/\\\/eskadalys.lt\\\/product\\\/ivore-111\\\/#primaryimage\"},\"thumbnailUrl\":\"https:\\\/\\\/eskadalys.lt\\\/wp-content\\\/uploads\\\/2024\\\/02\\\/bushing-2-20240121-122240-scaled-1.jpg?v=1714948749\",\"datePublished\":\"2024-02-10T22:51:52+00:00\",\"dateModified\":\"2026-05-10T03:44:31+00:00\",\"description\":\"\u012evor\u0117 - 2136702 Matmenys: I\u0161orinis skersmuo:64 mm, Vidinis skersmuo: 50 mm, Auk\u0161tis - 43 mm, Tinka: CAT, Ekskavatorius krautuvas, 416E, 416F, 420E, 420F, 428E, 428F, 430E, 430F, 432E, 432F, 434E, 442E, 444E, 444F, 434F, 415F2, 428F2, 444F2, 432F2, 432F2, 422F2, 420F2, 430F2 OE numeriai: 64x50x43\",\"breadcrumb\":{\"@id\":\"https:\\\/\\\/eskadalys.lt\\\/product\\\/ivore-111\\\/#breadcrumb\"},\"inLanguage\":\"en-GB\",\"potentialAction\":[{\"@type\":\"ReadAction\",\"target\":[\"https:\\\/\\\/eskadalys.lt\\\/product\\\/ivore-111\\\/\"]}]},{\"@type\":\"ImageObject\",\"inLanguage\":\"en-GB\",\"@id\":\"https:\\\/\\\/eskadalys.lt\\\/product\\\/ivore-111\\\/#primaryimage\",\"url\":\"https:\\\/\\\/eskadalys.lt\\\/wp-content\\\/uploads\\\/2024\\\/02\\\/bushing-2-20240121-122240-scaled-1.jpg?v=1714948749\",\"contentUrl\":\"https:\\\/\\\/eskadalys.lt\\\/wp-content\\\/uploads\\\/2024\\\/02\\\/bushing-2-20240121-122240-scaled-1.jpg?v=1714948749\",\"width\":1600,\"height\":1324},{\"@type\":\"BreadcrumbList\",\"@id\":\"https:\\\/\\\/eskadalys.lt\\\/product\\\/ivore-111\\\/#breadcrumb\",\"itemListElement\":[{\"@type\":\"ListItem\",\"position\":1,\"name\":\"Strona g\u0142\u00f3wna\",\"item\":\"https:\\\/\\\/eskadalys.lt\\\/\"},{\"@type\":\"ListItem\",\"position\":2,\"name\":\"E-parduotuv\u0117\",\"item\":\"https:\\\/\\\/eskadalys.lt\\\/e-parduotuve\\\/\"},{\"@type\":\"ListItem\",\"position\":3,\"name\":\"\u012evor\u0117 &#8211; 2136702\"}]},{\"@type\":\"WebSite\",\"@id\":\"https:\\\/\\\/eskadalys.lt\\\/#website\",\"url\":\"https:\\\/\\\/eskadalys.lt\\\/\",\"name\":\"Eska dalys\",\"description\":\"Ekskavatori\u0173 \\\/ mini ekskavatori\u0173 \\\/ buldozeri\u0173 dalys\",\"publisher\":{\"@id\":\"https:\\\/\\\/eskadalys.lt\\\/#organization\"},\"potentialAction\":[{\"@type\":\"SearchAction\",\"target\":{\"@type\":\"EntryPoint\",\"urlTemplate\":\"https:\\\/\\\/eskadalys.lt\\\/?s={search_term_string}\"},\"query-input\":{\"@type\":\"PropertyValueSpecification\",\"valueRequired\":true,\"valueName\":\"search_term_string\"}}],\"inLanguage\":\"en-GB\"},{\"@type\":\"Organization\",\"@id\":\"https:\\\/\\\/eskadalys.lt\\\/#organization\",\"name\":\"Eska dalys\",\"url\":\"https:\\\/\\\/eskadalys.lt\\\/\",\"logo\":{\"@type\":\"ImageObject\",\"inLanguage\":\"en-GB\",\"@id\":\"https:\\\/\\\/eskadalys.lt\\\/#\\\/schema\\\/logo\\\/image\\\/\",\"url\":\"https:\\\/\\\/eskadalys.lt\\\/wp-content\\\/uploads\\\/2024\\\/01\\\/LOGO-ESKA-FINAL.svg\",\"contentUrl\":\"https:\\\/\\\/eskadalys.lt\\\/wp-content\\\/uploads\\\/2024\\\/01\\\/LOGO-ESKA-FINAL.svg\",\"width\":259,\"height\":201,\"caption\":\"Eska dalys\"},\"image\":{\"@id\":\"https:\\\/\\\/eskadalys.lt\\\/#\\\/schema\\\/logo\\\/image\\\/\"},\"sameAs\":[\"https:\\\/\\\/www.facebook.com\\\/profile.php?id=61556005720456\"]}]}<\/script>\n<!-- \/ Yoast SEO plugin. -->","yoast_head_json":{"title":"Bushing - 2136702 | Good price | Fast delivery | Eska parts","description":"Bushing - 2136702 Dimensions: Outer diameter: 64 mm, Inner diameter: 50 mm, Height - 43 mm, Fits: CAT, Backhoe loader, 416E, 416F, 420E, 420F, 428E, 428F, 430E, 430F, 432E, 432F, 434E, 442E, 444E, 444F, 434F, 415F2, 428F2, 444F2, 432F2, 432F2, 422F2, 420F2, 430F2 OE numbers: 64x50x43","robots":{"index":"index","follow":"follow","max-snippet":"max-snippet:-1","max-image-preview":"max-image-preview:large","max-video-preview":"max-video-preview:-1"},"canonical":"https:\/\/eskadalys.lt\/en\/product-en\/ivory-111\/","og_locale":"en_GB","og_type":"article","og_title":"\u012evor\u0117 - 2136702 | Gera kaina | Greitas pristatymas | Eska dalys","og_description":"\u012evor\u0117 - 2136702 Matmenys: I\u0161orinis skersmuo:64 mm, Vidinis skersmuo: 50 mm, Auk\u0161tis - 43 mm, Tinka: CAT, Ekskavatorius krautuvas, 416E, 416F, 420E, 420F, 428E, 428F, 430E, 430F, 432E, 432F, 434E, 442E, 444E, 444F, 434F, 415F2, 428F2, 444F2, 432F2, 432F2, 422F2, 420F2, 430F2 OE numeriai: 64x50x43","og_url":"https:\/\/eskadalys.lt\/en\/product-en\/ivory-111\/","og_site_name":"Eska dalys","article_publisher":"https:\/\/www.facebook.com\/profile.php?id=61556005720456","article_modified_time":"2026-05-10T03:44:31+00:00","og_image":[{"width":1600,"height":1324,"url":"https:\/\/eskadalys.lt\/wp-content\/uploads\/2024\/02\/bushing-2-20240121-122240-scaled-1.jpg?v=1714948749","type":"image\/jpeg"}],"schema":{"@context":"https:\/\/schema.org","@graph":[{"@type":"WebPage","@id":"https:\/\/eskadalys.lt\/product\/ivore-111\/","url":"https:\/\/eskadalys.lt\/product\/ivore-111\/","name":"Bushing - 2136702 | Good price | Fast delivery | Eska parts","isPartOf":{"@id":"https:\/\/eskadalys.lt\/#website"},"primaryImageOfPage":{"@id":"https:\/\/eskadalys.lt\/product\/ivore-111\/#primaryimage"},"image":{"@id":"https:\/\/eskadalys.lt\/product\/ivore-111\/#primaryimage"},"thumbnailUrl":"https:\/\/eskadalys.lt\/wp-content\/uploads\/2024\/02\/bushing-2-20240121-122240-scaled-1.jpg?v=1714948749","datePublished":"2024-02-10T22:51:52+00:00","dateModified":"2026-05-10T03:44:31+00:00","description":"Bushing - 2136702 Dimensions: Outer diameter: 64 mm, Inner diameter: 50 mm, Height - 43 mm, Fits: CAT, Backhoe loader, 416E, 416F, 420E, 420F, 428E, 428F, 430E, 430F, 432E, 432F, 434E, 442E, 444E, 444F, 434F, 415F2, 428F2, 444F2, 432F2, 432F2, 422F2, 420F2, 430F2 OE numbers: 64x50x43","breadcrumb":{"@id":"https:\/\/eskadalys.lt\/product\/ivore-111\/#breadcrumb"},"inLanguage":"en-GB","potentialAction":[{"@type":"ReadAction","target":["https:\/\/eskadalys.lt\/product\/ivore-111\/"]}]},{"@type":"ImageObject","inLanguage":"en-GB","@id":"https:\/\/eskadalys.lt\/product\/ivore-111\/#primaryimage","url":"https:\/\/eskadalys.lt\/wp-content\/uploads\/2024\/02\/bushing-2-20240121-122240-scaled-1.jpg?v=1714948749","contentUrl":"https:\/\/eskadalys.lt\/wp-content\/uploads\/2024\/02\/bushing-2-20240121-122240-scaled-1.jpg?v=1714948749","width":1600,"height":1324},{"@type":"BreadcrumbList","@id":"https:\/\/eskadalys.lt\/product\/ivore-111\/#breadcrumb","itemListElement":[{"@type":"ListItem","position":1,"name":"Strona g\u0142\u00f3wna","item":"https:\/\/eskadalys.lt\/"},{"@type":"ListItem","position":2,"name":"E-parduotuv\u0117","item":"https:\/\/eskadalys.lt\/e-parduotuve\/"},{"@type":"ListItem","position":3,"name":"\u012evor\u0117 &#8211; 2136702"}]},{"@type":"WebSite","@id":"https:\/\/eskadalys.lt\/#website","url":"https:\/\/eskadalys.lt\/","name":"Eska parts","description":"Parts for excavators \/ mini excavators \/ bulldozers","publisher":{"@id":"https:\/\/eskadalys.lt\/#organization"},"potentialAction":[{"@type":"SearchAction","target":{"@type":"EntryPoint","urlTemplate":"https:\/\/eskadalys.lt\/?s={search_term_string}"},"query-input":{"@type":"PropertyValueSpecification","valueRequired":true,"valueName":"search_term_string"}}],"inLanguage":"en-GB"},{"@type":"Organization","@id":"https:\/\/eskadalys.lt\/#organization","name":"Eska parts","url":"https:\/\/eskadalys.lt\/","logo":{"@type":"ImageObject","inLanguage":"en-GB","@id":"https:\/\/eskadalys.lt\/#\/schema\/logo\/image\/","url":"https:\/\/eskadalys.lt\/wp-content\/uploads\/2024\/01\/LOGO-ESKA-FINAL.svg","contentUrl":"https:\/\/eskadalys.lt\/wp-content\/uploads\/2024\/01\/LOGO-ESKA-FINAL.svg","width":259,"height":201,"caption":"Eska dalys"},"image":{"@id":"https:\/\/eskadalys.lt\/#\/schema\/logo\/image\/"},"sameAs":["https:\/\/www.facebook.com\/profile.php?id=61556005720456"]}]}},"_links":{"self":[{"href":"https:\/\/eskadalys.lt\/en\/wp-json\/wp\/v2\/product\/1325","targetHints":{"allow":["GET"]}}],"collection":[{"href":"https:\/\/eskadalys.lt\/en\/wp-json\/wp\/v2\/product"}],"about":[{"href":"https:\/\/eskadalys.lt\/en\/wp-json\/wp\/v2\/types\/product"}],"wp:featuredmedia":[{"embeddable":true,"href":"https:\/\/eskadalys.lt\/en\/wp-json\/wp\/v2\/media\/94547"}],"wp:attachment":[{"href":"https:\/\/eskadalys.lt\/en\/wp-json\/wp\/v2\/media?parent=1325"}],"wp:term":[{"taxonomy":"product_brand","embeddable":true,"href":"https:\/\/eskadalys.lt\/en\/wp-json\/wp\/v2\/product_brand?post=1325"},{"taxonomy":"product_cat","embeddable":true,"href":"https:\/\/eskadalys.lt\/en\/wp-json\/wp\/v2\/product_cat?post=1325"},{"taxonomy":"product_tag","embeddable":true,"href":"https:\/\/eskadalys.lt\/en\/wp-json\/wp\/v2\/product_tag?post=1325"}],"curies":[{"name":"wp","href":"https:\/\/api.w.org\/{rel}","templated":true}]}}