{"id":8321,"date":"2024-02-11T10:06:12","date_gmt":"2024-02-11T08:06:12","guid":{"rendered":"https:\/\/eskadalys.lt\/?post_type=product&#038;p=8321"},"modified":"2026-03-26T09:59:40","modified_gmt":"2026-03-26T07:59:40","slug":"sensor-34","status":"publish","type":"product","link":"https:\/\/eskadalys.lt\/de\/product\/daviklis-34\/","title":{"rendered":"Sensor \u2013 20820494"},"content":{"rendered":"<p><strong>Sensor \u2013 20820494<\/strong><br \/>\n<strong>Geeignet f\u00fcr:<\/strong> VOLVO, Bagger, EC140C, EC140D, EC160C, EC210C, EC220D, EC240B, EC240C, EC300, EC300D, EW140C, EW140D, EW145B, EW160C, EW160D, EW180C, EW180D, Radlader, L60E, L60F, L60G, L70E, L70F, L90F, L105, L110E, L110F, L120E, L120F, L45G, L50G, EC160D, EC180D <\/p>\n<p>VOE20820494<\/p>\n<h3>\ud83d\udd0d Auf der Suche nach einem anderen Produkt aus der Kategorie <a href=\"https:\/\/eskadalys.lt\/de\/produktkategorie-de\/elektrische-bauteile\/naherungssensoren\/\">N\u00e4herungssensoren<\/a> ?<\/h3>\n<h3>\ud83d\udee0\ufe0f VOLVO-Teile \u2013 hier finden Sie mehr davon <a href=\"https:\/\/eskadalys.lt\/de\/produktkategorie-de\/elektrische-bauteile\/\">Elektrische Komponenten<\/a> in der Kategorie.<\/h3>\n<p>Wenn Sie sich nicht sicher sind, ob dieses Teil zu Ihrer Maschine passt, <strong>Bitte senden Sie uns vor dem Kauf die Fahrzeugseriennummer (VIN).<\/strong>. Wir werden die Kompatibilit\u00e4t anhand der Kataloge \u00fcberpr\u00fcfen und <strong>Wir werden Ihnen das passende Teil anbieten.<\/strong>. Falls Sie das ben\u00f6tigte Ersatzteil nicht finden k\u00f6nnen, schreiben Sie uns \u2013 wir helfen Ihnen gerne bei der Suche!<\/p>\n<p><strong>\ud83d\udce6 Lager in Litauen<\/strong> \u2013 Bestellungen, die vor 14:00 Uhr eingehen, werden noch am selben Tag versandt.<\/p>\n<p><strong>\ud83d\ude80 Schnelle Lieferung<\/strong> \u2013 Bestellte Waren, die wir derzeit nicht auf Lager haben, werden innerhalb von 3-4 Werktagen geliefert.<\/p>\n<p><strong>\ud83d\udcc8 Gro\u00dfe Auswahl<\/strong> \u2013 Wir erweitern st\u00e4ndig unser Produktsortiment.<\/p>","protected":false},"excerpt":{"rendered":"<p>20820494<\/p>","protected":false},"featured_media":109525,"template":"","meta":{"site-sidebar-layout":"default","site-content-layout":"","ast-site-content-layout":"default","site-content-style":"default","site-sidebar-style":"default","ast-global-header-display":"","ast-banner-title-visibility":"","ast-main-header-display":"","ast-hfb-above-header-display":"","ast-hfb-below-header-display":"","ast-hfb-mobile-header-display":"","site-post-title":"","ast-breadcrumbs-content":"","ast-featured-img":"","footer-sml-layout":"","ast-disable-related-posts":"","theme-transparent-header-meta":"","adv-header-id-meta":"","stick-header-meta":"","header-above-stick-meta":"","header-main-stick-meta":"","header-below-stick-meta":"","astra-migrate-meta-layouts":"default","ast-page-background-enabled":"default","ast-page-background-meta":{"desktop":{"background-color":"","background-image":"","background-repeat":"repeat","background-position":"center center","background-size":"auto","background-attachment":"scroll","background-type":"","background-media":"","overlay-type":"","overlay-color":"","overlay-opacity":"","overlay-gradient":""},"tablet":{"background-color":"","background-image":"","background-repeat":"repeat","background-position":"center center","background-size":"auto","background-attachment":"scroll","background-type":"","background-media":"","overlay-type":"","overlay-color":"","overlay-opacity":"","overlay-gradient":""},"mobile":{"background-color":"","background-image":"","background-repeat":"repeat","background-position":"center center","background-size":"auto","background-attachment":"scroll","background-type":"","background-media":"","overlay-type":"","overlay-color":"","overlay-opacity":"","overlay-gradient":""}},"ast-content-background-meta":{"desktop":{"background-color":"var(--ast-global-color-5)","background-image":"","background-repeat":"repeat","background-position":"center center","background-size":"auto","background-attachment":"scroll","background-type":"","background-media":"","overlay-type":"","overlay-color":"","overlay-opacity":"","overlay-gradient":""},"tablet":{"background-color":"var(--ast-global-color-5)","background-image":"","background-repeat":"repeat","background-position":"center center","background-size":"auto","background-attachment":"scroll","background-type":"","background-media":"","overlay-type":"","overlay-color":"","overlay-opacity":"","overlay-gradient":""},"mobile":{"background-color":"var(--ast-global-color-5)","background-image":"","background-repeat":"repeat","background-position":"center center","background-size":"auto","background-attachment":"scroll","background-type":"","background-media":"","overlay-type":"","overlay-color":"","overlay-opacity":"","overlay-gradient":""}}},"product_brand":[],"product_cat":[824],"product_tag":[],"class_list":{"0":"post-8321","1":"product","2":"type-product","3":"status-publish","4":"has-post-thumbnail","6":"product_cat-artumo-davikliai","7":"desktop-align-left","8":"tablet-align-left","9":"mobile-align-left","11":"first","12":"outofstock","13":"taxable","14":"shipping-taxable","15":"purchasable","16":"product-type-simple"},"yoast_head":"<!-- This site is optimized with the Yoast SEO plugin v27.3 - https:\/\/yoast.com\/product\/yoast-seo-wordpress\/ -->\n<title>Daviklis - 20820494 | Gera kaina | Greitas pristatymas | Eska dalys<\/title>\n<meta name=\"description\" content=\"Daviklis - 20820494 Tinka: VOLVO, Ekskavatorius, EC140C, EC140D, EC160C, EC210C, EC220D, EC240B, EC240C, EC300, EC300D, EW140C, EW140D, EW145B, EW160C, EW160D, EW180C, EW180D, Frontalinis krautuvas, L60E, L60F, L60G, L70E, L70F, L90F, L105, L110E, L110F, L120E, L120F, L45G, L50G, EC160D, EC180D\" \/>\n<meta name=\"robots\" content=\"index, follow, max-snippet:-1, max-image-preview:large, max-video-preview:-1\" \/>\n<link rel=\"canonical\" href=\"https:\/\/eskadalys.lt\/de\/produkt-de\/sensor-34\/\" \/>\n<meta property=\"og:locale\" content=\"de_DE\" \/>\n<meta property=\"og:type\" content=\"article\" \/>\n<meta property=\"og:title\" content=\"Daviklis - 20820494 | Gera kaina | Greitas pristatymas | Eska dalys\" \/>\n<meta property=\"og:description\" content=\"Daviklis - 20820494 Tinka: VOLVO, Ekskavatorius, EC140C, EC140D, EC160C, EC210C, EC220D, EC240B, EC240C, EC300, EC300D, EW140C, EW140D, EW145B, EW160C, EW160D, EW180C, EW180D, Frontalinis krautuvas, L60E, L60F, L60G, L70E, L70F, L90F, L105, L110E, L110F, L120E, L120F, L45G, L50G, EC160D, EC180D\" \/>\n<meta property=\"og:url\" content=\"https:\/\/eskadalys.lt\/de\/produkt-de\/sensor-34\/\" \/>\n<meta property=\"og:site_name\" content=\"Eska dalys\" \/>\n<meta property=\"article:publisher\" content=\"https:\/\/www.facebook.com\/profile.php?id=61556005720456\" \/>\n<meta property=\"article:modified_time\" content=\"2026-03-26T07:59:40+00:00\" \/>\n<meta property=\"og:image\" content=\"https:\/\/eskadalys.lt\/wp-content\/uploads\/2024\/02\/sensor-4-20240121-205245-scaled-1.jpg?v=1714904545\" \/>\n\t<meta property=\"og:image:width\" content=\"1600\" \/>\n\t<meta property=\"og:image:height\" content=\"1481\" \/>\n\t<meta property=\"og:image:type\" content=\"image\/jpeg\" \/>\n<script type=\"application\/ld+json\" class=\"yoast-schema-graph\">{\"@context\":\"https:\\\/\\\/schema.org\",\"@graph\":[{\"@type\":\"WebPage\",\"@id\":\"https:\\\/\\\/eskadalys.lt\\\/product\\\/daviklis-34\\\/\",\"url\":\"https:\\\/\\\/eskadalys.lt\\\/product\\\/daviklis-34\\\/\",\"name\":\"Daviklis - 20820494 | Gera kaina | Greitas pristatymas | Eska dalys\",\"isPartOf\":{\"@id\":\"https:\\\/\\\/eskadalys.lt\\\/#website\"},\"primaryImageOfPage\":{\"@id\":\"https:\\\/\\\/eskadalys.lt\\\/product\\\/daviklis-34\\\/#primaryimage\"},\"image\":{\"@id\":\"https:\\\/\\\/eskadalys.lt\\\/product\\\/daviklis-34\\\/#primaryimage\"},\"thumbnailUrl\":\"https:\\\/\\\/eskadalys.lt\\\/wp-content\\\/uploads\\\/2024\\\/02\\\/sensor-4-20240121-205245-scaled-1.jpg?v=1714904545\",\"datePublished\":\"2024-02-11T08:06:12+00:00\",\"dateModified\":\"2026-03-26T07:59:40+00:00\",\"description\":\"Daviklis - 20820494 Tinka: VOLVO, Ekskavatorius, EC140C, EC140D, EC160C, EC210C, EC220D, EC240B, EC240C, EC300, EC300D, EW140C, EW140D, EW145B, EW160C, EW160D, EW180C, EW180D, Frontalinis krautuvas, L60E, L60F, L60G, L70E, L70F, L90F, L105, L110E, L110F, L120E, L120F, L45G, L50G, EC160D, EC180D\",\"breadcrumb\":{\"@id\":\"https:\\\/\\\/eskadalys.lt\\\/product\\\/daviklis-34\\\/#breadcrumb\"},\"inLanguage\":\"de\",\"potentialAction\":[{\"@type\":\"ReadAction\",\"target\":[\"https:\\\/\\\/eskadalys.lt\\\/product\\\/daviklis-34\\\/\"]}]},{\"@type\":\"ImageObject\",\"inLanguage\":\"de\",\"@id\":\"https:\\\/\\\/eskadalys.lt\\\/product\\\/daviklis-34\\\/#primaryimage\",\"url\":\"https:\\\/\\\/eskadalys.lt\\\/wp-content\\\/uploads\\\/2024\\\/02\\\/sensor-4-20240121-205245-scaled-1.jpg?v=1714904545\",\"contentUrl\":\"https:\\\/\\\/eskadalys.lt\\\/wp-content\\\/uploads\\\/2024\\\/02\\\/sensor-4-20240121-205245-scaled-1.jpg?v=1714904545\",\"width\":1600,\"height\":1481},{\"@type\":\"BreadcrumbList\",\"@id\":\"https:\\\/\\\/eskadalys.lt\\\/product\\\/daviklis-34\\\/#breadcrumb\",\"itemListElement\":[{\"@type\":\"ListItem\",\"position\":1,\"name\":\"Strona g\u0142\u00f3wna\",\"item\":\"https:\\\/\\\/eskadalys.lt\\\/\"},{\"@type\":\"ListItem\",\"position\":2,\"name\":\"E-parduotuv\u0117\",\"item\":\"https:\\\/\\\/eskadalys.lt\\\/e-parduotuve\\\/\"},{\"@type\":\"ListItem\",\"position\":3,\"name\":\"Daviklis &#8211; 20820494\"}]},{\"@type\":\"WebSite\",\"@id\":\"https:\\\/\\\/eskadalys.lt\\\/#website\",\"url\":\"https:\\\/\\\/eskadalys.lt\\\/\",\"name\":\"Eska dalys\",\"description\":\"Ekskavatori\u0173 \\\/ mini ekskavatori\u0173 \\\/ buldozeri\u0173 dalys\",\"publisher\":{\"@id\":\"https:\\\/\\\/eskadalys.lt\\\/#organization\"},\"potentialAction\":[{\"@type\":\"SearchAction\",\"target\":{\"@type\":\"EntryPoint\",\"urlTemplate\":\"https:\\\/\\\/eskadalys.lt\\\/?s={search_term_string}\"},\"query-input\":{\"@type\":\"PropertyValueSpecification\",\"valueRequired\":true,\"valueName\":\"search_term_string\"}}],\"inLanguage\":\"de\"},{\"@type\":\"Organization\",\"@id\":\"https:\\\/\\\/eskadalys.lt\\\/#organization\",\"name\":\"Eska dalys\",\"url\":\"https:\\\/\\\/eskadalys.lt\\\/\",\"logo\":{\"@type\":\"ImageObject\",\"inLanguage\":\"de\",\"@id\":\"https:\\\/\\\/eskadalys.lt\\\/#\\\/schema\\\/logo\\\/image\\\/\",\"url\":\"https:\\\/\\\/eskadalys.lt\\\/wp-content\\\/uploads\\\/2024\\\/01\\\/LOGO-ESKA-FINAL.svg\",\"contentUrl\":\"https:\\\/\\\/eskadalys.lt\\\/wp-content\\\/uploads\\\/2024\\\/01\\\/LOGO-ESKA-FINAL.svg\",\"width\":259,\"height\":201,\"caption\":\"Eska dalys\"},\"image\":{\"@id\":\"https:\\\/\\\/eskadalys.lt\\\/#\\\/schema\\\/logo\\\/image\\\/\"},\"sameAs\":[\"https:\\\/\\\/www.facebook.com\\\/profile.php?id=61556005720456\"]}]}<\/script>\n<!-- \/ Yoast SEO plugin. -->","yoast_head_json":{"title":"Sensor \u2013 20820494 | G\u00fcnstiger Preis | Schnelle Lieferung | Eska-Ersatzteile","description":"Sensor \u2013 20820494 Passend f\u00fcr: VOLVO, Bagger, EC140C, EC140D, EC160C, EC210C, EC220D, EC240B, EC240C, EC300, EC300D, EW140C, EW140D, EW145B, EW160C, EW160D, EW180C, EW180D, Radlader, L60E, L60F, L60G, L70E, L70F, L90F, L105, L110E, L110F, L120E, L120F, L45G, L50G, EC160D, EC180D","robots":{"index":"index","follow":"follow","max-snippet":"max-snippet:-1","max-image-preview":"max-image-preview:large","max-video-preview":"max-video-preview:-1"},"canonical":"https:\/\/eskadalys.lt\/de\/produkt-de\/sensor-34\/","og_locale":"de_DE","og_type":"article","og_title":"Daviklis - 20820494 | Gera kaina | Greitas pristatymas | Eska dalys","og_description":"Daviklis - 20820494 Tinka: VOLVO, Ekskavatorius, EC140C, EC140D, EC160C, EC210C, EC220D, EC240B, EC240C, EC300, EC300D, EW140C, EW140D, EW145B, EW160C, EW160D, EW180C, EW180D, Frontalinis krautuvas, L60E, L60F, L60G, L70E, L70F, L90F, L105, L110E, L110F, L120E, L120F, L45G, L50G, EC160D, EC180D","og_url":"https:\/\/eskadalys.lt\/de\/produkt-de\/sensor-34\/","og_site_name":"Eska dalys","article_publisher":"https:\/\/www.facebook.com\/profile.php?id=61556005720456","article_modified_time":"2026-03-26T07:59:40+00:00","og_image":[{"width":1600,"height":1481,"url":"https:\/\/eskadalys.lt\/wp-content\/uploads\/2024\/02\/sensor-4-20240121-205245-scaled-1.jpg?v=1714904545","type":"image\/jpeg"}],"schema":{"@context":"https:\/\/schema.org","@graph":[{"@type":"WebPage","@id":"https:\/\/eskadalys.lt\/product\/daviklis-34\/","url":"https:\/\/eskadalys.lt\/product\/daviklis-34\/","name":"Sensor \u2013 20820494 | G\u00fcnstiger Preis | Schnelle Lieferung | Eska-Ersatzteile","isPartOf":{"@id":"https:\/\/eskadalys.lt\/#website"},"primaryImageOfPage":{"@id":"https:\/\/eskadalys.lt\/product\/daviklis-34\/#primaryimage"},"image":{"@id":"https:\/\/eskadalys.lt\/product\/daviklis-34\/#primaryimage"},"thumbnailUrl":"https:\/\/eskadalys.lt\/wp-content\/uploads\/2024\/02\/sensor-4-20240121-205245-scaled-1.jpg?v=1714904545","datePublished":"2024-02-11T08:06:12+00:00","dateModified":"2026-03-26T07:59:40+00:00","description":"Sensor \u2013 20820494 Passend f\u00fcr: VOLVO, Bagger, EC140C, EC140D, EC160C, EC210C, EC220D, EC240B, EC240C, EC300, EC300D, EW140C, EW140D, EW145B, EW160C, EW160D, EW180C, EW180D, Radlader, L60E, L60F, L60G, L70E, L70F, L90F, L105, L110E, L110F, L120E, L120F, L45G, L50G, EC160D, EC180D","breadcrumb":{"@id":"https:\/\/eskadalys.lt\/product\/daviklis-34\/#breadcrumb"},"inLanguage":"de","potentialAction":[{"@type":"ReadAction","target":["https:\/\/eskadalys.lt\/product\/daviklis-34\/"]}]},{"@type":"ImageObject","inLanguage":"de","@id":"https:\/\/eskadalys.lt\/product\/daviklis-34\/#primaryimage","url":"https:\/\/eskadalys.lt\/wp-content\/uploads\/2024\/02\/sensor-4-20240121-205245-scaled-1.jpg?v=1714904545","contentUrl":"https:\/\/eskadalys.lt\/wp-content\/uploads\/2024\/02\/sensor-4-20240121-205245-scaled-1.jpg?v=1714904545","width":1600,"height":1481},{"@type":"BreadcrumbList","@id":"https:\/\/eskadalys.lt\/product\/daviklis-34\/#breadcrumb","itemListElement":[{"@type":"ListItem","position":1,"name":"Strona g\u0142\u00f3wna","item":"https:\/\/eskadalys.lt\/"},{"@type":"ListItem","position":2,"name":"E-parduotuv\u0117","item":"https:\/\/eskadalys.lt\/e-parduotuve\/"},{"@type":"ListItem","position":3,"name":"Daviklis &#8211; 20820494"}]},{"@type":"WebSite","@id":"https:\/\/eskadalys.lt\/#website","url":"https:\/\/eskadalys.lt\/","name":"Eska parts","description":"Teile f\u00fcr Bagger\/Minibagger\/Planierraupen","publisher":{"@id":"https:\/\/eskadalys.lt\/#organization"},"potentialAction":[{"@type":"SearchAction","target":{"@type":"EntryPoint","urlTemplate":"https:\/\/eskadalys.lt\/?s={search_term_string}"},"query-input":{"@type":"PropertyValueSpecification","valueRequired":true,"valueName":"search_term_string"}}],"inLanguage":"de"},{"@type":"Organization","@id":"https:\/\/eskadalys.lt\/#organization","name":"Eska parts","url":"https:\/\/eskadalys.lt\/","logo":{"@type":"ImageObject","inLanguage":"de","@id":"https:\/\/eskadalys.lt\/#\/schema\/logo\/image\/","url":"https:\/\/eskadalys.lt\/wp-content\/uploads\/2024\/01\/LOGO-ESKA-FINAL.svg","contentUrl":"https:\/\/eskadalys.lt\/wp-content\/uploads\/2024\/01\/LOGO-ESKA-FINAL.svg","width":259,"height":201,"caption":"Eska dalys"},"image":{"@id":"https:\/\/eskadalys.lt\/#\/schema\/logo\/image\/"},"sameAs":["https:\/\/www.facebook.com\/profile.php?id=61556005720456"]}]}},"_links":{"self":[{"href":"https:\/\/eskadalys.lt\/de\/wp-json\/wp\/v2\/product\/8321","targetHints":{"allow":["GET"]}}],"collection":[{"href":"https:\/\/eskadalys.lt\/de\/wp-json\/wp\/v2\/product"}],"about":[{"href":"https:\/\/eskadalys.lt\/de\/wp-json\/wp\/v2\/types\/product"}],"wp:featuredmedia":[{"embeddable":true,"href":"https:\/\/eskadalys.lt\/de\/wp-json\/wp\/v2\/media\/109525"}],"wp:attachment":[{"href":"https:\/\/eskadalys.lt\/de\/wp-json\/wp\/v2\/media?parent=8321"}],"wp:term":[{"taxonomy":"product_brand","embeddable":true,"href":"https:\/\/eskadalys.lt\/de\/wp-json\/wp\/v2\/product_brand?post=8321"},{"taxonomy":"product_cat","embeddable":true,"href":"https:\/\/eskadalys.lt\/de\/wp-json\/wp\/v2\/product_cat?post=8321"},{"taxonomy":"product_tag","embeddable":true,"href":"https:\/\/eskadalys.lt\/de\/wp-json\/wp\/v2\/product_tag?post=8321"}],"curies":[{"name":"wp","href":"https:\/\/api.w.org\/{rel}","templated":true}]}}