{"id":778,"date":"2024-02-11T00:07:11","date_gmt":"2024-02-10T22:07:11","guid":{"rendered":"https:\/\/eskadalys.lt\/?post_type=product&#038;p=778"},"modified":"2026-04-22T16:27:56","modified_gmt":"2026-04-22T13:27:56","slug":"gasdruckdampfer-fur-lenksaule-428-432e-f","status":"publish","type":"product","link":"https:\/\/eskadalys.lt\/de\/product\/vairo-koloneles-dujinis-amortizatorius-428-432e-f\/","title":{"rendered":"Gasdruckd\u00e4mpfer f\u00fcr Lenks\u00e4ule 428 432E F \u2013 3381508"},"content":{"rendered":"<p><strong>Gasdruckd\u00e4mpfer f\u00fcr Lenks\u00e4ule 428 432E F \u2013 3381508<\/strong><br \/>\n<strong>Geeignet f\u00fcr:<\/strong> CAT, Baggerlader, 414E, 416E, 416F, 420E, 422E, 422F, 428E, 428F, 430E, 432E, 434E, 442D <\/p>\n<p>338-1508<\/p>\n<h3>\ud83d\udd0d Auf der Suche nach einem anderen Produkt aus der Kategorie <a href=\"https:\/\/eskadalys.lt\/de\/produktkategorie-de\/zubehor\/zubehor-fur-gasdruckstosdampfer\/\">Gasdrucksto\u00dfd\u00e4mpfer<\/a> ?<\/h3>\n<h3>\ud83d\udee0\ufe0f Baggerteile \u2013 hier finden Sie weitere. <a href=\"https:\/\/eskadalys.lt\/de\/produktkategorie-de\/zubehor\/\">Zubeh\u00f6r<\/a> in der Kategorie.<\/h3>\n<p>Wenn Sie sich nicht sicher sind, ob dieses Teil zu Ihrer Maschine passt, <strong>Bitte senden Sie uns vor dem Kauf die Fahrzeugseriennummer (VIN).<\/strong>. Wir werden die Kompatibilit\u00e4t anhand der Kataloge \u00fcberpr\u00fcfen und <strong>Wir werden Ihnen das passende Teil anbieten.<\/strong>. Falls Sie das ben\u00f6tigte Ersatzteil nicht finden k\u00f6nnen, schreiben Sie uns \u2013 wir helfen Ihnen gerne bei der Suche!<\/p>\n<p><strong>\ud83d\udce6 Lager in Litauen<\/strong> \u2013 Bestellungen, die vor 14:00 Uhr eingehen, werden noch am selben Tag versandt.<\/p>\n<p><strong>\ud83d\ude80 Schnelle Lieferung<\/strong> \u2013 Bestellte Waren, die wir derzeit nicht auf Lager haben, werden innerhalb von 3-4 Werktagen geliefert.<\/p>\n<p><strong>\ud83d\udcc8 Gro\u00dfe Auswahl<\/strong> \u2013 Wir erweitern st\u00e4ndig unser Produktsortiment.<\/p>","protected":false},"excerpt":{"rendered":"<p>3381508<\/p>","protected":false},"featured_media":93180,"template":"","meta":{"site-sidebar-layout":"default","site-content-layout":"","ast-site-content-layout":"default","site-content-style":"default","site-sidebar-style":"default","ast-global-header-display":"","ast-banner-title-visibility":"","ast-main-header-display":"","ast-hfb-above-header-display":"","ast-hfb-below-header-display":"","ast-hfb-mobile-header-display":"","site-post-title":"","ast-breadcrumbs-content":"","ast-featured-img":"","footer-sml-layout":"","ast-disable-related-posts":"","theme-transparent-header-meta":"","adv-header-id-meta":"","stick-header-meta":"","header-above-stick-meta":"","header-main-stick-meta":"","header-below-stick-meta":"","astra-migrate-meta-layouts":"default","ast-page-background-enabled":"default","ast-page-background-meta":{"desktop":{"background-color":"","background-image":"","background-repeat":"repeat","background-position":"center center","background-size":"auto","background-attachment":"scroll","background-type":"","background-media":"","overlay-type":"","overlay-color":"","overlay-opacity":"","overlay-gradient":""},"tablet":{"background-color":"","background-image":"","background-repeat":"repeat","background-position":"center center","background-size":"auto","background-attachment":"scroll","background-type":"","background-media":"","overlay-type":"","overlay-color":"","overlay-opacity":"","overlay-gradient":""},"mobile":{"background-color":"","background-image":"","background-repeat":"repeat","background-position":"center center","background-size":"auto","background-attachment":"scroll","background-type":"","background-media":"","overlay-type":"","overlay-color":"","overlay-opacity":"","overlay-gradient":""}},"ast-content-background-meta":{"desktop":{"background-color":"var(--ast-global-color-5)","background-image":"","background-repeat":"repeat","background-position":"center center","background-size":"auto","background-attachment":"scroll","background-type":"","background-media":"","overlay-type":"","overlay-color":"","overlay-opacity":"","overlay-gradient":""},"tablet":{"background-color":"var(--ast-global-color-5)","background-image":"","background-repeat":"repeat","background-position":"center center","background-size":"auto","background-attachment":"scroll","background-type":"","background-media":"","overlay-type":"","overlay-color":"","overlay-opacity":"","overlay-gradient":""},"mobile":{"background-color":"var(--ast-global-color-5)","background-image":"","background-repeat":"repeat","background-position":"center center","background-size":"auto","background-attachment":"scroll","background-type":"","background-media":"","overlay-type":"","overlay-color":"","overlay-opacity":"","overlay-gradient":""}}},"product_brand":[],"product_cat":[805],"product_tag":[43378],"class_list":{"0":"post-778","1":"product","2":"type-product","3":"status-publish","4":"has-post-thumbnail","6":"product_cat-dujiniai-amortizatoriai-priedai","7":"product_tag-cat-ekskavatorius-krautuvas-414e-416e-416f-420e-422e-422f-428e-428f-430e-432e-434e-442d","8":"desktop-align-left","9":"tablet-align-left","10":"mobile-align-left","12":"first","13":"outofstock","14":"taxable","15":"shipping-taxable","16":"purchasable","17":"product-type-simple"},"yoast_head":"<!-- This site is optimized with the Yoast SEO plugin v27.4 - https:\/\/yoast.com\/product\/yoast-seo-wordpress\/ -->\n<title>Vairo kolon\u0117l\u0117s dujinis amortizatorius 428 432E F - 3381508 | Gera kaina | Greitas pristatymas | Eska dalys<\/title>\n<meta name=\"description\" content=\"Vairo kolon\u0117l\u0117s dujinis amortizatorius 428 432E F - 3381508 Tinka: CAT, Ekskavatorius krautuvas, 414E, 416E, 416F, 420E, 422E, 422F, 428E, 428F, 430E, 432E, 434E, 442D\" \/>\n<meta name=\"robots\" content=\"index, follow, max-snippet:-1, max-image-preview:large, max-video-preview:-1\" \/>\n<link rel=\"canonical\" href=\"https:\/\/eskadalys.lt\/de\/produkt-de\/gasdruckdampfer-fur-lenksaule-428-432e-f\/\" \/>\n<meta property=\"og:locale\" content=\"de_DE\" \/>\n<meta property=\"og:type\" content=\"article\" \/>\n<meta property=\"og:title\" content=\"Vairo kolon\u0117l\u0117s dujinis amortizatorius 428 432E F - 3381508 | Gera kaina | Greitas pristatymas | Eska dalys\" \/>\n<meta property=\"og:description\" content=\"Vairo kolon\u0117l\u0117s dujinis amortizatorius 428 432E F - 3381508 Tinka: CAT, Ekskavatorius krautuvas, 414E, 416E, 416F, 420E, 422E, 422F, 428E, 428F, 430E, 432E, 434E, 442D\" \/>\n<meta property=\"og:url\" content=\"https:\/\/eskadalys.lt\/de\/produkt-de\/gasdruckdampfer-fur-lenksaule-428-432e-f\/\" \/>\n<meta property=\"og:site_name\" content=\"Eska dalys\" \/>\n<meta property=\"article:publisher\" content=\"https:\/\/www.facebook.com\/profile.php?id=61556005720456\" \/>\n<meta property=\"article:modified_time\" content=\"2026-04-22T13:27:56+00:00\" \/>\n<meta property=\"og:image\" content=\"https:\/\/eskadalys.lt\/wp-content\/uploads\/2024\/02\/silownik-20240121-114529-scaled-1.jpg?v=1714952002\" \/>\n\t<meta property=\"og:image:width\" content=\"1600\" \/>\n\t<meta property=\"og:image:height\" content=\"875\" \/>\n\t<meta property=\"og:image:type\" content=\"image\/jpeg\" \/>\n<script type=\"application\/ld+json\" class=\"yoast-schema-graph\">{\"@context\":\"https:\\\/\\\/schema.org\",\"@graph\":[{\"@type\":\"WebPage\",\"@id\":\"https:\\\/\\\/eskadalys.lt\\\/product\\\/vairo-koloneles-dujinis-amortizatorius-428-432e-f\\\/\",\"url\":\"https:\\\/\\\/eskadalys.lt\\\/product\\\/vairo-koloneles-dujinis-amortizatorius-428-432e-f\\\/\",\"name\":\"Vairo kolon\u0117l\u0117s dujinis amortizatorius 428 432E F - 3381508 | Gera kaina | Greitas pristatymas | Eska dalys\",\"isPartOf\":{\"@id\":\"https:\\\/\\\/eskadalys.lt\\\/#website\"},\"primaryImageOfPage\":{\"@id\":\"https:\\\/\\\/eskadalys.lt\\\/product\\\/vairo-koloneles-dujinis-amortizatorius-428-432e-f\\\/#primaryimage\"},\"image\":{\"@id\":\"https:\\\/\\\/eskadalys.lt\\\/product\\\/vairo-koloneles-dujinis-amortizatorius-428-432e-f\\\/#primaryimage\"},\"thumbnailUrl\":\"https:\\\/\\\/eskadalys.lt\\\/wp-content\\\/uploads\\\/2024\\\/02\\\/silownik-20240121-114529-scaled-1.jpg?v=1714952002\",\"datePublished\":\"2024-02-10T22:07:11+00:00\",\"dateModified\":\"2026-04-22T13:27:56+00:00\",\"description\":\"Vairo kolon\u0117l\u0117s dujinis amortizatorius 428 432E F - 3381508 Tinka: CAT, Ekskavatorius krautuvas, 414E, 416E, 416F, 420E, 422E, 422F, 428E, 428F, 430E, 432E, 434E, 442D\",\"breadcrumb\":{\"@id\":\"https:\\\/\\\/eskadalys.lt\\\/product\\\/vairo-koloneles-dujinis-amortizatorius-428-432e-f\\\/#breadcrumb\"},\"inLanguage\":\"de\",\"potentialAction\":[{\"@type\":\"ReadAction\",\"target\":[\"https:\\\/\\\/eskadalys.lt\\\/product\\\/vairo-koloneles-dujinis-amortizatorius-428-432e-f\\\/\"]}]},{\"@type\":\"ImageObject\",\"inLanguage\":\"de\",\"@id\":\"https:\\\/\\\/eskadalys.lt\\\/product\\\/vairo-koloneles-dujinis-amortizatorius-428-432e-f\\\/#primaryimage\",\"url\":\"https:\\\/\\\/eskadalys.lt\\\/wp-content\\\/uploads\\\/2024\\\/02\\\/silownik-20240121-114529-scaled-1.jpg?v=1714952002\",\"contentUrl\":\"https:\\\/\\\/eskadalys.lt\\\/wp-content\\\/uploads\\\/2024\\\/02\\\/silownik-20240121-114529-scaled-1.jpg?v=1714952002\",\"width\":1600,\"height\":875},{\"@type\":\"BreadcrumbList\",\"@id\":\"https:\\\/\\\/eskadalys.lt\\\/product\\\/vairo-koloneles-dujinis-amortizatorius-428-432e-f\\\/#breadcrumb\",\"itemListElement\":[{\"@type\":\"ListItem\",\"position\":1,\"name\":\"Strona g\u0142\u00f3wna\",\"item\":\"https:\\\/\\\/eskadalys.lt\\\/\"},{\"@type\":\"ListItem\",\"position\":2,\"name\":\"E-parduotuv\u0117\",\"item\":\"https:\\\/\\\/eskadalys.lt\\\/e-parduotuve\\\/\"},{\"@type\":\"ListItem\",\"position\":3,\"name\":\"Vairo kolon\u0117l\u0117s dujinis amortizatorius 428 432E F &#8211; 3381508\"}]},{\"@type\":\"WebSite\",\"@id\":\"https:\\\/\\\/eskadalys.lt\\\/#website\",\"url\":\"https:\\\/\\\/eskadalys.lt\\\/\",\"name\":\"Eska dalys\",\"description\":\"Ekskavatori\u0173 \\\/ mini ekskavatori\u0173 \\\/ buldozeri\u0173 dalys\",\"publisher\":{\"@id\":\"https:\\\/\\\/eskadalys.lt\\\/#organization\"},\"potentialAction\":[{\"@type\":\"SearchAction\",\"target\":{\"@type\":\"EntryPoint\",\"urlTemplate\":\"https:\\\/\\\/eskadalys.lt\\\/?s={search_term_string}\"},\"query-input\":{\"@type\":\"PropertyValueSpecification\",\"valueRequired\":true,\"valueName\":\"search_term_string\"}}],\"inLanguage\":\"de\"},{\"@type\":\"Organization\",\"@id\":\"https:\\\/\\\/eskadalys.lt\\\/#organization\",\"name\":\"Eska dalys\",\"url\":\"https:\\\/\\\/eskadalys.lt\\\/\",\"logo\":{\"@type\":\"ImageObject\",\"inLanguage\":\"de\",\"@id\":\"https:\\\/\\\/eskadalys.lt\\\/#\\\/schema\\\/logo\\\/image\\\/\",\"url\":\"https:\\\/\\\/eskadalys.lt\\\/wp-content\\\/uploads\\\/2024\\\/01\\\/LOGO-ESKA-FINAL.svg\",\"contentUrl\":\"https:\\\/\\\/eskadalys.lt\\\/wp-content\\\/uploads\\\/2024\\\/01\\\/LOGO-ESKA-FINAL.svg\",\"width\":259,\"height\":201,\"caption\":\"Eska dalys\"},\"image\":{\"@id\":\"https:\\\/\\\/eskadalys.lt\\\/#\\\/schema\\\/logo\\\/image\\\/\"},\"sameAs\":[\"https:\\\/\\\/www.facebook.com\\\/profile.php?id=61556005720456\"]}]}<\/script>\n<!-- \/ Yoast SEO plugin. -->","yoast_head_json":{"title":"Gasdruckd\u00e4mpfer f\u00fcr Lenks\u00e4ule 428 432E F - 3381508 | G\u00fcnstiger Preis | Schnelle Lieferung | Eska Teile","description":"Gasdruckd\u00e4mpfer f\u00fcr Lenks\u00e4ule 428 432E F - 3381508 Passend f\u00fcr: CAT, Baggerlader, 414E, 416E, 416F, 420E, 422E, 422F, 428E, 428F, 430E, 432E, 434E, 442D","robots":{"index":"index","follow":"follow","max-snippet":"max-snippet:-1","max-image-preview":"max-image-preview:large","max-video-preview":"max-video-preview:-1"},"canonical":"https:\/\/eskadalys.lt\/de\/produkt-de\/gasdruckdampfer-fur-lenksaule-428-432e-f\/","og_locale":"de_DE","og_type":"article","og_title":"Vairo kolon\u0117l\u0117s dujinis amortizatorius 428 432E F - 3381508 | Gera kaina | Greitas pristatymas | Eska dalys","og_description":"Vairo kolon\u0117l\u0117s dujinis amortizatorius 428 432E F - 3381508 Tinka: CAT, Ekskavatorius krautuvas, 414E, 416E, 416F, 420E, 422E, 422F, 428E, 428F, 430E, 432E, 434E, 442D","og_url":"https:\/\/eskadalys.lt\/de\/produkt-de\/gasdruckdampfer-fur-lenksaule-428-432e-f\/","og_site_name":"Eska dalys","article_publisher":"https:\/\/www.facebook.com\/profile.php?id=61556005720456","article_modified_time":"2026-04-22T13:27:56+00:00","og_image":[{"width":1600,"height":875,"url":"https:\/\/eskadalys.lt\/wp-content\/uploads\/2024\/02\/silownik-20240121-114529-scaled-1.jpg?v=1714952002","type":"image\/jpeg"}],"schema":{"@context":"https:\/\/schema.org","@graph":[{"@type":"WebPage","@id":"https:\/\/eskadalys.lt\/product\/vairo-koloneles-dujinis-amortizatorius-428-432e-f\/","url":"https:\/\/eskadalys.lt\/product\/vairo-koloneles-dujinis-amortizatorius-428-432e-f\/","name":"Gasdruckd\u00e4mpfer f\u00fcr Lenks\u00e4ule 428 432E F - 3381508 | G\u00fcnstiger Preis | Schnelle Lieferung | Eska Teile","isPartOf":{"@id":"https:\/\/eskadalys.lt\/#website"},"primaryImageOfPage":{"@id":"https:\/\/eskadalys.lt\/product\/vairo-koloneles-dujinis-amortizatorius-428-432e-f\/#primaryimage"},"image":{"@id":"https:\/\/eskadalys.lt\/product\/vairo-koloneles-dujinis-amortizatorius-428-432e-f\/#primaryimage"},"thumbnailUrl":"https:\/\/eskadalys.lt\/wp-content\/uploads\/2024\/02\/silownik-20240121-114529-scaled-1.jpg?v=1714952002","datePublished":"2024-02-10T22:07:11+00:00","dateModified":"2026-04-22T13:27:56+00:00","description":"Gasdruckd\u00e4mpfer f\u00fcr Lenks\u00e4ule 428 432E F - 3381508 Passend f\u00fcr: CAT, Baggerlader, 414E, 416E, 416F, 420E, 422E, 422F, 428E, 428F, 430E, 432E, 434E, 442D","breadcrumb":{"@id":"https:\/\/eskadalys.lt\/product\/vairo-koloneles-dujinis-amortizatorius-428-432e-f\/#breadcrumb"},"inLanguage":"de","potentialAction":[{"@type":"ReadAction","target":["https:\/\/eskadalys.lt\/product\/vairo-koloneles-dujinis-amortizatorius-428-432e-f\/"]}]},{"@type":"ImageObject","inLanguage":"de","@id":"https:\/\/eskadalys.lt\/product\/vairo-koloneles-dujinis-amortizatorius-428-432e-f\/#primaryimage","url":"https:\/\/eskadalys.lt\/wp-content\/uploads\/2024\/02\/silownik-20240121-114529-scaled-1.jpg?v=1714952002","contentUrl":"https:\/\/eskadalys.lt\/wp-content\/uploads\/2024\/02\/silownik-20240121-114529-scaled-1.jpg?v=1714952002","width":1600,"height":875},{"@type":"BreadcrumbList","@id":"https:\/\/eskadalys.lt\/product\/vairo-koloneles-dujinis-amortizatorius-428-432e-f\/#breadcrumb","itemListElement":[{"@type":"ListItem","position":1,"name":"Strona g\u0142\u00f3wna","item":"https:\/\/eskadalys.lt\/"},{"@type":"ListItem","position":2,"name":"E-parduotuv\u0117","item":"https:\/\/eskadalys.lt\/e-parduotuve\/"},{"@type":"ListItem","position":3,"name":"Vairo kolon\u0117l\u0117s dujinis amortizatorius 428 432E F &#8211; 3381508"}]},{"@type":"WebSite","@id":"https:\/\/eskadalys.lt\/#website","url":"https:\/\/eskadalys.lt\/","name":"Eska parts","description":"Teile f\u00fcr Bagger\/Minibagger\/Planierraupen","publisher":{"@id":"https:\/\/eskadalys.lt\/#organization"},"potentialAction":[{"@type":"SearchAction","target":{"@type":"EntryPoint","urlTemplate":"https:\/\/eskadalys.lt\/?s={search_term_string}"},"query-input":{"@type":"PropertyValueSpecification","valueRequired":true,"valueName":"search_term_string"}}],"inLanguage":"de"},{"@type":"Organization","@id":"https:\/\/eskadalys.lt\/#organization","name":"Eska parts","url":"https:\/\/eskadalys.lt\/","logo":{"@type":"ImageObject","inLanguage":"de","@id":"https:\/\/eskadalys.lt\/#\/schema\/logo\/image\/","url":"https:\/\/eskadalys.lt\/wp-content\/uploads\/2024\/01\/LOGO-ESKA-FINAL.svg","contentUrl":"https:\/\/eskadalys.lt\/wp-content\/uploads\/2024\/01\/LOGO-ESKA-FINAL.svg","width":259,"height":201,"caption":"Eska dalys"},"image":{"@id":"https:\/\/eskadalys.lt\/#\/schema\/logo\/image\/"},"sameAs":["https:\/\/www.facebook.com\/profile.php?id=61556005720456"]}]}},"_links":{"self":[{"href":"https:\/\/eskadalys.lt\/de\/wp-json\/wp\/v2\/product\/778","targetHints":{"allow":["GET"]}}],"collection":[{"href":"https:\/\/eskadalys.lt\/de\/wp-json\/wp\/v2\/product"}],"about":[{"href":"https:\/\/eskadalys.lt\/de\/wp-json\/wp\/v2\/types\/product"}],"wp:featuredmedia":[{"embeddable":true,"href":"https:\/\/eskadalys.lt\/de\/wp-json\/wp\/v2\/media\/93180"}],"wp:attachment":[{"href":"https:\/\/eskadalys.lt\/de\/wp-json\/wp\/v2\/media?parent=778"}],"wp:term":[{"taxonomy":"product_brand","embeddable":true,"href":"https:\/\/eskadalys.lt\/de\/wp-json\/wp\/v2\/product_brand?post=778"},{"taxonomy":"product_cat","embeddable":true,"href":"https:\/\/eskadalys.lt\/de\/wp-json\/wp\/v2\/product_cat?post=778"},{"taxonomy":"product_tag","embeddable":true,"href":"https:\/\/eskadalys.lt\/de\/wp-json\/wp\/v2\/product_tag?post=778"}],"curies":[{"name":"wp","href":"https:\/\/api.w.org\/{rel}","templated":true}]}}