{"id":5915,"date":"2024-02-11T06:24:44","date_gmt":"2024-02-11T04:24:44","guid":{"rendered":"https:\/\/eskadalys.lt\/?post_type=product&#038;p=5915"},"modified":"2026-03-26T09:56:50","modified_gmt":"2026-03-26T07:56:50","slug":"gleitplatte-langlebiges-polyamid-14","status":"publish","type":"product","link":"https:\/\/eskadalys.lt\/de\/product\/slydimo-plokstele-long-life-poliamidas-14\/","title":{"rendered":"Gleitplatte, langlebig, Polyamid !!! \u2013 1873828"},"content":{"rendered":"<p><strong>Gleitplatte, langlebig, Polyamid !!! \u2013 1873828<\/strong><\/p>\n<p>Abmessungen:<br \/>\nL\u00e4nge: 298 mm,<br \/>\nBreite: 110 mm,<br \/>\nDicke: 15 mm,<br \/>\nAbstand zwischen den Schrauben: 100 mm,<br \/>\nSchraube 3\/8\u2033<br \/>\n<strong>Geeignet f\u00fcr:<\/strong> Baggerlader, CAT, Baggerlader, 416C, 424D, 426C, 428B, 428C, 428D, 432D, 436C, 438C, 442D<\/p>\n<p>187-3828<\/p>\n<h3>\ud83d\udd0d Auf der Suche nach einem anderen Produkt aus der Kategorie <a href=\"https:\/\/eskadalys.lt\/de\/produktkategorie-de\/gleitplatten\/ausleger-gleitplatten\/\">Ausleger-Gleitplatten<\/a> ?<\/h3>\n<h3>\ud83d\udee0\ufe0f Baumaschinenteile \u2013 hier finden Sie mehr davon <a href=\"https:\/\/eskadalys.lt\/de\/produktkategorie-de\/gleitplatten\/\">Gleitplatten<\/a> in der Kategorie.<\/h3>\n<p>Wenn Sie sich nicht sicher sind, ob dieses Teil zu Ihrer Maschine passt, <strong>Bitte senden Sie uns vor dem Kauf die Fahrzeugseriennummer (VIN).<\/strong>. Wir werden die Kompatibilit\u00e4t anhand der Kataloge \u00fcberpr\u00fcfen und <strong>Wir werden Ihnen das passende Teil anbieten.<\/strong>. Falls Sie das ben\u00f6tigte Ersatzteil nicht finden k\u00f6nnen, schreiben Sie uns \u2013 wir helfen Ihnen gerne bei der Suche!<\/p>\n<p><strong>\ud83d\udce6 Lager in Litauen<\/strong> \u2013 Bestellungen, die vor 14:00 Uhr eingehen, werden noch am selben Tag versandt.<\/p>\n<p><strong>\ud83d\ude80 Schnelle Lieferung<\/strong> \u2013 Bestellte Waren, die wir derzeit nicht auf Lager haben, werden innerhalb von 3-4 Werktagen geliefert.<\/p>\n<p><strong>\ud83d\udcc8 Gro\u00dfe Auswahl<\/strong> \u2013 Wir erweitern st\u00e4ndig unser Produktsortiment.<\/p>","protected":false},"excerpt":{"rendered":"<p>1873828 CVA<\/p>","protected":false},"featured_media":104273,"template":"","meta":{"site-sidebar-layout":"default","site-content-layout":"","ast-site-content-layout":"default","site-content-style":"default","site-sidebar-style":"default","ast-global-header-display":"","ast-banner-title-visibility":"","ast-main-header-display":"","ast-hfb-above-header-display":"","ast-hfb-below-header-display":"","ast-hfb-mobile-header-display":"","site-post-title":"","ast-breadcrumbs-content":"","ast-featured-img":"","footer-sml-layout":"","ast-disable-related-posts":"","theme-transparent-header-meta":"default","adv-header-id-meta":"","stick-header-meta":"","header-above-stick-meta":"","header-main-stick-meta":"","header-below-stick-meta":"","astra-migrate-meta-layouts":"set","ast-page-background-enabled":"default","ast-page-background-meta":{"desktop":{"background-color":"","background-image":"","background-repeat":"repeat","background-position":"center center","background-size":"auto","background-attachment":"scroll","background-type":"","background-media":"","overlay-type":"","overlay-color":"","overlay-opacity":"","overlay-gradient":""},"tablet":{"background-color":"","background-image":"","background-repeat":"repeat","background-position":"center center","background-size":"auto","background-attachment":"scroll","background-type":"","background-media":"","overlay-type":"","overlay-color":"","overlay-opacity":"","overlay-gradient":""},"mobile":{"background-color":"","background-image":"","background-repeat":"repeat","background-position":"center center","background-size":"auto","background-attachment":"scroll","background-type":"","background-media":"","overlay-type":"","overlay-color":"","overlay-opacity":"","overlay-gradient":""}},"ast-content-background-meta":{"desktop":{"background-color":"var(--ast-global-color-5)","background-image":"","background-repeat":"repeat","background-position":"center center","background-size":"auto","background-attachment":"scroll","background-type":"","background-media":"","overlay-type":"","overlay-color":"","overlay-opacity":"","overlay-gradient":""},"tablet":{"background-color":"var(--ast-global-color-5)","background-image":"","background-repeat":"repeat","background-position":"center center","background-size":"auto","background-attachment":"scroll","background-type":"","background-media":"","overlay-type":"","overlay-color":"","overlay-opacity":"","overlay-gradient":""},"mobile":{"background-color":"var(--ast-global-color-5)","background-image":"","background-repeat":"repeat","background-position":"center center","background-size":"auto","background-attachment":"scroll","background-type":"","background-media":"","overlay-type":"","overlay-color":"","overlay-opacity":"","overlay-gradient":""}}},"product_brand":[],"product_cat":[842],"product_tag":[49560,49528,49530,49531,49470,49461,49463,49534,49536,49538,43030,47753],"class_list":{"0":"post-5915","1":"product","2":"type-product","3":"status-publish","4":"has-post-thumbnail","6":"product_cat-streles-slydimo-ploksteles","7":"product_tag-416c","8":"product_tag-424d","9":"product_tag-426c","10":"product_tag-428b","11":"product_tag-428c","12":"product_tag-428d","13":"product_tag-432d","14":"product_tag-436c","15":"product_tag-438c","16":"product_tag-442d","17":"product_tag-cat","18":"product_tag-ekskavatorius-krautuvas","19":"desktop-align-left","20":"tablet-align-left","21":"mobile-align-left","23":"first","24":"instock","25":"taxable","26":"shipping-taxable","27":"purchasable","28":"product-type-simple"},"yoast_head":"<!-- This site is optimized with the Yoast SEO plugin v27.3 - https:\/\/yoast.com\/product\/yoast-seo-wordpress\/ -->\n<title>Slydimo plok\u0161tel\u0117 LONG LIFE Poliamidas !!! - 1873828 | Gera kaina | Greitas pristatymas | Eska dalys<\/title>\n<meta name=\"description\" content=\"Slydimo plok\u0161tel\u0117 LONG LIFE Poliamidas !!! - 1873828 Matmenys :\u00a0 Ilgis: 298 mm, Plotis: 110 mm, Storis: 15mm, Tarpai tarp var\u017et\u0173: 100mm, Var\u017etas 3\/8&quot; Tinka: Ekskavatorius krautuvas, CAT, Ekskavatorius krautuvas, 416C, 424D, 426C, 428B, 428C, 428D, 432D, 436C, 438C, 442D\" \/>\n<meta name=\"robots\" content=\"index, follow, max-snippet:-1, max-image-preview:large, max-video-preview:-1\" \/>\n<link rel=\"canonical\" href=\"https:\/\/eskadalys.lt\/de\/produkt-de\/gleitplatte-langlebiges-polyamid-14\/\" \/>\n<meta property=\"og:locale\" content=\"de_DE\" \/>\n<meta property=\"og:type\" content=\"article\" \/>\n<meta property=\"og:title\" content=\"Slydimo plok\u0161tel\u0117 LONG LIFE Poliamidas !!! - 1873828 | Gera kaina | Greitas pristatymas | Eska dalys\" \/>\n<meta property=\"og:description\" content=\"Slydimo plok\u0161tel\u0117 LONG LIFE Poliamidas !!! - 1873828 Matmenys :\u00a0 Ilgis: 298 mm, Plotis: 110 mm, Storis: 15mm, Tarpai tarp var\u017et\u0173: 100mm, Var\u017etas 3\/8&quot; Tinka: Ekskavatorius krautuvas, CAT, Ekskavatorius krautuvas, 416C, 424D, 426C, 428B, 428C, 428D, 432D, 436C, 438C, 442D\" \/>\n<meta property=\"og:url\" content=\"https:\/\/eskadalys.lt\/de\/produkt-de\/gleitplatte-langlebiges-polyamid-14\/\" \/>\n<meta property=\"og:site_name\" content=\"Eska dalys\" \/>\n<meta property=\"article:publisher\" content=\"https:\/\/www.facebook.com\/profile.php?id=61556005720456\" \/>\n<meta property=\"article:modified_time\" content=\"2026-03-26T07:56:50+00:00\" \/>\n<meta property=\"og:image\" content=\"https:\/\/eskadalys.lt\/wp-content\/uploads\/2024\/02\/pad-turning-long-life-5-20240121-174502.jpg?v=1714918585\" \/>\n\t<meta property=\"og:image:width\" content=\"1600\" \/>\n\t<meta property=\"og:image:height\" content=\"857\" \/>\n\t<meta property=\"og:image:type\" content=\"image\/jpeg\" \/>\n<script type=\"application\/ld+json\" class=\"yoast-schema-graph\">{\"@context\":\"https:\\\/\\\/schema.org\",\"@graph\":[{\"@type\":\"WebPage\",\"@id\":\"https:\\\/\\\/eskadalys.lt\\\/product\\\/slydimo-plokstele-long-life-poliamidas-14\\\/\",\"url\":\"https:\\\/\\\/eskadalys.lt\\\/product\\\/slydimo-plokstele-long-life-poliamidas-14\\\/\",\"name\":\"Slydimo plok\u0161tel\u0117 LONG LIFE Poliamidas !!! - 1873828 | Gera kaina | Greitas pristatymas | Eska dalys\",\"isPartOf\":{\"@id\":\"https:\\\/\\\/eskadalys.lt\\\/#website\"},\"primaryImageOfPage\":{\"@id\":\"https:\\\/\\\/eskadalys.lt\\\/product\\\/slydimo-plokstele-long-life-poliamidas-14\\\/#primaryimage\"},\"image\":{\"@id\":\"https:\\\/\\\/eskadalys.lt\\\/product\\\/slydimo-plokstele-long-life-poliamidas-14\\\/#primaryimage\"},\"thumbnailUrl\":\"https:\\\/\\\/eskadalys.lt\\\/wp-content\\\/uploads\\\/2024\\\/02\\\/pad-turning-long-life-5-20240121-174502.jpg?v=1714918585\",\"datePublished\":\"2024-02-11T04:24:44+00:00\",\"dateModified\":\"2026-03-26T07:56:50+00:00\",\"description\":\"Slydimo plok\u0161tel\u0117 LONG LIFE Poliamidas !!! - 1873828 Matmenys :\u00a0 Ilgis: 298 mm, Plotis: 110 mm, Storis: 15mm, Tarpai tarp var\u017et\u0173: 100mm, Var\u017etas 3\\\/8\\\" Tinka: Ekskavatorius krautuvas, CAT, Ekskavatorius krautuvas, 416C, 424D, 426C, 428B, 428C, 428D, 432D, 436C, 438C, 442D\",\"breadcrumb\":{\"@id\":\"https:\\\/\\\/eskadalys.lt\\\/product\\\/slydimo-plokstele-long-life-poliamidas-14\\\/#breadcrumb\"},\"inLanguage\":\"de\",\"potentialAction\":[{\"@type\":\"ReadAction\",\"target\":[\"https:\\\/\\\/eskadalys.lt\\\/product\\\/slydimo-plokstele-long-life-poliamidas-14\\\/\"]}]},{\"@type\":\"ImageObject\",\"inLanguage\":\"de\",\"@id\":\"https:\\\/\\\/eskadalys.lt\\\/product\\\/slydimo-plokstele-long-life-poliamidas-14\\\/#primaryimage\",\"url\":\"https:\\\/\\\/eskadalys.lt\\\/wp-content\\\/uploads\\\/2024\\\/02\\\/pad-turning-long-life-5-20240121-174502.jpg?v=1714918585\",\"contentUrl\":\"https:\\\/\\\/eskadalys.lt\\\/wp-content\\\/uploads\\\/2024\\\/02\\\/pad-turning-long-life-5-20240121-174502.jpg?v=1714918585\",\"width\":1600,\"height\":857},{\"@type\":\"BreadcrumbList\",\"@id\":\"https:\\\/\\\/eskadalys.lt\\\/product\\\/slydimo-plokstele-long-life-poliamidas-14\\\/#breadcrumb\",\"itemListElement\":[{\"@type\":\"ListItem\",\"position\":1,\"name\":\"Strona g\u0142\u00f3wna\",\"item\":\"https:\\\/\\\/eskadalys.lt\\\/\"},{\"@type\":\"ListItem\",\"position\":2,\"name\":\"E-parduotuv\u0117\",\"item\":\"https:\\\/\\\/eskadalys.lt\\\/e-parduotuve\\\/\"},{\"@type\":\"ListItem\",\"position\":3,\"name\":\"Slydimo plok\u0161tel\u0117 LONG LIFE Poliamidas !!! &#8211; 1873828\"}]},{\"@type\":\"WebSite\",\"@id\":\"https:\\\/\\\/eskadalys.lt\\\/#website\",\"url\":\"https:\\\/\\\/eskadalys.lt\\\/\",\"name\":\"Eska dalys\",\"description\":\"Ekskavatori\u0173 \\\/ mini ekskavatori\u0173 \\\/ buldozeri\u0173 dalys\",\"publisher\":{\"@id\":\"https:\\\/\\\/eskadalys.lt\\\/#organization\"},\"potentialAction\":[{\"@type\":\"SearchAction\",\"target\":{\"@type\":\"EntryPoint\",\"urlTemplate\":\"https:\\\/\\\/eskadalys.lt\\\/?s={search_term_string}\"},\"query-input\":{\"@type\":\"PropertyValueSpecification\",\"valueRequired\":true,\"valueName\":\"search_term_string\"}}],\"inLanguage\":\"de\"},{\"@type\":\"Organization\",\"@id\":\"https:\\\/\\\/eskadalys.lt\\\/#organization\",\"name\":\"Eska dalys\",\"url\":\"https:\\\/\\\/eskadalys.lt\\\/\",\"logo\":{\"@type\":\"ImageObject\",\"inLanguage\":\"de\",\"@id\":\"https:\\\/\\\/eskadalys.lt\\\/#\\\/schema\\\/logo\\\/image\\\/\",\"url\":\"https:\\\/\\\/eskadalys.lt\\\/wp-content\\\/uploads\\\/2024\\\/01\\\/LOGO-ESKA-FINAL.svg\",\"contentUrl\":\"https:\\\/\\\/eskadalys.lt\\\/wp-content\\\/uploads\\\/2024\\\/01\\\/LOGO-ESKA-FINAL.svg\",\"width\":259,\"height\":201,\"caption\":\"Eska dalys\"},\"image\":{\"@id\":\"https:\\\/\\\/eskadalys.lt\\\/#\\\/schema\\\/logo\\\/image\\\/\"},\"sameAs\":[\"https:\\\/\\\/www.facebook.com\\\/profile.php?id=61556005720456\"]}]}<\/script>\n<!-- \/ Yoast SEO plugin. -->","yoast_head_json":{"title":"Gleitplatte aus langlebigem Polyamid!!! - 1873828 | G\u00fcnstiger Preis | Schnelle Lieferung | Eska Teile","description":"Gleitplatte aus langlebigem Polyamid !!! - 1873828 Abmessungen: L\u00e4nge: 298 mm, Breite: 110 mm, Dicke: 15 mm, Bolzenabstand: 100 mm, Bolzen 3\/8&quot; Passend f\u00fcr: Baggerlader, CAT, Baggerlader, 416C, 424D, 426C, 428B, 428C, 428D, 432D, 436C, 438C, 442D","robots":{"index":"index","follow":"follow","max-snippet":"max-snippet:-1","max-image-preview":"max-image-preview:large","max-video-preview":"max-video-preview:-1"},"canonical":"https:\/\/eskadalys.lt\/de\/produkt-de\/gleitplatte-langlebiges-polyamid-14\/","og_locale":"de_DE","og_type":"article","og_title":"Slydimo plok\u0161tel\u0117 LONG LIFE Poliamidas !!! - 1873828 | Gera kaina | Greitas pristatymas | Eska dalys","og_description":"Slydimo plok\u0161tel\u0117 LONG LIFE Poliamidas !!! - 1873828 Matmenys :\u00a0 Ilgis: 298 mm, Plotis: 110 mm, Storis: 15mm, Tarpai tarp var\u017et\u0173: 100mm, Var\u017etas 3\/8\" Tinka: Ekskavatorius krautuvas, CAT, Ekskavatorius krautuvas, 416C, 424D, 426C, 428B, 428C, 428D, 432D, 436C, 438C, 442D","og_url":"https:\/\/eskadalys.lt\/de\/produkt-de\/gleitplatte-langlebiges-polyamid-14\/","og_site_name":"Eska dalys","article_publisher":"https:\/\/www.facebook.com\/profile.php?id=61556005720456","article_modified_time":"2026-03-26T07:56:50+00:00","og_image":[{"width":1600,"height":857,"url":"https:\/\/eskadalys.lt\/wp-content\/uploads\/2024\/02\/pad-turning-long-life-5-20240121-174502.jpg?v=1714918585","type":"image\/jpeg"}],"schema":{"@context":"https:\/\/schema.org","@graph":[{"@type":"WebPage","@id":"https:\/\/eskadalys.lt\/product\/slydimo-plokstele-long-life-poliamidas-14\/","url":"https:\/\/eskadalys.lt\/product\/slydimo-plokstele-long-life-poliamidas-14\/","name":"Gleitplatte aus langlebigem Polyamid!!! - 1873828 | G\u00fcnstiger Preis | Schnelle Lieferung | Eska Teile","isPartOf":{"@id":"https:\/\/eskadalys.lt\/#website"},"primaryImageOfPage":{"@id":"https:\/\/eskadalys.lt\/product\/slydimo-plokstele-long-life-poliamidas-14\/#primaryimage"},"image":{"@id":"https:\/\/eskadalys.lt\/product\/slydimo-plokstele-long-life-poliamidas-14\/#primaryimage"},"thumbnailUrl":"https:\/\/eskadalys.lt\/wp-content\/uploads\/2024\/02\/pad-turning-long-life-5-20240121-174502.jpg?v=1714918585","datePublished":"2024-02-11T04:24:44+00:00","dateModified":"2026-03-26T07:56:50+00:00","description":"Gleitplatte aus langlebigem Polyamid !!! - 1873828 Abmessungen: L\u00e4nge: 298 mm, Breite: 110 mm, Dicke: 15 mm, Bolzenabstand: 100 mm, Bolzen 3\/8&quot; Passend f\u00fcr: Baggerlader, CAT, Baggerlader, 416C, 424D, 426C, 428B, 428C, 428D, 432D, 436C, 438C, 442D","breadcrumb":{"@id":"https:\/\/eskadalys.lt\/product\/slydimo-plokstele-long-life-poliamidas-14\/#breadcrumb"},"inLanguage":"de","potentialAction":[{"@type":"ReadAction","target":["https:\/\/eskadalys.lt\/product\/slydimo-plokstele-long-life-poliamidas-14\/"]}]},{"@type":"ImageObject","inLanguage":"de","@id":"https:\/\/eskadalys.lt\/product\/slydimo-plokstele-long-life-poliamidas-14\/#primaryimage","url":"https:\/\/eskadalys.lt\/wp-content\/uploads\/2024\/02\/pad-turning-long-life-5-20240121-174502.jpg?v=1714918585","contentUrl":"https:\/\/eskadalys.lt\/wp-content\/uploads\/2024\/02\/pad-turning-long-life-5-20240121-174502.jpg?v=1714918585","width":1600,"height":857},{"@type":"BreadcrumbList","@id":"https:\/\/eskadalys.lt\/product\/slydimo-plokstele-long-life-poliamidas-14\/#breadcrumb","itemListElement":[{"@type":"ListItem","position":1,"name":"Strona g\u0142\u00f3wna","item":"https:\/\/eskadalys.lt\/"},{"@type":"ListItem","position":2,"name":"E-parduotuv\u0117","item":"https:\/\/eskadalys.lt\/e-parduotuve\/"},{"@type":"ListItem","position":3,"name":"Slydimo plok\u0161tel\u0117 LONG LIFE Poliamidas !!! &#8211; 1873828"}]},{"@type":"WebSite","@id":"https:\/\/eskadalys.lt\/#website","url":"https:\/\/eskadalys.lt\/","name":"Eska parts","description":"Teile f\u00fcr Bagger\/Minibagger\/Planierraupen","publisher":{"@id":"https:\/\/eskadalys.lt\/#organization"},"potentialAction":[{"@type":"SearchAction","target":{"@type":"EntryPoint","urlTemplate":"https:\/\/eskadalys.lt\/?s={search_term_string}"},"query-input":{"@type":"PropertyValueSpecification","valueRequired":true,"valueName":"search_term_string"}}],"inLanguage":"de"},{"@type":"Organization","@id":"https:\/\/eskadalys.lt\/#organization","name":"Eska parts","url":"https:\/\/eskadalys.lt\/","logo":{"@type":"ImageObject","inLanguage":"de","@id":"https:\/\/eskadalys.lt\/#\/schema\/logo\/image\/","url":"https:\/\/eskadalys.lt\/wp-content\/uploads\/2024\/01\/LOGO-ESKA-FINAL.svg","contentUrl":"https:\/\/eskadalys.lt\/wp-content\/uploads\/2024\/01\/LOGO-ESKA-FINAL.svg","width":259,"height":201,"caption":"Eska dalys"},"image":{"@id":"https:\/\/eskadalys.lt\/#\/schema\/logo\/image\/"},"sameAs":["https:\/\/www.facebook.com\/profile.php?id=61556005720456"]}]}},"_links":{"self":[{"href":"https:\/\/eskadalys.lt\/de\/wp-json\/wp\/v2\/product\/5915","targetHints":{"allow":["GET"]}}],"collection":[{"href":"https:\/\/eskadalys.lt\/de\/wp-json\/wp\/v2\/product"}],"about":[{"href":"https:\/\/eskadalys.lt\/de\/wp-json\/wp\/v2\/types\/product"}],"wp:featuredmedia":[{"embeddable":true,"href":"https:\/\/eskadalys.lt\/de\/wp-json\/wp\/v2\/media\/104273"}],"wp:attachment":[{"href":"https:\/\/eskadalys.lt\/de\/wp-json\/wp\/v2\/media?parent=5915"}],"wp:term":[{"taxonomy":"product_brand","embeddable":true,"href":"https:\/\/eskadalys.lt\/de\/wp-json\/wp\/v2\/product_brand?post=5915"},{"taxonomy":"product_cat","embeddable":true,"href":"https:\/\/eskadalys.lt\/de\/wp-json\/wp\/v2\/product_cat?post=5915"},{"taxonomy":"product_tag","embeddable":true,"href":"https:\/\/eskadalys.lt\/de\/wp-json\/wp\/v2\/product_tag?post=5915"}],"curies":[{"name":"wp","href":"https:\/\/api.w.org\/{rel}","templated":true}]}}