{"id":5476,"date":"2024-02-11T05:56:11","date_gmt":"2024-02-11T03:56:11","guid":{"rendered":"https:\/\/eskadalys.lt\/?post_type=product&#038;p=5476"},"modified":"2026-04-22T16:34:42","modified_gmt":"2026-04-22T13:34:42","slug":"nuss-39","status":"publish","type":"product","link":"https:\/\/eskadalys.lt\/de\/product\/verzle-39\/","title":{"rendered":"Nuss \u2013 20505959"},"content":{"rendered":"<p><strong>Nuss \u2013 20505959<\/strong><br \/>\nPassend f\u00fcr: VOLVO, Baggerlader, BL61, BL70, BL71, Bagger, EC135B, EC140B, EC140C, EC160B, EC160C, EC200B, EC210B, EC210C, EC240B, EC240C, EC290C, ECR145C, EW140B, EW140C, EW145B, EW160B, EW160C, EW180B, EW180C, EW200B, Radlader, L50E, L60E, L60F, L70E, L70F, L90E, L90F, L110E, L110F, L120E, L120F, EC290B, EC180B, L50F, L50F EW210C, EW230C, EC180C, EC235C<\/p>\n<p>VOE20505959<\/p>\n<p>Wenn Sie sich nicht sicher sind oder nicht \u00fcberpr\u00fcfen k\u00f6nnen, ob ein Teil f\u00fcr Ihr Fahrzeug geeignet ist, kontaktieren Sie uns bitte vor dem Kauf. <strong>Senden Sie uns die Fahrzeugseriennummer (VIN).<\/strong> und wir werden anhand der Kataloge pr\u00fcfen, ob das von Ihnen gew\u00e4hlte Teil f\u00fcr Ihr Fahrzeug geeignet ist.<strong>Wir werden Ihnen das passende Teil anbieten.<\/strong>. Falls Sie das gesuchte Teil nicht finden k\u00f6nnen, schreiben Sie uns und wir bieten Ihnen das ben\u00f6tigte Teil an.<\/p>\n<p><strong>Lager in Litauen<\/strong> \u2013 Alle vorr\u00e4tigen Artikel, die vor 14 Uhr bestellt werden, werden noch am selben Tag versandt.<br \/>\n<strong>Schnelle Lieferung<\/strong>\u2013 Vorbestellte Artikel, die wir derzeit nicht auf Lager haben, werden innerhalb von 3-4 Werktagen geliefert.<br \/>\n<strong>Breites Sortiment<\/strong>\u2013 Wir erweitern st\u00e4ndig die Produktauswahl in unserem Lager.<\/p>","protected":false},"excerpt":{"rendered":"<p>20505959<\/p>","protected":false},"featured_media":103518,"template":"","meta":{"site-sidebar-layout":"default","site-content-layout":"","ast-site-content-layout":"default","site-content-style":"default","site-sidebar-style":"default","ast-global-header-display":"","ast-banner-title-visibility":"","ast-main-header-display":"","ast-hfb-above-header-display":"","ast-hfb-below-header-display":"","ast-hfb-mobile-header-display":"","site-post-title":"","ast-breadcrumbs-content":"","ast-featured-img":"","footer-sml-layout":"","ast-disable-related-posts":"","theme-transparent-header-meta":"","adv-header-id-meta":"","stick-header-meta":"","header-above-stick-meta":"","header-main-stick-meta":"","header-below-stick-meta":"","astra-migrate-meta-layouts":"default","ast-page-background-enabled":"default","ast-page-background-meta":{"desktop":{"background-color":"","background-image":"","background-repeat":"repeat","background-position":"center center","background-size":"auto","background-attachment":"scroll","background-type":"","background-media":"","overlay-type":"","overlay-color":"","overlay-opacity":"","overlay-gradient":""},"tablet":{"background-color":"","background-image":"","background-repeat":"repeat","background-position":"center center","background-size":"auto","background-attachment":"scroll","background-type":"","background-media":"","overlay-type":"","overlay-color":"","overlay-opacity":"","overlay-gradient":""},"mobile":{"background-color":"","background-image":"","background-repeat":"repeat","background-position":"center center","background-size":"auto","background-attachment":"scroll","background-type":"","background-media":"","overlay-type":"","overlay-color":"","overlay-opacity":"","overlay-gradient":""}},"ast-content-background-meta":{"desktop":{"background-color":"var(--ast-global-color-5)","background-image":"","background-repeat":"repeat","background-position":"center center","background-size":"auto","background-attachment":"scroll","background-type":"","background-media":"","overlay-type":"","overlay-color":"","overlay-opacity":"","overlay-gradient":""},"tablet":{"background-color":"var(--ast-global-color-5)","background-image":"","background-repeat":"repeat","background-position":"center center","background-size":"auto","background-attachment":"scroll","background-type":"","background-media":"","overlay-type":"","overlay-color":"","overlay-opacity":"","overlay-gradient":""},"mobile":{"background-color":"var(--ast-global-color-5)","background-image":"","background-repeat":"repeat","background-position":"center center","background-size":"auto","background-attachment":"scroll","background-type":"","background-media":"","overlay-type":"","overlay-color":"","overlay-opacity":"","overlay-gradient":""}}},"product_brand":[],"product_cat":[19485],"product_tag":[],"class_list":{"0":"post-5476","1":"product","2":"type-product","3":"status-publish","4":"has-post-thumbnail","6":"product_cat-kita","7":"desktop-align-left","8":"tablet-align-left","9":"mobile-align-left","11":"first","12":"onbackorder","13":"taxable","14":"shipping-taxable","15":"purchasable","16":"product-type-simple"},"yoast_head":"<!-- This site is optimized with the Yoast SEO plugin v27.5 - https:\/\/yoast.com\/product\/yoast-seo-wordpress\/ -->\n<title>Ver\u017el\u0117 - 20505959 | Gera kaina | Greitas pristatymas | Eska dalys<\/title>\n<meta name=\"description\" content=\"Ver\u017el\u0117 - 20505959 Tinka: VOLVO, Ekskavatorius krautuvas, BL61, BL70, BL71, Ekskavatorius, EC135B, EC140B, EC140C, EC160B, EC160C, EC200B, EC210B, EC210C, EC240B, EC240C, EC290C, ECR145C, EW140B, EW140C, EW145B, EW160B, EW160C, EW180B, EW180C, EW200B, Frontalinis krautuvas, L50E, L60E, L60F, L70E, L70F, L90E, L90F, L110E, L110F, L120E, L120F, EC290B, EC180B, L50F, L50F, EW210C, EW230C, EC180C, EC235C\" \/>\n<meta name=\"robots\" content=\"index, follow, max-snippet:-1, max-image-preview:large, max-video-preview:-1\" \/>\n<link rel=\"canonical\" href=\"https:\/\/eskadalys.lt\/de\/produkt-de\/nuss-39\/\" \/>\n<meta property=\"og:locale\" content=\"de_DE\" \/>\n<meta property=\"og:type\" content=\"article\" \/>\n<meta property=\"og:title\" content=\"Ver\u017el\u0117 - 20505959 | Gera kaina | Greitas pristatymas | Eska dalys\" \/>\n<meta property=\"og:description\" content=\"Ver\u017el\u0117 - 20505959 Tinka: VOLVO, Ekskavatorius krautuvas, BL61, BL70, BL71, Ekskavatorius, EC135B, EC140B, EC140C, EC160B, EC160C, EC200B, EC210B, EC210C, EC240B, EC240C, EC290C, ECR145C, EW140B, EW140C, EW145B, EW160B, EW160C, EW180B, EW180C, EW200B, Frontalinis krautuvas, L50E, L60E, L60F, L70E, L70F, L90E, L90F, L110E, L110F, L120E, L120F, EC290B, EC180B, L50F, L50F, EW210C, EW230C, EC180C, EC235C\" \/>\n<meta property=\"og:url\" content=\"https:\/\/eskadalys.lt\/de\/produkt-de\/nuss-39\/\" \/>\n<meta property=\"og:site_name\" content=\"Eska dalys\" \/>\n<meta property=\"article:publisher\" content=\"https:\/\/www.facebook.com\/profile.php?id=61556005720456\" \/>\n<meta property=\"article:modified_time\" content=\"2026-04-22T13:34:42+00:00\" \/>\n<meta property=\"og:image\" content=\"https:\/\/eskadalys.lt\/wp-content\/uploads\/2024\/02\/nut-20240121-171812.png?v=1714921569\" \/>\n\t<meta property=\"og:image:width\" content=\"1256\" \/>\n\t<meta property=\"og:image:height\" content=\"1248\" \/>\n\t<meta property=\"og:image:type\" content=\"image\/png\" \/>\n<script type=\"application\/ld+json\" class=\"yoast-schema-graph\">{\"@context\":\"https:\\\/\\\/schema.org\",\"@graph\":[{\"@type\":\"WebPage\",\"@id\":\"https:\\\/\\\/eskadalys.lt\\\/product\\\/verzle-39\\\/\",\"url\":\"https:\\\/\\\/eskadalys.lt\\\/product\\\/verzle-39\\\/\",\"name\":\"Ver\u017el\u0117 - 20505959 | Gera kaina | Greitas pristatymas | Eska dalys\",\"isPartOf\":{\"@id\":\"https:\\\/\\\/eskadalys.lt\\\/#website\"},\"primaryImageOfPage\":{\"@id\":\"https:\\\/\\\/eskadalys.lt\\\/product\\\/verzle-39\\\/#primaryimage\"},\"image\":{\"@id\":\"https:\\\/\\\/eskadalys.lt\\\/product\\\/verzle-39\\\/#primaryimage\"},\"thumbnailUrl\":\"https:\\\/\\\/eskadalys.lt\\\/wp-content\\\/uploads\\\/2024\\\/02\\\/nut-20240121-171812.png?v=1714921569\",\"datePublished\":\"2024-02-11T03:56:11+00:00\",\"dateModified\":\"2026-04-22T13:34:42+00:00\",\"description\":\"Ver\u017el\u0117 - 20505959 Tinka: VOLVO, Ekskavatorius krautuvas, BL61, BL70, BL71, Ekskavatorius, EC135B, EC140B, EC140C, EC160B, EC160C, EC200B, EC210B, EC210C, EC240B, EC240C, EC290C, ECR145C, EW140B, EW140C, EW145B, EW160B, EW160C, EW180B, EW180C, EW200B, Frontalinis krautuvas, L50E, L60E, L60F, L70E, L70F, L90E, L90F, L110E, L110F, L120E, L120F, EC290B, EC180B, L50F, L50F, EW210C, EW230C, EC180C, EC235C\",\"breadcrumb\":{\"@id\":\"https:\\\/\\\/eskadalys.lt\\\/product\\\/verzle-39\\\/#breadcrumb\"},\"inLanguage\":\"de\",\"potentialAction\":[{\"@type\":\"ReadAction\",\"target\":[\"https:\\\/\\\/eskadalys.lt\\\/product\\\/verzle-39\\\/\"]}]},{\"@type\":\"ImageObject\",\"inLanguage\":\"de\",\"@id\":\"https:\\\/\\\/eskadalys.lt\\\/product\\\/verzle-39\\\/#primaryimage\",\"url\":\"https:\\\/\\\/eskadalys.lt\\\/wp-content\\\/uploads\\\/2024\\\/02\\\/nut-20240121-171812.png?v=1714921569\",\"contentUrl\":\"https:\\\/\\\/eskadalys.lt\\\/wp-content\\\/uploads\\\/2024\\\/02\\\/nut-20240121-171812.png?v=1714921569\",\"width\":1256,\"height\":1248},{\"@type\":\"BreadcrumbList\",\"@id\":\"https:\\\/\\\/eskadalys.lt\\\/product\\\/verzle-39\\\/#breadcrumb\",\"itemListElement\":[{\"@type\":\"ListItem\",\"position\":1,\"name\":\"Strona g\u0142\u00f3wna\",\"item\":\"https:\\\/\\\/eskadalys.lt\\\/\"},{\"@type\":\"ListItem\",\"position\":2,\"name\":\"E-parduotuv\u0117\",\"item\":\"https:\\\/\\\/eskadalys.lt\\\/e-parduotuve\\\/\"},{\"@type\":\"ListItem\",\"position\":3,\"name\":\"Ver\u017el\u0117 &#8211; 20505959\"}]},{\"@type\":\"WebSite\",\"@id\":\"https:\\\/\\\/eskadalys.lt\\\/#website\",\"url\":\"https:\\\/\\\/eskadalys.lt\\\/\",\"name\":\"Eska dalys\",\"description\":\"Ekskavatori\u0173 \\\/ mini ekskavatori\u0173 \\\/ buldozeri\u0173 dalys\",\"publisher\":{\"@id\":\"https:\\\/\\\/eskadalys.lt\\\/#organization\"},\"potentialAction\":[{\"@type\":\"SearchAction\",\"target\":{\"@type\":\"EntryPoint\",\"urlTemplate\":\"https:\\\/\\\/eskadalys.lt\\\/?s={search_term_string}\"},\"query-input\":{\"@type\":\"PropertyValueSpecification\",\"valueRequired\":true,\"valueName\":\"search_term_string\"}}],\"inLanguage\":\"de\"},{\"@type\":\"Organization\",\"@id\":\"https:\\\/\\\/eskadalys.lt\\\/#organization\",\"name\":\"Eska dalys\",\"url\":\"https:\\\/\\\/eskadalys.lt\\\/\",\"logo\":{\"@type\":\"ImageObject\",\"inLanguage\":\"de\",\"@id\":\"https:\\\/\\\/eskadalys.lt\\\/#\\\/schema\\\/logo\\\/image\\\/\",\"url\":\"https:\\\/\\\/eskadalys.lt\\\/wp-content\\\/uploads\\\/2024\\\/01\\\/LOGO-ESKA-FINAL.svg\",\"contentUrl\":\"https:\\\/\\\/eskadalys.lt\\\/wp-content\\\/uploads\\\/2024\\\/01\\\/LOGO-ESKA-FINAL.svg\",\"width\":259,\"height\":201,\"caption\":\"Eska dalys\"},\"image\":{\"@id\":\"https:\\\/\\\/eskadalys.lt\\\/#\\\/schema\\\/logo\\\/image\\\/\"},\"sameAs\":[\"https:\\\/\\\/www.facebook.com\\\/profile.php?id=61556005720456\"]}]}<\/script>\n<!-- \/ Yoast SEO plugin. -->","yoast_head_json":{"title":"Mutter \u2013 20505959 | G\u00fcnstiger Preis | Schnelle Lieferung | Eska-Ersatzteile","description":"Mutter - 20505959 Passend f\u00fcr: VOLVO, Baggerlader, BL61, BL70, BL71, Bagger, EC135B, EC140B, EC140C, EC160B, EC160C, EC200B, EC210B, EC210C, EC240B, EC240C, EC290C, ECR145C, EW140B, EW140C, EW145B, EW160B, EW160C, EW180B, EW180C, EW200B, Radlader, L50E, L60E, L60F, L70E, L70F, L90E, L90F, L110E, L110F, L120E, L120F, EC290B, EC180B L50F, L50F, EW210C, EW230C, EC180C, EC235C","robots":{"index":"index","follow":"follow","max-snippet":"max-snippet:-1","max-image-preview":"max-image-preview:large","max-video-preview":"max-video-preview:-1"},"canonical":"https:\/\/eskadalys.lt\/de\/produkt-de\/nuss-39\/","og_locale":"de_DE","og_type":"article","og_title":"Ver\u017el\u0117 - 20505959 | Gera kaina | Greitas pristatymas | Eska dalys","og_description":"Ver\u017el\u0117 - 20505959 Tinka: VOLVO, Ekskavatorius krautuvas, BL61, BL70, BL71, Ekskavatorius, EC135B, EC140B, EC140C, EC160B, EC160C, EC200B, EC210B, EC210C, EC240B, EC240C, EC290C, ECR145C, EW140B, EW140C, EW145B, EW160B, EW160C, EW180B, EW180C, EW200B, Frontalinis krautuvas, L50E, L60E, L60F, L70E, L70F, L90E, L90F, L110E, L110F, L120E, L120F, EC290B, EC180B, L50F, L50F, EW210C, EW230C, EC180C, EC235C","og_url":"https:\/\/eskadalys.lt\/de\/produkt-de\/nuss-39\/","og_site_name":"Eska dalys","article_publisher":"https:\/\/www.facebook.com\/profile.php?id=61556005720456","article_modified_time":"2026-04-22T13:34:42+00:00","og_image":[{"width":1256,"height":1248,"url":"https:\/\/eskadalys.lt\/wp-content\/uploads\/2024\/02\/nut-20240121-171812.png?v=1714921569","type":"image\/png"}],"schema":{"@context":"https:\/\/schema.org","@graph":[{"@type":"WebPage","@id":"https:\/\/eskadalys.lt\/product\/verzle-39\/","url":"https:\/\/eskadalys.lt\/product\/verzle-39\/","name":"Mutter \u2013 20505959 | G\u00fcnstiger Preis | Schnelle Lieferung | Eska-Ersatzteile","isPartOf":{"@id":"https:\/\/eskadalys.lt\/#website"},"primaryImageOfPage":{"@id":"https:\/\/eskadalys.lt\/product\/verzle-39\/#primaryimage"},"image":{"@id":"https:\/\/eskadalys.lt\/product\/verzle-39\/#primaryimage"},"thumbnailUrl":"https:\/\/eskadalys.lt\/wp-content\/uploads\/2024\/02\/nut-20240121-171812.png?v=1714921569","datePublished":"2024-02-11T03:56:11+00:00","dateModified":"2026-04-22T13:34:42+00:00","description":"Mutter - 20505959 Passend f\u00fcr: VOLVO, Baggerlader, BL61, BL70, BL71, Bagger, EC135B, EC140B, EC140C, EC160B, EC160C, EC200B, EC210B, EC210C, EC240B, EC240C, EC290C, ECR145C, EW140B, EW140C, EW145B, EW160B, EW160C, EW180B, EW180C, EW200B, Radlader, L50E, L60E, L60F, L70E, L70F, L90E, L90F, L110E, L110F, L120E, L120F, EC290B, EC180B L50F, L50F, EW210C, EW230C, EC180C, EC235C","breadcrumb":{"@id":"https:\/\/eskadalys.lt\/product\/verzle-39\/#breadcrumb"},"inLanguage":"de","potentialAction":[{"@type":"ReadAction","target":["https:\/\/eskadalys.lt\/product\/verzle-39\/"]}]},{"@type":"ImageObject","inLanguage":"de","@id":"https:\/\/eskadalys.lt\/product\/verzle-39\/#primaryimage","url":"https:\/\/eskadalys.lt\/wp-content\/uploads\/2024\/02\/nut-20240121-171812.png?v=1714921569","contentUrl":"https:\/\/eskadalys.lt\/wp-content\/uploads\/2024\/02\/nut-20240121-171812.png?v=1714921569","width":1256,"height":1248},{"@type":"BreadcrumbList","@id":"https:\/\/eskadalys.lt\/product\/verzle-39\/#breadcrumb","itemListElement":[{"@type":"ListItem","position":1,"name":"Strona g\u0142\u00f3wna","item":"https:\/\/eskadalys.lt\/"},{"@type":"ListItem","position":2,"name":"E-parduotuv\u0117","item":"https:\/\/eskadalys.lt\/e-parduotuve\/"},{"@type":"ListItem","position":3,"name":"Ver\u017el\u0117 &#8211; 20505959"}]},{"@type":"WebSite","@id":"https:\/\/eskadalys.lt\/#website","url":"https:\/\/eskadalys.lt\/","name":"Eska parts","description":"Teile f\u00fcr Bagger\/Minibagger\/Planierraupen","publisher":{"@id":"https:\/\/eskadalys.lt\/#organization"},"potentialAction":[{"@type":"SearchAction","target":{"@type":"EntryPoint","urlTemplate":"https:\/\/eskadalys.lt\/?s={search_term_string}"},"query-input":{"@type":"PropertyValueSpecification","valueRequired":true,"valueName":"search_term_string"}}],"inLanguage":"de"},{"@type":"Organization","@id":"https:\/\/eskadalys.lt\/#organization","name":"Eska parts","url":"https:\/\/eskadalys.lt\/","logo":{"@type":"ImageObject","inLanguage":"de","@id":"https:\/\/eskadalys.lt\/#\/schema\/logo\/image\/","url":"https:\/\/eskadalys.lt\/wp-content\/uploads\/2024\/01\/LOGO-ESKA-FINAL.svg","contentUrl":"https:\/\/eskadalys.lt\/wp-content\/uploads\/2024\/01\/LOGO-ESKA-FINAL.svg","width":259,"height":201,"caption":"Eska dalys"},"image":{"@id":"https:\/\/eskadalys.lt\/#\/schema\/logo\/image\/"},"sameAs":["https:\/\/www.facebook.com\/profile.php?id=61556005720456"]}]}},"_links":{"self":[{"href":"https:\/\/eskadalys.lt\/de\/wp-json\/wp\/v2\/product\/5476","targetHints":{"allow":["GET"]}}],"collection":[{"href":"https:\/\/eskadalys.lt\/de\/wp-json\/wp\/v2\/product"}],"about":[{"href":"https:\/\/eskadalys.lt\/de\/wp-json\/wp\/v2\/types\/product"}],"wp:featuredmedia":[{"embeddable":true,"href":"https:\/\/eskadalys.lt\/de\/wp-json\/wp\/v2\/media\/103518"}],"wp:attachment":[{"href":"https:\/\/eskadalys.lt\/de\/wp-json\/wp\/v2\/media?parent=5476"}],"wp:term":[{"taxonomy":"product_brand","embeddable":true,"href":"https:\/\/eskadalys.lt\/de\/wp-json\/wp\/v2\/product_brand?post=5476"},{"taxonomy":"product_cat","embeddable":true,"href":"https:\/\/eskadalys.lt\/de\/wp-json\/wp\/v2\/product_cat?post=5476"},{"taxonomy":"product_tag","embeddable":true,"href":"https:\/\/eskadalys.lt\/de\/wp-json\/wp\/v2\/product_tag?post=5476"}],"curies":[{"name":"wp","href":"https:\/\/api.w.org\/{rel}","templated":true}]}}