{"id":5010,"date":"2024-02-11T05:23:06","date_gmt":"2024-02-11T03:23:06","guid":{"rendered":"https:\/\/eskadalys.lt\/?post_type=product&#038;p=5010"},"modified":"2026-04-22T16:34:07","modified_gmt":"2026-04-22T13:34:07","slug":"dichtung-oem-perkins-7","status":"publish","type":"product","link":"https:\/\/eskadalys.lt\/de\/product\/tarpine-oem-perkins-7\/","title":{"rendered":"Dichtung OEM PERKINS \u2013 2258287"},"content":{"rendered":"<p><strong>Dichtung OEM PERKINS \u2013 2258287<\/strong><br \/>\n<strong>Geeignet f\u00fcr:<\/strong> CAT, Baggerlader, 428D, 428E, 428F, 430D, 430E, 430F, 432D, 432E, 432F, 434E, 442D, 442E, 444E, Raupenbagger, 318D2, 320, 320D, 323D, 323E, Teleskoplader, TH220B, TH330B, TH340B, TH350B, TH355B, TH460B, TH560B, TH580B, Planierraupe, D4K2, D5K2, D6K, D6N \/ , 444F, 434F, D5R, 428F2, 427F2, 432F2, 432F2, 428D1, 430F2<\/p>\n<p>225-8287<\/p>\n<h3>\ud83d\udd0d Auf der Suche nach einem anderen Produkt aus der Kategorie <a href=\"https:\/\/eskadalys.lt\/de\/produktkategorie-de\/motorteile\/oldichtungen-motor\/\">\u00d6ldichtungen, Dichtungsringe<\/a> ?<\/h3>\n<h3>\ud83d\udee0\ufe0f Katzenteile \u2013 hier finden Sie mehr davon <a href=\"https:\/\/eskadalys.lt\/de\/produktkategorie-de\/motorteile\/\">Motorteile<\/a> in der Kategorie.<\/h3>\n<p>Wenn Sie sich nicht sicher sind, ob dieses Teil zu Ihrer Maschine passt, <strong>Bitte senden Sie uns vor dem Kauf die Fahrzeugseriennummer (VIN).<\/strong>. Wir werden die Kompatibilit\u00e4t anhand der Kataloge \u00fcberpr\u00fcfen und <strong>Wir werden Ihnen das passende Teil anbieten.<\/strong>. Falls Sie das ben\u00f6tigte Ersatzteil nicht finden k\u00f6nnen, schreiben Sie uns \u2013 wir helfen Ihnen gerne bei der Suche!<\/p>\n<p><strong>\ud83d\udce6 Lager in Litauen<\/strong> \u2013 Bestellungen, die vor 14:00 Uhr eingehen, werden noch am selben Tag versandt.<\/p>\n<p><strong>\ud83d\ude80 Schnelle Lieferung<\/strong> \u2013 Bestellte Waren, die wir derzeit nicht auf Lager haben, werden innerhalb von 3-4 Werktagen geliefert.<\/p>\n<p><strong>\ud83d\udcc8 Gro\u00dfe Auswahl<\/strong> \u2013 Wir erweitern st\u00e4ndig unser Produktsortiment.<\/p>","protected":false},"excerpt":{"rendered":"<p>2258287 OEM<\/p>","protected":false},"featured_media":102554,"template":"","meta":{"site-sidebar-layout":"default","site-content-layout":"","ast-site-content-layout":"default","site-content-style":"default","site-sidebar-style":"default","ast-global-header-display":"","ast-banner-title-visibility":"","ast-main-header-display":"","ast-hfb-above-header-display":"","ast-hfb-below-header-display":"","ast-hfb-mobile-header-display":"","site-post-title":"","ast-breadcrumbs-content":"","ast-featured-img":"","footer-sml-layout":"","ast-disable-related-posts":"","theme-transparent-header-meta":"","adv-header-id-meta":"","stick-header-meta":"","header-above-stick-meta":"","header-main-stick-meta":"","header-below-stick-meta":"","astra-migrate-meta-layouts":"default","ast-page-background-enabled":"default","ast-page-background-meta":{"desktop":{"background-color":"","background-image":"","background-repeat":"repeat","background-position":"center center","background-size":"auto","background-attachment":"scroll","background-type":"","background-media":"","overlay-type":"","overlay-color":"","overlay-opacity":"","overlay-gradient":""},"tablet":{"background-color":"","background-image":"","background-repeat":"repeat","background-position":"center center","background-size":"auto","background-attachment":"scroll","background-type":"","background-media":"","overlay-type":"","overlay-color":"","overlay-opacity":"","overlay-gradient":""},"mobile":{"background-color":"","background-image":"","background-repeat":"repeat","background-position":"center center","background-size":"auto","background-attachment":"scroll","background-type":"","background-media":"","overlay-type":"","overlay-color":"","overlay-opacity":"","overlay-gradient":""}},"ast-content-background-meta":{"desktop":{"background-color":"var(--ast-global-color-5)","background-image":"","background-repeat":"repeat","background-position":"center center","background-size":"auto","background-attachment":"scroll","background-type":"","background-media":"","overlay-type":"","overlay-color":"","overlay-opacity":"","overlay-gradient":""},"tablet":{"background-color":"var(--ast-global-color-5)","background-image":"","background-repeat":"repeat","background-position":"center center","background-size":"auto","background-attachment":"scroll","background-type":"","background-media":"","overlay-type":"","overlay-color":"","overlay-opacity":"","overlay-gradient":""},"mobile":{"background-color":"var(--ast-global-color-5)","background-image":"","background-repeat":"repeat","background-position":"center center","background-size":"auto","background-attachment":"scroll","background-type":"","background-media":"","overlay-type":"","overlay-color":"","overlay-opacity":"","overlay-gradient":""}}},"product_brand":[],"product_cat":[782],"product_tag":[],"class_list":{"0":"post-5010","1":"product","2":"type-product","3":"status-publish","4":"has-post-thumbnail","6":"product_cat-rieboksliai-tarpines-ziedai-variklis","7":"desktop-align-left","8":"tablet-align-left","9":"mobile-align-left","11":"first","12":"onbackorder","13":"taxable","14":"shipping-taxable","15":"purchasable","16":"product-type-simple"},"yoast_head":"<!-- This site is optimized with the Yoast SEO plugin v27.4 - https:\/\/yoast.com\/product\/yoast-seo-wordpress\/ -->\n<title>Tarpin\u0117 OEM PERKINS - 2258287 | Gera kaina | Greitas pristatymas | Eska dalys<\/title>\n<meta name=\"description\" content=\"Tarpin\u0117 OEM PERKINS - 2258287 Tinka: CAT, Ekskavatorius krautuvas, 428D, 428E, 428F, 430D, 430E, 430F, 432D, 432E, 432F, 434E, 442D, 442E, 444E, Vik\u0161rinis ekskavatorius, 318D2, 320, 320D, 323D, 323E, Teleskopiniai krautuvai, TH220B, TH330B, TH340B, TH350B, TH355B, TH460B, TH560B, TH580B, Buldozeris, D4K2, D5K2, D6K, D6N \/ , 444F, 434F, D5R, 428F2, 427F2, 432F2, 432F2, 428D1, 430F2\" \/>\n<meta name=\"robots\" content=\"index, follow, max-snippet:-1, max-image-preview:large, max-video-preview:-1\" \/>\n<link rel=\"canonical\" href=\"https:\/\/eskadalys.lt\/de\/produkt-de\/dichtung-oem-perkins-7\/\" \/>\n<meta property=\"og:locale\" content=\"de_DE\" \/>\n<meta property=\"og:type\" content=\"article\" \/>\n<meta property=\"og:title\" content=\"Tarpin\u0117 OEM PERKINS - 2258287 | Gera kaina | Greitas pristatymas | Eska dalys\" \/>\n<meta property=\"og:description\" content=\"Tarpin\u0117 OEM PERKINS - 2258287 Tinka: CAT, Ekskavatorius krautuvas, 428D, 428E, 428F, 430D, 430E, 430F, 432D, 432E, 432F, 434E, 442D, 442E, 444E, Vik\u0161rinis ekskavatorius, 318D2, 320, 320D, 323D, 323E, Teleskopiniai krautuvai, TH220B, TH330B, TH340B, TH350B, TH355B, TH460B, TH560B, TH580B, Buldozeris, D4K2, D5K2, D6K, D6N \/ , 444F, 434F, D5R, 428F2, 427F2, 432F2, 432F2, 428D1, 430F2\" \/>\n<meta property=\"og:url\" content=\"https:\/\/eskadalys.lt\/de\/produkt-de\/dichtung-oem-perkins-7\/\" \/>\n<meta property=\"og:site_name\" content=\"Eska dalys\" \/>\n<meta property=\"article:publisher\" content=\"https:\/\/www.facebook.com\/profile.php?id=61556005720456\" \/>\n<meta property=\"article:modified_time\" content=\"2026-04-22T13:34:07+00:00\" \/>\n<meta property=\"og:image\" content=\"https:\/\/eskadalys.lt\/wp-content\/uploads\/2024\/02\/joint-1-20240121-164441-scaled-1.jpg?v=1714924744\" \/>\n\t<meta property=\"og:image:width\" content=\"1600\" \/>\n\t<meta property=\"og:image:height\" content=\"1067\" \/>\n\t<meta property=\"og:image:type\" content=\"image\/jpeg\" \/>\n<script type=\"application\/ld+json\" class=\"yoast-schema-graph\">{\"@context\":\"https:\\\/\\\/schema.org\",\"@graph\":[{\"@type\":\"WebPage\",\"@id\":\"https:\\\/\\\/eskadalys.lt\\\/product\\\/tarpine-oem-perkins-7\\\/\",\"url\":\"https:\\\/\\\/eskadalys.lt\\\/product\\\/tarpine-oem-perkins-7\\\/\",\"name\":\"Tarpin\u0117 OEM PERKINS - 2258287 | Gera kaina | Greitas pristatymas | Eska dalys\",\"isPartOf\":{\"@id\":\"https:\\\/\\\/eskadalys.lt\\\/#website\"},\"primaryImageOfPage\":{\"@id\":\"https:\\\/\\\/eskadalys.lt\\\/product\\\/tarpine-oem-perkins-7\\\/#primaryimage\"},\"image\":{\"@id\":\"https:\\\/\\\/eskadalys.lt\\\/product\\\/tarpine-oem-perkins-7\\\/#primaryimage\"},\"thumbnailUrl\":\"https:\\\/\\\/eskadalys.lt\\\/wp-content\\\/uploads\\\/2024\\\/02\\\/joint-1-20240121-164441-scaled-1.jpg?v=1714924744\",\"datePublished\":\"2024-02-11T03:23:06+00:00\",\"dateModified\":\"2026-04-22T13:34:07+00:00\",\"description\":\"Tarpin\u0117 OEM PERKINS - 2258287 Tinka: CAT, Ekskavatorius krautuvas, 428D, 428E, 428F, 430D, 430E, 430F, 432D, 432E, 432F, 434E, 442D, 442E, 444E, Vik\u0161rinis ekskavatorius, 318D2, 320, 320D, 323D, 323E, Teleskopiniai krautuvai, TH220B, TH330B, TH340B, TH350B, TH355B, TH460B, TH560B, TH580B, Buldozeris, D4K2, D5K2, D6K, D6N \\\/ , 444F, 434F, D5R, 428F2, 427F2, 432F2, 432F2, 428D1, 430F2\",\"breadcrumb\":{\"@id\":\"https:\\\/\\\/eskadalys.lt\\\/product\\\/tarpine-oem-perkins-7\\\/#breadcrumb\"},\"inLanguage\":\"de\",\"potentialAction\":[{\"@type\":\"ReadAction\",\"target\":[\"https:\\\/\\\/eskadalys.lt\\\/product\\\/tarpine-oem-perkins-7\\\/\"]}]},{\"@type\":\"ImageObject\",\"inLanguage\":\"de\",\"@id\":\"https:\\\/\\\/eskadalys.lt\\\/product\\\/tarpine-oem-perkins-7\\\/#primaryimage\",\"url\":\"https:\\\/\\\/eskadalys.lt\\\/wp-content\\\/uploads\\\/2024\\\/02\\\/joint-1-20240121-164441-scaled-1.jpg?v=1714924744\",\"contentUrl\":\"https:\\\/\\\/eskadalys.lt\\\/wp-content\\\/uploads\\\/2024\\\/02\\\/joint-1-20240121-164441-scaled-1.jpg?v=1714924744\",\"width\":1600,\"height\":1067},{\"@type\":\"BreadcrumbList\",\"@id\":\"https:\\\/\\\/eskadalys.lt\\\/product\\\/tarpine-oem-perkins-7\\\/#breadcrumb\",\"itemListElement\":[{\"@type\":\"ListItem\",\"position\":1,\"name\":\"Strona g\u0142\u00f3wna\",\"item\":\"https:\\\/\\\/eskadalys.lt\\\/\"},{\"@type\":\"ListItem\",\"position\":2,\"name\":\"E-parduotuv\u0117\",\"item\":\"https:\\\/\\\/eskadalys.lt\\\/e-parduotuve\\\/\"},{\"@type\":\"ListItem\",\"position\":3,\"name\":\"Tarpin\u0117 OEM PERKINS &#8211; 2258287\"}]},{\"@type\":\"WebSite\",\"@id\":\"https:\\\/\\\/eskadalys.lt\\\/#website\",\"url\":\"https:\\\/\\\/eskadalys.lt\\\/\",\"name\":\"Eska dalys\",\"description\":\"Ekskavatori\u0173 \\\/ mini ekskavatori\u0173 \\\/ buldozeri\u0173 dalys\",\"publisher\":{\"@id\":\"https:\\\/\\\/eskadalys.lt\\\/#organization\"},\"potentialAction\":[{\"@type\":\"SearchAction\",\"target\":{\"@type\":\"EntryPoint\",\"urlTemplate\":\"https:\\\/\\\/eskadalys.lt\\\/?s={search_term_string}\"},\"query-input\":{\"@type\":\"PropertyValueSpecification\",\"valueRequired\":true,\"valueName\":\"search_term_string\"}}],\"inLanguage\":\"de\"},{\"@type\":\"Organization\",\"@id\":\"https:\\\/\\\/eskadalys.lt\\\/#organization\",\"name\":\"Eska dalys\",\"url\":\"https:\\\/\\\/eskadalys.lt\\\/\",\"logo\":{\"@type\":\"ImageObject\",\"inLanguage\":\"de\",\"@id\":\"https:\\\/\\\/eskadalys.lt\\\/#\\\/schema\\\/logo\\\/image\\\/\",\"url\":\"https:\\\/\\\/eskadalys.lt\\\/wp-content\\\/uploads\\\/2024\\\/01\\\/LOGO-ESKA-FINAL.svg\",\"contentUrl\":\"https:\\\/\\\/eskadalys.lt\\\/wp-content\\\/uploads\\\/2024\\\/01\\\/LOGO-ESKA-FINAL.svg\",\"width\":259,\"height\":201,\"caption\":\"Eska dalys\"},\"image\":{\"@id\":\"https:\\\/\\\/eskadalys.lt\\\/#\\\/schema\\\/logo\\\/image\\\/\"},\"sameAs\":[\"https:\\\/\\\/www.facebook.com\\\/profile.php?id=61556005720456\"]}]}<\/script>\n<!-- \/ Yoast SEO plugin. -->","yoast_head_json":{"title":"Dichtung OEM PERKINS \u2013 2258287 | G\u00fcnstiger Preis | Schnelle Lieferung | Eska-Teile","description":"Dichtung OEM PERKINS - 2258287 Passend f\u00fcr: CAT, Baggerlader, 428D, 428E, 428F, 430D, 430E, 430F, 432D, 432E, 432F, 434E, 442D, 442E, 444E, Raupenbagger, 318D2, 320, 320D, 323D, 323E, Teleskoplader, TH220B, TH330B, TH340B, TH350B, TH355B, TH460B, TH560B, TH580B, Planierraupe, D4K2, D5K2, D6K, D6N \/ , 444F, 434F, D5R 428F2, 427F2, 432F2, 432F2, 428D1, 430F2","robots":{"index":"index","follow":"follow","max-snippet":"max-snippet:-1","max-image-preview":"max-image-preview:large","max-video-preview":"max-video-preview:-1"},"canonical":"https:\/\/eskadalys.lt\/de\/produkt-de\/dichtung-oem-perkins-7\/","og_locale":"de_DE","og_type":"article","og_title":"Tarpin\u0117 OEM PERKINS - 2258287 | Gera kaina | Greitas pristatymas | Eska dalys","og_description":"Tarpin\u0117 OEM PERKINS - 2258287 Tinka: CAT, Ekskavatorius krautuvas, 428D, 428E, 428F, 430D, 430E, 430F, 432D, 432E, 432F, 434E, 442D, 442E, 444E, Vik\u0161rinis ekskavatorius, 318D2, 320, 320D, 323D, 323E, Teleskopiniai krautuvai, TH220B, TH330B, TH340B, TH350B, TH355B, TH460B, TH560B, TH580B, Buldozeris, D4K2, D5K2, D6K, D6N \/ , 444F, 434F, D5R, 428F2, 427F2, 432F2, 432F2, 428D1, 430F2","og_url":"https:\/\/eskadalys.lt\/de\/produkt-de\/dichtung-oem-perkins-7\/","og_site_name":"Eska dalys","article_publisher":"https:\/\/www.facebook.com\/profile.php?id=61556005720456","article_modified_time":"2026-04-22T13:34:07+00:00","og_image":[{"width":1600,"height":1067,"url":"https:\/\/eskadalys.lt\/wp-content\/uploads\/2024\/02\/joint-1-20240121-164441-scaled-1.jpg?v=1714924744","type":"image\/jpeg"}],"schema":{"@context":"https:\/\/schema.org","@graph":[{"@type":"WebPage","@id":"https:\/\/eskadalys.lt\/product\/tarpine-oem-perkins-7\/","url":"https:\/\/eskadalys.lt\/product\/tarpine-oem-perkins-7\/","name":"Dichtung OEM PERKINS \u2013 2258287 | G\u00fcnstiger Preis | Schnelle Lieferung | Eska-Teile","isPartOf":{"@id":"https:\/\/eskadalys.lt\/#website"},"primaryImageOfPage":{"@id":"https:\/\/eskadalys.lt\/product\/tarpine-oem-perkins-7\/#primaryimage"},"image":{"@id":"https:\/\/eskadalys.lt\/product\/tarpine-oem-perkins-7\/#primaryimage"},"thumbnailUrl":"https:\/\/eskadalys.lt\/wp-content\/uploads\/2024\/02\/joint-1-20240121-164441-scaled-1.jpg?v=1714924744","datePublished":"2024-02-11T03:23:06+00:00","dateModified":"2026-04-22T13:34:07+00:00","description":"Dichtung OEM PERKINS - 2258287 Passend f\u00fcr: CAT, Baggerlader, 428D, 428E, 428F, 430D, 430E, 430F, 432D, 432E, 432F, 434E, 442D, 442E, 444E, Raupenbagger, 318D2, 320, 320D, 323D, 323E, Teleskoplader, TH220B, TH330B, TH340B, TH350B, TH355B, TH460B, TH560B, TH580B, Planierraupe, D4K2, D5K2, D6K, D6N \/ , 444F, 434F, D5R 428F2, 427F2, 432F2, 432F2, 428D1, 430F2","breadcrumb":{"@id":"https:\/\/eskadalys.lt\/product\/tarpine-oem-perkins-7\/#breadcrumb"},"inLanguage":"de","potentialAction":[{"@type":"ReadAction","target":["https:\/\/eskadalys.lt\/product\/tarpine-oem-perkins-7\/"]}]},{"@type":"ImageObject","inLanguage":"de","@id":"https:\/\/eskadalys.lt\/product\/tarpine-oem-perkins-7\/#primaryimage","url":"https:\/\/eskadalys.lt\/wp-content\/uploads\/2024\/02\/joint-1-20240121-164441-scaled-1.jpg?v=1714924744","contentUrl":"https:\/\/eskadalys.lt\/wp-content\/uploads\/2024\/02\/joint-1-20240121-164441-scaled-1.jpg?v=1714924744","width":1600,"height":1067},{"@type":"BreadcrumbList","@id":"https:\/\/eskadalys.lt\/product\/tarpine-oem-perkins-7\/#breadcrumb","itemListElement":[{"@type":"ListItem","position":1,"name":"Strona g\u0142\u00f3wna","item":"https:\/\/eskadalys.lt\/"},{"@type":"ListItem","position":2,"name":"E-parduotuv\u0117","item":"https:\/\/eskadalys.lt\/e-parduotuve\/"},{"@type":"ListItem","position":3,"name":"Tarpin\u0117 OEM PERKINS &#8211; 2258287"}]},{"@type":"WebSite","@id":"https:\/\/eskadalys.lt\/#website","url":"https:\/\/eskadalys.lt\/","name":"Eska parts","description":"Teile f\u00fcr Bagger\/Minibagger\/Planierraupen","publisher":{"@id":"https:\/\/eskadalys.lt\/#organization"},"potentialAction":[{"@type":"SearchAction","target":{"@type":"EntryPoint","urlTemplate":"https:\/\/eskadalys.lt\/?s={search_term_string}"},"query-input":{"@type":"PropertyValueSpecification","valueRequired":true,"valueName":"search_term_string"}}],"inLanguage":"de"},{"@type":"Organization","@id":"https:\/\/eskadalys.lt\/#organization","name":"Eska parts","url":"https:\/\/eskadalys.lt\/","logo":{"@type":"ImageObject","inLanguage":"de","@id":"https:\/\/eskadalys.lt\/#\/schema\/logo\/image\/","url":"https:\/\/eskadalys.lt\/wp-content\/uploads\/2024\/01\/LOGO-ESKA-FINAL.svg","contentUrl":"https:\/\/eskadalys.lt\/wp-content\/uploads\/2024\/01\/LOGO-ESKA-FINAL.svg","width":259,"height":201,"caption":"Eska dalys"},"image":{"@id":"https:\/\/eskadalys.lt\/#\/schema\/logo\/image\/"},"sameAs":["https:\/\/www.facebook.com\/profile.php?id=61556005720456"]}]}},"_links":{"self":[{"href":"https:\/\/eskadalys.lt\/de\/wp-json\/wp\/v2\/product\/5010","targetHints":{"allow":["GET"]}}],"collection":[{"href":"https:\/\/eskadalys.lt\/de\/wp-json\/wp\/v2\/product"}],"about":[{"href":"https:\/\/eskadalys.lt\/de\/wp-json\/wp\/v2\/types\/product"}],"wp:featuredmedia":[{"embeddable":true,"href":"https:\/\/eskadalys.lt\/de\/wp-json\/wp\/v2\/media\/102554"}],"wp:attachment":[{"href":"https:\/\/eskadalys.lt\/de\/wp-json\/wp\/v2\/media?parent=5010"}],"wp:term":[{"taxonomy":"product_brand","embeddable":true,"href":"https:\/\/eskadalys.lt\/de\/wp-json\/wp\/v2\/product_brand?post=5010"},{"taxonomy":"product_cat","embeddable":true,"href":"https:\/\/eskadalys.lt\/de\/wp-json\/wp\/v2\/product_cat?post=5010"},{"taxonomy":"product_tag","embeddable":true,"href":"https:\/\/eskadalys.lt\/de\/wp-json\/wp\/v2\/product_tag?post=5010"}],"curies":[{"name":"wp","href":"https:\/\/api.w.org\/{rel}","templated":true}]}}