{"id":4321,"date":"2024-02-11T04:31:07","date_gmt":"2024-02-11T02:31:07","guid":{"rendered":"https:\/\/eskadalys.lt\/?post_type=product&#038;p=4321"},"modified":"2026-03-26T09:54:50","modified_gmt":"2026-03-26T07:54:50","slug":"olstandsanzeiger","status":"publish","type":"product","link":"https:\/\/eskadalys.lt\/de\/product\/alyvos-lygio-rodiklis\/","title":{"rendered":"\u00d6lstandsanzeiger \u2013 14725906"},"content":{"rendered":"<p><strong>\u00d6lstandsanzeiger \u2013 14725906<\/strong><br \/>\nAbmessungen:<br \/>\nL\u00e4nge: 192 mm,<br \/>\n Au\u00dfendurchmesser: 20, 20 mm,<br \/>\nBreite: 25,88 mm,  <\/p>\n<p><strong>Geeignet f\u00fcr:<\/strong> VOLVO, EC55B, ECR58, EW55B, EC135B, EC140B, EC160B, EC460B, EC700B, EW145B, EC180B<br \/>\nOE-Nummern: 14532362, 114101720<br \/>\nVOE14725906<\/p>\n<h3>\ud83d\udd0d Auf der Suche nach einem anderen Produkt aus der Kategorie <a href=\"https:\/\/eskadalys.lt\/de\/produktkategorie-de\/elektrische-bauteile\/kraftstoffstandsensoren\/\">Kraftstoffstandsensoren<\/a> ?<\/h3>\n<h3>\ud83d\udee0\ufe0f VOLVO-Teile \u2013 hier finden Sie mehr davon <a href=\"https:\/\/eskadalys.lt\/de\/produktkategorie-de\/elektrische-bauteile\/\">Elektrische Komponenten<\/a> in der Kategorie.<\/h3>\n<p>Wenn Sie sich nicht sicher sind, ob dieses Teil zu Ihrer Maschine passt, <strong>Bitte senden Sie uns vor dem Kauf die Fahrzeugseriennummer (VIN).<\/strong>. Wir werden die Kompatibilit\u00e4t anhand der Kataloge \u00fcberpr\u00fcfen und <strong>Wir werden Ihnen das passende Teil anbieten.<\/strong>. Falls Sie das ben\u00f6tigte Ersatzteil nicht finden k\u00f6nnen, schreiben Sie uns \u2013 wir helfen Ihnen gerne bei der Suche!<\/p>\n<p><strong>\ud83d\udce6 Lager in Litauen<\/strong> \u2013 Bestellungen, die vor 14:00 Uhr eingehen, werden noch am selben Tag versandt.<\/p>\n<p><strong>\ud83d\ude80 Schnelle Lieferung<\/strong> \u2013 Bestellte Waren, die wir derzeit nicht auf Lager haben, werden innerhalb von 3-4 Werktagen geliefert.<\/p>\n<p><strong>\ud83d\udcc8 Gro\u00dfe Auswahl<\/strong> \u2013 Wir erweitern st\u00e4ndig unser Produktsortiment.<\/p>","protected":false},"excerpt":{"rendered":"<p>14725906<\/p>","protected":false},"featured_media":101036,"template":"","meta":{"site-sidebar-layout":"default","site-content-layout":"","ast-site-content-layout":"default","site-content-style":"default","site-sidebar-style":"default","ast-global-header-display":"","ast-banner-title-visibility":"","ast-main-header-display":"","ast-hfb-above-header-display":"","ast-hfb-below-header-display":"","ast-hfb-mobile-header-display":"","site-post-title":"","ast-breadcrumbs-content":"","ast-featured-img":"","footer-sml-layout":"","ast-disable-related-posts":"","theme-transparent-header-meta":"","adv-header-id-meta":"","stick-header-meta":"","header-above-stick-meta":"","header-main-stick-meta":"","header-below-stick-meta":"","astra-migrate-meta-layouts":"default","ast-page-background-enabled":"default","ast-page-background-meta":{"desktop":{"background-color":"","background-image":"","background-repeat":"repeat","background-position":"center center","background-size":"auto","background-attachment":"scroll","background-type":"","background-media":"","overlay-type":"","overlay-color":"","overlay-opacity":"","overlay-gradient":""},"tablet":{"background-color":"","background-image":"","background-repeat":"repeat","background-position":"center center","background-size":"auto","background-attachment":"scroll","background-type":"","background-media":"","overlay-type":"","overlay-color":"","overlay-opacity":"","overlay-gradient":""},"mobile":{"background-color":"","background-image":"","background-repeat":"repeat","background-position":"center center","background-size":"auto","background-attachment":"scroll","background-type":"","background-media":"","overlay-type":"","overlay-color":"","overlay-opacity":"","overlay-gradient":""}},"ast-content-background-meta":{"desktop":{"background-color":"var(--ast-global-color-5)","background-image":"","background-repeat":"repeat","background-position":"center center","background-size":"auto","background-attachment":"scroll","background-type":"","background-media":"","overlay-type":"","overlay-color":"","overlay-opacity":"","overlay-gradient":""},"tablet":{"background-color":"var(--ast-global-color-5)","background-image":"","background-repeat":"repeat","background-position":"center center","background-size":"auto","background-attachment":"scroll","background-type":"","background-media":"","overlay-type":"","overlay-color":"","overlay-opacity":"","overlay-gradient":""},"mobile":{"background-color":"var(--ast-global-color-5)","background-image":"","background-repeat":"repeat","background-position":"center center","background-size":"auto","background-attachment":"scroll","background-type":"","background-media":"","overlay-type":"","overlay-color":"","overlay-opacity":"","overlay-gradient":""}}},"product_brand":[],"product_cat":[801],"product_tag":[45859],"class_list":{"0":"post-4321","1":"product","2":"type-product","3":"status-publish","4":"has-post-thumbnail","6":"product_cat-kuro-lygio-davikliai","7":"product_tag-volvo-ec55b-ecr58-ew55b-ec135b-ec140b-ec160b-ec460b-ec700b-ew145b-ec180b-14532362-114101720","8":"desktop-align-left","9":"tablet-align-left","10":"mobile-align-left","12":"first","13":"onbackorder","14":"taxable","15":"shipping-taxable","16":"purchasable","17":"product-type-simple"},"yoast_head":"<!-- This site is optimized with the Yoast SEO plugin v27.3 - https:\/\/yoast.com\/product\/yoast-seo-wordpress\/ -->\n<title>Alyvos lygio rodiklis - 14725906 | Gera kaina | Greitas pristatymas | Eska dalys<\/title>\n<meta name=\"description\" content=\"Alyvos lygio rodiklis - 14725906 Matmenys: Ilgis:\u00a0\u00a0192 mm, I\u0161orinis skersmuo:\u00a020, 20 mm, Plotis:\u00a025, 88 mm, Tinka: VOLVO, EC55B, ECR58, EW55B, EC135B, EC140B, EC160B, EC460B, EC700B, EW145B, EC180B OE numeriai: 14532362, 114101720\" \/>\n<meta name=\"robots\" content=\"index, follow, max-snippet:-1, max-image-preview:large, max-video-preview:-1\" \/>\n<link rel=\"canonical\" href=\"https:\/\/eskadalys.lt\/de\/produkt-de\/olstandsanzeiger\/\" \/>\n<meta property=\"og:locale\" content=\"de_DE\" \/>\n<meta property=\"og:type\" content=\"article\" \/>\n<meta property=\"og:title\" content=\"Alyvos lygio rodiklis - 14725906 | Gera kaina | Greitas pristatymas | Eska dalys\" \/>\n<meta property=\"og:description\" content=\"Alyvos lygio rodiklis - 14725906 Matmenys: Ilgis:\u00a0\u00a0192 mm, I\u0161orinis skersmuo:\u00a020, 20 mm, Plotis:\u00a025, 88 mm, Tinka: VOLVO, EC55B, ECR58, EW55B, EC135B, EC140B, EC160B, EC460B, EC700B, EW145B, EC180B OE numeriai: 14532362, 114101720\" \/>\n<meta property=\"og:url\" content=\"https:\/\/eskadalys.lt\/de\/produkt-de\/olstandsanzeiger\/\" \/>\n<meta property=\"og:site_name\" content=\"Eska dalys\" \/>\n<meta property=\"article:publisher\" content=\"https:\/\/www.facebook.com\/profile.php?id=61556005720456\" \/>\n<meta property=\"article:modified_time\" content=\"2026-03-26T07:54:50+00:00\" \/>\n<meta property=\"og:image\" content=\"https:\/\/eskadalys.lt\/wp-content\/uploads\/2024\/02\/wskaznik-cisnienia-20240121-155248.png?v=1714929921\" \/>\n\t<meta property=\"og:image:width\" content=\"582\" \/>\n\t<meta property=\"og:image:height\" content=\"323\" \/>\n\t<meta property=\"og:image:type\" content=\"image\/png\" \/>\n<script type=\"application\/ld+json\" class=\"yoast-schema-graph\">{\"@context\":\"https:\\\/\\\/schema.org\",\"@graph\":[{\"@type\":\"WebPage\",\"@id\":\"https:\\\/\\\/eskadalys.lt\\\/product\\\/alyvos-lygio-rodiklis\\\/\",\"url\":\"https:\\\/\\\/eskadalys.lt\\\/product\\\/alyvos-lygio-rodiklis\\\/\",\"name\":\"Alyvos lygio rodiklis - 14725906 | Gera kaina | Greitas pristatymas | Eska dalys\",\"isPartOf\":{\"@id\":\"https:\\\/\\\/eskadalys.lt\\\/#website\"},\"primaryImageOfPage\":{\"@id\":\"https:\\\/\\\/eskadalys.lt\\\/product\\\/alyvos-lygio-rodiklis\\\/#primaryimage\"},\"image\":{\"@id\":\"https:\\\/\\\/eskadalys.lt\\\/product\\\/alyvos-lygio-rodiklis\\\/#primaryimage\"},\"thumbnailUrl\":\"https:\\\/\\\/eskadalys.lt\\\/wp-content\\\/uploads\\\/2024\\\/02\\\/wskaznik-cisnienia-20240121-155248.png?v=1714929921\",\"datePublished\":\"2024-02-11T02:31:07+00:00\",\"dateModified\":\"2026-03-26T07:54:50+00:00\",\"description\":\"Alyvos lygio rodiklis - 14725906 Matmenys: Ilgis:\u00a0\u00a0192 mm, I\u0161orinis skersmuo:\u00a020, 20 mm, Plotis:\u00a025, 88 mm, Tinka: VOLVO, EC55B, ECR58, EW55B, EC135B, EC140B, EC160B, EC460B, EC700B, EW145B, EC180B OE numeriai: 14532362, 114101720\",\"breadcrumb\":{\"@id\":\"https:\\\/\\\/eskadalys.lt\\\/product\\\/alyvos-lygio-rodiklis\\\/#breadcrumb\"},\"inLanguage\":\"de\",\"potentialAction\":[{\"@type\":\"ReadAction\",\"target\":[\"https:\\\/\\\/eskadalys.lt\\\/product\\\/alyvos-lygio-rodiklis\\\/\"]}]},{\"@type\":\"ImageObject\",\"inLanguage\":\"de\",\"@id\":\"https:\\\/\\\/eskadalys.lt\\\/product\\\/alyvos-lygio-rodiklis\\\/#primaryimage\",\"url\":\"https:\\\/\\\/eskadalys.lt\\\/wp-content\\\/uploads\\\/2024\\\/02\\\/wskaznik-cisnienia-20240121-155248.png?v=1714929921\",\"contentUrl\":\"https:\\\/\\\/eskadalys.lt\\\/wp-content\\\/uploads\\\/2024\\\/02\\\/wskaznik-cisnienia-20240121-155248.png?v=1714929921\",\"width\":582,\"height\":323},{\"@type\":\"BreadcrumbList\",\"@id\":\"https:\\\/\\\/eskadalys.lt\\\/product\\\/alyvos-lygio-rodiklis\\\/#breadcrumb\",\"itemListElement\":[{\"@type\":\"ListItem\",\"position\":1,\"name\":\"Strona g\u0142\u00f3wna\",\"item\":\"https:\\\/\\\/eskadalys.lt\\\/\"},{\"@type\":\"ListItem\",\"position\":2,\"name\":\"E-parduotuv\u0117\",\"item\":\"https:\\\/\\\/eskadalys.lt\\\/e-parduotuve\\\/\"},{\"@type\":\"ListItem\",\"position\":3,\"name\":\"Alyvos lygio rodiklis &#8211; 14725906\"}]},{\"@type\":\"WebSite\",\"@id\":\"https:\\\/\\\/eskadalys.lt\\\/#website\",\"url\":\"https:\\\/\\\/eskadalys.lt\\\/\",\"name\":\"Eska dalys\",\"description\":\"Ekskavatori\u0173 \\\/ mini ekskavatori\u0173 \\\/ buldozeri\u0173 dalys\",\"publisher\":{\"@id\":\"https:\\\/\\\/eskadalys.lt\\\/#organization\"},\"potentialAction\":[{\"@type\":\"SearchAction\",\"target\":{\"@type\":\"EntryPoint\",\"urlTemplate\":\"https:\\\/\\\/eskadalys.lt\\\/?s={search_term_string}\"},\"query-input\":{\"@type\":\"PropertyValueSpecification\",\"valueRequired\":true,\"valueName\":\"search_term_string\"}}],\"inLanguage\":\"de\"},{\"@type\":\"Organization\",\"@id\":\"https:\\\/\\\/eskadalys.lt\\\/#organization\",\"name\":\"Eska dalys\",\"url\":\"https:\\\/\\\/eskadalys.lt\\\/\",\"logo\":{\"@type\":\"ImageObject\",\"inLanguage\":\"de\",\"@id\":\"https:\\\/\\\/eskadalys.lt\\\/#\\\/schema\\\/logo\\\/image\\\/\",\"url\":\"https:\\\/\\\/eskadalys.lt\\\/wp-content\\\/uploads\\\/2024\\\/01\\\/LOGO-ESKA-FINAL.svg\",\"contentUrl\":\"https:\\\/\\\/eskadalys.lt\\\/wp-content\\\/uploads\\\/2024\\\/01\\\/LOGO-ESKA-FINAL.svg\",\"width\":259,\"height\":201,\"caption\":\"Eska dalys\"},\"image\":{\"@id\":\"https:\\\/\\\/eskadalys.lt\\\/#\\\/schema\\\/logo\\\/image\\\/\"},\"sameAs\":[\"https:\\\/\\\/www.facebook.com\\\/profile.php?id=61556005720456\"]}]}<\/script>\n<!-- \/ Yoast SEO plugin. -->","yoast_head_json":{"title":"\u00d6lstandsanzeiger \u2013 14725906 | G\u00fcnstiger Preis | Schnelle Lieferung | Eska-Ersatzteile","description":"\u00d6lstandsanzeiger \u2013 14725906 Abmessungen: L\u00e4nge: 192 mm, Au\u00dfendurchmesser: 20,20 mm, Breite: 25,88 mm, Passend f\u00fcr: VOLVO, EC55B, ECR58, EW55B, EC135B, EC140B, EC160B, EC460B, EC700B, EW145B, EC180B OE-Nummern: 14532362, 114101720","robots":{"index":"index","follow":"follow","max-snippet":"max-snippet:-1","max-image-preview":"max-image-preview:large","max-video-preview":"max-video-preview:-1"},"canonical":"https:\/\/eskadalys.lt\/de\/produkt-de\/olstandsanzeiger\/","og_locale":"de_DE","og_type":"article","og_title":"Alyvos lygio rodiklis - 14725906 | Gera kaina | Greitas pristatymas | Eska dalys","og_description":"Alyvos lygio rodiklis - 14725906 Matmenys: Ilgis:\u00a0\u00a0192 mm, I\u0161orinis skersmuo:\u00a020, 20 mm, Plotis:\u00a025, 88 mm, Tinka: VOLVO, EC55B, ECR58, EW55B, EC135B, EC140B, EC160B, EC460B, EC700B, EW145B, EC180B OE numeriai: 14532362, 114101720","og_url":"https:\/\/eskadalys.lt\/de\/produkt-de\/olstandsanzeiger\/","og_site_name":"Eska dalys","article_publisher":"https:\/\/www.facebook.com\/profile.php?id=61556005720456","article_modified_time":"2026-03-26T07:54:50+00:00","og_image":[{"width":582,"height":323,"url":"https:\/\/eskadalys.lt\/wp-content\/uploads\/2024\/02\/wskaznik-cisnienia-20240121-155248.png?v=1714929921","type":"image\/png"}],"schema":{"@context":"https:\/\/schema.org","@graph":[{"@type":"WebPage","@id":"https:\/\/eskadalys.lt\/product\/alyvos-lygio-rodiklis\/","url":"https:\/\/eskadalys.lt\/product\/alyvos-lygio-rodiklis\/","name":"\u00d6lstandsanzeiger \u2013 14725906 | G\u00fcnstiger Preis | Schnelle Lieferung | Eska-Ersatzteile","isPartOf":{"@id":"https:\/\/eskadalys.lt\/#website"},"primaryImageOfPage":{"@id":"https:\/\/eskadalys.lt\/product\/alyvos-lygio-rodiklis\/#primaryimage"},"image":{"@id":"https:\/\/eskadalys.lt\/product\/alyvos-lygio-rodiklis\/#primaryimage"},"thumbnailUrl":"https:\/\/eskadalys.lt\/wp-content\/uploads\/2024\/02\/wskaznik-cisnienia-20240121-155248.png?v=1714929921","datePublished":"2024-02-11T02:31:07+00:00","dateModified":"2026-03-26T07:54:50+00:00","description":"\u00d6lstandsanzeiger \u2013 14725906 Abmessungen: L\u00e4nge: 192 mm, Au\u00dfendurchmesser: 20,20 mm, Breite: 25,88 mm, Passend f\u00fcr: VOLVO, EC55B, ECR58, EW55B, EC135B, EC140B, EC160B, EC460B, EC700B, EW145B, EC180B OE-Nummern: 14532362, 114101720","breadcrumb":{"@id":"https:\/\/eskadalys.lt\/product\/alyvos-lygio-rodiklis\/#breadcrumb"},"inLanguage":"de","potentialAction":[{"@type":"ReadAction","target":["https:\/\/eskadalys.lt\/product\/alyvos-lygio-rodiklis\/"]}]},{"@type":"ImageObject","inLanguage":"de","@id":"https:\/\/eskadalys.lt\/product\/alyvos-lygio-rodiklis\/#primaryimage","url":"https:\/\/eskadalys.lt\/wp-content\/uploads\/2024\/02\/wskaznik-cisnienia-20240121-155248.png?v=1714929921","contentUrl":"https:\/\/eskadalys.lt\/wp-content\/uploads\/2024\/02\/wskaznik-cisnienia-20240121-155248.png?v=1714929921","width":582,"height":323},{"@type":"BreadcrumbList","@id":"https:\/\/eskadalys.lt\/product\/alyvos-lygio-rodiklis\/#breadcrumb","itemListElement":[{"@type":"ListItem","position":1,"name":"Strona g\u0142\u00f3wna","item":"https:\/\/eskadalys.lt\/"},{"@type":"ListItem","position":2,"name":"E-parduotuv\u0117","item":"https:\/\/eskadalys.lt\/e-parduotuve\/"},{"@type":"ListItem","position":3,"name":"Alyvos lygio rodiklis &#8211; 14725906"}]},{"@type":"WebSite","@id":"https:\/\/eskadalys.lt\/#website","url":"https:\/\/eskadalys.lt\/","name":"Eska parts","description":"Teile f\u00fcr Bagger\/Minibagger\/Planierraupen","publisher":{"@id":"https:\/\/eskadalys.lt\/#organization"},"potentialAction":[{"@type":"SearchAction","target":{"@type":"EntryPoint","urlTemplate":"https:\/\/eskadalys.lt\/?s={search_term_string}"},"query-input":{"@type":"PropertyValueSpecification","valueRequired":true,"valueName":"search_term_string"}}],"inLanguage":"de"},{"@type":"Organization","@id":"https:\/\/eskadalys.lt\/#organization","name":"Eska parts","url":"https:\/\/eskadalys.lt\/","logo":{"@type":"ImageObject","inLanguage":"de","@id":"https:\/\/eskadalys.lt\/#\/schema\/logo\/image\/","url":"https:\/\/eskadalys.lt\/wp-content\/uploads\/2024\/01\/LOGO-ESKA-FINAL.svg","contentUrl":"https:\/\/eskadalys.lt\/wp-content\/uploads\/2024\/01\/LOGO-ESKA-FINAL.svg","width":259,"height":201,"caption":"Eska dalys"},"image":{"@id":"https:\/\/eskadalys.lt\/#\/schema\/logo\/image\/"},"sameAs":["https:\/\/www.facebook.com\/profile.php?id=61556005720456"]}]}},"_links":{"self":[{"href":"https:\/\/eskadalys.lt\/de\/wp-json\/wp\/v2\/product\/4321","targetHints":{"allow":["GET"]}}],"collection":[{"href":"https:\/\/eskadalys.lt\/de\/wp-json\/wp\/v2\/product"}],"about":[{"href":"https:\/\/eskadalys.lt\/de\/wp-json\/wp\/v2\/types\/product"}],"wp:featuredmedia":[{"embeddable":true,"href":"https:\/\/eskadalys.lt\/de\/wp-json\/wp\/v2\/media\/101036"}],"wp:attachment":[{"href":"https:\/\/eskadalys.lt\/de\/wp-json\/wp\/v2\/media?parent=4321"}],"wp:term":[{"taxonomy":"product_brand","embeddable":true,"href":"https:\/\/eskadalys.lt\/de\/wp-json\/wp\/v2\/product_brand?post=4321"},{"taxonomy":"product_cat","embeddable":true,"href":"https:\/\/eskadalys.lt\/de\/wp-json\/wp\/v2\/product_cat?post=4321"},{"taxonomy":"product_tag","embeddable":true,"href":"https:\/\/eskadalys.lt\/de\/wp-json\/wp\/v2\/product_tag?post=4321"}],"curies":[{"name":"wp","href":"https:\/\/api.w.org\/{rel}","templated":true}]}}