{"id":3039,"date":"2024-02-11T03:00:19","date_gmt":"2024-02-11T01:00:19","guid":{"rendered":"https:\/\/eskadalys.lt\/?post_type=product&#038;p=3039"},"modified":"2026-03-26T09:53:22","modified_gmt":"2026-03-26T07:53:22","slug":"kondicionieriaus-radiatorius","status":"publish","type":"product","link":"https:\/\/eskadalys.lt\/de\/product\/kondicionieriaus-radiatorius\/","title":{"rendered":"Klimaanlagenk\u00fchler \u2013 14539787"},"content":{"rendered":"<p><strong>Klimaanlagenk\u00fchler \u2013 14539787<\/strong><\/p>\n<p>Abmessungen:<br \/>\nAuk\u0161tis:\u00a0430 mm,<br \/>\nIlgis:\u00a0800 mm,<br \/>\nBreite: 30 mm,<\/p>\n<p><strong>Geeignet f\u00fcr:<\/strong> VOLVO, EC240B, EC240C, EC290C, EC460B, EC460C, EC700B, EC700C, FC2924C, FC3329C<br \/>\nVOE14539787<\/p>\n<h3>\ud83d\udd0d Auf der Suche nach einem anderen Produkt aus der Kategorie <a href=\"https:\/\/eskadalys.lt\/de\/produktkategorie-de\/kuhlung\/kuhlradiatoren\/\">K\u00fchlk\u00f6rper<\/a>?<\/h3>\n<h3>\ud83d\udee0\ufe0f VOLVO-Teile \u2013 hier finden Sie mehr davon <a href=\"https:\/\/eskadalys.lt\/de\/produktkategorie-de\/kuhlung\/\">K\u00fchlung<\/a> in der Kategorie.<\/h3>\n<p>Wenn Sie sich nicht sicher sind, ob dieses Teil zu Ihrer Maschine passt, <strong>Bitte senden Sie uns vor dem Kauf die Fahrzeugseriennummer (VIN).<\/strong>. Wir werden die Kompatibilit\u00e4t anhand der Kataloge \u00fcberpr\u00fcfen und <strong>Wir werden Ihnen das passende Teil anbieten.<\/strong>. Falls Sie das ben\u00f6tigte Ersatzteil nicht finden k\u00f6nnen, schreiben Sie uns \u2013 wir helfen Ihnen gerne bei der Suche!<\/p>\n<p><strong>\ud83d\udce6 Lager in Litauen<\/strong> \u2013 Bestellungen, die vor 14:00 Uhr eingehen, werden noch am selben Tag versandt.<\/p>\n<p><strong>\ud83d\ude80 Schnelle Lieferung<\/strong> \u2013 Bestellte Waren, die wir derzeit nicht auf Lager haben, werden innerhalb von 3-4 Werktagen geliefert.<\/p>\n<p><strong>\ud83d\udcc8 Gro\u00dfe Auswahl<\/strong> \u2013 Wir erweitern st\u00e4ndig unser Produktsortiment.<\/p>","protected":false},"excerpt":{"rendered":"<p>14539787<\/p>","protected":false},"featured_media":98391,"template":"","meta":{"site-sidebar-layout":"default","site-content-layout":"","ast-site-content-layout":"default","site-content-style":"default","site-sidebar-style":"default","ast-global-header-display":"","ast-banner-title-visibility":"","ast-main-header-display":"","ast-hfb-above-header-display":"","ast-hfb-below-header-display":"","ast-hfb-mobile-header-display":"","site-post-title":"","ast-breadcrumbs-content":"","ast-featured-img":"","footer-sml-layout":"","ast-disable-related-posts":"","theme-transparent-header-meta":"default","adv-header-id-meta":"","stick-header-meta":"","header-above-stick-meta":"","header-main-stick-meta":"","header-below-stick-meta":"","astra-migrate-meta-layouts":"set","ast-page-background-enabled":"default","ast-page-background-meta":{"desktop":{"background-color":"","background-image":"","background-repeat":"repeat","background-position":"center center","background-size":"auto","background-attachment":"scroll","background-type":"","background-media":"","overlay-type":"","overlay-color":"","overlay-opacity":"","overlay-gradient":""},"tablet":{"background-color":"","background-image":"","background-repeat":"repeat","background-position":"center center","background-size":"auto","background-attachment":"scroll","background-type":"","background-media":"","overlay-type":"","overlay-color":"","overlay-opacity":"","overlay-gradient":""},"mobile":{"background-color":"","background-image":"","background-repeat":"repeat","background-position":"center center","background-size":"auto","background-attachment":"scroll","background-type":"","background-media":"","overlay-type":"","overlay-color":"","overlay-opacity":"","overlay-gradient":""}},"ast-content-background-meta":{"desktop":{"background-color":"var(--ast-global-color-5)","background-image":"","background-repeat":"repeat","background-position":"center center","background-size":"auto","background-attachment":"scroll","background-type":"","background-media":"","overlay-type":"","overlay-color":"","overlay-opacity":"","overlay-gradient":""},"tablet":{"background-color":"var(--ast-global-color-5)","background-image":"","background-repeat":"repeat","background-position":"center center","background-size":"auto","background-attachment":"scroll","background-type":"","background-media":"","overlay-type":"","overlay-color":"","overlay-opacity":"","overlay-gradient":""},"mobile":{"background-color":"var(--ast-global-color-5)","background-image":"","background-repeat":"repeat","background-position":"center center","background-size":"auto","background-attachment":"scroll","background-type":"","background-media":"","overlay-type":"","overlay-color":"","overlay-opacity":"","overlay-gradient":""}}},"product_brand":[],"product_cat":[780],"product_tag":[49964,49965,49966,49967,49968,49969,49970,49971,49972,43253],"class_list":{"0":"post-3039","1":"product","2":"type-product","3":"status-publish","4":"has-post-thumbnail","6":"product_cat-ausinimo-radiatoriai","7":"product_tag-ec240b","8":"product_tag-ec240c","9":"product_tag-ec290c","10":"product_tag-ec460b","11":"product_tag-ec460c","12":"product_tag-ec700b","13":"product_tag-ec700c","14":"product_tag-fc2924c","15":"product_tag-fc3329c","16":"product_tag-volvo","17":"desktop-align-left","18":"tablet-align-left","19":"mobile-align-left","21":"first","22":"outofstock","23":"taxable","24":"shipping-taxable","25":"purchasable","26":"product-type-simple"},"yoast_head":"<!-- This site is optimized with the Yoast SEO plugin v27.3 - https:\/\/yoast.com\/product\/yoast-seo-wordpress\/ -->\n<title>Kondicionieriaus radiatorius - 14539787 | Gera kaina | Greitas pristatymas | Eska dalys<\/title>\n<meta name=\"description\" content=\"Kondicionieriaus radiatorius - 14539787 Matmenys : Auk\u0161tis:\u00a0430 mm, Ilgis:\u00a0800 mm, Plotis:\u00a030 mm, Tinka: VOLVO, EC240B, EC240C, EC290C, EC460B, EC460C, EC700B, EC700C, FC2924C, FC3329C\" \/>\n<meta name=\"robots\" content=\"index, follow, max-snippet:-1, max-image-preview:large, max-video-preview:-1\" \/>\n<link rel=\"canonical\" href=\"https:\/\/eskadalys.lt\/de\/produkt-de\/kondicionieriaus-radiatorius\/\" \/>\n<meta property=\"og:locale\" content=\"de_DE\" \/>\n<meta property=\"og:type\" content=\"article\" \/>\n<meta property=\"og:title\" content=\"Kondicionieriaus radiatorius - 14539787 | Gera kaina | Greitas pristatymas | Eska dalys\" \/>\n<meta property=\"og:description\" content=\"Kondicionieriaus radiatorius - 14539787 Matmenys : Auk\u0161tis:\u00a0430 mm, Ilgis:\u00a0800 mm, Plotis:\u00a030 mm, Tinka: VOLVO, EC240B, EC240C, EC290C, EC460B, EC460C, EC700B, EC700C, FC2924C, FC3329C\" \/>\n<meta property=\"og:url\" content=\"https:\/\/eskadalys.lt\/de\/produkt-de\/kondicionieriaus-radiatorius\/\" \/>\n<meta property=\"og:site_name\" content=\"Eska dalys\" \/>\n<meta property=\"article:publisher\" content=\"https:\/\/www.facebook.com\/profile.php?id=61556005720456\" \/>\n<meta property=\"article:modified_time\" content=\"2026-03-26T07:53:22+00:00\" \/>\n<meta property=\"og:image\" content=\"https:\/\/eskadalys.lt\/wp-content\/uploads\/2024\/02\/chlodnica-klimatyzacji-20240121-142236.png?v=1714936637\" \/>\n\t<meta property=\"og:image:width\" content=\"1600\" \/>\n\t<meta property=\"og:image:height\" content=\"984\" \/>\n\t<meta property=\"og:image:type\" content=\"image\/png\" \/>\n<script type=\"application\/ld+json\" class=\"yoast-schema-graph\">{\"@context\":\"https:\\\/\\\/schema.org\",\"@graph\":[{\"@type\":\"WebPage\",\"@id\":\"https:\\\/\\\/eskadalys.lt\\\/product\\\/kondicionieriaus-radiatorius\\\/\",\"url\":\"https:\\\/\\\/eskadalys.lt\\\/product\\\/kondicionieriaus-radiatorius\\\/\",\"name\":\"Kondicionieriaus radiatorius - 14539787 | Gera kaina | Greitas pristatymas | Eska dalys\",\"isPartOf\":{\"@id\":\"https:\\\/\\\/eskadalys.lt\\\/#website\"},\"primaryImageOfPage\":{\"@id\":\"https:\\\/\\\/eskadalys.lt\\\/product\\\/kondicionieriaus-radiatorius\\\/#primaryimage\"},\"image\":{\"@id\":\"https:\\\/\\\/eskadalys.lt\\\/product\\\/kondicionieriaus-radiatorius\\\/#primaryimage\"},\"thumbnailUrl\":\"https:\\\/\\\/eskadalys.lt\\\/wp-content\\\/uploads\\\/2024\\\/02\\\/chlodnica-klimatyzacji-20240121-142236.png?v=1714936637\",\"datePublished\":\"2024-02-11T01:00:19+00:00\",\"dateModified\":\"2026-03-26T07:53:22+00:00\",\"description\":\"Kondicionieriaus radiatorius - 14539787 Matmenys : Auk\u0161tis:\u00a0430 mm, Ilgis:\u00a0800 mm, Plotis:\u00a030 mm, Tinka: VOLVO, EC240B, EC240C, EC290C, EC460B, EC460C, EC700B, EC700C, FC2924C, FC3329C\",\"breadcrumb\":{\"@id\":\"https:\\\/\\\/eskadalys.lt\\\/product\\\/kondicionieriaus-radiatorius\\\/#breadcrumb\"},\"inLanguage\":\"de\",\"potentialAction\":[{\"@type\":\"ReadAction\",\"target\":[\"https:\\\/\\\/eskadalys.lt\\\/product\\\/kondicionieriaus-radiatorius\\\/\"]}]},{\"@type\":\"ImageObject\",\"inLanguage\":\"de\",\"@id\":\"https:\\\/\\\/eskadalys.lt\\\/product\\\/kondicionieriaus-radiatorius\\\/#primaryimage\",\"url\":\"https:\\\/\\\/eskadalys.lt\\\/wp-content\\\/uploads\\\/2024\\\/02\\\/chlodnica-klimatyzacji-20240121-142236.png?v=1714936637\",\"contentUrl\":\"https:\\\/\\\/eskadalys.lt\\\/wp-content\\\/uploads\\\/2024\\\/02\\\/chlodnica-klimatyzacji-20240121-142236.png?v=1714936637\",\"width\":1600,\"height\":984},{\"@type\":\"BreadcrumbList\",\"@id\":\"https:\\\/\\\/eskadalys.lt\\\/product\\\/kondicionieriaus-radiatorius\\\/#breadcrumb\",\"itemListElement\":[{\"@type\":\"ListItem\",\"position\":1,\"name\":\"Strona g\u0142\u00f3wna\",\"item\":\"https:\\\/\\\/eskadalys.lt\\\/\"},{\"@type\":\"ListItem\",\"position\":2,\"name\":\"E-parduotuv\u0117\",\"item\":\"https:\\\/\\\/eskadalys.lt\\\/e-parduotuve\\\/\"},{\"@type\":\"ListItem\",\"position\":3,\"name\":\"Kondicionieriaus radiatorius &#8211; 14539787\"}]},{\"@type\":\"WebSite\",\"@id\":\"https:\\\/\\\/eskadalys.lt\\\/#website\",\"url\":\"https:\\\/\\\/eskadalys.lt\\\/\",\"name\":\"Eska dalys\",\"description\":\"Ekskavatori\u0173 \\\/ mini ekskavatori\u0173 \\\/ buldozeri\u0173 dalys\",\"publisher\":{\"@id\":\"https:\\\/\\\/eskadalys.lt\\\/#organization\"},\"potentialAction\":[{\"@type\":\"SearchAction\",\"target\":{\"@type\":\"EntryPoint\",\"urlTemplate\":\"https:\\\/\\\/eskadalys.lt\\\/?s={search_term_string}\"},\"query-input\":{\"@type\":\"PropertyValueSpecification\",\"valueRequired\":true,\"valueName\":\"search_term_string\"}}],\"inLanguage\":\"de\"},{\"@type\":\"Organization\",\"@id\":\"https:\\\/\\\/eskadalys.lt\\\/#organization\",\"name\":\"Eska dalys\",\"url\":\"https:\\\/\\\/eskadalys.lt\\\/\",\"logo\":{\"@type\":\"ImageObject\",\"inLanguage\":\"de\",\"@id\":\"https:\\\/\\\/eskadalys.lt\\\/#\\\/schema\\\/logo\\\/image\\\/\",\"url\":\"https:\\\/\\\/eskadalys.lt\\\/wp-content\\\/uploads\\\/2024\\\/01\\\/LOGO-ESKA-FINAL.svg\",\"contentUrl\":\"https:\\\/\\\/eskadalys.lt\\\/wp-content\\\/uploads\\\/2024\\\/01\\\/LOGO-ESKA-FINAL.svg\",\"width\":259,\"height\":201,\"caption\":\"Eska dalys\"},\"image\":{\"@id\":\"https:\\\/\\\/eskadalys.lt\\\/#\\\/schema\\\/logo\\\/image\\\/\"},\"sameAs\":[\"https:\\\/\\\/www.facebook.com\\\/profile.php?id=61556005720456\"]}]}<\/script>\n<!-- \/ Yoast SEO plugin. -->","yoast_head_json":{"title":"Kondicionieriaus radiatorius - 14539787 | Gera kaina | Greitas pristatymas | Eska dalys","description":"Kondicionieriaus radiatorius - 14539787 Matmenys : Auk\u0161tis:\u00a0430 mm, Ilgis:\u00a0800 mm, Plotis:\u00a030 mm, Tinka: VOLVO, EC240B, EC240C, EC290C, EC460B, EC460C, EC700B, EC700C, FC2924C, FC3329C","robots":{"index":"index","follow":"follow","max-snippet":"max-snippet:-1","max-image-preview":"max-image-preview:large","max-video-preview":"max-video-preview:-1"},"canonical":"https:\/\/eskadalys.lt\/de\/produkt-de\/kondicionieriaus-radiatorius\/","og_locale":"de_DE","og_type":"article","og_title":"Kondicionieriaus radiatorius - 14539787 | Gera kaina | Greitas pristatymas | Eska dalys","og_description":"Kondicionieriaus radiatorius - 14539787 Matmenys : Auk\u0161tis:\u00a0430 mm, Ilgis:\u00a0800 mm, Plotis:\u00a030 mm, Tinka: VOLVO, EC240B, EC240C, EC290C, EC460B, EC460C, EC700B, EC700C, FC2924C, FC3329C","og_url":"https:\/\/eskadalys.lt\/de\/produkt-de\/kondicionieriaus-radiatorius\/","og_site_name":"Eska dalys","article_publisher":"https:\/\/www.facebook.com\/profile.php?id=61556005720456","article_modified_time":"2026-03-26T07:53:22+00:00","og_image":[{"width":1600,"height":984,"url":"https:\/\/eskadalys.lt\/wp-content\/uploads\/2024\/02\/chlodnica-klimatyzacji-20240121-142236.png?v=1714936637","type":"image\/png"}],"schema":{"@context":"https:\/\/schema.org","@graph":[{"@type":"WebPage","@id":"https:\/\/eskadalys.lt\/product\/kondicionieriaus-radiatorius\/","url":"https:\/\/eskadalys.lt\/product\/kondicionieriaus-radiatorius\/","name":"Kondicionieriaus radiatorius - 14539787 | Gera kaina | Greitas pristatymas | Eska dalys","isPartOf":{"@id":"https:\/\/eskadalys.lt\/#website"},"primaryImageOfPage":{"@id":"https:\/\/eskadalys.lt\/product\/kondicionieriaus-radiatorius\/#primaryimage"},"image":{"@id":"https:\/\/eskadalys.lt\/product\/kondicionieriaus-radiatorius\/#primaryimage"},"thumbnailUrl":"https:\/\/eskadalys.lt\/wp-content\/uploads\/2024\/02\/chlodnica-klimatyzacji-20240121-142236.png?v=1714936637","datePublished":"2024-02-11T01:00:19+00:00","dateModified":"2026-03-26T07:53:22+00:00","description":"Kondicionieriaus radiatorius - 14539787 Matmenys : Auk\u0161tis:\u00a0430 mm, Ilgis:\u00a0800 mm, Plotis:\u00a030 mm, Tinka: VOLVO, EC240B, EC240C, EC290C, EC460B, EC460C, EC700B, EC700C, FC2924C, FC3329C","breadcrumb":{"@id":"https:\/\/eskadalys.lt\/product\/kondicionieriaus-radiatorius\/#breadcrumb"},"inLanguage":"de","potentialAction":[{"@type":"ReadAction","target":["https:\/\/eskadalys.lt\/product\/kondicionieriaus-radiatorius\/"]}]},{"@type":"ImageObject","inLanguage":"de","@id":"https:\/\/eskadalys.lt\/product\/kondicionieriaus-radiatorius\/#primaryimage","url":"https:\/\/eskadalys.lt\/wp-content\/uploads\/2024\/02\/chlodnica-klimatyzacji-20240121-142236.png?v=1714936637","contentUrl":"https:\/\/eskadalys.lt\/wp-content\/uploads\/2024\/02\/chlodnica-klimatyzacji-20240121-142236.png?v=1714936637","width":1600,"height":984},{"@type":"BreadcrumbList","@id":"https:\/\/eskadalys.lt\/product\/kondicionieriaus-radiatorius\/#breadcrumb","itemListElement":[{"@type":"ListItem","position":1,"name":"Strona g\u0142\u00f3wna","item":"https:\/\/eskadalys.lt\/"},{"@type":"ListItem","position":2,"name":"E-parduotuv\u0117","item":"https:\/\/eskadalys.lt\/e-parduotuve\/"},{"@type":"ListItem","position":3,"name":"Kondicionieriaus radiatorius &#8211; 14539787"}]},{"@type":"WebSite","@id":"https:\/\/eskadalys.lt\/#website","url":"https:\/\/eskadalys.lt\/","name":"Eska parts","description":"Teile f\u00fcr Bagger\/Minibagger\/Planierraupen","publisher":{"@id":"https:\/\/eskadalys.lt\/#organization"},"potentialAction":[{"@type":"SearchAction","target":{"@type":"EntryPoint","urlTemplate":"https:\/\/eskadalys.lt\/?s={search_term_string}"},"query-input":{"@type":"PropertyValueSpecification","valueRequired":true,"valueName":"search_term_string"}}],"inLanguage":"de"},{"@type":"Organization","@id":"https:\/\/eskadalys.lt\/#organization","name":"Eska parts","url":"https:\/\/eskadalys.lt\/","logo":{"@type":"ImageObject","inLanguage":"de","@id":"https:\/\/eskadalys.lt\/#\/schema\/logo\/image\/","url":"https:\/\/eskadalys.lt\/wp-content\/uploads\/2024\/01\/LOGO-ESKA-FINAL.svg","contentUrl":"https:\/\/eskadalys.lt\/wp-content\/uploads\/2024\/01\/LOGO-ESKA-FINAL.svg","width":259,"height":201,"caption":"Eska dalys"},"image":{"@id":"https:\/\/eskadalys.lt\/#\/schema\/logo\/image\/"},"sameAs":["https:\/\/www.facebook.com\/profile.php?id=61556005720456"]}]}},"_links":{"self":[{"href":"https:\/\/eskadalys.lt\/de\/wp-json\/wp\/v2\/product\/3039","targetHints":{"allow":["GET"]}}],"collection":[{"href":"https:\/\/eskadalys.lt\/de\/wp-json\/wp\/v2\/product"}],"about":[{"href":"https:\/\/eskadalys.lt\/de\/wp-json\/wp\/v2\/types\/product"}],"wp:featuredmedia":[{"embeddable":true,"href":"https:\/\/eskadalys.lt\/de\/wp-json\/wp\/v2\/media\/98391"}],"wp:attachment":[{"href":"https:\/\/eskadalys.lt\/de\/wp-json\/wp\/v2\/media?parent=3039"}],"wp:term":[{"taxonomy":"product_brand","embeddable":true,"href":"https:\/\/eskadalys.lt\/de\/wp-json\/wp\/v2\/product_brand?post=3039"},{"taxonomy":"product_cat","embeddable":true,"href":"https:\/\/eskadalys.lt\/de\/wp-json\/wp\/v2\/product_cat?post=3039"},{"taxonomy":"product_tag","embeddable":true,"href":"https:\/\/eskadalys.lt\/de\/wp-json\/wp\/v2\/product_tag?post=3039"}],"curies":[{"name":"wp","href":"https:\/\/api.w.org\/{rel}","templated":true}]}}