{"id":2688,"date":"2024-02-11T02:33:28","date_gmt":"2024-02-11T00:33:28","guid":{"rendered":"https:\/\/eskadalys.lt\/?post_type=product&#038;p=2688"},"modified":"2026-03-26T09:53:00","modified_gmt":"2026-03-26T07:53:00","slug":"elfenbein-cva-109","status":"publish","type":"product","link":"https:\/\/eskadalys.lt\/de\/product\/ivore-cva-109\/","title":{"rendered":"Buchse CVA \u2013 11716618"},"content":{"rendered":"<p><strong>Buchse CVA \u2013 11716618<\/strong><br \/>\nAbmessungen:<br \/>\nAu\u00dfendurchmesser: 55 mm,<br \/>\nInnendurchmesser: 45 mm,<br \/>\nH\u00f6he: 36 mm,<\/p>\n<p><strong>Geeignet f\u00fcr:<\/strong> VOLVO, Baggerlader, BL60, BL61, BL70, BL71<br \/>\n<strong>OE-Nummern::<\/strong> 11716618, 55x45x36<br \/>\nVOE11716618 45x55x36<\/p>\n<h3>\ud83d\udd0d Auf der Suche nach einem anderen Produkt aus der Kategorie <a href=\"https:\/\/eskadalys.lt\/de\/produktkategorie-de\/stifte-elfenbeinlager\/elfenbein\/\">Buchsen<\/a> ?<\/h3>\n<h3>\ud83d\udee0\ufe0f VOLVO-Teile \u2013 hier finden Sie mehr davon <a href=\"https:\/\/eskadalys.lt\/de\/produktkategorie-de\/stifte-elfenbeinlager\/\">Bolzen \/ Buchsen \/ Lager<\/a> in der Kategorie.<\/h3>\n<p>Wenn Sie sich nicht sicher sind, ob dieses Teil zu Ihrer Maschine passt, <strong>Bitte senden Sie uns vor dem Kauf die Fahrzeugseriennummer (VIN).<\/strong>. Wir werden die Kompatibilit\u00e4t anhand der Kataloge \u00fcberpr\u00fcfen und <strong>Wir werden Ihnen das passende Teil anbieten.<\/strong>. Falls Sie das ben\u00f6tigte Ersatzteil nicht finden k\u00f6nnen, schreiben Sie uns \u2013 wir helfen Ihnen gerne bei der Suche!<\/p>\n<p><strong>\ud83d\udce6 Lager in Litauen<\/strong> \u2013 Bestellungen, die vor 14:00 Uhr eingehen, werden noch am selben Tag versandt.<\/p>\n<p><strong>\ud83d\ude80 Schnelle Lieferung<\/strong> \u2013 Bestellte Waren, die wir derzeit nicht auf Lager haben, werden innerhalb von 3-4 Werktagen geliefert.<\/p>\n<p><strong>\ud83d\udcc8 Gro\u00dfe Auswahl<\/strong> \u2013 Wir erweitern st\u00e4ndig unser Produktsortiment.<\/p>","protected":false},"excerpt":{"rendered":"<p>11716618 CVA<\/p>","protected":false},"featured_media":119367,"template":"","meta":{"site-sidebar-layout":"default","site-content-layout":"","ast-site-content-layout":"default","site-content-style":"default","site-sidebar-style":"default","ast-global-header-display":"","ast-banner-title-visibility":"","ast-main-header-display":"","ast-hfb-above-header-display":"","ast-hfb-below-header-display":"","ast-hfb-mobile-header-display":"","site-post-title":"","ast-breadcrumbs-content":"","ast-featured-img":"","footer-sml-layout":"","ast-disable-related-posts":"","theme-transparent-header-meta":"default","adv-header-id-meta":"","stick-header-meta":"","header-above-stick-meta":"","header-main-stick-meta":"","header-below-stick-meta":"","astra-migrate-meta-layouts":"set","ast-page-background-enabled":"default","ast-page-background-meta":{"desktop":{"background-color":"","background-image":"","background-repeat":"repeat","background-position":"center center","background-size":"auto","background-attachment":"scroll","background-type":"","background-media":"","overlay-type":"","overlay-color":"","overlay-opacity":"","overlay-gradient":""},"tablet":{"background-color":"","background-image":"","background-repeat":"repeat","background-position":"center center","background-size":"auto","background-attachment":"scroll","background-type":"","background-media":"","overlay-type":"","overlay-color":"","overlay-opacity":"","overlay-gradient":""},"mobile":{"background-color":"","background-image":"","background-repeat":"repeat","background-position":"center center","background-size":"auto","background-attachment":"scroll","background-type":"","background-media":"","overlay-type":"","overlay-color":"","overlay-opacity":"","overlay-gradient":""}},"ast-content-background-meta":{"desktop":{"background-color":"var(--ast-global-color-5)","background-image":"","background-repeat":"repeat","background-position":"center center","background-size":"auto","background-attachment":"scroll","background-type":"","background-media":"","overlay-type":"","overlay-color":"","overlay-opacity":"","overlay-gradient":""},"tablet":{"background-color":"var(--ast-global-color-5)","background-image":"","background-repeat":"repeat","background-position":"center center","background-size":"auto","background-attachment":"scroll","background-type":"","background-media":"","overlay-type":"","overlay-color":"","overlay-opacity":"","overlay-gradient":""},"mobile":{"background-color":"var(--ast-global-color-5)","background-image":"","background-repeat":"repeat","background-position":"center center","background-size":"auto","background-attachment":"scroll","background-type":"","background-media":"","overlay-type":"","overlay-color":"","overlay-opacity":"","overlay-gradient":""}}},"product_brand":[],"product_cat":[768,50684],"product_tag":[50762,50763,49547,49549,49552,49554,47753,43253],"class_list":{"0":"post-2688","1":"product","2":"type-product","3":"status-publish","4":"has-post-thumbnail","6":"product_cat-ivores","7":"product_cat-ivores-pagal-ismatavimus","8":"product_tag-50762","9":"product_tag-55x45x63","10":"product_tag-bl60","11":"product_tag-bl61","12":"product_tag-bl70","13":"product_tag-bl71","14":"product_tag-ekskavatorius-krautuvas","15":"product_tag-volvo","16":"desktop-align-left","17":"tablet-align-left","18":"mobile-align-left","20":"first","21":"instock","22":"taxable","23":"shipping-taxable","24":"purchasable","25":"product-type-simple"},"yoast_head":"<!-- This site is optimized with the Yoast SEO plugin v27.3 - https:\/\/yoast.com\/product\/yoast-seo-wordpress\/ -->\n<title>\u012evor\u0117 CVA - 11716618 | Gera kaina | Greitas pristatymas | Eska dalys<\/title>\n<meta name=\"description\" content=\"\u012evor\u0117 - 11716618 Matmenys: I\u0161orinis skersmuo: 55 mm, Vidinis skersmuo: 45\u00a0 mm, Auk\u0161tis: 36 mm, Tinka: VOLVO, Ekskavatorius krautuvas, BL60, BL61, BL70, BL71 OE numeriai: 11716618, 55x45x36\" \/>\n<meta name=\"robots\" content=\"index, follow, max-snippet:-1, max-image-preview:large, max-video-preview:-1\" \/>\n<link rel=\"canonical\" href=\"https:\/\/eskadalys.lt\/de\/produkt-de\/elfenbein-cva-109\/\" \/>\n<meta property=\"og:locale\" content=\"de_DE\" \/>\n<meta property=\"og:type\" content=\"article\" \/>\n<meta property=\"og:title\" content=\"\u012evor\u0117 CVA - 11716618 | Gera kaina | Greitas pristatymas | Eska dalys\" \/>\n<meta property=\"og:description\" content=\"\u012evor\u0117 - 11716618 Matmenys: I\u0161orinis skersmuo: 55 mm, Vidinis skersmuo: 45\u00a0 mm, Auk\u0161tis: 36 mm, Tinka: VOLVO, Ekskavatorius krautuvas, BL60, BL61, BL70, BL71 OE numeriai: 11716618, 55x45x36\" \/>\n<meta property=\"og:url\" content=\"https:\/\/eskadalys.lt\/de\/produkt-de\/elfenbein-cva-109\/\" \/>\n<meta property=\"og:site_name\" content=\"Eska dalys\" \/>\n<meta property=\"article:publisher\" content=\"https:\/\/www.facebook.com\/profile.php?id=61556005720456\" \/>\n<meta property=\"article:modified_time\" content=\"2026-03-26T07:53:00+00:00\" \/>\n<meta property=\"og:image\" content=\"https:\/\/eskadalys.lt\/wp-content\/uploads\/2024\/02\/e3116b6734f3dc0dbfb91fd75c0f31d2254899c4.jpg?v=1768315432\" \/>\n\t<meta property=\"og:image:width\" content=\"400\" \/>\n\t<meta property=\"og:image:height\" content=\"400\" \/>\n\t<meta property=\"og:image:type\" content=\"image\/jpeg\" \/>\n<script type=\"application\/ld+json\" class=\"yoast-schema-graph\">{\"@context\":\"https:\\\/\\\/schema.org\",\"@graph\":[{\"@type\":\"WebPage\",\"@id\":\"https:\\\/\\\/eskadalys.lt\\\/product\\\/ivore-cva-109\\\/\",\"url\":\"https:\\\/\\\/eskadalys.lt\\\/product\\\/ivore-cva-109\\\/\",\"name\":\"\u012evor\u0117 CVA - 11716618 | Gera kaina | Greitas pristatymas | Eska dalys\",\"isPartOf\":{\"@id\":\"https:\\\/\\\/eskadalys.lt\\\/#website\"},\"primaryImageOfPage\":{\"@id\":\"https:\\\/\\\/eskadalys.lt\\\/product\\\/ivore-cva-109\\\/#primaryimage\"},\"image\":{\"@id\":\"https:\\\/\\\/eskadalys.lt\\\/product\\\/ivore-cva-109\\\/#primaryimage\"},\"thumbnailUrl\":\"https:\\\/\\\/eskadalys.lt\\\/wp-content\\\/uploads\\\/2024\\\/02\\\/e3116b6734f3dc0dbfb91fd75c0f31d2254899c4.jpg?v=1768315432\",\"datePublished\":\"2024-02-11T00:33:28+00:00\",\"dateModified\":\"2026-03-26T07:53:00+00:00\",\"description\":\"\u012evor\u0117 - 11716618 Matmenys: I\u0161orinis skersmuo: 55 mm, Vidinis skersmuo: 45\u00a0 mm, Auk\u0161tis: 36 mm, Tinka: VOLVO, Ekskavatorius krautuvas, BL60, BL61, BL70, BL71 OE numeriai: 11716618, 55x45x36\",\"breadcrumb\":{\"@id\":\"https:\\\/\\\/eskadalys.lt\\\/product\\\/ivore-cva-109\\\/#breadcrumb\"},\"inLanguage\":\"de\",\"potentialAction\":[{\"@type\":\"ReadAction\",\"target\":[\"https:\\\/\\\/eskadalys.lt\\\/product\\\/ivore-cva-109\\\/\"]}]},{\"@type\":\"ImageObject\",\"inLanguage\":\"de\",\"@id\":\"https:\\\/\\\/eskadalys.lt\\\/product\\\/ivore-cva-109\\\/#primaryimage\",\"url\":\"https:\\\/\\\/eskadalys.lt\\\/wp-content\\\/uploads\\\/2024\\\/02\\\/e3116b6734f3dc0dbfb91fd75c0f31d2254899c4.jpg?v=1768315432\",\"contentUrl\":\"https:\\\/\\\/eskadalys.lt\\\/wp-content\\\/uploads\\\/2024\\\/02\\\/e3116b6734f3dc0dbfb91fd75c0f31d2254899c4.jpg?v=1768315432\",\"width\":400,\"height\":400},{\"@type\":\"BreadcrumbList\",\"@id\":\"https:\\\/\\\/eskadalys.lt\\\/product\\\/ivore-cva-109\\\/#breadcrumb\",\"itemListElement\":[{\"@type\":\"ListItem\",\"position\":1,\"name\":\"Strona g\u0142\u00f3wna\",\"item\":\"https:\\\/\\\/eskadalys.lt\\\/\"},{\"@type\":\"ListItem\",\"position\":2,\"name\":\"E-parduotuv\u0117\",\"item\":\"https:\\\/\\\/eskadalys.lt\\\/e-parduotuve\\\/\"},{\"@type\":\"ListItem\",\"position\":3,\"name\":\"\u012evor\u0117 CVA &#8211; 11716618\"}]},{\"@type\":\"WebSite\",\"@id\":\"https:\\\/\\\/eskadalys.lt\\\/#website\",\"url\":\"https:\\\/\\\/eskadalys.lt\\\/\",\"name\":\"Eska dalys\",\"description\":\"Ekskavatori\u0173 \\\/ mini ekskavatori\u0173 \\\/ buldozeri\u0173 dalys\",\"publisher\":{\"@id\":\"https:\\\/\\\/eskadalys.lt\\\/#organization\"},\"potentialAction\":[{\"@type\":\"SearchAction\",\"target\":{\"@type\":\"EntryPoint\",\"urlTemplate\":\"https:\\\/\\\/eskadalys.lt\\\/?s={search_term_string}\"},\"query-input\":{\"@type\":\"PropertyValueSpecification\",\"valueRequired\":true,\"valueName\":\"search_term_string\"}}],\"inLanguage\":\"de\"},{\"@type\":\"Organization\",\"@id\":\"https:\\\/\\\/eskadalys.lt\\\/#organization\",\"name\":\"Eska dalys\",\"url\":\"https:\\\/\\\/eskadalys.lt\\\/\",\"logo\":{\"@type\":\"ImageObject\",\"inLanguage\":\"de\",\"@id\":\"https:\\\/\\\/eskadalys.lt\\\/#\\\/schema\\\/logo\\\/image\\\/\",\"url\":\"https:\\\/\\\/eskadalys.lt\\\/wp-content\\\/uploads\\\/2024\\\/01\\\/LOGO-ESKA-FINAL.svg\",\"contentUrl\":\"https:\\\/\\\/eskadalys.lt\\\/wp-content\\\/uploads\\\/2024\\\/01\\\/LOGO-ESKA-FINAL.svg\",\"width\":259,\"height\":201,\"caption\":\"Eska dalys\"},\"image\":{\"@id\":\"https:\\\/\\\/eskadalys.lt\\\/#\\\/schema\\\/logo\\\/image\\\/\"},\"sameAs\":[\"https:\\\/\\\/www.facebook.com\\\/profile.php?id=61556005720456\"]}]}<\/script>\n<!-- \/ Yoast SEO plugin. -->","yoast_head_json":{"title":"Buchse CVA \u2013 11716618 | G\u00fcnstiger Preis | Schnelle Lieferung | Eska-Ersatzteile","description":"Buchse \u2013 11716618 Abmessungen: Au\u00dfendurchmesser: 55 mm, Innendurchmesser: 45 mm, H\u00f6he: 36 mm, Passend f\u00fcr: VOLVO, Baggerlader, BL60, BL61, BL70, BL71 OE-Nummern: 11716618, 55x45x36","robots":{"index":"index","follow":"follow","max-snippet":"max-snippet:-1","max-image-preview":"max-image-preview:large","max-video-preview":"max-video-preview:-1"},"canonical":"https:\/\/eskadalys.lt\/de\/produkt-de\/elfenbein-cva-109\/","og_locale":"de_DE","og_type":"article","og_title":"\u012evor\u0117 CVA - 11716618 | Gera kaina | Greitas pristatymas | Eska dalys","og_description":"\u012evor\u0117 - 11716618 Matmenys: I\u0161orinis skersmuo: 55 mm, Vidinis skersmuo: 45\u00a0 mm, Auk\u0161tis: 36 mm, Tinka: VOLVO, Ekskavatorius krautuvas, BL60, BL61, BL70, BL71 OE numeriai: 11716618, 55x45x36","og_url":"https:\/\/eskadalys.lt\/de\/produkt-de\/elfenbein-cva-109\/","og_site_name":"Eska dalys","article_publisher":"https:\/\/www.facebook.com\/profile.php?id=61556005720456","article_modified_time":"2026-03-26T07:53:00+00:00","og_image":[{"width":400,"height":400,"url":"https:\/\/eskadalys.lt\/wp-content\/uploads\/2024\/02\/e3116b6734f3dc0dbfb91fd75c0f31d2254899c4.jpg?v=1768315432","type":"image\/jpeg"}],"schema":{"@context":"https:\/\/schema.org","@graph":[{"@type":"WebPage","@id":"https:\/\/eskadalys.lt\/product\/ivore-cva-109\/","url":"https:\/\/eskadalys.lt\/product\/ivore-cva-109\/","name":"Buchse CVA \u2013 11716618 | G\u00fcnstiger Preis | Schnelle Lieferung | Eska-Ersatzteile","isPartOf":{"@id":"https:\/\/eskadalys.lt\/#website"},"primaryImageOfPage":{"@id":"https:\/\/eskadalys.lt\/product\/ivore-cva-109\/#primaryimage"},"image":{"@id":"https:\/\/eskadalys.lt\/product\/ivore-cva-109\/#primaryimage"},"thumbnailUrl":"https:\/\/eskadalys.lt\/wp-content\/uploads\/2024\/02\/e3116b6734f3dc0dbfb91fd75c0f31d2254899c4.jpg?v=1768315432","datePublished":"2024-02-11T00:33:28+00:00","dateModified":"2026-03-26T07:53:00+00:00","description":"Buchse \u2013 11716618 Abmessungen: Au\u00dfendurchmesser: 55 mm, Innendurchmesser: 45 mm, H\u00f6he: 36 mm, Passend f\u00fcr: VOLVO, Baggerlader, BL60, BL61, BL70, BL71 OE-Nummern: 11716618, 55x45x36","breadcrumb":{"@id":"https:\/\/eskadalys.lt\/product\/ivore-cva-109\/#breadcrumb"},"inLanguage":"de","potentialAction":[{"@type":"ReadAction","target":["https:\/\/eskadalys.lt\/product\/ivore-cva-109\/"]}]},{"@type":"ImageObject","inLanguage":"de","@id":"https:\/\/eskadalys.lt\/product\/ivore-cva-109\/#primaryimage","url":"https:\/\/eskadalys.lt\/wp-content\/uploads\/2024\/02\/e3116b6734f3dc0dbfb91fd75c0f31d2254899c4.jpg?v=1768315432","contentUrl":"https:\/\/eskadalys.lt\/wp-content\/uploads\/2024\/02\/e3116b6734f3dc0dbfb91fd75c0f31d2254899c4.jpg?v=1768315432","width":400,"height":400},{"@type":"BreadcrumbList","@id":"https:\/\/eskadalys.lt\/product\/ivore-cva-109\/#breadcrumb","itemListElement":[{"@type":"ListItem","position":1,"name":"Strona g\u0142\u00f3wna","item":"https:\/\/eskadalys.lt\/"},{"@type":"ListItem","position":2,"name":"E-parduotuv\u0117","item":"https:\/\/eskadalys.lt\/e-parduotuve\/"},{"@type":"ListItem","position":3,"name":"\u012evor\u0117 CVA &#8211; 11716618"}]},{"@type":"WebSite","@id":"https:\/\/eskadalys.lt\/#website","url":"https:\/\/eskadalys.lt\/","name":"Eska parts","description":"Teile f\u00fcr Bagger\/Minibagger\/Planierraupen","publisher":{"@id":"https:\/\/eskadalys.lt\/#organization"},"potentialAction":[{"@type":"SearchAction","target":{"@type":"EntryPoint","urlTemplate":"https:\/\/eskadalys.lt\/?s={search_term_string}"},"query-input":{"@type":"PropertyValueSpecification","valueRequired":true,"valueName":"search_term_string"}}],"inLanguage":"de"},{"@type":"Organization","@id":"https:\/\/eskadalys.lt\/#organization","name":"Eska parts","url":"https:\/\/eskadalys.lt\/","logo":{"@type":"ImageObject","inLanguage":"de","@id":"https:\/\/eskadalys.lt\/#\/schema\/logo\/image\/","url":"https:\/\/eskadalys.lt\/wp-content\/uploads\/2024\/01\/LOGO-ESKA-FINAL.svg","contentUrl":"https:\/\/eskadalys.lt\/wp-content\/uploads\/2024\/01\/LOGO-ESKA-FINAL.svg","width":259,"height":201,"caption":"Eska dalys"},"image":{"@id":"https:\/\/eskadalys.lt\/#\/schema\/logo\/image\/"},"sameAs":["https:\/\/www.facebook.com\/profile.php?id=61556005720456"]}]}},"_links":{"self":[{"href":"https:\/\/eskadalys.lt\/de\/wp-json\/wp\/v2\/product\/2688","targetHints":{"allow":["GET"]}}],"collection":[{"href":"https:\/\/eskadalys.lt\/de\/wp-json\/wp\/v2\/product"}],"about":[{"href":"https:\/\/eskadalys.lt\/de\/wp-json\/wp\/v2\/types\/product"}],"wp:featuredmedia":[{"embeddable":true,"href":"https:\/\/eskadalys.lt\/de\/wp-json\/wp\/v2\/media\/119367"}],"wp:attachment":[{"href":"https:\/\/eskadalys.lt\/de\/wp-json\/wp\/v2\/media?parent=2688"}],"wp:term":[{"taxonomy":"product_brand","embeddable":true,"href":"https:\/\/eskadalys.lt\/de\/wp-json\/wp\/v2\/product_brand?post=2688"},{"taxonomy":"product_cat","embeddable":true,"href":"https:\/\/eskadalys.lt\/de\/wp-json\/wp\/v2\/product_cat?post=2688"},{"taxonomy":"product_tag","embeddable":true,"href":"https:\/\/eskadalys.lt\/de\/wp-json\/wp\/v2\/product_tag?post=2688"}],"curies":[{"name":"wp","href":"https:\/\/api.w.org\/{rel}","templated":true}]}}