{"id":2241,"date":"2024-02-11T01:55:16","date_gmt":"2024-02-10T23:55:16","guid":{"rendered":"https:\/\/eskadalys.lt\/?post_type=product&#038;p=2241"},"modified":"2026-04-12T08:15:22","modified_gmt":"2026-04-12T05:15:22","slug":"schaufel-12","status":"publish","type":"product","link":"https:\/\/eskadalys.lt\/de\/product\/kasimo-kausas-12\/","title":{"rendered":"Baggerl\u00f6ffel \u2013 CAT1500-370"},"content":{"rendered":"<p><strong>Baggerl\u00f6ffel \u2013 CAT1500-370<\/strong><br \/>\n<strong>Geeignet f\u00fcr:<\/strong> CAT, Baggerlader, 414E, 416B, 416C, 416D, 416E, 416F, 420D, 420E, 420F, 422E, 422F, 424D, 426, 426B, 426C, 428, 428B, 428C, 428D, 428E, 428F, 430D, 430E, 430F, 432D, 432E, 432F, 434E, 436, 436B, 436C, 438, 438B, 438C, 438D, 442D, 442E, 444E, 446, 446B 446D, 450E, 450F, 424B, 416, 424E, 444F, 434F, 415F, 415F2, 427F2, 413, 417, 428F2, 427F2, 444F2, 432F2<br \/>\n<strong>OE-Nummern::<\/strong> CAT1500-370<\/p>\n<h3>\ud83d\udd0d Auf der Suche nach einem anderen Produkt aus der Kategorie <a href=\"https:\/\/eskadalys.lt\/de\/produktkategorie-de\/anhalter\/tassen\/\">Eimer<\/a> ?<\/h3>\n<h3>\ud83d\udee0\ufe0f Baumaschinenteile \u2013 hier finden Sie mehr davon <a href=\"https:\/\/eskadalys.lt\/de\/produktkategorie-de\/anhalter\/\">Abschleppen<\/a> in der Kategorie.<\/h3>\n<p>Wenn Sie sich nicht sicher sind, ob dieses Teil zu Ihrer Maschine passt, <strong>Bitte senden Sie uns vor dem Kauf die Fahrzeugseriennummer (VIN).<\/strong>. Wir werden die Kompatibilit\u00e4t anhand der Kataloge \u00fcberpr\u00fcfen und <strong>Wir werden Ihnen das passende Teil anbieten.<\/strong>. Falls Sie das ben\u00f6tigte Ersatzteil nicht finden k\u00f6nnen, schreiben Sie uns \u2013 wir helfen Ihnen gerne bei der Suche!<\/p>\n<p><strong>\ud83d\udce6 Lager in Litauen<\/strong> \u2013 Bestellungen, die vor 14:00 Uhr eingehen, werden noch am selben Tag versandt.<\/p>\n<p><strong>\ud83d\ude80 Schnelle Lieferung<\/strong> \u2013 Bestellte Waren, die wir derzeit nicht auf Lager haben, werden innerhalb von 3-4 Werktagen geliefert.<\/p>\n<p><strong>\ud83d\udcc8 Gro\u00dfe Auswahl<\/strong> \u2013 Wir erweitern st\u00e4ndig unser Produktsortiment.<\/p>","protected":false},"excerpt":{"rendered":"<p>CAT1500-370<\/p>","protected":false},"featured_media":96515,"template":"","meta":{"site-sidebar-layout":"default","site-content-layout":"","ast-site-content-layout":"default","site-content-style":"default","site-sidebar-style":"default","ast-global-header-display":"","ast-banner-title-visibility":"","ast-main-header-display":"","ast-hfb-above-header-display":"","ast-hfb-below-header-display":"","ast-hfb-mobile-header-display":"","site-post-title":"","ast-breadcrumbs-content":"","ast-featured-img":"","footer-sml-layout":"","ast-disable-related-posts":"","theme-transparent-header-meta":"","adv-header-id-meta":"","stick-header-meta":"","header-above-stick-meta":"","header-main-stick-meta":"","header-below-stick-meta":"","astra-migrate-meta-layouts":"default","ast-page-background-enabled":"default","ast-page-background-meta":{"desktop":{"background-color":"","background-image":"","background-repeat":"repeat","background-position":"center center","background-size":"auto","background-attachment":"scroll","background-type":"","background-media":"","overlay-type":"","overlay-color":"","overlay-opacity":"","overlay-gradient":""},"tablet":{"background-color":"","background-image":"","background-repeat":"repeat","background-position":"center center","background-size":"auto","background-attachment":"scroll","background-type":"","background-media":"","overlay-type":"","overlay-color":"","overlay-opacity":"","overlay-gradient":""},"mobile":{"background-color":"","background-image":"","background-repeat":"repeat","background-position":"center center","background-size":"auto","background-attachment":"scroll","background-type":"","background-media":"","overlay-type":"","overlay-color":"","overlay-opacity":"","overlay-gradient":""}},"ast-content-background-meta":{"desktop":{"background-color":"var(--ast-global-color-5)","background-image":"","background-repeat":"repeat","background-position":"center center","background-size":"auto","background-attachment":"scroll","background-type":"","background-media":"","overlay-type":"","overlay-color":"","overlay-opacity":"","overlay-gradient":""},"tablet":{"background-color":"var(--ast-global-color-5)","background-image":"","background-repeat":"repeat","background-position":"center center","background-size":"auto","background-attachment":"scroll","background-type":"","background-media":"","overlay-type":"","overlay-color":"","overlay-opacity":"","overlay-gradient":""},"mobile":{"background-color":"var(--ast-global-color-5)","background-image":"","background-repeat":"repeat","background-position":"center center","background-size":"auto","background-attachment":"scroll","background-type":"","background-media":"","overlay-type":"","overlay-color":"","overlay-opacity":"","overlay-gradient":""}}},"product_brand":[],"product_cat":[767],"product_tag":[],"class_list":{"0":"post-2241","1":"product","2":"type-product","3":"status-publish","4":"has-post-thumbnail","6":"product_cat-kausai","7":"desktop-align-left","8":"tablet-align-left","9":"mobile-align-left","11":"first","12":"outofstock","13":"taxable","14":"shipping-taxable","15":"purchasable","16":"product-type-simple"},"yoast_head":"<!-- This site is optimized with the Yoast SEO plugin v27.4 - https:\/\/yoast.com\/product\/yoast-seo-wordpress\/ -->\n<title>Kasimo kau\u0161as - CAT1500-370 | Gera kaina | Greitas pristatymas | Eska dalys<\/title>\n<meta name=\"description\" content=\"Kasimo kau\u0161as - CAT1500-370 Tinka: CAT, Ekskavatorius krautuvas, 414E, 416B, 416C, 416D, 416E, 416F, 420D, 420E, 420F, 422E, 422F, 424D, 426, 426B, 426C, 428, 428B, 428C, 428D, 428E, 428F, 430D, 430E, 430F, 432D, 432E, 432F, 434E, 436, 436B, 436C, 438, 438B, 438C, 438D, 442D, 442E, 444E, 446, 446B, 446D, 450E, 450F, 424B, 416, 424E, 444F, 434F, 415F, 415F2, 427F2, 413, 417, 428F2, 427F2, 444F2, 432F2 OE numeriai: CAT1500-370\" \/>\n<meta name=\"robots\" content=\"index, follow, max-snippet:-1, max-image-preview:large, max-video-preview:-1\" \/>\n<link rel=\"canonical\" href=\"https:\/\/eskadalys.lt\/de\/produkt-de\/schaufel-12\/\" \/>\n<meta property=\"og:locale\" content=\"de_DE\" \/>\n<meta property=\"og:type\" content=\"article\" \/>\n<meta property=\"og:title\" content=\"Kasimo kau\u0161as - CAT1500-370 | Gera kaina | Greitas pristatymas | Eska dalys\" \/>\n<meta property=\"og:description\" content=\"Kasimo kau\u0161as - CAT1500-370 Tinka: CAT, Ekskavatorius krautuvas, 414E, 416B, 416C, 416D, 416E, 416F, 420D, 420E, 420F, 422E, 422F, 424D, 426, 426B, 426C, 428, 428B, 428C, 428D, 428E, 428F, 430D, 430E, 430F, 432D, 432E, 432F, 434E, 436, 436B, 436C, 438, 438B, 438C, 438D, 442D, 442E, 444E, 446, 446B, 446D, 450E, 450F, 424B, 416, 424E, 444F, 434F, 415F, 415F2, 427F2, 413, 417, 428F2, 427F2, 444F2, 432F2 OE numeriai: CAT1500-370\" \/>\n<meta property=\"og:url\" content=\"https:\/\/eskadalys.lt\/de\/produkt-de\/schaufel-12\/\" \/>\n<meta property=\"og:site_name\" content=\"Eska dalys\" \/>\n<meta property=\"article:publisher\" content=\"https:\/\/www.facebook.com\/profile.php?id=61556005720456\" \/>\n<meta property=\"article:modified_time\" content=\"2026-04-12T05:15:22+00:00\" \/>\n<meta property=\"og:image\" content=\"https:\/\/eskadalys.lt\/wp-content\/uploads\/2024\/02\/bucket-2-20240121-132459-scaled-1.jpg?v=1714942349\" \/>\n\t<meta property=\"og:image:width\" content=\"1600\" \/>\n\t<meta property=\"og:image:height\" content=\"1067\" \/>\n\t<meta property=\"og:image:type\" content=\"image\/jpeg\" \/>\n<script type=\"application\/ld+json\" class=\"yoast-schema-graph\">{\"@context\":\"https:\\\/\\\/schema.org\",\"@graph\":[{\"@type\":\"WebPage\",\"@id\":\"https:\\\/\\\/eskadalys.lt\\\/product\\\/kasimo-kausas-12\\\/\",\"url\":\"https:\\\/\\\/eskadalys.lt\\\/product\\\/kasimo-kausas-12\\\/\",\"name\":\"Kasimo kau\u0161as - CAT1500-370 | Gera kaina | Greitas pristatymas | Eska dalys\",\"isPartOf\":{\"@id\":\"https:\\\/\\\/eskadalys.lt\\\/#website\"},\"primaryImageOfPage\":{\"@id\":\"https:\\\/\\\/eskadalys.lt\\\/product\\\/kasimo-kausas-12\\\/#primaryimage\"},\"image\":{\"@id\":\"https:\\\/\\\/eskadalys.lt\\\/product\\\/kasimo-kausas-12\\\/#primaryimage\"},\"thumbnailUrl\":\"https:\\\/\\\/eskadalys.lt\\\/wp-content\\\/uploads\\\/2024\\\/02\\\/bucket-2-20240121-132459-scaled-1.jpg?v=1714942349\",\"datePublished\":\"2024-02-10T23:55:16+00:00\",\"dateModified\":\"2026-04-12T05:15:22+00:00\",\"description\":\"Kasimo kau\u0161as - CAT1500-370 Tinka: CAT, Ekskavatorius krautuvas, 414E, 416B, 416C, 416D, 416E, 416F, 420D, 420E, 420F, 422E, 422F, 424D, 426, 426B, 426C, 428, 428B, 428C, 428D, 428E, 428F, 430D, 430E, 430F, 432D, 432E, 432F, 434E, 436, 436B, 436C, 438, 438B, 438C, 438D, 442D, 442E, 444E, 446, 446B, 446D, 450E, 450F, 424B, 416, 424E, 444F, 434F, 415F, 415F2, 427F2, 413, 417, 428F2, 427F2, 444F2, 432F2 OE numeriai: CAT1500-370\",\"breadcrumb\":{\"@id\":\"https:\\\/\\\/eskadalys.lt\\\/product\\\/kasimo-kausas-12\\\/#breadcrumb\"},\"inLanguage\":\"de\",\"potentialAction\":[{\"@type\":\"ReadAction\",\"target\":[\"https:\\\/\\\/eskadalys.lt\\\/product\\\/kasimo-kausas-12\\\/\"]}]},{\"@type\":\"ImageObject\",\"inLanguage\":\"de\",\"@id\":\"https:\\\/\\\/eskadalys.lt\\\/product\\\/kasimo-kausas-12\\\/#primaryimage\",\"url\":\"https:\\\/\\\/eskadalys.lt\\\/wp-content\\\/uploads\\\/2024\\\/02\\\/bucket-2-20240121-132459-scaled-1.jpg?v=1714942349\",\"contentUrl\":\"https:\\\/\\\/eskadalys.lt\\\/wp-content\\\/uploads\\\/2024\\\/02\\\/bucket-2-20240121-132459-scaled-1.jpg?v=1714942349\",\"width\":1600,\"height\":1067},{\"@type\":\"BreadcrumbList\",\"@id\":\"https:\\\/\\\/eskadalys.lt\\\/product\\\/kasimo-kausas-12\\\/#breadcrumb\",\"itemListElement\":[{\"@type\":\"ListItem\",\"position\":1,\"name\":\"Strona g\u0142\u00f3wna\",\"item\":\"https:\\\/\\\/eskadalys.lt\\\/\"},{\"@type\":\"ListItem\",\"position\":2,\"name\":\"E-parduotuv\u0117\",\"item\":\"https:\\\/\\\/eskadalys.lt\\\/e-parduotuve\\\/\"},{\"@type\":\"ListItem\",\"position\":3,\"name\":\"Kasimo kau\u0161as &#8211; CAT1500-370\"}]},{\"@type\":\"WebSite\",\"@id\":\"https:\\\/\\\/eskadalys.lt\\\/#website\",\"url\":\"https:\\\/\\\/eskadalys.lt\\\/\",\"name\":\"Eska dalys\",\"description\":\"Ekskavatori\u0173 \\\/ mini ekskavatori\u0173 \\\/ buldozeri\u0173 dalys\",\"publisher\":{\"@id\":\"https:\\\/\\\/eskadalys.lt\\\/#organization\"},\"potentialAction\":[{\"@type\":\"SearchAction\",\"target\":{\"@type\":\"EntryPoint\",\"urlTemplate\":\"https:\\\/\\\/eskadalys.lt\\\/?s={search_term_string}\"},\"query-input\":{\"@type\":\"PropertyValueSpecification\",\"valueRequired\":true,\"valueName\":\"search_term_string\"}}],\"inLanguage\":\"de\"},{\"@type\":\"Organization\",\"@id\":\"https:\\\/\\\/eskadalys.lt\\\/#organization\",\"name\":\"Eska dalys\",\"url\":\"https:\\\/\\\/eskadalys.lt\\\/\",\"logo\":{\"@type\":\"ImageObject\",\"inLanguage\":\"de\",\"@id\":\"https:\\\/\\\/eskadalys.lt\\\/#\\\/schema\\\/logo\\\/image\\\/\",\"url\":\"https:\\\/\\\/eskadalys.lt\\\/wp-content\\\/uploads\\\/2024\\\/01\\\/LOGO-ESKA-FINAL.svg\",\"contentUrl\":\"https:\\\/\\\/eskadalys.lt\\\/wp-content\\\/uploads\\\/2024\\\/01\\\/LOGO-ESKA-FINAL.svg\",\"width\":259,\"height\":201,\"caption\":\"Eska dalys\"},\"image\":{\"@id\":\"https:\\\/\\\/eskadalys.lt\\\/#\\\/schema\\\/logo\\\/image\\\/\"},\"sameAs\":[\"https:\\\/\\\/www.facebook.com\\\/profile.php?id=61556005720456\"]}]}<\/script>\n<!-- \/ Yoast SEO plugin. -->","yoast_head_json":{"title":"Baggerl\u00f6ffel \u2013 CAT1500-370 | G\u00fcnstiger Preis | Schnelle Lieferung | Eska Parts","description":"Baggerl\u00f6ffel - CAT1500-370 Passend f\u00fcr: CAT, Baggerlader, 414E, 416B, 416C, 416D, 416E, 416F, 420D, 420E, 420F, 422E, 422F, 424D, 426, 426B, 426C, 428, 428B, 428C, 428D, 428E, 428F, 430D, 430E, 430F, 432D, 432E, 432F, 434E, 436, 436B, 436C, 438, 438B, 438C, 438D, 442D, 442E 444E, 446, 446B, 446D, 450E, 450F, 424B, 416, 424E, 444F, 434F, 415F, 415F2, 427F2, 413, 417, 428F2, 427F2, 444F2, 432F2 OE-Nummern: CAT1500-370","robots":{"index":"index","follow":"follow","max-snippet":"max-snippet:-1","max-image-preview":"max-image-preview:large","max-video-preview":"max-video-preview:-1"},"canonical":"https:\/\/eskadalys.lt\/de\/produkt-de\/schaufel-12\/","og_locale":"de_DE","og_type":"article","og_title":"Kasimo kau\u0161as - CAT1500-370 | Gera kaina | Greitas pristatymas | Eska dalys","og_description":"Kasimo kau\u0161as - CAT1500-370 Tinka: CAT, Ekskavatorius krautuvas, 414E, 416B, 416C, 416D, 416E, 416F, 420D, 420E, 420F, 422E, 422F, 424D, 426, 426B, 426C, 428, 428B, 428C, 428D, 428E, 428F, 430D, 430E, 430F, 432D, 432E, 432F, 434E, 436, 436B, 436C, 438, 438B, 438C, 438D, 442D, 442E, 444E, 446, 446B, 446D, 450E, 450F, 424B, 416, 424E, 444F, 434F, 415F, 415F2, 427F2, 413, 417, 428F2, 427F2, 444F2, 432F2 OE numeriai: CAT1500-370","og_url":"https:\/\/eskadalys.lt\/de\/produkt-de\/schaufel-12\/","og_site_name":"Eska dalys","article_publisher":"https:\/\/www.facebook.com\/profile.php?id=61556005720456","article_modified_time":"2026-04-12T05:15:22+00:00","og_image":[{"width":1600,"height":1067,"url":"https:\/\/eskadalys.lt\/wp-content\/uploads\/2024\/02\/bucket-2-20240121-132459-scaled-1.jpg?v=1714942349","type":"image\/jpeg"}],"schema":{"@context":"https:\/\/schema.org","@graph":[{"@type":"WebPage","@id":"https:\/\/eskadalys.lt\/product\/kasimo-kausas-12\/","url":"https:\/\/eskadalys.lt\/product\/kasimo-kausas-12\/","name":"Baggerl\u00f6ffel \u2013 CAT1500-370 | G\u00fcnstiger Preis | Schnelle Lieferung | Eska Parts","isPartOf":{"@id":"https:\/\/eskadalys.lt\/#website"},"primaryImageOfPage":{"@id":"https:\/\/eskadalys.lt\/product\/kasimo-kausas-12\/#primaryimage"},"image":{"@id":"https:\/\/eskadalys.lt\/product\/kasimo-kausas-12\/#primaryimage"},"thumbnailUrl":"https:\/\/eskadalys.lt\/wp-content\/uploads\/2024\/02\/bucket-2-20240121-132459-scaled-1.jpg?v=1714942349","datePublished":"2024-02-10T23:55:16+00:00","dateModified":"2026-04-12T05:15:22+00:00","description":"Baggerl\u00f6ffel - CAT1500-370 Passend f\u00fcr: CAT, Baggerlader, 414E, 416B, 416C, 416D, 416E, 416F, 420D, 420E, 420F, 422E, 422F, 424D, 426, 426B, 426C, 428, 428B, 428C, 428D, 428E, 428F, 430D, 430E, 430F, 432D, 432E, 432F, 434E, 436, 436B, 436C, 438, 438B, 438C, 438D, 442D, 442E 444E, 446, 446B, 446D, 450E, 450F, 424B, 416, 424E, 444F, 434F, 415F, 415F2, 427F2, 413, 417, 428F2, 427F2, 444F2, 432F2 OE-Nummern: CAT1500-370","breadcrumb":{"@id":"https:\/\/eskadalys.lt\/product\/kasimo-kausas-12\/#breadcrumb"},"inLanguage":"de","potentialAction":[{"@type":"ReadAction","target":["https:\/\/eskadalys.lt\/product\/kasimo-kausas-12\/"]}]},{"@type":"ImageObject","inLanguage":"de","@id":"https:\/\/eskadalys.lt\/product\/kasimo-kausas-12\/#primaryimage","url":"https:\/\/eskadalys.lt\/wp-content\/uploads\/2024\/02\/bucket-2-20240121-132459-scaled-1.jpg?v=1714942349","contentUrl":"https:\/\/eskadalys.lt\/wp-content\/uploads\/2024\/02\/bucket-2-20240121-132459-scaled-1.jpg?v=1714942349","width":1600,"height":1067},{"@type":"BreadcrumbList","@id":"https:\/\/eskadalys.lt\/product\/kasimo-kausas-12\/#breadcrumb","itemListElement":[{"@type":"ListItem","position":1,"name":"Strona g\u0142\u00f3wna","item":"https:\/\/eskadalys.lt\/"},{"@type":"ListItem","position":2,"name":"E-parduotuv\u0117","item":"https:\/\/eskadalys.lt\/e-parduotuve\/"},{"@type":"ListItem","position":3,"name":"Kasimo kau\u0161as &#8211; CAT1500-370"}]},{"@type":"WebSite","@id":"https:\/\/eskadalys.lt\/#website","url":"https:\/\/eskadalys.lt\/","name":"Eska parts","description":"Teile f\u00fcr Bagger\/Minibagger\/Planierraupen","publisher":{"@id":"https:\/\/eskadalys.lt\/#organization"},"potentialAction":[{"@type":"SearchAction","target":{"@type":"EntryPoint","urlTemplate":"https:\/\/eskadalys.lt\/?s={search_term_string}"},"query-input":{"@type":"PropertyValueSpecification","valueRequired":true,"valueName":"search_term_string"}}],"inLanguage":"de"},{"@type":"Organization","@id":"https:\/\/eskadalys.lt\/#organization","name":"Eska parts","url":"https:\/\/eskadalys.lt\/","logo":{"@type":"ImageObject","inLanguage":"de","@id":"https:\/\/eskadalys.lt\/#\/schema\/logo\/image\/","url":"https:\/\/eskadalys.lt\/wp-content\/uploads\/2024\/01\/LOGO-ESKA-FINAL.svg","contentUrl":"https:\/\/eskadalys.lt\/wp-content\/uploads\/2024\/01\/LOGO-ESKA-FINAL.svg","width":259,"height":201,"caption":"Eska dalys"},"image":{"@id":"https:\/\/eskadalys.lt\/#\/schema\/logo\/image\/"},"sameAs":["https:\/\/www.facebook.com\/profile.php?id=61556005720456"]}]}},"_links":{"self":[{"href":"https:\/\/eskadalys.lt\/de\/wp-json\/wp\/v2\/product\/2241","targetHints":{"allow":["GET"]}}],"collection":[{"href":"https:\/\/eskadalys.lt\/de\/wp-json\/wp\/v2\/product"}],"about":[{"href":"https:\/\/eskadalys.lt\/de\/wp-json\/wp\/v2\/types\/product"}],"wp:featuredmedia":[{"embeddable":true,"href":"https:\/\/eskadalys.lt\/de\/wp-json\/wp\/v2\/media\/96515"}],"wp:attachment":[{"href":"https:\/\/eskadalys.lt\/de\/wp-json\/wp\/v2\/media?parent=2241"}],"wp:term":[{"taxonomy":"product_brand","embeddable":true,"href":"https:\/\/eskadalys.lt\/de\/wp-json\/wp\/v2\/product_brand?post=2241"},{"taxonomy":"product_cat","embeddable":true,"href":"https:\/\/eskadalys.lt\/de\/wp-json\/wp\/v2\/product_cat?post=2241"},{"taxonomy":"product_tag","embeddable":true,"href":"https:\/\/eskadalys.lt\/de\/wp-json\/wp\/v2\/product_tag?post=2241"}],"curies":[{"name":"wp","href":"https:\/\/api.w.org\/{rel}","templated":true}]}}