{"id":1918,"date":"2024-02-11T01:35:07","date_gmt":"2024-02-10T23:35:07","guid":{"rendered":"https:\/\/eskadalys.lt\/?post_type=product&#038;p=1918"},"modified":"2026-03-26T09:52:02","modified_gmt":"2026-03-26T07:52:02","slug":"riemenspanner-10","status":"publish","type":"product","link":"https:\/\/eskadalys.lt\/de\/product\/dirzo-itempejas-10\/","title":{"rendered":"Riemenspanner \u2013 3779082"},"content":{"rendered":"<p><strong>Riemenspanner \u2013 3779082<\/strong><\/p>\n<p>Abmessungen:<br \/>\nDurchmesser 74 mm,<br \/>\nH\u00f6he 34 mm,<\/p>\n<p><strong>Geeignet f\u00fcr:<\/strong> CAT, Baggerlader, 428E, 428F, 432E, 442E, 444E, M316D, M318D, M322D, Radbagger, 444F, M320D, M324D, M317, M317<\/p>\n<p>377-9082<\/p>\n<h3>\ud83d\udd0d Auf der Suche nach einem anderen Produkt aus der Kategorie <a href=\"https:\/\/eskadalys.lt\/de\/produktkategorie-de\/motorteile\/temperatur\/\">Spanner<\/a> ?<\/h3>\n<h3>\ud83d\udee0\ufe0f Katzenteile \u2013 hier finden Sie mehr davon <a href=\"https:\/\/eskadalys.lt\/de\/produktkategorie-de\/motorteile\/\">Motorteile<\/a> in der Kategorie.<\/h3>\n<p>Wenn Sie sich nicht sicher sind, ob dieses Teil zu Ihrer Maschine passt, <strong>Bitte senden Sie uns vor dem Kauf die Fahrzeugseriennummer (VIN).<\/strong>. Wir werden die Kompatibilit\u00e4t anhand der Kataloge \u00fcberpr\u00fcfen und <strong>Wir werden Ihnen das passende Teil anbieten.<\/strong>. Falls Sie das ben\u00f6tigte Ersatzteil nicht finden k\u00f6nnen, schreiben Sie uns \u2013 wir helfen Ihnen gerne bei der Suche!<\/p>\n<p><strong>\ud83d\udce6 Lager in Litauen<\/strong> \u2013 Bestellungen, die vor 14:00 Uhr eingehen, werden noch am selben Tag versandt.<\/p>\n<p><strong>\ud83d\ude80 Schnelle Lieferung<\/strong> \u2013 Bestellte Waren, die wir derzeit nicht auf Lager haben, werden innerhalb von 3-4 Werktagen geliefert.<\/p>\n<p><strong>\ud83d\udcc8 Gro\u00dfe Auswahl<\/strong> \u2013 Wir erweitern st\u00e4ndig unser Produktsortiment.<\/p>","protected":false},"excerpt":{"rendered":"<p>3779082<\/p>","protected":false},"featured_media":95955,"template":"","meta":{"site-sidebar-layout":"default","site-content-layout":"","ast-site-content-layout":"default","site-content-style":"default","site-sidebar-style":"default","ast-global-header-display":"","ast-banner-title-visibility":"","ast-main-header-display":"","ast-hfb-above-header-display":"","ast-hfb-below-header-display":"","ast-hfb-mobile-header-display":"","site-post-title":"","ast-breadcrumbs-content":"","ast-featured-img":"","footer-sml-layout":"","ast-disable-related-posts":"","theme-transparent-header-meta":"default","adv-header-id-meta":"","stick-header-meta":"","header-above-stick-meta":"","header-main-stick-meta":"","header-below-stick-meta":"","astra-migrate-meta-layouts":"set","ast-page-background-enabled":"default","ast-page-background-meta":{"desktop":{"background-color":"","background-image":"","background-repeat":"repeat","background-position":"center center","background-size":"auto","background-attachment":"scroll","background-type":"","background-media":"","overlay-type":"","overlay-color":"","overlay-opacity":"","overlay-gradient":""},"tablet":{"background-color":"","background-image":"","background-repeat":"repeat","background-position":"center center","background-size":"auto","background-attachment":"scroll","background-type":"","background-media":"","overlay-type":"","overlay-color":"","overlay-opacity":"","overlay-gradient":""},"mobile":{"background-color":"","background-image":"","background-repeat":"repeat","background-position":"center center","background-size":"auto","background-attachment":"scroll","background-type":"","background-media":"","overlay-type":"","overlay-color":"","overlay-opacity":"","overlay-gradient":""}},"ast-content-background-meta":{"desktop":{"background-color":"var(--ast-global-color-5)","background-image":"","background-repeat":"repeat","background-position":"center center","background-size":"auto","background-attachment":"scroll","background-type":"","background-media":"","overlay-type":"","overlay-color":"","overlay-opacity":"","overlay-gradient":""},"tablet":{"background-color":"var(--ast-global-color-5)","background-image":"","background-repeat":"repeat","background-position":"center center","background-size":"auto","background-attachment":"scroll","background-type":"","background-media":"","overlay-type":"","overlay-color":"","overlay-opacity":"","overlay-gradient":""},"mobile":{"background-color":"var(--ast-global-color-5)","background-image":"","background-repeat":"repeat","background-position":"center center","background-size":"auto","background-attachment":"scroll","background-type":"","background-media":"","overlay-type":"","overlay-color":"","overlay-opacity":"","overlay-gradient":""}}},"product_brand":[],"product_cat":[754],"product_tag":[49462,49573,49464,49539,49540,49663,43030,47753,50079,50084,50080,50082,50081,50083,49460],"class_list":{"0":"post-1918","1":"product","2":"type-product","3":"status-publish","4":"has-post-thumbnail","6":"product_cat-itempejai","7":"product_tag-428e","8":"product_tag-428f","9":"product_tag-432e","10":"product_tag-442e","11":"product_tag-444e","12":"product_tag-444f","13":"product_tag-cat","14":"product_tag-ekskavatorius-krautuvas","15":"product_tag-m316d","16":"product_tag-m317","17":"product_tag-m318d","18":"product_tag-m320d","19":"product_tag-m322d","20":"product_tag-m324d","21":"product_tag-ratinis-ekskavatorius","22":"desktop-align-left","23":"tablet-align-left","24":"mobile-align-left","26":"first","27":"onbackorder","28":"taxable","29":"shipping-taxable","30":"purchasable","31":"product-type-simple"},"yoast_head":"<!-- This site is optimized with the Yoast SEO plugin v27.3 - https:\/\/yoast.com\/product\/yoast-seo-wordpress\/ -->\n<title>Dir\u017eo \u012ftemp\u0117jas - 3779082 | Gera kaina | Greitas pristatymas | Eska dalys<\/title>\n<meta name=\"description\" content=\"Dir\u017eo \u012ftemp\u0117jas - 3779082 Matmenys :\u00a0 Skersmuo\u00a074mm, Auk\u0161tis 34mm, Tinka: CAT, Ekskavatorius krautuvas, 428E, 428F, 432E, 442E, 444E, M316D, M318D, M322D, Ratinis ekskavatorius, 444F, M320D, M324D, M317, M317\" \/>\n<meta name=\"robots\" content=\"index, follow, max-snippet:-1, max-image-preview:large, max-video-preview:-1\" \/>\n<link rel=\"canonical\" href=\"https:\/\/eskadalys.lt\/de\/produkt-de\/riemenspanner-10\/\" \/>\n<meta property=\"og:locale\" content=\"de_DE\" \/>\n<meta property=\"og:type\" content=\"article\" \/>\n<meta property=\"og:title\" content=\"Dir\u017eo \u012ftemp\u0117jas - 3779082 | Gera kaina | Greitas pristatymas | Eska dalys\" \/>\n<meta property=\"og:description\" content=\"Dir\u017eo \u012ftemp\u0117jas - 3779082 Matmenys :\u00a0 Skersmuo\u00a074mm, Auk\u0161tis 34mm, Tinka: CAT, Ekskavatorius krautuvas, 428E, 428F, 432E, 442E, 444E, M316D, M318D, M322D, Ratinis ekskavatorius, 444F, M320D, M324D, M317, M317\" \/>\n<meta property=\"og:url\" content=\"https:\/\/eskadalys.lt\/de\/produkt-de\/riemenspanner-10\/\" \/>\n<meta property=\"og:site_name\" content=\"Eska dalys\" \/>\n<meta property=\"article:publisher\" content=\"https:\/\/www.facebook.com\/profile.php?id=61556005720456\" \/>\n<meta property=\"article:modified_time\" content=\"2026-03-26T07:52:02+00:00\" \/>\n<meta property=\"og:image\" content=\"https:\/\/eskadalys.lt\/wp-content\/uploads\/2024\/02\/tensioner-20240121-130605-scaled-1.jpg?v=1714943673\" \/>\n\t<meta property=\"og:image:width\" content=\"1600\" \/>\n\t<meta property=\"og:image:height\" content=\"1374\" \/>\n\t<meta property=\"og:image:type\" content=\"image\/jpeg\" \/>\n<script type=\"application\/ld+json\" class=\"yoast-schema-graph\">{\"@context\":\"https:\\\/\\\/schema.org\",\"@graph\":[{\"@type\":\"WebPage\",\"@id\":\"https:\\\/\\\/eskadalys.lt\\\/product\\\/dirzo-itempejas-10\\\/\",\"url\":\"https:\\\/\\\/eskadalys.lt\\\/product\\\/dirzo-itempejas-10\\\/\",\"name\":\"Dir\u017eo \u012ftemp\u0117jas - 3779082 | Gera kaina | Greitas pristatymas | Eska dalys\",\"isPartOf\":{\"@id\":\"https:\\\/\\\/eskadalys.lt\\\/#website\"},\"primaryImageOfPage\":{\"@id\":\"https:\\\/\\\/eskadalys.lt\\\/product\\\/dirzo-itempejas-10\\\/#primaryimage\"},\"image\":{\"@id\":\"https:\\\/\\\/eskadalys.lt\\\/product\\\/dirzo-itempejas-10\\\/#primaryimage\"},\"thumbnailUrl\":\"https:\\\/\\\/eskadalys.lt\\\/wp-content\\\/uploads\\\/2024\\\/02\\\/tensioner-20240121-130605-scaled-1.jpg?v=1714943673\",\"datePublished\":\"2024-02-10T23:35:07+00:00\",\"dateModified\":\"2026-03-26T07:52:02+00:00\",\"description\":\"Dir\u017eo \u012ftemp\u0117jas - 3779082 Matmenys :\u00a0 Skersmuo\u00a074mm, Auk\u0161tis 34mm, Tinka: CAT, Ekskavatorius krautuvas, 428E, 428F, 432E, 442E, 444E, M316D, M318D, M322D, Ratinis ekskavatorius, 444F, M320D, M324D, M317, M317\",\"breadcrumb\":{\"@id\":\"https:\\\/\\\/eskadalys.lt\\\/product\\\/dirzo-itempejas-10\\\/#breadcrumb\"},\"inLanguage\":\"de\",\"potentialAction\":[{\"@type\":\"ReadAction\",\"target\":[\"https:\\\/\\\/eskadalys.lt\\\/product\\\/dirzo-itempejas-10\\\/\"]}]},{\"@type\":\"ImageObject\",\"inLanguage\":\"de\",\"@id\":\"https:\\\/\\\/eskadalys.lt\\\/product\\\/dirzo-itempejas-10\\\/#primaryimage\",\"url\":\"https:\\\/\\\/eskadalys.lt\\\/wp-content\\\/uploads\\\/2024\\\/02\\\/tensioner-20240121-130605-scaled-1.jpg?v=1714943673\",\"contentUrl\":\"https:\\\/\\\/eskadalys.lt\\\/wp-content\\\/uploads\\\/2024\\\/02\\\/tensioner-20240121-130605-scaled-1.jpg?v=1714943673\",\"width\":1600,\"height\":1374},{\"@type\":\"BreadcrumbList\",\"@id\":\"https:\\\/\\\/eskadalys.lt\\\/product\\\/dirzo-itempejas-10\\\/#breadcrumb\",\"itemListElement\":[{\"@type\":\"ListItem\",\"position\":1,\"name\":\"Strona g\u0142\u00f3wna\",\"item\":\"https:\\\/\\\/eskadalys.lt\\\/\"},{\"@type\":\"ListItem\",\"position\":2,\"name\":\"E-parduotuv\u0117\",\"item\":\"https:\\\/\\\/eskadalys.lt\\\/e-parduotuve\\\/\"},{\"@type\":\"ListItem\",\"position\":3,\"name\":\"Dir\u017eo \u012ftemp\u0117jas &#8211; 3779082\"}]},{\"@type\":\"WebSite\",\"@id\":\"https:\\\/\\\/eskadalys.lt\\\/#website\",\"url\":\"https:\\\/\\\/eskadalys.lt\\\/\",\"name\":\"Eska dalys\",\"description\":\"Ekskavatori\u0173 \\\/ mini ekskavatori\u0173 \\\/ buldozeri\u0173 dalys\",\"publisher\":{\"@id\":\"https:\\\/\\\/eskadalys.lt\\\/#organization\"},\"potentialAction\":[{\"@type\":\"SearchAction\",\"target\":{\"@type\":\"EntryPoint\",\"urlTemplate\":\"https:\\\/\\\/eskadalys.lt\\\/?s={search_term_string}\"},\"query-input\":{\"@type\":\"PropertyValueSpecification\",\"valueRequired\":true,\"valueName\":\"search_term_string\"}}],\"inLanguage\":\"de\"},{\"@type\":\"Organization\",\"@id\":\"https:\\\/\\\/eskadalys.lt\\\/#organization\",\"name\":\"Eska dalys\",\"url\":\"https:\\\/\\\/eskadalys.lt\\\/\",\"logo\":{\"@type\":\"ImageObject\",\"inLanguage\":\"de\",\"@id\":\"https:\\\/\\\/eskadalys.lt\\\/#\\\/schema\\\/logo\\\/image\\\/\",\"url\":\"https:\\\/\\\/eskadalys.lt\\\/wp-content\\\/uploads\\\/2024\\\/01\\\/LOGO-ESKA-FINAL.svg\",\"contentUrl\":\"https:\\\/\\\/eskadalys.lt\\\/wp-content\\\/uploads\\\/2024\\\/01\\\/LOGO-ESKA-FINAL.svg\",\"width\":259,\"height\":201,\"caption\":\"Eska dalys\"},\"image\":{\"@id\":\"https:\\\/\\\/eskadalys.lt\\\/#\\\/schema\\\/logo\\\/image\\\/\"},\"sameAs\":[\"https:\\\/\\\/www.facebook.com\\\/profile.php?id=61556005720456\"]}]}<\/script>\n<!-- \/ Yoast SEO plugin. -->","yoast_head_json":{"title":"Riemenspanner \u2013 3779082 | G\u00fcnstiger Preis | Schnelle Lieferung | Eska-Ersatzteile","description":"Riemenspanner \u2013 3779082 Abmessungen: Durchmesser 74 mm, H\u00f6he 34 mm, Passend f\u00fcr: CAT, Baggerlader, 428E, 428F, 432E, 442E, 444E, M316D, M318D, M322D, Radbagger, 444F, M320D, M324D, M317, M317","robots":{"index":"index","follow":"follow","max-snippet":"max-snippet:-1","max-image-preview":"max-image-preview:large","max-video-preview":"max-video-preview:-1"},"canonical":"https:\/\/eskadalys.lt\/de\/produkt-de\/riemenspanner-10\/","og_locale":"de_DE","og_type":"article","og_title":"Dir\u017eo \u012ftemp\u0117jas - 3779082 | Gera kaina | Greitas pristatymas | Eska dalys","og_description":"Dir\u017eo \u012ftemp\u0117jas - 3779082 Matmenys :\u00a0 Skersmuo\u00a074mm, Auk\u0161tis 34mm, Tinka: CAT, Ekskavatorius krautuvas, 428E, 428F, 432E, 442E, 444E, M316D, M318D, M322D, Ratinis ekskavatorius, 444F, M320D, M324D, M317, M317","og_url":"https:\/\/eskadalys.lt\/de\/produkt-de\/riemenspanner-10\/","og_site_name":"Eska dalys","article_publisher":"https:\/\/www.facebook.com\/profile.php?id=61556005720456","article_modified_time":"2026-03-26T07:52:02+00:00","og_image":[{"width":1600,"height":1374,"url":"https:\/\/eskadalys.lt\/wp-content\/uploads\/2024\/02\/tensioner-20240121-130605-scaled-1.jpg?v=1714943673","type":"image\/jpeg"}],"schema":{"@context":"https:\/\/schema.org","@graph":[{"@type":"WebPage","@id":"https:\/\/eskadalys.lt\/product\/dirzo-itempejas-10\/","url":"https:\/\/eskadalys.lt\/product\/dirzo-itempejas-10\/","name":"Riemenspanner \u2013 3779082 | G\u00fcnstiger Preis | Schnelle Lieferung | Eska-Ersatzteile","isPartOf":{"@id":"https:\/\/eskadalys.lt\/#website"},"primaryImageOfPage":{"@id":"https:\/\/eskadalys.lt\/product\/dirzo-itempejas-10\/#primaryimage"},"image":{"@id":"https:\/\/eskadalys.lt\/product\/dirzo-itempejas-10\/#primaryimage"},"thumbnailUrl":"https:\/\/eskadalys.lt\/wp-content\/uploads\/2024\/02\/tensioner-20240121-130605-scaled-1.jpg?v=1714943673","datePublished":"2024-02-10T23:35:07+00:00","dateModified":"2026-03-26T07:52:02+00:00","description":"Riemenspanner \u2013 3779082 Abmessungen: Durchmesser 74 mm, H\u00f6he 34 mm, Passend f\u00fcr: CAT, Baggerlader, 428E, 428F, 432E, 442E, 444E, M316D, M318D, M322D, Radbagger, 444F, M320D, M324D, M317, M317","breadcrumb":{"@id":"https:\/\/eskadalys.lt\/product\/dirzo-itempejas-10\/#breadcrumb"},"inLanguage":"de","potentialAction":[{"@type":"ReadAction","target":["https:\/\/eskadalys.lt\/product\/dirzo-itempejas-10\/"]}]},{"@type":"ImageObject","inLanguage":"de","@id":"https:\/\/eskadalys.lt\/product\/dirzo-itempejas-10\/#primaryimage","url":"https:\/\/eskadalys.lt\/wp-content\/uploads\/2024\/02\/tensioner-20240121-130605-scaled-1.jpg?v=1714943673","contentUrl":"https:\/\/eskadalys.lt\/wp-content\/uploads\/2024\/02\/tensioner-20240121-130605-scaled-1.jpg?v=1714943673","width":1600,"height":1374},{"@type":"BreadcrumbList","@id":"https:\/\/eskadalys.lt\/product\/dirzo-itempejas-10\/#breadcrumb","itemListElement":[{"@type":"ListItem","position":1,"name":"Strona g\u0142\u00f3wna","item":"https:\/\/eskadalys.lt\/"},{"@type":"ListItem","position":2,"name":"E-parduotuv\u0117","item":"https:\/\/eskadalys.lt\/e-parduotuve\/"},{"@type":"ListItem","position":3,"name":"Dir\u017eo \u012ftemp\u0117jas &#8211; 3779082"}]},{"@type":"WebSite","@id":"https:\/\/eskadalys.lt\/#website","url":"https:\/\/eskadalys.lt\/","name":"Eska parts","description":"Teile f\u00fcr Bagger\/Minibagger\/Planierraupen","publisher":{"@id":"https:\/\/eskadalys.lt\/#organization"},"potentialAction":[{"@type":"SearchAction","target":{"@type":"EntryPoint","urlTemplate":"https:\/\/eskadalys.lt\/?s={search_term_string}"},"query-input":{"@type":"PropertyValueSpecification","valueRequired":true,"valueName":"search_term_string"}}],"inLanguage":"de"},{"@type":"Organization","@id":"https:\/\/eskadalys.lt\/#organization","name":"Eska parts","url":"https:\/\/eskadalys.lt\/","logo":{"@type":"ImageObject","inLanguage":"de","@id":"https:\/\/eskadalys.lt\/#\/schema\/logo\/image\/","url":"https:\/\/eskadalys.lt\/wp-content\/uploads\/2024\/01\/LOGO-ESKA-FINAL.svg","contentUrl":"https:\/\/eskadalys.lt\/wp-content\/uploads\/2024\/01\/LOGO-ESKA-FINAL.svg","width":259,"height":201,"caption":"Eska dalys"},"image":{"@id":"https:\/\/eskadalys.lt\/#\/schema\/logo\/image\/"},"sameAs":["https:\/\/www.facebook.com\/profile.php?id=61556005720456"]}]}},"_links":{"self":[{"href":"https:\/\/eskadalys.lt\/de\/wp-json\/wp\/v2\/product\/1918","targetHints":{"allow":["GET"]}}],"collection":[{"href":"https:\/\/eskadalys.lt\/de\/wp-json\/wp\/v2\/product"}],"about":[{"href":"https:\/\/eskadalys.lt\/de\/wp-json\/wp\/v2\/types\/product"}],"wp:featuredmedia":[{"embeddable":true,"href":"https:\/\/eskadalys.lt\/de\/wp-json\/wp\/v2\/media\/95955"}],"wp:attachment":[{"href":"https:\/\/eskadalys.lt\/de\/wp-json\/wp\/v2\/media?parent=1918"}],"wp:term":[{"taxonomy":"product_brand","embeddable":true,"href":"https:\/\/eskadalys.lt\/de\/wp-json\/wp\/v2\/product_brand?post=1918"},{"taxonomy":"product_cat","embeddable":true,"href":"https:\/\/eskadalys.lt\/de\/wp-json\/wp\/v2\/product_cat?post=1918"},{"taxonomy":"product_tag","embeddable":true,"href":"https:\/\/eskadalys.lt\/de\/wp-json\/wp\/v2\/product_tag?post=1918"}],"curies":[{"name":"wp","href":"https:\/\/api.w.org\/{rel}","templated":true}]}}