{"id":148,"date":"2024-02-10T23:17:29","date_gmt":"2024-02-10T21:17:29","guid":{"rendered":"https:\/\/eskadalys.lt\/?post_type=product&#038;p=148"},"modified":"2026-04-22T16:27:15","modified_gmt":"2026-04-22T13:27:15","slug":"gasdruckstosdampfer-cva-f2-modifikation","status":"publish","type":"product","link":"https:\/\/eskadalys.lt\/de\/product\/dujinis-amortizatorius-cva-f2-modification\/","title":{"rendered":"Gasdrucksto\u00dfd\u00e4mpfer CVA F2 MODIFIKATION \u2013 4990734 P"},"content":{"rendered":"<p><strong>Gasdrucksto\u00dfd\u00e4mpfer CVA F2 MODIFIKATION \u2013 4990734 P<\/strong><br \/>\n<strong>Geeignet f\u00fcr:<\/strong> CAT, Baggerlader \/ , 415F, 415F2, 427F2, 428F2, 427F2, 444F2, 432F2, 432F2, 420F2, 420F2IT, , 420F2ST, 440, 430F2ST, 416FST<\/p>\n<p>499-0734<\/p>\n<h3>\ud83d\udd0d Auf der Suche nach einem anderen Produkt aus der Kategorie <a href=\"https:\/\/eskadalys.lt\/de\/produktkategorie-de\/korperteile\/gasdruckstosdampfer\/\">Gasdrucksto\u00dfd\u00e4mpfer<\/a> ?<\/h3>\n<h3>\ud83d\udee0\ufe0f CAT-Ersatzteile \u2013 hier finden Sie weitere. <a href=\"https:\/\/eskadalys.lt\/de\/produktkategorie-de\/korperteile\/\">K\u00f6rperteile<\/a> in der Kategorie.<\/h3>\n<p>Wenn Sie sich nicht sicher sind, ob dieses Teil zu Ihrer Maschine passt, <strong>Bitte senden Sie uns vor dem Kauf die Fahrzeugseriennummer (VIN).<\/strong>. Wir werden die Kompatibilit\u00e4t anhand der Kataloge \u00fcberpr\u00fcfen und <strong>Wir werden Ihnen das passende Teil anbieten.<\/strong>. Falls Sie das ben\u00f6tigte Ersatzteil nicht finden k\u00f6nnen, schreiben Sie uns \u2013 wir helfen Ihnen gerne bei der Suche!<\/p>\n<p><strong>\ud83d\udce6 Lager in Litauen<\/strong> \u2013 Bestellungen, die vor 14:00 Uhr eingehen, werden noch am selben Tag versandt.<\/p>\n<p><strong>\ud83d\ude80 Schnelle Lieferung<\/strong> \u2013 Bestellte Waren, die wir derzeit nicht auf Lager haben, werden innerhalb von 3-4 Werktagen geliefert.<\/p>\n<p><strong>\ud83d\udcc8 Gro\u00dfe Auswahl<\/strong> \u2013 Wir erweitern st\u00e4ndig unser Produktsortiment.<\/p>","protected":false},"excerpt":{"rendered":"<p>4990734 P<\/p>","protected":false},"featured_media":91643,"template":"","meta":{"site-sidebar-layout":"default","site-content-layout":"","ast-site-content-layout":"default","site-content-style":"default","site-sidebar-style":"default","ast-global-header-display":"","ast-banner-title-visibility":"","ast-main-header-display":"","ast-hfb-above-header-display":"","ast-hfb-below-header-display":"","ast-hfb-mobile-header-display":"","site-post-title":"","ast-breadcrumbs-content":"","ast-featured-img":"","footer-sml-layout":"","ast-disable-related-posts":"","theme-transparent-header-meta":"","adv-header-id-meta":"","stick-header-meta":"","header-above-stick-meta":"","header-main-stick-meta":"","header-below-stick-meta":"","astra-migrate-meta-layouts":"default","ast-page-background-enabled":"default","ast-page-background-meta":{"desktop":{"background-color":"","background-image":"","background-repeat":"repeat","background-position":"center center","background-size":"auto","background-attachment":"scroll","background-type":"","background-media":"","overlay-type":"","overlay-color":"","overlay-opacity":"","overlay-gradient":""},"tablet":{"background-color":"","background-image":"","background-repeat":"repeat","background-position":"center center","background-size":"auto","background-attachment":"scroll","background-type":"","background-media":"","overlay-type":"","overlay-color":"","overlay-opacity":"","overlay-gradient":""},"mobile":{"background-color":"","background-image":"","background-repeat":"repeat","background-position":"center center","background-size":"auto","background-attachment":"scroll","background-type":"","background-media":"","overlay-type":"","overlay-color":"","overlay-opacity":"","overlay-gradient":""}},"ast-content-background-meta":{"desktop":{"background-color":"var(--ast-global-color-5)","background-image":"","background-repeat":"repeat","background-position":"center center","background-size":"auto","background-attachment":"scroll","background-type":"","background-media":"","overlay-type":"","overlay-color":"","overlay-opacity":"","overlay-gradient":""},"tablet":{"background-color":"var(--ast-global-color-5)","background-image":"","background-repeat":"repeat","background-position":"center center","background-size":"auto","background-attachment":"scroll","background-type":"","background-media":"","overlay-type":"","overlay-color":"","overlay-opacity":"","overlay-gradient":""},"mobile":{"background-color":"var(--ast-global-color-5)","background-image":"","background-repeat":"repeat","background-position":"center center","background-size":"auto","background-attachment":"scroll","background-type":"","background-media":"","overlay-type":"","overlay-color":"","overlay-opacity":"","overlay-gradient":""}}},"product_brand":[],"product_cat":[770],"product_tag":[42875],"class_list":{"0":"post-148","1":"product","2":"type-product","3":"status-publish","4":"has-post-thumbnail","6":"product_cat-dujiniai-amortizatoriai","7":"product_tag-cat-ekskavatorius-krautuvas-415f-415f2-427f2-428f2-427f2-444f2-432f2-432f2-420f2-420f2it-420f2st-440-430f2st-416fst","8":"desktop-align-left","9":"tablet-align-left","10":"mobile-align-left","12":"first","13":"onbackorder","14":"taxable","15":"shipping-taxable","16":"purchasable","17":"product-type-simple"},"yoast_head":"<!-- This site is optimized with the Yoast SEO plugin v27.5 - https:\/\/yoast.com\/product\/yoast-seo-wordpress\/ -->\n<title>Dujinis amortizatorius CVA F2 MODIFICATION - 4990734 P | Gera kaina | Greitas pristatymas | Eska dalys<\/title>\n<meta name=\"description\" content=\"Dujinis amortizatorius F2 MODIFICATION - 4990734 P Tinka: CAT, Ekskavatorius krautuvas\/ , 415F, 415F2, 427F2, 428F2, 427F2, 444F2, 432F2, 432F2, 420F2, 420F2IT, , 420F2ST, 440, 430F2ST, 416FST\" \/>\n<meta name=\"robots\" content=\"index, follow, max-snippet:-1, max-image-preview:large, max-video-preview:-1\" \/>\n<link rel=\"canonical\" href=\"https:\/\/eskadalys.lt\/de\/produkt-de\/gasdruckstosdampfer-cva-f2-modifikation\/\" \/>\n<meta property=\"og:locale\" content=\"de_DE\" \/>\n<meta property=\"og:type\" content=\"article\" \/>\n<meta property=\"og:title\" content=\"Dujinis amortizatorius CVA F2 MODIFICATION - 4990734 P | Gera kaina | Greitas pristatymas | Eska dalys\" \/>\n<meta property=\"og:description\" content=\"Dujinis amortizatorius F2 MODIFICATION - 4990734 P Tinka: CAT, Ekskavatorius krautuvas\/ , 415F, 415F2, 427F2, 428F2, 427F2, 444F2, 432F2, 432F2, 420F2, 420F2IT, , 420F2ST, 440, 430F2ST, 416FST\" \/>\n<meta property=\"og:url\" content=\"https:\/\/eskadalys.lt\/de\/produkt-de\/gasdruckstosdampfer-cva-f2-modifikation\/\" \/>\n<meta property=\"og:site_name\" content=\"Eska dalys\" \/>\n<meta property=\"article:publisher\" content=\"https:\/\/www.facebook.com\/profile.php?id=61556005720456\" \/>\n<meta property=\"article:modified_time\" content=\"2026-04-22T13:27:15+00:00\" \/>\n<meta property=\"og:image\" content=\"https:\/\/eskadalys.lt\/wp-content\/uploads\/2024\/02\/spring-gas-17-20240121-110042-scaled-1.jpg?v=1714956073\" \/>\n\t<meta property=\"og:image:width\" content=\"1596\" \/>\n\t<meta property=\"og:image:height\" content=\"2560\" \/>\n\t<meta property=\"og:image:type\" content=\"image\/jpeg\" \/>\n<script type=\"application\/ld+json\" class=\"yoast-schema-graph\">{\"@context\":\"https:\\\/\\\/schema.org\",\"@graph\":[{\"@type\":\"WebPage\",\"@id\":\"https:\\\/\\\/eskadalys.lt\\\/product\\\/dujinis-amortizatorius-cva-f2-modification\\\/\",\"url\":\"https:\\\/\\\/eskadalys.lt\\\/product\\\/dujinis-amortizatorius-cva-f2-modification\\\/\",\"name\":\"Dujinis amortizatorius CVA F2 MODIFICATION - 4990734 P | Gera kaina | Greitas pristatymas | Eska dalys\",\"isPartOf\":{\"@id\":\"https:\\\/\\\/eskadalys.lt\\\/#website\"},\"primaryImageOfPage\":{\"@id\":\"https:\\\/\\\/eskadalys.lt\\\/product\\\/dujinis-amortizatorius-cva-f2-modification\\\/#primaryimage\"},\"image\":{\"@id\":\"https:\\\/\\\/eskadalys.lt\\\/product\\\/dujinis-amortizatorius-cva-f2-modification\\\/#primaryimage\"},\"thumbnailUrl\":\"https:\\\/\\\/eskadalys.lt\\\/wp-content\\\/uploads\\\/2024\\\/02\\\/spring-gas-17-20240121-110042-scaled-1.jpg?v=1714956073\",\"datePublished\":\"2024-02-10T21:17:29+00:00\",\"dateModified\":\"2026-04-22T13:27:15+00:00\",\"description\":\"Dujinis amortizatorius F2 MODIFICATION - 4990734 P Tinka: CAT, Ekskavatorius krautuvas\\\/ , 415F, 415F2, 427F2, 428F2, 427F2, 444F2, 432F2, 432F2, 420F2, 420F2IT, , 420F2ST, 440, 430F2ST, 416FST\",\"breadcrumb\":{\"@id\":\"https:\\\/\\\/eskadalys.lt\\\/product\\\/dujinis-amortizatorius-cva-f2-modification\\\/#breadcrumb\"},\"inLanguage\":\"de\",\"potentialAction\":[{\"@type\":\"ReadAction\",\"target\":[\"https:\\\/\\\/eskadalys.lt\\\/product\\\/dujinis-amortizatorius-cva-f2-modification\\\/\"]}]},{\"@type\":\"ImageObject\",\"inLanguage\":\"de\",\"@id\":\"https:\\\/\\\/eskadalys.lt\\\/product\\\/dujinis-amortizatorius-cva-f2-modification\\\/#primaryimage\",\"url\":\"https:\\\/\\\/eskadalys.lt\\\/wp-content\\\/uploads\\\/2024\\\/02\\\/spring-gas-17-20240121-110042-scaled-1.jpg?v=1714956073\",\"contentUrl\":\"https:\\\/\\\/eskadalys.lt\\\/wp-content\\\/uploads\\\/2024\\\/02\\\/spring-gas-17-20240121-110042-scaled-1.jpg?v=1714956073\",\"width\":1596,\"height\":2560},{\"@type\":\"BreadcrumbList\",\"@id\":\"https:\\\/\\\/eskadalys.lt\\\/product\\\/dujinis-amortizatorius-cva-f2-modification\\\/#breadcrumb\",\"itemListElement\":[{\"@type\":\"ListItem\",\"position\":1,\"name\":\"Strona g\u0142\u00f3wna\",\"item\":\"https:\\\/\\\/eskadalys.lt\\\/\"},{\"@type\":\"ListItem\",\"position\":2,\"name\":\"E-parduotuv\u0117\",\"item\":\"https:\\\/\\\/eskadalys.lt\\\/e-parduotuve\\\/\"},{\"@type\":\"ListItem\",\"position\":3,\"name\":\"Dujinis amortizatorius CVA F2 MODIFICATION &#8211; 4990734 P\"}]},{\"@type\":\"WebSite\",\"@id\":\"https:\\\/\\\/eskadalys.lt\\\/#website\",\"url\":\"https:\\\/\\\/eskadalys.lt\\\/\",\"name\":\"Eska dalys\",\"description\":\"Ekskavatori\u0173 \\\/ mini ekskavatori\u0173 \\\/ buldozeri\u0173 dalys\",\"publisher\":{\"@id\":\"https:\\\/\\\/eskadalys.lt\\\/#organization\"},\"potentialAction\":[{\"@type\":\"SearchAction\",\"target\":{\"@type\":\"EntryPoint\",\"urlTemplate\":\"https:\\\/\\\/eskadalys.lt\\\/?s={search_term_string}\"},\"query-input\":{\"@type\":\"PropertyValueSpecification\",\"valueRequired\":true,\"valueName\":\"search_term_string\"}}],\"inLanguage\":\"de\"},{\"@type\":\"Organization\",\"@id\":\"https:\\\/\\\/eskadalys.lt\\\/#organization\",\"name\":\"Eska dalys\",\"url\":\"https:\\\/\\\/eskadalys.lt\\\/\",\"logo\":{\"@type\":\"ImageObject\",\"inLanguage\":\"de\",\"@id\":\"https:\\\/\\\/eskadalys.lt\\\/#\\\/schema\\\/logo\\\/image\\\/\",\"url\":\"https:\\\/\\\/eskadalys.lt\\\/wp-content\\\/uploads\\\/2024\\\/01\\\/LOGO-ESKA-FINAL.svg\",\"contentUrl\":\"https:\\\/\\\/eskadalys.lt\\\/wp-content\\\/uploads\\\/2024\\\/01\\\/LOGO-ESKA-FINAL.svg\",\"width\":259,\"height\":201,\"caption\":\"Eska dalys\"},\"image\":{\"@id\":\"https:\\\/\\\/eskadalys.lt\\\/#\\\/schema\\\/logo\\\/image\\\/\"},\"sameAs\":[\"https:\\\/\\\/www.facebook.com\\\/profile.php?id=61556005720456\"]}]}<\/script>\n<!-- \/ Yoast SEO plugin. -->","yoast_head_json":{"title":"Gasdrucksto\u00dfd\u00e4mpfer CVA F2 MODIFIKATION - 4990734 P | G\u00fcnstiger Preis | Schnelle Lieferung | Eska Teile","description":"Gasdrucksto\u00dfd\u00e4mpfer F2 MODIFIKATION - 4990734 P Geeignet f\u00fcr: CAT, Baggerlader\/ , 415F, 415F2, 427F2, 428F2, 427F2, 444F2, 432F2, 432F2, 420F2, 420F2IT, , 420F2ST, 440, 430F2ST, 416FST","robots":{"index":"index","follow":"follow","max-snippet":"max-snippet:-1","max-image-preview":"max-image-preview:large","max-video-preview":"max-video-preview:-1"},"canonical":"https:\/\/eskadalys.lt\/de\/produkt-de\/gasdruckstosdampfer-cva-f2-modifikation\/","og_locale":"de_DE","og_type":"article","og_title":"Dujinis amortizatorius CVA F2 MODIFICATION - 4990734 P | Gera kaina | Greitas pristatymas | Eska dalys","og_description":"Dujinis amortizatorius F2 MODIFICATION - 4990734 P Tinka: CAT, Ekskavatorius krautuvas\/ , 415F, 415F2, 427F2, 428F2, 427F2, 444F2, 432F2, 432F2, 420F2, 420F2IT, , 420F2ST, 440, 430F2ST, 416FST","og_url":"https:\/\/eskadalys.lt\/de\/produkt-de\/gasdruckstosdampfer-cva-f2-modifikation\/","og_site_name":"Eska dalys","article_publisher":"https:\/\/www.facebook.com\/profile.php?id=61556005720456","article_modified_time":"2026-04-22T13:27:15+00:00","og_image":[{"width":1596,"height":2560,"url":"https:\/\/eskadalys.lt\/wp-content\/uploads\/2024\/02\/spring-gas-17-20240121-110042-scaled-1.jpg?v=1714956073","type":"image\/jpeg"}],"schema":{"@context":"https:\/\/schema.org","@graph":[{"@type":"WebPage","@id":"https:\/\/eskadalys.lt\/product\/dujinis-amortizatorius-cva-f2-modification\/","url":"https:\/\/eskadalys.lt\/product\/dujinis-amortizatorius-cva-f2-modification\/","name":"Gasdrucksto\u00dfd\u00e4mpfer CVA F2 MODIFIKATION - 4990734 P | G\u00fcnstiger Preis | Schnelle Lieferung | Eska Teile","isPartOf":{"@id":"https:\/\/eskadalys.lt\/#website"},"primaryImageOfPage":{"@id":"https:\/\/eskadalys.lt\/product\/dujinis-amortizatorius-cva-f2-modification\/#primaryimage"},"image":{"@id":"https:\/\/eskadalys.lt\/product\/dujinis-amortizatorius-cva-f2-modification\/#primaryimage"},"thumbnailUrl":"https:\/\/eskadalys.lt\/wp-content\/uploads\/2024\/02\/spring-gas-17-20240121-110042-scaled-1.jpg?v=1714956073","datePublished":"2024-02-10T21:17:29+00:00","dateModified":"2026-04-22T13:27:15+00:00","description":"Gasdrucksto\u00dfd\u00e4mpfer F2 MODIFIKATION - 4990734 P Geeignet f\u00fcr: CAT, Baggerlader\/ , 415F, 415F2, 427F2, 428F2, 427F2, 444F2, 432F2, 432F2, 420F2, 420F2IT, , 420F2ST, 440, 430F2ST, 416FST","breadcrumb":{"@id":"https:\/\/eskadalys.lt\/product\/dujinis-amortizatorius-cva-f2-modification\/#breadcrumb"},"inLanguage":"de","potentialAction":[{"@type":"ReadAction","target":["https:\/\/eskadalys.lt\/product\/dujinis-amortizatorius-cva-f2-modification\/"]}]},{"@type":"ImageObject","inLanguage":"de","@id":"https:\/\/eskadalys.lt\/product\/dujinis-amortizatorius-cva-f2-modification\/#primaryimage","url":"https:\/\/eskadalys.lt\/wp-content\/uploads\/2024\/02\/spring-gas-17-20240121-110042-scaled-1.jpg?v=1714956073","contentUrl":"https:\/\/eskadalys.lt\/wp-content\/uploads\/2024\/02\/spring-gas-17-20240121-110042-scaled-1.jpg?v=1714956073","width":1596,"height":2560},{"@type":"BreadcrumbList","@id":"https:\/\/eskadalys.lt\/product\/dujinis-amortizatorius-cva-f2-modification\/#breadcrumb","itemListElement":[{"@type":"ListItem","position":1,"name":"Strona g\u0142\u00f3wna","item":"https:\/\/eskadalys.lt\/"},{"@type":"ListItem","position":2,"name":"E-parduotuv\u0117","item":"https:\/\/eskadalys.lt\/e-parduotuve\/"},{"@type":"ListItem","position":3,"name":"Dujinis amortizatorius CVA F2 MODIFICATION &#8211; 4990734 P"}]},{"@type":"WebSite","@id":"https:\/\/eskadalys.lt\/#website","url":"https:\/\/eskadalys.lt\/","name":"Eska parts","description":"Teile f\u00fcr Bagger\/Minibagger\/Planierraupen","publisher":{"@id":"https:\/\/eskadalys.lt\/#organization"},"potentialAction":[{"@type":"SearchAction","target":{"@type":"EntryPoint","urlTemplate":"https:\/\/eskadalys.lt\/?s={search_term_string}"},"query-input":{"@type":"PropertyValueSpecification","valueRequired":true,"valueName":"search_term_string"}}],"inLanguage":"de"},{"@type":"Organization","@id":"https:\/\/eskadalys.lt\/#organization","name":"Eska parts","url":"https:\/\/eskadalys.lt\/","logo":{"@type":"ImageObject","inLanguage":"de","@id":"https:\/\/eskadalys.lt\/#\/schema\/logo\/image\/","url":"https:\/\/eskadalys.lt\/wp-content\/uploads\/2024\/01\/LOGO-ESKA-FINAL.svg","contentUrl":"https:\/\/eskadalys.lt\/wp-content\/uploads\/2024\/01\/LOGO-ESKA-FINAL.svg","width":259,"height":201,"caption":"Eska dalys"},"image":{"@id":"https:\/\/eskadalys.lt\/#\/schema\/logo\/image\/"},"sameAs":["https:\/\/www.facebook.com\/profile.php?id=61556005720456"]}]}},"_links":{"self":[{"href":"https:\/\/eskadalys.lt\/de\/wp-json\/wp\/v2\/product\/148","targetHints":{"allow":["GET"]}}],"collection":[{"href":"https:\/\/eskadalys.lt\/de\/wp-json\/wp\/v2\/product"}],"about":[{"href":"https:\/\/eskadalys.lt\/de\/wp-json\/wp\/v2\/types\/product"}],"wp:featuredmedia":[{"embeddable":true,"href":"https:\/\/eskadalys.lt\/de\/wp-json\/wp\/v2\/media\/91643"}],"wp:attachment":[{"href":"https:\/\/eskadalys.lt\/de\/wp-json\/wp\/v2\/media?parent=148"}],"wp:term":[{"taxonomy":"product_brand","embeddable":true,"href":"https:\/\/eskadalys.lt\/de\/wp-json\/wp\/v2\/product_brand?post=148"},{"taxonomy":"product_cat","embeddable":true,"href":"https:\/\/eskadalys.lt\/de\/wp-json\/wp\/v2\/product_cat?post=148"},{"taxonomy":"product_tag","embeddable":true,"href":"https:\/\/eskadalys.lt\/de\/wp-json\/wp\/v2\/product_tag?post=148"}],"curies":[{"name":"wp","href":"https:\/\/api.w.org\/{rel}","templated":true}]}}