{"id":1335,"date":"2024-02-11T00:52:39","date_gmt":"2024-02-10T22:52:39","guid":{"rendered":"https:\/\/eskadalys.lt\/?post_type=product&#038;p=1335"},"modified":"2026-04-22T16:28:38","modified_gmt":"2026-04-22T13:28:38","slug":"schmiernippel-fur-kotflugel-15","status":"publish","type":"product","link":"https:\/\/eskadalys.lt\/de\/product\/kaiscio-riebokslis-purvasaugis-15\/","title":{"rendered":"Stopfendichtung \u2013 Kotfl\u00fcgel \u2013 7K9209"},"content":{"rendered":"<p><strong>Stopfendichtung \u2013 Kotfl\u00fcgel \u2013 7K9209<\/strong><br \/>\n<strong>Geeignet f\u00fcr:<\/strong> CAT, Radlader, 914G, G916, 918F, 924G, 924GZ, 924K, 928H, 928HZ, 930G, 930R, 936, 936F, 938G<br \/>\n<strong>OE-Nummern::<\/strong> 5P0064.<br \/>\n7K-9209<\/p>\n<h3>\ud83d\udd0d Auf der Suche nach einem anderen Produkt aus der Kategorie <a href=\"https:\/\/eskadalys.lt\/de\/produktkategorie-de\/stifte-elfenbeinlager\/stiftfett\/\">Stopfendichtungen<\/a> ?<\/h3>\n<h3>\ud83d\udee0\ufe0f Katzenteile \u2013 hier finden Sie mehr davon <a href=\"https:\/\/eskadalys.lt\/de\/produktkategorie-de\/stifte-elfenbeinlager\/\">Bolzen \/ Buchsen \/ Lager<\/a> in der Kategorie.<\/h3>\n<p>Wenn Sie sich nicht sicher sind, ob dieses Teil zu Ihrer Maschine passt, <strong>Bitte senden Sie uns vor dem Kauf die Fahrzeugseriennummer (VIN).<\/strong>. Wir werden die Kompatibilit\u00e4t anhand der Kataloge \u00fcberpr\u00fcfen und <strong>Wir werden Ihnen das passende Teil anbieten.<\/strong>. Falls Sie das ben\u00f6tigte Ersatzteil nicht finden k\u00f6nnen, schreiben Sie uns \u2013 wir helfen Ihnen gerne bei der Suche!<\/p>\n<p><strong>\ud83d\udce6 Lager in Litauen<\/strong> \u2013 Bestellungen, die vor 14:00 Uhr eingehen, werden noch am selben Tag versandt.<\/p>\n<p><strong>\ud83d\ude80 Schnelle Lieferung<\/strong> \u2013 Bestellte Waren, die wir derzeit nicht auf Lager haben, werden innerhalb von 3-4 Werktagen geliefert.<\/p>\n<p><strong>\ud83d\udcc8 Gro\u00dfe Auswahl<\/strong> \u2013 Wir erweitern st\u00e4ndig unser Produktsortiment.<\/p>","protected":false},"excerpt":{"rendered":"<p>7K9209<\/p>","protected":false},"featured_media":113498,"template":"","meta":{"site-sidebar-layout":"default","site-content-layout":"","ast-site-content-layout":"default","site-content-style":"default","site-sidebar-style":"default","ast-global-header-display":"","ast-banner-title-visibility":"","ast-main-header-display":"","ast-hfb-above-header-display":"","ast-hfb-below-header-display":"","ast-hfb-mobile-header-display":"","site-post-title":"","ast-breadcrumbs-content":"","ast-featured-img":"","footer-sml-layout":"","ast-disable-related-posts":"","theme-transparent-header-meta":"default","adv-header-id-meta":"","stick-header-meta":"","header-above-stick-meta":"","header-main-stick-meta":"","header-below-stick-meta":"","astra-migrate-meta-layouts":"set","ast-page-background-enabled":"default","ast-page-background-meta":{"desktop":{"background-color":"","background-image":"","background-repeat":"repeat","background-position":"center center","background-size":"auto","background-attachment":"scroll","background-type":"","background-media":"","overlay-type":"","overlay-color":"","overlay-opacity":"","overlay-gradient":""},"tablet":{"background-color":"","background-image":"","background-repeat":"repeat","background-position":"center center","background-size":"auto","background-attachment":"scroll","background-type":"","background-media":"","overlay-type":"","overlay-color":"","overlay-opacity":"","overlay-gradient":""},"mobile":{"background-color":"","background-image":"","background-repeat":"repeat","background-position":"center center","background-size":"auto","background-attachment":"scroll","background-type":"","background-media":"","overlay-type":"","overlay-color":"","overlay-opacity":"","overlay-gradient":""}},"ast-content-background-meta":{"desktop":{"background-color":"var(--ast-global-color-5)","background-image":"","background-repeat":"repeat","background-position":"center center","background-size":"auto","background-attachment":"scroll","background-type":"","background-media":"","overlay-type":"","overlay-color":"","overlay-opacity":"","overlay-gradient":""},"tablet":{"background-color":"var(--ast-global-color-5)","background-image":"","background-repeat":"repeat","background-position":"center center","background-size":"auto","background-attachment":"scroll","background-type":"","background-media":"","overlay-type":"","overlay-color":"","overlay-opacity":"","overlay-gradient":""},"mobile":{"background-color":"var(--ast-global-color-5)","background-image":"","background-repeat":"repeat","background-position":"center center","background-size":"auto","background-attachment":"scroll","background-type":"","background-media":"","overlay-type":"","overlay-color":"","overlay-opacity":"","overlay-gradient":""}}},"product_brand":[],"product_cat":[889],"product_tag":[49525,49512,49514,49515,49516,49517,49518,49519,49520,49521,49522,49523,49524,43030,48776,49513],"class_list":{"0":"post-1335","1":"product","2":"type-product","3":"status-publish","4":"has-post-thumbnail","6":"product_cat-kaiscio-rieboksliai","7":"product_tag-5p0064","8":"product_tag-914g","9":"product_tag-918f","10":"product_tag-924g","11":"product_tag-924gz","12":"product_tag-924k","13":"product_tag-928h","14":"product_tag-928hz","15":"product_tag-930g","16":"product_tag-930r","17":"product_tag-49522","18":"product_tag-936f","19":"product_tag-938g","20":"product_tag-cat","21":"product_tag-frontalinis-krautuvas","22":"product_tag-g916","23":"desktop-align-left","24":"tablet-align-left","25":"mobile-align-left","27":"first","28":"instock","29":"taxable","30":"shipping-taxable","31":"purchasable","32":"product-type-simple"},"yoast_head":"<!-- This site is optimized with the Yoast SEO plugin v27.5 - https:\/\/yoast.com\/product\/yoast-seo-wordpress\/ -->\n<title>Kai\u0161\u010dio riebok\u0161lis \u2013 purvasaugis - 7K9209 | Gera kaina | Greitas pristatymas | Eska dalys<\/title>\n<meta name=\"description\" content=\"Kai\u0161\u010dio riebok\u0161lis \u2013 purvasaugis - 7K9209 Tinka: CAT, Frontalinis krautuvas, 914G, G916, 918F, 924G, 924GZ, 924K, 928H, 928HZ, 930G, 930R, 936, 936F, 938G OE numeriai: 5P0064.\" \/>\n<meta name=\"robots\" content=\"index, follow, max-snippet:-1, max-image-preview:large, max-video-preview:-1\" \/>\n<link rel=\"canonical\" href=\"https:\/\/eskadalys.lt\/de\/produkt-de\/schmiernippel-fur-kotflugel-15\/\" \/>\n<meta property=\"og:locale\" content=\"de_DE\" \/>\n<meta property=\"og:type\" content=\"article\" \/>\n<meta property=\"og:title\" content=\"Kai\u0161\u010dio riebok\u0161lis \u2013 purvasaugis - 7K9209 | Gera kaina | Greitas pristatymas | Eska dalys\" \/>\n<meta property=\"og:description\" content=\"Kai\u0161\u010dio riebok\u0161lis \u2013 purvasaugis - 7K9209 Tinka: CAT, Frontalinis krautuvas, 914G, G916, 918F, 924G, 924GZ, 924K, 928H, 928HZ, 930G, 930R, 936, 936F, 938G OE numeriai: 5P0064.\" \/>\n<meta property=\"og:url\" content=\"https:\/\/eskadalys.lt\/de\/produkt-de\/schmiernippel-fur-kotflugel-15\/\" \/>\n<meta property=\"og:site_name\" content=\"Eska dalys\" \/>\n<meta property=\"article:publisher\" content=\"https:\/\/www.facebook.com\/profile.php?id=61556005720456\" \/>\n<meta property=\"article:modified_time\" content=\"2026-04-22T13:28:38+00:00\" \/>\n<meta property=\"og:image\" content=\"https:\/\/eskadalys.lt\/wp-content\/uploads\/2024\/02\/uszczelnienie-tuleji-silownika-cat-7k9209-1.jpg?v=1714892387\" \/>\n\t<meta property=\"og:image:width\" content=\"458\" \/>\n\t<meta property=\"og:image:height\" content=\"458\" \/>\n\t<meta property=\"og:image:type\" content=\"image\/jpeg\" \/>\n<script type=\"application\/ld+json\" class=\"yoast-schema-graph\">{\"@context\":\"https:\\\/\\\/schema.org\",\"@graph\":[{\"@type\":\"WebPage\",\"@id\":\"https:\\\/\\\/eskadalys.lt\\\/product\\\/kaiscio-riebokslis-purvasaugis-15\\\/\",\"url\":\"https:\\\/\\\/eskadalys.lt\\\/product\\\/kaiscio-riebokslis-purvasaugis-15\\\/\",\"name\":\"Kai\u0161\u010dio riebok\u0161lis \u2013 purvasaugis - 7K9209 | Gera kaina | Greitas pristatymas | Eska dalys\",\"isPartOf\":{\"@id\":\"https:\\\/\\\/eskadalys.lt\\\/#website\"},\"primaryImageOfPage\":{\"@id\":\"https:\\\/\\\/eskadalys.lt\\\/product\\\/kaiscio-riebokslis-purvasaugis-15\\\/#primaryimage\"},\"image\":{\"@id\":\"https:\\\/\\\/eskadalys.lt\\\/product\\\/kaiscio-riebokslis-purvasaugis-15\\\/#primaryimage\"},\"thumbnailUrl\":\"https:\\\/\\\/eskadalys.lt\\\/wp-content\\\/uploads\\\/2024\\\/02\\\/uszczelnienie-tuleji-silownika-cat-7k9209-1.jpg?v=1714892387\",\"datePublished\":\"2024-02-10T22:52:39+00:00\",\"dateModified\":\"2026-04-22T13:28:38+00:00\",\"description\":\"Kai\u0161\u010dio riebok\u0161lis \u2013 purvasaugis - 7K9209 Tinka: CAT, Frontalinis krautuvas, 914G, G916, 918F, 924G, 924GZ, 924K, 928H, 928HZ, 930G, 930R, 936, 936F, 938G OE numeriai: 5P0064.\",\"breadcrumb\":{\"@id\":\"https:\\\/\\\/eskadalys.lt\\\/product\\\/kaiscio-riebokslis-purvasaugis-15\\\/#breadcrumb\"},\"inLanguage\":\"de\",\"potentialAction\":[{\"@type\":\"ReadAction\",\"target\":[\"https:\\\/\\\/eskadalys.lt\\\/product\\\/kaiscio-riebokslis-purvasaugis-15\\\/\"]}]},{\"@type\":\"ImageObject\",\"inLanguage\":\"de\",\"@id\":\"https:\\\/\\\/eskadalys.lt\\\/product\\\/kaiscio-riebokslis-purvasaugis-15\\\/#primaryimage\",\"url\":\"https:\\\/\\\/eskadalys.lt\\\/wp-content\\\/uploads\\\/2024\\\/02\\\/uszczelnienie-tuleji-silownika-cat-7k9209-1.jpg?v=1714892387\",\"contentUrl\":\"https:\\\/\\\/eskadalys.lt\\\/wp-content\\\/uploads\\\/2024\\\/02\\\/uszczelnienie-tuleji-silownika-cat-7k9209-1.jpg?v=1714892387\",\"width\":458,\"height\":458},{\"@type\":\"BreadcrumbList\",\"@id\":\"https:\\\/\\\/eskadalys.lt\\\/product\\\/kaiscio-riebokslis-purvasaugis-15\\\/#breadcrumb\",\"itemListElement\":[{\"@type\":\"ListItem\",\"position\":1,\"name\":\"Strona g\u0142\u00f3wna\",\"item\":\"https:\\\/\\\/eskadalys.lt\\\/\"},{\"@type\":\"ListItem\",\"position\":2,\"name\":\"E-parduotuv\u0117\",\"item\":\"https:\\\/\\\/eskadalys.lt\\\/e-parduotuve\\\/\"},{\"@type\":\"ListItem\",\"position\":3,\"name\":\"Kai\u0161\u010dio riebok\u0161lis \u2013 purvasaugis &#8211; 7K9209\"}]},{\"@type\":\"WebSite\",\"@id\":\"https:\\\/\\\/eskadalys.lt\\\/#website\",\"url\":\"https:\\\/\\\/eskadalys.lt\\\/\",\"name\":\"Eska dalys\",\"description\":\"Ekskavatori\u0173 \\\/ mini ekskavatori\u0173 \\\/ buldozeri\u0173 dalys\",\"publisher\":{\"@id\":\"https:\\\/\\\/eskadalys.lt\\\/#organization\"},\"potentialAction\":[{\"@type\":\"SearchAction\",\"target\":{\"@type\":\"EntryPoint\",\"urlTemplate\":\"https:\\\/\\\/eskadalys.lt\\\/?s={search_term_string}\"},\"query-input\":{\"@type\":\"PropertyValueSpecification\",\"valueRequired\":true,\"valueName\":\"search_term_string\"}}],\"inLanguage\":\"de\"},{\"@type\":\"Organization\",\"@id\":\"https:\\\/\\\/eskadalys.lt\\\/#organization\",\"name\":\"Eska dalys\",\"url\":\"https:\\\/\\\/eskadalys.lt\\\/\",\"logo\":{\"@type\":\"ImageObject\",\"inLanguage\":\"de\",\"@id\":\"https:\\\/\\\/eskadalys.lt\\\/#\\\/schema\\\/logo\\\/image\\\/\",\"url\":\"https:\\\/\\\/eskadalys.lt\\\/wp-content\\\/uploads\\\/2024\\\/01\\\/LOGO-ESKA-FINAL.svg\",\"contentUrl\":\"https:\\\/\\\/eskadalys.lt\\\/wp-content\\\/uploads\\\/2024\\\/01\\\/LOGO-ESKA-FINAL.svg\",\"width\":259,\"height\":201,\"caption\":\"Eska dalys\"},\"image\":{\"@id\":\"https:\\\/\\\/eskadalys.lt\\\/#\\\/schema\\\/logo\\\/image\\\/\"},\"sameAs\":[\"https:\\\/\\\/www.facebook.com\\\/profile.php?id=61556005720456\"]}]}<\/script>\n<!-- \/ Yoast SEO plugin. -->","yoast_head_json":{"title":"Stopfendichtung \u2013 Kotfl\u00fcgel \u2013 7K9209 | G\u00fcnstiger Preis | Schnelle Lieferung | Eska-Teile","description":"Stopfenverschraubung - Kotfl\u00fcgel - 7K9209 Passend f\u00fcr: CAT, Radlader, 914G, G916, 918F, 924G, 924GZ, 924K, 928H, 928HZ, 930G, 930R, 936, 936F, 938G OE-Nummern: 5P0064.","robots":{"index":"index","follow":"follow","max-snippet":"max-snippet:-1","max-image-preview":"max-image-preview:large","max-video-preview":"max-video-preview:-1"},"canonical":"https:\/\/eskadalys.lt\/de\/produkt-de\/schmiernippel-fur-kotflugel-15\/","og_locale":"de_DE","og_type":"article","og_title":"Kai\u0161\u010dio riebok\u0161lis \u2013 purvasaugis - 7K9209 | Gera kaina | Greitas pristatymas | Eska dalys","og_description":"Kai\u0161\u010dio riebok\u0161lis \u2013 purvasaugis - 7K9209 Tinka: CAT, Frontalinis krautuvas, 914G, G916, 918F, 924G, 924GZ, 924K, 928H, 928HZ, 930G, 930R, 936, 936F, 938G OE numeriai: 5P0064.","og_url":"https:\/\/eskadalys.lt\/de\/produkt-de\/schmiernippel-fur-kotflugel-15\/","og_site_name":"Eska dalys","article_publisher":"https:\/\/www.facebook.com\/profile.php?id=61556005720456","article_modified_time":"2026-04-22T13:28:38+00:00","og_image":[{"width":458,"height":458,"url":"https:\/\/eskadalys.lt\/wp-content\/uploads\/2024\/02\/uszczelnienie-tuleji-silownika-cat-7k9209-1.jpg?v=1714892387","type":"image\/jpeg"}],"schema":{"@context":"https:\/\/schema.org","@graph":[{"@type":"WebPage","@id":"https:\/\/eskadalys.lt\/product\/kaiscio-riebokslis-purvasaugis-15\/","url":"https:\/\/eskadalys.lt\/product\/kaiscio-riebokslis-purvasaugis-15\/","name":"Stopfendichtung \u2013 Kotfl\u00fcgel \u2013 7K9209 | G\u00fcnstiger Preis | Schnelle Lieferung | Eska-Teile","isPartOf":{"@id":"https:\/\/eskadalys.lt\/#website"},"primaryImageOfPage":{"@id":"https:\/\/eskadalys.lt\/product\/kaiscio-riebokslis-purvasaugis-15\/#primaryimage"},"image":{"@id":"https:\/\/eskadalys.lt\/product\/kaiscio-riebokslis-purvasaugis-15\/#primaryimage"},"thumbnailUrl":"https:\/\/eskadalys.lt\/wp-content\/uploads\/2024\/02\/uszczelnienie-tuleji-silownika-cat-7k9209-1.jpg?v=1714892387","datePublished":"2024-02-10T22:52:39+00:00","dateModified":"2026-04-22T13:28:38+00:00","description":"Stopfenverschraubung - Kotfl\u00fcgel - 7K9209 Passend f\u00fcr: CAT, Radlader, 914G, G916, 918F, 924G, 924GZ, 924K, 928H, 928HZ, 930G, 930R, 936, 936F, 938G OE-Nummern: 5P0064.","breadcrumb":{"@id":"https:\/\/eskadalys.lt\/product\/kaiscio-riebokslis-purvasaugis-15\/#breadcrumb"},"inLanguage":"de","potentialAction":[{"@type":"ReadAction","target":["https:\/\/eskadalys.lt\/product\/kaiscio-riebokslis-purvasaugis-15\/"]}]},{"@type":"ImageObject","inLanguage":"de","@id":"https:\/\/eskadalys.lt\/product\/kaiscio-riebokslis-purvasaugis-15\/#primaryimage","url":"https:\/\/eskadalys.lt\/wp-content\/uploads\/2024\/02\/uszczelnienie-tuleji-silownika-cat-7k9209-1.jpg?v=1714892387","contentUrl":"https:\/\/eskadalys.lt\/wp-content\/uploads\/2024\/02\/uszczelnienie-tuleji-silownika-cat-7k9209-1.jpg?v=1714892387","width":458,"height":458},{"@type":"BreadcrumbList","@id":"https:\/\/eskadalys.lt\/product\/kaiscio-riebokslis-purvasaugis-15\/#breadcrumb","itemListElement":[{"@type":"ListItem","position":1,"name":"Strona g\u0142\u00f3wna","item":"https:\/\/eskadalys.lt\/"},{"@type":"ListItem","position":2,"name":"E-parduotuv\u0117","item":"https:\/\/eskadalys.lt\/e-parduotuve\/"},{"@type":"ListItem","position":3,"name":"Kai\u0161\u010dio riebok\u0161lis \u2013 purvasaugis &#8211; 7K9209"}]},{"@type":"WebSite","@id":"https:\/\/eskadalys.lt\/#website","url":"https:\/\/eskadalys.lt\/","name":"Eska parts","description":"Teile f\u00fcr Bagger\/Minibagger\/Planierraupen","publisher":{"@id":"https:\/\/eskadalys.lt\/#organization"},"potentialAction":[{"@type":"SearchAction","target":{"@type":"EntryPoint","urlTemplate":"https:\/\/eskadalys.lt\/?s={search_term_string}"},"query-input":{"@type":"PropertyValueSpecification","valueRequired":true,"valueName":"search_term_string"}}],"inLanguage":"de"},{"@type":"Organization","@id":"https:\/\/eskadalys.lt\/#organization","name":"Eska parts","url":"https:\/\/eskadalys.lt\/","logo":{"@type":"ImageObject","inLanguage":"de","@id":"https:\/\/eskadalys.lt\/#\/schema\/logo\/image\/","url":"https:\/\/eskadalys.lt\/wp-content\/uploads\/2024\/01\/LOGO-ESKA-FINAL.svg","contentUrl":"https:\/\/eskadalys.lt\/wp-content\/uploads\/2024\/01\/LOGO-ESKA-FINAL.svg","width":259,"height":201,"caption":"Eska dalys"},"image":{"@id":"https:\/\/eskadalys.lt\/#\/schema\/logo\/image\/"},"sameAs":["https:\/\/www.facebook.com\/profile.php?id=61556005720456"]}]}},"_links":{"self":[{"href":"https:\/\/eskadalys.lt\/de\/wp-json\/wp\/v2\/product\/1335","targetHints":{"allow":["GET"]}}],"collection":[{"href":"https:\/\/eskadalys.lt\/de\/wp-json\/wp\/v2\/product"}],"about":[{"href":"https:\/\/eskadalys.lt\/de\/wp-json\/wp\/v2\/types\/product"}],"wp:featuredmedia":[{"embeddable":true,"href":"https:\/\/eskadalys.lt\/de\/wp-json\/wp\/v2\/media\/113498"}],"wp:attachment":[{"href":"https:\/\/eskadalys.lt\/de\/wp-json\/wp\/v2\/media?parent=1335"}],"wp:term":[{"taxonomy":"product_brand","embeddable":true,"href":"https:\/\/eskadalys.lt\/de\/wp-json\/wp\/v2\/product_brand?post=1335"},{"taxonomy":"product_cat","embeddable":true,"href":"https:\/\/eskadalys.lt\/de\/wp-json\/wp\/v2\/product_cat?post=1335"},{"taxonomy":"product_tag","embeddable":true,"href":"https:\/\/eskadalys.lt\/de\/wp-json\/wp\/v2\/product_tag?post=1335"}],"curies":[{"name":"wp","href":"https:\/\/api.w.org\/{rel}","templated":true}]}}