{"id":118457,"date":"2025-09-02T18:25:19","date_gmt":"2025-09-02T15:25:19","guid":{"rendered":"https:\/\/eskadalys.lt\/?post_type=product&#038;p=118457"},"modified":"2026-03-30T11:26:31","modified_gmt":"2026-03-30T08:26:31","slug":"jcb-3cx-4cx-ausleger-schutzplattensatz","status":"publish","type":"product","link":"https:\/\/eskadalys.lt\/de\/product\/streles-slydimo-ploksteliu-kompl-jcb-3cx-4cx\/","title":{"rendered":"Ausleger-Gleitplattensatz JCB 3CX 4CX"},"content":{"rendered":"<p><strong>Komplette Unterfahrschutzplatte f\u00fcr JCB 3CX und 4CX \u2013 123\/06189, 123\/03215<\/strong><\/p>\n<p><strong>Geeignet f\u00fcr:<\/strong> JCB, Baggerlader, 2CX, 3CX, 4CX<br \/>\n<strong>OE-Nummern::<\/strong> 123\/03214, 123\/05205 , 123\/03215, 331\/27389<\/p>\n<p><b><strong>123\/06189 <\/strong>x 4 St\u00fcck.<\/b><\/p>\n<p>Abmessungen:<br \/>\nL\u00e4nge: 300 mm,<br \/>\nBreite: 30 mm,<br \/>\nDicke: 15 mm,<br \/>\nBolzenabstand: 220 mm,<br \/>\nSchraube M10x1,5<\/p>\n<p><b><strong>123\/03215 <\/strong>x 4 St\u00fcck.<\/b><\/p>\n<p>Abmessungen:<br \/>\nL\u00e4nge: 300 mm,<br \/>\nBreite: 47 mm,<br \/>\nDicke: 20 mm,<\/p>\n<p>&nbsp;<\/p>\n<p><strong>Merkmale<\/strong>:<\/p>\n<p>\u2013 abriebfest,<\/p>\n<p>\u2013 niedriger Reibungskoeffizient,<\/p>\n<p>\u2013 gute Gleiteigenschaften,<\/p>\n<p>\u2013 Dimensionsstabilit\u00e4t bei gro\u00dfen Temperatur\u00e4nderungen,<\/p>\n<p>\u2013 Schwingungsd\u00e4mpfung,<\/p>\n<p>\u2013 sehr hohe Schlagfestigkeit auch bei niedrigen Temperaturen,<\/p>\n<p>\u2013 gute Best\u00e4ndigkeit gegen\u00fcber Chemikalien, z. B. \u00d6len, Fetten, Benzin usw.<\/p>\n<h3>\ud83d\udd0d Auf der Suche nach einem anderen Produkt aus der Kategorie <a href=\"https:\/\/eskadalys.lt\/de\/produktkategorie-de\/gleitplatten\/ausleger-gleitplatten\/\">Ausleger-Gleitplatten<\/a> ?<\/h3>\n<h3>\ud83d\udee0\ufe0f Baumaschinenteile \u2013 hier finden Sie mehr davon <a href=\"https:\/\/eskadalys.lt\/de\/produktkategorie-de\/gleitplatten\/\">Gleitplatten<\/a> in der Kategorie.<\/h3>\n<p>Wenn Sie sich nicht sicher sind, ob dieses Teil zu Ihrer Maschine passt, <strong>Bitte senden Sie uns vor dem Kauf die Fahrzeugseriennummer (VIN).<\/strong>. Wir werden die Kompatibilit\u00e4t anhand der Kataloge \u00fcberpr\u00fcfen und <strong>Wir werden Ihnen das passende Teil anbieten.<\/strong>. Falls Sie das ben\u00f6tigte Ersatzteil nicht finden k\u00f6nnen, schreiben Sie uns \u2013 wir helfen Ihnen gerne bei der Suche!<\/p>\n<p><strong>\ud83d\udce6 Lager in Litauen<\/strong> \u2013 Bestellungen, die vor 14:00 Uhr eingehen, werden noch am selben Tag versandt.<\/p>\n<p><strong>\ud83d\ude80 Schnelle Lieferung<\/strong> \u2013 Bestellte Waren, die wir derzeit nicht auf Lager haben, werden innerhalb von 3-4 Werktagen geliefert.<\/p>\n<p><strong>\ud83d\udcc8 Gro\u00dfe Auswahl<\/strong> \u2013 Wir erweitern st\u00e4ndig unser Produktsortiment.<\/p>","protected":false},"excerpt":{"rendered":"<p>123\/06189, 123\/03215<\/p>","protected":false},"featured_media":118458,"template":"","meta":{"site-sidebar-layout":"default","site-content-layout":"","ast-site-content-layout":"default","site-content-style":"default","site-sidebar-style":"default","ast-global-header-display":"","ast-banner-title-visibility":"","ast-main-header-display":"","ast-hfb-above-header-display":"","ast-hfb-below-header-display":"","ast-hfb-mobile-header-display":"","site-post-title":"","ast-breadcrumbs-content":"","ast-featured-img":"","footer-sml-layout":"","ast-disable-related-posts":"","theme-transparent-header-meta":"default","adv-header-id-meta":"","stick-header-meta":"","header-above-stick-meta":"","header-main-stick-meta":"","header-below-stick-meta":"","astra-migrate-meta-layouts":"set","ast-page-background-enabled":"default","ast-page-background-meta":{"desktop":{"background-color":"","background-image":"","background-repeat":"repeat","background-position":"center center","background-size":"auto","background-attachment":"scroll","background-type":"","background-media":"","overlay-type":"","overlay-color":"","overlay-opacity":"","overlay-gradient":""},"tablet":{"background-color":"","background-image":"","background-repeat":"repeat","background-position":"center center","background-size":"auto","background-attachment":"scroll","background-type":"","background-media":"","overlay-type":"","overlay-color":"","overlay-opacity":"","overlay-gradient":""},"mobile":{"background-color":"","background-image":"","background-repeat":"repeat","background-position":"center center","background-size":"auto","background-attachment":"scroll","background-type":"","background-media":"","overlay-type":"","overlay-color":"","overlay-opacity":"","overlay-gradient":""}},"ast-content-background-meta":{"desktop":{"background-color":"var(--ast-global-color-5)","background-image":"","background-repeat":"repeat","background-position":"center center","background-size":"auto","background-attachment":"scroll","background-type":"","background-media":"","overlay-type":"","overlay-color":"","overlay-opacity":"","overlay-gradient":""},"tablet":{"background-color":"var(--ast-global-color-5)","background-image":"","background-repeat":"repeat","background-position":"center center","background-size":"auto","background-attachment":"scroll","background-type":"","background-media":"","overlay-type":"","overlay-color":"","overlay-opacity":"","overlay-gradient":""},"mobile":{"background-color":"var(--ast-global-color-5)","background-image":"","background-repeat":"repeat","background-position":"center center","background-size":"auto","background-attachment":"scroll","background-type":"","background-media":"","overlay-type":"","overlay-color":"","overlay-opacity":"","overlay-gradient":""}}},"product_brand":[],"product_cat":[842],"product_tag":[50025,49480,47754,47755,47753,42907],"class_list":{"0":"post-118457","1":"product","2":"type-product","3":"status-publish","4":"has-post-thumbnail","6":"product_cat-streles-slydimo-ploksteles","7":"product_tag-123-03214","8":"product_tag-2cx","9":"product_tag-3cx","10":"product_tag-4cx","11":"product_tag-ekskavatorius-krautuvas","12":"product_tag-jcb","13":"desktop-align-left","14":"tablet-align-left","15":"mobile-align-left","17":"first","18":"instock","19":"sale","20":"featured","21":"taxable","22":"shipping-taxable","23":"purchasable","24":"product-type-woosb"},"yoast_head":"<!-- This site is optimized with the Yoast SEO plugin v27.6 - https:\/\/yoast.com\/product\/yoast-seo-wordpress\/ -->\n<title>Strel\u0117s slydimo plok\u0161teli\u0173 kompl. JCB 3CX 4CX | Gera kaina | Greitas pristatymas | Eska dalys<\/title>\n<meta name=\"description\" content=\"Slydimo plok\u0161tel\u0117 kompl. JCB 3CX 4CX- 123\/06189, 123\/032155 Tinka: JCB, Ekskavatorius krautuvas, 2CX, 3CX, 4CX OE numeriai: 123\/03214, 123\/05205 , 123\/03215, 331\/27389\" \/>\n<meta name=\"robots\" content=\"index, follow, max-snippet:-1, max-image-preview:large, max-video-preview:-1\" \/>\n<link rel=\"canonical\" href=\"https:\/\/eskadalys.lt\/de\/produkt-de\/jcb-3cx-4cx-ausleger-schutzplattensatz\/\" \/>\n<meta property=\"og:locale\" content=\"de_DE\" \/>\n<meta property=\"og:type\" content=\"article\" \/>\n<meta property=\"og:title\" content=\"Strel\u0117s slydimo plok\u0161teli\u0173 kompl. JCB 3CX 4CX | Gera kaina | Greitas pristatymas | Eska dalys\" \/>\n<meta property=\"og:description\" content=\"Slydimo plok\u0161tel\u0117 kompl. JCB 3CX 4CX- 123\/06189, 123\/032155 Tinka: JCB, Ekskavatorius krautuvas, 2CX, 3CX, 4CX OE numeriai: 123\/03214, 123\/05205 , 123\/03215, 331\/27389\" \/>\n<meta property=\"og:url\" content=\"https:\/\/eskadalys.lt\/de\/produkt-de\/jcb-3cx-4cx-ausleger-schutzplattensatz\/\" \/>\n<meta property=\"og:site_name\" content=\"Eska dalys\" \/>\n<meta property=\"article:publisher\" content=\"https:\/\/www.facebook.com\/profile.php?id=61556005720456\" \/>\n<meta property=\"article:modified_time\" content=\"2026-03-30T08:26:31+00:00\" \/>\n<meta property=\"og:image\" content=\"https:\/\/eskadalys.lt\/wp-content\/uploads\/2025\/09\/komplet-slizgow-wysuwu-koparko-ladowarka-jcb-12306189-12303215.jpg?v=1756826962\" \/>\n\t<meta property=\"og:image:width\" content=\"458\" \/>\n\t<meta property=\"og:image:height\" content=\"458\" \/>\n\t<meta property=\"og:image:type\" content=\"image\/jpeg\" \/>\n<script type=\"application\/ld+json\" class=\"yoast-schema-graph\">{\"@context\":\"https:\\\/\\\/schema.org\",\"@graph\":[{\"@type\":\"WebPage\",\"@id\":\"https:\\\/\\\/eskadalys.lt\\\/product\\\/streles-slydimo-ploksteliu-kompl-jcb-3cx-4cx\\\/\",\"url\":\"https:\\\/\\\/eskadalys.lt\\\/product\\\/streles-slydimo-ploksteliu-kompl-jcb-3cx-4cx\\\/\",\"name\":\"Strel\u0117s slydimo plok\u0161teli\u0173 kompl. JCB 3CX 4CX | Gera kaina | Greitas pristatymas | Eska dalys\",\"isPartOf\":{\"@id\":\"https:\\\/\\\/eskadalys.lt\\\/#website\"},\"primaryImageOfPage\":{\"@id\":\"https:\\\/\\\/eskadalys.lt\\\/product\\\/streles-slydimo-ploksteliu-kompl-jcb-3cx-4cx\\\/#primaryimage\"},\"image\":{\"@id\":\"https:\\\/\\\/eskadalys.lt\\\/product\\\/streles-slydimo-ploksteliu-kompl-jcb-3cx-4cx\\\/#primaryimage\"},\"thumbnailUrl\":\"https:\\\/\\\/eskadalys.lt\\\/wp-content\\\/uploads\\\/2025\\\/09\\\/komplet-slizgow-wysuwu-koparko-ladowarka-jcb-12306189-12303215.jpg?v=1756826962\",\"datePublished\":\"2025-09-02T15:25:19+00:00\",\"dateModified\":\"2026-03-30T08:26:31+00:00\",\"description\":\"Slydimo plok\u0161tel\u0117 kompl. JCB 3CX 4CX- 123\\\/06189, 123\\\/032155 Tinka: JCB, Ekskavatorius krautuvas, 2CX, 3CX, 4CX OE numeriai: 123\\\/03214, 123\\\/05205 , 123\\\/03215, 331\\\/27389\",\"breadcrumb\":{\"@id\":\"https:\\\/\\\/eskadalys.lt\\\/product\\\/streles-slydimo-ploksteliu-kompl-jcb-3cx-4cx\\\/#breadcrumb\"},\"inLanguage\":\"de\",\"potentialAction\":[{\"@type\":\"ReadAction\",\"target\":[\"https:\\\/\\\/eskadalys.lt\\\/product\\\/streles-slydimo-ploksteliu-kompl-jcb-3cx-4cx\\\/\"]}]},{\"@type\":\"ImageObject\",\"inLanguage\":\"de\",\"@id\":\"https:\\\/\\\/eskadalys.lt\\\/product\\\/streles-slydimo-ploksteliu-kompl-jcb-3cx-4cx\\\/#primaryimage\",\"url\":\"https:\\\/\\\/eskadalys.lt\\\/wp-content\\\/uploads\\\/2025\\\/09\\\/komplet-slizgow-wysuwu-koparko-ladowarka-jcb-12306189-12303215.jpg?v=1756826962\",\"contentUrl\":\"https:\\\/\\\/eskadalys.lt\\\/wp-content\\\/uploads\\\/2025\\\/09\\\/komplet-slizgow-wysuwu-koparko-ladowarka-jcb-12306189-12303215.jpg?v=1756826962\",\"width\":458,\"height\":458},{\"@type\":\"BreadcrumbList\",\"@id\":\"https:\\\/\\\/eskadalys.lt\\\/product\\\/streles-slydimo-ploksteliu-kompl-jcb-3cx-4cx\\\/#breadcrumb\",\"itemListElement\":[{\"@type\":\"ListItem\",\"position\":1,\"name\":\"Strona g\u0142\u00f3wna\",\"item\":\"https:\\\/\\\/eskadalys.lt\\\/\"},{\"@type\":\"ListItem\",\"position\":2,\"name\":\"E-parduotuv\u0117\",\"item\":\"https:\\\/\\\/eskadalys.lt\\\/e-parduotuve\\\/\"},{\"@type\":\"ListItem\",\"position\":3,\"name\":\"Strel\u0117s slydimo plok\u0161teli\u0173 kompl. JCB 3CX 4CX\"}]},{\"@type\":\"WebSite\",\"@id\":\"https:\\\/\\\/eskadalys.lt\\\/#website\",\"url\":\"https:\\\/\\\/eskadalys.lt\\\/\",\"name\":\"Eska dalys\",\"description\":\"Ekskavatori\u0173 \\\/ mini ekskavatori\u0173 \\\/ buldozeri\u0173 dalys\",\"publisher\":{\"@id\":\"https:\\\/\\\/eskadalys.lt\\\/#organization\"},\"potentialAction\":[{\"@type\":\"SearchAction\",\"target\":{\"@type\":\"EntryPoint\",\"urlTemplate\":\"https:\\\/\\\/eskadalys.lt\\\/?s={search_term_string}\"},\"query-input\":{\"@type\":\"PropertyValueSpecification\",\"valueRequired\":true,\"valueName\":\"search_term_string\"}}],\"inLanguage\":\"de\"},{\"@type\":\"Organization\",\"@id\":\"https:\\\/\\\/eskadalys.lt\\\/#organization\",\"name\":\"Eska dalys\",\"url\":\"https:\\\/\\\/eskadalys.lt\\\/\",\"logo\":{\"@type\":\"ImageObject\",\"inLanguage\":\"de\",\"@id\":\"https:\\\/\\\/eskadalys.lt\\\/#\\\/schema\\\/logo\\\/image\\\/\",\"url\":\"https:\\\/\\\/eskadalys.lt\\\/wp-content\\\/uploads\\\/2024\\\/01\\\/LOGO-ESKA-FINAL.svg\",\"contentUrl\":\"https:\\\/\\\/eskadalys.lt\\\/wp-content\\\/uploads\\\/2024\\\/01\\\/LOGO-ESKA-FINAL.svg\",\"width\":259,\"height\":201,\"caption\":\"Eska dalys\"},\"image\":{\"@id\":\"https:\\\/\\\/eskadalys.lt\\\/#\\\/schema\\\/logo\\\/image\\\/\"},\"sameAs\":[\"https:\\\/\\\/www.facebook.com\\\/profile.php?id=61556005720456\"]}]}<\/script>\n<!-- \/ Yoast SEO plugin. -->","yoast_head_json":{"title":"JCB 3CX 4CX Ausleger-Gleitplattensatz | G\u00fcnstiger Preis | Schnelle Lieferung | Eska Parts","description":"JCB 3CX 4CX Gleitplattensatz \u2013 123\/06189, 123\/032155 Passend f\u00fcr: JCB Baggerlader, 2CX, 3CX, 4CX OE-Nummern: 123\/03214, 123\/05205, 123\/03215, 331\/27389","robots":{"index":"index","follow":"follow","max-snippet":"max-snippet:-1","max-image-preview":"max-image-preview:large","max-video-preview":"max-video-preview:-1"},"canonical":"https:\/\/eskadalys.lt\/de\/produkt-de\/jcb-3cx-4cx-ausleger-schutzplattensatz\/","og_locale":"de_DE","og_type":"article","og_title":"Strel\u0117s slydimo plok\u0161teli\u0173 kompl. JCB 3CX 4CX | Gera kaina | Greitas pristatymas | Eska dalys","og_description":"Slydimo plok\u0161tel\u0117 kompl. JCB 3CX 4CX- 123\/06189, 123\/032155 Tinka: JCB, Ekskavatorius krautuvas, 2CX, 3CX, 4CX OE numeriai: 123\/03214, 123\/05205 , 123\/03215, 331\/27389","og_url":"https:\/\/eskadalys.lt\/de\/produkt-de\/jcb-3cx-4cx-ausleger-schutzplattensatz\/","og_site_name":"Eska dalys","article_publisher":"https:\/\/www.facebook.com\/profile.php?id=61556005720456","article_modified_time":"2026-03-30T08:26:31+00:00","og_image":[{"width":458,"height":458,"url":"https:\/\/eskadalys.lt\/wp-content\/uploads\/2025\/09\/komplet-slizgow-wysuwu-koparko-ladowarka-jcb-12306189-12303215.jpg?v=1756826962","type":"image\/jpeg"}],"schema":{"@context":"https:\/\/schema.org","@graph":[{"@type":"WebPage","@id":"https:\/\/eskadalys.lt\/product\/streles-slydimo-ploksteliu-kompl-jcb-3cx-4cx\/","url":"https:\/\/eskadalys.lt\/product\/streles-slydimo-ploksteliu-kompl-jcb-3cx-4cx\/","name":"JCB 3CX 4CX Ausleger-Gleitplattensatz | G\u00fcnstiger Preis | Schnelle Lieferung | Eska Parts","isPartOf":{"@id":"https:\/\/eskadalys.lt\/#website"},"primaryImageOfPage":{"@id":"https:\/\/eskadalys.lt\/product\/streles-slydimo-ploksteliu-kompl-jcb-3cx-4cx\/#primaryimage"},"image":{"@id":"https:\/\/eskadalys.lt\/product\/streles-slydimo-ploksteliu-kompl-jcb-3cx-4cx\/#primaryimage"},"thumbnailUrl":"https:\/\/eskadalys.lt\/wp-content\/uploads\/2025\/09\/komplet-slizgow-wysuwu-koparko-ladowarka-jcb-12306189-12303215.jpg?v=1756826962","datePublished":"2025-09-02T15:25:19+00:00","dateModified":"2026-03-30T08:26:31+00:00","description":"JCB 3CX 4CX Gleitplattensatz \u2013 123\/06189, 123\/032155 Passend f\u00fcr: JCB Baggerlader, 2CX, 3CX, 4CX OE-Nummern: 123\/03214, 123\/05205, 123\/03215, 331\/27389","breadcrumb":{"@id":"https:\/\/eskadalys.lt\/product\/streles-slydimo-ploksteliu-kompl-jcb-3cx-4cx\/#breadcrumb"},"inLanguage":"de","potentialAction":[{"@type":"ReadAction","target":["https:\/\/eskadalys.lt\/product\/streles-slydimo-ploksteliu-kompl-jcb-3cx-4cx\/"]}]},{"@type":"ImageObject","inLanguage":"de","@id":"https:\/\/eskadalys.lt\/product\/streles-slydimo-ploksteliu-kompl-jcb-3cx-4cx\/#primaryimage","url":"https:\/\/eskadalys.lt\/wp-content\/uploads\/2025\/09\/komplet-slizgow-wysuwu-koparko-ladowarka-jcb-12306189-12303215.jpg?v=1756826962","contentUrl":"https:\/\/eskadalys.lt\/wp-content\/uploads\/2025\/09\/komplet-slizgow-wysuwu-koparko-ladowarka-jcb-12306189-12303215.jpg?v=1756826962","width":458,"height":458},{"@type":"BreadcrumbList","@id":"https:\/\/eskadalys.lt\/product\/streles-slydimo-ploksteliu-kompl-jcb-3cx-4cx\/#breadcrumb","itemListElement":[{"@type":"ListItem","position":1,"name":"Strona g\u0142\u00f3wna","item":"https:\/\/eskadalys.lt\/"},{"@type":"ListItem","position":2,"name":"E-parduotuv\u0117","item":"https:\/\/eskadalys.lt\/e-parduotuve\/"},{"@type":"ListItem","position":3,"name":"Strel\u0117s slydimo plok\u0161teli\u0173 kompl. JCB 3CX 4CX"}]},{"@type":"WebSite","@id":"https:\/\/eskadalys.lt\/#website","url":"https:\/\/eskadalys.lt\/","name":"Eska parts","description":"Teile f\u00fcr Bagger\/Minibagger\/Planierraupen","publisher":{"@id":"https:\/\/eskadalys.lt\/#organization"},"potentialAction":[{"@type":"SearchAction","target":{"@type":"EntryPoint","urlTemplate":"https:\/\/eskadalys.lt\/?s={search_term_string}"},"query-input":{"@type":"PropertyValueSpecification","valueRequired":true,"valueName":"search_term_string"}}],"inLanguage":"de"},{"@type":"Organization","@id":"https:\/\/eskadalys.lt\/#organization","name":"Eska parts","url":"https:\/\/eskadalys.lt\/","logo":{"@type":"ImageObject","inLanguage":"de","@id":"https:\/\/eskadalys.lt\/#\/schema\/logo\/image\/","url":"https:\/\/eskadalys.lt\/wp-content\/uploads\/2024\/01\/LOGO-ESKA-FINAL.svg","contentUrl":"https:\/\/eskadalys.lt\/wp-content\/uploads\/2024\/01\/LOGO-ESKA-FINAL.svg","width":259,"height":201,"caption":"Eska dalys"},"image":{"@id":"https:\/\/eskadalys.lt\/#\/schema\/logo\/image\/"},"sameAs":["https:\/\/www.facebook.com\/profile.php?id=61556005720456"]}]}},"_links":{"self":[{"href":"https:\/\/eskadalys.lt\/de\/wp-json\/wp\/v2\/product\/118457","targetHints":{"allow":["GET"]}}],"collection":[{"href":"https:\/\/eskadalys.lt\/de\/wp-json\/wp\/v2\/product"}],"about":[{"href":"https:\/\/eskadalys.lt\/de\/wp-json\/wp\/v2\/types\/product"}],"wp:featuredmedia":[{"embeddable":true,"href":"https:\/\/eskadalys.lt\/de\/wp-json\/wp\/v2\/media\/118458"}],"wp:attachment":[{"href":"https:\/\/eskadalys.lt\/de\/wp-json\/wp\/v2\/media?parent=118457"}],"wp:term":[{"taxonomy":"product_brand","embeddable":true,"href":"https:\/\/eskadalys.lt\/de\/wp-json\/wp\/v2\/product_brand?post=118457"},{"taxonomy":"product_cat","embeddable":true,"href":"https:\/\/eskadalys.lt\/de\/wp-json\/wp\/v2\/product_cat?post=118457"},{"taxonomy":"product_tag","embeddable":true,"href":"https:\/\/eskadalys.lt\/de\/wp-json\/wp\/v2\/product_tag?post=118457"}],"curies":[{"name":"wp","href":"https:\/\/api.w.org\/{rel}","templated":true}]}}