{"id":118442,"date":"2025-09-01T11:09:41","date_gmt":"2025-09-01T08:09:41","guid":{"rendered":"https:\/\/eskadalys.lt\/?post_type=product&#038;p=118442"},"modified":"2025-09-01T15:03:18","modified_gmt":"2025-09-01T12:03:18","slug":"gleitplattensatz-fur-den-ausleger-von-cat-baggerladern","status":"publish","type":"product","link":"https:\/\/eskadalys.lt\/de\/product\/streles-slydimo-ploksteliu-kompl-cat-ekskavatoriui-krautuvui\/","title":{"rendered":"Langlebiger Ausleger-Gleitplattensatz von CAT f\u00fcr Baggerlader"},"content":{"rendered":"<p><strong>Gleitplatte LANGE LEBENSDAUER Polyamid CAT \u2013 3199668, <b>3199667<\/b><\/strong><\/p>\n<p><strong>Geeignet f\u00fcr:<\/strong> CAT, Baggerlader, <strong>422E, 422F, 428E, 428F, 432E, 432F, 434E, 434F, 442E, 444E, 444F<\/strong><\/p>\n<p>&nbsp;<\/p>\n<p><b>3199668 x 4 St\u00fcck.<\/b><\/p>\n<p><b>3199667 x 4 St\u00fcck.<\/b><\/p>\n<p>&nbsp;<\/p>\n<p><strong>Merkmale<\/strong>:<\/p>\n<p>\u2013 abriebfest,<\/p>\n<p>\u2013 niedriger Reibungskoeffizient,<\/p>\n<p>\u2013 gute Gleiteigenschaften,<\/p>\n<p>\u2013 Dimensionsstabilit\u00e4t bei gro\u00dfen Temperatur\u00e4nderungen,<\/p>\n<p>\u2013 Schwingungsd\u00e4mpfung,<\/p>\n<p>\u2013 sehr hohe Schlagfestigkeit auch bei niedrigen Temperaturen,<\/p>\n<p>\u2013 gute Best\u00e4ndigkeit gegen\u00fcber Chemikalien, z. B. \u00d6len, Fetten, Benzin usw.<\/p>\n<p>Die Gleitelemente bestehen aus <strong>Polyamid<\/strong>.<\/p>\n<p>&nbsp;<\/p>\n<p>&nbsp;<\/p>\n<p>319-9668 , 319-9667<\/p>\n<p>&nbsp;<\/p>\n<h3>\ud83d\udd0d Auf der Suche nach einem anderen Produkt aus der Kategorie <a href=\"https:\/\/eskadalys.lt\/de\/produktkategorie-de\/gleitplatten\/ausleger-gleitplatten\/\">Ausleger-Gleitplatten<\/a> ?<\/h3>\n<h3>\ud83d\udee0\ufe0f Baumaschinenteile \u2013 hier finden Sie mehr davon <a href=\"https:\/\/eskadalys.lt\/de\/produktkategorie-de\/gleitplatten\/\">Gleitplatten<\/a> in der Kategorie.<\/h3>\n<p>Wenn Sie sich nicht sicher sind, ob dieses Teil zu Ihrer Maschine passt, <strong>Bitte senden Sie uns vor dem Kauf die Fahrzeugseriennummer (VIN).<\/strong>. Wir werden die Kompatibilit\u00e4t anhand der Kataloge \u00fcberpr\u00fcfen und <strong>Wir werden Ihnen das passende Teil anbieten.<\/strong>. Falls Sie das ben\u00f6tigte Ersatzteil nicht finden k\u00f6nnen, schreiben Sie uns \u2013 wir helfen Ihnen gerne bei der Suche!<\/p>\n<p><strong>\ud83d\udce6 Lager in Litauen<\/strong> \u2013 Bestellungen, die vor 14:00 Uhr eingehen, werden noch am selben Tag versandt.<\/p>\n<p><strong>\ud83d\ude80 Schnelle Lieferung<\/strong> \u2013 Bestellte Waren, die wir derzeit nicht auf Lager haben, werden innerhalb von 3-4 Werktagen geliefert.<\/p>\n<p><strong>\ud83d\udcc8 Gro\u00dfe Auswahl<\/strong> \u2013 Wir erweitern st\u00e4ndig unser Produktsortiment.<\/p>","protected":false},"excerpt":{"rendered":"<p>3199667, 3199668<\/p>","protected":false},"featured_media":118443,"template":"","meta":{"site-sidebar-layout":"default","site-content-layout":"","ast-site-content-layout":"default","site-content-style":"default","site-sidebar-style":"default","ast-global-header-display":"","ast-banner-title-visibility":"","ast-main-header-display":"","ast-hfb-above-header-display":"","ast-hfb-below-header-display":"","ast-hfb-mobile-header-display":"","site-post-title":"","ast-breadcrumbs-content":"","ast-featured-img":"","footer-sml-layout":"","ast-disable-related-posts":"","theme-transparent-header-meta":"default","adv-header-id-meta":"","stick-header-meta":"","header-above-stick-meta":"","header-main-stick-meta":"","header-below-stick-meta":"","astra-migrate-meta-layouts":"set","ast-page-background-enabled":"default","ast-page-background-meta":{"desktop":{"background-color":"","background-image":"","background-repeat":"repeat","background-position":"center center","background-size":"auto","background-attachment":"scroll","background-type":"","background-media":"","overlay-type":"","overlay-color":"","overlay-opacity":"","overlay-gradient":""},"tablet":{"background-color":"","background-image":"","background-repeat":"repeat","background-position":"center center","background-size":"auto","background-attachment":"scroll","background-type":"","background-media":"","overlay-type":"","overlay-color":"","overlay-opacity":"","overlay-gradient":""},"mobile":{"background-color":"","background-image":"","background-repeat":"repeat","background-position":"center center","background-size":"auto","background-attachment":"scroll","background-type":"","background-media":"","overlay-type":"","overlay-color":"","overlay-opacity":"","overlay-gradient":""}},"ast-content-background-meta":{"desktop":{"background-color":"var(--ast-global-color-5)","background-image":"","background-repeat":"repeat","background-position":"center center","background-size":"auto","background-attachment":"scroll","background-type":"","background-media":"","overlay-type":"","overlay-color":"","overlay-opacity":"","overlay-gradient":""},"tablet":{"background-color":"var(--ast-global-color-5)","background-image":"","background-repeat":"repeat","background-position":"center center","background-size":"auto","background-attachment":"scroll","background-type":"","background-media":"","overlay-type":"","overlay-color":"","overlay-opacity":"","overlay-gradient":""},"mobile":{"background-color":"var(--ast-global-color-5)","background-image":"","background-repeat":"repeat","background-position":"center center","background-size":"auto","background-attachment":"scroll","background-type":"","background-media":"","overlay-type":"","overlay-color":"","overlay-opacity":"","overlay-gradient":""}}},"product_brand":[],"product_cat":[842],"product_tag":[49527,49572,49462,49573,49464,49636,49471,49664,49539,49540,49663,43030,47753],"class_list":{"0":"post-118442","1":"product","2":"type-product","3":"status-publish","4":"has-post-thumbnail","6":"product_cat-streles-slydimo-ploksteles","7":"product_tag-422e","8":"product_tag-422f","9":"product_tag-428e","10":"product_tag-428f","11":"product_tag-432e","12":"product_tag-432f","13":"product_tag-434e","14":"product_tag-434f","15":"product_tag-442e","16":"product_tag-444e","17":"product_tag-444f","18":"product_tag-cat","19":"product_tag-ekskavatorius-krautuvas","20":"desktop-align-left","21":"tablet-align-left","22":"mobile-align-left","24":"first","25":"instock","26":"sale","27":"taxable","28":"shipping-taxable","29":"purchasable","30":"product-type-woosb"},"yoast_head":"<!-- This site is optimized with the Yoast SEO plugin v27.5 - https:\/\/yoast.com\/product\/yoast-seo-wordpress\/ -->\n<title>Strel\u0117s slydimo plok\u0161teli\u0173 LONG LIFE kompl. CAT Ekskavatoriui krautuvui | Gera kaina | Greitas pristatymas | Eska dalys<\/title>\n<meta name=\"description\" content=\"Strel\u0117s slydimo plok\u0161teli\u0173 LONG LIFE kompl. 3199668, 3199667 CAT Ekskavatoriui krautuvui. Tinka: CAT, Ekskavatorius krautuvas, 422E, 422F, 428E, 428F, 432E, 432F, 434E, 442E, 444E, 444F, 434F\" \/>\n<meta name=\"robots\" content=\"index, follow, max-snippet:-1, max-image-preview:large, max-video-preview:-1\" \/>\n<link rel=\"canonical\" href=\"https:\/\/eskadalys.lt\/de\/produkt-de\/gleitplattensatz-fur-den-ausleger-von-cat-baggerladern\/\" \/>\n<meta property=\"og:locale\" content=\"de_DE\" \/>\n<meta property=\"og:type\" content=\"article\" \/>\n<meta property=\"og:title\" content=\"Strel\u0117s slydimo plok\u0161teli\u0173 LONG LIFE kompl. CAT Ekskavatoriui krautuvui | Gera kaina | Greitas pristatymas | Eska dalys\" \/>\n<meta property=\"og:description\" content=\"Strel\u0117s slydimo plok\u0161teli\u0173 LONG LIFE kompl. 3199668, 3199667 CAT Ekskavatoriui krautuvui. Tinka: CAT, Ekskavatorius krautuvas, 422E, 422F, 428E, 428F, 432E, 432F, 434E, 442E, 444E, 444F, 434F\" \/>\n<meta property=\"og:url\" content=\"https:\/\/eskadalys.lt\/de\/produkt-de\/gleitplattensatz-fur-den-ausleger-von-cat-baggerladern\/\" \/>\n<meta property=\"og:site_name\" content=\"Eska dalys\" \/>\n<meta property=\"article:publisher\" content=\"https:\/\/www.facebook.com\/profile.php?id=61556005720456\" \/>\n<meta property=\"article:modified_time\" content=\"2025-09-01T12:03:18+00:00\" \/>\n<meta property=\"og:image\" content=\"https:\/\/eskadalys.lt\/wp-content\/uploads\/2025\/09\/komplet-slizgow-wysuwu-ramienia-cat-koparko-ladwarka-long-life-3199668-3199667.jpg?v=1756714683\" \/>\n\t<meta property=\"og:image:width\" content=\"458\" \/>\n\t<meta property=\"og:image:height\" content=\"458\" \/>\n\t<meta property=\"og:image:type\" content=\"image\/jpeg\" \/>\n<script type=\"application\/ld+json\" class=\"yoast-schema-graph\">{\"@context\":\"https:\\\/\\\/schema.org\",\"@graph\":[{\"@type\":\"WebPage\",\"@id\":\"https:\\\/\\\/eskadalys.lt\\\/product\\\/streles-slydimo-ploksteliu-kompl-cat-ekskavatoriui-krautuvui\\\/\",\"url\":\"https:\\\/\\\/eskadalys.lt\\\/product\\\/streles-slydimo-ploksteliu-kompl-cat-ekskavatoriui-krautuvui\\\/\",\"name\":\"Strel\u0117s slydimo plok\u0161teli\u0173 LONG LIFE kompl. CAT Ekskavatoriui krautuvui | Gera kaina | Greitas pristatymas | Eska dalys\",\"isPartOf\":{\"@id\":\"https:\\\/\\\/eskadalys.lt\\\/#website\"},\"primaryImageOfPage\":{\"@id\":\"https:\\\/\\\/eskadalys.lt\\\/product\\\/streles-slydimo-ploksteliu-kompl-cat-ekskavatoriui-krautuvui\\\/#primaryimage\"},\"image\":{\"@id\":\"https:\\\/\\\/eskadalys.lt\\\/product\\\/streles-slydimo-ploksteliu-kompl-cat-ekskavatoriui-krautuvui\\\/#primaryimage\"},\"thumbnailUrl\":\"https:\\\/\\\/eskadalys.lt\\\/wp-content\\\/uploads\\\/2025\\\/09\\\/komplet-slizgow-wysuwu-ramienia-cat-koparko-ladwarka-long-life-3199668-3199667.jpg?v=1756714683\",\"datePublished\":\"2025-09-01T08:09:41+00:00\",\"dateModified\":\"2025-09-01T12:03:18+00:00\",\"description\":\"Strel\u0117s slydimo plok\u0161teli\u0173 LONG LIFE kompl. 3199668, 3199667 CAT Ekskavatoriui krautuvui. Tinka: CAT, Ekskavatorius krautuvas, 422E, 422F, 428E, 428F, 432E, 432F, 434E, 442E, 444E, 444F, 434F\",\"breadcrumb\":{\"@id\":\"https:\\\/\\\/eskadalys.lt\\\/product\\\/streles-slydimo-ploksteliu-kompl-cat-ekskavatoriui-krautuvui\\\/#breadcrumb\"},\"inLanguage\":\"de\",\"potentialAction\":[{\"@type\":\"ReadAction\",\"target\":[\"https:\\\/\\\/eskadalys.lt\\\/product\\\/streles-slydimo-ploksteliu-kompl-cat-ekskavatoriui-krautuvui\\\/\"]}]},{\"@type\":\"ImageObject\",\"inLanguage\":\"de\",\"@id\":\"https:\\\/\\\/eskadalys.lt\\\/product\\\/streles-slydimo-ploksteliu-kompl-cat-ekskavatoriui-krautuvui\\\/#primaryimage\",\"url\":\"https:\\\/\\\/eskadalys.lt\\\/wp-content\\\/uploads\\\/2025\\\/09\\\/komplet-slizgow-wysuwu-ramienia-cat-koparko-ladwarka-long-life-3199668-3199667.jpg?v=1756714683\",\"contentUrl\":\"https:\\\/\\\/eskadalys.lt\\\/wp-content\\\/uploads\\\/2025\\\/09\\\/komplet-slizgow-wysuwu-ramienia-cat-koparko-ladwarka-long-life-3199668-3199667.jpg?v=1756714683\",\"width\":458,\"height\":458},{\"@type\":\"BreadcrumbList\",\"@id\":\"https:\\\/\\\/eskadalys.lt\\\/product\\\/streles-slydimo-ploksteliu-kompl-cat-ekskavatoriui-krautuvui\\\/#breadcrumb\",\"itemListElement\":[{\"@type\":\"ListItem\",\"position\":1,\"name\":\"Strona g\u0142\u00f3wna\",\"item\":\"https:\\\/\\\/eskadalys.lt\\\/\"},{\"@type\":\"ListItem\",\"position\":2,\"name\":\"E-parduotuv\u0117\",\"item\":\"https:\\\/\\\/eskadalys.lt\\\/e-parduotuve\\\/\"},{\"@type\":\"ListItem\",\"position\":3,\"name\":\"Strel\u0117s slydimo plok\u0161teli\u0173 LONG LIFE kompl. CAT Ekskavatoriui krautuvui\"}]},{\"@type\":\"WebSite\",\"@id\":\"https:\\\/\\\/eskadalys.lt\\\/#website\",\"url\":\"https:\\\/\\\/eskadalys.lt\\\/\",\"name\":\"Eska dalys\",\"description\":\"Ekskavatori\u0173 \\\/ mini ekskavatori\u0173 \\\/ buldozeri\u0173 dalys\",\"publisher\":{\"@id\":\"https:\\\/\\\/eskadalys.lt\\\/#organization\"},\"potentialAction\":[{\"@type\":\"SearchAction\",\"target\":{\"@type\":\"EntryPoint\",\"urlTemplate\":\"https:\\\/\\\/eskadalys.lt\\\/?s={search_term_string}\"},\"query-input\":{\"@type\":\"PropertyValueSpecification\",\"valueRequired\":true,\"valueName\":\"search_term_string\"}}],\"inLanguage\":\"de\"},{\"@type\":\"Organization\",\"@id\":\"https:\\\/\\\/eskadalys.lt\\\/#organization\",\"name\":\"Eska dalys\",\"url\":\"https:\\\/\\\/eskadalys.lt\\\/\",\"logo\":{\"@type\":\"ImageObject\",\"inLanguage\":\"de\",\"@id\":\"https:\\\/\\\/eskadalys.lt\\\/#\\\/schema\\\/logo\\\/image\\\/\",\"url\":\"https:\\\/\\\/eskadalys.lt\\\/wp-content\\\/uploads\\\/2024\\\/01\\\/LOGO-ESKA-FINAL.svg\",\"contentUrl\":\"https:\\\/\\\/eskadalys.lt\\\/wp-content\\\/uploads\\\/2024\\\/01\\\/LOGO-ESKA-FINAL.svg\",\"width\":259,\"height\":201,\"caption\":\"Eska dalys\"},\"image\":{\"@id\":\"https:\\\/\\\/eskadalys.lt\\\/#\\\/schema\\\/logo\\\/image\\\/\"},\"sameAs\":[\"https:\\\/\\\/www.facebook.com\\\/profile.php?id=61556005720456\"]}]}<\/script>\n<!-- \/ Yoast SEO plugin. -->","yoast_head_json":{"title":"Langlebige Gleitplatten f\u00fcr Ausleger des CAT-Baggerladers | G\u00fcnstiger Preis | Schnelle Lieferung | Eska-Ersatzteile","description":"Langlebiger Ausleger-Gleitplattensatz. Teilenummern: 3199668, 3199667. Passend f\u00fcr: CAT Baggerlader, 422E, 422F, 428E, 428F, 432E, 432F, 434E, 442E, 444E, 444F, 434F","robots":{"index":"index","follow":"follow","max-snippet":"max-snippet:-1","max-image-preview":"max-image-preview:large","max-video-preview":"max-video-preview:-1"},"canonical":"https:\/\/eskadalys.lt\/de\/produkt-de\/gleitplattensatz-fur-den-ausleger-von-cat-baggerladern\/","og_locale":"de_DE","og_type":"article","og_title":"Strel\u0117s slydimo plok\u0161teli\u0173 LONG LIFE kompl. CAT Ekskavatoriui krautuvui | Gera kaina | Greitas pristatymas | Eska dalys","og_description":"Strel\u0117s slydimo plok\u0161teli\u0173 LONG LIFE kompl. 3199668, 3199667 CAT Ekskavatoriui krautuvui. Tinka: CAT, Ekskavatorius krautuvas, 422E, 422F, 428E, 428F, 432E, 432F, 434E, 442E, 444E, 444F, 434F","og_url":"https:\/\/eskadalys.lt\/de\/produkt-de\/gleitplattensatz-fur-den-ausleger-von-cat-baggerladern\/","og_site_name":"Eska dalys","article_publisher":"https:\/\/www.facebook.com\/profile.php?id=61556005720456","article_modified_time":"2025-09-01T12:03:18+00:00","og_image":[{"width":458,"height":458,"url":"https:\/\/eskadalys.lt\/wp-content\/uploads\/2025\/09\/komplet-slizgow-wysuwu-ramienia-cat-koparko-ladwarka-long-life-3199668-3199667.jpg?v=1756714683","type":"image\/jpeg"}],"schema":{"@context":"https:\/\/schema.org","@graph":[{"@type":"WebPage","@id":"https:\/\/eskadalys.lt\/product\/streles-slydimo-ploksteliu-kompl-cat-ekskavatoriui-krautuvui\/","url":"https:\/\/eskadalys.lt\/product\/streles-slydimo-ploksteliu-kompl-cat-ekskavatoriui-krautuvui\/","name":"Langlebige Gleitplatten f\u00fcr Ausleger des CAT-Baggerladers | G\u00fcnstiger Preis | Schnelle Lieferung | Eska-Ersatzteile","isPartOf":{"@id":"https:\/\/eskadalys.lt\/#website"},"primaryImageOfPage":{"@id":"https:\/\/eskadalys.lt\/product\/streles-slydimo-ploksteliu-kompl-cat-ekskavatoriui-krautuvui\/#primaryimage"},"image":{"@id":"https:\/\/eskadalys.lt\/product\/streles-slydimo-ploksteliu-kompl-cat-ekskavatoriui-krautuvui\/#primaryimage"},"thumbnailUrl":"https:\/\/eskadalys.lt\/wp-content\/uploads\/2025\/09\/komplet-slizgow-wysuwu-ramienia-cat-koparko-ladwarka-long-life-3199668-3199667.jpg?v=1756714683","datePublished":"2025-09-01T08:09:41+00:00","dateModified":"2025-09-01T12:03:18+00:00","description":"Langlebiger Ausleger-Gleitplattensatz. Teilenummern: 3199668, 3199667. Passend f\u00fcr: CAT Baggerlader, 422E, 422F, 428E, 428F, 432E, 432F, 434E, 442E, 444E, 444F, 434F","breadcrumb":{"@id":"https:\/\/eskadalys.lt\/product\/streles-slydimo-ploksteliu-kompl-cat-ekskavatoriui-krautuvui\/#breadcrumb"},"inLanguage":"de","potentialAction":[{"@type":"ReadAction","target":["https:\/\/eskadalys.lt\/product\/streles-slydimo-ploksteliu-kompl-cat-ekskavatoriui-krautuvui\/"]}]},{"@type":"ImageObject","inLanguage":"de","@id":"https:\/\/eskadalys.lt\/product\/streles-slydimo-ploksteliu-kompl-cat-ekskavatoriui-krautuvui\/#primaryimage","url":"https:\/\/eskadalys.lt\/wp-content\/uploads\/2025\/09\/komplet-slizgow-wysuwu-ramienia-cat-koparko-ladwarka-long-life-3199668-3199667.jpg?v=1756714683","contentUrl":"https:\/\/eskadalys.lt\/wp-content\/uploads\/2025\/09\/komplet-slizgow-wysuwu-ramienia-cat-koparko-ladwarka-long-life-3199668-3199667.jpg?v=1756714683","width":458,"height":458},{"@type":"BreadcrumbList","@id":"https:\/\/eskadalys.lt\/product\/streles-slydimo-ploksteliu-kompl-cat-ekskavatoriui-krautuvui\/#breadcrumb","itemListElement":[{"@type":"ListItem","position":1,"name":"Strona g\u0142\u00f3wna","item":"https:\/\/eskadalys.lt\/"},{"@type":"ListItem","position":2,"name":"E-parduotuv\u0117","item":"https:\/\/eskadalys.lt\/e-parduotuve\/"},{"@type":"ListItem","position":3,"name":"Strel\u0117s slydimo plok\u0161teli\u0173 LONG LIFE kompl. CAT Ekskavatoriui krautuvui"}]},{"@type":"WebSite","@id":"https:\/\/eskadalys.lt\/#website","url":"https:\/\/eskadalys.lt\/","name":"Eska parts","description":"Teile f\u00fcr Bagger\/Minibagger\/Planierraupen","publisher":{"@id":"https:\/\/eskadalys.lt\/#organization"},"potentialAction":[{"@type":"SearchAction","target":{"@type":"EntryPoint","urlTemplate":"https:\/\/eskadalys.lt\/?s={search_term_string}"},"query-input":{"@type":"PropertyValueSpecification","valueRequired":true,"valueName":"search_term_string"}}],"inLanguage":"de"},{"@type":"Organization","@id":"https:\/\/eskadalys.lt\/#organization","name":"Eska parts","url":"https:\/\/eskadalys.lt\/","logo":{"@type":"ImageObject","inLanguage":"de","@id":"https:\/\/eskadalys.lt\/#\/schema\/logo\/image\/","url":"https:\/\/eskadalys.lt\/wp-content\/uploads\/2024\/01\/LOGO-ESKA-FINAL.svg","contentUrl":"https:\/\/eskadalys.lt\/wp-content\/uploads\/2024\/01\/LOGO-ESKA-FINAL.svg","width":259,"height":201,"caption":"Eska dalys"},"image":{"@id":"https:\/\/eskadalys.lt\/#\/schema\/logo\/image\/"},"sameAs":["https:\/\/www.facebook.com\/profile.php?id=61556005720456"]}]}},"_links":{"self":[{"href":"https:\/\/eskadalys.lt\/de\/wp-json\/wp\/v2\/product\/118442","targetHints":{"allow":["GET"]}}],"collection":[{"href":"https:\/\/eskadalys.lt\/de\/wp-json\/wp\/v2\/product"}],"about":[{"href":"https:\/\/eskadalys.lt\/de\/wp-json\/wp\/v2\/types\/product"}],"wp:featuredmedia":[{"embeddable":true,"href":"https:\/\/eskadalys.lt\/de\/wp-json\/wp\/v2\/media\/118443"}],"wp:attachment":[{"href":"https:\/\/eskadalys.lt\/de\/wp-json\/wp\/v2\/media?parent=118442"}],"wp:term":[{"taxonomy":"product_brand","embeddable":true,"href":"https:\/\/eskadalys.lt\/de\/wp-json\/wp\/v2\/product_brand?post=118442"},{"taxonomy":"product_cat","embeddable":true,"href":"https:\/\/eskadalys.lt\/de\/wp-json\/wp\/v2\/product_cat?post=118442"},{"taxonomy":"product_tag","embeddable":true,"href":"https:\/\/eskadalys.lt\/de\/wp-json\/wp\/v2\/product_tag?post=118442"}],"curies":[{"name":"wp","href":"https:\/\/api.w.org\/{rel}","templated":true}]}}