{"id":3,"date":"2023-12-19T19:16:01","date_gmt":"2023-12-19T19:16:01","guid":{"rendered":"http:\/\/eskadalys.lt\/?page_id=3"},"modified":"2024-01-20T12:33:18","modified_gmt":"2024-01-20T10:33:18","slug":"datenschutzrichtlinie","status":"publish","type":"page","link":"https:\/\/eskadalys.lt\/de\/privatumo-politika\/","title":{"rendered":"Datenschutzrichtlinie"},"content":{"rendered":"<div data-elementor-type=\"wp-page\" data-elementor-id=\"3\" class=\"elementor elementor-3\">\n\t\t\t\t<div class=\"elementor-element elementor-element-651b53c8 e-flex e-con-boxed e-con e-parent\" data-id=\"651b53c8\" data-element_type=\"container\" data-e-type=\"container\">\n\t\t\t\t\t<div class=\"e-con-inner\">\n\t\t\t\t<div class=\"elementor-element elementor-element-302e8dcf elementor-widget elementor-widget-text-editor\" data-id=\"302e8dcf\" data-element_type=\"widget\" data-e-type=\"widget\" data-widget_type=\"text-editor.default\">\n\t\t\t\t<div class=\"elementor-widget-container\">\n\t\t\t\t\t\t\t\t\t<h4 style=\"text-align: center;\">Datenschutz- und Cookie-Richtlinie<\/h4><p>DIE INFORMATIONEN WURDEN IN GRUND DER DATENSCHUTZGRUNDVERORDNUNG EU 2016\/679 ERSTELLT UND BEREITGESTELLT.<\/p><p>\u00a0<\/p><p>Wir informieren Sie dar\u00fcber, dass die Firma MB &quot;Eska dalys&quot; (Verantwortlicher f\u00fcr die Datenverarbeitung), Unternehmenscode 306662138, mit Sitz in Drag\u016bn\u0173 g. 6-40, LT-92331 Klaip\u0117da, Daten von betroffenen Personen erhebt, verarbeitet und speichert.<\/p><p>\u00a0<\/p><p>Diese Daten werden zu folgenden Zwecken erhoben:<\/p><p>\u00a0<\/p><p>\u00a0\u00a0\u00a0 zum Zwecke der Erf\u00fcllung der Funktionen, Dienstleistungen und Verpflichtungen des Unternehmens sowie der Erf\u00fcllung von Vertr\u00e4gen oder um vor Abschluss eines Vertrags Ma\u00dfnahmen zu ergreifen;<\/p><p>\u00a0\u00a0\u00a0 um einer rechtlichen Verpflichtung nachzukommen, der der Datenverantwortliche unterliegt;<\/p><p>\u00a0\u00a0\u00a0 zum Zwecke der berechtigten Interessen des Verantwortlichen f\u00fcr die Datenverarbeitung oder eines Dritten;<\/p><p>\u00a0\u00a0\u00a0 um die lebenswichtigen Interessen der betroffenen Person oder einer anderen nat\u00fcrlichen Person zu sch\u00fctzen;<\/p><p>\u00a0\u00a0\u00a0 um eine Aufgabe wahrzunehmen, die im \u00f6ffentlichen Interesse liegt oder in Aus\u00fcbung der dem Verantwortlichen \u00fcbertragenen \u00f6ffentlichen Gewalt erfolgt.<\/p><p>\u00a0<\/p><p>Alle vom Kunden bereitgestellten personenbezogenen Daten (einschlie\u00dflich sensibler personenbezogener Daten) werden gem\u00e4\u00df den Bestimmungen des litauischen Gesetzes zum Schutz personenbezogener Daten, der EU-Verordnung 2016\/679 und den lokalen Rechtsvorschriften des Dienstleisters zur Verarbeitung und zum Schutz personenbezogener Daten verarbeitet und gespeichert. Der Dienstleister verpflichtet sich, die Sicherheit der verarbeiteten personenbezogenen Daten durch geeignete technische und organisatorische Ma\u00dfnahmen zum Schutz vor unrechtm\u00e4\u00dfiger Zerst\u00f6rung, versehentlicher Ver\u00e4nderung, Offenlegung und jeglicher unrechtm\u00e4\u00dfiger Verarbeitung zu gew\u00e4hrleisten.<\/p><p>\u00a0<\/p><p>Gem\u00e4\u00df den Anforderungen der EU-Verordnung 2016\/679 ben\u00f6tigen wir Ihre Einwilligung zur Verarbeitung und Speicherung Ihrer Daten, bevor wir Ihnen unsere Dienstleistungen anbieten k\u00f6nnen. Diese Einwilligung erfolgt durch Unterzeichnung eines separaten Einwilligungsformulars. Dieses Formular enth\u00e4lt genaue Informationen \u00fcber die Art der verarbeiteten Daten, die Zwecke der Datenverarbeitung, die Speicherdauer sowie m\u00f6gliche Empf\u00e4nger und Auftragsverarbeiter, die die Daten im Rahmen der Erbringung oder Unterst\u00fctzung unserer Dienstleistungen oder in Zusammenarbeit mit unserem Unternehmen verarbeiten k\u00f6nnen.<\/p><p>Rechte der betroffenen Personen<\/p><ol><li><h4>Recht der betroffenen Person auf Auskunft \u00fcber ihre Daten und deren Verarbeitung (Artikel 15 der Verordnung)<\/h4><\/li><\/ol><p>Die betroffene Person hat das Recht, vom Verantwortlichen oder Auftragsverarbeiter eine Best\u00e4tigung dar\u00fcber zu erhalten, ob sie betreffende personenbezogene Daten verarbeitet werden. Sie hat das Recht, Auskunft dar\u00fcber zu erhalten, aus welchen Quellen diese Daten stammen, welche Art von Daten sie betreffen, zu welchem Zweck sie verarbeitet werden und an welche Empf\u00e4nger sie seit mindestens einem Jahr weitergegeben wurden. Werden personenbezogene Daten in ein Drittland \u00fcbermittelt, hat die betroffene Person das Recht, \u00fcber die geeigneten Garantien im Zusammenhang mit der Daten\u00fcbermittlung unterrichtet zu werden. Auf Anfrage stellt der Verantwortliche der betroffenen Person einmal pro Kalenderjahr unentgeltlich eine Kopie der verarbeiteten personenbezogenen Daten zur Verf\u00fcgung. F\u00fcr jede weitere von der betroffenen Person angeforderte Kopie kann der Verantwortliche eine angemessene Geb\u00fchr erheben, die sich nach den Verwaltungskosten richtet. Wenn die betroffene Person die Anfrage auf elektronischem Wege stellt und es sei denn, die betroffene Person w\u00fcnscht eine andere Art der \u00dcbermittlung, so sind die Informationen in einem g\u00e4ngigen elektronischen Format bereitzustellen.<\/p><ol start=\"2\"><li><h4>Recht der betroffenen Person auf Berichtigung unrichtiger Daten (Artikel 16 der Verordnung)<\/h4><\/li><\/ol><p>Die betroffene Person hat das Recht, von dem Verantwortlichen unverz\u00fcglich die Berichtigung sie betreffender unrichtiger personenbezogener Daten zu verlangen. Unter Ber\u00fccksichtigung der Zwecke, zu denen die Daten verarbeitet wurden, hat die betroffene Person das Recht, die Vervollst\u00e4ndigung unvollst\u00e4ndiger personenbezogener Daten zu verlangen, auch mittels einer erg\u00e4nzenden Erkl\u00e4rung.<\/p><ol start=\"3\"><li>Recht auf L\u00f6schung von Daten (\u201eRecht auf Vergessenwerden\u201d) (Artikel 17 der Verordnung)<\/li><\/ol><p>Die betroffene Person hat das Recht, von dem Verantwortlichen die unverz\u00fcgliche L\u00f6schung der sie betreffenden personenbezogenen Daten zu verlangen, und der Verantwortliche ist verpflichtet, personenbezogene Daten unverz\u00fcglich zu l\u00f6schen, sofern einer der folgenden Gr\u00fcnde zutrifft:<\/p><p>\u00a0<\/p><p>\u00a0\u00a0\u00a0 Die personenbezogenen Daten werden nicht mehr ben\u00f6tigt, um die Zwecke zu erreichen, f\u00fcr die sie erhoben oder auf sonstige Weise verarbeitet wurden;<\/p><p>\u00a0\u00a0\u00a0 Die betroffene Person widerruft ihre Einwilligung und es gibt keine andere Rechtsgrundlage f\u00fcr die Verarbeitung der Daten;<\/p><p>\u00a0\u00a0\u00a0 Die betroffene Person hat der Verarbeitung ihrer Daten gem\u00e4\u00df Artikel 21 nicht zugestimmt;<\/p><p>\u00a0\u00a0\u00a0 Die Verarbeitung personenbezogener Daten war rechtswidrig;<\/p><p>\u00a0\u00a0\u00a0 Die personenbezogenen Daten wurden erhoben, als die betroffene Person unter 16 Jahre alt war, und die Daten des Minderj\u00e4hrigen wurden ohne die Zustimmung seiner Eltern oder Erziehungsberechtigten erhoben.<\/p><p>\u00a0<\/p><p>Diese Rechte gelten jedoch nicht, wenn die Datenverarbeitung erforderlich ist:<\/p><p>\u00a0<\/p><p>\u00a0\u00a0\u00a0 um das Recht auf Meinungs- und Informationsfreiheit auszu\u00fcben;<\/p><p>\u00a0\u00a0\u00a0 zur Erf\u00fcllung einer rechtlichen Verpflichtung nach dem Recht der Union oder eines Mitgliedstaats, der der Verantwortliche unterliegt und die die Verarbeitung erfordert, oder zur Wahrnehmung einer Aufgabe, die im \u00f6ffentlichen Interesse liegt oder in Aus\u00fcbung \u00f6ffentlicher Gewalt erfolgt, die dem Verantwortlichen \u00fcbertragen wurde;<\/p><p>\u00a0\u00a0\u00a0 f\u00fcr Archivierungszwecke im \u00f6ffentlichen Interesse, f\u00fcr wissenschaftliche oder historische Forschungszwecke oder f\u00fcr statistische Zwecke;<\/p><p>\u00a0\u00a0\u00a0 um Rechtsanspr\u00fcche geltend zu machen, auszu\u00fcben oder abzuwehren.<\/p><p>\u00a0<\/p><ol start=\"4\"><li><h4>Recht auf Einschr\u00e4nkung der Datenverarbeitung (Artikel 18 der Verordnung)<\/h4><\/li><\/ol><p>Die betroffene Person hat das Recht, vom Verantwortlichen die Einschr\u00e4nkung der Datenverarbeitung zu verlangen, wenn eine der folgenden Voraussetzungen erf\u00fcllt ist:<\/p><p>\u00a0<\/p><p>\u00a0\u00a0\u00a0 Die betroffene Person bestreitet die Richtigkeit der Daten f\u00fcr einen Zeitraum, in dem der Verantwortliche die Richtigkeit der personenbezogenen Daten \u00fcberpr\u00fcfen kann;<\/p><p>\u00a0\u00a0\u00a0 Die Verarbeitung der personenbezogenen Daten ist rechtswidrig, und die betroffene Person willigt nicht in die L\u00f6schung der Daten ein, sondern verlangt stattdessen die Einschr\u00e4nkung ihrer Nutzung;<\/p><p>\u00a0\u00a0\u00a0 Der Verantwortliche ben\u00f6tigt die personenbezogenen Daten nicht mehr f\u00fcr die Zwecke der Verarbeitung, die betroffene Person ben\u00f6tigt sie jedoch zur Geltendmachung, Aus\u00fcbung oder Verteidigung von Rechtsanspr\u00fcchen; oder<\/p><p>\u00a0\u00a0\u00a0 Die betroffene Person hat Widerspruch gegen die Verarbeitung ihrer Daten eingelegt, solange noch nicht feststeht, ob die berechtigten Gr\u00fcnde des Verantwortlichen die Interessen der betroffenen Person \u00fcberwiegen.<\/p><p>\u00a0<\/p><ol start=\"5\"><li><h4>Recht auf Daten\u00fcbertragbarkeit (Artikel 20 der Verordnung)<\/h4><\/li><\/ol><p>Die betroffene Person hat das Recht, die sie betreffenden personenbezogenen Daten, die sie dem Verantwortlichen bereitgestellt hat, in einem strukturierten, g\u00e4ngigen und maschinenlesbaren Format zu erhalten und diese Daten einem anderen Verantwortlichen ohne Behinderung durch den Verantwortlichen, dem die personenbezogenen Daten bereitgestellt wurden, zu \u00fcbermitteln, sofern:<\/p><p>\u00a0<\/p><p>\u00a0\u00a0\u00a0 Die Datenverarbeitung erfolgt auf Grundlage der Einwilligung;<\/p><p>\u00a0\u00a0\u00a0 Die Datenverarbeitung erfolgt automatisiert.<\/p><p>\u00a0<\/p><p>Dieses Recht darf die Rechte und Freiheiten anderer nicht beeintr\u00e4chtigen.<\/p><p>\u00a0<\/p><p>Bei der Aus\u00fcbung ihres Rechts auf Daten\u00fcbertragbarkeit hat die betroffene Person das Recht, ihre personenbezogenen Daten \u2013 soweit technisch m\u00f6glich \u2013 direkt von einem Verantwortlichen an einen anderen \u00fcbermitteln zu lassen. Dieses Recht gilt nicht, wenn die Verarbeitung f\u00fcr die Wahrnehmung einer Aufgabe erforderlich ist, die im \u00f6ffentlichen Interesse liegt oder in Aus\u00fcbung \u00f6ffentlicher Gewalt erfolgt, die dem Verantwortlichen \u00fcbertragen wurde.<\/p><ol start=\"6\"><li><h4>Recht auf Verweigerung und Widerruf der Einwilligung zur Datenverarbeitung (Artikel 21 der Verordnung)<\/h4><\/li><\/ol><p>Die betroffene Person hat das Recht, aus Gr\u00fcnden, die sich aus ihrem besonderen Fall ergeben, jederzeit gegen die Verarbeitung sie betreffender personenbezogener Daten Widerspruch einzulegen, die aufgrund von Artikel 6 Absatz 1 Buchstabe e oder f erfolgt; dies gilt auch f\u00fcr ein auf diese Bestimmungen gest\u00fctztes Profiling. Der Verantwortliche darf die personenbezogenen Daten nicht mehr verarbeiten, es sei denn, er kann zwingende schutzw\u00fcrdige Gr\u00fcnde f\u00fcr die Verarbeitung nachweisen, die die Interessen, Rechte und Freiheiten der betroffenen Person \u00fcberwiegen, oder die Verarbeitung dient der Geltendmachung, Aus\u00fcbung oder Verteidigung von Rechtsanspr\u00fcchen.<\/p><p>\u00a0<\/p><p>Werden personenbezogene Daten f\u00fcr Direktmarketingzwecke verarbeitet, hat die betroffene Person das Recht, jederzeit Widerspruch gegen die Verarbeitung sie betreffender personenbezogener Daten zu solchen Marketingzwecken einzulegen; dies gilt auch f\u00fcr das Profiling, soweit es mit diesem Direktmarketing in Zusammenhang steht.<\/p><p>\u00a0<\/p><p>Widerspricht der Betroffene der Verarbeitung seiner Daten f\u00fcr Direktmarketingzwecke, so werden seine personenbezogenen Daten nicht mehr f\u00fcr solche Zwecke verarbeitet.<\/p><p>\u00a0<\/p><p>Werden personenbezogene Daten zu wissenschaftlichen oder historischen Forschungszwecken oder zu statistischen Zwecken gem\u00e4\u00df Artikel 89 Absatz 1 verarbeitet, so hat die betroffene Person das Recht, aus Gr\u00fcnden, die sich aus ihrem besonderen Fall ergeben, gegen die Verarbeitung der sie betreffenden personenbezogenen Daten Widerspruch einzulegen, es sei denn, die Verarbeitung ist f\u00fcr die Wahrnehmung einer Aufgabe erforderlich, die im \u00f6ffentlichen Interesse liegt.<\/p><p>\u00a0<\/p><p>Hinweis: Die Rechte von Betroffenen unterliegen verschiedenen Einschr\u00e4nkungen. Weitere Informationen erhalten Sie \u00fcber die untenstehenden Kontaktdaten. Bitte beachten Sie, dass Ihre Verweigerung der Einwilligung zur Datenverarbeitung Ihre Nutzung unserer Dienste einschr\u00e4nken oder vollst\u00e4ndig beenden kann, wenn wir ohne Ihre Daten unsere Dienste nicht erbringen oder unseren Verpflichtungen nicht nachkommen k\u00f6nnen. Wird die Verarbeitung Ihrer Daten f\u00fcr Direktmarketingzwecke jedoch ausgesetzt, k\u00f6nnen Sie unsere Dienste weiterhin nutzen, erhalten aber keine Direktmarketing-Benachrichtigungen mehr \u00fcber Rabatte usw.<\/p><ol start=\"7\"><li><h4>Recht auf Einreichung einer Beschwerde bei einer Datenschutzaufsichtsbeh\u00f6rde.<\/h4><\/li><\/ol><p>Die Datenverarbeitung und der Datenschutz in der Republik Litauen werden von der Staatlichen Datenschutzinspektion (SDI) \u00fcberwacht und kontrolliert. Wenn Sie der Ansicht sind, dass ein Unternehmen Ihre Rechte auf Datenverarbeitung verletzt hat, k\u00f6nnen Sie sich per E-Mail an die SDI wenden: ada@ada.lt<\/p><ol start=\"8\"><li><h4>SCHLUSSBESTIMMUNGEN<\/h4><\/li><\/ol><p>Wenn Sie Ihre Rechte aus\u00fcben m\u00f6chten, erhalten Sie von einem unserer Mitarbeiter ein Formular, in dem Sie Ihre W\u00fcnsche bez\u00fcglich der Datenverarbeitung im Unternehmen angeben k\u00f6nnen. Wir werden Ihnen innerhalb von 30 Kalendertagen eine R\u00fcckmeldung zu unserer Entscheidung geben. Weitere Informationen zu Ihren Rechten als betroffene Person finden Sie hier:<\/p><p>\u00a0<\/p><p>Verantwortlicher f\u00fcr die Datenverarbeitung im Unternehmen: Tel. +370 649 08006, E-Mail info@eskadalys.lt<\/p>\t\t\t\t\t\t\t\t<\/div>\n\t\t\t\t<\/div>\n\t\t\t\t\t<\/div>\n\t\t\t\t<\/div>\n\t\t\t\t<\/div>","protected":false},"excerpt":{"rendered":"<p>Privatumo ir slapuk\u0173 politika INFORMACIJA PARENGTA IR PATEIKIAMA REMIANTIS BENDRUOJU DUOMEN\u0172 APSAUGOS REGLAMENTU ES 2016\/679. \u00a0 Informuojame, kad \u012fmon\u0117je MB \u201eEska dalys\u201c (duomen\u0173 valdytojas) \u012fm. kodas 306662138, buvein\u0117s adresas address Drag\u016bn\u0173 g. 6-40, LT-92331 Klaip\u0117da, yra renkami, tvarkomi ir saugomi duomen\u0173 subjekt\u0173 duomenys. \u00a0 \u0160ie duomenys yra renkami sekan\u010diais tikslais: \u00a0 \u00a0\u00a0\u00a0 \u012fmon\u0117s funkcij\u0173, paslaug\u0173 [&hellip;]<\/p>\n","protected":false},"author":1,"featured_media":0,"parent":0,"menu_order":0,"comment_status":"closed","ping_status":"closed","template":"","meta":{"site-sidebar-layout":"default","site-content-layout":"","ast-site-content-layout":"default","site-content-style":"default","site-sidebar-style":"default","ast-global-header-display":"","ast-banner-title-visibility":"","ast-main-header-display":"","ast-hfb-above-header-display":"","ast-hfb-below-header-display":"","ast-hfb-mobile-header-display":"","site-post-title":"","ast-breadcrumbs-content":"","ast-featured-img":"","footer-sml-layout":"","ast-disable-related-posts":"","theme-transparent-header-meta":"","adv-header-id-meta":"","stick-header-meta":"","header-above-stick-meta":"","header-main-stick-meta":"","header-below-stick-meta":"","astra-migrate-meta-layouts":"set","ast-page-background-enabled":"default","ast-page-background-meta":{"desktop":{"background-color":"","background-image":"","background-repeat":"repeat","background-position":"center center","background-size":"auto","background-attachment":"scroll","background-type":"","background-media":"","overlay-type":"","overlay-color":"","overlay-opacity":"","overlay-gradient":""},"tablet":{"background-color":"","background-image":"","background-repeat":"repeat","background-position":"center center","background-size":"auto","background-attachment":"scroll","background-type":"","background-media":"","overlay-type":"","overlay-color":"","overlay-opacity":"","overlay-gradient":""},"mobile":{"background-color":"","background-image":"","background-repeat":"repeat","background-position":"center center","background-size":"auto","background-attachment":"scroll","background-type":"","background-media":"","overlay-type":"","overlay-color":"","overlay-opacity":"","overlay-gradient":""}},"ast-content-background-meta":{"desktop":{"background-color":"var(--ast-global-color-5)","background-image":"","background-repeat":"repeat","background-position":"center center","background-size":"auto","background-attachment":"scroll","background-type":"","background-media":"","overlay-type":"","overlay-color":"","overlay-opacity":"","overlay-gradient":""},"tablet":{"background-color":"var(--ast-global-color-5)","background-image":"","background-repeat":"repeat","background-position":"center center","background-size":"auto","background-attachment":"scroll","background-type":"","background-media":"","overlay-type":"","overlay-color":"","overlay-opacity":"","overlay-gradient":""},"mobile":{"background-color":"var(--ast-global-color-5)","background-image":"","background-repeat":"repeat","background-position":"center center","background-size":"auto","background-attachment":"scroll","background-type":"","background-media":"","overlay-type":"","overlay-color":"","overlay-opacity":"","overlay-gradient":""}},"footnotes":""},"class_list":["post-3","page","type-page","status-publish","hentry"],"yoast_head":"<!-- This site is optimized with the Yoast SEO plugin v27.6 - https:\/\/yoast.com\/product\/yoast-seo-wordpress\/ -->\n<title>Privatumo politika - Eska dalys<\/title>\n<meta name=\"description\" content=\"JCB \/ VOLVO \/ CAT - Ekskavatori\u0173 dalys \/ mini ekskavatori\u0173 dalys \/ buldozeri\u0173 dalys - Greitas pristatymas - Eska dalys\" \/>\n<meta name=\"robots\" content=\"index, follow, max-snippet:-1, max-image-preview:large, max-video-preview:-1\" \/>\n<link rel=\"canonical\" href=\"https:\/\/eskadalys.lt\/de\/datenschutzrichtlinie\/\" \/>\n<meta property=\"og:locale\" content=\"de_DE\" \/>\n<meta property=\"og:type\" content=\"article\" \/>\n<meta property=\"og:title\" content=\"Privatumo politika - Eska dalys\" \/>\n<meta property=\"og:description\" content=\"JCB \/ VOLVO \/ CAT - Ekskavatori\u0173 dalys \/ mini ekskavatori\u0173 dalys \/ buldozeri\u0173 dalys - Greitas pristatymas - Eska dalys\" \/>\n<meta property=\"og:url\" content=\"https:\/\/eskadalys.lt\/de\/datenschutzrichtlinie\/\" \/>\n<meta property=\"og:site_name\" content=\"Eska dalys\" \/>\n<meta property=\"article:publisher\" content=\"https:\/\/www.facebook.com\/profile.php?id=61556005720456\" \/>\n<meta property=\"article:modified_time\" content=\"2024-01-20T10:33:18+00:00\" \/>\n<meta property=\"og:image\" content=\"https:\/\/eskadalys.lt\/wp-content\/uploads\/2024\/10\/Landing-Page-1.png\" \/>\n\t<meta property=\"og:image:width\" content=\"1280\" \/>\n\t<meta property=\"og:image:height\" content=\"720\" \/>\n\t<meta property=\"og:image:type\" content=\"image\/png\" \/>\n<script type=\"application\/ld+json\" class=\"yoast-schema-graph\">{\"@context\":\"https:\\\/\\\/schema.org\",\"@graph\":[{\"@type\":\"WebPage\",\"@id\":\"https:\\\/\\\/eskadalys.lt\\\/privatumo-politika\\\/\",\"url\":\"https:\\\/\\\/eskadalys.lt\\\/privatumo-politika\\\/\",\"name\":\"Privatumo politika - Eska dalys\",\"isPartOf\":{\"@id\":\"https:\\\/\\\/eskadalys.lt\\\/#website\"},\"datePublished\":\"2023-12-19T19:16:01+00:00\",\"dateModified\":\"2024-01-20T10:33:18+00:00\",\"description\":\"JCB \\\/ VOLVO \\\/ CAT - Ekskavatori\u0173 dalys \\\/ mini ekskavatori\u0173 dalys \\\/ buldozeri\u0173 dalys - Greitas pristatymas - Eska dalys\",\"breadcrumb\":{\"@id\":\"https:\\\/\\\/eskadalys.lt\\\/privatumo-politika\\\/#breadcrumb\"},\"inLanguage\":\"de\",\"potentialAction\":[{\"@type\":\"ReadAction\",\"target\":[\"https:\\\/\\\/eskadalys.lt\\\/privatumo-politika\\\/\"]}]},{\"@type\":\"BreadcrumbList\",\"@id\":\"https:\\\/\\\/eskadalys.lt\\\/privatumo-politika\\\/#breadcrumb\",\"itemListElement\":[{\"@type\":\"ListItem\",\"position\":1,\"name\":\"Strona g\u0142\u00f3wna\",\"item\":\"https:\\\/\\\/eskadalys.lt\\\/\"},{\"@type\":\"ListItem\",\"position\":2,\"name\":\"Privatumo politika\"}]},{\"@type\":\"WebSite\",\"@id\":\"https:\\\/\\\/eskadalys.lt\\\/#website\",\"url\":\"https:\\\/\\\/eskadalys.lt\\\/\",\"name\":\"Eska dalys\",\"description\":\"Ekskavatori\u0173 \\\/ mini ekskavatori\u0173 \\\/ buldozeri\u0173 dalys\",\"publisher\":{\"@id\":\"https:\\\/\\\/eskadalys.lt\\\/#organization\"},\"potentialAction\":[{\"@type\":\"SearchAction\",\"target\":{\"@type\":\"EntryPoint\",\"urlTemplate\":\"https:\\\/\\\/eskadalys.lt\\\/?s={search_term_string}\"},\"query-input\":{\"@type\":\"PropertyValueSpecification\",\"valueRequired\":true,\"valueName\":\"search_term_string\"}}],\"inLanguage\":\"de\"},{\"@type\":\"Organization\",\"@id\":\"https:\\\/\\\/eskadalys.lt\\\/#organization\",\"name\":\"Eska dalys\",\"url\":\"https:\\\/\\\/eskadalys.lt\\\/\",\"logo\":{\"@type\":\"ImageObject\",\"inLanguage\":\"de\",\"@id\":\"https:\\\/\\\/eskadalys.lt\\\/#\\\/schema\\\/logo\\\/image\\\/\",\"url\":\"https:\\\/\\\/eskadalys.lt\\\/wp-content\\\/uploads\\\/2024\\\/01\\\/LOGO-ESKA-FINAL.svg\",\"contentUrl\":\"https:\\\/\\\/eskadalys.lt\\\/wp-content\\\/uploads\\\/2024\\\/01\\\/LOGO-ESKA-FINAL.svg\",\"width\":259,\"height\":201,\"caption\":\"Eska dalys\"},\"image\":{\"@id\":\"https:\\\/\\\/eskadalys.lt\\\/#\\\/schema\\\/logo\\\/image\\\/\"},\"sameAs\":[\"https:\\\/\\\/www.facebook.com\\\/profile.php?id=61556005720456\"]}]}<\/script>\n<!-- \/ Yoast SEO plugin. -->","yoast_head_json":{"title":"Datenschutzrichtlinie \u2013 Eska Parts","description":"JCB \/ VOLVO \/ CAT \u2013 Ersatzteile f\u00fcr Bagger, Minibagger und Bulldozer \u2013 Schnelle Lieferung \u2013 Eska-Teile","robots":{"index":"index","follow":"follow","max-snippet":"max-snippet:-1","max-image-preview":"max-image-preview:large","max-video-preview":"max-video-preview:-1"},"canonical":"https:\/\/eskadalys.lt\/de\/datenschutzrichtlinie\/","og_locale":"de_DE","og_type":"article","og_title":"Privatumo politika - Eska dalys","og_description":"JCB \/ VOLVO \/ CAT - Ekskavatori\u0173 dalys \/ mini ekskavatori\u0173 dalys \/ buldozeri\u0173 dalys - Greitas pristatymas - Eska dalys","og_url":"https:\/\/eskadalys.lt\/de\/datenschutzrichtlinie\/","og_site_name":"Eska dalys","article_publisher":"https:\/\/www.facebook.com\/profile.php?id=61556005720456","article_modified_time":"2024-01-20T10:33:18+00:00","og_image":[{"width":1280,"height":720,"url":"https:\/\/eskadalys.lt\/wp-content\/uploads\/2024\/10\/Landing-Page-1.png","type":"image\/png"}],"schema":{"@context":"https:\/\/schema.org","@graph":[{"@type":"WebPage","@id":"https:\/\/eskadalys.lt\/privatumo-politika\/","url":"https:\/\/eskadalys.lt\/privatumo-politika\/","name":"Datenschutzrichtlinie \u2013 Eska Parts","isPartOf":{"@id":"https:\/\/eskadalys.lt\/#website"},"datePublished":"2023-12-19T19:16:01+00:00","dateModified":"2024-01-20T10:33:18+00:00","description":"JCB \/ VOLVO \/ CAT \u2013 Ersatzteile f\u00fcr Bagger, Minibagger und Bulldozer \u2013 Schnelle Lieferung \u2013 Eska-Teile","breadcrumb":{"@id":"https:\/\/eskadalys.lt\/privatumo-politika\/#breadcrumb"},"inLanguage":"de","potentialAction":[{"@type":"ReadAction","target":["https:\/\/eskadalys.lt\/privatumo-politika\/"]}]},{"@type":"BreadcrumbList","@id":"https:\/\/eskadalys.lt\/privatumo-politika\/#breadcrumb","itemListElement":[{"@type":"ListItem","position":1,"name":"Strona g\u0142\u00f3wna","item":"https:\/\/eskadalys.lt\/"},{"@type":"ListItem","position":2,"name":"Privatumo politika"}]},{"@type":"WebSite","@id":"https:\/\/eskadalys.lt\/#website","url":"https:\/\/eskadalys.lt\/","name":"Eska parts","description":"Teile f\u00fcr Bagger\/Minibagger\/Planierraupen","publisher":{"@id":"https:\/\/eskadalys.lt\/#organization"},"potentialAction":[{"@type":"SearchAction","target":{"@type":"EntryPoint","urlTemplate":"https:\/\/eskadalys.lt\/?s={search_term_string}"},"query-input":{"@type":"PropertyValueSpecification","valueRequired":true,"valueName":"search_term_string"}}],"inLanguage":"de"},{"@type":"Organization","@id":"https:\/\/eskadalys.lt\/#organization","name":"Eska parts","url":"https:\/\/eskadalys.lt\/","logo":{"@type":"ImageObject","inLanguage":"de","@id":"https:\/\/eskadalys.lt\/#\/schema\/logo\/image\/","url":"https:\/\/eskadalys.lt\/wp-content\/uploads\/2024\/01\/LOGO-ESKA-FINAL.svg","contentUrl":"https:\/\/eskadalys.lt\/wp-content\/uploads\/2024\/01\/LOGO-ESKA-FINAL.svg","width":259,"height":201,"caption":"Eska dalys"},"image":{"@id":"https:\/\/eskadalys.lt\/#\/schema\/logo\/image\/"},"sameAs":["https:\/\/www.facebook.com\/profile.php?id=61556005720456"]}]}},"_links":{"self":[{"href":"https:\/\/eskadalys.lt\/de\/wp-json\/wp\/v2\/pages\/3","targetHints":{"allow":["GET"]}}],"collection":[{"href":"https:\/\/eskadalys.lt\/de\/wp-json\/wp\/v2\/pages"}],"about":[{"href":"https:\/\/eskadalys.lt\/de\/wp-json\/wp\/v2\/types\/page"}],"author":[{"embeddable":true,"href":"https:\/\/eskadalys.lt\/de\/wp-json\/wp\/v2\/users\/1"}],"replies":[{"embeddable":true,"href":"https:\/\/eskadalys.lt\/de\/wp-json\/wp\/v2\/comments?post=3"}],"version-history":[{"count":0,"href":"https:\/\/eskadalys.lt\/de\/wp-json\/wp\/v2\/pages\/3\/revisions"}],"wp:attachment":[{"href":"https:\/\/eskadalys.lt\/de\/wp-json\/wp\/v2\/media?parent=3"}],"curies":[{"name":"wp","href":"https:\/\/api.w.org\/{rel}","templated":true}]}}