{"id":959,"date":"2024-02-11T00:22:12","date_gmt":"2024-02-10T22:22:12","guid":{"rendered":"https:\/\/eskadalys.lt\/?post_type=product&#038;p=959"},"modified":"2026-04-22T16:28:15","modified_gmt":"2026-04-22T13:28:15","slug":"tarpine-ismetimo-kolektoriaus","status":"publish","type":"product","link":"https:\/\/eskadalys.lt\/da\/product\/tarpine-ismetimo-kolektoriaus\/","title":{"rendered":"Udst\u00f8dningsmanifoldpakning \u2013 20557208"},"content":{"rendered":"<p><strong>Udst\u00f8dningsmanifoldpakning \u2013 20557208<\/strong><br \/>\n<strong>Velegnet til:<\/strong> VOLVO, Ekskavatorius krautuvas, BL60, BL61, BL61PLUS, BL70, BL71, BL71PLUS, Ekskavatorius, EC135B, EC140B, EC160B, EC210B, EC240B, ECR145C, EW140B, EW145B, EW160B, EW180B, EW200B, Motor Grader, G710B, G720B, G726B, G730B, L50E, L60E, L70E, L90E, L110E, L120E, EC290B, EC180B<\/p>\n<p>VOE20557208<\/p>\n<h3>\ud83d\udd0d Leder efter et andet produkt fra kategorien <a href=\"https:\/\/eskadalys.lt\/da\/produktkategori-da\/udstodningssystem\/fedtpakninger-udstodningssystem\/\">Oliepakninger, pakninger, ringe<\/a> ?<\/h3>\n<h3>\ud83d\udee0\ufe0f VOLVO reservedele \u2013 du kan finde flere af dem <a href=\"https:\/\/eskadalys.lt\/da\/produktkategori-da\/udstodningssystem\/\">Udst\u00f8dningssystem<\/a> i kategorien.<\/h3>\n<p>Hvis du er usikker p\u00e5, om denne del passer til din maskine, <strong>Send os venligst k\u00f8ret\u00f8jets serienummer (VIN) inden k\u00f8b.<\/strong>. Vi vil kontrollere kompatibiliteten ved hj\u00e6lp af katalogerne og <strong>Vi tilbyder den rigtige del<\/strong>. Hvis du ikke kan finde den del, du har brug for, s\u00e5 skriv til os - vi hj\u00e6lper dig med at finde den!<\/p>\n<p><strong>\ud83d\udce6 Lager i Litauen<\/strong> \u2013 ordrer afgivet f\u00f8r kl. 14.00 afsendes samme dag.<\/p>\n<p><strong>\ud83d\ude80 Hurtig levering<\/strong> \u2013 bestilte varer, som vi ikke har p\u00e5 lager i \u00f8jeblikket, leveres inden for 3-4 hverdage.<\/p>\n<p><strong>\ud83d\udcc8 Bredt udvalg<\/strong> \u2013 vi udvider l\u00f8bende vores produktudvalg.<\/p>","protected":false},"excerpt":{"rendered":"<p>20557208<\/p>","protected":false},"featured_media":93632,"template":"","meta":{"site-sidebar-layout":"default","site-content-layout":"","ast-site-content-layout":"default","site-content-style":"default","site-sidebar-style":"default","ast-global-header-display":"","ast-banner-title-visibility":"","ast-main-header-display":"","ast-hfb-above-header-display":"","ast-hfb-below-header-display":"","ast-hfb-mobile-header-display":"","site-post-title":"","ast-breadcrumbs-content":"","ast-featured-img":"","footer-sml-layout":"","ast-disable-related-posts":"","theme-transparent-header-meta":"","adv-header-id-meta":"","stick-header-meta":"","header-above-stick-meta":"","header-main-stick-meta":"","header-below-stick-meta":"","astra-migrate-meta-layouts":"default","ast-page-background-enabled":"default","ast-page-background-meta":{"desktop":{"background-color":"","background-image":"","background-repeat":"repeat","background-position":"center center","background-size":"auto","background-attachment":"scroll","background-type":"","background-media":"","overlay-type":"","overlay-color":"","overlay-opacity":"","overlay-gradient":""},"tablet":{"background-color":"","background-image":"","background-repeat":"repeat","background-position":"center center","background-size":"auto","background-attachment":"scroll","background-type":"","background-media":"","overlay-type":"","overlay-color":"","overlay-opacity":"","overlay-gradient":""},"mobile":{"background-color":"","background-image":"","background-repeat":"repeat","background-position":"center center","background-size":"auto","background-attachment":"scroll","background-type":"","background-media":"","overlay-type":"","overlay-color":"","overlay-opacity":"","overlay-gradient":""}},"ast-content-background-meta":{"desktop":{"background-color":"var(--ast-global-color-5)","background-image":"","background-repeat":"repeat","background-position":"center center","background-size":"auto","background-attachment":"scroll","background-type":"","background-media":"","overlay-type":"","overlay-color":"","overlay-opacity":"","overlay-gradient":""},"tablet":{"background-color":"var(--ast-global-color-5)","background-image":"","background-repeat":"repeat","background-position":"center center","background-size":"auto","background-attachment":"scroll","background-type":"","background-media":"","overlay-type":"","overlay-color":"","overlay-opacity":"","overlay-gradient":""},"mobile":{"background-color":"var(--ast-global-color-5)","background-image":"","background-repeat":"repeat","background-position":"center center","background-size":"auto","background-attachment":"scroll","background-type":"","background-media":"","overlay-type":"","overlay-color":"","overlay-opacity":"","overlay-gradient":""}}},"product_brand":[],"product_cat":[886],"product_tag":[],"class_list":{"0":"post-959","1":"product","2":"type-product","3":"status-publish","4":"has-post-thumbnail","6":"product_cat-rieboksliai-tarpines-ziedai-ismetimo-sistema","7":"desktop-align-left","8":"tablet-align-left","9":"mobile-align-left","11":"first","12":"onbackorder","13":"taxable","14":"shipping-taxable","15":"purchasable","16":"product-type-simple"},"yoast_head":"<!-- This site is optimized with the Yoast SEO plugin v27.5 - https:\/\/yoast.com\/product\/yoast-seo-wordpress\/ -->\n<title>Tarpin\u0117 i\u0161metimo kolektoriaus - 20557208 | Gera kaina | Greitas pristatymas | Eska dalys<\/title>\n<meta name=\"description\" content=\"Tarpin\u0117 i\u0161metimo kolektoriaus - 20557208 Tinka: VOLVO, Ekskavatorius krautuvas, BL60, BL61, BL61PLUS, BL70, BL71, BL71PLUS, Ekskavatorius, EC135B, EC140B, EC160B, EC210B, EC240B, ECR145C, EW140B, EW145B, EW160B, EW180B, EW200B, Motor Grader, G710B, G720B, G726B, G730B, L50E, L60E, L70E, L90E, L110E, L120E, EC290B, EC180B\" \/>\n<meta name=\"robots\" content=\"index, follow, max-snippet:-1, max-image-preview:large, max-video-preview:-1\" \/>\n<link rel=\"canonical\" href=\"https:\/\/eskadalys.lt\/da\/produkt-da\/tarpine-ismetimo-kolektoriaus\/\" \/>\n<meta property=\"og:locale\" content=\"da_DK\" \/>\n<meta property=\"og:type\" content=\"article\" \/>\n<meta property=\"og:title\" content=\"Tarpin\u0117 i\u0161metimo kolektoriaus - 20557208 | Gera kaina | Greitas pristatymas | Eska dalys\" \/>\n<meta property=\"og:description\" content=\"Tarpin\u0117 i\u0161metimo kolektoriaus - 20557208 Tinka: VOLVO, Ekskavatorius krautuvas, BL60, BL61, BL61PLUS, BL70, BL71, BL71PLUS, Ekskavatorius, EC135B, EC140B, EC160B, EC210B, EC240B, ECR145C, EW140B, EW145B, EW160B, EW180B, EW200B, Motor Grader, G710B, G720B, G726B, G730B, L50E, L60E, L70E, L90E, L110E, L120E, EC290B, EC180B\" \/>\n<meta property=\"og:url\" content=\"https:\/\/eskadalys.lt\/da\/produkt-da\/tarpine-ismetimo-kolektoriaus\/\" \/>\n<meta property=\"og:site_name\" content=\"Eska dalys\" \/>\n<meta property=\"article:publisher\" content=\"https:\/\/www.facebook.com\/profile.php?id=61556005720456\" \/>\n<meta property=\"article:modified_time\" content=\"2026-04-22T13:28:15+00:00\" \/>\n<meta property=\"og:image\" content=\"https:\/\/eskadalys.lt\/wp-content\/uploads\/2024\/02\/uszczelka-kolektora-wydechowego-20240121-115804.png?v=1714950855\" \/>\n\t<meta property=\"og:image:width\" content=\"575\" \/>\n\t<meta property=\"og:image:height\" content=\"365\" \/>\n\t<meta property=\"og:image:type\" content=\"image\/png\" \/>\n<script type=\"application\/ld+json\" class=\"yoast-schema-graph\">{\"@context\":\"https:\\\/\\\/schema.org\",\"@graph\":[{\"@type\":\"WebPage\",\"@id\":\"https:\\\/\\\/eskadalys.lt\\\/product\\\/tarpine-ismetimo-kolektoriaus\\\/\",\"url\":\"https:\\\/\\\/eskadalys.lt\\\/product\\\/tarpine-ismetimo-kolektoriaus\\\/\",\"name\":\"Tarpin\u0117 i\u0161metimo kolektoriaus - 20557208 | Gera kaina | Greitas pristatymas | Eska dalys\",\"isPartOf\":{\"@id\":\"https:\\\/\\\/eskadalys.lt\\\/#website\"},\"primaryImageOfPage\":{\"@id\":\"https:\\\/\\\/eskadalys.lt\\\/product\\\/tarpine-ismetimo-kolektoriaus\\\/#primaryimage\"},\"image\":{\"@id\":\"https:\\\/\\\/eskadalys.lt\\\/product\\\/tarpine-ismetimo-kolektoriaus\\\/#primaryimage\"},\"thumbnailUrl\":\"https:\\\/\\\/eskadalys.lt\\\/wp-content\\\/uploads\\\/2024\\\/02\\\/uszczelka-kolektora-wydechowego-20240121-115804.png?v=1714950855\",\"datePublished\":\"2024-02-10T22:22:12+00:00\",\"dateModified\":\"2026-04-22T13:28:15+00:00\",\"description\":\"Tarpin\u0117 i\u0161metimo kolektoriaus - 20557208 Tinka: VOLVO, Ekskavatorius krautuvas, BL60, BL61, BL61PLUS, BL70, BL71, BL71PLUS, Ekskavatorius, EC135B, EC140B, EC160B, EC210B, EC240B, ECR145C, EW140B, EW145B, EW160B, EW180B, EW200B, Motor Grader, G710B, G720B, G726B, G730B, L50E, L60E, L70E, L90E, L110E, L120E, EC290B, EC180B\",\"breadcrumb\":{\"@id\":\"https:\\\/\\\/eskadalys.lt\\\/product\\\/tarpine-ismetimo-kolektoriaus\\\/#breadcrumb\"},\"inLanguage\":\"da-DK\",\"potentialAction\":[{\"@type\":\"ReadAction\",\"target\":[\"https:\\\/\\\/eskadalys.lt\\\/product\\\/tarpine-ismetimo-kolektoriaus\\\/\"]}]},{\"@type\":\"ImageObject\",\"inLanguage\":\"da-DK\",\"@id\":\"https:\\\/\\\/eskadalys.lt\\\/product\\\/tarpine-ismetimo-kolektoriaus\\\/#primaryimage\",\"url\":\"https:\\\/\\\/eskadalys.lt\\\/wp-content\\\/uploads\\\/2024\\\/02\\\/uszczelka-kolektora-wydechowego-20240121-115804.png?v=1714950855\",\"contentUrl\":\"https:\\\/\\\/eskadalys.lt\\\/wp-content\\\/uploads\\\/2024\\\/02\\\/uszczelka-kolektora-wydechowego-20240121-115804.png?v=1714950855\",\"width\":575,\"height\":365},{\"@type\":\"BreadcrumbList\",\"@id\":\"https:\\\/\\\/eskadalys.lt\\\/product\\\/tarpine-ismetimo-kolektoriaus\\\/#breadcrumb\",\"itemListElement\":[{\"@type\":\"ListItem\",\"position\":1,\"name\":\"Strona g\u0142\u00f3wna\",\"item\":\"https:\\\/\\\/eskadalys.lt\\\/\"},{\"@type\":\"ListItem\",\"position\":2,\"name\":\"E-parduotuv\u0117\",\"item\":\"https:\\\/\\\/eskadalys.lt\\\/e-parduotuve\\\/\"},{\"@type\":\"ListItem\",\"position\":3,\"name\":\"Tarpin\u0117 i\u0161metimo kolektoriaus &#8211; 20557208\"}]},{\"@type\":\"WebSite\",\"@id\":\"https:\\\/\\\/eskadalys.lt\\\/#website\",\"url\":\"https:\\\/\\\/eskadalys.lt\\\/\",\"name\":\"Eska dalys\",\"description\":\"Ekskavatori\u0173 \\\/ mini ekskavatori\u0173 \\\/ buldozeri\u0173 dalys\",\"publisher\":{\"@id\":\"https:\\\/\\\/eskadalys.lt\\\/#organization\"},\"potentialAction\":[{\"@type\":\"SearchAction\",\"target\":{\"@type\":\"EntryPoint\",\"urlTemplate\":\"https:\\\/\\\/eskadalys.lt\\\/?s={search_term_string}\"},\"query-input\":{\"@type\":\"PropertyValueSpecification\",\"valueRequired\":true,\"valueName\":\"search_term_string\"}}],\"inLanguage\":\"da-DK\"},{\"@type\":\"Organization\",\"@id\":\"https:\\\/\\\/eskadalys.lt\\\/#organization\",\"name\":\"Eska dalys\",\"url\":\"https:\\\/\\\/eskadalys.lt\\\/\",\"logo\":{\"@type\":\"ImageObject\",\"inLanguage\":\"da-DK\",\"@id\":\"https:\\\/\\\/eskadalys.lt\\\/#\\\/schema\\\/logo\\\/image\\\/\",\"url\":\"https:\\\/\\\/eskadalys.lt\\\/wp-content\\\/uploads\\\/2024\\\/01\\\/LOGO-ESKA-FINAL.svg\",\"contentUrl\":\"https:\\\/\\\/eskadalys.lt\\\/wp-content\\\/uploads\\\/2024\\\/01\\\/LOGO-ESKA-FINAL.svg\",\"width\":259,\"height\":201,\"caption\":\"Eska dalys\"},\"image\":{\"@id\":\"https:\\\/\\\/eskadalys.lt\\\/#\\\/schema\\\/logo\\\/image\\\/\"},\"sameAs\":[\"https:\\\/\\\/www.facebook.com\\\/profile.php?id=61556005720456\"]}]}<\/script>\n<!-- \/ Yoast SEO plugin. -->","yoast_head_json":{"title":"Tarpin\u0117 i\u0161metimo kolektoriaus - 20557208 | Gera kaina | Greitas pristatymas | Eska dalys","description":"Tarpin\u0117 i\u0161metimo kolektoriaus - 20557208 Tinka: VOLVO, Ekskavatorius krautuvas, BL60, BL61, BL61PLUS, BL70, BL71, BL71PLUS, Ekskavatorius, EC135B, EC140B, EC160B, EC210B, EC240B, ECR145C, EW140B, EW145B, EW160B, EW180B, EW200B, Motor Grader, G710B, G720B, G726B, G730B, L50E, L60E, L70E, L90E, L110E, L120E, EC290B, EC180B","robots":{"index":"index","follow":"follow","max-snippet":"max-snippet:-1","max-image-preview":"max-image-preview:large","max-video-preview":"max-video-preview:-1"},"canonical":"https:\/\/eskadalys.lt\/da\/produkt-da\/tarpine-ismetimo-kolektoriaus\/","og_locale":"da_DK","og_type":"article","og_title":"Tarpin\u0117 i\u0161metimo kolektoriaus - 20557208 | Gera kaina | Greitas pristatymas | Eska dalys","og_description":"Tarpin\u0117 i\u0161metimo kolektoriaus - 20557208 Tinka: VOLVO, Ekskavatorius krautuvas, BL60, BL61, BL61PLUS, BL70, BL71, BL71PLUS, Ekskavatorius, EC135B, EC140B, EC160B, EC210B, EC240B, ECR145C, EW140B, EW145B, EW160B, EW180B, EW200B, Motor Grader, G710B, G720B, G726B, G730B, L50E, L60E, L70E, L90E, L110E, L120E, EC290B, EC180B","og_url":"https:\/\/eskadalys.lt\/da\/produkt-da\/tarpine-ismetimo-kolektoriaus\/","og_site_name":"Eska dalys","article_publisher":"https:\/\/www.facebook.com\/profile.php?id=61556005720456","article_modified_time":"2026-04-22T13:28:15+00:00","og_image":[{"width":575,"height":365,"url":"https:\/\/eskadalys.lt\/wp-content\/uploads\/2024\/02\/uszczelka-kolektora-wydechowego-20240121-115804.png?v=1714950855","type":"image\/png"}],"schema":{"@context":"https:\/\/schema.org","@graph":[{"@type":"WebPage","@id":"https:\/\/eskadalys.lt\/product\/tarpine-ismetimo-kolektoriaus\/","url":"https:\/\/eskadalys.lt\/product\/tarpine-ismetimo-kolektoriaus\/","name":"Tarpin\u0117 i\u0161metimo kolektoriaus - 20557208 | Gera kaina | Greitas pristatymas | Eska dalys","isPartOf":{"@id":"https:\/\/eskadalys.lt\/#website"},"primaryImageOfPage":{"@id":"https:\/\/eskadalys.lt\/product\/tarpine-ismetimo-kolektoriaus\/#primaryimage"},"image":{"@id":"https:\/\/eskadalys.lt\/product\/tarpine-ismetimo-kolektoriaus\/#primaryimage"},"thumbnailUrl":"https:\/\/eskadalys.lt\/wp-content\/uploads\/2024\/02\/uszczelka-kolektora-wydechowego-20240121-115804.png?v=1714950855","datePublished":"2024-02-10T22:22:12+00:00","dateModified":"2026-04-22T13:28:15+00:00","description":"Tarpin\u0117 i\u0161metimo kolektoriaus - 20557208 Tinka: VOLVO, Ekskavatorius krautuvas, BL60, BL61, BL61PLUS, BL70, BL71, BL71PLUS, Ekskavatorius, EC135B, EC140B, EC160B, EC210B, EC240B, ECR145C, EW140B, EW145B, EW160B, EW180B, EW200B, Motor Grader, G710B, G720B, G726B, G730B, L50E, L60E, L70E, L90E, L110E, L120E, EC290B, EC180B","breadcrumb":{"@id":"https:\/\/eskadalys.lt\/product\/tarpine-ismetimo-kolektoriaus\/#breadcrumb"},"inLanguage":"da-DK","potentialAction":[{"@type":"ReadAction","target":["https:\/\/eskadalys.lt\/product\/tarpine-ismetimo-kolektoriaus\/"]}]},{"@type":"ImageObject","inLanguage":"da-DK","@id":"https:\/\/eskadalys.lt\/product\/tarpine-ismetimo-kolektoriaus\/#primaryimage","url":"https:\/\/eskadalys.lt\/wp-content\/uploads\/2024\/02\/uszczelka-kolektora-wydechowego-20240121-115804.png?v=1714950855","contentUrl":"https:\/\/eskadalys.lt\/wp-content\/uploads\/2024\/02\/uszczelka-kolektora-wydechowego-20240121-115804.png?v=1714950855","width":575,"height":365},{"@type":"BreadcrumbList","@id":"https:\/\/eskadalys.lt\/product\/tarpine-ismetimo-kolektoriaus\/#breadcrumb","itemListElement":[{"@type":"ListItem","position":1,"name":"Strona g\u0142\u00f3wna","item":"https:\/\/eskadalys.lt\/"},{"@type":"ListItem","position":2,"name":"E-parduotuv\u0117","item":"https:\/\/eskadalys.lt\/e-parduotuve\/"},{"@type":"ListItem","position":3,"name":"Tarpin\u0117 i\u0161metimo kolektoriaus &#8211; 20557208"}]},{"@type":"WebSite","@id":"https:\/\/eskadalys.lt\/#website","url":"https:\/\/eskadalys.lt\/","name":"Eska parts","description":"Reservedele til gravemaskine\/minigraver\/bulldozer","publisher":{"@id":"https:\/\/eskadalys.lt\/#organization"},"potentialAction":[{"@type":"SearchAction","target":{"@type":"EntryPoint","urlTemplate":"https:\/\/eskadalys.lt\/?s={search_term_string}"},"query-input":{"@type":"PropertyValueSpecification","valueRequired":true,"valueName":"search_term_string"}}],"inLanguage":"da-DK"},{"@type":"Organization","@id":"https:\/\/eskadalys.lt\/#organization","name":"Eska parts","url":"https:\/\/eskadalys.lt\/","logo":{"@type":"ImageObject","inLanguage":"da-DK","@id":"https:\/\/eskadalys.lt\/#\/schema\/logo\/image\/","url":"https:\/\/eskadalys.lt\/wp-content\/uploads\/2024\/01\/LOGO-ESKA-FINAL.svg","contentUrl":"https:\/\/eskadalys.lt\/wp-content\/uploads\/2024\/01\/LOGO-ESKA-FINAL.svg","width":259,"height":201,"caption":"Eska dalys"},"image":{"@id":"https:\/\/eskadalys.lt\/#\/schema\/logo\/image\/"},"sameAs":["https:\/\/www.facebook.com\/profile.php?id=61556005720456"]}]}},"_links":{"self":[{"href":"https:\/\/eskadalys.lt\/da\/wp-json\/wp\/v2\/product\/959","targetHints":{"allow":["GET"]}}],"collection":[{"href":"https:\/\/eskadalys.lt\/da\/wp-json\/wp\/v2\/product"}],"about":[{"href":"https:\/\/eskadalys.lt\/da\/wp-json\/wp\/v2\/types\/product"}],"wp:featuredmedia":[{"embeddable":true,"href":"https:\/\/eskadalys.lt\/da\/wp-json\/wp\/v2\/media\/93632"}],"wp:attachment":[{"href":"https:\/\/eskadalys.lt\/da\/wp-json\/wp\/v2\/media?parent=959"}],"wp:term":[{"taxonomy":"product_brand","embeddable":true,"href":"https:\/\/eskadalys.lt\/da\/wp-json\/wp\/v2\/product_brand?post=959"},{"taxonomy":"product_cat","embeddable":true,"href":"https:\/\/eskadalys.lt\/da\/wp-json\/wp\/v2\/product_cat?post=959"},{"taxonomy":"product_tag","embeddable":true,"href":"https:\/\/eskadalys.lt\/da\/wp-json\/wp\/v2\/product_tag?post=959"}],"curies":[{"name":"wp","href":"https:\/\/api.w.org\/{rel}","templated":true}]}}