{"id":9543,"date":"2024-02-11T11:51:03","date_gmt":"2024-02-11T09:51:03","guid":{"rendered":"https:\/\/eskadalys.lt\/?post_type=product&#038;p=9543"},"modified":"2026-04-12T08:23:46","modified_gmt":"2026-04-12T05:23:46","slug":"ventil-6","status":"publish","type":"product","link":"https:\/\/eskadalys.lt\/da\/product\/voztuvas-6\/","title":{"rendered":"Ventil \u2013 2S5925"},"content":{"rendered":"<p><strong>Ventil \u2013 2S5925<\/strong><br \/>\nDimensioner:<br \/>\n Gevind M16<br \/>\nL\u00e6ngde: 65 mm,<br \/>\n<strong>Velegnet til:<\/strong> CAT, B\u00e6ltegraver, 307, 311, 312, 315, 317, 318B, 320, 320B, 322, B\u00e6ltel\u00e6sser, 931, 931B, 931C, 933, 933C, 935B, 935C, 939, 939C, 941, 941B, 951B, 951C, 955K, 955L, 963, 973, 977K, 977L, 983, 983B, Bulldozer, D3, D3B, D3C, D4B, D4C, D4D, D4E, D4H, D5, D5B, D5C, D5E, D5H, D5M, D6C, D6D, D6E, D6F, D6H, D6M, D6R, D7F, D7G, D7H, D7R, D8H, D8K, D8L, D8N, D8R, D8T, D9G, D9H, D9L, D9N, D9R, D10, D10N, D10R, D10T, D11N, D11R<br \/>\n<strong>OE-numre::<\/strong> 1908609, 952927, 2S5925, 0952927<br \/>\n2S-5925<\/p>\n<h3>\ud83d\udd0d Leder efter et andet produkt fra kategorien <a href=\"https:\/\/eskadalys.lt\/da\/produktkategori-da\/tilbehor\/smorepunktsdyser\/\">Sm\u00f8repunkter, dyser<\/a> ?<\/h3>\n<h3>\ud83d\udee0\ufe0f Reservedele til entrepren\u00f8rmaskiner - du kan finde flere af dem <a href=\"https:\/\/eskadalys.lt\/da\/produktkategori-da\/tilbehor\/\">Tilbeh\u00f8r<\/a> i kategorien.<\/h3>\n<p>Hvis du er usikker p\u00e5, om denne del passer til din maskine, <strong>Send os venligst k\u00f8ret\u00f8jets serienummer (VIN) inden k\u00f8b.<\/strong>. Vi vil kontrollere kompatibiliteten ved hj\u00e6lp af katalogerne og <strong>Vi tilbyder den rigtige del<\/strong>. Hvis du ikke kan finde den del, du har brug for, s\u00e5 skriv til os - vi hj\u00e6lper dig med at finde den!<\/p>\n<p><strong>\ud83d\udce6 Lager i Litauen<\/strong> \u2013 ordrer afgivet f\u00f8r kl. 14.00 afsendes samme dag.<\/p>\n<p><strong>\ud83d\ude80 Hurtig levering<\/strong> \u2013 bestilte varer, som vi ikke har p\u00e5 lager i \u00f8jeblikket, leveres inden for 3-4 hverdage.<\/p>\n<p><strong>\ud83d\udcc8 Bredt udvalg<\/strong> \u2013 vi udvider l\u00f8bende vores produktudvalg.<\/p>","protected":false},"excerpt":{"rendered":"<p>2S5925<\/p>","protected":false},"featured_media":112441,"template":"","meta":{"site-sidebar-layout":"default","site-content-layout":"","ast-site-content-layout":"default","site-content-style":"default","site-sidebar-style":"default","ast-global-header-display":"","ast-banner-title-visibility":"","ast-main-header-display":"","ast-hfb-above-header-display":"","ast-hfb-below-header-display":"","ast-hfb-mobile-header-display":"","site-post-title":"","ast-breadcrumbs-content":"","ast-featured-img":"","footer-sml-layout":"","ast-disable-related-posts":"","theme-transparent-header-meta":"","adv-header-id-meta":"","stick-header-meta":"","header-above-stick-meta":"","header-main-stick-meta":"","header-below-stick-meta":"","astra-migrate-meta-layouts":"default","ast-page-background-enabled":"default","ast-page-background-meta":{"desktop":{"background-color":"","background-image":"","background-repeat":"repeat","background-position":"center center","background-size":"auto","background-attachment":"scroll","background-type":"","background-media":"","overlay-type":"","overlay-color":"","overlay-opacity":"","overlay-gradient":""},"tablet":{"background-color":"","background-image":"","background-repeat":"repeat","background-position":"center center","background-size":"auto","background-attachment":"scroll","background-type":"","background-media":"","overlay-type":"","overlay-color":"","overlay-opacity":"","overlay-gradient":""},"mobile":{"background-color":"","background-image":"","background-repeat":"repeat","background-position":"center center","background-size":"auto","background-attachment":"scroll","background-type":"","background-media":"","overlay-type":"","overlay-color":"","overlay-opacity":"","overlay-gradient":""}},"ast-content-background-meta":{"desktop":{"background-color":"var(--ast-global-color-5)","background-image":"","background-repeat":"repeat","background-position":"center center","background-size":"auto","background-attachment":"scroll","background-type":"","background-media":"","overlay-type":"","overlay-color":"","overlay-opacity":"","overlay-gradient":""},"tablet":{"background-color":"var(--ast-global-color-5)","background-image":"","background-repeat":"repeat","background-position":"center center","background-size":"auto","background-attachment":"scroll","background-type":"","background-media":"","overlay-type":"","overlay-color":"","overlay-opacity":"","overlay-gradient":""},"mobile":{"background-color":"var(--ast-global-color-5)","background-image":"","background-repeat":"repeat","background-position":"center center","background-size":"auto","background-attachment":"scroll","background-type":"","background-media":"","overlay-type":"","overlay-color":"","overlay-opacity":"","overlay-gradient":""}}},"product_brand":[],"product_cat":[888],"product_tag":[],"class_list":{"0":"post-9543","1":"product","2":"type-product","3":"status-publish","4":"has-post-thumbnail","6":"product_cat-tepimo-taskai-antgaliai","7":"desktop-align-left","8":"tablet-align-left","9":"mobile-align-left","11":"first","12":"onbackorder","13":"taxable","14":"shipping-taxable","15":"purchasable","16":"product-type-simple"},"yoast_head":"<!-- This site is optimized with the Yoast SEO plugin v27.4 - https:\/\/yoast.com\/product\/yoast-seo-wordpress\/ -->\n<title>Vo\u017etuvas - 2S5925 | Gera kaina | Greitas pristatymas | Eska dalys<\/title>\n<meta name=\"description\" content=\"Vo\u017etuvas - 2S5925 Matmenys: Sriegis\u00a0M16 Ilgis:\u00a065 mm, Tinka: CAT, Vik\u0161rinis ekskavatorius, 307, 311, 312, 315, 317, 318B, 320, 320B, 322, Vik\u0161rinis krautuvas, 931, 931B, 931C, 933, 933C, 935B, 935C, 939, 939C, 941, 941B, 951B, 951C, 955K, 955L, 963, 973, 977K, 977L, 983, 983B, Buldozeris, D3, D3B, D3C, D4B, D4C, D4D, D4E, D4H, D5, D5B, D5C, D5E, D5H, D5M, D6C, D6D, D6E, D6F, D6H, D6M, D6R, D7F, D7G, D7H, D7R, D8H, D8K, D8L, D8N, D8R, D8T, D9G, D9H, D9L, D9N, D9R, D10, D10N, D10R, D10T, D11N, D11R OE numeriai: 1908609, 952927, 2S5925, 0952927\" \/>\n<meta name=\"robots\" content=\"index, follow, max-snippet:-1, max-image-preview:large, max-video-preview:-1\" \/>\n<link rel=\"canonical\" href=\"https:\/\/eskadalys.lt\/da\/produkt-da\/ventil-6\/\" \/>\n<meta property=\"og:locale\" content=\"da_DK\" \/>\n<meta property=\"og:type\" content=\"article\" \/>\n<meta property=\"og:title\" content=\"Vo\u017etuvas - 2S5925 | Gera kaina | Greitas pristatymas | Eska dalys\" \/>\n<meta property=\"og:description\" content=\"Vo\u017etuvas - 2S5925 Matmenys: Sriegis\u00a0M16 Ilgis:\u00a065 mm, Tinka: CAT, Vik\u0161rinis ekskavatorius, 307, 311, 312, 315, 317, 318B, 320, 320B, 322, Vik\u0161rinis krautuvas, 931, 931B, 931C, 933, 933C, 935B, 935C, 939, 939C, 941, 941B, 951B, 951C, 955K, 955L, 963, 973, 977K, 977L, 983, 983B, Buldozeris, D3, D3B, D3C, D4B, D4C, D4D, D4E, D4H, D5, D5B, D5C, D5E, D5H, D5M, D6C, D6D, D6E, D6F, D6H, D6M, D6R, D7F, D7G, D7H, D7R, D8H, D8K, D8L, D8N, D8R, D8T, D9G, D9H, D9L, D9N, D9R, D10, D10N, D10R, D10T, D11N, D11R OE numeriai: 1908609, 952927, 2S5925, 0952927\" \/>\n<meta property=\"og:url\" content=\"https:\/\/eskadalys.lt\/da\/produkt-da\/ventil-6\/\" \/>\n<meta property=\"og:site_name\" content=\"Eska dalys\" \/>\n<meta property=\"article:publisher\" content=\"https:\/\/www.facebook.com\/profile.php?id=61556005720456\" \/>\n<meta property=\"article:modified_time\" content=\"2026-04-12T05:23:46+00:00\" \/>\n<meta property=\"og:image\" content=\"https:\/\/eskadalys.lt\/wp-content\/uploads\/2024\/02\/valve-1-20240121-224135.jpg?v=1714896194\" \/>\n\t<meta property=\"og:image:width\" content=\"1600\" \/>\n\t<meta property=\"og:image:height\" content=\"1243\" \/>\n\t<meta property=\"og:image:type\" content=\"image\/jpeg\" \/>\n<script type=\"application\/ld+json\" class=\"yoast-schema-graph\">{\"@context\":\"https:\\\/\\\/schema.org\",\"@graph\":[{\"@type\":\"WebPage\",\"@id\":\"https:\\\/\\\/eskadalys.lt\\\/product\\\/voztuvas-6\\\/\",\"url\":\"https:\\\/\\\/eskadalys.lt\\\/product\\\/voztuvas-6\\\/\",\"name\":\"Vo\u017etuvas - 2S5925 | Gera kaina | Greitas pristatymas | Eska dalys\",\"isPartOf\":{\"@id\":\"https:\\\/\\\/eskadalys.lt\\\/#website\"},\"primaryImageOfPage\":{\"@id\":\"https:\\\/\\\/eskadalys.lt\\\/product\\\/voztuvas-6\\\/#primaryimage\"},\"image\":{\"@id\":\"https:\\\/\\\/eskadalys.lt\\\/product\\\/voztuvas-6\\\/#primaryimage\"},\"thumbnailUrl\":\"https:\\\/\\\/eskadalys.lt\\\/wp-content\\\/uploads\\\/2024\\\/02\\\/valve-1-20240121-224135.jpg?v=1714896194\",\"datePublished\":\"2024-02-11T09:51:03+00:00\",\"dateModified\":\"2026-04-12T05:23:46+00:00\",\"description\":\"Vo\u017etuvas - 2S5925 Matmenys: Sriegis\u00a0M16 Ilgis:\u00a065 mm, Tinka: CAT, Vik\u0161rinis ekskavatorius, 307, 311, 312, 315, 317, 318B, 320, 320B, 322, Vik\u0161rinis krautuvas, 931, 931B, 931C, 933, 933C, 935B, 935C, 939, 939C, 941, 941B, 951B, 951C, 955K, 955L, 963, 973, 977K, 977L, 983, 983B, Buldozeris, D3, D3B, D3C, D4B, D4C, D4D, D4E, D4H, D5, D5B, D5C, D5E, D5H, D5M, D6C, D6D, D6E, D6F, D6H, D6M, D6R, D7F, D7G, D7H, D7R, D8H, D8K, D8L, D8N, D8R, D8T, D9G, D9H, D9L, D9N, D9R, D10, D10N, D10R, D10T, D11N, D11R OE numeriai: 1908609, 952927, 2S5925, 0952927\",\"breadcrumb\":{\"@id\":\"https:\\\/\\\/eskadalys.lt\\\/product\\\/voztuvas-6\\\/#breadcrumb\"},\"inLanguage\":\"da-DK\",\"potentialAction\":[{\"@type\":\"ReadAction\",\"target\":[\"https:\\\/\\\/eskadalys.lt\\\/product\\\/voztuvas-6\\\/\"]}]},{\"@type\":\"ImageObject\",\"inLanguage\":\"da-DK\",\"@id\":\"https:\\\/\\\/eskadalys.lt\\\/product\\\/voztuvas-6\\\/#primaryimage\",\"url\":\"https:\\\/\\\/eskadalys.lt\\\/wp-content\\\/uploads\\\/2024\\\/02\\\/valve-1-20240121-224135.jpg?v=1714896194\",\"contentUrl\":\"https:\\\/\\\/eskadalys.lt\\\/wp-content\\\/uploads\\\/2024\\\/02\\\/valve-1-20240121-224135.jpg?v=1714896194\",\"width\":1600,\"height\":1243},{\"@type\":\"BreadcrumbList\",\"@id\":\"https:\\\/\\\/eskadalys.lt\\\/product\\\/voztuvas-6\\\/#breadcrumb\",\"itemListElement\":[{\"@type\":\"ListItem\",\"position\":1,\"name\":\"Strona g\u0142\u00f3wna\",\"item\":\"https:\\\/\\\/eskadalys.lt\\\/\"},{\"@type\":\"ListItem\",\"position\":2,\"name\":\"E-parduotuv\u0117\",\"item\":\"https:\\\/\\\/eskadalys.lt\\\/e-parduotuve\\\/\"},{\"@type\":\"ListItem\",\"position\":3,\"name\":\"Vo\u017etuvas &#8211; 2S5925\"}]},{\"@type\":\"WebSite\",\"@id\":\"https:\\\/\\\/eskadalys.lt\\\/#website\",\"url\":\"https:\\\/\\\/eskadalys.lt\\\/\",\"name\":\"Eska dalys\",\"description\":\"Ekskavatori\u0173 \\\/ mini ekskavatori\u0173 \\\/ buldozeri\u0173 dalys\",\"publisher\":{\"@id\":\"https:\\\/\\\/eskadalys.lt\\\/#organization\"},\"potentialAction\":[{\"@type\":\"SearchAction\",\"target\":{\"@type\":\"EntryPoint\",\"urlTemplate\":\"https:\\\/\\\/eskadalys.lt\\\/?s={search_term_string}\"},\"query-input\":{\"@type\":\"PropertyValueSpecification\",\"valueRequired\":true,\"valueName\":\"search_term_string\"}}],\"inLanguage\":\"da-DK\"},{\"@type\":\"Organization\",\"@id\":\"https:\\\/\\\/eskadalys.lt\\\/#organization\",\"name\":\"Eska dalys\",\"url\":\"https:\\\/\\\/eskadalys.lt\\\/\",\"logo\":{\"@type\":\"ImageObject\",\"inLanguage\":\"da-DK\",\"@id\":\"https:\\\/\\\/eskadalys.lt\\\/#\\\/schema\\\/logo\\\/image\\\/\",\"url\":\"https:\\\/\\\/eskadalys.lt\\\/wp-content\\\/uploads\\\/2024\\\/01\\\/LOGO-ESKA-FINAL.svg\",\"contentUrl\":\"https:\\\/\\\/eskadalys.lt\\\/wp-content\\\/uploads\\\/2024\\\/01\\\/LOGO-ESKA-FINAL.svg\",\"width\":259,\"height\":201,\"caption\":\"Eska dalys\"},\"image\":{\"@id\":\"https:\\\/\\\/eskadalys.lt\\\/#\\\/schema\\\/logo\\\/image\\\/\"},\"sameAs\":[\"https:\\\/\\\/www.facebook.com\\\/profile.php?id=61556005720456\"]}]}<\/script>\n<!-- \/ Yoast SEO plugin. -->","yoast_head_json":{"title":"Ventil - 2S5925 | God pris | Hurtig levering | Eska reservedele","description":"Ventil - 2S5925 Dimensioner: Gevind M16 L\u00e6ngde: 65 mm, Passer til: CAT, B\u00e6ltegraver, 307, 311, 312, 315, 317, 318B, 320, 320B, 322, B\u00e6ltel\u00e6sser, 931, 931B, 931C, 933, 933C, 935B, 935C, 939, 939C, 941, 941B, 951B, 951C, 955K, 955L, 963, 973, 977K, 977L, 983, 983B, Bulldozer, D3, D3B, D3C, D4B, D4C, D4D, D4E, D4H, D5, D5B, D5C, D5E, D5H, D5M, D6C, D6D, D6E, D6F, D6H, D6M, D6R, D7F, D7G, D7H, D7R, D8H, D8K, D8L, D8N, D8R, D8T, D9G, D9H, D9L, D9N, D9R, D10, D10N, D10R, D10T, D11N, D11R OE-numre: 1908609, 952927, 2S5925, 0952927","robots":{"index":"index","follow":"follow","max-snippet":"max-snippet:-1","max-image-preview":"max-image-preview:large","max-video-preview":"max-video-preview:-1"},"canonical":"https:\/\/eskadalys.lt\/da\/produkt-da\/ventil-6\/","og_locale":"da_DK","og_type":"article","og_title":"Vo\u017etuvas - 2S5925 | Gera kaina | Greitas pristatymas | Eska dalys","og_description":"Vo\u017etuvas - 2S5925 Matmenys: Sriegis\u00a0M16 Ilgis:\u00a065 mm, Tinka: CAT, Vik\u0161rinis ekskavatorius, 307, 311, 312, 315, 317, 318B, 320, 320B, 322, Vik\u0161rinis krautuvas, 931, 931B, 931C, 933, 933C, 935B, 935C, 939, 939C, 941, 941B, 951B, 951C, 955K, 955L, 963, 973, 977K, 977L, 983, 983B, Buldozeris, D3, D3B, D3C, D4B, D4C, D4D, D4E, D4H, D5, D5B, D5C, D5E, D5H, D5M, D6C, D6D, D6E, D6F, D6H, D6M, D6R, D7F, D7G, D7H, D7R, D8H, D8K, D8L, D8N, D8R, D8T, D9G, D9H, D9L, D9N, D9R, D10, D10N, D10R, D10T, D11N, D11R OE numeriai: 1908609, 952927, 2S5925, 0952927","og_url":"https:\/\/eskadalys.lt\/da\/produkt-da\/ventil-6\/","og_site_name":"Eska dalys","article_publisher":"https:\/\/www.facebook.com\/profile.php?id=61556005720456","article_modified_time":"2026-04-12T05:23:46+00:00","og_image":[{"width":1600,"height":1243,"url":"https:\/\/eskadalys.lt\/wp-content\/uploads\/2024\/02\/valve-1-20240121-224135.jpg?v=1714896194","type":"image\/jpeg"}],"schema":{"@context":"https:\/\/schema.org","@graph":[{"@type":"WebPage","@id":"https:\/\/eskadalys.lt\/product\/voztuvas-6\/","url":"https:\/\/eskadalys.lt\/product\/voztuvas-6\/","name":"Ventil - 2S5925 | God pris | Hurtig levering | Eska reservedele","isPartOf":{"@id":"https:\/\/eskadalys.lt\/#website"},"primaryImageOfPage":{"@id":"https:\/\/eskadalys.lt\/product\/voztuvas-6\/#primaryimage"},"image":{"@id":"https:\/\/eskadalys.lt\/product\/voztuvas-6\/#primaryimage"},"thumbnailUrl":"https:\/\/eskadalys.lt\/wp-content\/uploads\/2024\/02\/valve-1-20240121-224135.jpg?v=1714896194","datePublished":"2024-02-11T09:51:03+00:00","dateModified":"2026-04-12T05:23:46+00:00","description":"Ventil - 2S5925 Dimensioner: Gevind M16 L\u00e6ngde: 65 mm, Passer til: CAT, B\u00e6ltegraver, 307, 311, 312, 315, 317, 318B, 320, 320B, 322, B\u00e6ltel\u00e6sser, 931, 931B, 931C, 933, 933C, 935B, 935C, 939, 939C, 941, 941B, 951B, 951C, 955K, 955L, 963, 973, 977K, 977L, 983, 983B, Bulldozer, D3, D3B, D3C, D4B, D4C, D4D, D4E, D4H, D5, D5B, D5C, D5E, D5H, D5M, D6C, D6D, D6E, D6F, D6H, D6M, D6R, D7F, D7G, D7H, D7R, D8H, D8K, D8L, D8N, D8R, D8T, D9G, D9H, D9L, D9N, D9R, D10, D10N, D10R, D10T, D11N, D11R OE-numre: 1908609, 952927, 2S5925, 0952927","breadcrumb":{"@id":"https:\/\/eskadalys.lt\/product\/voztuvas-6\/#breadcrumb"},"inLanguage":"da-DK","potentialAction":[{"@type":"ReadAction","target":["https:\/\/eskadalys.lt\/product\/voztuvas-6\/"]}]},{"@type":"ImageObject","inLanguage":"da-DK","@id":"https:\/\/eskadalys.lt\/product\/voztuvas-6\/#primaryimage","url":"https:\/\/eskadalys.lt\/wp-content\/uploads\/2024\/02\/valve-1-20240121-224135.jpg?v=1714896194","contentUrl":"https:\/\/eskadalys.lt\/wp-content\/uploads\/2024\/02\/valve-1-20240121-224135.jpg?v=1714896194","width":1600,"height":1243},{"@type":"BreadcrumbList","@id":"https:\/\/eskadalys.lt\/product\/voztuvas-6\/#breadcrumb","itemListElement":[{"@type":"ListItem","position":1,"name":"Strona g\u0142\u00f3wna","item":"https:\/\/eskadalys.lt\/"},{"@type":"ListItem","position":2,"name":"E-parduotuv\u0117","item":"https:\/\/eskadalys.lt\/e-parduotuve\/"},{"@type":"ListItem","position":3,"name":"Vo\u017etuvas &#8211; 2S5925"}]},{"@type":"WebSite","@id":"https:\/\/eskadalys.lt\/#website","url":"https:\/\/eskadalys.lt\/","name":"Eska parts","description":"Reservedele til gravemaskine\/minigraver\/bulldozer","publisher":{"@id":"https:\/\/eskadalys.lt\/#organization"},"potentialAction":[{"@type":"SearchAction","target":{"@type":"EntryPoint","urlTemplate":"https:\/\/eskadalys.lt\/?s={search_term_string}"},"query-input":{"@type":"PropertyValueSpecification","valueRequired":true,"valueName":"search_term_string"}}],"inLanguage":"da-DK"},{"@type":"Organization","@id":"https:\/\/eskadalys.lt\/#organization","name":"Eska parts","url":"https:\/\/eskadalys.lt\/","logo":{"@type":"ImageObject","inLanguage":"da-DK","@id":"https:\/\/eskadalys.lt\/#\/schema\/logo\/image\/","url":"https:\/\/eskadalys.lt\/wp-content\/uploads\/2024\/01\/LOGO-ESKA-FINAL.svg","contentUrl":"https:\/\/eskadalys.lt\/wp-content\/uploads\/2024\/01\/LOGO-ESKA-FINAL.svg","width":259,"height":201,"caption":"Eska dalys"},"image":{"@id":"https:\/\/eskadalys.lt\/#\/schema\/logo\/image\/"},"sameAs":["https:\/\/www.facebook.com\/profile.php?id=61556005720456"]}]}},"_links":{"self":[{"href":"https:\/\/eskadalys.lt\/da\/wp-json\/wp\/v2\/product\/9543","targetHints":{"allow":["GET"]}}],"collection":[{"href":"https:\/\/eskadalys.lt\/da\/wp-json\/wp\/v2\/product"}],"about":[{"href":"https:\/\/eskadalys.lt\/da\/wp-json\/wp\/v2\/types\/product"}],"wp:featuredmedia":[{"embeddable":true,"href":"https:\/\/eskadalys.lt\/da\/wp-json\/wp\/v2\/media\/112441"}],"wp:attachment":[{"href":"https:\/\/eskadalys.lt\/da\/wp-json\/wp\/v2\/media?parent=9543"}],"wp:term":[{"taxonomy":"product_brand","embeddable":true,"href":"https:\/\/eskadalys.lt\/da\/wp-json\/wp\/v2\/product_brand?post=9543"},{"taxonomy":"product_cat","embeddable":true,"href":"https:\/\/eskadalys.lt\/da\/wp-json\/wp\/v2\/product_cat?post=9543"},{"taxonomy":"product_tag","embeddable":true,"href":"https:\/\/eskadalys.lt\/da\/wp-json\/wp\/v2\/product_tag?post=9543"}],"curies":[{"name":"wp","href":"https:\/\/api.w.org\/{rel}","templated":true}]}}