{"id":9323,"date":"2024-02-11T11:16:45","date_gmt":"2024-02-11T09:16:45","guid":{"rendered":"https:\/\/eskadalys.lt\/?post_type=product&#038;p=9323"},"modified":"2026-04-12T08:23:32","modified_gmt":"2026-04-12T05:23:32","slug":"skovltand-cva-260-kg","status":"publish","type":"product","link":"https:\/\/eskadalys.lt\/da\/product\/kauso-dantis-cva-260kg\/","title":{"rendered":"Skovltand CVA 2,60 kg! \u2013 1U3252"},"content":{"rendered":"<p><strong>Skovltand CVA 2,60 kg! \u2013 1U3252<\/strong><br \/>\nPasser til: CAT, Larveb\u00e5ndsgravemaskine, 311, 311B, 311C, 311D, 312, 312B, 312C, 316E, 320, 323D, 329D, 330B, 330C, 330D, Hjull\u00e6sser, 924K, 928F, 950<br \/>\nOE-numre: 8J4252, 4492156<br \/>\n1U-3252<\/p>\n<p>Hvis du er usikker eller ikke kan bekr\u00e6fte, om en del passer til dit k\u00f8ret\u00f8j, bedes du kontakte os inden k\u00f8b. <strong>send os k\u00f8ret\u00f8jets serienummer (VIN)<\/strong> og vi vil bruge katalogerne til at kontrollere, om den valgte del passer til dit k\u00f8ret\u00f8j\/<strong>Vi tilbyder den rigtige del<\/strong>. Hvis du ikke kan finde den del, du leder efter, s\u00e5 skriv til os, s\u00e5 tilbyder vi dig den del, du har brug for.<\/p>\n<p><strong>Lager i Litauen<\/strong> \u2013 Alle varer p\u00e5 lager, der bestilles f\u00f8r kl. 14.00, sendes samme dag.<br \/>\n<strong>Hurtig levering<\/strong>\u2013 Forudbestilte varer, som vi ikke har p\u00e5 lager i \u00f8jeblikket, leveres inden for 3-4 hverdage.<br \/>\n<strong>Bredt udvalg<\/strong>\u2013 Vi udvider l\u00f8bende udvalget af produkter p\u00e5 vores lager.<\/p>","protected":false},"excerpt":{"rendered":"<p>1U3252 CVA<\/p>","protected":false},"featured_media":111923,"template":"","meta":{"site-sidebar-layout":"default","site-content-layout":"","ast-site-content-layout":"default","site-content-style":"default","site-sidebar-style":"default","ast-global-header-display":"","ast-banner-title-visibility":"","ast-main-header-display":"","ast-hfb-above-header-display":"","ast-hfb-below-header-display":"","ast-hfb-mobile-header-display":"","site-post-title":"","ast-breadcrumbs-content":"","ast-featured-img":"","footer-sml-layout":"","ast-disable-related-posts":"","theme-transparent-header-meta":"","adv-header-id-meta":"","stick-header-meta":"","header-above-stick-meta":"","header-main-stick-meta":"","header-below-stick-meta":"","astra-migrate-meta-layouts":"default","ast-page-background-enabled":"default","ast-page-background-meta":{"desktop":{"background-color":"","background-image":"","background-repeat":"repeat","background-position":"center center","background-size":"auto","background-attachment":"scroll","background-type":"","background-media":"","overlay-type":"","overlay-color":"","overlay-opacity":"","overlay-gradient":""},"tablet":{"background-color":"","background-image":"","background-repeat":"repeat","background-position":"center center","background-size":"auto","background-attachment":"scroll","background-type":"","background-media":"","overlay-type":"","overlay-color":"","overlay-opacity":"","overlay-gradient":""},"mobile":{"background-color":"","background-image":"","background-repeat":"repeat","background-position":"center center","background-size":"auto","background-attachment":"scroll","background-type":"","background-media":"","overlay-type":"","overlay-color":"","overlay-opacity":"","overlay-gradient":""}},"ast-content-background-meta":{"desktop":{"background-color":"var(--ast-global-color-5)","background-image":"","background-repeat":"repeat","background-position":"center center","background-size":"auto","background-attachment":"scroll","background-type":"","background-media":"","overlay-type":"","overlay-color":"","overlay-opacity":"","overlay-gradient":""},"tablet":{"background-color":"var(--ast-global-color-5)","background-image":"","background-repeat":"repeat","background-position":"center center","background-size":"auto","background-attachment":"scroll","background-type":"","background-media":"","overlay-type":"","overlay-color":"","overlay-opacity":"","overlay-gradient":""},"mobile":{"background-color":"var(--ast-global-color-5)","background-image":"","background-repeat":"repeat","background-position":"center center","background-size":"auto","background-attachment":"scroll","background-type":"","background-media":"","overlay-type":"","overlay-color":"","overlay-opacity":"","overlay-gradient":""}}},"product_brand":[],"product_cat":[19485],"product_tag":[49896,49897,49898,49899,49604,49787,49788,49900,49901,49590,49902,49903,49904,49905,49909,49908,49517,49906,49907,43030,48776,49446],"class_list":{"0":"post-9323","1":"product","2":"type-product","3":"status-publish","4":"has-post-thumbnail","6":"product_cat-kita","7":"product_tag-49896","8":"product_tag-311b","9":"product_tag-311c","10":"product_tag-311d","11":"product_tag-49604","12":"product_tag-312b","13":"product_tag-312c","14":"product_tag-316e","15":"product_tag-49901","16":"product_tag-323d","17":"product_tag-329d","18":"product_tag-330b","19":"product_tag-330c","20":"product_tag-330d","21":"product_tag-49909","22":"product_tag-8j4252","23":"product_tag-924k","24":"product_tag-928f","25":"product_tag-49907","26":"product_tag-cat","27":"product_tag-frontalinis-krautuvas","28":"product_tag-viksrinis-ekskavatorius","29":"desktop-align-left","30":"tablet-align-left","31":"mobile-align-left","33":"first","34":"outofstock","35":"taxable","36":"shipping-taxable","37":"purchasable","38":"product-type-simple"},"yoast_head":"<!-- This site is optimized with the Yoast SEO plugin v27.4 - https:\/\/yoast.com\/product\/yoast-seo-wordpress\/ -->\n<title>Kau\u0161o dantis CVA 2,60kg! - 1U3252 | Gera kaina | Greitas pristatymas | Eska dalys<\/title>\n<meta name=\"description\" content=\"Kau\u0161o dantis 2, 60kg! - 1U3252 Tinka: CAT, Vik\u0161rinis ekskavatorius, 311, 311B, 311C, 311D, 312, 312B, 312C, 316E, 320, 323D, 329D, 330B, 330C, 330D, Frontalinis krautuvas, 924K, 928F, 950 OE numeriai: 8J4252, 4492156\" \/>\n<meta name=\"robots\" content=\"index, follow, max-snippet:-1, max-image-preview:large, max-video-preview:-1\" \/>\n<link rel=\"canonical\" href=\"https:\/\/eskadalys.lt\/da\/produkt-da\/skovltand-cva-260-kg\/\" \/>\n<meta property=\"og:locale\" content=\"da_DK\" \/>\n<meta property=\"og:type\" content=\"article\" \/>\n<meta property=\"og:title\" content=\"Kau\u0161o dantis CVA 2,60kg! - 1U3252 | Gera kaina | Greitas pristatymas | Eska dalys\" \/>\n<meta property=\"og:description\" content=\"Kau\u0161o dantis 2, 60kg! - 1U3252 Tinka: CAT, Vik\u0161rinis ekskavatorius, 311, 311B, 311C, 311D, 312, 312B, 312C, 316E, 320, 323D, 329D, 330B, 330C, 330D, Frontalinis krautuvas, 924K, 928F, 950 OE numeriai: 8J4252, 4492156\" \/>\n<meta property=\"og:url\" content=\"https:\/\/eskadalys.lt\/da\/produkt-da\/skovltand-cva-260-kg\/\" \/>\n<meta property=\"og:site_name\" content=\"Eska dalys\" \/>\n<meta property=\"article:publisher\" content=\"https:\/\/www.facebook.com\/profile.php?id=61556005720456\" \/>\n<meta property=\"article:modified_time\" content=\"2026-04-12T05:23:32+00:00\" \/>\n<meta property=\"og:image\" content=\"https:\/\/eskadalys.lt\/wp-content\/uploads\/2024\/02\/tooth-20240121-222014-scaled-1.jpg?v=1714897545\" \/>\n\t<meta property=\"og:image:width\" content=\"1600\" \/>\n\t<meta property=\"og:image:height\" content=\"1884\" \/>\n\t<meta property=\"og:image:type\" content=\"image\/jpeg\" \/>\n<script type=\"application\/ld+json\" class=\"yoast-schema-graph\">{\"@context\":\"https:\\\/\\\/schema.org\",\"@graph\":[{\"@type\":\"WebPage\",\"@id\":\"https:\\\/\\\/eskadalys.lt\\\/product\\\/kauso-dantis-cva-260kg\\\/\",\"url\":\"https:\\\/\\\/eskadalys.lt\\\/product\\\/kauso-dantis-cva-260kg\\\/\",\"name\":\"Kau\u0161o dantis CVA 2,60kg! - 1U3252 | Gera kaina | Greitas pristatymas | Eska dalys\",\"isPartOf\":{\"@id\":\"https:\\\/\\\/eskadalys.lt\\\/#website\"},\"primaryImageOfPage\":{\"@id\":\"https:\\\/\\\/eskadalys.lt\\\/product\\\/kauso-dantis-cva-260kg\\\/#primaryimage\"},\"image\":{\"@id\":\"https:\\\/\\\/eskadalys.lt\\\/product\\\/kauso-dantis-cva-260kg\\\/#primaryimage\"},\"thumbnailUrl\":\"https:\\\/\\\/eskadalys.lt\\\/wp-content\\\/uploads\\\/2024\\\/02\\\/tooth-20240121-222014-scaled-1.jpg?v=1714897545\",\"datePublished\":\"2024-02-11T09:16:45+00:00\",\"dateModified\":\"2026-04-12T05:23:32+00:00\",\"description\":\"Kau\u0161o dantis 2, 60kg! - 1U3252 Tinka: CAT, Vik\u0161rinis ekskavatorius, 311, 311B, 311C, 311D, 312, 312B, 312C, 316E, 320, 323D, 329D, 330B, 330C, 330D, Frontalinis krautuvas, 924K, 928F, 950 OE numeriai: 8J4252, 4492156\",\"breadcrumb\":{\"@id\":\"https:\\\/\\\/eskadalys.lt\\\/product\\\/kauso-dantis-cva-260kg\\\/#breadcrumb\"},\"inLanguage\":\"da-DK\",\"potentialAction\":[{\"@type\":\"ReadAction\",\"target\":[\"https:\\\/\\\/eskadalys.lt\\\/product\\\/kauso-dantis-cva-260kg\\\/\"]}]},{\"@type\":\"ImageObject\",\"inLanguage\":\"da-DK\",\"@id\":\"https:\\\/\\\/eskadalys.lt\\\/product\\\/kauso-dantis-cva-260kg\\\/#primaryimage\",\"url\":\"https:\\\/\\\/eskadalys.lt\\\/wp-content\\\/uploads\\\/2024\\\/02\\\/tooth-20240121-222014-scaled-1.jpg?v=1714897545\",\"contentUrl\":\"https:\\\/\\\/eskadalys.lt\\\/wp-content\\\/uploads\\\/2024\\\/02\\\/tooth-20240121-222014-scaled-1.jpg?v=1714897545\",\"width\":1600,\"height\":1884},{\"@type\":\"BreadcrumbList\",\"@id\":\"https:\\\/\\\/eskadalys.lt\\\/product\\\/kauso-dantis-cva-260kg\\\/#breadcrumb\",\"itemListElement\":[{\"@type\":\"ListItem\",\"position\":1,\"name\":\"Strona g\u0142\u00f3wna\",\"item\":\"https:\\\/\\\/eskadalys.lt\\\/\"},{\"@type\":\"ListItem\",\"position\":2,\"name\":\"E-parduotuv\u0117\",\"item\":\"https:\\\/\\\/eskadalys.lt\\\/e-parduotuve\\\/\"},{\"@type\":\"ListItem\",\"position\":3,\"name\":\"Kau\u0161o dantis CVA 2,60kg! &#8211; 1U3252\"}]},{\"@type\":\"WebSite\",\"@id\":\"https:\\\/\\\/eskadalys.lt\\\/#website\",\"url\":\"https:\\\/\\\/eskadalys.lt\\\/\",\"name\":\"Eska dalys\",\"description\":\"Ekskavatori\u0173 \\\/ mini ekskavatori\u0173 \\\/ buldozeri\u0173 dalys\",\"publisher\":{\"@id\":\"https:\\\/\\\/eskadalys.lt\\\/#organization\"},\"potentialAction\":[{\"@type\":\"SearchAction\",\"target\":{\"@type\":\"EntryPoint\",\"urlTemplate\":\"https:\\\/\\\/eskadalys.lt\\\/?s={search_term_string}\"},\"query-input\":{\"@type\":\"PropertyValueSpecification\",\"valueRequired\":true,\"valueName\":\"search_term_string\"}}],\"inLanguage\":\"da-DK\"},{\"@type\":\"Organization\",\"@id\":\"https:\\\/\\\/eskadalys.lt\\\/#organization\",\"name\":\"Eska dalys\",\"url\":\"https:\\\/\\\/eskadalys.lt\\\/\",\"logo\":{\"@type\":\"ImageObject\",\"inLanguage\":\"da-DK\",\"@id\":\"https:\\\/\\\/eskadalys.lt\\\/#\\\/schema\\\/logo\\\/image\\\/\",\"url\":\"https:\\\/\\\/eskadalys.lt\\\/wp-content\\\/uploads\\\/2024\\\/01\\\/LOGO-ESKA-FINAL.svg\",\"contentUrl\":\"https:\\\/\\\/eskadalys.lt\\\/wp-content\\\/uploads\\\/2024\\\/01\\\/LOGO-ESKA-FINAL.svg\",\"width\":259,\"height\":201,\"caption\":\"Eska dalys\"},\"image\":{\"@id\":\"https:\\\/\\\/eskadalys.lt\\\/#\\\/schema\\\/logo\\\/image\\\/\"},\"sameAs\":[\"https:\\\/\\\/www.facebook.com\\\/profile.php?id=61556005720456\"]}]}<\/script>\n<!-- \/ Yoast SEO plugin. -->","yoast_head_json":{"title":"Spandtand CVA 2,60 kg! - 1U3252 | God pris | Hurtig levering | Eska reservedele","description":"Skovltand 2, 60 kg! - 1U3252 Passer til: CAT, B\u00e6ltegraver, 311, 311B, 311C, 311D, 312, 312B, 312C, 316E, 320, 323D, 329D, 330B, 330C, 330D, Hjull\u00e6sser, 924K, 928F, 950 OE-numre: 8J4252, 4492156","robots":{"index":"index","follow":"follow","max-snippet":"max-snippet:-1","max-image-preview":"max-image-preview:large","max-video-preview":"max-video-preview:-1"},"canonical":"https:\/\/eskadalys.lt\/da\/produkt-da\/skovltand-cva-260-kg\/","og_locale":"da_DK","og_type":"article","og_title":"Kau\u0161o dantis CVA 2,60kg! - 1U3252 | Gera kaina | Greitas pristatymas | Eska dalys","og_description":"Kau\u0161o dantis 2, 60kg! - 1U3252 Tinka: CAT, Vik\u0161rinis ekskavatorius, 311, 311B, 311C, 311D, 312, 312B, 312C, 316E, 320, 323D, 329D, 330B, 330C, 330D, Frontalinis krautuvas, 924K, 928F, 950 OE numeriai: 8J4252, 4492156","og_url":"https:\/\/eskadalys.lt\/da\/produkt-da\/skovltand-cva-260-kg\/","og_site_name":"Eska dalys","article_publisher":"https:\/\/www.facebook.com\/profile.php?id=61556005720456","article_modified_time":"2026-04-12T05:23:32+00:00","og_image":[{"width":1600,"height":1884,"url":"https:\/\/eskadalys.lt\/wp-content\/uploads\/2024\/02\/tooth-20240121-222014-scaled-1.jpg?v=1714897545","type":"image\/jpeg"}],"schema":{"@context":"https:\/\/schema.org","@graph":[{"@type":"WebPage","@id":"https:\/\/eskadalys.lt\/product\/kauso-dantis-cva-260kg\/","url":"https:\/\/eskadalys.lt\/product\/kauso-dantis-cva-260kg\/","name":"Spandtand CVA 2,60 kg! - 1U3252 | God pris | Hurtig levering | Eska reservedele","isPartOf":{"@id":"https:\/\/eskadalys.lt\/#website"},"primaryImageOfPage":{"@id":"https:\/\/eskadalys.lt\/product\/kauso-dantis-cva-260kg\/#primaryimage"},"image":{"@id":"https:\/\/eskadalys.lt\/product\/kauso-dantis-cva-260kg\/#primaryimage"},"thumbnailUrl":"https:\/\/eskadalys.lt\/wp-content\/uploads\/2024\/02\/tooth-20240121-222014-scaled-1.jpg?v=1714897545","datePublished":"2024-02-11T09:16:45+00:00","dateModified":"2026-04-12T05:23:32+00:00","description":"Skovltand 2, 60 kg! - 1U3252 Passer til: CAT, B\u00e6ltegraver, 311, 311B, 311C, 311D, 312, 312B, 312C, 316E, 320, 323D, 329D, 330B, 330C, 330D, Hjull\u00e6sser, 924K, 928F, 950 OE-numre: 8J4252, 4492156","breadcrumb":{"@id":"https:\/\/eskadalys.lt\/product\/kauso-dantis-cva-260kg\/#breadcrumb"},"inLanguage":"da-DK","potentialAction":[{"@type":"ReadAction","target":["https:\/\/eskadalys.lt\/product\/kauso-dantis-cva-260kg\/"]}]},{"@type":"ImageObject","inLanguage":"da-DK","@id":"https:\/\/eskadalys.lt\/product\/kauso-dantis-cva-260kg\/#primaryimage","url":"https:\/\/eskadalys.lt\/wp-content\/uploads\/2024\/02\/tooth-20240121-222014-scaled-1.jpg?v=1714897545","contentUrl":"https:\/\/eskadalys.lt\/wp-content\/uploads\/2024\/02\/tooth-20240121-222014-scaled-1.jpg?v=1714897545","width":1600,"height":1884},{"@type":"BreadcrumbList","@id":"https:\/\/eskadalys.lt\/product\/kauso-dantis-cva-260kg\/#breadcrumb","itemListElement":[{"@type":"ListItem","position":1,"name":"Strona g\u0142\u00f3wna","item":"https:\/\/eskadalys.lt\/"},{"@type":"ListItem","position":2,"name":"E-parduotuv\u0117","item":"https:\/\/eskadalys.lt\/e-parduotuve\/"},{"@type":"ListItem","position":3,"name":"Kau\u0161o dantis CVA 2,60kg! &#8211; 1U3252"}]},{"@type":"WebSite","@id":"https:\/\/eskadalys.lt\/#website","url":"https:\/\/eskadalys.lt\/","name":"Eska parts","description":"Reservedele til gravemaskine\/minigraver\/bulldozer","publisher":{"@id":"https:\/\/eskadalys.lt\/#organization"},"potentialAction":[{"@type":"SearchAction","target":{"@type":"EntryPoint","urlTemplate":"https:\/\/eskadalys.lt\/?s={search_term_string}"},"query-input":{"@type":"PropertyValueSpecification","valueRequired":true,"valueName":"search_term_string"}}],"inLanguage":"da-DK"},{"@type":"Organization","@id":"https:\/\/eskadalys.lt\/#organization","name":"Eska parts","url":"https:\/\/eskadalys.lt\/","logo":{"@type":"ImageObject","inLanguage":"da-DK","@id":"https:\/\/eskadalys.lt\/#\/schema\/logo\/image\/","url":"https:\/\/eskadalys.lt\/wp-content\/uploads\/2024\/01\/LOGO-ESKA-FINAL.svg","contentUrl":"https:\/\/eskadalys.lt\/wp-content\/uploads\/2024\/01\/LOGO-ESKA-FINAL.svg","width":259,"height":201,"caption":"Eska dalys"},"image":{"@id":"https:\/\/eskadalys.lt\/#\/schema\/logo\/image\/"},"sameAs":["https:\/\/www.facebook.com\/profile.php?id=61556005720456"]}]}},"_links":{"self":[{"href":"https:\/\/eskadalys.lt\/da\/wp-json\/wp\/v2\/product\/9323","targetHints":{"allow":["GET"]}}],"collection":[{"href":"https:\/\/eskadalys.lt\/da\/wp-json\/wp\/v2\/product"}],"about":[{"href":"https:\/\/eskadalys.lt\/da\/wp-json\/wp\/v2\/types\/product"}],"wp:featuredmedia":[{"embeddable":true,"href":"https:\/\/eskadalys.lt\/da\/wp-json\/wp\/v2\/media\/111923"}],"wp:attachment":[{"href":"https:\/\/eskadalys.lt\/da\/wp-json\/wp\/v2\/media?parent=9323"}],"wp:term":[{"taxonomy":"product_brand","embeddable":true,"href":"https:\/\/eskadalys.lt\/da\/wp-json\/wp\/v2\/product_brand?post=9323"},{"taxonomy":"product_cat","embeddable":true,"href":"https:\/\/eskadalys.lt\/da\/wp-json\/wp\/v2\/product_cat?post=9323"},{"taxonomy":"product_tag","embeddable":true,"href":"https:\/\/eskadalys.lt\/da\/wp-json\/wp\/v2\/product_tag?post=9323"}],"curies":[{"name":"wp","href":"https:\/\/api.w.org\/{rel}","templated":true}]}}