{"id":9046,"date":"2024-02-11T10:55:47","date_gmt":"2024-02-11T08:55:47","guid":{"rendered":"https:\/\/eskadalys.lt\/?post_type=product&#038;p=9046"},"modified":"2026-05-10T06:54:31","modified_gmt":"2026-05-10T03:54:31","slug":"omdrejningstaeller-4","status":"publish","type":"product","link":"https:\/\/eskadalys.lt\/da\/product\/tachometras-4\/","title":{"rendered":"Omdrejningst\u00e6ller \u2013 9W1494"},"content":{"rendered":"<p><strong>Omdrejningst\u00e6ller \u2013 9W1494<\/strong><br \/>\nDimensioner;<br \/>\nH\u00f8jde: 75 mm,<br \/>\nBredde: 60 mm,<br \/>\n<strong>Velegnet til:<\/strong> CAT, Dumptruck, D250E, D300E, D350E, D400E, Rendegraver, 416B, 428B, 446B, Motor, C-12, 3408B, 3412, 3512, 3516, B\u00e6ltegraver, M316C, M318C, M322C, 307, 318B, 320B, 320C, 322C, 325C, 330C, 345B, 365B, Minigraver, 303, 304, 305, 305.5, 306, 307B, 307C, 308C, B\u00e6ltegraver, 933, 933C, 939, 939C, 963B, 973, 924F, 936F, 950F, 966F, 970F, 980F, 988F, 990, 992D, 994D, Gravemaskine p\u00e5 hjul<br \/>\nOE-numre: 6T7337, 2U4705, 8C0773, 9W1494<br \/>\n9W-1494<\/p>\n<h3>\ud83d\udd0d Leder efter et andet produkt fra kategorien <a href=\"https:\/\/eskadalys.lt\/da\/produktkategori-da\/elektriske-komponenter\/meterindikatorer\/\">M\u00e5lere, indikatorer<\/a> ?<\/h3>\n<h3>\ud83d\udee0\ufe0f CAT-dele \u2013 du kan finde flere af dem <a href=\"https:\/\/eskadalys.lt\/da\/produktkategori-da\/elektriske-komponenter\/\">Elektriske komponenter<\/a> i kategorien.<\/h3>\n<p>Hvis du er usikker p\u00e5, om denne del passer til din maskine, <strong>Send os venligst k\u00f8ret\u00f8jets serienummer (VIN) inden k\u00f8b.<\/strong>. Vi vil kontrollere kompatibiliteten ved hj\u00e6lp af katalogerne og <strong>Vi tilbyder den rigtige del<\/strong>. Hvis du ikke kan finde den del, du har brug for, s\u00e5 skriv til os - vi hj\u00e6lper dig med at finde den!<\/p>\n<p><strong>\ud83d\udce6 Lager i Litauen<\/strong> \u2013 ordrer afgivet f\u00f8r kl. 14.00 afsendes samme dag.<\/p>\n<p><strong>\ud83d\ude80 Hurtig levering<\/strong> \u2013 bestilte varer, som vi ikke har p\u00e5 lager i \u00f8jeblikket, leveres inden for 3-4 hverdage.<\/p>\n<p><strong>\ud83d\udcc8 Bredt udvalg<\/strong> \u2013 vi udvider l\u00f8bende vores produktudvalg.<\/p>","protected":false},"excerpt":{"rendered":"<p>9W1494<\/p>","protected":false},"featured_media":111203,"template":"","meta":{"site-sidebar-layout":"default","site-content-layout":"","ast-site-content-layout":"default","site-content-style":"default","site-sidebar-style":"default","ast-global-header-display":"","ast-banner-title-visibility":"","ast-main-header-display":"","ast-hfb-above-header-display":"","ast-hfb-below-header-display":"","ast-hfb-mobile-header-display":"","site-post-title":"","ast-breadcrumbs-content":"","ast-featured-img":"","footer-sml-layout":"","ast-disable-related-posts":"","theme-transparent-header-meta":"","adv-header-id-meta":"","stick-header-meta":"","header-above-stick-meta":"","header-main-stick-meta":"","header-below-stick-meta":"","astra-migrate-meta-layouts":"default","ast-page-background-enabled":"default","ast-page-background-meta":{"desktop":{"background-color":"","background-image":"","background-repeat":"repeat","background-position":"center center","background-size":"auto","background-attachment":"scroll","background-type":"","background-media":"","overlay-type":"","overlay-color":"","overlay-opacity":"","overlay-gradient":""},"tablet":{"background-color":"","background-image":"","background-repeat":"repeat","background-position":"center center","background-size":"auto","background-attachment":"scroll","background-type":"","background-media":"","overlay-type":"","overlay-color":"","overlay-opacity":"","overlay-gradient":""},"mobile":{"background-color":"","background-image":"","background-repeat":"repeat","background-position":"center center","background-size":"auto","background-attachment":"scroll","background-type":"","background-media":"","overlay-type":"","overlay-color":"","overlay-opacity":"","overlay-gradient":""}},"ast-content-background-meta":{"desktop":{"background-color":"var(--ast-global-color-5)","background-image":"","background-repeat":"repeat","background-position":"center center","background-size":"auto","background-attachment":"scroll","background-type":"","background-media":"","overlay-type":"","overlay-color":"","overlay-opacity":"","overlay-gradient":""},"tablet":{"background-color":"var(--ast-global-color-5)","background-image":"","background-repeat":"repeat","background-position":"center center","background-size":"auto","background-attachment":"scroll","background-type":"","background-media":"","overlay-type":"","overlay-color":"","overlay-opacity":"","overlay-gradient":""},"mobile":{"background-color":"var(--ast-global-color-5)","background-image":"","background-repeat":"repeat","background-position":"center center","background-size":"auto","background-attachment":"scroll","background-type":"","background-media":"","overlay-type":"","overlay-color":"","overlay-opacity":"","overlay-gradient":""}}},"product_brand":[],"product_cat":[738],"product_tag":[],"class_list":{"0":"post-9046","1":"product","2":"type-product","3":"status-publish","4":"has-post-thumbnail","6":"product_cat-matuokliai-rodikliai","7":"desktop-align-left","8":"tablet-align-left","9":"mobile-align-left","11":"first","12":"outofstock","13":"taxable","14":"shipping-taxable","15":"purchasable","16":"product-type-simple"},"yoast_head":"<!-- This site is optimized with the Yoast SEO plugin v27.6 - https:\/\/yoast.com\/product\/yoast-seo-wordpress\/ -->\n<title>Tachometras - 9W1494 | Gera kaina | Greitas pristatymas | Eska dalys<\/title>\n<meta name=\"description\" content=\"Tachometras - 9W1494 Matmenys; Auk\u0161tis: 75 mm, Plotis:\u00a060 mm, Tinka: CAT, Savivartis, D250E, D300E, D350E, D400E, Ekskavatorius krautuvas, 416B, 428B, 446B, Variklis, C-12, 3408B, 3412, 3512, 3516, Vik\u0161rinis ekskavatorius, M316C, M318C, M322C, 307, 318B, 320B, 320C, 322C, 325C, 330C, 345B, 365B, Mini ekskavatorius, 303, 304, 305, 305.5, 306, 307B, 307C, 308C, Vik\u0161rinis krautuvas, 933, 933C, 939, 939C, 963B, 973, 924F, 936F, 950F, 966F, 970F, 980F, 988F, 990, 992D, 994D, Ratinis ekskavatorius OE numeriai: 6T7337, 2U4705, 8C0773, 9W1494\" \/>\n<meta name=\"robots\" content=\"index, follow, max-snippet:-1, max-image-preview:large, max-video-preview:-1\" \/>\n<link rel=\"canonical\" href=\"https:\/\/eskadalys.lt\/da\/produkt-da\/omdrejningstaeller-4\/\" \/>\n<meta property=\"og:locale\" content=\"da_DK\" \/>\n<meta property=\"og:type\" content=\"article\" \/>\n<meta property=\"og:title\" content=\"Tachometras - 9W1494 | Gera kaina | Greitas pristatymas | Eska dalys\" \/>\n<meta property=\"og:description\" content=\"Tachometras - 9W1494 Matmenys; Auk\u0161tis: 75 mm, Plotis:\u00a060 mm, Tinka: CAT, Savivartis, D250E, D300E, D350E, D400E, Ekskavatorius krautuvas, 416B, 428B, 446B, Variklis, C-12, 3408B, 3412, 3512, 3516, Vik\u0161rinis ekskavatorius, M316C, M318C, M322C, 307, 318B, 320B, 320C, 322C, 325C, 330C, 345B, 365B, Mini ekskavatorius, 303, 304, 305, 305.5, 306, 307B, 307C, 308C, Vik\u0161rinis krautuvas, 933, 933C, 939, 939C, 963B, 973, 924F, 936F, 950F, 966F, 970F, 980F, 988F, 990, 992D, 994D, Ratinis ekskavatorius OE numeriai: 6T7337, 2U4705, 8C0773, 9W1494\" \/>\n<meta property=\"og:url\" content=\"https:\/\/eskadalys.lt\/da\/produkt-da\/omdrejningstaeller-4\/\" \/>\n<meta property=\"og:site_name\" content=\"Eska dalys\" \/>\n<meta property=\"article:publisher\" content=\"https:\/\/www.facebook.com\/profile.php?id=61556005720456\" \/>\n<meta property=\"article:modified_time\" content=\"2026-05-10T03:54:31+00:00\" \/>\n<meta property=\"og:image\" content=\"https:\/\/eskadalys.lt\/wp-content\/uploads\/2024\/02\/licznik-motogodzin-elektromechaniczny-1-20240121-215359.png?v=1714899948\" \/>\n\t<meta property=\"og:image:width\" content=\"526\" \/>\n\t<meta property=\"og:image:height\" content=\"513\" \/>\n\t<meta property=\"og:image:type\" content=\"image\/png\" \/>\n<script type=\"application\/ld+json\" class=\"yoast-schema-graph\">{\"@context\":\"https:\\\/\\\/schema.org\",\"@graph\":[{\"@type\":\"WebPage\",\"@id\":\"https:\\\/\\\/eskadalys.lt\\\/product\\\/tachometras-4\\\/\",\"url\":\"https:\\\/\\\/eskadalys.lt\\\/product\\\/tachometras-4\\\/\",\"name\":\"Tachometras - 9W1494 | Gera kaina | Greitas pristatymas | Eska dalys\",\"isPartOf\":{\"@id\":\"https:\\\/\\\/eskadalys.lt\\\/#website\"},\"primaryImageOfPage\":{\"@id\":\"https:\\\/\\\/eskadalys.lt\\\/product\\\/tachometras-4\\\/#primaryimage\"},\"image\":{\"@id\":\"https:\\\/\\\/eskadalys.lt\\\/product\\\/tachometras-4\\\/#primaryimage\"},\"thumbnailUrl\":\"https:\\\/\\\/eskadalys.lt\\\/wp-content\\\/uploads\\\/2024\\\/02\\\/licznik-motogodzin-elektromechaniczny-1-20240121-215359.png?v=1714899948\",\"datePublished\":\"2024-02-11T08:55:47+00:00\",\"dateModified\":\"2026-05-10T03:54:31+00:00\",\"description\":\"Tachometras - 9W1494 Matmenys; Auk\u0161tis: 75 mm, Plotis:\u00a060 mm, Tinka: CAT, Savivartis, D250E, D300E, D350E, D400E, Ekskavatorius krautuvas, 416B, 428B, 446B, Variklis, C-12, 3408B, 3412, 3512, 3516, Vik\u0161rinis ekskavatorius, M316C, M318C, M322C, 307, 318B, 320B, 320C, 322C, 325C, 330C, 345B, 365B, Mini ekskavatorius, 303, 304, 305, 305.5, 306, 307B, 307C, 308C, Vik\u0161rinis krautuvas, 933, 933C, 939, 939C, 963B, 973, 924F, 936F, 950F, 966F, 970F, 980F, 988F, 990, 992D, 994D, Ratinis ekskavatorius OE numeriai: 6T7337, 2U4705, 8C0773, 9W1494\",\"breadcrumb\":{\"@id\":\"https:\\\/\\\/eskadalys.lt\\\/product\\\/tachometras-4\\\/#breadcrumb\"},\"inLanguage\":\"da-DK\",\"potentialAction\":[{\"@type\":\"ReadAction\",\"target\":[\"https:\\\/\\\/eskadalys.lt\\\/product\\\/tachometras-4\\\/\"]}]},{\"@type\":\"ImageObject\",\"inLanguage\":\"da-DK\",\"@id\":\"https:\\\/\\\/eskadalys.lt\\\/product\\\/tachometras-4\\\/#primaryimage\",\"url\":\"https:\\\/\\\/eskadalys.lt\\\/wp-content\\\/uploads\\\/2024\\\/02\\\/licznik-motogodzin-elektromechaniczny-1-20240121-215359.png?v=1714899948\",\"contentUrl\":\"https:\\\/\\\/eskadalys.lt\\\/wp-content\\\/uploads\\\/2024\\\/02\\\/licznik-motogodzin-elektromechaniczny-1-20240121-215359.png?v=1714899948\",\"width\":526,\"height\":513},{\"@type\":\"BreadcrumbList\",\"@id\":\"https:\\\/\\\/eskadalys.lt\\\/product\\\/tachometras-4\\\/#breadcrumb\",\"itemListElement\":[{\"@type\":\"ListItem\",\"position\":1,\"name\":\"Strona g\u0142\u00f3wna\",\"item\":\"https:\\\/\\\/eskadalys.lt\\\/\"},{\"@type\":\"ListItem\",\"position\":2,\"name\":\"E-parduotuv\u0117\",\"item\":\"https:\\\/\\\/eskadalys.lt\\\/e-parduotuve\\\/\"},{\"@type\":\"ListItem\",\"position\":3,\"name\":\"Tachometras &#8211; 9W1494\"}]},{\"@type\":\"WebSite\",\"@id\":\"https:\\\/\\\/eskadalys.lt\\\/#website\",\"url\":\"https:\\\/\\\/eskadalys.lt\\\/\",\"name\":\"Eska dalys\",\"description\":\"Ekskavatori\u0173 \\\/ mini ekskavatori\u0173 \\\/ buldozeri\u0173 dalys\",\"publisher\":{\"@id\":\"https:\\\/\\\/eskadalys.lt\\\/#organization\"},\"potentialAction\":[{\"@type\":\"SearchAction\",\"target\":{\"@type\":\"EntryPoint\",\"urlTemplate\":\"https:\\\/\\\/eskadalys.lt\\\/?s={search_term_string}\"},\"query-input\":{\"@type\":\"PropertyValueSpecification\",\"valueRequired\":true,\"valueName\":\"search_term_string\"}}],\"inLanguage\":\"da-DK\"},{\"@type\":\"Organization\",\"@id\":\"https:\\\/\\\/eskadalys.lt\\\/#organization\",\"name\":\"Eska dalys\",\"url\":\"https:\\\/\\\/eskadalys.lt\\\/\",\"logo\":{\"@type\":\"ImageObject\",\"inLanguage\":\"da-DK\",\"@id\":\"https:\\\/\\\/eskadalys.lt\\\/#\\\/schema\\\/logo\\\/image\\\/\",\"url\":\"https:\\\/\\\/eskadalys.lt\\\/wp-content\\\/uploads\\\/2024\\\/01\\\/LOGO-ESKA-FINAL.svg\",\"contentUrl\":\"https:\\\/\\\/eskadalys.lt\\\/wp-content\\\/uploads\\\/2024\\\/01\\\/LOGO-ESKA-FINAL.svg\",\"width\":259,\"height\":201,\"caption\":\"Eska dalys\"},\"image\":{\"@id\":\"https:\\\/\\\/eskadalys.lt\\\/#\\\/schema\\\/logo\\\/image\\\/\"},\"sameAs\":[\"https:\\\/\\\/www.facebook.com\\\/profile.php?id=61556005720456\"]}]}<\/script>\n<!-- \/ Yoast SEO plugin. -->","yoast_head_json":{"title":"Omdrejningst\u00e6ller - 9W1494 | God pris | Hurtig levering | Eska reservedele","description":"Omdrejningst\u00e6ller - 9W1494 Dimensioner; H\u00f8jde: 75 mm, Bredde: 60 mm, Passer til: CAT, Dump truck, D250E, D300E, D350E, D400E, Rendegraver, 416B, 428B, 446B, Motor, C-12, 3408B, 3412, 3512, 3516, B\u00e6ltegraver, M316C, M318C, M322C, 307, 318B, 320B, 320C, 322C, 325C, 330C, 345B, 365B, Minigraver, 303, 304, 305, 305.5, 306, 307B, 307C, 308C, B\u00e6ltegraver, 933, 933C, 939, 939C, 963B, 973, 924F, 936F, 950F, 966F, 970F, 980F, 988F, 990, 992D, 994D, Hjulgraver OE-numre: 6T7337, 2U4705, 8C0773, 9W1494","robots":{"index":"index","follow":"follow","max-snippet":"max-snippet:-1","max-image-preview":"max-image-preview:large","max-video-preview":"max-video-preview:-1"},"canonical":"https:\/\/eskadalys.lt\/da\/produkt-da\/omdrejningstaeller-4\/","og_locale":"da_DK","og_type":"article","og_title":"Tachometras - 9W1494 | Gera kaina | Greitas pristatymas | Eska dalys","og_description":"Tachometras - 9W1494 Matmenys; Auk\u0161tis: 75 mm, Plotis:\u00a060 mm, Tinka: CAT, Savivartis, D250E, D300E, D350E, D400E, Ekskavatorius krautuvas, 416B, 428B, 446B, Variklis, C-12, 3408B, 3412, 3512, 3516, Vik\u0161rinis ekskavatorius, M316C, M318C, M322C, 307, 318B, 320B, 320C, 322C, 325C, 330C, 345B, 365B, Mini ekskavatorius, 303, 304, 305, 305.5, 306, 307B, 307C, 308C, Vik\u0161rinis krautuvas, 933, 933C, 939, 939C, 963B, 973, 924F, 936F, 950F, 966F, 970F, 980F, 988F, 990, 992D, 994D, Ratinis ekskavatorius OE numeriai: 6T7337, 2U4705, 8C0773, 9W1494","og_url":"https:\/\/eskadalys.lt\/da\/produkt-da\/omdrejningstaeller-4\/","og_site_name":"Eska dalys","article_publisher":"https:\/\/www.facebook.com\/profile.php?id=61556005720456","article_modified_time":"2026-05-10T03:54:31+00:00","og_image":[{"width":526,"height":513,"url":"https:\/\/eskadalys.lt\/wp-content\/uploads\/2024\/02\/licznik-motogodzin-elektromechaniczny-1-20240121-215359.png?v=1714899948","type":"image\/png"}],"schema":{"@context":"https:\/\/schema.org","@graph":[{"@type":"WebPage","@id":"https:\/\/eskadalys.lt\/product\/tachometras-4\/","url":"https:\/\/eskadalys.lt\/product\/tachometras-4\/","name":"Omdrejningst\u00e6ller - 9W1494 | God pris | Hurtig levering | Eska reservedele","isPartOf":{"@id":"https:\/\/eskadalys.lt\/#website"},"primaryImageOfPage":{"@id":"https:\/\/eskadalys.lt\/product\/tachometras-4\/#primaryimage"},"image":{"@id":"https:\/\/eskadalys.lt\/product\/tachometras-4\/#primaryimage"},"thumbnailUrl":"https:\/\/eskadalys.lt\/wp-content\/uploads\/2024\/02\/licznik-motogodzin-elektromechaniczny-1-20240121-215359.png?v=1714899948","datePublished":"2024-02-11T08:55:47+00:00","dateModified":"2026-05-10T03:54:31+00:00","description":"Omdrejningst\u00e6ller - 9W1494 Dimensioner; H\u00f8jde: 75 mm, Bredde: 60 mm, Passer til: CAT, Dump truck, D250E, D300E, D350E, D400E, Rendegraver, 416B, 428B, 446B, Motor, C-12, 3408B, 3412, 3512, 3516, B\u00e6ltegraver, M316C, M318C, M322C, 307, 318B, 320B, 320C, 322C, 325C, 330C, 345B, 365B, Minigraver, 303, 304, 305, 305.5, 306, 307B, 307C, 308C, B\u00e6ltegraver, 933, 933C, 939, 939C, 963B, 973, 924F, 936F, 950F, 966F, 970F, 980F, 988F, 990, 992D, 994D, Hjulgraver OE-numre: 6T7337, 2U4705, 8C0773, 9W1494","breadcrumb":{"@id":"https:\/\/eskadalys.lt\/product\/tachometras-4\/#breadcrumb"},"inLanguage":"da-DK","potentialAction":[{"@type":"ReadAction","target":["https:\/\/eskadalys.lt\/product\/tachometras-4\/"]}]},{"@type":"ImageObject","inLanguage":"da-DK","@id":"https:\/\/eskadalys.lt\/product\/tachometras-4\/#primaryimage","url":"https:\/\/eskadalys.lt\/wp-content\/uploads\/2024\/02\/licznik-motogodzin-elektromechaniczny-1-20240121-215359.png?v=1714899948","contentUrl":"https:\/\/eskadalys.lt\/wp-content\/uploads\/2024\/02\/licznik-motogodzin-elektromechaniczny-1-20240121-215359.png?v=1714899948","width":526,"height":513},{"@type":"BreadcrumbList","@id":"https:\/\/eskadalys.lt\/product\/tachometras-4\/#breadcrumb","itemListElement":[{"@type":"ListItem","position":1,"name":"Strona g\u0142\u00f3wna","item":"https:\/\/eskadalys.lt\/"},{"@type":"ListItem","position":2,"name":"E-parduotuv\u0117","item":"https:\/\/eskadalys.lt\/e-parduotuve\/"},{"@type":"ListItem","position":3,"name":"Tachometras &#8211; 9W1494"}]},{"@type":"WebSite","@id":"https:\/\/eskadalys.lt\/#website","url":"https:\/\/eskadalys.lt\/","name":"Eska parts","description":"Reservedele til gravemaskine\/minigraver\/bulldozer","publisher":{"@id":"https:\/\/eskadalys.lt\/#organization"},"potentialAction":[{"@type":"SearchAction","target":{"@type":"EntryPoint","urlTemplate":"https:\/\/eskadalys.lt\/?s={search_term_string}"},"query-input":{"@type":"PropertyValueSpecification","valueRequired":true,"valueName":"search_term_string"}}],"inLanguage":"da-DK"},{"@type":"Organization","@id":"https:\/\/eskadalys.lt\/#organization","name":"Eska parts","url":"https:\/\/eskadalys.lt\/","logo":{"@type":"ImageObject","inLanguage":"da-DK","@id":"https:\/\/eskadalys.lt\/#\/schema\/logo\/image\/","url":"https:\/\/eskadalys.lt\/wp-content\/uploads\/2024\/01\/LOGO-ESKA-FINAL.svg","contentUrl":"https:\/\/eskadalys.lt\/wp-content\/uploads\/2024\/01\/LOGO-ESKA-FINAL.svg","width":259,"height":201,"caption":"Eska dalys"},"image":{"@id":"https:\/\/eskadalys.lt\/#\/schema\/logo\/image\/"},"sameAs":["https:\/\/www.facebook.com\/profile.php?id=61556005720456"]}]}},"_links":{"self":[{"href":"https:\/\/eskadalys.lt\/da\/wp-json\/wp\/v2\/product\/9046","targetHints":{"allow":["GET"]}}],"collection":[{"href":"https:\/\/eskadalys.lt\/da\/wp-json\/wp\/v2\/product"}],"about":[{"href":"https:\/\/eskadalys.lt\/da\/wp-json\/wp\/v2\/types\/product"}],"wp:featuredmedia":[{"embeddable":true,"href":"https:\/\/eskadalys.lt\/da\/wp-json\/wp\/v2\/media\/111203"}],"wp:attachment":[{"href":"https:\/\/eskadalys.lt\/da\/wp-json\/wp\/v2\/media?parent=9046"}],"wp:term":[{"taxonomy":"product_brand","embeddable":true,"href":"https:\/\/eskadalys.lt\/da\/wp-json\/wp\/v2\/product_brand?post=9046"},{"taxonomy":"product_cat","embeddable":true,"href":"https:\/\/eskadalys.lt\/da\/wp-json\/wp\/v2\/product_cat?post=9046"},{"taxonomy":"product_tag","embeddable":true,"href":"https:\/\/eskadalys.lt\/da\/wp-json\/wp\/v2\/product_tag?post=9046"}],"curies":[{"name":"wp","href":"https:\/\/api.w.org\/{rel}","templated":true}]}}