{"id":855,"date":"2024-02-11T00:13:47","date_gmt":"2024-02-10T22:13:47","guid":{"rendered":"https:\/\/eskadalys.lt\/?post_type=product&#038;p=855"},"modified":"2026-04-12T08:13:46","modified_gmt":"2026-04-12T05:13:46","slug":"braendstofpumpe-cva-4","status":"publish","type":"product","link":"https:\/\/eskadalys.lt\/da\/product\/kuro-pompa-cva-4\/","title":{"rendered":"Br\u00e6ndstofpumpe CVA \u2013 20524154"},"content":{"rendered":"<p><strong>Br\u00e6ndstofpumpe CVA \u2013 20524154<\/strong><br \/>\n<strong>Velegnet til:<\/strong> VOLVO, Rendegraver, BL60, BL60B, BL61, BL61PLUS, BL61B, BL70, BL70B, BL71, BL71PLUS, BL71B, Gravemaskine, EC140, EC140B, EC140C, EC140D, EC150, EC150C, EC160, EC160B, EC160C, EC200, EC200B, EW140, EW140B, EW140C, EW140D, EW145B, EW150, EW150C, EW160, EW160B, EW160C, EW160D, EW170, EW180, EW180B, EW180C, EW180D, EW200, EW200B<br \/>\n<strong>OE-numre::<\/strong> 20459247, 21511352, 20917999, 20518337<br \/>\nVOE20524154<\/p>\n<h3>\ud83d\udd0d Leder efter et andet produkt fra kategorien <a href=\"https:\/\/eskadalys.lt\/da\/produktkategori-da\/braendstofsystem\/vandseparatorer-til-braendstofpumper\/\">Br\u00e6ndstofpumper, vandudskillere<\/a> ?<\/h3>\n<h3>\ud83d\udee0\ufe0f VOLVO reservedele - du kan finde flere af dem <a href=\"https:\/\/eskadalys.lt\/da\/produktkategori-da\/braendstofsystem\/\">Br\u00e6ndstofsystem<\/a> i kategorien.<\/h3>\n<p>Hvis du er usikker p\u00e5, om denne del passer til din maskine, <strong>Send os venligst k\u00f8ret\u00f8jets serienummer (VIN) inden k\u00f8b.<\/strong>. Vi vil kontrollere kompatibiliteten ved hj\u00e6lp af katalogerne og <strong>Vi tilbyder den rigtige del<\/strong>. Hvis du ikke kan finde den del, du har brug for, s\u00e5 skriv til os - vi hj\u00e6lper dig med at finde den!<\/p>\n<p><strong>\ud83d\udce6 Lager i Litauen<\/strong> \u2013 ordrer afgivet f\u00f8r kl. 14.00 afsendes samme dag.<\/p>\n<p><strong>\ud83d\ude80 Hurtig levering<\/strong> \u2013 bestilte varer, som vi ikke har p\u00e5 lager i \u00f8jeblikket, leveres inden for 3-4 hverdage.<\/p>\n<p><strong>\ud83d\udcc8 Bredt udvalg<\/strong> \u2013 vi udvider l\u00f8bende vores produktudvalg.<\/p>","protected":false},"excerpt":{"rendered":"<p>20524154 CVA<\/p>","protected":false},"featured_media":93370,"template":"","meta":{"site-sidebar-layout":"default","site-content-layout":"","ast-site-content-layout":"default","site-content-style":"default","site-sidebar-style":"default","ast-global-header-display":"","ast-banner-title-visibility":"","ast-main-header-display":"","ast-hfb-above-header-display":"","ast-hfb-below-header-display":"","ast-hfb-mobile-header-display":"","site-post-title":"","ast-breadcrumbs-content":"","ast-featured-img":"","footer-sml-layout":"","ast-disable-related-posts":"","theme-transparent-header-meta":"","adv-header-id-meta":"","stick-header-meta":"","header-above-stick-meta":"","header-main-stick-meta":"","header-below-stick-meta":"","astra-migrate-meta-layouts":"default","ast-page-background-enabled":"default","ast-page-background-meta":{"desktop":{"background-color":"","background-image":"","background-repeat":"repeat","background-position":"center center","background-size":"auto","background-attachment":"scroll","background-type":"","background-media":"","overlay-type":"","overlay-color":"","overlay-opacity":"","overlay-gradient":""},"tablet":{"background-color":"","background-image":"","background-repeat":"repeat","background-position":"center center","background-size":"auto","background-attachment":"scroll","background-type":"","background-media":"","overlay-type":"","overlay-color":"","overlay-opacity":"","overlay-gradient":""},"mobile":{"background-color":"","background-image":"","background-repeat":"repeat","background-position":"center center","background-size":"auto","background-attachment":"scroll","background-type":"","background-media":"","overlay-type":"","overlay-color":"","overlay-opacity":"","overlay-gradient":""}},"ast-content-background-meta":{"desktop":{"background-color":"var(--ast-global-color-5)","background-image":"","background-repeat":"repeat","background-position":"center center","background-size":"auto","background-attachment":"scroll","background-type":"","background-media":"","overlay-type":"","overlay-color":"","overlay-opacity":"","overlay-gradient":""},"tablet":{"background-color":"var(--ast-global-color-5)","background-image":"","background-repeat":"repeat","background-position":"center center","background-size":"auto","background-attachment":"scroll","background-type":"","background-media":"","overlay-type":"","overlay-color":"","overlay-opacity":"","overlay-gradient":""},"mobile":{"background-color":"var(--ast-global-color-5)","background-image":"","background-repeat":"repeat","background-position":"center center","background-size":"auto","background-attachment":"scroll","background-type":"","background-media":"","overlay-type":"","overlay-color":"","overlay-opacity":"","overlay-gradient":""}}},"product_brand":[],"product_cat":[802],"product_tag":[],"class_list":{"0":"post-855","1":"product","2":"type-product","3":"status-publish","4":"has-post-thumbnail","6":"product_cat-kuro-pompos-vandens-separatoriai","7":"desktop-align-left","8":"tablet-align-left","9":"mobile-align-left","11":"first","12":"onbackorder","13":"taxable","14":"shipping-taxable","15":"purchasable","16":"product-type-simple"},"yoast_head":"<!-- This site is optimized with the Yoast SEO plugin v27.4 - https:\/\/yoast.com\/product\/yoast-seo-wordpress\/ -->\n<title>Kuro pompa CVA - 20524154 | Gera kaina | Greitas pristatymas | Eska dalys<\/title>\n<meta name=\"description\" content=\"Kuro pompa - 20524154 Tinka: VOLVO, Ekskavatorius krautuvas, BL60, BL60B, BL61, BL61PLUS, BL61B, BL70, BL70B, BL71, BL71PLUS, BL71B, Ekskavatorius, EC140, EC140B, EC140C, EC140D, EC150, EC150C, EC160, EC160B, EC160C, EC200, EC200B, EW140, EW140B, EW140C, EW140D, EW145B, EW150, EW150C, EW160, EW160B, EW160C, EW160D, EW170, EW180, EW180B, EW180C, EW180D, EW200, EW200B OE numeriai: 20459247, 21511352, 20917999, 20518337\" \/>\n<meta name=\"robots\" content=\"index, follow, max-snippet:-1, max-image-preview:large, max-video-preview:-1\" \/>\n<link rel=\"canonical\" href=\"https:\/\/eskadalys.lt\/da\/produkt-da\/braendstofpumpe-cva-4\/\" \/>\n<meta property=\"og:locale\" content=\"da_DK\" \/>\n<meta property=\"og:type\" content=\"article\" \/>\n<meta property=\"og:title\" content=\"Kuro pompa CVA - 20524154 | Gera kaina | Greitas pristatymas | Eska dalys\" \/>\n<meta property=\"og:description\" content=\"Kuro pompa - 20524154 Tinka: VOLVO, Ekskavatorius krautuvas, BL60, BL60B, BL61, BL61PLUS, BL61B, BL70, BL70B, BL71, BL71PLUS, BL71B, Ekskavatorius, EC140, EC140B, EC140C, EC140D, EC150, EC150C, EC160, EC160B, EC160C, EC200, EC200B, EW140, EW140B, EW140C, EW140D, EW145B, EW150, EW150C, EW160, EW160B, EW160C, EW160D, EW170, EW180, EW180B, EW180C, EW180D, EW200, EW200B OE numeriai: 20459247, 21511352, 20917999, 20518337\" \/>\n<meta property=\"og:url\" content=\"https:\/\/eskadalys.lt\/da\/produkt-da\/braendstofpumpe-cva-4\/\" \/>\n<meta property=\"og:site_name\" content=\"Eska dalys\" \/>\n<meta property=\"article:publisher\" content=\"https:\/\/www.facebook.com\/profile.php?id=61556005720456\" \/>\n<meta property=\"article:modified_time\" content=\"2026-04-12T05:13:46+00:00\" \/>\n<meta property=\"og:image\" content=\"https:\/\/eskadalys.lt\/wp-content\/uploads\/2024\/02\/pump-6-20240121-115050-scaled-1.jpg?v=1714951525\" \/>\n\t<meta property=\"og:image:width\" content=\"1600\" \/>\n\t<meta property=\"og:image:height\" content=\"923\" \/>\n\t<meta property=\"og:image:type\" content=\"image\/jpeg\" \/>\n<script type=\"application\/ld+json\" class=\"yoast-schema-graph\">{\"@context\":\"https:\\\/\\\/schema.org\",\"@graph\":[{\"@type\":\"WebPage\",\"@id\":\"https:\\\/\\\/eskadalys.lt\\\/product\\\/kuro-pompa-cva-4\\\/\",\"url\":\"https:\\\/\\\/eskadalys.lt\\\/product\\\/kuro-pompa-cva-4\\\/\",\"name\":\"Kuro pompa CVA - 20524154 | Gera kaina | Greitas pristatymas | Eska dalys\",\"isPartOf\":{\"@id\":\"https:\\\/\\\/eskadalys.lt\\\/#website\"},\"primaryImageOfPage\":{\"@id\":\"https:\\\/\\\/eskadalys.lt\\\/product\\\/kuro-pompa-cva-4\\\/#primaryimage\"},\"image\":{\"@id\":\"https:\\\/\\\/eskadalys.lt\\\/product\\\/kuro-pompa-cva-4\\\/#primaryimage\"},\"thumbnailUrl\":\"https:\\\/\\\/eskadalys.lt\\\/wp-content\\\/uploads\\\/2024\\\/02\\\/pump-6-20240121-115050-scaled-1.jpg?v=1714951525\",\"datePublished\":\"2024-02-10T22:13:47+00:00\",\"dateModified\":\"2026-04-12T05:13:46+00:00\",\"description\":\"Kuro pompa - 20524154 Tinka: VOLVO, Ekskavatorius krautuvas, BL60, BL60B, BL61, BL61PLUS, BL61B, BL70, BL70B, BL71, BL71PLUS, BL71B, Ekskavatorius, EC140, EC140B, EC140C, EC140D, EC150, EC150C, EC160, EC160B, EC160C, EC200, EC200B, EW140, EW140B, EW140C, EW140D, EW145B, EW150, EW150C, EW160, EW160B, EW160C, EW160D, EW170, EW180, EW180B, EW180C, EW180D, EW200, EW200B OE numeriai: 20459247, 21511352, 20917999, 20518337\",\"breadcrumb\":{\"@id\":\"https:\\\/\\\/eskadalys.lt\\\/product\\\/kuro-pompa-cva-4\\\/#breadcrumb\"},\"inLanguage\":\"da-DK\",\"potentialAction\":[{\"@type\":\"ReadAction\",\"target\":[\"https:\\\/\\\/eskadalys.lt\\\/product\\\/kuro-pompa-cva-4\\\/\"]}]},{\"@type\":\"ImageObject\",\"inLanguage\":\"da-DK\",\"@id\":\"https:\\\/\\\/eskadalys.lt\\\/product\\\/kuro-pompa-cva-4\\\/#primaryimage\",\"url\":\"https:\\\/\\\/eskadalys.lt\\\/wp-content\\\/uploads\\\/2024\\\/02\\\/pump-6-20240121-115050-scaled-1.jpg?v=1714951525\",\"contentUrl\":\"https:\\\/\\\/eskadalys.lt\\\/wp-content\\\/uploads\\\/2024\\\/02\\\/pump-6-20240121-115050-scaled-1.jpg?v=1714951525\",\"width\":1600,\"height\":923},{\"@type\":\"BreadcrumbList\",\"@id\":\"https:\\\/\\\/eskadalys.lt\\\/product\\\/kuro-pompa-cva-4\\\/#breadcrumb\",\"itemListElement\":[{\"@type\":\"ListItem\",\"position\":1,\"name\":\"Strona g\u0142\u00f3wna\",\"item\":\"https:\\\/\\\/eskadalys.lt\\\/\"},{\"@type\":\"ListItem\",\"position\":2,\"name\":\"E-parduotuv\u0117\",\"item\":\"https:\\\/\\\/eskadalys.lt\\\/e-parduotuve\\\/\"},{\"@type\":\"ListItem\",\"position\":3,\"name\":\"Kuro pompa CVA &#8211; 20524154\"}]},{\"@type\":\"WebSite\",\"@id\":\"https:\\\/\\\/eskadalys.lt\\\/#website\",\"url\":\"https:\\\/\\\/eskadalys.lt\\\/\",\"name\":\"Eska dalys\",\"description\":\"Ekskavatori\u0173 \\\/ mini ekskavatori\u0173 \\\/ buldozeri\u0173 dalys\",\"publisher\":{\"@id\":\"https:\\\/\\\/eskadalys.lt\\\/#organization\"},\"potentialAction\":[{\"@type\":\"SearchAction\",\"target\":{\"@type\":\"EntryPoint\",\"urlTemplate\":\"https:\\\/\\\/eskadalys.lt\\\/?s={search_term_string}\"},\"query-input\":{\"@type\":\"PropertyValueSpecification\",\"valueRequired\":true,\"valueName\":\"search_term_string\"}}],\"inLanguage\":\"da-DK\"},{\"@type\":\"Organization\",\"@id\":\"https:\\\/\\\/eskadalys.lt\\\/#organization\",\"name\":\"Eska dalys\",\"url\":\"https:\\\/\\\/eskadalys.lt\\\/\",\"logo\":{\"@type\":\"ImageObject\",\"inLanguage\":\"da-DK\",\"@id\":\"https:\\\/\\\/eskadalys.lt\\\/#\\\/schema\\\/logo\\\/image\\\/\",\"url\":\"https:\\\/\\\/eskadalys.lt\\\/wp-content\\\/uploads\\\/2024\\\/01\\\/LOGO-ESKA-FINAL.svg\",\"contentUrl\":\"https:\\\/\\\/eskadalys.lt\\\/wp-content\\\/uploads\\\/2024\\\/01\\\/LOGO-ESKA-FINAL.svg\",\"width\":259,\"height\":201,\"caption\":\"Eska dalys\"},\"image\":{\"@id\":\"https:\\\/\\\/eskadalys.lt\\\/#\\\/schema\\\/logo\\\/image\\\/\"},\"sameAs\":[\"https:\\\/\\\/www.facebook.com\\\/profile.php?id=61556005720456\"]}]}<\/script>\n<!-- \/ Yoast SEO plugin. -->","yoast_head_json":{"title":"Br\u00e6ndstofpumpe CVA - 20524154 | God pris | Hurtig levering | Eska reservedele","description":"Br\u00e6ndstofpumpe - 20524154 Passer til: VOLVO, Rendegraver, BL60, BL60B, BL61, BL61PLUS, BL61B, BL70, BL70B, BL71, BL71PLUS, BL71B, Gravemaskine, EC140, EC140B, EC140C, EC140D, EC150, EC150C, EC160, EC160B, EC160C, EC200, EC200B, EW140, EW140B, EW140C, EW140D, EW145B, EW150, EW150C, EW160, EW160B, EW160C, EW160D, EW170, EW180, EW180B, EW180C, EW180D, EW200, EW200B OE-numre: 20459247, 21511352, 20917999, 20518337","robots":{"index":"index","follow":"follow","max-snippet":"max-snippet:-1","max-image-preview":"max-image-preview:large","max-video-preview":"max-video-preview:-1"},"canonical":"https:\/\/eskadalys.lt\/da\/produkt-da\/braendstofpumpe-cva-4\/","og_locale":"da_DK","og_type":"article","og_title":"Kuro pompa CVA - 20524154 | Gera kaina | Greitas pristatymas | Eska dalys","og_description":"Kuro pompa - 20524154 Tinka: VOLVO, Ekskavatorius krautuvas, BL60, BL60B, BL61, BL61PLUS, BL61B, BL70, BL70B, BL71, BL71PLUS, BL71B, Ekskavatorius, EC140, EC140B, EC140C, EC140D, EC150, EC150C, EC160, EC160B, EC160C, EC200, EC200B, EW140, EW140B, EW140C, EW140D, EW145B, EW150, EW150C, EW160, EW160B, EW160C, EW160D, EW170, EW180, EW180B, EW180C, EW180D, EW200, EW200B OE numeriai: 20459247, 21511352, 20917999, 20518337","og_url":"https:\/\/eskadalys.lt\/da\/produkt-da\/braendstofpumpe-cva-4\/","og_site_name":"Eska dalys","article_publisher":"https:\/\/www.facebook.com\/profile.php?id=61556005720456","article_modified_time":"2026-04-12T05:13:46+00:00","og_image":[{"width":1600,"height":923,"url":"https:\/\/eskadalys.lt\/wp-content\/uploads\/2024\/02\/pump-6-20240121-115050-scaled-1.jpg?v=1714951525","type":"image\/jpeg"}],"schema":{"@context":"https:\/\/schema.org","@graph":[{"@type":"WebPage","@id":"https:\/\/eskadalys.lt\/product\/kuro-pompa-cva-4\/","url":"https:\/\/eskadalys.lt\/product\/kuro-pompa-cva-4\/","name":"Br\u00e6ndstofpumpe CVA - 20524154 | God pris | Hurtig levering | Eska reservedele","isPartOf":{"@id":"https:\/\/eskadalys.lt\/#website"},"primaryImageOfPage":{"@id":"https:\/\/eskadalys.lt\/product\/kuro-pompa-cva-4\/#primaryimage"},"image":{"@id":"https:\/\/eskadalys.lt\/product\/kuro-pompa-cva-4\/#primaryimage"},"thumbnailUrl":"https:\/\/eskadalys.lt\/wp-content\/uploads\/2024\/02\/pump-6-20240121-115050-scaled-1.jpg?v=1714951525","datePublished":"2024-02-10T22:13:47+00:00","dateModified":"2026-04-12T05:13:46+00:00","description":"Br\u00e6ndstofpumpe - 20524154 Passer til: VOLVO, Rendegraver, BL60, BL60B, BL61, BL61PLUS, BL61B, BL70, BL70B, BL71, BL71PLUS, BL71B, Gravemaskine, EC140, EC140B, EC140C, EC140D, EC150, EC150C, EC160, EC160B, EC160C, EC200, EC200B, EW140, EW140B, EW140C, EW140D, EW145B, EW150, EW150C, EW160, EW160B, EW160C, EW160D, EW170, EW180, EW180B, EW180C, EW180D, EW200, EW200B OE-numre: 20459247, 21511352, 20917999, 20518337","breadcrumb":{"@id":"https:\/\/eskadalys.lt\/product\/kuro-pompa-cva-4\/#breadcrumb"},"inLanguage":"da-DK","potentialAction":[{"@type":"ReadAction","target":["https:\/\/eskadalys.lt\/product\/kuro-pompa-cva-4\/"]}]},{"@type":"ImageObject","inLanguage":"da-DK","@id":"https:\/\/eskadalys.lt\/product\/kuro-pompa-cva-4\/#primaryimage","url":"https:\/\/eskadalys.lt\/wp-content\/uploads\/2024\/02\/pump-6-20240121-115050-scaled-1.jpg?v=1714951525","contentUrl":"https:\/\/eskadalys.lt\/wp-content\/uploads\/2024\/02\/pump-6-20240121-115050-scaled-1.jpg?v=1714951525","width":1600,"height":923},{"@type":"BreadcrumbList","@id":"https:\/\/eskadalys.lt\/product\/kuro-pompa-cva-4\/#breadcrumb","itemListElement":[{"@type":"ListItem","position":1,"name":"Strona g\u0142\u00f3wna","item":"https:\/\/eskadalys.lt\/"},{"@type":"ListItem","position":2,"name":"E-parduotuv\u0117","item":"https:\/\/eskadalys.lt\/e-parduotuve\/"},{"@type":"ListItem","position":3,"name":"Kuro pompa CVA &#8211; 20524154"}]},{"@type":"WebSite","@id":"https:\/\/eskadalys.lt\/#website","url":"https:\/\/eskadalys.lt\/","name":"Eska parts","description":"Reservedele til gravemaskine\/minigraver\/bulldozer","publisher":{"@id":"https:\/\/eskadalys.lt\/#organization"},"potentialAction":[{"@type":"SearchAction","target":{"@type":"EntryPoint","urlTemplate":"https:\/\/eskadalys.lt\/?s={search_term_string}"},"query-input":{"@type":"PropertyValueSpecification","valueRequired":true,"valueName":"search_term_string"}}],"inLanguage":"da-DK"},{"@type":"Organization","@id":"https:\/\/eskadalys.lt\/#organization","name":"Eska parts","url":"https:\/\/eskadalys.lt\/","logo":{"@type":"ImageObject","inLanguage":"da-DK","@id":"https:\/\/eskadalys.lt\/#\/schema\/logo\/image\/","url":"https:\/\/eskadalys.lt\/wp-content\/uploads\/2024\/01\/LOGO-ESKA-FINAL.svg","contentUrl":"https:\/\/eskadalys.lt\/wp-content\/uploads\/2024\/01\/LOGO-ESKA-FINAL.svg","width":259,"height":201,"caption":"Eska dalys"},"image":{"@id":"https:\/\/eskadalys.lt\/#\/schema\/logo\/image\/"},"sameAs":["https:\/\/www.facebook.com\/profile.php?id=61556005720456"]}]}},"_links":{"self":[{"href":"https:\/\/eskadalys.lt\/da\/wp-json\/wp\/v2\/product\/855","targetHints":{"allow":["GET"]}}],"collection":[{"href":"https:\/\/eskadalys.lt\/da\/wp-json\/wp\/v2\/product"}],"about":[{"href":"https:\/\/eskadalys.lt\/da\/wp-json\/wp\/v2\/types\/product"}],"wp:featuredmedia":[{"embeddable":true,"href":"https:\/\/eskadalys.lt\/da\/wp-json\/wp\/v2\/media\/93370"}],"wp:attachment":[{"href":"https:\/\/eskadalys.lt\/da\/wp-json\/wp\/v2\/media?parent=855"}],"wp:term":[{"taxonomy":"product_brand","embeddable":true,"href":"https:\/\/eskadalys.lt\/da\/wp-json\/wp\/v2\/product_brand?post=855"},{"taxonomy":"product_cat","embeddable":true,"href":"https:\/\/eskadalys.lt\/da\/wp-json\/wp\/v2\/product_cat?post=855"},{"taxonomy":"product_tag","embeddable":true,"href":"https:\/\/eskadalys.lt\/da\/wp-json\/wp\/v2\/product_tag?post=855"}],"curies":[{"name":"wp","href":"https:\/\/api.w.org\/{rel}","templated":true}]}}