{"id":6974,"date":"2024-02-11T07:56:16","date_gmt":"2024-02-11T05:56:16","guid":{"rendered":"https:\/\/eskadalys.lt\/?post_type=product&#038;p=6974"},"modified":"2026-03-26T09:58:02","modified_gmt":"2026-03-26T07:58:02","slug":"glideplade-cva","status":"publish","type":"product","link":"https:\/\/eskadalys.lt\/da\/product\/slydimo-plokste-cva\/","title":{"rendered":"Glideplade CVA \u2013 2096188"},"content":{"rendered":"<p><strong>Glideplade CVA \u2013 2096188<\/strong><br \/>\nDimensioner:<br \/>\n Indvendig diameter: 85 mm,<br \/>\n Ydre diameter: 105 mm,<br \/>\nTykkelse: 12 mm,<br \/>\nPasser til: CAT, Rendegraver, 416B, 416C, 416D, 426B, 426C, 428C, 428D, 428E, 436B, 436C, 438C, 438D, 442D, 446D<br \/>\nOE-numre: 3931053, 9R1788.<br \/>\n209-6188<\/p>\n<p>Hvis du er usikker eller ikke kan bekr\u00e6fte, om en del passer til dit k\u00f8ret\u00f8j, bedes du kontakte os inden k\u00f8b. <strong>send os k\u00f8ret\u00f8jets serienummer (VIN)<\/strong> og vi vil bruge katalogerne til at kontrollere, om den valgte del passer til dit k\u00f8ret\u00f8j\/<strong>Vi tilbyder den rigtige del<\/strong>. Hvis du ikke kan finde den del, du leder efter, s\u00e5 skriv til os, s\u00e5 tilbyder vi dig den del, du har brug for.<\/p>\n<p><strong>Lager i Litauen<\/strong> \u2013 Alle varer p\u00e5 lager, der bestilles f\u00f8r kl. 14.00, sendes samme dag.<br \/>\n<strong>Hurtig levering<\/strong>\u2013 Forudbestilte varer, som vi ikke har p\u00e5 lager i \u00f8jeblikket, leveres inden for 3-4 hverdage.<br \/>\n<strong>Bredt udvalg<\/strong>\u2013 Vi udvider l\u00f8bende udvalget af produkter p\u00e5 vores lager.<\/p>","protected":false},"excerpt":{"rendered":"<p>2096188 CVA<\/p>","protected":false},"featured_media":106834,"template":"","meta":{"site-sidebar-layout":"default","site-content-layout":"","ast-site-content-layout":"default","site-content-style":"default","site-sidebar-style":"default","ast-global-header-display":"","ast-banner-title-visibility":"","ast-main-header-display":"","ast-hfb-above-header-display":"","ast-hfb-below-header-display":"","ast-hfb-mobile-header-display":"","site-post-title":"","ast-breadcrumbs-content":"","ast-featured-img":"","footer-sml-layout":"","ast-disable-related-posts":"","theme-transparent-header-meta":"","adv-header-id-meta":"","stick-header-meta":"","header-above-stick-meta":"","header-main-stick-meta":"","header-below-stick-meta":"","astra-migrate-meta-layouts":"default","ast-page-background-enabled":"default","ast-page-background-meta":{"desktop":{"background-color":"","background-image":"","background-repeat":"repeat","background-position":"center center","background-size":"auto","background-attachment":"scroll","background-type":"","background-media":"","overlay-type":"","overlay-color":"","overlay-opacity":"","overlay-gradient":""},"tablet":{"background-color":"","background-image":"","background-repeat":"repeat","background-position":"center center","background-size":"auto","background-attachment":"scroll","background-type":"","background-media":"","overlay-type":"","overlay-color":"","overlay-opacity":"","overlay-gradient":""},"mobile":{"background-color":"","background-image":"","background-repeat":"repeat","background-position":"center center","background-size":"auto","background-attachment":"scroll","background-type":"","background-media":"","overlay-type":"","overlay-color":"","overlay-opacity":"","overlay-gradient":""}},"ast-content-background-meta":{"desktop":{"background-color":"var(--ast-global-color-5)","background-image":"","background-repeat":"repeat","background-position":"center center","background-size":"auto","background-attachment":"scroll","background-type":"","background-media":"","overlay-type":"","overlay-color":"","overlay-opacity":"","overlay-gradient":""},"tablet":{"background-color":"var(--ast-global-color-5)","background-image":"","background-repeat":"repeat","background-position":"center center","background-size":"auto","background-attachment":"scroll","background-type":"","background-media":"","overlay-type":"","overlay-color":"","overlay-opacity":"","overlay-gradient":""},"mobile":{"background-color":"var(--ast-global-color-5)","background-image":"","background-repeat":"repeat","background-position":"center center","background-size":"auto","background-attachment":"scroll","background-type":"","background-media":"","overlay-type":"","overlay-color":"","overlay-opacity":"","overlay-gradient":""}}},"product_brand":[],"product_cat":[19485],"product_tag":[47620],"class_list":{"0":"post-6974","1":"product","2":"type-product","3":"status-publish","4":"has-post-thumbnail","6":"product_cat-kita","7":"product_tag-cat-ekskavatorius-krautuvas-416b-416c-416d-426b-426c-428c-428d-428e-436b-436c-438c-438d-442d-446d-3931053-9r1788","8":"desktop-align-left","9":"tablet-align-left","10":"mobile-align-left","12":"first","13":"onbackorder","14":"taxable","15":"shipping-taxable","16":"purchasable","17":"product-type-simple"},"yoast_head":"<!-- This site is optimized with the Yoast SEO plugin v27.3 - https:\/\/yoast.com\/product\/yoast-seo-wordpress\/ -->\n<title>Slydimo plok\u0161t\u0117 CVA - 2096188 | Gera kaina | Greitas pristatymas | Eska dalys<\/title>\n<meta name=\"description\" content=\"Slydimo plok\u0161t\u0117 - 2096188 Matmenys : Vidinis skersmuo: 85 mm, I\u0161orinis skersmuo:\u00a0105 mm, Storis: 12 mm, Tinka: CAT, Ekskavatorius krautuvas, 416B, 416C, 416D, 426B, 426C, 428C, 428D, 428E, 436B, 436C, 438C, 438D, 442D, 446D OE numeriai: 3931053, 9R1788.\" \/>\n<meta name=\"robots\" content=\"index, follow, max-snippet:-1, max-image-preview:large, max-video-preview:-1\" \/>\n<link rel=\"canonical\" href=\"https:\/\/eskadalys.lt\/da\/produkt-da\/glideplade-cva\/\" \/>\n<meta property=\"og:locale\" content=\"da_DK\" \/>\n<meta property=\"og:type\" content=\"article\" \/>\n<meta property=\"og:title\" content=\"Slydimo plok\u0161t\u0117 CVA - 2096188 | Gera kaina | Greitas pristatymas | Eska dalys\" \/>\n<meta property=\"og:description\" content=\"Slydimo plok\u0161t\u0117 - 2096188 Matmenys : Vidinis skersmuo: 85 mm, I\u0161orinis skersmuo:\u00a0105 mm, Storis: 12 mm, Tinka: CAT, Ekskavatorius krautuvas, 416B, 416C, 416D, 426B, 426C, 428C, 428D, 428E, 436B, 436C, 438C, 438D, 442D, 446D OE numeriai: 3931053, 9R1788.\" \/>\n<meta property=\"og:url\" content=\"https:\/\/eskadalys.lt\/da\/produkt-da\/glideplade-cva\/\" \/>\n<meta property=\"og:site_name\" content=\"Eska dalys\" \/>\n<meta property=\"article:publisher\" content=\"https:\/\/www.facebook.com\/profile.php?id=61556005720456\" \/>\n<meta property=\"article:modified_time\" content=\"2026-03-26T07:58:02+00:00\" \/>\n<meta property=\"og:image\" content=\"https:\/\/eskadalys.lt\/wp-content\/uploads\/2024\/02\/plate-20240121-191222-scaled-1.jpg?v=1714911799\" \/>\n\t<meta property=\"og:image:width\" content=\"1600\" \/>\n\t<meta property=\"og:image:height\" content=\"1387\" \/>\n\t<meta property=\"og:image:type\" content=\"image\/jpeg\" \/>\n<script type=\"application\/ld+json\" class=\"yoast-schema-graph\">{\"@context\":\"https:\\\/\\\/schema.org\",\"@graph\":[{\"@type\":\"WebPage\",\"@id\":\"https:\\\/\\\/eskadalys.lt\\\/product\\\/slydimo-plokste-cva\\\/\",\"url\":\"https:\\\/\\\/eskadalys.lt\\\/product\\\/slydimo-plokste-cva\\\/\",\"name\":\"Slydimo plok\u0161t\u0117 CVA - 2096188 | Gera kaina | Greitas pristatymas | Eska dalys\",\"isPartOf\":{\"@id\":\"https:\\\/\\\/eskadalys.lt\\\/#website\"},\"primaryImageOfPage\":{\"@id\":\"https:\\\/\\\/eskadalys.lt\\\/product\\\/slydimo-plokste-cva\\\/#primaryimage\"},\"image\":{\"@id\":\"https:\\\/\\\/eskadalys.lt\\\/product\\\/slydimo-plokste-cva\\\/#primaryimage\"},\"thumbnailUrl\":\"https:\\\/\\\/eskadalys.lt\\\/wp-content\\\/uploads\\\/2024\\\/02\\\/plate-20240121-191222-scaled-1.jpg?v=1714911799\",\"datePublished\":\"2024-02-11T05:56:16+00:00\",\"dateModified\":\"2026-03-26T07:58:02+00:00\",\"description\":\"Slydimo plok\u0161t\u0117 - 2096188 Matmenys : Vidinis skersmuo: 85 mm, I\u0161orinis skersmuo:\u00a0105 mm, Storis: 12 mm, Tinka: CAT, Ekskavatorius krautuvas, 416B, 416C, 416D, 426B, 426C, 428C, 428D, 428E, 436B, 436C, 438C, 438D, 442D, 446D OE numeriai: 3931053, 9R1788.\",\"breadcrumb\":{\"@id\":\"https:\\\/\\\/eskadalys.lt\\\/product\\\/slydimo-plokste-cva\\\/#breadcrumb\"},\"inLanguage\":\"da-DK\",\"potentialAction\":[{\"@type\":\"ReadAction\",\"target\":[\"https:\\\/\\\/eskadalys.lt\\\/product\\\/slydimo-plokste-cva\\\/\"]}]},{\"@type\":\"ImageObject\",\"inLanguage\":\"da-DK\",\"@id\":\"https:\\\/\\\/eskadalys.lt\\\/product\\\/slydimo-plokste-cva\\\/#primaryimage\",\"url\":\"https:\\\/\\\/eskadalys.lt\\\/wp-content\\\/uploads\\\/2024\\\/02\\\/plate-20240121-191222-scaled-1.jpg?v=1714911799\",\"contentUrl\":\"https:\\\/\\\/eskadalys.lt\\\/wp-content\\\/uploads\\\/2024\\\/02\\\/plate-20240121-191222-scaled-1.jpg?v=1714911799\",\"width\":1600,\"height\":1387},{\"@type\":\"BreadcrumbList\",\"@id\":\"https:\\\/\\\/eskadalys.lt\\\/product\\\/slydimo-plokste-cva\\\/#breadcrumb\",\"itemListElement\":[{\"@type\":\"ListItem\",\"position\":1,\"name\":\"Strona g\u0142\u00f3wna\",\"item\":\"https:\\\/\\\/eskadalys.lt\\\/\"},{\"@type\":\"ListItem\",\"position\":2,\"name\":\"E-parduotuv\u0117\",\"item\":\"https:\\\/\\\/eskadalys.lt\\\/e-parduotuve\\\/\"},{\"@type\":\"ListItem\",\"position\":3,\"name\":\"Slydimo plok\u0161t\u0117 CVA &#8211; 2096188\"}]},{\"@type\":\"WebSite\",\"@id\":\"https:\\\/\\\/eskadalys.lt\\\/#website\",\"url\":\"https:\\\/\\\/eskadalys.lt\\\/\",\"name\":\"Eska dalys\",\"description\":\"Ekskavatori\u0173 \\\/ mini ekskavatori\u0173 \\\/ buldozeri\u0173 dalys\",\"publisher\":{\"@id\":\"https:\\\/\\\/eskadalys.lt\\\/#organization\"},\"potentialAction\":[{\"@type\":\"SearchAction\",\"target\":{\"@type\":\"EntryPoint\",\"urlTemplate\":\"https:\\\/\\\/eskadalys.lt\\\/?s={search_term_string}\"},\"query-input\":{\"@type\":\"PropertyValueSpecification\",\"valueRequired\":true,\"valueName\":\"search_term_string\"}}],\"inLanguage\":\"da-DK\"},{\"@type\":\"Organization\",\"@id\":\"https:\\\/\\\/eskadalys.lt\\\/#organization\",\"name\":\"Eska dalys\",\"url\":\"https:\\\/\\\/eskadalys.lt\\\/\",\"logo\":{\"@type\":\"ImageObject\",\"inLanguage\":\"da-DK\",\"@id\":\"https:\\\/\\\/eskadalys.lt\\\/#\\\/schema\\\/logo\\\/image\\\/\",\"url\":\"https:\\\/\\\/eskadalys.lt\\\/wp-content\\\/uploads\\\/2024\\\/01\\\/LOGO-ESKA-FINAL.svg\",\"contentUrl\":\"https:\\\/\\\/eskadalys.lt\\\/wp-content\\\/uploads\\\/2024\\\/01\\\/LOGO-ESKA-FINAL.svg\",\"width\":259,\"height\":201,\"caption\":\"Eska dalys\"},\"image\":{\"@id\":\"https:\\\/\\\/eskadalys.lt\\\/#\\\/schema\\\/logo\\\/image\\\/\"},\"sameAs\":[\"https:\\\/\\\/www.facebook.com\\\/profile.php?id=61556005720456\"]}]}<\/script>\n<!-- \/ Yoast SEO plugin. -->","yoast_head_json":{"title":"Glideplade CVA - 2096188 | God pris | Hurtig levering | Eska reservedele","description":"Bundplade - 2096188 Dimensioner: Indvendig diameter: 85 mm, Ydre diameter: 105 mm, Tykkelse: 12 mm, Passer til: CAT, Rendegraver, 416B, 416C, 416D, 426B, 426C, 428C, 428D, 428E, 436B, 436C, 438C, 438D, 442D, 446D OE-numre: 3931053, 9R1788.","robots":{"index":"index","follow":"follow","max-snippet":"max-snippet:-1","max-image-preview":"max-image-preview:large","max-video-preview":"max-video-preview:-1"},"canonical":"https:\/\/eskadalys.lt\/da\/produkt-da\/glideplade-cva\/","og_locale":"da_DK","og_type":"article","og_title":"Slydimo plok\u0161t\u0117 CVA - 2096188 | Gera kaina | Greitas pristatymas | Eska dalys","og_description":"Slydimo plok\u0161t\u0117 - 2096188 Matmenys : Vidinis skersmuo: 85 mm, I\u0161orinis skersmuo:\u00a0105 mm, Storis: 12 mm, Tinka: CAT, Ekskavatorius krautuvas, 416B, 416C, 416D, 426B, 426C, 428C, 428D, 428E, 436B, 436C, 438C, 438D, 442D, 446D OE numeriai: 3931053, 9R1788.","og_url":"https:\/\/eskadalys.lt\/da\/produkt-da\/glideplade-cva\/","og_site_name":"Eska dalys","article_publisher":"https:\/\/www.facebook.com\/profile.php?id=61556005720456","article_modified_time":"2026-03-26T07:58:02+00:00","og_image":[{"width":1600,"height":1387,"url":"https:\/\/eskadalys.lt\/wp-content\/uploads\/2024\/02\/plate-20240121-191222-scaled-1.jpg?v=1714911799","type":"image\/jpeg"}],"schema":{"@context":"https:\/\/schema.org","@graph":[{"@type":"WebPage","@id":"https:\/\/eskadalys.lt\/product\/slydimo-plokste-cva\/","url":"https:\/\/eskadalys.lt\/product\/slydimo-plokste-cva\/","name":"Glideplade CVA - 2096188 | God pris | Hurtig levering | Eska reservedele","isPartOf":{"@id":"https:\/\/eskadalys.lt\/#website"},"primaryImageOfPage":{"@id":"https:\/\/eskadalys.lt\/product\/slydimo-plokste-cva\/#primaryimage"},"image":{"@id":"https:\/\/eskadalys.lt\/product\/slydimo-plokste-cva\/#primaryimage"},"thumbnailUrl":"https:\/\/eskadalys.lt\/wp-content\/uploads\/2024\/02\/plate-20240121-191222-scaled-1.jpg?v=1714911799","datePublished":"2024-02-11T05:56:16+00:00","dateModified":"2026-03-26T07:58:02+00:00","description":"Bundplade - 2096188 Dimensioner: Indvendig diameter: 85 mm, Ydre diameter: 105 mm, Tykkelse: 12 mm, Passer til: CAT, Rendegraver, 416B, 416C, 416D, 426B, 426C, 428C, 428D, 428E, 436B, 436C, 438C, 438D, 442D, 446D OE-numre: 3931053, 9R1788.","breadcrumb":{"@id":"https:\/\/eskadalys.lt\/product\/slydimo-plokste-cva\/#breadcrumb"},"inLanguage":"da-DK","potentialAction":[{"@type":"ReadAction","target":["https:\/\/eskadalys.lt\/product\/slydimo-plokste-cva\/"]}]},{"@type":"ImageObject","inLanguage":"da-DK","@id":"https:\/\/eskadalys.lt\/product\/slydimo-plokste-cva\/#primaryimage","url":"https:\/\/eskadalys.lt\/wp-content\/uploads\/2024\/02\/plate-20240121-191222-scaled-1.jpg?v=1714911799","contentUrl":"https:\/\/eskadalys.lt\/wp-content\/uploads\/2024\/02\/plate-20240121-191222-scaled-1.jpg?v=1714911799","width":1600,"height":1387},{"@type":"BreadcrumbList","@id":"https:\/\/eskadalys.lt\/product\/slydimo-plokste-cva\/#breadcrumb","itemListElement":[{"@type":"ListItem","position":1,"name":"Strona g\u0142\u00f3wna","item":"https:\/\/eskadalys.lt\/"},{"@type":"ListItem","position":2,"name":"E-parduotuv\u0117","item":"https:\/\/eskadalys.lt\/e-parduotuve\/"},{"@type":"ListItem","position":3,"name":"Slydimo plok\u0161t\u0117 CVA &#8211; 2096188"}]},{"@type":"WebSite","@id":"https:\/\/eskadalys.lt\/#website","url":"https:\/\/eskadalys.lt\/","name":"Eska parts","description":"Reservedele til gravemaskine\/minigraver\/bulldozer","publisher":{"@id":"https:\/\/eskadalys.lt\/#organization"},"potentialAction":[{"@type":"SearchAction","target":{"@type":"EntryPoint","urlTemplate":"https:\/\/eskadalys.lt\/?s={search_term_string}"},"query-input":{"@type":"PropertyValueSpecification","valueRequired":true,"valueName":"search_term_string"}}],"inLanguage":"da-DK"},{"@type":"Organization","@id":"https:\/\/eskadalys.lt\/#organization","name":"Eska parts","url":"https:\/\/eskadalys.lt\/","logo":{"@type":"ImageObject","inLanguage":"da-DK","@id":"https:\/\/eskadalys.lt\/#\/schema\/logo\/image\/","url":"https:\/\/eskadalys.lt\/wp-content\/uploads\/2024\/01\/LOGO-ESKA-FINAL.svg","contentUrl":"https:\/\/eskadalys.lt\/wp-content\/uploads\/2024\/01\/LOGO-ESKA-FINAL.svg","width":259,"height":201,"caption":"Eska dalys"},"image":{"@id":"https:\/\/eskadalys.lt\/#\/schema\/logo\/image\/"},"sameAs":["https:\/\/www.facebook.com\/profile.php?id=61556005720456"]}]}},"_links":{"self":[{"href":"https:\/\/eskadalys.lt\/da\/wp-json\/wp\/v2\/product\/6974","targetHints":{"allow":["GET"]}}],"collection":[{"href":"https:\/\/eskadalys.lt\/da\/wp-json\/wp\/v2\/product"}],"about":[{"href":"https:\/\/eskadalys.lt\/da\/wp-json\/wp\/v2\/types\/product"}],"wp:featuredmedia":[{"embeddable":true,"href":"https:\/\/eskadalys.lt\/da\/wp-json\/wp\/v2\/media\/106834"}],"wp:attachment":[{"href":"https:\/\/eskadalys.lt\/da\/wp-json\/wp\/v2\/media?parent=6974"}],"wp:term":[{"taxonomy":"product_brand","embeddable":true,"href":"https:\/\/eskadalys.lt\/da\/wp-json\/wp\/v2\/product_brand?post=6974"},{"taxonomy":"product_cat","embeddable":true,"href":"https:\/\/eskadalys.lt\/da\/wp-json\/wp\/v2\/product_cat?post=6974"},{"taxonomy":"product_tag","embeddable":true,"href":"https:\/\/eskadalys.lt\/da\/wp-json\/wp\/v2\/product_tag?post=6974"}],"curies":[{"name":"wp","href":"https:\/\/api.w.org\/{rel}","templated":true}]}}