{"id":648,"date":"2024-02-10T23:56:34","date_gmt":"2024-02-10T21:56:34","guid":{"rendered":"https:\/\/eskadalys.lt\/?post_type=product&#038;p=648"},"modified":"2026-04-22T16:27:48","modified_gmt":"2026-04-22T13:27:48","slug":"tepalo-filtras-oem","status":"publish","type":"product","link":"https:\/\/eskadalys.lt\/da\/product\/tepalo-filtras-oem\/","title":{"rendered":"Oliefilter OEM \u2013 7W2326"},"content":{"rendered":"<p><strong>Oliefilter OEM \u2013 7W2326<\/strong><br \/>\n<strong>Velegnet til:<\/strong> CAT, Ekskavatorius krautuvas, 416B, 416C, 416D, 416E, 416F, 420D, 420E, 420F, 422E, 422F, 424D, 426, 426B, 426C, 428, 428B, 428C, 428D, 428E, 428F, 430D, 430E, 430F, 432D, 432E, 432F, 434E, 436, 436B, 436C, 438, 438B, 438C, 438D, 442D, 442E, 444E, 446, 446B, 446D, 450E, Variklis, 3054, 3064, M312, M313C, M313D, M315, M315C, M315D, 312, 312B, 312C, 315, 315B, 317, Teleskopiniai krautuvai, TH62, TH63, TH82, TH83, TH103, TH210, TH215, TH220B, TH330B, TH340B, TH350B, TH355B, TH460B, TH560B, TH580B, D3K, D3K2, D4K, D4K2, D5K, D5K2, D6K, 908, 914G, 914G2, 450F, TH337C, TH407C, TH406C, TH336C, 914K, 910K, 444F, 434F, M314F, M315F, M316F, M317F, M323F, M317, 910M, 914M, 918M, 428F2, 444F2, 432F2, M317, 432F2, 430F2<br \/>\n<strong>OE-numre::<\/strong> P55-4407, 3976603, 2654401, 2654407, 0003563603, S0420R, 061115561, 0001472220, 23.156.00, 2654400, 39766035, 5C1791, 185&#215;45<br \/>\n7W-2326<\/p>\n<h3>\ud83d\udd0d Leder efter et andet produkt fra kategorien <a href=\"https:\/\/eskadalys.lt\/da\/produktkategori-da\/filtre-olier-smoremidler\/oliefiltre\/\">Oliefiltre<\/a> ?<\/h3>\n<h3>\ud83d\udee0\ufe0f CAT-dele \u2013 du kan finde flere af dem <a href=\"https:\/\/eskadalys.lt\/da\/produktkategori-da\/filtre-olier-smoremidler\/\"\">Filtre\/olier\/sm\u00f8remidler<\/a> i kategorien.<\/h3>\n<p>Hvis du er usikker p\u00e5, om denne del passer til din maskine, <strong>Send os venligst k\u00f8ret\u00f8jets serienummer (VIN) inden k\u00f8b.<\/strong>. Vi vil kontrollere kompatibiliteten ved hj\u00e6lp af katalogerne og <strong>Vi tilbyder den rigtige del<\/strong>. Hvis du ikke kan finde den del, du har brug for, s\u00e5 skriv til os - vi hj\u00e6lper dig med at finde den!<\/p>\n<p><strong>\ud83d\udce6 Lager i Litauen<\/strong> \u2013 ordrer afgivet f\u00f8r kl. 14.00 afsendes samme dag.<\/p>\n<p><strong>\ud83d\ude80 Hurtig levering<\/strong> \u2013 bestilte varer, som vi ikke har p\u00e5 lager i \u00f8jeblikket, leveres inden for 3-4 hverdage.<\/p>\n<p><strong>\ud83d\udcc8 Bredt udvalg<\/strong> \u2013 vi udvider l\u00f8bende vores produktudvalg.<\/p>","protected":false},"excerpt":{"rendered":"<p>7W2326 OEM<\/p>","protected":false},"featured_media":92864,"template":"","meta":{"site-sidebar-layout":"default","site-content-layout":"","ast-site-content-layout":"default","site-content-style":"default","site-sidebar-style":"default","ast-global-header-display":"","ast-banner-title-visibility":"","ast-main-header-display":"","ast-hfb-above-header-display":"","ast-hfb-below-header-display":"","ast-hfb-mobile-header-display":"","site-post-title":"","ast-breadcrumbs-content":"","ast-featured-img":"","footer-sml-layout":"","ast-disable-related-posts":"","theme-transparent-header-meta":"","adv-header-id-meta":"","stick-header-meta":"","header-above-stick-meta":"","header-main-stick-meta":"","header-below-stick-meta":"","astra-migrate-meta-layouts":"default","ast-page-background-enabled":"default","ast-page-background-meta":{"desktop":{"background-color":"","background-image":"","background-repeat":"repeat","background-position":"center center","background-size":"auto","background-attachment":"scroll","background-type":"","background-media":"","overlay-type":"","overlay-color":"","overlay-opacity":"","overlay-gradient":""},"tablet":{"background-color":"","background-image":"","background-repeat":"repeat","background-position":"center center","background-size":"auto","background-attachment":"scroll","background-type":"","background-media":"","overlay-type":"","overlay-color":"","overlay-opacity":"","overlay-gradient":""},"mobile":{"background-color":"","background-image":"","background-repeat":"repeat","background-position":"center center","background-size":"auto","background-attachment":"scroll","background-type":"","background-media":"","overlay-type":"","overlay-color":"","overlay-opacity":"","overlay-gradient":""}},"ast-content-background-meta":{"desktop":{"background-color":"var(--ast-global-color-5)","background-image":"","background-repeat":"repeat","background-position":"center center","background-size":"auto","background-attachment":"scroll","background-type":"","background-media":"","overlay-type":"","overlay-color":"","overlay-opacity":"","overlay-gradient":""},"tablet":{"background-color":"var(--ast-global-color-5)","background-image":"","background-repeat":"repeat","background-position":"center center","background-size":"auto","background-attachment":"scroll","background-type":"","background-media":"","overlay-type":"","overlay-color":"","overlay-opacity":"","overlay-gradient":""},"mobile":{"background-color":"var(--ast-global-color-5)","background-image":"","background-repeat":"repeat","background-position":"center center","background-size":"auto","background-attachment":"scroll","background-type":"","background-media":"","overlay-type":"","overlay-color":"","overlay-opacity":"","overlay-gradient":""}}},"product_brand":[],"product_cat":[797],"product_tag":[],"class_list":{"0":"post-648","1":"product","2":"type-product","3":"status-publish","4":"has-post-thumbnail","6":"product_cat-tepalu-filtrai","7":"desktop-align-left","8":"tablet-align-left","9":"mobile-align-left","11":"first","12":"instock","13":"taxable","14":"shipping-taxable","15":"purchasable","16":"product-type-simple"},"yoast_head":"<!-- This site is optimized with the Yoast SEO plugin v27.5 - https:\/\/yoast.com\/product\/yoast-seo-wordpress\/ -->\n<title>Tepalo filtras OEM - 7W2326 | Gera kaina | Greitas pristatymas | Eska dalys<\/title>\n<meta name=\"description\" content=\"Tepalo filtras OEM - 7W2326 Tinka: CAT, Ekskavatorius krautuvas, 416B, 416C, 416D, 416E, 416F, 420D, 420E, 420F, 422E, 422F, 424D, 426, 426B, 426C, 428, 428B, 428C, 428D, 428E, 428F, 430D, 430E, 430F, 432D, 432E, 432F, 434E, 436, 436B, 436C, 438, 438B, 438C, 438D, 442D, 442E, 444E, 446, 446B, 446D, 450E, Variklis, 3054, 3064, M312, M313C, M313D, M315, M315C, M315D, 312, 312B, 312C, 315, 315B, 317, Teleskopiniai krautuvai, TH62, TH63, TH82, TH83, TH103, TH210, TH215, TH220B, TH330B, TH340B, TH350B, TH355B, TH460B, TH560B, TH580B, D3K, D3K2, D4K, D4K2, D5K, D5K2, D6K, 908, 914G, 914G2, 450F, TH337C, TH407C, TH406C, TH336C, 914K, 910K, 444F, 434F, M314F, M315F, M316F, M317F, M323F, M317, 910M, 914M, 918M, 428F2, 444F2, 432F2, M317, 432F2, 430F2 OE numeriai: P55-4407, 3976603, 2654401, 2654407, 0003563603, S0420R, 061115561, 0001472220, 23.156.00, 2654400, 39766035, 5C1791, 185x45\" \/>\n<meta name=\"robots\" content=\"index, follow, max-snippet:-1, max-image-preview:large, max-video-preview:-1\" \/>\n<link rel=\"canonical\" href=\"https:\/\/eskadalys.lt\/da\/produkt-da\/tepalo-filtras-oem\/\" \/>\n<meta property=\"og:locale\" content=\"da_DK\" \/>\n<meta property=\"og:type\" content=\"article\" \/>\n<meta property=\"og:title\" content=\"Tepalo filtras OEM - 7W2326 | Gera kaina | Greitas pristatymas | Eska dalys\" \/>\n<meta property=\"og:description\" content=\"Tepalo filtras OEM - 7W2326 Tinka: CAT, Ekskavatorius krautuvas, 416B, 416C, 416D, 416E, 416F, 420D, 420E, 420F, 422E, 422F, 424D, 426, 426B, 426C, 428, 428B, 428C, 428D, 428E, 428F, 430D, 430E, 430F, 432D, 432E, 432F, 434E, 436, 436B, 436C, 438, 438B, 438C, 438D, 442D, 442E, 444E, 446, 446B, 446D, 450E, Variklis, 3054, 3064, M312, M313C, M313D, M315, M315C, M315D, 312, 312B, 312C, 315, 315B, 317, Teleskopiniai krautuvai, TH62, TH63, TH82, TH83, TH103, TH210, TH215, TH220B, TH330B, TH340B, TH350B, TH355B, TH460B, TH560B, TH580B, D3K, D3K2, D4K, D4K2, D5K, D5K2, D6K, 908, 914G, 914G2, 450F, TH337C, TH407C, TH406C, TH336C, 914K, 910K, 444F, 434F, M314F, M315F, M316F, M317F, M323F, M317, 910M, 914M, 918M, 428F2, 444F2, 432F2, M317, 432F2, 430F2 OE numeriai: P55-4407, 3976603, 2654401, 2654407, 0003563603, S0420R, 061115561, 0001472220, 23.156.00, 2654400, 39766035, 5C1791, 185x45\" \/>\n<meta property=\"og:url\" content=\"https:\/\/eskadalys.lt\/da\/produkt-da\/tepalo-filtras-oem\/\" \/>\n<meta property=\"og:site_name\" content=\"Eska dalys\" \/>\n<meta property=\"article:publisher\" content=\"https:\/\/www.facebook.com\/profile.php?id=61556005720456\" \/>\n<meta property=\"article:modified_time\" content=\"2026-04-22T13:27:48+00:00\" \/>\n<meta property=\"og:image\" content=\"https:\/\/eskadalys.lt\/wp-content\/uploads\/2024\/02\/oil-filter-20240121-113620.png?v=1714952538\" \/>\n\t<meta property=\"og:image:width\" content=\"1600\" \/>\n\t<meta property=\"og:image:height\" content=\"1469\" \/>\n\t<meta property=\"og:image:type\" content=\"image\/png\" \/>\n<script type=\"application\/ld+json\" class=\"yoast-schema-graph\">{\"@context\":\"https:\\\/\\\/schema.org\",\"@graph\":[{\"@type\":\"WebPage\",\"@id\":\"https:\\\/\\\/eskadalys.lt\\\/product\\\/tepalo-filtras-oem\\\/\",\"url\":\"https:\\\/\\\/eskadalys.lt\\\/product\\\/tepalo-filtras-oem\\\/\",\"name\":\"Tepalo filtras OEM - 7W2326 | Gera kaina | Greitas pristatymas | Eska dalys\",\"isPartOf\":{\"@id\":\"https:\\\/\\\/eskadalys.lt\\\/#website\"},\"primaryImageOfPage\":{\"@id\":\"https:\\\/\\\/eskadalys.lt\\\/product\\\/tepalo-filtras-oem\\\/#primaryimage\"},\"image\":{\"@id\":\"https:\\\/\\\/eskadalys.lt\\\/product\\\/tepalo-filtras-oem\\\/#primaryimage\"},\"thumbnailUrl\":\"https:\\\/\\\/eskadalys.lt\\\/wp-content\\\/uploads\\\/2024\\\/02\\\/oil-filter-20240121-113620.png?v=1714952538\",\"datePublished\":\"2024-02-10T21:56:34+00:00\",\"dateModified\":\"2026-04-22T13:27:48+00:00\",\"description\":\"Tepalo filtras OEM - 7W2326 Tinka: CAT, Ekskavatorius krautuvas, 416B, 416C, 416D, 416E, 416F, 420D, 420E, 420F, 422E, 422F, 424D, 426, 426B, 426C, 428, 428B, 428C, 428D, 428E, 428F, 430D, 430E, 430F, 432D, 432E, 432F, 434E, 436, 436B, 436C, 438, 438B, 438C, 438D, 442D, 442E, 444E, 446, 446B, 446D, 450E, Variklis, 3054, 3064, M312, M313C, M313D, M315, M315C, M315D, 312, 312B, 312C, 315, 315B, 317, Teleskopiniai krautuvai, TH62, TH63, TH82, TH83, TH103, TH210, TH215, TH220B, TH330B, TH340B, TH350B, TH355B, TH460B, TH560B, TH580B, D3K, D3K2, D4K, D4K2, D5K, D5K2, D6K, 908, 914G, 914G2, 450F, TH337C, TH407C, TH406C, TH336C, 914K, 910K, 444F, 434F, M314F, M315F, M316F, M317F, M323F, M317, 910M, 914M, 918M, 428F2, 444F2, 432F2, M317, 432F2, 430F2 OE numeriai: P55-4407, 3976603, 2654401, 2654407, 0003563603, S0420R, 061115561, 0001472220, 23.156.00, 2654400, 39766035, 5C1791, 185x45\",\"breadcrumb\":{\"@id\":\"https:\\\/\\\/eskadalys.lt\\\/product\\\/tepalo-filtras-oem\\\/#breadcrumb\"},\"inLanguage\":\"da-DK\",\"potentialAction\":[{\"@type\":\"ReadAction\",\"target\":[\"https:\\\/\\\/eskadalys.lt\\\/product\\\/tepalo-filtras-oem\\\/\"]}]},{\"@type\":\"ImageObject\",\"inLanguage\":\"da-DK\",\"@id\":\"https:\\\/\\\/eskadalys.lt\\\/product\\\/tepalo-filtras-oem\\\/#primaryimage\",\"url\":\"https:\\\/\\\/eskadalys.lt\\\/wp-content\\\/uploads\\\/2024\\\/02\\\/oil-filter-20240121-113620.png?v=1714952538\",\"contentUrl\":\"https:\\\/\\\/eskadalys.lt\\\/wp-content\\\/uploads\\\/2024\\\/02\\\/oil-filter-20240121-113620.png?v=1714952538\",\"width\":1600,\"height\":1469},{\"@type\":\"BreadcrumbList\",\"@id\":\"https:\\\/\\\/eskadalys.lt\\\/product\\\/tepalo-filtras-oem\\\/#breadcrumb\",\"itemListElement\":[{\"@type\":\"ListItem\",\"position\":1,\"name\":\"Strona g\u0142\u00f3wna\",\"item\":\"https:\\\/\\\/eskadalys.lt\\\/\"},{\"@type\":\"ListItem\",\"position\":2,\"name\":\"E-parduotuv\u0117\",\"item\":\"https:\\\/\\\/eskadalys.lt\\\/e-parduotuve\\\/\"},{\"@type\":\"ListItem\",\"position\":3,\"name\":\"Tepalo filtras OEM &#8211; 7W2326\"}]},{\"@type\":\"WebSite\",\"@id\":\"https:\\\/\\\/eskadalys.lt\\\/#website\",\"url\":\"https:\\\/\\\/eskadalys.lt\\\/\",\"name\":\"Eska dalys\",\"description\":\"Ekskavatori\u0173 \\\/ mini ekskavatori\u0173 \\\/ buldozeri\u0173 dalys\",\"publisher\":{\"@id\":\"https:\\\/\\\/eskadalys.lt\\\/#organization\"},\"potentialAction\":[{\"@type\":\"SearchAction\",\"target\":{\"@type\":\"EntryPoint\",\"urlTemplate\":\"https:\\\/\\\/eskadalys.lt\\\/?s={search_term_string}\"},\"query-input\":{\"@type\":\"PropertyValueSpecification\",\"valueRequired\":true,\"valueName\":\"search_term_string\"}}],\"inLanguage\":\"da-DK\"},{\"@type\":\"Organization\",\"@id\":\"https:\\\/\\\/eskadalys.lt\\\/#organization\",\"name\":\"Eska dalys\",\"url\":\"https:\\\/\\\/eskadalys.lt\\\/\",\"logo\":{\"@type\":\"ImageObject\",\"inLanguage\":\"da-DK\",\"@id\":\"https:\\\/\\\/eskadalys.lt\\\/#\\\/schema\\\/logo\\\/image\\\/\",\"url\":\"https:\\\/\\\/eskadalys.lt\\\/wp-content\\\/uploads\\\/2024\\\/01\\\/LOGO-ESKA-FINAL.svg\",\"contentUrl\":\"https:\\\/\\\/eskadalys.lt\\\/wp-content\\\/uploads\\\/2024\\\/01\\\/LOGO-ESKA-FINAL.svg\",\"width\":259,\"height\":201,\"caption\":\"Eska dalys\"},\"image\":{\"@id\":\"https:\\\/\\\/eskadalys.lt\\\/#\\\/schema\\\/logo\\\/image\\\/\"},\"sameAs\":[\"https:\\\/\\\/www.facebook.com\\\/profile.php?id=61556005720456\"]}]}<\/script>\n<!-- \/ Yoast SEO plugin. -->","yoast_head_json":{"title":"Tepalo filtras OEM - 7W2326 | Gera kaina | Greitas pristatymas | Eska dalys","description":"Tepalo filtras OEM - 7W2326 Tinka: CAT, Ekskavatorius krautuvas, 416B, 416C, 416D, 416E, 416F, 420D, 420E, 420F, 422E, 422F, 424D, 426, 426B, 426C, 428, 428B, 428C, 428D, 428E, 428F, 430D, 430E, 430F, 432D, 432E, 432F, 434E, 436, 436B, 436C, 438, 438B, 438C, 438D, 442D, 442E, 444E, 446, 446B, 446D, 450E, Variklis, 3054, 3064, M312, M313C, M313D, M315, M315C, M315D, 312, 312B, 312C, 315, 315B, 317, Teleskopiniai krautuvai, TH62, TH63, TH82, TH83, TH103, TH210, TH215, TH220B, TH330B, TH340B, TH350B, TH355B, TH460B, TH560B, TH580B, D3K, D3K2, D4K, D4K2, D5K, D5K2, D6K, 908, 914G, 914G2, 450F, TH337C, TH407C, TH406C, TH336C, 914K, 910K, 444F, 434F, M314F, M315F, M316F, M317F, M323F, M317, 910M, 914M, 918M, 428F2, 444F2, 432F2, M317, 432F2, 430F2 OE numeriai: P55-4407, 3976603, 2654401, 2654407, 0003563603, S0420R, 061115561, 0001472220, 23.156.00, 2654400, 39766035, 5C1791, 185x45","robots":{"index":"index","follow":"follow","max-snippet":"max-snippet:-1","max-image-preview":"max-image-preview:large","max-video-preview":"max-video-preview:-1"},"canonical":"https:\/\/eskadalys.lt\/da\/produkt-da\/tepalo-filtras-oem\/","og_locale":"da_DK","og_type":"article","og_title":"Tepalo filtras OEM - 7W2326 | Gera kaina | Greitas pristatymas | Eska dalys","og_description":"Tepalo filtras OEM - 7W2326 Tinka: CAT, Ekskavatorius krautuvas, 416B, 416C, 416D, 416E, 416F, 420D, 420E, 420F, 422E, 422F, 424D, 426, 426B, 426C, 428, 428B, 428C, 428D, 428E, 428F, 430D, 430E, 430F, 432D, 432E, 432F, 434E, 436, 436B, 436C, 438, 438B, 438C, 438D, 442D, 442E, 444E, 446, 446B, 446D, 450E, Variklis, 3054, 3064, M312, M313C, M313D, M315, M315C, M315D, 312, 312B, 312C, 315, 315B, 317, Teleskopiniai krautuvai, TH62, TH63, TH82, TH83, TH103, TH210, TH215, TH220B, TH330B, TH340B, TH350B, TH355B, TH460B, TH560B, TH580B, D3K, D3K2, D4K, D4K2, D5K, D5K2, D6K, 908, 914G, 914G2, 450F, TH337C, TH407C, TH406C, TH336C, 914K, 910K, 444F, 434F, M314F, M315F, M316F, M317F, M323F, M317, 910M, 914M, 918M, 428F2, 444F2, 432F2, M317, 432F2, 430F2 OE numeriai: P55-4407, 3976603, 2654401, 2654407, 0003563603, S0420R, 061115561, 0001472220, 23.156.00, 2654400, 39766035, 5C1791, 185x45","og_url":"https:\/\/eskadalys.lt\/da\/produkt-da\/tepalo-filtras-oem\/","og_site_name":"Eska dalys","article_publisher":"https:\/\/www.facebook.com\/profile.php?id=61556005720456","article_modified_time":"2026-04-22T13:27:48+00:00","og_image":[{"width":1600,"height":1469,"url":"https:\/\/eskadalys.lt\/wp-content\/uploads\/2024\/02\/oil-filter-20240121-113620.png?v=1714952538","type":"image\/png"}],"schema":{"@context":"https:\/\/schema.org","@graph":[{"@type":"WebPage","@id":"https:\/\/eskadalys.lt\/product\/tepalo-filtras-oem\/","url":"https:\/\/eskadalys.lt\/product\/tepalo-filtras-oem\/","name":"Tepalo filtras OEM - 7W2326 | Gera kaina | Greitas pristatymas | Eska dalys","isPartOf":{"@id":"https:\/\/eskadalys.lt\/#website"},"primaryImageOfPage":{"@id":"https:\/\/eskadalys.lt\/product\/tepalo-filtras-oem\/#primaryimage"},"image":{"@id":"https:\/\/eskadalys.lt\/product\/tepalo-filtras-oem\/#primaryimage"},"thumbnailUrl":"https:\/\/eskadalys.lt\/wp-content\/uploads\/2024\/02\/oil-filter-20240121-113620.png?v=1714952538","datePublished":"2024-02-10T21:56:34+00:00","dateModified":"2026-04-22T13:27:48+00:00","description":"Tepalo filtras OEM - 7W2326 Tinka: CAT, Ekskavatorius krautuvas, 416B, 416C, 416D, 416E, 416F, 420D, 420E, 420F, 422E, 422F, 424D, 426, 426B, 426C, 428, 428B, 428C, 428D, 428E, 428F, 430D, 430E, 430F, 432D, 432E, 432F, 434E, 436, 436B, 436C, 438, 438B, 438C, 438D, 442D, 442E, 444E, 446, 446B, 446D, 450E, Variklis, 3054, 3064, M312, M313C, M313D, M315, M315C, M315D, 312, 312B, 312C, 315, 315B, 317, Teleskopiniai krautuvai, TH62, TH63, TH82, TH83, TH103, TH210, TH215, TH220B, TH330B, TH340B, TH350B, TH355B, TH460B, TH560B, TH580B, D3K, D3K2, D4K, D4K2, D5K, D5K2, D6K, 908, 914G, 914G2, 450F, TH337C, TH407C, TH406C, TH336C, 914K, 910K, 444F, 434F, M314F, M315F, M316F, M317F, M323F, M317, 910M, 914M, 918M, 428F2, 444F2, 432F2, M317, 432F2, 430F2 OE numeriai: P55-4407, 3976603, 2654401, 2654407, 0003563603, S0420R, 061115561, 0001472220, 23.156.00, 2654400, 39766035, 5C1791, 185x45","breadcrumb":{"@id":"https:\/\/eskadalys.lt\/product\/tepalo-filtras-oem\/#breadcrumb"},"inLanguage":"da-DK","potentialAction":[{"@type":"ReadAction","target":["https:\/\/eskadalys.lt\/product\/tepalo-filtras-oem\/"]}]},{"@type":"ImageObject","inLanguage":"da-DK","@id":"https:\/\/eskadalys.lt\/product\/tepalo-filtras-oem\/#primaryimage","url":"https:\/\/eskadalys.lt\/wp-content\/uploads\/2024\/02\/oil-filter-20240121-113620.png?v=1714952538","contentUrl":"https:\/\/eskadalys.lt\/wp-content\/uploads\/2024\/02\/oil-filter-20240121-113620.png?v=1714952538","width":1600,"height":1469},{"@type":"BreadcrumbList","@id":"https:\/\/eskadalys.lt\/product\/tepalo-filtras-oem\/#breadcrumb","itemListElement":[{"@type":"ListItem","position":1,"name":"Strona g\u0142\u00f3wna","item":"https:\/\/eskadalys.lt\/"},{"@type":"ListItem","position":2,"name":"E-parduotuv\u0117","item":"https:\/\/eskadalys.lt\/e-parduotuve\/"},{"@type":"ListItem","position":3,"name":"Tepalo filtras OEM &#8211; 7W2326"}]},{"@type":"WebSite","@id":"https:\/\/eskadalys.lt\/#website","url":"https:\/\/eskadalys.lt\/","name":"Eska parts","description":"Reservedele til gravemaskine\/minigraver\/bulldozer","publisher":{"@id":"https:\/\/eskadalys.lt\/#organization"},"potentialAction":[{"@type":"SearchAction","target":{"@type":"EntryPoint","urlTemplate":"https:\/\/eskadalys.lt\/?s={search_term_string}"},"query-input":{"@type":"PropertyValueSpecification","valueRequired":true,"valueName":"search_term_string"}}],"inLanguage":"da-DK"},{"@type":"Organization","@id":"https:\/\/eskadalys.lt\/#organization","name":"Eska parts","url":"https:\/\/eskadalys.lt\/","logo":{"@type":"ImageObject","inLanguage":"da-DK","@id":"https:\/\/eskadalys.lt\/#\/schema\/logo\/image\/","url":"https:\/\/eskadalys.lt\/wp-content\/uploads\/2024\/01\/LOGO-ESKA-FINAL.svg","contentUrl":"https:\/\/eskadalys.lt\/wp-content\/uploads\/2024\/01\/LOGO-ESKA-FINAL.svg","width":259,"height":201,"caption":"Eska dalys"},"image":{"@id":"https:\/\/eskadalys.lt\/#\/schema\/logo\/image\/"},"sameAs":["https:\/\/www.facebook.com\/profile.php?id=61556005720456"]}]}},"_links":{"self":[{"href":"https:\/\/eskadalys.lt\/da\/wp-json\/wp\/v2\/product\/648","targetHints":{"allow":["GET"]}}],"collection":[{"href":"https:\/\/eskadalys.lt\/da\/wp-json\/wp\/v2\/product"}],"about":[{"href":"https:\/\/eskadalys.lt\/da\/wp-json\/wp\/v2\/types\/product"}],"wp:featuredmedia":[{"embeddable":true,"href":"https:\/\/eskadalys.lt\/da\/wp-json\/wp\/v2\/media\/92864"}],"wp:attachment":[{"href":"https:\/\/eskadalys.lt\/da\/wp-json\/wp\/v2\/media?parent=648"}],"wp:term":[{"taxonomy":"product_brand","embeddable":true,"href":"https:\/\/eskadalys.lt\/da\/wp-json\/wp\/v2\/product_brand?post=648"},{"taxonomy":"product_cat","embeddable":true,"href":"https:\/\/eskadalys.lt\/da\/wp-json\/wp\/v2\/product_cat?post=648"},{"taxonomy":"product_tag","embeddable":true,"href":"https:\/\/eskadalys.lt\/da\/wp-json\/wp\/v2\/product_tag?post=648"}],"curies":[{"name":"wp","href":"https:\/\/api.w.org\/{rel}","templated":true}]}}