{"id":5916,"date":"2024-02-11T06:24:49","date_gmt":"2024-02-11T04:24:49","guid":{"rendered":"https:\/\/eskadalys.lt\/?post_type=product&#038;p=5916"},"modified":"2026-04-12T08:19:50","modified_gmt":"2026-04-12T05:19:50","slug":"glideplade-med-lang-levetid-i-polyamid-15","status":"publish","type":"product","link":"https:\/\/eskadalys.lt\/da\/product\/slydimo-plokstele-long-life-poliamidas-15\/","title":{"rendered":"Glideplade LANG LIVSTID Polyamid !!! \u2013 2269764"},"content":{"rendered":"<p><strong>Glideplade LANG LIVSTID Polyamid !!! \u2013 2269764<\/strong><br \/>\nDimensioner:<br \/>\nL\u00e6ngde: 302 mm,<br \/>\nBredde: 132 mm,<br \/>\nTykkelse: 10 mm,<br \/>\nBoltafstand 151 mm,<br \/>\nSkrue 3\/8\u2033<br \/>\n<strong>Velegnet til:<\/strong> CAT, Rendegraver, 416E, 420E, 422E, 428E, 430E, 432E, 434E, 442E, 444E, 450E, 424E<br \/>\n<strong>OE-numre::<\/strong> 2269764, 300&#215;130<br \/>\n226-9764<\/p>\n<h3>\ud83d\udd0d Leder efter et andet produkt fra kategorien <a href=\"https:\/\/eskadalys.lt\/da\/produktkategori-da\/beskyttelsesplader\/bombeskyttelsesplader\/\">Boom-beskyttelsesplader<\/a> ?<\/h3>\n<h3>\ud83d\udee0\ufe0f Reservedele til entrepren\u00f8rmaskiner - du kan finde flere af dem <a href=\"https:\/\/eskadalys.lt\/da\/produktkategori-da\/beskyttelsesplader\/\">Glideplader<\/a> i kategorien.<\/h3>\n<p>Hvis du er usikker p\u00e5, om denne del passer til din maskine, <strong>Send os venligst k\u00f8ret\u00f8jets serienummer (VIN) inden k\u00f8b.<\/strong>. Vi vil kontrollere kompatibiliteten ved hj\u00e6lp af katalogerne og <strong>Vi tilbyder den rigtige del<\/strong>. Hvis du ikke kan finde den del, du har brug for, s\u00e5 skriv til os - vi hj\u00e6lper dig med at finde den!<\/p>\n<p><strong>\ud83d\udce6 Lager i Litauen<\/strong> \u2013 ordrer afgivet f\u00f8r kl. 14.00 afsendes samme dag.<\/p>\n<p><strong>\ud83d\ude80 Hurtig levering<\/strong> \u2013 bestilte varer, som vi ikke har p\u00e5 lager i \u00f8jeblikket, leveres inden for 3-4 hverdage.<\/p>\n<p><strong>\ud83d\udcc8 Bredt udvalg<\/strong> \u2013 vi udvider l\u00f8bende vores produktudvalg.<\/p>","protected":false},"excerpt":{"rendered":"<p>2269764 CVA<\/p>","protected":false},"featured_media":104275,"template":"","meta":{"site-sidebar-layout":"default","site-content-layout":"","ast-site-content-layout":"default","site-content-style":"default","site-sidebar-style":"default","ast-global-header-display":"","ast-banner-title-visibility":"","ast-main-header-display":"","ast-hfb-above-header-display":"","ast-hfb-below-header-display":"","ast-hfb-mobile-header-display":"","site-post-title":"","ast-breadcrumbs-content":"","ast-featured-img":"","footer-sml-layout":"","ast-disable-related-posts":"","theme-transparent-header-meta":"default","adv-header-id-meta":"","stick-header-meta":"","header-above-stick-meta":"","header-main-stick-meta":"","header-below-stick-meta":"","astra-migrate-meta-layouts":"set","ast-page-background-enabled":"default","ast-page-background-meta":{"desktop":{"background-color":"","background-image":"","background-repeat":"repeat","background-position":"center center","background-size":"auto","background-attachment":"scroll","background-type":"","background-media":"","overlay-type":"","overlay-color":"","overlay-opacity":"","overlay-gradient":""},"tablet":{"background-color":"","background-image":"","background-repeat":"repeat","background-position":"center center","background-size":"auto","background-attachment":"scroll","background-type":"","background-media":"","overlay-type":"","overlay-color":"","overlay-opacity":"","overlay-gradient":""},"mobile":{"background-color":"","background-image":"","background-repeat":"repeat","background-position":"center center","background-size":"auto","background-attachment":"scroll","background-type":"","background-media":"","overlay-type":"","overlay-color":"","overlay-opacity":"","overlay-gradient":""}},"ast-content-background-meta":{"desktop":{"background-color":"var(--ast-global-color-5)","background-image":"","background-repeat":"repeat","background-position":"center center","background-size":"auto","background-attachment":"scroll","background-type":"","background-media":"","overlay-type":"","overlay-color":"","overlay-opacity":"","overlay-gradient":""},"tablet":{"background-color":"var(--ast-global-color-5)","background-image":"","background-repeat":"repeat","background-position":"center center","background-size":"auto","background-attachment":"scroll","background-type":"","background-media":"","overlay-type":"","overlay-color":"","overlay-opacity":"","overlay-gradient":""},"mobile":{"background-color":"var(--ast-global-color-5)","background-image":"","background-repeat":"repeat","background-position":"center center","background-size":"auto","background-attachment":"scroll","background-type":"","background-media":"","overlay-type":"","overlay-color":"","overlay-opacity":"","overlay-gradient":""}}},"product_brand":[],"product_cat":[842],"product_tag":[50267,50268,49562,49526,49527,49662,49462,49533,49464,49471,49539,49540,49544,43030,47753],"class_list":{"0":"post-5916","1":"product","2":"type-product","3":"status-publish","4":"has-post-thumbnail","6":"product_cat-streles-slydimo-ploksteles","7":"product_tag-50267","8":"product_tag-300x130","9":"product_tag-416e","10":"product_tag-420e","11":"product_tag-422e","12":"product_tag-424e","13":"product_tag-428e","14":"product_tag-430e","15":"product_tag-432e","16":"product_tag-434e","17":"product_tag-442e","18":"product_tag-444e","19":"product_tag-450e","20":"product_tag-cat","21":"product_tag-ekskavatorius-krautuvas","22":"desktop-align-left","23":"tablet-align-left","24":"mobile-align-left","26":"first","27":"instock","28":"taxable","29":"shipping-taxable","30":"purchasable","31":"product-type-simple"},"yoast_head":"<!-- This site is optimized with the Yoast SEO plugin v27.4 - https:\/\/yoast.com\/product\/yoast-seo-wordpress\/ -->\n<title>Slydimo plok\u0161tel\u0117 LONG LIFE Poliamidas !!! - 2269764 | Gera kaina | Greitas pristatymas | Eska dalys<\/title>\n<meta name=\"description\" content=\"Slydimo plok\u0161tel\u0117 LONG LIFE Poliamidas !!! - 2269764 Matmenys: Ilgis: 302mm, Plotis: 132mm, Storis: 10mm, Tarpai tarp var\u017et\u0173 151mm, Var\u017etas 3\/8&quot; Tinka: CAT, Ekskavatorius krautuvas, 416E, 420E, 422E, 428E, 430E, 432E, 434E, 442E, 444E, 450E, 424E OE numeriai: 2269764, 300x130\" \/>\n<meta name=\"robots\" content=\"index, follow, max-snippet:-1, max-image-preview:large, max-video-preview:-1\" \/>\n<link rel=\"canonical\" href=\"https:\/\/eskadalys.lt\/da\/produkt-da\/glideplade-med-lang-levetid-i-polyamid-15\/\" \/>\n<meta property=\"og:locale\" content=\"da_DK\" \/>\n<meta property=\"og:type\" content=\"article\" \/>\n<meta property=\"og:title\" content=\"Slydimo plok\u0161tel\u0117 LONG LIFE Poliamidas !!! - 2269764 | Gera kaina | Greitas pristatymas | Eska dalys\" \/>\n<meta property=\"og:description\" content=\"Slydimo plok\u0161tel\u0117 LONG LIFE Poliamidas !!! - 2269764 Matmenys: Ilgis: 302mm, Plotis: 132mm, Storis: 10mm, Tarpai tarp var\u017et\u0173 151mm, Var\u017etas 3\/8&quot; Tinka: CAT, Ekskavatorius krautuvas, 416E, 420E, 422E, 428E, 430E, 432E, 434E, 442E, 444E, 450E, 424E OE numeriai: 2269764, 300x130\" \/>\n<meta property=\"og:url\" content=\"https:\/\/eskadalys.lt\/da\/produkt-da\/glideplade-med-lang-levetid-i-polyamid-15\/\" \/>\n<meta property=\"og:site_name\" content=\"Eska dalys\" \/>\n<meta property=\"article:publisher\" content=\"https:\/\/www.facebook.com\/profile.php?id=61556005720456\" \/>\n<meta property=\"article:modified_time\" content=\"2026-04-12T05:19:50+00:00\" \/>\n<meta property=\"og:image\" content=\"https:\/\/eskadalys.lt\/wp-content\/uploads\/2024\/02\/cat-slizg-wysuwu-ramienia-428e-2269764-20240121-174504-scaled-1.jpg?v=1714918582\" \/>\n\t<meta property=\"og:image:width\" content=\"1600\" \/>\n\t<meta property=\"og:image:height\" content=\"1184\" \/>\n\t<meta property=\"og:image:type\" content=\"image\/jpeg\" \/>\n<script type=\"application\/ld+json\" class=\"yoast-schema-graph\">{\"@context\":\"https:\\\/\\\/schema.org\",\"@graph\":[{\"@type\":\"WebPage\",\"@id\":\"https:\\\/\\\/eskadalys.lt\\\/product\\\/slydimo-plokstele-long-life-poliamidas-15\\\/\",\"url\":\"https:\\\/\\\/eskadalys.lt\\\/product\\\/slydimo-plokstele-long-life-poliamidas-15\\\/\",\"name\":\"Slydimo plok\u0161tel\u0117 LONG LIFE Poliamidas !!! - 2269764 | Gera kaina | Greitas pristatymas | Eska dalys\",\"isPartOf\":{\"@id\":\"https:\\\/\\\/eskadalys.lt\\\/#website\"},\"primaryImageOfPage\":{\"@id\":\"https:\\\/\\\/eskadalys.lt\\\/product\\\/slydimo-plokstele-long-life-poliamidas-15\\\/#primaryimage\"},\"image\":{\"@id\":\"https:\\\/\\\/eskadalys.lt\\\/product\\\/slydimo-plokstele-long-life-poliamidas-15\\\/#primaryimage\"},\"thumbnailUrl\":\"https:\\\/\\\/eskadalys.lt\\\/wp-content\\\/uploads\\\/2024\\\/02\\\/cat-slizg-wysuwu-ramienia-428e-2269764-20240121-174504-scaled-1.jpg?v=1714918582\",\"datePublished\":\"2024-02-11T04:24:49+00:00\",\"dateModified\":\"2026-04-12T05:19:50+00:00\",\"description\":\"Slydimo plok\u0161tel\u0117 LONG LIFE Poliamidas !!! - 2269764 Matmenys: Ilgis: 302mm, Plotis: 132mm, Storis: 10mm, Tarpai tarp var\u017et\u0173 151mm, Var\u017etas 3\\\/8\\\" Tinka: CAT, Ekskavatorius krautuvas, 416E, 420E, 422E, 428E, 430E, 432E, 434E, 442E, 444E, 450E, 424E OE numeriai: 2269764, 300x130\",\"breadcrumb\":{\"@id\":\"https:\\\/\\\/eskadalys.lt\\\/product\\\/slydimo-plokstele-long-life-poliamidas-15\\\/#breadcrumb\"},\"inLanguage\":\"da-DK\",\"potentialAction\":[{\"@type\":\"ReadAction\",\"target\":[\"https:\\\/\\\/eskadalys.lt\\\/product\\\/slydimo-plokstele-long-life-poliamidas-15\\\/\"]}]},{\"@type\":\"ImageObject\",\"inLanguage\":\"da-DK\",\"@id\":\"https:\\\/\\\/eskadalys.lt\\\/product\\\/slydimo-plokstele-long-life-poliamidas-15\\\/#primaryimage\",\"url\":\"https:\\\/\\\/eskadalys.lt\\\/wp-content\\\/uploads\\\/2024\\\/02\\\/cat-slizg-wysuwu-ramienia-428e-2269764-20240121-174504-scaled-1.jpg?v=1714918582\",\"contentUrl\":\"https:\\\/\\\/eskadalys.lt\\\/wp-content\\\/uploads\\\/2024\\\/02\\\/cat-slizg-wysuwu-ramienia-428e-2269764-20240121-174504-scaled-1.jpg?v=1714918582\",\"width\":1600,\"height\":1184},{\"@type\":\"BreadcrumbList\",\"@id\":\"https:\\\/\\\/eskadalys.lt\\\/product\\\/slydimo-plokstele-long-life-poliamidas-15\\\/#breadcrumb\",\"itemListElement\":[{\"@type\":\"ListItem\",\"position\":1,\"name\":\"Strona g\u0142\u00f3wna\",\"item\":\"https:\\\/\\\/eskadalys.lt\\\/\"},{\"@type\":\"ListItem\",\"position\":2,\"name\":\"E-parduotuv\u0117\",\"item\":\"https:\\\/\\\/eskadalys.lt\\\/e-parduotuve\\\/\"},{\"@type\":\"ListItem\",\"position\":3,\"name\":\"Slydimo plok\u0161tel\u0117 LONG LIFE Poliamidas !!! &#8211; 2269764\"}]},{\"@type\":\"WebSite\",\"@id\":\"https:\\\/\\\/eskadalys.lt\\\/#website\",\"url\":\"https:\\\/\\\/eskadalys.lt\\\/\",\"name\":\"Eska dalys\",\"description\":\"Ekskavatori\u0173 \\\/ mini ekskavatori\u0173 \\\/ buldozeri\u0173 dalys\",\"publisher\":{\"@id\":\"https:\\\/\\\/eskadalys.lt\\\/#organization\"},\"potentialAction\":[{\"@type\":\"SearchAction\",\"target\":{\"@type\":\"EntryPoint\",\"urlTemplate\":\"https:\\\/\\\/eskadalys.lt\\\/?s={search_term_string}\"},\"query-input\":{\"@type\":\"PropertyValueSpecification\",\"valueRequired\":true,\"valueName\":\"search_term_string\"}}],\"inLanguage\":\"da-DK\"},{\"@type\":\"Organization\",\"@id\":\"https:\\\/\\\/eskadalys.lt\\\/#organization\",\"name\":\"Eska dalys\",\"url\":\"https:\\\/\\\/eskadalys.lt\\\/\",\"logo\":{\"@type\":\"ImageObject\",\"inLanguage\":\"da-DK\",\"@id\":\"https:\\\/\\\/eskadalys.lt\\\/#\\\/schema\\\/logo\\\/image\\\/\",\"url\":\"https:\\\/\\\/eskadalys.lt\\\/wp-content\\\/uploads\\\/2024\\\/01\\\/LOGO-ESKA-FINAL.svg\",\"contentUrl\":\"https:\\\/\\\/eskadalys.lt\\\/wp-content\\\/uploads\\\/2024\\\/01\\\/LOGO-ESKA-FINAL.svg\",\"width\":259,\"height\":201,\"caption\":\"Eska dalys\"},\"image\":{\"@id\":\"https:\\\/\\\/eskadalys.lt\\\/#\\\/schema\\\/logo\\\/image\\\/\"},\"sameAs\":[\"https:\\\/\\\/www.facebook.com\\\/profile.php?id=61556005720456\"]}]}<\/script>\n<!-- \/ Yoast SEO plugin. -->","yoast_head_json":{"title":"Glideplade LANG LIVSTID Polyamid !!! - 2269764 | God pris | Hurtig levering | Eska reservedele","description":"Glideplade LONG LIFE Polyamid !!! - 2269764 Dimensioner: L\u00e6ngde: 302 mm, Bredde: 132 mm, Tykkelse: 10 mm, Boltafstand 151 mm, Bolt 3\/8&quot; Passer til: CAT, Rendegraver, 416E, 420E, 422E, 428E, 430E, 432E, 434E, 442E, 444E, 450E, 424E OE-numre: 2269764, 300x130","robots":{"index":"index","follow":"follow","max-snippet":"max-snippet:-1","max-image-preview":"max-image-preview:large","max-video-preview":"max-video-preview:-1"},"canonical":"https:\/\/eskadalys.lt\/da\/produkt-da\/glideplade-med-lang-levetid-i-polyamid-15\/","og_locale":"da_DK","og_type":"article","og_title":"Slydimo plok\u0161tel\u0117 LONG LIFE Poliamidas !!! - 2269764 | Gera kaina | Greitas pristatymas | Eska dalys","og_description":"Slydimo plok\u0161tel\u0117 LONG LIFE Poliamidas !!! - 2269764 Matmenys: Ilgis: 302mm, Plotis: 132mm, Storis: 10mm, Tarpai tarp var\u017et\u0173 151mm, Var\u017etas 3\/8\" Tinka: CAT, Ekskavatorius krautuvas, 416E, 420E, 422E, 428E, 430E, 432E, 434E, 442E, 444E, 450E, 424E OE numeriai: 2269764, 300x130","og_url":"https:\/\/eskadalys.lt\/da\/produkt-da\/glideplade-med-lang-levetid-i-polyamid-15\/","og_site_name":"Eska dalys","article_publisher":"https:\/\/www.facebook.com\/profile.php?id=61556005720456","article_modified_time":"2026-04-12T05:19:50+00:00","og_image":[{"width":1600,"height":1184,"url":"https:\/\/eskadalys.lt\/wp-content\/uploads\/2024\/02\/cat-slizg-wysuwu-ramienia-428e-2269764-20240121-174504-scaled-1.jpg?v=1714918582","type":"image\/jpeg"}],"schema":{"@context":"https:\/\/schema.org","@graph":[{"@type":"WebPage","@id":"https:\/\/eskadalys.lt\/product\/slydimo-plokstele-long-life-poliamidas-15\/","url":"https:\/\/eskadalys.lt\/product\/slydimo-plokstele-long-life-poliamidas-15\/","name":"Glideplade LANG LIVSTID Polyamid !!! - 2269764 | God pris | Hurtig levering | Eska reservedele","isPartOf":{"@id":"https:\/\/eskadalys.lt\/#website"},"primaryImageOfPage":{"@id":"https:\/\/eskadalys.lt\/product\/slydimo-plokstele-long-life-poliamidas-15\/#primaryimage"},"image":{"@id":"https:\/\/eskadalys.lt\/product\/slydimo-plokstele-long-life-poliamidas-15\/#primaryimage"},"thumbnailUrl":"https:\/\/eskadalys.lt\/wp-content\/uploads\/2024\/02\/cat-slizg-wysuwu-ramienia-428e-2269764-20240121-174504-scaled-1.jpg?v=1714918582","datePublished":"2024-02-11T04:24:49+00:00","dateModified":"2026-04-12T05:19:50+00:00","description":"Glideplade LONG LIFE Polyamid !!! - 2269764 Dimensioner: L\u00e6ngde: 302 mm, Bredde: 132 mm, Tykkelse: 10 mm, Boltafstand 151 mm, Bolt 3\/8&quot; Passer til: CAT, Rendegraver, 416E, 420E, 422E, 428E, 430E, 432E, 434E, 442E, 444E, 450E, 424E OE-numre: 2269764, 300x130","breadcrumb":{"@id":"https:\/\/eskadalys.lt\/product\/slydimo-plokstele-long-life-poliamidas-15\/#breadcrumb"},"inLanguage":"da-DK","potentialAction":[{"@type":"ReadAction","target":["https:\/\/eskadalys.lt\/product\/slydimo-plokstele-long-life-poliamidas-15\/"]}]},{"@type":"ImageObject","inLanguage":"da-DK","@id":"https:\/\/eskadalys.lt\/product\/slydimo-plokstele-long-life-poliamidas-15\/#primaryimage","url":"https:\/\/eskadalys.lt\/wp-content\/uploads\/2024\/02\/cat-slizg-wysuwu-ramienia-428e-2269764-20240121-174504-scaled-1.jpg?v=1714918582","contentUrl":"https:\/\/eskadalys.lt\/wp-content\/uploads\/2024\/02\/cat-slizg-wysuwu-ramienia-428e-2269764-20240121-174504-scaled-1.jpg?v=1714918582","width":1600,"height":1184},{"@type":"BreadcrumbList","@id":"https:\/\/eskadalys.lt\/product\/slydimo-plokstele-long-life-poliamidas-15\/#breadcrumb","itemListElement":[{"@type":"ListItem","position":1,"name":"Strona g\u0142\u00f3wna","item":"https:\/\/eskadalys.lt\/"},{"@type":"ListItem","position":2,"name":"E-parduotuv\u0117","item":"https:\/\/eskadalys.lt\/e-parduotuve\/"},{"@type":"ListItem","position":3,"name":"Slydimo plok\u0161tel\u0117 LONG LIFE Poliamidas !!! &#8211; 2269764"}]},{"@type":"WebSite","@id":"https:\/\/eskadalys.lt\/#website","url":"https:\/\/eskadalys.lt\/","name":"Eska parts","description":"Reservedele til gravemaskine\/minigraver\/bulldozer","publisher":{"@id":"https:\/\/eskadalys.lt\/#organization"},"potentialAction":[{"@type":"SearchAction","target":{"@type":"EntryPoint","urlTemplate":"https:\/\/eskadalys.lt\/?s={search_term_string}"},"query-input":{"@type":"PropertyValueSpecification","valueRequired":true,"valueName":"search_term_string"}}],"inLanguage":"da-DK"},{"@type":"Organization","@id":"https:\/\/eskadalys.lt\/#organization","name":"Eska parts","url":"https:\/\/eskadalys.lt\/","logo":{"@type":"ImageObject","inLanguage":"da-DK","@id":"https:\/\/eskadalys.lt\/#\/schema\/logo\/image\/","url":"https:\/\/eskadalys.lt\/wp-content\/uploads\/2024\/01\/LOGO-ESKA-FINAL.svg","contentUrl":"https:\/\/eskadalys.lt\/wp-content\/uploads\/2024\/01\/LOGO-ESKA-FINAL.svg","width":259,"height":201,"caption":"Eska dalys"},"image":{"@id":"https:\/\/eskadalys.lt\/#\/schema\/logo\/image\/"},"sameAs":["https:\/\/www.facebook.com\/profile.php?id=61556005720456"]}]}},"_links":{"self":[{"href":"https:\/\/eskadalys.lt\/da\/wp-json\/wp\/v2\/product\/5916","targetHints":{"allow":["GET"]}}],"collection":[{"href":"https:\/\/eskadalys.lt\/da\/wp-json\/wp\/v2\/product"}],"about":[{"href":"https:\/\/eskadalys.lt\/da\/wp-json\/wp\/v2\/types\/product"}],"wp:featuredmedia":[{"embeddable":true,"href":"https:\/\/eskadalys.lt\/da\/wp-json\/wp\/v2\/media\/104275"}],"wp:attachment":[{"href":"https:\/\/eskadalys.lt\/da\/wp-json\/wp\/v2\/media?parent=5916"}],"wp:term":[{"taxonomy":"product_brand","embeddable":true,"href":"https:\/\/eskadalys.lt\/da\/wp-json\/wp\/v2\/product_brand?post=5916"},{"taxonomy":"product_cat","embeddable":true,"href":"https:\/\/eskadalys.lt\/da\/wp-json\/wp\/v2\/product_cat?post=5916"},{"taxonomy":"product_tag","embeddable":true,"href":"https:\/\/eskadalys.lt\/da\/wp-json\/wp\/v2\/product_tag?post=5916"}],"curies":[{"name":"wp","href":"https:\/\/api.w.org\/{rel}","templated":true}]}}