{"id":5680,"date":"2024-02-11T06:07:09","date_gmt":"2024-02-11T04:07:09","guid":{"rendered":"https:\/\/eskadalys.lt\/?post_type=product&#038;p=5680"},"modified":"2026-04-12T08:19:35","modified_gmt":"2026-04-12T05:19:35","slug":"motorolie-15w40-cat-shell-5-l","status":"publish","type":"product","link":"https:\/\/eskadalys.lt\/da\/product\/variklio-alyva-15w40-cat-shell-5-l\/","title":{"rendered":"Motorolie 15W40 KAT \u2013 SHELL 5 L \u2013 3E9901"},"content":{"rendered":"<p><strong>Motorolie 15W40 KAT \u2013 SHELL 5 L \u2013 3E9901<\/strong><br \/>\n<strong>Velegnet til:<\/strong> VOLVO, Dumptruck, Rendegraver, Minigraver, Minil\u00e6sser, Gravemaskine, Vejh\u00f8vl, Hjull\u00e6sser, JCB, CAT, Dumptruck, Asfaltudl\u00e6gger, Rendegraver, Traktor, Koldh\u00f8vl, Vibrator, Motor, B\u00e6ltegraver, Bulldozer p\u00e5 hjul, Dalsk\u00e6r, Generator, Hjull\u00e6sser, Minigraver, Vejh\u00f8vl p\u00e5 hjul, Jordvalse\/komprimatorer, R\u00f8rl\u00e6gger, B\u00e6ltel\u00e6sser, Minib\u00e6ltel\u00e6sser, Teleskopl\u00e6ssere, Bulldozer, Terr\u00e6ng\u00e5ende lastbil, Udl\u00e5nemaskine, Hammer, Hjulskrabere, Gravemaskine p\u00e5 hjul, Asfaltudl\u00e6ggere<br \/>\n<strong>OE-numre::<\/strong> 15W40, 3007915, 3E9901<br \/>\n3E-9901<\/p>\n<h3>\ud83d\udd0d Leder efter et andet produkt fra kategorien <a href=\"https:\/\/eskadalys.lt\/da\/produktkategori-da\/filtre-olier-smoremidler\/olie\/\">Oliven<\/a> ?<\/h3>\n<h3>\ud83d\udee0\ufe0f Gravemaskinereservedele \u2013 du kan finde flere af dem <a href=\"https:\/\/eskadalys.lt\/da\/produktkategori-da\/filtre-olier-smoremidler\/\"\">Filtre\/olier\/sm\u00f8remidler<\/a> i kategorien.<\/h3>\n<p>Hvis du er usikker p\u00e5, om denne del passer til din maskine, <strong>Send os venligst k\u00f8ret\u00f8jets serienummer (VIN) inden k\u00f8b.<\/strong>. Vi vil kontrollere kompatibiliteten ved hj\u00e6lp af katalogerne og <strong>Vi tilbyder den rigtige del<\/strong>. Hvis du ikke kan finde den del, du har brug for, s\u00e5 skriv til os - vi hj\u00e6lper dig med at finde den!<\/p>\n<p><strong>\ud83d\udce6 Lager i Litauen<\/strong> \u2013 ordrer afgivet f\u00f8r kl. 14.00 afsendes samme dag.<\/p>\n<p><strong>\ud83d\ude80 Hurtig levering<\/strong> \u2013 bestilte varer, som vi ikke har p\u00e5 lager i \u00f8jeblikket, leveres inden for 3-4 hverdage.<\/p>\n<p><strong>\ud83d\udcc8 Bredt udvalg<\/strong> \u2013 vi udvider l\u00f8bende vores produktudvalg.<\/p>","protected":false},"excerpt":{"rendered":"<p>3E9901<\/p>","protected":false},"featured_media":103784,"template":"","meta":{"site-sidebar-layout":"default","site-content-layout":"","ast-site-content-layout":"default","site-content-style":"default","site-sidebar-style":"default","ast-global-header-display":"","ast-banner-title-visibility":"","ast-main-header-display":"","ast-hfb-above-header-display":"","ast-hfb-below-header-display":"","ast-hfb-mobile-header-display":"","site-post-title":"","ast-breadcrumbs-content":"","ast-featured-img":"","footer-sml-layout":"","ast-disable-related-posts":"","theme-transparent-header-meta":"","adv-header-id-meta":"","stick-header-meta":"","header-above-stick-meta":"","header-main-stick-meta":"","header-below-stick-meta":"","astra-migrate-meta-layouts":"default","ast-page-background-enabled":"default","ast-page-background-meta":{"desktop":{"background-color":"","background-image":"","background-repeat":"repeat","background-position":"center center","background-size":"auto","background-attachment":"scroll","background-type":"","background-media":"","overlay-type":"","overlay-color":"","overlay-opacity":"","overlay-gradient":""},"tablet":{"background-color":"","background-image":"","background-repeat":"repeat","background-position":"center center","background-size":"auto","background-attachment":"scroll","background-type":"","background-media":"","overlay-type":"","overlay-color":"","overlay-opacity":"","overlay-gradient":""},"mobile":{"background-color":"","background-image":"","background-repeat":"repeat","background-position":"center center","background-size":"auto","background-attachment":"scroll","background-type":"","background-media":"","overlay-type":"","overlay-color":"","overlay-opacity":"","overlay-gradient":""}},"ast-content-background-meta":{"desktop":{"background-color":"var(--ast-global-color-5)","background-image":"","background-repeat":"repeat","background-position":"center center","background-size":"auto","background-attachment":"scroll","background-type":"","background-media":"","overlay-type":"","overlay-color":"","overlay-opacity":"","overlay-gradient":""},"tablet":{"background-color":"var(--ast-global-color-5)","background-image":"","background-repeat":"repeat","background-position":"center center","background-size":"auto","background-attachment":"scroll","background-type":"","background-media":"","overlay-type":"","overlay-color":"","overlay-opacity":"","overlay-gradient":""},"mobile":{"background-color":"var(--ast-global-color-5)","background-image":"","background-repeat":"repeat","background-position":"center center","background-size":"auto","background-attachment":"scroll","background-type":"","background-media":"","overlay-type":"","overlay-color":"","overlay-opacity":"","overlay-gradient":""}}},"product_brand":[],"product_cat":[959],"product_tag":[],"class_list":{"0":"post-5680","1":"product","2":"type-product","3":"status-publish","4":"has-post-thumbnail","6":"product_cat-alyva","7":"desktop-align-left","8":"tablet-align-left","9":"mobile-align-left","11":"first","12":"outofstock","13":"taxable","14":"shipping-taxable","15":"purchasable","16":"product-type-simple"},"yoast_head":"<!-- This site is optimized with the Yoast SEO plugin v27.4 - https:\/\/yoast.com\/product\/yoast-seo-wordpress\/ -->\n<title>Variklio alyva 15W40 CAT - SHELL 5 L - 3E9901 | Gera kaina | Greitas pristatymas | Eska dalys<\/title>\n<meta name=\"description\" content=\"Variklio alyva 15W40 CAT - SHELL 5 L - 3E9901 Tinka: VOLVO, Savivartis, Ekskavatorius krautuvas, Mini ekskavatorius, Mini Loader, Ekskavatorius, Motor Grader, Frontalinis krautuvas, JCB, CAT, Savivartis, Asphalt Paver, Ekskavatorius krautuvas, Tractor, Cold Planer, Compactor, Variklis, Vik\u0161rinis ekskavatorius, Wheeled Buldozeris, Valley Blades, Generator, Frontalinis krautuvas, Mini ekskavatorius, Wheeled Motor Grader, Grunto volas\/tankintuvai , Pipelayer, Vik\u0161rinis krautuvas, Mini Vik\u0161rinis krautuvas, Teleskopiniai krautuvai, Buldozeris, Underground Articulated Truck, Skidder, Hammer, Ratiniai skreperiai, Ratinis ekskavatorius, Asphalt Pavers OE numeriai: 15W40, 3007915, 3E9901\" \/>\n<meta name=\"robots\" content=\"index, follow, max-snippet:-1, max-image-preview:large, max-video-preview:-1\" \/>\n<link rel=\"canonical\" href=\"https:\/\/eskadalys.lt\/da\/produkt-da\/motorolie-15w40-cat-shell-5-l\/\" \/>\n<meta property=\"og:locale\" content=\"da_DK\" \/>\n<meta property=\"og:type\" content=\"article\" \/>\n<meta property=\"og:title\" content=\"Variklio alyva 15W40 CAT - SHELL 5 L - 3E9901 | Gera kaina | Greitas pristatymas | Eska dalys\" \/>\n<meta property=\"og:description\" content=\"Variklio alyva 15W40 CAT - SHELL 5 L - 3E9901 Tinka: VOLVO, Savivartis, Ekskavatorius krautuvas, Mini ekskavatorius, Mini Loader, Ekskavatorius, Motor Grader, Frontalinis krautuvas, JCB, CAT, Savivartis, Asphalt Paver, Ekskavatorius krautuvas, Tractor, Cold Planer, Compactor, Variklis, Vik\u0161rinis ekskavatorius, Wheeled Buldozeris, Valley Blades, Generator, Frontalinis krautuvas, Mini ekskavatorius, Wheeled Motor Grader, Grunto volas\/tankintuvai , Pipelayer, Vik\u0161rinis krautuvas, Mini Vik\u0161rinis krautuvas, Teleskopiniai krautuvai, Buldozeris, Underground Articulated Truck, Skidder, Hammer, Ratiniai skreperiai, Ratinis ekskavatorius, Asphalt Pavers OE numeriai: 15W40, 3007915, 3E9901\" \/>\n<meta property=\"og:url\" content=\"https:\/\/eskadalys.lt\/da\/produkt-da\/motorolie-15w40-cat-shell-5-l\/\" \/>\n<meta property=\"og:site_name\" content=\"Eska dalys\" \/>\n<meta property=\"article:publisher\" content=\"https:\/\/www.facebook.com\/profile.php?id=61556005720456\" \/>\n<meta property=\"article:modified_time\" content=\"2026-04-12T05:19:35+00:00\" \/>\n<meta property=\"og:image\" content=\"https:\/\/eskadalys.lt\/wp-content\/uploads\/2024\/02\/5l-olej-silnikowy-bezpopiolowy-shell-dla-cat-428f2-z-dpf-5-litrow-20240121-172711.png?v=1714920449\" \/>\n\t<meta property=\"og:image:width\" content=\"396\" \/>\n\t<meta property=\"og:image:height\" content=\"362\" \/>\n\t<meta property=\"og:image:type\" content=\"image\/png\" \/>\n<script type=\"application\/ld+json\" class=\"yoast-schema-graph\">{\"@context\":\"https:\\\/\\\/schema.org\",\"@graph\":[{\"@type\":\"WebPage\",\"@id\":\"https:\\\/\\\/eskadalys.lt\\\/product\\\/variklio-alyva-15w40-cat-shell-5-l\\\/\",\"url\":\"https:\\\/\\\/eskadalys.lt\\\/product\\\/variklio-alyva-15w40-cat-shell-5-l\\\/\",\"name\":\"Variklio alyva 15W40 CAT - SHELL 5 L - 3E9901 | Gera kaina | Greitas pristatymas | Eska dalys\",\"isPartOf\":{\"@id\":\"https:\\\/\\\/eskadalys.lt\\\/#website\"},\"primaryImageOfPage\":{\"@id\":\"https:\\\/\\\/eskadalys.lt\\\/product\\\/variklio-alyva-15w40-cat-shell-5-l\\\/#primaryimage\"},\"image\":{\"@id\":\"https:\\\/\\\/eskadalys.lt\\\/product\\\/variklio-alyva-15w40-cat-shell-5-l\\\/#primaryimage\"},\"thumbnailUrl\":\"https:\\\/\\\/eskadalys.lt\\\/wp-content\\\/uploads\\\/2024\\\/02\\\/5l-olej-silnikowy-bezpopiolowy-shell-dla-cat-428f2-z-dpf-5-litrow-20240121-172711.png?v=1714920449\",\"datePublished\":\"2024-02-11T04:07:09+00:00\",\"dateModified\":\"2026-04-12T05:19:35+00:00\",\"description\":\"Variklio alyva 15W40 CAT - SHELL 5 L - 3E9901 Tinka: VOLVO, Savivartis, Ekskavatorius krautuvas, Mini ekskavatorius, Mini Loader, Ekskavatorius, Motor Grader, Frontalinis krautuvas, JCB, CAT, Savivartis, Asphalt Paver, Ekskavatorius krautuvas, Tractor, Cold Planer, Compactor, Variklis, Vik\u0161rinis ekskavatorius, Wheeled Buldozeris, Valley Blades, Generator, Frontalinis krautuvas, Mini ekskavatorius, Wheeled Motor Grader, Grunto volas\\\/tankintuvai , Pipelayer, Vik\u0161rinis krautuvas, Mini Vik\u0161rinis krautuvas, Teleskopiniai krautuvai, Buldozeris, Underground Articulated Truck, Skidder, Hammer, Ratiniai skreperiai, Ratinis ekskavatorius, Asphalt Pavers OE numeriai: 15W40, 3007915, 3E9901\",\"breadcrumb\":{\"@id\":\"https:\\\/\\\/eskadalys.lt\\\/product\\\/variklio-alyva-15w40-cat-shell-5-l\\\/#breadcrumb\"},\"inLanguage\":\"da-DK\",\"potentialAction\":[{\"@type\":\"ReadAction\",\"target\":[\"https:\\\/\\\/eskadalys.lt\\\/product\\\/variklio-alyva-15w40-cat-shell-5-l\\\/\"]}]},{\"@type\":\"ImageObject\",\"inLanguage\":\"da-DK\",\"@id\":\"https:\\\/\\\/eskadalys.lt\\\/product\\\/variklio-alyva-15w40-cat-shell-5-l\\\/#primaryimage\",\"url\":\"https:\\\/\\\/eskadalys.lt\\\/wp-content\\\/uploads\\\/2024\\\/02\\\/5l-olej-silnikowy-bezpopiolowy-shell-dla-cat-428f2-z-dpf-5-litrow-20240121-172711.png?v=1714920449\",\"contentUrl\":\"https:\\\/\\\/eskadalys.lt\\\/wp-content\\\/uploads\\\/2024\\\/02\\\/5l-olej-silnikowy-bezpopiolowy-shell-dla-cat-428f2-z-dpf-5-litrow-20240121-172711.png?v=1714920449\",\"width\":396,\"height\":362},{\"@type\":\"BreadcrumbList\",\"@id\":\"https:\\\/\\\/eskadalys.lt\\\/product\\\/variklio-alyva-15w40-cat-shell-5-l\\\/#breadcrumb\",\"itemListElement\":[{\"@type\":\"ListItem\",\"position\":1,\"name\":\"Strona g\u0142\u00f3wna\",\"item\":\"https:\\\/\\\/eskadalys.lt\\\/\"},{\"@type\":\"ListItem\",\"position\":2,\"name\":\"E-parduotuv\u0117\",\"item\":\"https:\\\/\\\/eskadalys.lt\\\/e-parduotuve\\\/\"},{\"@type\":\"ListItem\",\"position\":3,\"name\":\"Variklio alyva 15W40 CAT &#8211; SHELL 5 L &#8211; 3E9901\"}]},{\"@type\":\"WebSite\",\"@id\":\"https:\\\/\\\/eskadalys.lt\\\/#website\",\"url\":\"https:\\\/\\\/eskadalys.lt\\\/\",\"name\":\"Eska dalys\",\"description\":\"Ekskavatori\u0173 \\\/ mini ekskavatori\u0173 \\\/ buldozeri\u0173 dalys\",\"publisher\":{\"@id\":\"https:\\\/\\\/eskadalys.lt\\\/#organization\"},\"potentialAction\":[{\"@type\":\"SearchAction\",\"target\":{\"@type\":\"EntryPoint\",\"urlTemplate\":\"https:\\\/\\\/eskadalys.lt\\\/?s={search_term_string}\"},\"query-input\":{\"@type\":\"PropertyValueSpecification\",\"valueRequired\":true,\"valueName\":\"search_term_string\"}}],\"inLanguage\":\"da-DK\"},{\"@type\":\"Organization\",\"@id\":\"https:\\\/\\\/eskadalys.lt\\\/#organization\",\"name\":\"Eska dalys\",\"url\":\"https:\\\/\\\/eskadalys.lt\\\/\",\"logo\":{\"@type\":\"ImageObject\",\"inLanguage\":\"da-DK\",\"@id\":\"https:\\\/\\\/eskadalys.lt\\\/#\\\/schema\\\/logo\\\/image\\\/\",\"url\":\"https:\\\/\\\/eskadalys.lt\\\/wp-content\\\/uploads\\\/2024\\\/01\\\/LOGO-ESKA-FINAL.svg\",\"contentUrl\":\"https:\\\/\\\/eskadalys.lt\\\/wp-content\\\/uploads\\\/2024\\\/01\\\/LOGO-ESKA-FINAL.svg\",\"width\":259,\"height\":201,\"caption\":\"Eska dalys\"},\"image\":{\"@id\":\"https:\\\/\\\/eskadalys.lt\\\/#\\\/schema\\\/logo\\\/image\\\/\"},\"sameAs\":[\"https:\\\/\\\/www.facebook.com\\\/profile.php?id=61556005720456\"]}]}<\/script>\n<!-- \/ Yoast SEO plugin. -->","yoast_head_json":{"title":"Motorolie 15W40 KAT - SHELL 5 L - 3E9901 | God pris | Hurtig levering | Eska reservedele","description":"Motorolie 15W40 CAT - SHELL 5 L - 3E9901 Velegnet til: VOLVO, Dumptruck, Rendegraver, Minigraver, Minil\u00e6sser, Gravemaskine, Vejh\u00f8vl, Hjull\u00e6sser, JCB, CAT, Dumptruck, Asfaltudl\u00e6gger, Rendegraver, Traktor, Koldh\u00f8vl, Vibrator, Motor, B\u00e6ltegraver, Bulldozer p\u00e5 hjul, Dalsk\u00e6r, Generator, Hjull\u00e6sser, Minigraver, Vejh\u00f8vl p\u00e5 hjul, Jordvibrator\/tromle, R\u00f8rl\u00e6gger, B\u00e6ltel\u00e6sser, Minib\u00e6ltel\u00e6sser, Teleskopl\u00e6sser, Bulldozer, Terr\u00e6ng\u00e5ende lastbil, Udl\u00f8jning, Hammer, Hjulskrabere, Hjulgraver, Asfaltudl\u00e6ggere OE-numre: 15W40, 3007915, 3E9901","robots":{"index":"index","follow":"follow","max-snippet":"max-snippet:-1","max-image-preview":"max-image-preview:large","max-video-preview":"max-video-preview:-1"},"canonical":"https:\/\/eskadalys.lt\/da\/produkt-da\/motorolie-15w40-cat-shell-5-l\/","og_locale":"da_DK","og_type":"article","og_title":"Variklio alyva 15W40 CAT - SHELL 5 L - 3E9901 | Gera kaina | Greitas pristatymas | Eska dalys","og_description":"Variklio alyva 15W40 CAT - SHELL 5 L - 3E9901 Tinka: VOLVO, Savivartis, Ekskavatorius krautuvas, Mini ekskavatorius, Mini Loader, Ekskavatorius, Motor Grader, Frontalinis krautuvas, JCB, CAT, Savivartis, Asphalt Paver, Ekskavatorius krautuvas, Tractor, Cold Planer, Compactor, Variklis, Vik\u0161rinis ekskavatorius, Wheeled Buldozeris, Valley Blades, Generator, Frontalinis krautuvas, Mini ekskavatorius, Wheeled Motor Grader, Grunto volas\/tankintuvai , Pipelayer, Vik\u0161rinis krautuvas, Mini Vik\u0161rinis krautuvas, Teleskopiniai krautuvai, Buldozeris, Underground Articulated Truck, Skidder, Hammer, Ratiniai skreperiai, Ratinis ekskavatorius, Asphalt Pavers OE numeriai: 15W40, 3007915, 3E9901","og_url":"https:\/\/eskadalys.lt\/da\/produkt-da\/motorolie-15w40-cat-shell-5-l\/","og_site_name":"Eska dalys","article_publisher":"https:\/\/www.facebook.com\/profile.php?id=61556005720456","article_modified_time":"2026-04-12T05:19:35+00:00","og_image":[{"width":396,"height":362,"url":"https:\/\/eskadalys.lt\/wp-content\/uploads\/2024\/02\/5l-olej-silnikowy-bezpopiolowy-shell-dla-cat-428f2-z-dpf-5-litrow-20240121-172711.png?v=1714920449","type":"image\/png"}],"schema":{"@context":"https:\/\/schema.org","@graph":[{"@type":"WebPage","@id":"https:\/\/eskadalys.lt\/product\/variklio-alyva-15w40-cat-shell-5-l\/","url":"https:\/\/eskadalys.lt\/product\/variklio-alyva-15w40-cat-shell-5-l\/","name":"Motorolie 15W40 KAT - SHELL 5 L - 3E9901 | God pris | Hurtig levering | Eska reservedele","isPartOf":{"@id":"https:\/\/eskadalys.lt\/#website"},"primaryImageOfPage":{"@id":"https:\/\/eskadalys.lt\/product\/variklio-alyva-15w40-cat-shell-5-l\/#primaryimage"},"image":{"@id":"https:\/\/eskadalys.lt\/product\/variklio-alyva-15w40-cat-shell-5-l\/#primaryimage"},"thumbnailUrl":"https:\/\/eskadalys.lt\/wp-content\/uploads\/2024\/02\/5l-olej-silnikowy-bezpopiolowy-shell-dla-cat-428f2-z-dpf-5-litrow-20240121-172711.png?v=1714920449","datePublished":"2024-02-11T04:07:09+00:00","dateModified":"2026-04-12T05:19:35+00:00","description":"Motorolie 15W40 CAT - SHELL 5 L - 3E9901 Velegnet til: VOLVO, Dumptruck, Rendegraver, Minigraver, Minil\u00e6sser, Gravemaskine, Vejh\u00f8vl, Hjull\u00e6sser, JCB, CAT, Dumptruck, Asfaltudl\u00e6gger, Rendegraver, Traktor, Koldh\u00f8vl, Vibrator, Motor, B\u00e6ltegraver, Bulldozer p\u00e5 hjul, Dalsk\u00e6r, Generator, Hjull\u00e6sser, Minigraver, Vejh\u00f8vl p\u00e5 hjul, Jordvibrator\/tromle, R\u00f8rl\u00e6gger, B\u00e6ltel\u00e6sser, Minib\u00e6ltel\u00e6sser, Teleskopl\u00e6sser, Bulldozer, Terr\u00e6ng\u00e5ende lastbil, Udl\u00f8jning, Hammer, Hjulskrabere, Hjulgraver, Asfaltudl\u00e6ggere OE-numre: 15W40, 3007915, 3E9901","breadcrumb":{"@id":"https:\/\/eskadalys.lt\/product\/variklio-alyva-15w40-cat-shell-5-l\/#breadcrumb"},"inLanguage":"da-DK","potentialAction":[{"@type":"ReadAction","target":["https:\/\/eskadalys.lt\/product\/variklio-alyva-15w40-cat-shell-5-l\/"]}]},{"@type":"ImageObject","inLanguage":"da-DK","@id":"https:\/\/eskadalys.lt\/product\/variklio-alyva-15w40-cat-shell-5-l\/#primaryimage","url":"https:\/\/eskadalys.lt\/wp-content\/uploads\/2024\/02\/5l-olej-silnikowy-bezpopiolowy-shell-dla-cat-428f2-z-dpf-5-litrow-20240121-172711.png?v=1714920449","contentUrl":"https:\/\/eskadalys.lt\/wp-content\/uploads\/2024\/02\/5l-olej-silnikowy-bezpopiolowy-shell-dla-cat-428f2-z-dpf-5-litrow-20240121-172711.png?v=1714920449","width":396,"height":362},{"@type":"BreadcrumbList","@id":"https:\/\/eskadalys.lt\/product\/variklio-alyva-15w40-cat-shell-5-l\/#breadcrumb","itemListElement":[{"@type":"ListItem","position":1,"name":"Strona g\u0142\u00f3wna","item":"https:\/\/eskadalys.lt\/"},{"@type":"ListItem","position":2,"name":"E-parduotuv\u0117","item":"https:\/\/eskadalys.lt\/e-parduotuve\/"},{"@type":"ListItem","position":3,"name":"Variklio alyva 15W40 CAT &#8211; SHELL 5 L &#8211; 3E9901"}]},{"@type":"WebSite","@id":"https:\/\/eskadalys.lt\/#website","url":"https:\/\/eskadalys.lt\/","name":"Eska parts","description":"Reservedele til gravemaskine\/minigraver\/bulldozer","publisher":{"@id":"https:\/\/eskadalys.lt\/#organization"},"potentialAction":[{"@type":"SearchAction","target":{"@type":"EntryPoint","urlTemplate":"https:\/\/eskadalys.lt\/?s={search_term_string}"},"query-input":{"@type":"PropertyValueSpecification","valueRequired":true,"valueName":"search_term_string"}}],"inLanguage":"da-DK"},{"@type":"Organization","@id":"https:\/\/eskadalys.lt\/#organization","name":"Eska parts","url":"https:\/\/eskadalys.lt\/","logo":{"@type":"ImageObject","inLanguage":"da-DK","@id":"https:\/\/eskadalys.lt\/#\/schema\/logo\/image\/","url":"https:\/\/eskadalys.lt\/wp-content\/uploads\/2024\/01\/LOGO-ESKA-FINAL.svg","contentUrl":"https:\/\/eskadalys.lt\/wp-content\/uploads\/2024\/01\/LOGO-ESKA-FINAL.svg","width":259,"height":201,"caption":"Eska dalys"},"image":{"@id":"https:\/\/eskadalys.lt\/#\/schema\/logo\/image\/"},"sameAs":["https:\/\/www.facebook.com\/profile.php?id=61556005720456"]}]}},"_links":{"self":[{"href":"https:\/\/eskadalys.lt\/da\/wp-json\/wp\/v2\/product\/5680","targetHints":{"allow":["GET"]}}],"collection":[{"href":"https:\/\/eskadalys.lt\/da\/wp-json\/wp\/v2\/product"}],"about":[{"href":"https:\/\/eskadalys.lt\/da\/wp-json\/wp\/v2\/types\/product"}],"wp:featuredmedia":[{"embeddable":true,"href":"https:\/\/eskadalys.lt\/da\/wp-json\/wp\/v2\/media\/103784"}],"wp:attachment":[{"href":"https:\/\/eskadalys.lt\/da\/wp-json\/wp\/v2\/media?parent=5680"}],"wp:term":[{"taxonomy":"product_brand","embeddable":true,"href":"https:\/\/eskadalys.lt\/da\/wp-json\/wp\/v2\/product_brand?post=5680"},{"taxonomy":"product_cat","embeddable":true,"href":"https:\/\/eskadalys.lt\/da\/wp-json\/wp\/v2\/product_cat?post=5680"},{"taxonomy":"product_tag","embeddable":true,"href":"https:\/\/eskadalys.lt\/da\/wp-json\/wp\/v2\/product_tag?post=5680"}],"curies":[{"name":"wp","href":"https:\/\/api.w.org\/{rel}","templated":true}]}}