{"id":5545,"date":"2024-02-11T05:59:58","date_gmt":"2024-02-11T03:59:58","guid":{"rendered":"https:\/\/eskadalys.lt\/?post_type=product&#038;p=5545"},"modified":"2026-04-22T16:34:47","modified_gmt":"2026-04-22T13:34:47","slug":"o-ziedas-59","status":"publish","type":"product","link":"https:\/\/eskadalys.lt\/da\/product\/o-ziedas-59\/","title":{"rendered":"O-\u017eiedas &#8211; 6V8397"},"content":{"rendered":"<p><strong>O-\u017eiedas &#8211; 6V8397<\/strong><br \/>\n Dimensioner:<br \/>\n 12, 8mm,  (OD) x 1, 78mm,  (THK)<br \/>\n OD:I\u0161orinis skersmuo<br \/>\n THK: Tykkelse<br \/>\nTinka: CAT, Ekskavatorius krautuvas, 414E, 416B, 416C, 416D, 416E, 420D, 422E, 424D, 426C, 428B, 428C, 428D, 428E, 430D, 430E, 430F, 432D, 432E, Teleskopiniai krautuvai, TH103, TH210, TH215, TH220B, TH330B, TH350B, TH355B<br \/>\nOE numeriai: 6V8397<br \/>\n6V-8397<\/p>\n<p>Hvis du er usikker eller ikke kan bekr\u00e6fte, om en del passer til dit k\u00f8ret\u00f8j, bedes du kontakte os inden k\u00f8b. <strong>send os k\u00f8ret\u00f8jets serienummer (VIN)<\/strong> og vi vil bruge katalogerne til at kontrollere, om den valgte del passer til dit k\u00f8ret\u00f8j\/<strong>Vi tilbyder den rigtige del<\/strong>. Hvis du ikke kan finde den del, du leder efter, s\u00e5 skriv til os, s\u00e5 tilbyder vi dig den del, du har brug for.<\/p>\n<p><strong>Lager i Litauen<\/strong> \u2013 Alle varer p\u00e5 lager, der bestilles f\u00f8r kl. 14.00, sendes samme dag.<br \/>\n<strong>Hurtig levering<\/strong>\u2013 Forudbestilte varer, som vi ikke har p\u00e5 lager i \u00f8jeblikket, leveres inden for 3-4 hverdage.<br \/>\n<strong>Bredt udvalg<\/strong>\u2013 Vi udvider l\u00f8bende udvalget af produkter p\u00e5 vores lager.<\/p>","protected":false},"excerpt":{"rendered":"<p>6V8397<\/p>","protected":false},"featured_media":103616,"template":"","meta":{"site-sidebar-layout":"default","site-content-layout":"","ast-site-content-layout":"default","site-content-style":"default","site-sidebar-style":"default","ast-global-header-display":"","ast-banner-title-visibility":"","ast-main-header-display":"","ast-hfb-above-header-display":"","ast-hfb-below-header-display":"","ast-hfb-mobile-header-display":"","site-post-title":"","ast-breadcrumbs-content":"","ast-featured-img":"","footer-sml-layout":"","ast-disable-related-posts":"","theme-transparent-header-meta":"","adv-header-id-meta":"","stick-header-meta":"","header-above-stick-meta":"","header-main-stick-meta":"","header-below-stick-meta":"","astra-migrate-meta-layouts":"default","ast-page-background-enabled":"default","ast-page-background-meta":{"desktop":{"background-color":"","background-image":"","background-repeat":"repeat","background-position":"center center","background-size":"auto","background-attachment":"scroll","background-type":"","background-media":"","overlay-type":"","overlay-color":"","overlay-opacity":"","overlay-gradient":""},"tablet":{"background-color":"","background-image":"","background-repeat":"repeat","background-position":"center center","background-size":"auto","background-attachment":"scroll","background-type":"","background-media":"","overlay-type":"","overlay-color":"","overlay-opacity":"","overlay-gradient":""},"mobile":{"background-color":"","background-image":"","background-repeat":"repeat","background-position":"center center","background-size":"auto","background-attachment":"scroll","background-type":"","background-media":"","overlay-type":"","overlay-color":"","overlay-opacity":"","overlay-gradient":""}},"ast-content-background-meta":{"desktop":{"background-color":"var(--ast-global-color-5)","background-image":"","background-repeat":"repeat","background-position":"center center","background-size":"auto","background-attachment":"scroll","background-type":"","background-media":"","overlay-type":"","overlay-color":"","overlay-opacity":"","overlay-gradient":""},"tablet":{"background-color":"var(--ast-global-color-5)","background-image":"","background-repeat":"repeat","background-position":"center center","background-size":"auto","background-attachment":"scroll","background-type":"","background-media":"","overlay-type":"","overlay-color":"","overlay-opacity":"","overlay-gradient":""},"mobile":{"background-color":"var(--ast-global-color-5)","background-image":"","background-repeat":"repeat","background-position":"center center","background-size":"auto","background-attachment":"scroll","background-type":"","background-media":"","overlay-type":"","overlay-color":"","overlay-opacity":"","overlay-gradient":""}}},"product_brand":[],"product_cat":[19485],"product_tag":[],"class_list":{"0":"post-5545","1":"product","2":"type-product","3":"status-publish","4":"has-post-thumbnail","6":"product_cat-kita","7":"desktop-align-left","8":"tablet-align-left","9":"mobile-align-left","11":"first","12":"onbackorder","13":"taxable","14":"shipping-taxable","15":"purchasable","16":"product-type-simple"},"yoast_head":"<!-- This site is optimized with the Yoast SEO plugin v27.5 - https:\/\/yoast.com\/product\/yoast-seo-wordpress\/ -->\n<title>O-\u017eiedas - 6V8397 | Gera kaina | Greitas pristatymas | Eska dalys<\/title>\n<meta name=\"description\" content=\"O-\u017eiedas - 6V8397 Matmenys: 12, 8mm, (OD) x 1, 78mm, (THK) OD:I\u0161orinis skersmuo THK:Storis Tinka: CAT, Ekskavatorius krautuvas, 414E, 416B, 416C, 416D, 416E, 420D, 422E, 424D, 426C, 428B, 428C, 428D, 428E, 430D, 430E, 430F, 432D, 432E, Teleskopiniai krautuvai, TH103, TH210, TH215, TH220B, TH330B, TH350B, TH355B OE numeriai: 6V8397\" \/>\n<meta name=\"robots\" content=\"index, follow, max-snippet:-1, max-image-preview:large, max-video-preview:-1\" \/>\n<link rel=\"canonical\" href=\"https:\/\/eskadalys.lt\/da\/produkt-da\/o-ziedas-59\/\" \/>\n<meta property=\"og:locale\" content=\"da_DK\" \/>\n<meta property=\"og:type\" content=\"article\" \/>\n<meta property=\"og:title\" content=\"O-\u017eiedas - 6V8397 | Gera kaina | Greitas pristatymas | Eska dalys\" \/>\n<meta property=\"og:description\" content=\"O-\u017eiedas - 6V8397 Matmenys: 12, 8mm, (OD) x 1, 78mm, (THK) OD:I\u0161orinis skersmuo THK:Storis Tinka: CAT, Ekskavatorius krautuvas, 414E, 416B, 416C, 416D, 416E, 420D, 422E, 424D, 426C, 428B, 428C, 428D, 428E, 430D, 430E, 430F, 432D, 432E, Teleskopiniai krautuvai, TH103, TH210, TH215, TH220B, TH330B, TH350B, TH355B OE numeriai: 6V8397\" \/>\n<meta property=\"og:url\" content=\"https:\/\/eskadalys.lt\/da\/produkt-da\/o-ziedas-59\/\" \/>\n<meta property=\"og:site_name\" content=\"Eska dalys\" \/>\n<meta property=\"article:publisher\" content=\"https:\/\/www.facebook.com\/profile.php?id=61556005720456\" \/>\n<meta property=\"article:modified_time\" content=\"2026-04-22T13:34:47+00:00\" \/>\n<meta property=\"og:image\" content=\"https:\/\/eskadalys.lt\/wp-content\/uploads\/2024\/02\/o-ring-1-20240121-172104.jpg?v=1714921054\" \/>\n\t<meta property=\"og:image:width\" content=\"1030\" \/>\n\t<meta property=\"og:image:height\" content=\"954\" \/>\n\t<meta property=\"og:image:type\" content=\"image\/jpeg\" \/>\n<script type=\"application\/ld+json\" class=\"yoast-schema-graph\">{\"@context\":\"https:\\\/\\\/schema.org\",\"@graph\":[{\"@type\":\"WebPage\",\"@id\":\"https:\\\/\\\/eskadalys.lt\\\/product\\\/o-ziedas-59\\\/\",\"url\":\"https:\\\/\\\/eskadalys.lt\\\/product\\\/o-ziedas-59\\\/\",\"name\":\"O-\u017eiedas - 6V8397 | Gera kaina | Greitas pristatymas | Eska dalys\",\"isPartOf\":{\"@id\":\"https:\\\/\\\/eskadalys.lt\\\/#website\"},\"primaryImageOfPage\":{\"@id\":\"https:\\\/\\\/eskadalys.lt\\\/product\\\/o-ziedas-59\\\/#primaryimage\"},\"image\":{\"@id\":\"https:\\\/\\\/eskadalys.lt\\\/product\\\/o-ziedas-59\\\/#primaryimage\"},\"thumbnailUrl\":\"https:\\\/\\\/eskadalys.lt\\\/wp-content\\\/uploads\\\/2024\\\/02\\\/o-ring-1-20240121-172104.jpg?v=1714921054\",\"datePublished\":\"2024-02-11T03:59:58+00:00\",\"dateModified\":\"2026-04-22T13:34:47+00:00\",\"description\":\"O-\u017eiedas - 6V8397 Matmenys: 12, 8mm, (OD) x 1, 78mm, (THK) OD:I\u0161orinis skersmuo THK:Storis Tinka: CAT, Ekskavatorius krautuvas, 414E, 416B, 416C, 416D, 416E, 420D, 422E, 424D, 426C, 428B, 428C, 428D, 428E, 430D, 430E, 430F, 432D, 432E, Teleskopiniai krautuvai, TH103, TH210, TH215, TH220B, TH330B, TH350B, TH355B OE numeriai: 6V8397\",\"breadcrumb\":{\"@id\":\"https:\\\/\\\/eskadalys.lt\\\/product\\\/o-ziedas-59\\\/#breadcrumb\"},\"inLanguage\":\"da-DK\",\"potentialAction\":[{\"@type\":\"ReadAction\",\"target\":[\"https:\\\/\\\/eskadalys.lt\\\/product\\\/o-ziedas-59\\\/\"]}]},{\"@type\":\"ImageObject\",\"inLanguage\":\"da-DK\",\"@id\":\"https:\\\/\\\/eskadalys.lt\\\/product\\\/o-ziedas-59\\\/#primaryimage\",\"url\":\"https:\\\/\\\/eskadalys.lt\\\/wp-content\\\/uploads\\\/2024\\\/02\\\/o-ring-1-20240121-172104.jpg?v=1714921054\",\"contentUrl\":\"https:\\\/\\\/eskadalys.lt\\\/wp-content\\\/uploads\\\/2024\\\/02\\\/o-ring-1-20240121-172104.jpg?v=1714921054\",\"width\":1030,\"height\":954},{\"@type\":\"BreadcrumbList\",\"@id\":\"https:\\\/\\\/eskadalys.lt\\\/product\\\/o-ziedas-59\\\/#breadcrumb\",\"itemListElement\":[{\"@type\":\"ListItem\",\"position\":1,\"name\":\"Strona g\u0142\u00f3wna\",\"item\":\"https:\\\/\\\/eskadalys.lt\\\/\"},{\"@type\":\"ListItem\",\"position\":2,\"name\":\"E-parduotuv\u0117\",\"item\":\"https:\\\/\\\/eskadalys.lt\\\/e-parduotuve\\\/\"},{\"@type\":\"ListItem\",\"position\":3,\"name\":\"O-\u017eiedas &#8211; 6V8397\"}]},{\"@type\":\"WebSite\",\"@id\":\"https:\\\/\\\/eskadalys.lt\\\/#website\",\"url\":\"https:\\\/\\\/eskadalys.lt\\\/\",\"name\":\"Eska dalys\",\"description\":\"Ekskavatori\u0173 \\\/ mini ekskavatori\u0173 \\\/ buldozeri\u0173 dalys\",\"publisher\":{\"@id\":\"https:\\\/\\\/eskadalys.lt\\\/#organization\"},\"potentialAction\":[{\"@type\":\"SearchAction\",\"target\":{\"@type\":\"EntryPoint\",\"urlTemplate\":\"https:\\\/\\\/eskadalys.lt\\\/?s={search_term_string}\"},\"query-input\":{\"@type\":\"PropertyValueSpecification\",\"valueRequired\":true,\"valueName\":\"search_term_string\"}}],\"inLanguage\":\"da-DK\"},{\"@type\":\"Organization\",\"@id\":\"https:\\\/\\\/eskadalys.lt\\\/#organization\",\"name\":\"Eska dalys\",\"url\":\"https:\\\/\\\/eskadalys.lt\\\/\",\"logo\":{\"@type\":\"ImageObject\",\"inLanguage\":\"da-DK\",\"@id\":\"https:\\\/\\\/eskadalys.lt\\\/#\\\/schema\\\/logo\\\/image\\\/\",\"url\":\"https:\\\/\\\/eskadalys.lt\\\/wp-content\\\/uploads\\\/2024\\\/01\\\/LOGO-ESKA-FINAL.svg\",\"contentUrl\":\"https:\\\/\\\/eskadalys.lt\\\/wp-content\\\/uploads\\\/2024\\\/01\\\/LOGO-ESKA-FINAL.svg\",\"width\":259,\"height\":201,\"caption\":\"Eska dalys\"},\"image\":{\"@id\":\"https:\\\/\\\/eskadalys.lt\\\/#\\\/schema\\\/logo\\\/image\\\/\"},\"sameAs\":[\"https:\\\/\\\/www.facebook.com\\\/profile.php?id=61556005720456\"]}]}<\/script>\n<!-- \/ Yoast SEO plugin. -->","yoast_head_json":{"title":"O-\u017eiedas - 6V8397 | Gera kaina | Greitas pristatymas | Eska dalys","description":"O-\u017eiedas - 6V8397 Matmenys: 12, 8mm, (OD) x 1, 78mm, (THK) OD:I\u0161orinis skersmuo THK:Storis Tinka: CAT, Ekskavatorius krautuvas, 414E, 416B, 416C, 416D, 416E, 420D, 422E, 424D, 426C, 428B, 428C, 428D, 428E, 430D, 430E, 430F, 432D, 432E, Teleskopiniai krautuvai, TH103, TH210, TH215, TH220B, TH330B, TH350B, TH355B OE numeriai: 6V8397","robots":{"index":"index","follow":"follow","max-snippet":"max-snippet:-1","max-image-preview":"max-image-preview:large","max-video-preview":"max-video-preview:-1"},"canonical":"https:\/\/eskadalys.lt\/da\/produkt-da\/o-ziedas-59\/","og_locale":"da_DK","og_type":"article","og_title":"O-\u017eiedas - 6V8397 | Gera kaina | Greitas pristatymas | Eska dalys","og_description":"O-\u017eiedas - 6V8397 Matmenys: 12, 8mm, (OD) x 1, 78mm, (THK) OD:I\u0161orinis skersmuo THK:Storis Tinka: CAT, Ekskavatorius krautuvas, 414E, 416B, 416C, 416D, 416E, 420D, 422E, 424D, 426C, 428B, 428C, 428D, 428E, 430D, 430E, 430F, 432D, 432E, Teleskopiniai krautuvai, TH103, TH210, TH215, TH220B, TH330B, TH350B, TH355B OE numeriai: 6V8397","og_url":"https:\/\/eskadalys.lt\/da\/produkt-da\/o-ziedas-59\/","og_site_name":"Eska dalys","article_publisher":"https:\/\/www.facebook.com\/profile.php?id=61556005720456","article_modified_time":"2026-04-22T13:34:47+00:00","og_image":[{"width":1030,"height":954,"url":"https:\/\/eskadalys.lt\/wp-content\/uploads\/2024\/02\/o-ring-1-20240121-172104.jpg?v=1714921054","type":"image\/jpeg"}],"schema":{"@context":"https:\/\/schema.org","@graph":[{"@type":"WebPage","@id":"https:\/\/eskadalys.lt\/product\/o-ziedas-59\/","url":"https:\/\/eskadalys.lt\/product\/o-ziedas-59\/","name":"O-\u017eiedas - 6V8397 | Gera kaina | Greitas pristatymas | Eska dalys","isPartOf":{"@id":"https:\/\/eskadalys.lt\/#website"},"primaryImageOfPage":{"@id":"https:\/\/eskadalys.lt\/product\/o-ziedas-59\/#primaryimage"},"image":{"@id":"https:\/\/eskadalys.lt\/product\/o-ziedas-59\/#primaryimage"},"thumbnailUrl":"https:\/\/eskadalys.lt\/wp-content\/uploads\/2024\/02\/o-ring-1-20240121-172104.jpg?v=1714921054","datePublished":"2024-02-11T03:59:58+00:00","dateModified":"2026-04-22T13:34:47+00:00","description":"O-\u017eiedas - 6V8397 Matmenys: 12, 8mm, (OD) x 1, 78mm, (THK) OD:I\u0161orinis skersmuo THK:Storis Tinka: CAT, Ekskavatorius krautuvas, 414E, 416B, 416C, 416D, 416E, 420D, 422E, 424D, 426C, 428B, 428C, 428D, 428E, 430D, 430E, 430F, 432D, 432E, Teleskopiniai krautuvai, TH103, TH210, TH215, TH220B, TH330B, TH350B, TH355B OE numeriai: 6V8397","breadcrumb":{"@id":"https:\/\/eskadalys.lt\/product\/o-ziedas-59\/#breadcrumb"},"inLanguage":"da-DK","potentialAction":[{"@type":"ReadAction","target":["https:\/\/eskadalys.lt\/product\/o-ziedas-59\/"]}]},{"@type":"ImageObject","inLanguage":"da-DK","@id":"https:\/\/eskadalys.lt\/product\/o-ziedas-59\/#primaryimage","url":"https:\/\/eskadalys.lt\/wp-content\/uploads\/2024\/02\/o-ring-1-20240121-172104.jpg?v=1714921054","contentUrl":"https:\/\/eskadalys.lt\/wp-content\/uploads\/2024\/02\/o-ring-1-20240121-172104.jpg?v=1714921054","width":1030,"height":954},{"@type":"BreadcrumbList","@id":"https:\/\/eskadalys.lt\/product\/o-ziedas-59\/#breadcrumb","itemListElement":[{"@type":"ListItem","position":1,"name":"Strona g\u0142\u00f3wna","item":"https:\/\/eskadalys.lt\/"},{"@type":"ListItem","position":2,"name":"E-parduotuv\u0117","item":"https:\/\/eskadalys.lt\/e-parduotuve\/"},{"@type":"ListItem","position":3,"name":"O-\u017eiedas &#8211; 6V8397"}]},{"@type":"WebSite","@id":"https:\/\/eskadalys.lt\/#website","url":"https:\/\/eskadalys.lt\/","name":"Eska parts","description":"Reservedele til gravemaskine\/minigraver\/bulldozer","publisher":{"@id":"https:\/\/eskadalys.lt\/#organization"},"potentialAction":[{"@type":"SearchAction","target":{"@type":"EntryPoint","urlTemplate":"https:\/\/eskadalys.lt\/?s={search_term_string}"},"query-input":{"@type":"PropertyValueSpecification","valueRequired":true,"valueName":"search_term_string"}}],"inLanguage":"da-DK"},{"@type":"Organization","@id":"https:\/\/eskadalys.lt\/#organization","name":"Eska parts","url":"https:\/\/eskadalys.lt\/","logo":{"@type":"ImageObject","inLanguage":"da-DK","@id":"https:\/\/eskadalys.lt\/#\/schema\/logo\/image\/","url":"https:\/\/eskadalys.lt\/wp-content\/uploads\/2024\/01\/LOGO-ESKA-FINAL.svg","contentUrl":"https:\/\/eskadalys.lt\/wp-content\/uploads\/2024\/01\/LOGO-ESKA-FINAL.svg","width":259,"height":201,"caption":"Eska dalys"},"image":{"@id":"https:\/\/eskadalys.lt\/#\/schema\/logo\/image\/"},"sameAs":["https:\/\/www.facebook.com\/profile.php?id=61556005720456"]}]}},"_links":{"self":[{"href":"https:\/\/eskadalys.lt\/da\/wp-json\/wp\/v2\/product\/5545","targetHints":{"allow":["GET"]}}],"collection":[{"href":"https:\/\/eskadalys.lt\/da\/wp-json\/wp\/v2\/product"}],"about":[{"href":"https:\/\/eskadalys.lt\/da\/wp-json\/wp\/v2\/types\/product"}],"wp:featuredmedia":[{"embeddable":true,"href":"https:\/\/eskadalys.lt\/da\/wp-json\/wp\/v2\/media\/103616"}],"wp:attachment":[{"href":"https:\/\/eskadalys.lt\/da\/wp-json\/wp\/v2\/media?parent=5545"}],"wp:term":[{"taxonomy":"product_brand","embeddable":true,"href":"https:\/\/eskadalys.lt\/da\/wp-json\/wp\/v2\/product_brand?post=5545"},{"taxonomy":"product_cat","embeddable":true,"href":"https:\/\/eskadalys.lt\/da\/wp-json\/wp\/v2\/product_cat?post=5545"},{"taxonomy":"product_tag","embeddable":true,"href":"https:\/\/eskadalys.lt\/da\/wp-json\/wp\/v2\/product_tag?post=5545"}],"curies":[{"name":"wp","href":"https:\/\/api.w.org\/{rel}","templated":true}]}}