{"id":4808,"date":"2024-02-11T05:07:53","date_gmt":"2024-02-11T03:07:53","guid":{"rendered":"https:\/\/eskadalys.lt\/?post_type=product&#038;p=4808"},"modified":"2026-04-12T08:18:34","modified_gmt":"2026-04-12T05:18:34","slug":"induktiv-afstandssensorventilator","status":"publish","type":"product","link":"https:\/\/eskadalys.lt\/da\/product\/indukcinis-atstumo-jutiklis-ventiliatoriaus\/","title":{"rendered":"Induktiv afstandssensor (ventilator) \u2013 11039557"},"content":{"rendered":"<p><strong>Induktiv afstandssensor (ventilator) \u2013 11039557<\/strong><br \/>\n<strong>Velegnet til:<\/strong> VOLVO, Dumpster, A25, A25D, A25E, A25F, A30D, A30E, A30F, A35E, A40E, Vejh\u00f8vl, G930, G930B, G940, G940B, G946, G946B, G960, G960B, G970, G976, G990, Hjull\u00e6sser, L60E, L60F, L70E, L70F, L90E, L90F, L110E, L110F, L120E, L120F, L150F, L180E, L180F, L220E, L220F, L150E, L220D<\/p>\n<p>VOE11039557<\/p>\n<h3>\ud83d\udd0d Leder efter et andet produkt fra kategorien <a href=\"https:\/\/eskadalys.lt\/da\/produktkategori-da\/elektriske-komponenter\/temperatursensorer\/\">Temperatursensorer<\/a> ?<\/h3>\n<h3>\ud83d\udee0\ufe0f VOLVO reservedele \u2013 du kan finde flere af dem <a href=\"https:\/\/eskadalys.lt\/da\/produktkategori-da\/elektriske-komponenter\/\">Elektriske komponenter<\/a> i kategorien.<\/h3>\n<p>Hvis du er usikker p\u00e5, om denne del passer til din maskine, <strong>Send os venligst k\u00f8ret\u00f8jets serienummer (VIN) inden k\u00f8b.<\/strong>. Vi vil kontrollere kompatibiliteten ved hj\u00e6lp af katalogerne og <strong>Vi tilbyder den rigtige del<\/strong>. Hvis du ikke kan finde den del, du har brug for, s\u00e5 skriv til os - vi hj\u00e6lper dig med at finde den!<\/p>\n<p><strong>\ud83d\udce6 Lager i Litauen<\/strong> \u2013 ordrer afgivet f\u00f8r kl. 14.00 afsendes samme dag.<\/p>\n<p><strong>\ud83d\ude80 Hurtig levering<\/strong> \u2013 bestilte varer, som vi ikke har p\u00e5 lager i \u00f8jeblikket, leveres inden for 3-4 hverdage.<\/p>\n<p><strong>\ud83d\udcc8 Bredt udvalg<\/strong> \u2013 vi udvider l\u00f8bende vores produktudvalg.<\/p>","protected":false},"excerpt":{"rendered":"<p>11039557<\/p>","protected":false},"featured_media":102116,"template":"","meta":{"site-sidebar-layout":"default","site-content-layout":"","ast-site-content-layout":"default","site-content-style":"default","site-sidebar-style":"default","ast-global-header-display":"","ast-banner-title-visibility":"","ast-main-header-display":"","ast-hfb-above-header-display":"","ast-hfb-below-header-display":"","ast-hfb-mobile-header-display":"","site-post-title":"","ast-breadcrumbs-content":"","ast-featured-img":"","footer-sml-layout":"","ast-disable-related-posts":"","theme-transparent-header-meta":"","adv-header-id-meta":"","stick-header-meta":"","header-above-stick-meta":"","header-main-stick-meta":"","header-below-stick-meta":"","astra-migrate-meta-layouts":"default","ast-page-background-enabled":"default","ast-page-background-meta":{"desktop":{"background-color":"","background-image":"","background-repeat":"repeat","background-position":"center center","background-size":"auto","background-attachment":"scroll","background-type":"","background-media":"","overlay-type":"","overlay-color":"","overlay-opacity":"","overlay-gradient":""},"tablet":{"background-color":"","background-image":"","background-repeat":"repeat","background-position":"center center","background-size":"auto","background-attachment":"scroll","background-type":"","background-media":"","overlay-type":"","overlay-color":"","overlay-opacity":"","overlay-gradient":""},"mobile":{"background-color":"","background-image":"","background-repeat":"repeat","background-position":"center center","background-size":"auto","background-attachment":"scroll","background-type":"","background-media":"","overlay-type":"","overlay-color":"","overlay-opacity":"","overlay-gradient":""}},"ast-content-background-meta":{"desktop":{"background-color":"var(--ast-global-color-5)","background-image":"","background-repeat":"repeat","background-position":"center center","background-size":"auto","background-attachment":"scroll","background-type":"","background-media":"","overlay-type":"","overlay-color":"","overlay-opacity":"","overlay-gradient":""},"tablet":{"background-color":"var(--ast-global-color-5)","background-image":"","background-repeat":"repeat","background-position":"center center","background-size":"auto","background-attachment":"scroll","background-type":"","background-media":"","overlay-type":"","overlay-color":"","overlay-opacity":"","overlay-gradient":""},"mobile":{"background-color":"var(--ast-global-color-5)","background-image":"","background-repeat":"repeat","background-position":"center center","background-size":"auto","background-attachment":"scroll","background-type":"","background-media":"","overlay-type":"","overlay-color":"","overlay-opacity":"","overlay-gradient":""}}},"product_brand":[],"product_cat":[864],"product_tag":[],"class_list":{"0":"post-4808","1":"product","2":"type-product","3":"status-publish","4":"has-post-thumbnail","6":"product_cat-temperaturos-davikliai","7":"desktop-align-left","8":"tablet-align-left","9":"mobile-align-left","11":"first","12":"onbackorder","13":"taxable","14":"shipping-taxable","15":"purchasable","16":"product-type-simple"},"yoast_head":"<!-- This site is optimized with the Yoast SEO plugin v27.4 - https:\/\/yoast.com\/product\/yoast-seo-wordpress\/ -->\n<title>Indukcinis atstumo jutiklis (ventiliatoriaus) - 11039557 | Gera kaina | Greitas pristatymas | Eska dalys<\/title>\n<meta name=\"description\" content=\"Indukcinis atstumo jutiklis (ventiliatoriaus) - 11039557 Tinka: VOLVO, Savivartis, A25, A25D, A25E, A25F, A30D, A30E, A30F, A35E, A40E, Motor Grader, G930, G930B, G940, G940B, G946, G946B, G960, G960B, G970, G976, G990, Frontalinis krautuvas, L60E, L60F, L70E, L70F, L90E, L90F, L110E, L110F, L120E, L120F, L150F, L180E, L180F, L220E, L220F, L150E, L220D\" \/>\n<meta name=\"robots\" content=\"index, follow, max-snippet:-1, max-image-preview:large, max-video-preview:-1\" \/>\n<link rel=\"canonical\" href=\"https:\/\/eskadalys.lt\/da\/produkt-da\/induktiv-afstandssensorventilator\/\" \/>\n<meta property=\"og:locale\" content=\"da_DK\" \/>\n<meta property=\"og:type\" content=\"article\" \/>\n<meta property=\"og:title\" content=\"Indukcinis atstumo jutiklis (ventiliatoriaus) - 11039557 | Gera kaina | Greitas pristatymas | Eska dalys\" \/>\n<meta property=\"og:description\" content=\"Indukcinis atstumo jutiklis (ventiliatoriaus) - 11039557 Tinka: VOLVO, Savivartis, A25, A25D, A25E, A25F, A30D, A30E, A30F, A35E, A40E, Motor Grader, G930, G930B, G940, G940B, G946, G946B, G960, G960B, G970, G976, G990, Frontalinis krautuvas, L60E, L60F, L70E, L70F, L90E, L90F, L110E, L110F, L120E, L120F, L150F, L180E, L180F, L220E, L220F, L150E, L220D\" \/>\n<meta property=\"og:url\" content=\"https:\/\/eskadalys.lt\/da\/produkt-da\/induktiv-afstandssensorventilator\/\" \/>\n<meta property=\"og:site_name\" content=\"Eska dalys\" \/>\n<meta property=\"article:publisher\" content=\"https:\/\/www.facebook.com\/profile.php?id=61556005720456\" \/>\n<meta property=\"article:modified_time\" content=\"2026-04-12T05:18:34+00:00\" \/>\n<meta property=\"og:image\" content=\"https:\/\/eskadalys.lt\/wp-content\/uploads\/2024\/02\/sensor-4-20240121-162925-scaled-1.jpg?v=1714926053\" \/>\n\t<meta property=\"og:image:width\" content=\"1600\" \/>\n\t<meta property=\"og:image:height\" content=\"2312\" \/>\n\t<meta property=\"og:image:type\" content=\"image\/jpeg\" \/>\n<script type=\"application\/ld+json\" class=\"yoast-schema-graph\">{\"@context\":\"https:\\\/\\\/schema.org\",\"@graph\":[{\"@type\":\"WebPage\",\"@id\":\"https:\\\/\\\/eskadalys.lt\\\/product\\\/indukcinis-atstumo-jutiklis-ventiliatoriaus\\\/\",\"url\":\"https:\\\/\\\/eskadalys.lt\\\/product\\\/indukcinis-atstumo-jutiklis-ventiliatoriaus\\\/\",\"name\":\"Indukcinis atstumo jutiklis (ventiliatoriaus) - 11039557 | Gera kaina | Greitas pristatymas | Eska dalys\",\"isPartOf\":{\"@id\":\"https:\\\/\\\/eskadalys.lt\\\/#website\"},\"primaryImageOfPage\":{\"@id\":\"https:\\\/\\\/eskadalys.lt\\\/product\\\/indukcinis-atstumo-jutiklis-ventiliatoriaus\\\/#primaryimage\"},\"image\":{\"@id\":\"https:\\\/\\\/eskadalys.lt\\\/product\\\/indukcinis-atstumo-jutiklis-ventiliatoriaus\\\/#primaryimage\"},\"thumbnailUrl\":\"https:\\\/\\\/eskadalys.lt\\\/wp-content\\\/uploads\\\/2024\\\/02\\\/sensor-4-20240121-162925-scaled-1.jpg?v=1714926053\",\"datePublished\":\"2024-02-11T03:07:53+00:00\",\"dateModified\":\"2026-04-12T05:18:34+00:00\",\"description\":\"Indukcinis atstumo jutiklis (ventiliatoriaus) - 11039557 Tinka: VOLVO, Savivartis, A25, A25D, A25E, A25F, A30D, A30E, A30F, A35E, A40E, Motor Grader, G930, G930B, G940, G940B, G946, G946B, G960, G960B, G970, G976, G990, Frontalinis krautuvas, L60E, L60F, L70E, L70F, L90E, L90F, L110E, L110F, L120E, L120F, L150F, L180E, L180F, L220E, L220F, L150E, L220D\",\"breadcrumb\":{\"@id\":\"https:\\\/\\\/eskadalys.lt\\\/product\\\/indukcinis-atstumo-jutiklis-ventiliatoriaus\\\/#breadcrumb\"},\"inLanguage\":\"da-DK\",\"potentialAction\":[{\"@type\":\"ReadAction\",\"target\":[\"https:\\\/\\\/eskadalys.lt\\\/product\\\/indukcinis-atstumo-jutiklis-ventiliatoriaus\\\/\"]}]},{\"@type\":\"ImageObject\",\"inLanguage\":\"da-DK\",\"@id\":\"https:\\\/\\\/eskadalys.lt\\\/product\\\/indukcinis-atstumo-jutiklis-ventiliatoriaus\\\/#primaryimage\",\"url\":\"https:\\\/\\\/eskadalys.lt\\\/wp-content\\\/uploads\\\/2024\\\/02\\\/sensor-4-20240121-162925-scaled-1.jpg?v=1714926053\",\"contentUrl\":\"https:\\\/\\\/eskadalys.lt\\\/wp-content\\\/uploads\\\/2024\\\/02\\\/sensor-4-20240121-162925-scaled-1.jpg?v=1714926053\",\"width\":1600,\"height\":2312},{\"@type\":\"BreadcrumbList\",\"@id\":\"https:\\\/\\\/eskadalys.lt\\\/product\\\/indukcinis-atstumo-jutiklis-ventiliatoriaus\\\/#breadcrumb\",\"itemListElement\":[{\"@type\":\"ListItem\",\"position\":1,\"name\":\"Strona g\u0142\u00f3wna\",\"item\":\"https:\\\/\\\/eskadalys.lt\\\/\"},{\"@type\":\"ListItem\",\"position\":2,\"name\":\"E-parduotuv\u0117\",\"item\":\"https:\\\/\\\/eskadalys.lt\\\/e-parduotuve\\\/\"},{\"@type\":\"ListItem\",\"position\":3,\"name\":\"Indukcinis atstumo jutiklis (ventiliatoriaus) &#8211; 11039557\"}]},{\"@type\":\"WebSite\",\"@id\":\"https:\\\/\\\/eskadalys.lt\\\/#website\",\"url\":\"https:\\\/\\\/eskadalys.lt\\\/\",\"name\":\"Eska dalys\",\"description\":\"Ekskavatori\u0173 \\\/ mini ekskavatori\u0173 \\\/ buldozeri\u0173 dalys\",\"publisher\":{\"@id\":\"https:\\\/\\\/eskadalys.lt\\\/#organization\"},\"potentialAction\":[{\"@type\":\"SearchAction\",\"target\":{\"@type\":\"EntryPoint\",\"urlTemplate\":\"https:\\\/\\\/eskadalys.lt\\\/?s={search_term_string}\"},\"query-input\":{\"@type\":\"PropertyValueSpecification\",\"valueRequired\":true,\"valueName\":\"search_term_string\"}}],\"inLanguage\":\"da-DK\"},{\"@type\":\"Organization\",\"@id\":\"https:\\\/\\\/eskadalys.lt\\\/#organization\",\"name\":\"Eska dalys\",\"url\":\"https:\\\/\\\/eskadalys.lt\\\/\",\"logo\":{\"@type\":\"ImageObject\",\"inLanguage\":\"da-DK\",\"@id\":\"https:\\\/\\\/eskadalys.lt\\\/#\\\/schema\\\/logo\\\/image\\\/\",\"url\":\"https:\\\/\\\/eskadalys.lt\\\/wp-content\\\/uploads\\\/2024\\\/01\\\/LOGO-ESKA-FINAL.svg\",\"contentUrl\":\"https:\\\/\\\/eskadalys.lt\\\/wp-content\\\/uploads\\\/2024\\\/01\\\/LOGO-ESKA-FINAL.svg\",\"width\":259,\"height\":201,\"caption\":\"Eska dalys\"},\"image\":{\"@id\":\"https:\\\/\\\/eskadalys.lt\\\/#\\\/schema\\\/logo\\\/image\\\/\"},\"sameAs\":[\"https:\\\/\\\/www.facebook.com\\\/profile.php?id=61556005720456\"]}]}<\/script>\n<!-- \/ Yoast SEO plugin. -->","yoast_head_json":{"title":"Induktiv afstandssensor (ventilator) - 11039557 | God pris | Hurtig levering | Eska reservedele","description":"Induktiv afstandssensor (ventilator) - 11039557 Passer til: VOLVO, Dumpster, A25, A25D, A25E, A25F, A30D, A30E, A30F, A35E, A40E, Motorvejh\u00f8vl, G930, G930B, G940, G940B, G946, G946B, G960, G960B, G970, G976, G990, Hjull\u00e6sser, L60E, L60F, L70E, L70F, L90E, L90F, L110E, L110F, L120E, L120F, L150F, L180E, L180F, L220E, L220F, L150E, L220D","robots":{"index":"index","follow":"follow","max-snippet":"max-snippet:-1","max-image-preview":"max-image-preview:large","max-video-preview":"max-video-preview:-1"},"canonical":"https:\/\/eskadalys.lt\/da\/produkt-da\/induktiv-afstandssensorventilator\/","og_locale":"da_DK","og_type":"article","og_title":"Indukcinis atstumo jutiklis (ventiliatoriaus) - 11039557 | Gera kaina | Greitas pristatymas | Eska dalys","og_description":"Indukcinis atstumo jutiklis (ventiliatoriaus) - 11039557 Tinka: VOLVO, Savivartis, A25, A25D, A25E, A25F, A30D, A30E, A30F, A35E, A40E, Motor Grader, G930, G930B, G940, G940B, G946, G946B, G960, G960B, G970, G976, G990, Frontalinis krautuvas, L60E, L60F, L70E, L70F, L90E, L90F, L110E, L110F, L120E, L120F, L150F, L180E, L180F, L220E, L220F, L150E, L220D","og_url":"https:\/\/eskadalys.lt\/da\/produkt-da\/induktiv-afstandssensorventilator\/","og_site_name":"Eska dalys","article_publisher":"https:\/\/www.facebook.com\/profile.php?id=61556005720456","article_modified_time":"2026-04-12T05:18:34+00:00","og_image":[{"width":1600,"height":2312,"url":"https:\/\/eskadalys.lt\/wp-content\/uploads\/2024\/02\/sensor-4-20240121-162925-scaled-1.jpg?v=1714926053","type":"image\/jpeg"}],"schema":{"@context":"https:\/\/schema.org","@graph":[{"@type":"WebPage","@id":"https:\/\/eskadalys.lt\/product\/indukcinis-atstumo-jutiklis-ventiliatoriaus\/","url":"https:\/\/eskadalys.lt\/product\/indukcinis-atstumo-jutiklis-ventiliatoriaus\/","name":"Induktiv afstandssensor (ventilator) - 11039557 | God pris | Hurtig levering | Eska reservedele","isPartOf":{"@id":"https:\/\/eskadalys.lt\/#website"},"primaryImageOfPage":{"@id":"https:\/\/eskadalys.lt\/product\/indukcinis-atstumo-jutiklis-ventiliatoriaus\/#primaryimage"},"image":{"@id":"https:\/\/eskadalys.lt\/product\/indukcinis-atstumo-jutiklis-ventiliatoriaus\/#primaryimage"},"thumbnailUrl":"https:\/\/eskadalys.lt\/wp-content\/uploads\/2024\/02\/sensor-4-20240121-162925-scaled-1.jpg?v=1714926053","datePublished":"2024-02-11T03:07:53+00:00","dateModified":"2026-04-12T05:18:34+00:00","description":"Induktiv afstandssensor (ventilator) - 11039557 Passer til: VOLVO, Dumpster, A25, A25D, A25E, A25F, A30D, A30E, A30F, A35E, A40E, Motorvejh\u00f8vl, G930, G930B, G940, G940B, G946, G946B, G960, G960B, G970, G976, G990, Hjull\u00e6sser, L60E, L60F, L70E, L70F, L90E, L90F, L110E, L110F, L120E, L120F, L150F, L180E, L180F, L220E, L220F, L150E, L220D","breadcrumb":{"@id":"https:\/\/eskadalys.lt\/product\/indukcinis-atstumo-jutiklis-ventiliatoriaus\/#breadcrumb"},"inLanguage":"da-DK","potentialAction":[{"@type":"ReadAction","target":["https:\/\/eskadalys.lt\/product\/indukcinis-atstumo-jutiklis-ventiliatoriaus\/"]}]},{"@type":"ImageObject","inLanguage":"da-DK","@id":"https:\/\/eskadalys.lt\/product\/indukcinis-atstumo-jutiklis-ventiliatoriaus\/#primaryimage","url":"https:\/\/eskadalys.lt\/wp-content\/uploads\/2024\/02\/sensor-4-20240121-162925-scaled-1.jpg?v=1714926053","contentUrl":"https:\/\/eskadalys.lt\/wp-content\/uploads\/2024\/02\/sensor-4-20240121-162925-scaled-1.jpg?v=1714926053","width":1600,"height":2312},{"@type":"BreadcrumbList","@id":"https:\/\/eskadalys.lt\/product\/indukcinis-atstumo-jutiklis-ventiliatoriaus\/#breadcrumb","itemListElement":[{"@type":"ListItem","position":1,"name":"Strona g\u0142\u00f3wna","item":"https:\/\/eskadalys.lt\/"},{"@type":"ListItem","position":2,"name":"E-parduotuv\u0117","item":"https:\/\/eskadalys.lt\/e-parduotuve\/"},{"@type":"ListItem","position":3,"name":"Indukcinis atstumo jutiklis (ventiliatoriaus) &#8211; 11039557"}]},{"@type":"WebSite","@id":"https:\/\/eskadalys.lt\/#website","url":"https:\/\/eskadalys.lt\/","name":"Eska parts","description":"Reservedele til gravemaskine\/minigraver\/bulldozer","publisher":{"@id":"https:\/\/eskadalys.lt\/#organization"},"potentialAction":[{"@type":"SearchAction","target":{"@type":"EntryPoint","urlTemplate":"https:\/\/eskadalys.lt\/?s={search_term_string}"},"query-input":{"@type":"PropertyValueSpecification","valueRequired":true,"valueName":"search_term_string"}}],"inLanguage":"da-DK"},{"@type":"Organization","@id":"https:\/\/eskadalys.lt\/#organization","name":"Eska parts","url":"https:\/\/eskadalys.lt\/","logo":{"@type":"ImageObject","inLanguage":"da-DK","@id":"https:\/\/eskadalys.lt\/#\/schema\/logo\/image\/","url":"https:\/\/eskadalys.lt\/wp-content\/uploads\/2024\/01\/LOGO-ESKA-FINAL.svg","contentUrl":"https:\/\/eskadalys.lt\/wp-content\/uploads\/2024\/01\/LOGO-ESKA-FINAL.svg","width":259,"height":201,"caption":"Eska dalys"},"image":{"@id":"https:\/\/eskadalys.lt\/#\/schema\/logo\/image\/"},"sameAs":["https:\/\/www.facebook.com\/profile.php?id=61556005720456"]}]}},"_links":{"self":[{"href":"https:\/\/eskadalys.lt\/da\/wp-json\/wp\/v2\/product\/4808","targetHints":{"allow":["GET"]}}],"collection":[{"href":"https:\/\/eskadalys.lt\/da\/wp-json\/wp\/v2\/product"}],"about":[{"href":"https:\/\/eskadalys.lt\/da\/wp-json\/wp\/v2\/types\/product"}],"wp:featuredmedia":[{"embeddable":true,"href":"https:\/\/eskadalys.lt\/da\/wp-json\/wp\/v2\/media\/102116"}],"wp:attachment":[{"href":"https:\/\/eskadalys.lt\/da\/wp-json\/wp\/v2\/media?parent=4808"}],"wp:term":[{"taxonomy":"product_brand","embeddable":true,"href":"https:\/\/eskadalys.lt\/da\/wp-json\/wp\/v2\/product_brand?post=4808"},{"taxonomy":"product_cat","embeddable":true,"href":"https:\/\/eskadalys.lt\/da\/wp-json\/wp\/v2\/product_cat?post=4808"},{"taxonomy":"product_tag","embeddable":true,"href":"https:\/\/eskadalys.lt\/da\/wp-json\/wp\/v2\/product_tag?post=4808"}],"curies":[{"name":"wp","href":"https:\/\/api.w.org\/{rel}","templated":true}]}}