{"id":4743,"date":"2024-02-11T05:02:04","date_gmt":"2024-02-11T03:02:04","guid":{"rendered":"https:\/\/eskadalys.lt\/?post_type=product&#038;p=4743"},"modified":"2026-04-12T08:18:30","modified_gmt":"2026-04-12T05:18:30","slug":"hydraulikolie-original-20-l","status":"publish","type":"product","link":"https:\/\/eskadalys.lt\/da\/product\/hidrauline-alyva-originalas-20l\/","title":{"rendered":"Hydraulikolie Original 20L \u2013 3096942"},"content":{"rendered":"<p><strong>Hydraulikolie Original 20L \u2013 3096942<\/strong><br \/>\n<strong>Velegnet til:<\/strong> CAT, Dumptruck, Asfaltudl\u00e6gger, Rendegraver, 428, 428B, 428C, 428D, 428E, 428F, 432D, 432E, 432F, 442D, 442E, 444E, 446, Traktor, Koldh\u00f8vl, Vibrator, Motor, B\u00e6ltegraver, Bulldozer p\u00e5 hjul, Dalsk\u00e6r, Generator, Hjull\u00e6sser, Minigraver, Hjulmotorvejh\u00f8vl, Jordvalse\/komprimatorer, R\u00f8rl\u00e6gger, B\u00e6ltel\u00e6sser, Minib\u00e6ltel\u00e6sser, Teleskopl\u00e6ssere, Bulldozer, Terr\u00e6ng\u00e5ende lastbil, Udl\u00e5nemaskine, Hammer, Hjulskrabere, Hjulgraver<br \/>\n<strong>OE-numre::<\/strong> OLEJ, 3096942, hydraulikolie<br \/>\n309-6942<\/p>\n<h3>\ud83d\udd0d Leder efter et andet produkt fra kategorien <a href=\"https:\/\/eskadalys.lt\/da\/produktkategori-da\/filtre-olier-smoremidler\/olie\/\">Oliven<\/a> ?<\/h3>\n<h3>\ud83d\udee0\ufe0f Gravemaskinereservedele \u2013 du kan finde flere af dem <a href=\"https:\/\/eskadalys.lt\/da\/produktkategori-da\/filtre-olier-smoremidler\/\"\">Filtre\/olier\/sm\u00f8remidler<\/a> i kategorien.<\/h3>\n<p>Hvis du er usikker p\u00e5, om denne del passer til din maskine, <strong>Send os venligst k\u00f8ret\u00f8jets serienummer (VIN) inden k\u00f8b.<\/strong>. Vi vil kontrollere kompatibiliteten ved hj\u00e6lp af katalogerne og <strong>Vi tilbyder den rigtige del<\/strong>. Hvis du ikke kan finde den del, du har brug for, s\u00e5 skriv til os - vi hj\u00e6lper dig med at finde den!<\/p>\n<p><strong>\ud83d\udce6 Lager i Litauen<\/strong> \u2013 ordrer afgivet f\u00f8r kl. 14.00 afsendes samme dag.<\/p>\n<p><strong>\ud83d\ude80 Hurtig levering<\/strong> \u2013 bestilte varer, som vi ikke har p\u00e5 lager i \u00f8jeblikket, leveres inden for 3-4 hverdage.<\/p>\n<p><strong>\ud83d\udcc8 Bredt udvalg<\/strong> \u2013 vi udvider l\u00f8bende vores produktudvalg.<\/p>","protected":false},"excerpt":{"rendered":"<p>3096942 G<\/p>","protected":false},"featured_media":101925,"template":"","meta":{"site-sidebar-layout":"default","site-content-layout":"","ast-site-content-layout":"default","site-content-style":"default","site-sidebar-style":"default","ast-global-header-display":"","ast-banner-title-visibility":"","ast-main-header-display":"","ast-hfb-above-header-display":"","ast-hfb-below-header-display":"","ast-hfb-mobile-header-display":"","site-post-title":"","ast-breadcrumbs-content":"","ast-featured-img":"","footer-sml-layout":"","ast-disable-related-posts":"","theme-transparent-header-meta":"","adv-header-id-meta":"","stick-header-meta":"","header-above-stick-meta":"","header-main-stick-meta":"","header-below-stick-meta":"","astra-migrate-meta-layouts":"default","ast-page-background-enabled":"default","ast-page-background-meta":{"desktop":{"background-color":"","background-image":"","background-repeat":"repeat","background-position":"center center","background-size":"auto","background-attachment":"scroll","background-type":"","background-media":"","overlay-type":"","overlay-color":"","overlay-opacity":"","overlay-gradient":""},"tablet":{"background-color":"","background-image":"","background-repeat":"repeat","background-position":"center center","background-size":"auto","background-attachment":"scroll","background-type":"","background-media":"","overlay-type":"","overlay-color":"","overlay-opacity":"","overlay-gradient":""},"mobile":{"background-color":"","background-image":"","background-repeat":"repeat","background-position":"center center","background-size":"auto","background-attachment":"scroll","background-type":"","background-media":"","overlay-type":"","overlay-color":"","overlay-opacity":"","overlay-gradient":""}},"ast-content-background-meta":{"desktop":{"background-color":"var(--ast-global-color-5)","background-image":"","background-repeat":"repeat","background-position":"center center","background-size":"auto","background-attachment":"scroll","background-type":"","background-media":"","overlay-type":"","overlay-color":"","overlay-opacity":"","overlay-gradient":""},"tablet":{"background-color":"var(--ast-global-color-5)","background-image":"","background-repeat":"repeat","background-position":"center center","background-size":"auto","background-attachment":"scroll","background-type":"","background-media":"","overlay-type":"","overlay-color":"","overlay-opacity":"","overlay-gradient":""},"mobile":{"background-color":"var(--ast-global-color-5)","background-image":"","background-repeat":"repeat","background-position":"center center","background-size":"auto","background-attachment":"scroll","background-type":"","background-media":"","overlay-type":"","overlay-color":"","overlay-opacity":"","overlay-gradient":""}}},"product_brand":[],"product_cat":[959],"product_tag":[],"class_list":{"0":"post-4743","1":"product","2":"type-product","3":"status-publish","4":"has-post-thumbnail","6":"product_cat-alyva","7":"desktop-align-left","8":"tablet-align-left","9":"mobile-align-left","11":"first","12":"outofstock","13":"taxable","14":"shipping-taxable","15":"purchasable","16":"product-type-simple"},"yoast_head":"<!-- This site is optimized with the Yoast SEO plugin v27.4 - https:\/\/yoast.com\/product\/yoast-seo-wordpress\/ -->\n<title>Hidraulin\u0117 alyva Originalas 20L - 3096942 | Gera kaina | Greitas pristatymas | Eska dalys<\/title>\n<meta name=\"description\" content=\"Hidraulin\u0117 alyva Originalas 20L - 3096942 G Tinka: CAT, Savivartis, Asphalt Paver, Ekskavatorius krautuvas, 428, 428B, 428C, 428D, 428E, 428F, 432D, 432E, 432F, 442D, 442E, 444E, 446, Tractor, Cold Planer, Compactor, Variklis, Vik\u0161rinis ekskavatorius, Wheeled Buldozeris, Valley Blades, Generator, Frontalinis krautuvas, Mini ekskavatorius, Wheeled Motor Grader, Grunto volas\/tankintuvai , Pipelayer, Vik\u0161rinis krautuvas, Mini Vik\u0161rinis krautuvas, Teleskopiniai krautuvai, Buldozeris, Underground Articulated Truck, Skidder, Hammer, Ratiniai skreperiai, Ratinis ekskavatorius OE numeriai: OLEJ, 3096942, olej hydrauliczny\" \/>\n<meta name=\"robots\" content=\"index, follow, max-snippet:-1, max-image-preview:large, max-video-preview:-1\" \/>\n<link rel=\"canonical\" href=\"https:\/\/eskadalys.lt\/da\/produkt-da\/hydraulikolie-original-20-l\/\" \/>\n<meta property=\"og:locale\" content=\"da_DK\" \/>\n<meta property=\"og:type\" content=\"article\" \/>\n<meta property=\"og:title\" content=\"Hidraulin\u0117 alyva Originalas 20L - 3096942 | Gera kaina | Greitas pristatymas | Eska dalys\" \/>\n<meta property=\"og:description\" content=\"Hidraulin\u0117 alyva Originalas 20L - 3096942 G Tinka: CAT, Savivartis, Asphalt Paver, Ekskavatorius krautuvas, 428, 428B, 428C, 428D, 428E, 428F, 432D, 432E, 432F, 442D, 442E, 444E, 446, Tractor, Cold Planer, Compactor, Variklis, Vik\u0161rinis ekskavatorius, Wheeled Buldozeris, Valley Blades, Generator, Frontalinis krautuvas, Mini ekskavatorius, Wheeled Motor Grader, Grunto volas\/tankintuvai , Pipelayer, Vik\u0161rinis krautuvas, Mini Vik\u0161rinis krautuvas, Teleskopiniai krautuvai, Buldozeris, Underground Articulated Truck, Skidder, Hammer, Ratiniai skreperiai, Ratinis ekskavatorius OE numeriai: OLEJ, 3096942, olej hydrauliczny\" \/>\n<meta property=\"og:url\" content=\"https:\/\/eskadalys.lt\/da\/produkt-da\/hydraulikolie-original-20-l\/\" \/>\n<meta property=\"og:site_name\" content=\"Eska dalys\" \/>\n<meta property=\"article:publisher\" content=\"https:\/\/www.facebook.com\/profile.php?id=61556005720456\" \/>\n<meta property=\"article:modified_time\" content=\"2026-04-12T05:18:30+00:00\" \/>\n<meta property=\"og:image\" content=\"https:\/\/eskadalys.lt\/wp-content\/uploads\/2024\/02\/olej-silnikowy-1-20240121-162313-scaled-1.jpg?v=1714926804\" \/>\n\t<meta property=\"og:image:width\" content=\"1600\" \/>\n\t<meta property=\"og:image:height\" content=\"2011\" \/>\n\t<meta property=\"og:image:type\" content=\"image\/jpeg\" \/>\n<script type=\"application\/ld+json\" class=\"yoast-schema-graph\">{\"@context\":\"https:\\\/\\\/schema.org\",\"@graph\":[{\"@type\":\"WebPage\",\"@id\":\"https:\\\/\\\/eskadalys.lt\\\/product\\\/hidrauline-alyva-originalas-20l\\\/\",\"url\":\"https:\\\/\\\/eskadalys.lt\\\/product\\\/hidrauline-alyva-originalas-20l\\\/\",\"name\":\"Hidraulin\u0117 alyva Originalas 20L - 3096942 | Gera kaina | Greitas pristatymas | Eska dalys\",\"isPartOf\":{\"@id\":\"https:\\\/\\\/eskadalys.lt\\\/#website\"},\"primaryImageOfPage\":{\"@id\":\"https:\\\/\\\/eskadalys.lt\\\/product\\\/hidrauline-alyva-originalas-20l\\\/#primaryimage\"},\"image\":{\"@id\":\"https:\\\/\\\/eskadalys.lt\\\/product\\\/hidrauline-alyva-originalas-20l\\\/#primaryimage\"},\"thumbnailUrl\":\"https:\\\/\\\/eskadalys.lt\\\/wp-content\\\/uploads\\\/2024\\\/02\\\/olej-silnikowy-1-20240121-162313-scaled-1.jpg?v=1714926804\",\"datePublished\":\"2024-02-11T03:02:04+00:00\",\"dateModified\":\"2026-04-12T05:18:30+00:00\",\"description\":\"Hidraulin\u0117 alyva Originalas 20L - 3096942 G Tinka: CAT, Savivartis, Asphalt Paver, Ekskavatorius krautuvas, 428, 428B, 428C, 428D, 428E, 428F, 432D, 432E, 432F, 442D, 442E, 444E, 446, Tractor, Cold Planer, Compactor, Variklis, Vik\u0161rinis ekskavatorius, Wheeled Buldozeris, Valley Blades, Generator, Frontalinis krautuvas, Mini ekskavatorius, Wheeled Motor Grader, Grunto volas\\\/tankintuvai , Pipelayer, Vik\u0161rinis krautuvas, Mini Vik\u0161rinis krautuvas, Teleskopiniai krautuvai, Buldozeris, Underground Articulated Truck, Skidder, Hammer, Ratiniai skreperiai, Ratinis ekskavatorius OE numeriai: OLEJ, 3096942, olej hydrauliczny\",\"breadcrumb\":{\"@id\":\"https:\\\/\\\/eskadalys.lt\\\/product\\\/hidrauline-alyva-originalas-20l\\\/#breadcrumb\"},\"inLanguage\":\"da-DK\",\"potentialAction\":[{\"@type\":\"ReadAction\",\"target\":[\"https:\\\/\\\/eskadalys.lt\\\/product\\\/hidrauline-alyva-originalas-20l\\\/\"]}]},{\"@type\":\"ImageObject\",\"inLanguage\":\"da-DK\",\"@id\":\"https:\\\/\\\/eskadalys.lt\\\/product\\\/hidrauline-alyva-originalas-20l\\\/#primaryimage\",\"url\":\"https:\\\/\\\/eskadalys.lt\\\/wp-content\\\/uploads\\\/2024\\\/02\\\/olej-silnikowy-1-20240121-162313-scaled-1.jpg?v=1714926804\",\"contentUrl\":\"https:\\\/\\\/eskadalys.lt\\\/wp-content\\\/uploads\\\/2024\\\/02\\\/olej-silnikowy-1-20240121-162313-scaled-1.jpg?v=1714926804\",\"width\":1600,\"height\":2011},{\"@type\":\"BreadcrumbList\",\"@id\":\"https:\\\/\\\/eskadalys.lt\\\/product\\\/hidrauline-alyva-originalas-20l\\\/#breadcrumb\",\"itemListElement\":[{\"@type\":\"ListItem\",\"position\":1,\"name\":\"Strona g\u0142\u00f3wna\",\"item\":\"https:\\\/\\\/eskadalys.lt\\\/\"},{\"@type\":\"ListItem\",\"position\":2,\"name\":\"E-parduotuv\u0117\",\"item\":\"https:\\\/\\\/eskadalys.lt\\\/e-parduotuve\\\/\"},{\"@type\":\"ListItem\",\"position\":3,\"name\":\"Hidraulin\u0117 alyva Originalas 20L &#8211; 3096942\"}]},{\"@type\":\"WebSite\",\"@id\":\"https:\\\/\\\/eskadalys.lt\\\/#website\",\"url\":\"https:\\\/\\\/eskadalys.lt\\\/\",\"name\":\"Eska dalys\",\"description\":\"Ekskavatori\u0173 \\\/ mini ekskavatori\u0173 \\\/ buldozeri\u0173 dalys\",\"publisher\":{\"@id\":\"https:\\\/\\\/eskadalys.lt\\\/#organization\"},\"potentialAction\":[{\"@type\":\"SearchAction\",\"target\":{\"@type\":\"EntryPoint\",\"urlTemplate\":\"https:\\\/\\\/eskadalys.lt\\\/?s={search_term_string}\"},\"query-input\":{\"@type\":\"PropertyValueSpecification\",\"valueRequired\":true,\"valueName\":\"search_term_string\"}}],\"inLanguage\":\"da-DK\"},{\"@type\":\"Organization\",\"@id\":\"https:\\\/\\\/eskadalys.lt\\\/#organization\",\"name\":\"Eska dalys\",\"url\":\"https:\\\/\\\/eskadalys.lt\\\/\",\"logo\":{\"@type\":\"ImageObject\",\"inLanguage\":\"da-DK\",\"@id\":\"https:\\\/\\\/eskadalys.lt\\\/#\\\/schema\\\/logo\\\/image\\\/\",\"url\":\"https:\\\/\\\/eskadalys.lt\\\/wp-content\\\/uploads\\\/2024\\\/01\\\/LOGO-ESKA-FINAL.svg\",\"contentUrl\":\"https:\\\/\\\/eskadalys.lt\\\/wp-content\\\/uploads\\\/2024\\\/01\\\/LOGO-ESKA-FINAL.svg\",\"width\":259,\"height\":201,\"caption\":\"Eska dalys\"},\"image\":{\"@id\":\"https:\\\/\\\/eskadalys.lt\\\/#\\\/schema\\\/logo\\\/image\\\/\"},\"sameAs\":[\"https:\\\/\\\/www.facebook.com\\\/profile.php?id=61556005720456\"]}]}<\/script>\n<!-- \/ Yoast SEO plugin. -->","yoast_head_json":{"title":"Hydraulikolie Original 20L - 3096942 | God pris | Hurtig levering | Eska reservedele","description":"Hydraulikolie Original 20L - 3096942 G Velegnet til: CAT, Dumptruck, Asfaltudl\u00e6gger, Rendegraver, 428, 428B, 428C, 428D, 428E, 428F, 432D, 432E, 432F, 442D, 442E, 444E, 446, Traktor, Koldh\u00f8vl, Vibrator, Motor, B\u00e6ltegraver, Hjulbuldozer, Dalsk\u00e6r, Generator, Frontl\u00e6sser, Minigraver, Hjulmotorvejh\u00f8vl, Jordvibrator\/tromle, R\u00f8rl\u00e6gger, B\u00e6ltel\u00e6sser, Minib\u00e6ltel\u00e6sser, Teleskopl\u00e6ssere, Bulldozer, Terr\u00e6ng\u00e5ende lastbil, Udl\u00f8jning, Hammer, Hjulskrabere, Hjulgraver OE-numre: OLEJ, 3096942, olej hydrauliczny","robots":{"index":"index","follow":"follow","max-snippet":"max-snippet:-1","max-image-preview":"max-image-preview:large","max-video-preview":"max-video-preview:-1"},"canonical":"https:\/\/eskadalys.lt\/da\/produkt-da\/hydraulikolie-original-20-l\/","og_locale":"da_DK","og_type":"article","og_title":"Hidraulin\u0117 alyva Originalas 20L - 3096942 | Gera kaina | Greitas pristatymas | Eska dalys","og_description":"Hidraulin\u0117 alyva Originalas 20L - 3096942 G Tinka: CAT, Savivartis, Asphalt Paver, Ekskavatorius krautuvas, 428, 428B, 428C, 428D, 428E, 428F, 432D, 432E, 432F, 442D, 442E, 444E, 446, Tractor, Cold Planer, Compactor, Variklis, Vik\u0161rinis ekskavatorius, Wheeled Buldozeris, Valley Blades, Generator, Frontalinis krautuvas, Mini ekskavatorius, Wheeled Motor Grader, Grunto volas\/tankintuvai , Pipelayer, Vik\u0161rinis krautuvas, Mini Vik\u0161rinis krautuvas, Teleskopiniai krautuvai, Buldozeris, Underground Articulated Truck, Skidder, Hammer, Ratiniai skreperiai, Ratinis ekskavatorius OE numeriai: OLEJ, 3096942, olej hydrauliczny","og_url":"https:\/\/eskadalys.lt\/da\/produkt-da\/hydraulikolie-original-20-l\/","og_site_name":"Eska dalys","article_publisher":"https:\/\/www.facebook.com\/profile.php?id=61556005720456","article_modified_time":"2026-04-12T05:18:30+00:00","og_image":[{"width":1600,"height":2011,"url":"https:\/\/eskadalys.lt\/wp-content\/uploads\/2024\/02\/olej-silnikowy-1-20240121-162313-scaled-1.jpg?v=1714926804","type":"image\/jpeg"}],"schema":{"@context":"https:\/\/schema.org","@graph":[{"@type":"WebPage","@id":"https:\/\/eskadalys.lt\/product\/hidrauline-alyva-originalas-20l\/","url":"https:\/\/eskadalys.lt\/product\/hidrauline-alyva-originalas-20l\/","name":"Hydraulikolie Original 20L - 3096942 | God pris | Hurtig levering | Eska reservedele","isPartOf":{"@id":"https:\/\/eskadalys.lt\/#website"},"primaryImageOfPage":{"@id":"https:\/\/eskadalys.lt\/product\/hidrauline-alyva-originalas-20l\/#primaryimage"},"image":{"@id":"https:\/\/eskadalys.lt\/product\/hidrauline-alyva-originalas-20l\/#primaryimage"},"thumbnailUrl":"https:\/\/eskadalys.lt\/wp-content\/uploads\/2024\/02\/olej-silnikowy-1-20240121-162313-scaled-1.jpg?v=1714926804","datePublished":"2024-02-11T03:02:04+00:00","dateModified":"2026-04-12T05:18:30+00:00","description":"Hydraulikolie Original 20L - 3096942 G Velegnet til: CAT, Dumptruck, Asfaltudl\u00e6gger, Rendegraver, 428, 428B, 428C, 428D, 428E, 428F, 432D, 432E, 432F, 442D, 442E, 444E, 446, Traktor, Koldh\u00f8vl, Vibrator, Motor, B\u00e6ltegraver, Hjulbuldozer, Dalsk\u00e6r, Generator, Frontl\u00e6sser, Minigraver, Hjulmotorvejh\u00f8vl, Jordvibrator\/tromle, R\u00f8rl\u00e6gger, B\u00e6ltel\u00e6sser, Minib\u00e6ltel\u00e6sser, Teleskopl\u00e6ssere, Bulldozer, Terr\u00e6ng\u00e5ende lastbil, Udl\u00f8jning, Hammer, Hjulskrabere, Hjulgraver OE-numre: OLEJ, 3096942, olej hydrauliczny","breadcrumb":{"@id":"https:\/\/eskadalys.lt\/product\/hidrauline-alyva-originalas-20l\/#breadcrumb"},"inLanguage":"da-DK","potentialAction":[{"@type":"ReadAction","target":["https:\/\/eskadalys.lt\/product\/hidrauline-alyva-originalas-20l\/"]}]},{"@type":"ImageObject","inLanguage":"da-DK","@id":"https:\/\/eskadalys.lt\/product\/hidrauline-alyva-originalas-20l\/#primaryimage","url":"https:\/\/eskadalys.lt\/wp-content\/uploads\/2024\/02\/olej-silnikowy-1-20240121-162313-scaled-1.jpg?v=1714926804","contentUrl":"https:\/\/eskadalys.lt\/wp-content\/uploads\/2024\/02\/olej-silnikowy-1-20240121-162313-scaled-1.jpg?v=1714926804","width":1600,"height":2011},{"@type":"BreadcrumbList","@id":"https:\/\/eskadalys.lt\/product\/hidrauline-alyva-originalas-20l\/#breadcrumb","itemListElement":[{"@type":"ListItem","position":1,"name":"Strona g\u0142\u00f3wna","item":"https:\/\/eskadalys.lt\/"},{"@type":"ListItem","position":2,"name":"E-parduotuv\u0117","item":"https:\/\/eskadalys.lt\/e-parduotuve\/"},{"@type":"ListItem","position":3,"name":"Hidraulin\u0117 alyva Originalas 20L &#8211; 3096942"}]},{"@type":"WebSite","@id":"https:\/\/eskadalys.lt\/#website","url":"https:\/\/eskadalys.lt\/","name":"Eska parts","description":"Reservedele til gravemaskine\/minigraver\/bulldozer","publisher":{"@id":"https:\/\/eskadalys.lt\/#organization"},"potentialAction":[{"@type":"SearchAction","target":{"@type":"EntryPoint","urlTemplate":"https:\/\/eskadalys.lt\/?s={search_term_string}"},"query-input":{"@type":"PropertyValueSpecification","valueRequired":true,"valueName":"search_term_string"}}],"inLanguage":"da-DK"},{"@type":"Organization","@id":"https:\/\/eskadalys.lt\/#organization","name":"Eska parts","url":"https:\/\/eskadalys.lt\/","logo":{"@type":"ImageObject","inLanguage":"da-DK","@id":"https:\/\/eskadalys.lt\/#\/schema\/logo\/image\/","url":"https:\/\/eskadalys.lt\/wp-content\/uploads\/2024\/01\/LOGO-ESKA-FINAL.svg","contentUrl":"https:\/\/eskadalys.lt\/wp-content\/uploads\/2024\/01\/LOGO-ESKA-FINAL.svg","width":259,"height":201,"caption":"Eska dalys"},"image":{"@id":"https:\/\/eskadalys.lt\/#\/schema\/logo\/image\/"},"sameAs":["https:\/\/www.facebook.com\/profile.php?id=61556005720456"]}]}},"_links":{"self":[{"href":"https:\/\/eskadalys.lt\/da\/wp-json\/wp\/v2\/product\/4743","targetHints":{"allow":["GET"]}}],"collection":[{"href":"https:\/\/eskadalys.lt\/da\/wp-json\/wp\/v2\/product"}],"about":[{"href":"https:\/\/eskadalys.lt\/da\/wp-json\/wp\/v2\/types\/product"}],"wp:featuredmedia":[{"embeddable":true,"href":"https:\/\/eskadalys.lt\/da\/wp-json\/wp\/v2\/media\/101925"}],"wp:attachment":[{"href":"https:\/\/eskadalys.lt\/da\/wp-json\/wp\/v2\/media?parent=4743"}],"wp:term":[{"taxonomy":"product_brand","embeddable":true,"href":"https:\/\/eskadalys.lt\/da\/wp-json\/wp\/v2\/product_brand?post=4743"},{"taxonomy":"product_cat","embeddable":true,"href":"https:\/\/eskadalys.lt\/da\/wp-json\/wp\/v2\/product_cat?post=4743"},{"taxonomy":"product_tag","embeddable":true,"href":"https:\/\/eskadalys.lt\/da\/wp-json\/wp\/v2\/product_tag?post=4743"}],"curies":[{"name":"wp","href":"https:\/\/api.w.org\/{rel}","templated":true}]}}