{"id":4336,"date":"2024-02-11T04:32:20","date_gmt":"2024-02-11T02:32:20","guid":{"rendered":"https:\/\/eskadalys.lt\/?post_type=product&#038;p=4336"},"modified":"2026-04-12T08:17:51","modified_gmt":"2026-04-12T05:17:51","slug":"satellitudstyr-14","status":"publish","type":"product","link":"https:\/\/eskadalys.lt\/da\/product\/satelitinis-krumpliaratis-14\/","title":{"rendered":"Satellitudstyr - 2094157"},"content":{"rendered":"<p><strong>Satellitudstyr - 2094157<\/strong><br \/>\n<strong>Velegnet til:<\/strong> VOLVO, Rendegraver, BL60, BL60B, BL61, BL61B, BL70, BL70B, BL71, BL71B, CAT, Rendegraver, 414E, 416D, 416E, 416F, 420D, 420E, 420F, 422E, 422F, 424D, 428, 428B, 428D, 428E, 428F, 430D, 430E, 430F, 432D, 432E, 432F, 442D, 442E, 450E, Hjull\u00e6sser, Teleskopl\u00e6ssere, TH220B, TH330B, TH340B, TH350B, TH355B, TH560B, TH580B, 902, 906, 906H, 907H, 907H2, 908, 908H, 908H2, 450F, TH407, TL943, TL1055, TH336, TL1255C, TH337C, TH407C, TH414C, TH417C, TH406C, TH336C, TH514C<br \/>\n<strong>OE-numre::<\/strong> 3207339, 2105934, 2094157, 135947, 11709499<br \/>\n209-4157<\/p>\n<h3>\ud83d\udd0d Leder efter et andet produkt fra kategorien <a href=\"https:\/\/eskadalys.lt\/da\/produktkategori-da\/ophaengningsdele\/styreaksler-sidegear\/\"> Styrespindler, sidegear<\/a> ?<\/h3>\n<h3>\ud83d\udee0\ufe0f Reservedele til entrepren\u00f8rmaskiner - du kan finde flere af dem <a href=\"https:\/\/eskadalys.lt\/da\/produktkategori-da\/ophaengningsdele\/\">Oph\u00e6ngningsdele<\/a> i kategorien.<\/h3>\n<p>Hvis du er usikker p\u00e5, om denne del passer til din maskine, <strong>Send os venligst k\u00f8ret\u00f8jets serienummer (VIN) inden k\u00f8b.<\/strong>. Vi vil kontrollere kompatibiliteten ved hj\u00e6lp af katalogerne og <strong>Vi tilbyder den rigtige del<\/strong>. Hvis du ikke kan finde den del, du har brug for, s\u00e5 skriv til os - vi hj\u00e6lper dig med at finde den!<\/p>\n<p><strong>\ud83d\udce6 Lager i Litauen<\/strong> \u2013 ordrer afgivet f\u00f8r kl. 14.00 afsendes samme dag.<\/p>\n<p><strong>\ud83d\ude80 Hurtig levering<\/strong> \u2013 bestilte varer, som vi ikke har p\u00e5 lager i \u00f8jeblikket, leveres inden for 3-4 hverdage.<\/p>\n<p><strong>\ud83d\udcc8 Bredt udvalg<\/strong> \u2013 vi udvider l\u00f8bende vores produktudvalg.<\/p>","protected":false},"excerpt":{"rendered":"<p>2094157<\/p>","protected":false},"featured_media":101068,"template":"","meta":{"site-sidebar-layout":"default","site-content-layout":"","ast-site-content-layout":"default","site-content-style":"default","site-sidebar-style":"default","ast-global-header-display":"","ast-banner-title-visibility":"","ast-main-header-display":"","ast-hfb-above-header-display":"","ast-hfb-below-header-display":"","ast-hfb-mobile-header-display":"","site-post-title":"","ast-breadcrumbs-content":"","ast-featured-img":"","footer-sml-layout":"","ast-disable-related-posts":"","theme-transparent-header-meta":"","adv-header-id-meta":"","stick-header-meta":"","header-above-stick-meta":"","header-main-stick-meta":"","header-below-stick-meta":"","astra-migrate-meta-layouts":"default","ast-page-background-enabled":"default","ast-page-background-meta":{"desktop":{"background-color":"","background-image":"","background-repeat":"repeat","background-position":"center center","background-size":"auto","background-attachment":"scroll","background-type":"","background-media":"","overlay-type":"","overlay-color":"","overlay-opacity":"","overlay-gradient":""},"tablet":{"background-color":"","background-image":"","background-repeat":"repeat","background-position":"center center","background-size":"auto","background-attachment":"scroll","background-type":"","background-media":"","overlay-type":"","overlay-color":"","overlay-opacity":"","overlay-gradient":""},"mobile":{"background-color":"","background-image":"","background-repeat":"repeat","background-position":"center center","background-size":"auto","background-attachment":"scroll","background-type":"","background-media":"","overlay-type":"","overlay-color":"","overlay-opacity":"","overlay-gradient":""}},"ast-content-background-meta":{"desktop":{"background-color":"var(--ast-global-color-5)","background-image":"","background-repeat":"repeat","background-position":"center center","background-size":"auto","background-attachment":"scroll","background-type":"","background-media":"","overlay-type":"","overlay-color":"","overlay-opacity":"","overlay-gradient":""},"tablet":{"background-color":"var(--ast-global-color-5)","background-image":"","background-repeat":"repeat","background-position":"center center","background-size":"auto","background-attachment":"scroll","background-type":"","background-media":"","overlay-type":"","overlay-color":"","overlay-opacity":"","overlay-gradient":""},"mobile":{"background-color":"var(--ast-global-color-5)","background-image":"","background-repeat":"repeat","background-position":"center center","background-size":"auto","background-attachment":"scroll","background-type":"","background-media":"","overlay-type":"","overlay-color":"","overlay-opacity":"","overlay-gradient":""}}},"product_brand":[],"product_cat":[816],"product_tag":[],"class_list":{"0":"post-4336","1":"product","2":"type-product","3":"status-publish","4":"has-post-thumbnail","6":"product_cat-vairo-serdesai-bortines-pavaros","7":"desktop-align-left","8":"tablet-align-left","9":"mobile-align-left","11":"first","12":"onbackorder","13":"taxable","14":"shipping-taxable","15":"purchasable","16":"product-type-simple"},"yoast_head":"<!-- This site is optimized with the Yoast SEO plugin v27.3 - https:\/\/yoast.com\/product\/yoast-seo-wordpress\/ -->\n<title>Satelitinis krumpliaratis - 2094157 | Gera kaina | Greitas pristatymas | Eska dalys<\/title>\n<meta name=\"description\" content=\"Satelitinis krumpliaratis - 2094157 Tinka: VOLVO, Ekskavatorius krautuvas, BL60, BL60B, BL61, BL61B, BL70, BL70B, BL71, BL71B, CAT, Ekskavatorius krautuvas, 414E, 416D, 416E, 416F, 420D, 420E, 420F, 422E, 422F, 424D, 428, 428B, 428D, 428E, 428F, 430D, 430E, 430F, 432D, 432E, 432F, 442D, 442E, 450E, Frontalinis krautuvas, Teleskopiniai krautuvai, TH220B, TH330B, TH340B, TH350B, TH355B, TH560B, TH580B, 902, 906, 906H, 907H, 907H2, 908, 908H, 908H2, 450F, TH407, TL943, TL1055, TH336, TL1255C, TH337C, TH407C, TH414C, TH417C, TH406C, TH336C, TH514C OE numeriai: 3207339, 2105934, 2094157, 135947, 11709499\" \/>\n<meta name=\"robots\" content=\"index, follow, max-snippet:-1, max-image-preview:large, max-video-preview:-1\" \/>\n<link rel=\"canonical\" href=\"https:\/\/eskadalys.lt\/da\/produkt-da\/satellitudstyr-14\/\" \/>\n<meta property=\"og:locale\" content=\"da_DK\" \/>\n<meta property=\"og:type\" content=\"article\" \/>\n<meta property=\"og:title\" content=\"Satelitinis krumpliaratis - 2094157 | Gera kaina | Greitas pristatymas | Eska dalys\" \/>\n<meta property=\"og:description\" content=\"Satelitinis krumpliaratis - 2094157 Tinka: VOLVO, Ekskavatorius krautuvas, BL60, BL60B, BL61, BL61B, BL70, BL70B, BL71, BL71B, CAT, Ekskavatorius krautuvas, 414E, 416D, 416E, 416F, 420D, 420E, 420F, 422E, 422F, 424D, 428, 428B, 428D, 428E, 428F, 430D, 430E, 430F, 432D, 432E, 432F, 442D, 442E, 450E, Frontalinis krautuvas, Teleskopiniai krautuvai, TH220B, TH330B, TH340B, TH350B, TH355B, TH560B, TH580B, 902, 906, 906H, 907H, 907H2, 908, 908H, 908H2, 450F, TH407, TL943, TL1055, TH336, TL1255C, TH337C, TH407C, TH414C, TH417C, TH406C, TH336C, TH514C OE numeriai: 3207339, 2105934, 2094157, 135947, 11709499\" \/>\n<meta property=\"og:url\" content=\"https:\/\/eskadalys.lt\/da\/produkt-da\/satellitudstyr-14\/\" \/>\n<meta property=\"og:site_name\" content=\"Eska dalys\" \/>\n<meta property=\"article:publisher\" content=\"https:\/\/www.facebook.com\/profile.php?id=61556005720456\" \/>\n<meta property=\"article:modified_time\" content=\"2026-04-12T05:17:51+00:00\" \/>\n<meta property=\"og:image\" content=\"https:\/\/eskadalys.lt\/wp-content\/uploads\/2024\/02\/gear-20240121-155351.png?v=1714929538\" \/>\n\t<meta property=\"og:image:width\" content=\"1600\" \/>\n\t<meta property=\"og:image:height\" content=\"1516\" \/>\n\t<meta property=\"og:image:type\" content=\"image\/png\" \/>\n<script type=\"application\/ld+json\" class=\"yoast-schema-graph\">{\"@context\":\"https:\\\/\\\/schema.org\",\"@graph\":[{\"@type\":\"WebPage\",\"@id\":\"https:\\\/\\\/eskadalys.lt\\\/product\\\/satelitinis-krumpliaratis-14\\\/\",\"url\":\"https:\\\/\\\/eskadalys.lt\\\/product\\\/satelitinis-krumpliaratis-14\\\/\",\"name\":\"Satelitinis krumpliaratis - 2094157 | Gera kaina | Greitas pristatymas | Eska dalys\",\"isPartOf\":{\"@id\":\"https:\\\/\\\/eskadalys.lt\\\/#website\"},\"primaryImageOfPage\":{\"@id\":\"https:\\\/\\\/eskadalys.lt\\\/product\\\/satelitinis-krumpliaratis-14\\\/#primaryimage\"},\"image\":{\"@id\":\"https:\\\/\\\/eskadalys.lt\\\/product\\\/satelitinis-krumpliaratis-14\\\/#primaryimage\"},\"thumbnailUrl\":\"https:\\\/\\\/eskadalys.lt\\\/wp-content\\\/uploads\\\/2024\\\/02\\\/gear-20240121-155351.png?v=1714929538\",\"datePublished\":\"2024-02-11T02:32:20+00:00\",\"dateModified\":\"2026-04-12T05:17:51+00:00\",\"description\":\"Satelitinis krumpliaratis - 2094157 Tinka: VOLVO, Ekskavatorius krautuvas, BL60, BL60B, BL61, BL61B, BL70, BL70B, BL71, BL71B, CAT, Ekskavatorius krautuvas, 414E, 416D, 416E, 416F, 420D, 420E, 420F, 422E, 422F, 424D, 428, 428B, 428D, 428E, 428F, 430D, 430E, 430F, 432D, 432E, 432F, 442D, 442E, 450E, Frontalinis krautuvas, Teleskopiniai krautuvai, TH220B, TH330B, TH340B, TH350B, TH355B, TH560B, TH580B, 902, 906, 906H, 907H, 907H2, 908, 908H, 908H2, 450F, TH407, TL943, TL1055, TH336, TL1255C, TH337C, TH407C, TH414C, TH417C, TH406C, TH336C, TH514C OE numeriai: 3207339, 2105934, 2094157, 135947, 11709499\",\"breadcrumb\":{\"@id\":\"https:\\\/\\\/eskadalys.lt\\\/product\\\/satelitinis-krumpliaratis-14\\\/#breadcrumb\"},\"inLanguage\":\"da-DK\",\"potentialAction\":[{\"@type\":\"ReadAction\",\"target\":[\"https:\\\/\\\/eskadalys.lt\\\/product\\\/satelitinis-krumpliaratis-14\\\/\"]}]},{\"@type\":\"ImageObject\",\"inLanguage\":\"da-DK\",\"@id\":\"https:\\\/\\\/eskadalys.lt\\\/product\\\/satelitinis-krumpliaratis-14\\\/#primaryimage\",\"url\":\"https:\\\/\\\/eskadalys.lt\\\/wp-content\\\/uploads\\\/2024\\\/02\\\/gear-20240121-155351.png?v=1714929538\",\"contentUrl\":\"https:\\\/\\\/eskadalys.lt\\\/wp-content\\\/uploads\\\/2024\\\/02\\\/gear-20240121-155351.png?v=1714929538\",\"width\":1600,\"height\":1516},{\"@type\":\"BreadcrumbList\",\"@id\":\"https:\\\/\\\/eskadalys.lt\\\/product\\\/satelitinis-krumpliaratis-14\\\/#breadcrumb\",\"itemListElement\":[{\"@type\":\"ListItem\",\"position\":1,\"name\":\"Strona g\u0142\u00f3wna\",\"item\":\"https:\\\/\\\/eskadalys.lt\\\/\"},{\"@type\":\"ListItem\",\"position\":2,\"name\":\"E-parduotuv\u0117\",\"item\":\"https:\\\/\\\/eskadalys.lt\\\/e-parduotuve\\\/\"},{\"@type\":\"ListItem\",\"position\":3,\"name\":\"Satelitinis krumpliaratis &#8211; 2094157\"}]},{\"@type\":\"WebSite\",\"@id\":\"https:\\\/\\\/eskadalys.lt\\\/#website\",\"url\":\"https:\\\/\\\/eskadalys.lt\\\/\",\"name\":\"Eska dalys\",\"description\":\"Ekskavatori\u0173 \\\/ mini ekskavatori\u0173 \\\/ buldozeri\u0173 dalys\",\"publisher\":{\"@id\":\"https:\\\/\\\/eskadalys.lt\\\/#organization\"},\"potentialAction\":[{\"@type\":\"SearchAction\",\"target\":{\"@type\":\"EntryPoint\",\"urlTemplate\":\"https:\\\/\\\/eskadalys.lt\\\/?s={search_term_string}\"},\"query-input\":{\"@type\":\"PropertyValueSpecification\",\"valueRequired\":true,\"valueName\":\"search_term_string\"}}],\"inLanguage\":\"da-DK\"},{\"@type\":\"Organization\",\"@id\":\"https:\\\/\\\/eskadalys.lt\\\/#organization\",\"name\":\"Eska dalys\",\"url\":\"https:\\\/\\\/eskadalys.lt\\\/\",\"logo\":{\"@type\":\"ImageObject\",\"inLanguage\":\"da-DK\",\"@id\":\"https:\\\/\\\/eskadalys.lt\\\/#\\\/schema\\\/logo\\\/image\\\/\",\"url\":\"https:\\\/\\\/eskadalys.lt\\\/wp-content\\\/uploads\\\/2024\\\/01\\\/LOGO-ESKA-FINAL.svg\",\"contentUrl\":\"https:\\\/\\\/eskadalys.lt\\\/wp-content\\\/uploads\\\/2024\\\/01\\\/LOGO-ESKA-FINAL.svg\",\"width\":259,\"height\":201,\"caption\":\"Eska dalys\"},\"image\":{\"@id\":\"https:\\\/\\\/eskadalys.lt\\\/#\\\/schema\\\/logo\\\/image\\\/\"},\"sameAs\":[\"https:\\\/\\\/www.facebook.com\\\/profile.php?id=61556005720456\"]}]}<\/script>\n<!-- \/ Yoast SEO plugin. -->","yoast_head_json":{"title":"Satellitudstyr - 2094157 | God pris | Hurtig levering | Eska reservedele","description":"Planetgear - 2094157 Passer til: VOLVO, Rendegraver, BL60, BL60B, BL61, BL61B, BL70, BL70B, BL71, BL71B, CAT, Rendegraver, 414E, 416D, 416E, 416F, 420D, 420E, 420F, 422E, 422F, 424D, 428, 428B, 428D, 428E, 428F, 430D, 430E, 430F, 432D, 432E, 432F, 442D, 442E, 450E, Hjull\u00e6sser, Teleskopl\u00e6ssere, TH220B, TH330B, TH340B, TH350B, TH355B, TH560B, TH580B, 902, 906, 906H, 907H, 907H2, 908, 908H, 908H2, 450F, TH407, TL943, TL1055, TH336, TL1255C, TH337C, TH407C, TH414C, TH417C, TH406C, TH336C, TH514C OE-numre: 3207339, 2105934, 2094157, 135947, 11709499","robots":{"index":"index","follow":"follow","max-snippet":"max-snippet:-1","max-image-preview":"max-image-preview:large","max-video-preview":"max-video-preview:-1"},"canonical":"https:\/\/eskadalys.lt\/da\/produkt-da\/satellitudstyr-14\/","og_locale":"da_DK","og_type":"article","og_title":"Satelitinis krumpliaratis - 2094157 | Gera kaina | Greitas pristatymas | Eska dalys","og_description":"Satelitinis krumpliaratis - 2094157 Tinka: VOLVO, Ekskavatorius krautuvas, BL60, BL60B, BL61, BL61B, BL70, BL70B, BL71, BL71B, CAT, Ekskavatorius krautuvas, 414E, 416D, 416E, 416F, 420D, 420E, 420F, 422E, 422F, 424D, 428, 428B, 428D, 428E, 428F, 430D, 430E, 430F, 432D, 432E, 432F, 442D, 442E, 450E, Frontalinis krautuvas, Teleskopiniai krautuvai, TH220B, TH330B, TH340B, TH350B, TH355B, TH560B, TH580B, 902, 906, 906H, 907H, 907H2, 908, 908H, 908H2, 450F, TH407, TL943, TL1055, TH336, TL1255C, TH337C, TH407C, TH414C, TH417C, TH406C, TH336C, TH514C OE numeriai: 3207339, 2105934, 2094157, 135947, 11709499","og_url":"https:\/\/eskadalys.lt\/da\/produkt-da\/satellitudstyr-14\/","og_site_name":"Eska dalys","article_publisher":"https:\/\/www.facebook.com\/profile.php?id=61556005720456","article_modified_time":"2026-04-12T05:17:51+00:00","og_image":[{"width":1600,"height":1516,"url":"https:\/\/eskadalys.lt\/wp-content\/uploads\/2024\/02\/gear-20240121-155351.png?v=1714929538","type":"image\/png"}],"schema":{"@context":"https:\/\/schema.org","@graph":[{"@type":"WebPage","@id":"https:\/\/eskadalys.lt\/product\/satelitinis-krumpliaratis-14\/","url":"https:\/\/eskadalys.lt\/product\/satelitinis-krumpliaratis-14\/","name":"Satellitudstyr - 2094157 | God pris | Hurtig levering | Eska reservedele","isPartOf":{"@id":"https:\/\/eskadalys.lt\/#website"},"primaryImageOfPage":{"@id":"https:\/\/eskadalys.lt\/product\/satelitinis-krumpliaratis-14\/#primaryimage"},"image":{"@id":"https:\/\/eskadalys.lt\/product\/satelitinis-krumpliaratis-14\/#primaryimage"},"thumbnailUrl":"https:\/\/eskadalys.lt\/wp-content\/uploads\/2024\/02\/gear-20240121-155351.png?v=1714929538","datePublished":"2024-02-11T02:32:20+00:00","dateModified":"2026-04-12T05:17:51+00:00","description":"Planetgear - 2094157 Passer til: VOLVO, Rendegraver, BL60, BL60B, BL61, BL61B, BL70, BL70B, BL71, BL71B, CAT, Rendegraver, 414E, 416D, 416E, 416F, 420D, 420E, 420F, 422E, 422F, 424D, 428, 428B, 428D, 428E, 428F, 430D, 430E, 430F, 432D, 432E, 432F, 442D, 442E, 450E, Hjull\u00e6sser, Teleskopl\u00e6ssere, TH220B, TH330B, TH340B, TH350B, TH355B, TH560B, TH580B, 902, 906, 906H, 907H, 907H2, 908, 908H, 908H2, 450F, TH407, TL943, TL1055, TH336, TL1255C, TH337C, TH407C, TH414C, TH417C, TH406C, TH336C, TH514C OE-numre: 3207339, 2105934, 2094157, 135947, 11709499","breadcrumb":{"@id":"https:\/\/eskadalys.lt\/product\/satelitinis-krumpliaratis-14\/#breadcrumb"},"inLanguage":"da-DK","potentialAction":[{"@type":"ReadAction","target":["https:\/\/eskadalys.lt\/product\/satelitinis-krumpliaratis-14\/"]}]},{"@type":"ImageObject","inLanguage":"da-DK","@id":"https:\/\/eskadalys.lt\/product\/satelitinis-krumpliaratis-14\/#primaryimage","url":"https:\/\/eskadalys.lt\/wp-content\/uploads\/2024\/02\/gear-20240121-155351.png?v=1714929538","contentUrl":"https:\/\/eskadalys.lt\/wp-content\/uploads\/2024\/02\/gear-20240121-155351.png?v=1714929538","width":1600,"height":1516},{"@type":"BreadcrumbList","@id":"https:\/\/eskadalys.lt\/product\/satelitinis-krumpliaratis-14\/#breadcrumb","itemListElement":[{"@type":"ListItem","position":1,"name":"Strona g\u0142\u00f3wna","item":"https:\/\/eskadalys.lt\/"},{"@type":"ListItem","position":2,"name":"E-parduotuv\u0117","item":"https:\/\/eskadalys.lt\/e-parduotuve\/"},{"@type":"ListItem","position":3,"name":"Satelitinis krumpliaratis &#8211; 2094157"}]},{"@type":"WebSite","@id":"https:\/\/eskadalys.lt\/#website","url":"https:\/\/eskadalys.lt\/","name":"Eska parts","description":"Reservedele til gravemaskine\/minigraver\/bulldozer","publisher":{"@id":"https:\/\/eskadalys.lt\/#organization"},"potentialAction":[{"@type":"SearchAction","target":{"@type":"EntryPoint","urlTemplate":"https:\/\/eskadalys.lt\/?s={search_term_string}"},"query-input":{"@type":"PropertyValueSpecification","valueRequired":true,"valueName":"search_term_string"}}],"inLanguage":"da-DK"},{"@type":"Organization","@id":"https:\/\/eskadalys.lt\/#organization","name":"Eska parts","url":"https:\/\/eskadalys.lt\/","logo":{"@type":"ImageObject","inLanguage":"da-DK","@id":"https:\/\/eskadalys.lt\/#\/schema\/logo\/image\/","url":"https:\/\/eskadalys.lt\/wp-content\/uploads\/2024\/01\/LOGO-ESKA-FINAL.svg","contentUrl":"https:\/\/eskadalys.lt\/wp-content\/uploads\/2024\/01\/LOGO-ESKA-FINAL.svg","width":259,"height":201,"caption":"Eska dalys"},"image":{"@id":"https:\/\/eskadalys.lt\/#\/schema\/logo\/image\/"},"sameAs":["https:\/\/www.facebook.com\/profile.php?id=61556005720456"]}]}},"_links":{"self":[{"href":"https:\/\/eskadalys.lt\/da\/wp-json\/wp\/v2\/product\/4336","targetHints":{"allow":["GET"]}}],"collection":[{"href":"https:\/\/eskadalys.lt\/da\/wp-json\/wp\/v2\/product"}],"about":[{"href":"https:\/\/eskadalys.lt\/da\/wp-json\/wp\/v2\/types\/product"}],"wp:featuredmedia":[{"embeddable":true,"href":"https:\/\/eskadalys.lt\/da\/wp-json\/wp\/v2\/media\/101068"}],"wp:attachment":[{"href":"https:\/\/eskadalys.lt\/da\/wp-json\/wp\/v2\/media?parent=4336"}],"wp:term":[{"taxonomy":"product_brand","embeddable":true,"href":"https:\/\/eskadalys.lt\/da\/wp-json\/wp\/v2\/product_brand?post=4336"},{"taxonomy":"product_cat","embeddable":true,"href":"https:\/\/eskadalys.lt\/da\/wp-json\/wp\/v2\/product_cat?post=4336"},{"taxonomy":"product_tag","embeddable":true,"href":"https:\/\/eskadalys.lt\/da\/wp-json\/wp\/v2\/product_tag?post=4336"}],"curies":[{"name":"wp","href":"https:\/\/api.w.org\/{rel}","templated":true}]}}