{"id":3890,"date":"2024-02-11T04:00:31","date_gmt":"2024-02-11T02:00:31","guid":{"rendered":"https:\/\/eskadalys.lt\/?post_type=product&#038;p=3890"},"modified":"2026-03-26T17:11:51","modified_gmt":"2026-03-26T15:11:51","slug":"stottefod-4","status":"publish","type":"product","link":"https:\/\/eskadalys.lt\/da\/product\/atramos-peda-4\/","title":{"rendered":"St\u00f8ttefod \u2013 1360437"},"content":{"rendered":"<p><strong>St\u00f8ttefod \u2013 1360437<\/strong><br \/>\nDimensioner: H\u00f8jde: 135 mm, Bredde: 360 mm, L\u00e6ngde: 455 mm,<br \/>\n<strong>Velegnet til:<\/strong> CAT, Rendegraver, 422E, 424D, 428B, 428C, 428D, 428E, 432D, 432E, 434E, 438B, 438C, 438D, 442D, 442E, 444E<br \/>\n<strong>OE-numre::<\/strong> 9R7893., 9R7893, 1360437, 9R6230, 9R1630<br \/>\n136-0437<\/p>\n<h3>\ud83d\udd0d Leder efter et andet produkt fra kategorien <a href=\"https:\/\/eskadalys.lt\/da\/produktkategori-da\/rammeelementer-roterende-mekanismeelementer-bomme\/stabilisatorelementer\/\">Stabilisatorelementer<\/a> ?<\/h3>\n<h3>\ud83d\udee0\ufe0f CAT-dele \u2013 du kan finde flere af dem <a href=\"https:\/\/eskadalys.lt\/da\/produktkategori-da\/rammeelementer-roterende-mekanismeelementer-bomme\/\">Rammeelementer \/ Drejemekanismeelementer<\/a> i kategorien.<\/h3>\n<p>Hvis du er usikker p\u00e5, om denne del passer til din maskine, <strong>Send os venligst k\u00f8ret\u00f8jets serienummer (VIN) inden k\u00f8b.<\/strong>. Vi vil kontrollere kompatibiliteten ved hj\u00e6lp af katalogerne og <strong>Vi tilbyder den rigtige del<\/strong>. Hvis du ikke kan finde den del, du har brug for, s\u00e5 skriv til os - vi hj\u00e6lper dig med at finde den!<\/p>\n<p><strong>\ud83d\udce6 Lager i Litauen<\/strong> \u2013 ordrer afgivet f\u00f8r kl. 14.00 afsendes samme dag.<\/p>\n<p><strong>\ud83d\ude80 Hurtig levering<\/strong> \u2013 bestilte varer, som vi ikke har p\u00e5 lager i \u00f8jeblikket, leveres inden for 3-4 hverdage.<\/p>\n<p><strong>\ud83d\udcc8 Bredt udvalg<\/strong> \u2013 vi udvider l\u00f8bende vores produktudvalg.<\/p>","protected":false},"excerpt":{"rendered":"<p>1360437<\/p>","protected":false},"featured_media":100042,"template":"","meta":{"site-sidebar-layout":"default","site-content-layout":"","ast-site-content-layout":"default","site-content-style":"default","site-sidebar-style":"default","ast-global-header-display":"","ast-banner-title-visibility":"","ast-main-header-display":"","ast-hfb-above-header-display":"","ast-hfb-below-header-display":"","ast-hfb-mobile-header-display":"","site-post-title":"","ast-breadcrumbs-content":"","ast-featured-img":"","footer-sml-layout":"","ast-disable-related-posts":"","theme-transparent-header-meta":"default","adv-header-id-meta":"","stick-header-meta":"","header-above-stick-meta":"","header-main-stick-meta":"","header-below-stick-meta":"","astra-migrate-meta-layouts":"set","ast-page-background-enabled":"default","ast-page-background-meta":{"desktop":{"background-color":"","background-image":"","background-repeat":"repeat","background-position":"center center","background-size":"auto","background-attachment":"scroll","background-type":"","background-media":"","overlay-type":"","overlay-color":"","overlay-opacity":"","overlay-gradient":""},"tablet":{"background-color":"","background-image":"","background-repeat":"repeat","background-position":"center center","background-size":"auto","background-attachment":"scroll","background-type":"","background-media":"","overlay-type":"","overlay-color":"","overlay-opacity":"","overlay-gradient":""},"mobile":{"background-color":"","background-image":"","background-repeat":"repeat","background-position":"center center","background-size":"auto","background-attachment":"scroll","background-type":"","background-media":"","overlay-type":"","overlay-color":"","overlay-opacity":"","overlay-gradient":""}},"ast-content-background-meta":{"desktop":{"background-color":"var(--ast-global-color-5)","background-image":"","background-repeat":"repeat","background-position":"center center","background-size":"auto","background-attachment":"scroll","background-type":"","background-media":"","overlay-type":"","overlay-color":"","overlay-opacity":"","overlay-gradient":""},"tablet":{"background-color":"var(--ast-global-color-5)","background-image":"","background-repeat":"repeat","background-position":"center center","background-size":"auto","background-attachment":"scroll","background-type":"","background-media":"","overlay-type":"","overlay-color":"","overlay-opacity":"","overlay-gradient":""},"mobile":{"background-color":"var(--ast-global-color-5)","background-image":"","background-repeat":"repeat","background-position":"center center","background-size":"auto","background-attachment":"scroll","background-type":"","background-media":"","overlay-type":"","overlay-color":"","overlay-opacity":"","overlay-gradient":""}}},"product_brand":[],"product_cat":[900],"product_tag":[50811,49527,49528,49531,49470,49461,49462,49463,49464,49471,49535,49536,49537,49538,49539,49540,50813,50812,50810,43030,47753],"class_list":{"0":"post-3890","1":"product","2":"type-product","3":"status-publish","4":"has-post-thumbnail","6":"product_cat-stabilizatoriaus-elementai","7":"product_tag-50811","8":"product_tag-422e","9":"product_tag-424d","10":"product_tag-428b","11":"product_tag-428c","12":"product_tag-428d","13":"product_tag-428e","14":"product_tag-432d","15":"product_tag-432e","16":"product_tag-434e","17":"product_tag-438b","18":"product_tag-438c","19":"product_tag-438d","20":"product_tag-442d","21":"product_tag-442e","22":"product_tag-444e","23":"product_tag-9r1630","24":"product_tag-9r6230","25":"product_tag-9r7893","26":"product_tag-cat","27":"product_tag-ekskavatorius-krautuvas","28":"desktop-align-left","29":"tablet-align-left","30":"mobile-align-left","32":"first","33":"outofstock","34":"taxable","35":"shipping-taxable","36":"purchasable","37":"product-type-simple"},"yoast_head":"<!-- This site is optimized with the Yoast SEO plugin v27.3 - https:\/\/yoast.com\/product\/yoast-seo-wordpress\/ -->\n<title>Atramos p\u0117da - 1360437 | Gera kaina | Greitas pristatymas | Eska dalys<\/title>\n<meta name=\"description\" content=\"Atramos p\u0117da - 1360437 Matmenys:\u00a0\u00a0\u00a0Auk\u0161tis: 135 mm, \u00a0\u00a0\u00a0Plotis: 360 mm, \u00a0\u00a0\u00a0Ilgis: 455 mm, Tinka: CAT, Ekskavatorius krautuvas, 422E, 424D, 428B, 428C, 428D, 428E, 432D, 432E, 434E, 438B, 438C, 438D, 442D, 442E, 444E OE numeriai: 9R7893., 9R7893, 1360437, 9R6230, 9R1630\" \/>\n<meta name=\"robots\" content=\"index, follow, max-snippet:-1, max-image-preview:large, max-video-preview:-1\" \/>\n<link rel=\"canonical\" href=\"https:\/\/eskadalys.lt\/da\/produkt-da\/stottefod-4\/\" \/>\n<meta property=\"og:locale\" content=\"da_DK\" \/>\n<meta property=\"og:type\" content=\"article\" \/>\n<meta property=\"og:title\" content=\"Atramos p\u0117da - 1360437 | Gera kaina | Greitas pristatymas | Eska dalys\" \/>\n<meta property=\"og:description\" content=\"Atramos p\u0117da - 1360437 Matmenys:\u00a0\u00a0\u00a0Auk\u0161tis: 135 mm, \u00a0\u00a0\u00a0Plotis: 360 mm, \u00a0\u00a0\u00a0Ilgis: 455 mm, Tinka: CAT, Ekskavatorius krautuvas, 422E, 424D, 428B, 428C, 428D, 428E, 432D, 432E, 434E, 438B, 438C, 438D, 442D, 442E, 444E OE numeriai: 9R7893., 9R7893, 1360437, 9R6230, 9R1630\" \/>\n<meta property=\"og:url\" content=\"https:\/\/eskadalys.lt\/da\/produkt-da\/stottefod-4\/\" \/>\n<meta property=\"og:site_name\" content=\"Eska dalys\" \/>\n<meta property=\"article:publisher\" content=\"https:\/\/www.facebook.com\/profile.php?id=61556005720456\" \/>\n<meta property=\"article:modified_time\" content=\"2026-03-26T15:11:51+00:00\" \/>\n<meta property=\"og:image\" content=\"https:\/\/eskadalys.lt\/wp-content\/uploads\/2024\/02\/foot-plate-20240121-152232.jpg?v=1714931562\" \/>\n\t<meta property=\"og:image:width\" content=\"1600\" \/>\n\t<meta property=\"og:image:height\" content=\"1316\" \/>\n\t<meta property=\"og:image:type\" content=\"image\/jpeg\" \/>\n<script type=\"application\/ld+json\" class=\"yoast-schema-graph\">{\"@context\":\"https:\\\/\\\/schema.org\",\"@graph\":[{\"@type\":\"WebPage\",\"@id\":\"https:\\\/\\\/eskadalys.lt\\\/product\\\/atramos-peda-4\\\/\",\"url\":\"https:\\\/\\\/eskadalys.lt\\\/product\\\/atramos-peda-4\\\/\",\"name\":\"Atramos p\u0117da - 1360437 | Gera kaina | Greitas pristatymas | Eska dalys\",\"isPartOf\":{\"@id\":\"https:\\\/\\\/eskadalys.lt\\\/#website\"},\"primaryImageOfPage\":{\"@id\":\"https:\\\/\\\/eskadalys.lt\\\/product\\\/atramos-peda-4\\\/#primaryimage\"},\"image\":{\"@id\":\"https:\\\/\\\/eskadalys.lt\\\/product\\\/atramos-peda-4\\\/#primaryimage\"},\"thumbnailUrl\":\"https:\\\/\\\/eskadalys.lt\\\/wp-content\\\/uploads\\\/2024\\\/02\\\/foot-plate-20240121-152232.jpg?v=1714931562\",\"datePublished\":\"2024-02-11T02:00:31+00:00\",\"dateModified\":\"2026-03-26T15:11:51+00:00\",\"description\":\"Atramos p\u0117da - 1360437 Matmenys:\u00a0\u00a0\u00a0Auk\u0161tis: 135 mm, \u00a0\u00a0\u00a0Plotis: 360 mm, \u00a0\u00a0\u00a0Ilgis: 455 mm, Tinka: CAT, Ekskavatorius krautuvas, 422E, 424D, 428B, 428C, 428D, 428E, 432D, 432E, 434E, 438B, 438C, 438D, 442D, 442E, 444E OE numeriai: 9R7893., 9R7893, 1360437, 9R6230, 9R1630\",\"breadcrumb\":{\"@id\":\"https:\\\/\\\/eskadalys.lt\\\/product\\\/atramos-peda-4\\\/#breadcrumb\"},\"inLanguage\":\"da-DK\",\"potentialAction\":[{\"@type\":\"ReadAction\",\"target\":[\"https:\\\/\\\/eskadalys.lt\\\/product\\\/atramos-peda-4\\\/\"]}]},{\"@type\":\"ImageObject\",\"inLanguage\":\"da-DK\",\"@id\":\"https:\\\/\\\/eskadalys.lt\\\/product\\\/atramos-peda-4\\\/#primaryimage\",\"url\":\"https:\\\/\\\/eskadalys.lt\\\/wp-content\\\/uploads\\\/2024\\\/02\\\/foot-plate-20240121-152232.jpg?v=1714931562\",\"contentUrl\":\"https:\\\/\\\/eskadalys.lt\\\/wp-content\\\/uploads\\\/2024\\\/02\\\/foot-plate-20240121-152232.jpg?v=1714931562\",\"width\":1600,\"height\":1316},{\"@type\":\"BreadcrumbList\",\"@id\":\"https:\\\/\\\/eskadalys.lt\\\/product\\\/atramos-peda-4\\\/#breadcrumb\",\"itemListElement\":[{\"@type\":\"ListItem\",\"position\":1,\"name\":\"Strona g\u0142\u00f3wna\",\"item\":\"https:\\\/\\\/eskadalys.lt\\\/\"},{\"@type\":\"ListItem\",\"position\":2,\"name\":\"E-parduotuv\u0117\",\"item\":\"https:\\\/\\\/eskadalys.lt\\\/e-parduotuve\\\/\"},{\"@type\":\"ListItem\",\"position\":3,\"name\":\"Atramos p\u0117da &#8211; 1360437\"}]},{\"@type\":\"WebSite\",\"@id\":\"https:\\\/\\\/eskadalys.lt\\\/#website\",\"url\":\"https:\\\/\\\/eskadalys.lt\\\/\",\"name\":\"Eska dalys\",\"description\":\"Ekskavatori\u0173 \\\/ mini ekskavatori\u0173 \\\/ buldozeri\u0173 dalys\",\"publisher\":{\"@id\":\"https:\\\/\\\/eskadalys.lt\\\/#organization\"},\"potentialAction\":[{\"@type\":\"SearchAction\",\"target\":{\"@type\":\"EntryPoint\",\"urlTemplate\":\"https:\\\/\\\/eskadalys.lt\\\/?s={search_term_string}\"},\"query-input\":{\"@type\":\"PropertyValueSpecification\",\"valueRequired\":true,\"valueName\":\"search_term_string\"}}],\"inLanguage\":\"da-DK\"},{\"@type\":\"Organization\",\"@id\":\"https:\\\/\\\/eskadalys.lt\\\/#organization\",\"name\":\"Eska dalys\",\"url\":\"https:\\\/\\\/eskadalys.lt\\\/\",\"logo\":{\"@type\":\"ImageObject\",\"inLanguage\":\"da-DK\",\"@id\":\"https:\\\/\\\/eskadalys.lt\\\/#\\\/schema\\\/logo\\\/image\\\/\",\"url\":\"https:\\\/\\\/eskadalys.lt\\\/wp-content\\\/uploads\\\/2024\\\/01\\\/LOGO-ESKA-FINAL.svg\",\"contentUrl\":\"https:\\\/\\\/eskadalys.lt\\\/wp-content\\\/uploads\\\/2024\\\/01\\\/LOGO-ESKA-FINAL.svg\",\"width\":259,\"height\":201,\"caption\":\"Eska dalys\"},\"image\":{\"@id\":\"https:\\\/\\\/eskadalys.lt\\\/#\\\/schema\\\/logo\\\/image\\\/\"},\"sameAs\":[\"https:\\\/\\\/www.facebook.com\\\/profile.php?id=61556005720456\"]}]}<\/script>\n<!-- \/ Yoast SEO plugin. -->","yoast_head_json":{"title":"Atramos p\u0117da - 1360437 | Gera kaina | Greitas pristatymas | Eska dalys","description":"St\u00f8ttefod - 1360437 Dimensioner: H\u00f8jde: 135 mm, Bredde: 360 mm, L\u00e6ngde: 455 mm, Passer til: CAT, Rendegraver, 422E, 424D, 428B, 428C, 428D, 428E, 432D, 432E, 434E, 438B, 438C, 438D, 442D, 442E, 444E OE-numre: 9R7893., 9R7893, 1360437, 9R6230, 9R1630","robots":{"index":"index","follow":"follow","max-snippet":"max-snippet:-1","max-image-preview":"max-image-preview:large","max-video-preview":"max-video-preview:-1"},"canonical":"https:\/\/eskadalys.lt\/da\/produkt-da\/stottefod-4\/","og_locale":"da_DK","og_type":"article","og_title":"Atramos p\u0117da - 1360437 | Gera kaina | Greitas pristatymas | Eska dalys","og_description":"Atramos p\u0117da - 1360437 Matmenys:\u00a0\u00a0\u00a0Auk\u0161tis: 135 mm, \u00a0\u00a0\u00a0Plotis: 360 mm, \u00a0\u00a0\u00a0Ilgis: 455 mm, Tinka: CAT, Ekskavatorius krautuvas, 422E, 424D, 428B, 428C, 428D, 428E, 432D, 432E, 434E, 438B, 438C, 438D, 442D, 442E, 444E OE numeriai: 9R7893., 9R7893, 1360437, 9R6230, 9R1630","og_url":"https:\/\/eskadalys.lt\/da\/produkt-da\/stottefod-4\/","og_site_name":"Eska dalys","article_publisher":"https:\/\/www.facebook.com\/profile.php?id=61556005720456","article_modified_time":"2026-03-26T15:11:51+00:00","og_image":[{"width":1600,"height":1316,"url":"https:\/\/eskadalys.lt\/wp-content\/uploads\/2024\/02\/foot-plate-20240121-152232.jpg?v=1714931562","type":"image\/jpeg"}],"schema":{"@context":"https:\/\/schema.org","@graph":[{"@type":"WebPage","@id":"https:\/\/eskadalys.lt\/product\/atramos-peda-4\/","url":"https:\/\/eskadalys.lt\/product\/atramos-peda-4\/","name":"Atramos p\u0117da - 1360437 | Gera kaina | Greitas pristatymas | Eska dalys","isPartOf":{"@id":"https:\/\/eskadalys.lt\/#website"},"primaryImageOfPage":{"@id":"https:\/\/eskadalys.lt\/product\/atramos-peda-4\/#primaryimage"},"image":{"@id":"https:\/\/eskadalys.lt\/product\/atramos-peda-4\/#primaryimage"},"thumbnailUrl":"https:\/\/eskadalys.lt\/wp-content\/uploads\/2024\/02\/foot-plate-20240121-152232.jpg?v=1714931562","datePublished":"2024-02-11T02:00:31+00:00","dateModified":"2026-03-26T15:11:51+00:00","description":"St\u00f8ttefod - 1360437 Dimensioner: H\u00f8jde: 135 mm, Bredde: 360 mm, L\u00e6ngde: 455 mm, Passer til: CAT, Rendegraver, 422E, 424D, 428B, 428C, 428D, 428E, 432D, 432E, 434E, 438B, 438C, 438D, 442D, 442E, 444E OE-numre: 9R7893., 9R7893, 1360437, 9R6230, 9R1630","breadcrumb":{"@id":"https:\/\/eskadalys.lt\/product\/atramos-peda-4\/#breadcrumb"},"inLanguage":"da-DK","potentialAction":[{"@type":"ReadAction","target":["https:\/\/eskadalys.lt\/product\/atramos-peda-4\/"]}]},{"@type":"ImageObject","inLanguage":"da-DK","@id":"https:\/\/eskadalys.lt\/product\/atramos-peda-4\/#primaryimage","url":"https:\/\/eskadalys.lt\/wp-content\/uploads\/2024\/02\/foot-plate-20240121-152232.jpg?v=1714931562","contentUrl":"https:\/\/eskadalys.lt\/wp-content\/uploads\/2024\/02\/foot-plate-20240121-152232.jpg?v=1714931562","width":1600,"height":1316},{"@type":"BreadcrumbList","@id":"https:\/\/eskadalys.lt\/product\/atramos-peda-4\/#breadcrumb","itemListElement":[{"@type":"ListItem","position":1,"name":"Strona g\u0142\u00f3wna","item":"https:\/\/eskadalys.lt\/"},{"@type":"ListItem","position":2,"name":"E-parduotuv\u0117","item":"https:\/\/eskadalys.lt\/e-parduotuve\/"},{"@type":"ListItem","position":3,"name":"Atramos p\u0117da &#8211; 1360437"}]},{"@type":"WebSite","@id":"https:\/\/eskadalys.lt\/#website","url":"https:\/\/eskadalys.lt\/","name":"Eska parts","description":"Reservedele til gravemaskine\/minigraver\/bulldozer","publisher":{"@id":"https:\/\/eskadalys.lt\/#organization"},"potentialAction":[{"@type":"SearchAction","target":{"@type":"EntryPoint","urlTemplate":"https:\/\/eskadalys.lt\/?s={search_term_string}"},"query-input":{"@type":"PropertyValueSpecification","valueRequired":true,"valueName":"search_term_string"}}],"inLanguage":"da-DK"},{"@type":"Organization","@id":"https:\/\/eskadalys.lt\/#organization","name":"Eska parts","url":"https:\/\/eskadalys.lt\/","logo":{"@type":"ImageObject","inLanguage":"da-DK","@id":"https:\/\/eskadalys.lt\/#\/schema\/logo\/image\/","url":"https:\/\/eskadalys.lt\/wp-content\/uploads\/2024\/01\/LOGO-ESKA-FINAL.svg","contentUrl":"https:\/\/eskadalys.lt\/wp-content\/uploads\/2024\/01\/LOGO-ESKA-FINAL.svg","width":259,"height":201,"caption":"Eska dalys"},"image":{"@id":"https:\/\/eskadalys.lt\/#\/schema\/logo\/image\/"},"sameAs":["https:\/\/www.facebook.com\/profile.php?id=61556005720456"]}]}},"_links":{"self":[{"href":"https:\/\/eskadalys.lt\/da\/wp-json\/wp\/v2\/product\/3890","targetHints":{"allow":["GET"]}}],"collection":[{"href":"https:\/\/eskadalys.lt\/da\/wp-json\/wp\/v2\/product"}],"about":[{"href":"https:\/\/eskadalys.lt\/da\/wp-json\/wp\/v2\/types\/product"}],"wp:featuredmedia":[{"embeddable":true,"href":"https:\/\/eskadalys.lt\/da\/wp-json\/wp\/v2\/media\/100042"}],"wp:attachment":[{"href":"https:\/\/eskadalys.lt\/da\/wp-json\/wp\/v2\/media?parent=3890"}],"wp:term":[{"taxonomy":"product_brand","embeddable":true,"href":"https:\/\/eskadalys.lt\/da\/wp-json\/wp\/v2\/product_brand?post=3890"},{"taxonomy":"product_cat","embeddable":true,"href":"https:\/\/eskadalys.lt\/da\/wp-json\/wp\/v2\/product_cat?post=3890"},{"taxonomy":"product_tag","embeddable":true,"href":"https:\/\/eskadalys.lt\/da\/wp-json\/wp\/v2\/product_tag?post=3890"}],"curies":[{"name":"wp","href":"https:\/\/api.w.org\/{rel}","templated":true}]}}