{"id":2187,"date":"2024-02-11T01:51:17","date_gmt":"2024-02-10T23:51:17","guid":{"rendered":"https:\/\/eskadalys.lt\/?post_type=product&#038;p=2187"},"modified":"2026-05-10T06:45:34","modified_gmt":"2026-05-10T03:45:34","slug":"bremseklods-cva","status":"publish","type":"product","link":"https:\/\/eskadalys.lt\/da\/product\/stabdziu-kaladele-cva\/","title":{"rendered":"Bremseklodser CVA \u2013 9C0567"},"content":{"rendered":"<p><strong>Bremseklodser CVA \u2013 9C0567<\/strong><br \/>\nDimensioner:<br \/>\nL\u00e6ngde: 385 mm,<br \/>\nBredde: 85 mm,<br \/>\nH\u00f8jde: 28,40 mm,  <\/p>\n<p><strong>Velegnet til:<\/strong> KAT, D250D, D250E, D300D, D300E, 725, 730, 65, 65E, 75E, 85E, 95E, 916, 936, 950B, 773B, 613C, 613G, 725C<br \/>\n<strong>OE-numre::<\/strong> 4V7062, CVA<br \/>\n9C-0567<\/p>\n<h3>\ud83d\udd0d Leder efter et andet produkt fra kategorien <a href=\"https:\/\/eskadalys.lt\/da\/produktkategori-da\/bremsesystemer\/bremseklodser\/\">Bremseklodser<\/a> ?<\/h3>\n<h3>\ud83d\udee0\ufe0f Caterpillar reservedele - du kan finde flere af dem <a href=\"https:\/\/eskadalys.lt\/da\/produktkategori-da\/bremsesystemer\/\">Bremsesystemer<\/a> i kategorien.<\/h3>\n<p>Hvis du er usikker p\u00e5, om denne del passer til din maskine, <strong>Send os venligst k\u00f8ret\u00f8jets serienummer (VIN) inden k\u00f8b.<\/strong>. Vi vil kontrollere kompatibiliteten ved hj\u00e6lp af katalogerne og <strong>Vi tilbyder den rigtige del<\/strong>. Hvis du ikke kan finde den del, du har brug for, s\u00e5 skriv til os - vi hj\u00e6lper dig med at finde den!<\/p>\n<p><strong>\ud83d\udce6 Lager i Litauen<\/strong> \u2013 ordrer afgivet f\u00f8r kl. 14.00 afsendes samme dag.<\/p>\n<p><strong>\ud83d\ude80 Hurtig levering<\/strong> \u2013 bestilte varer, som vi ikke har p\u00e5 lager i \u00f8jeblikket, leveres inden for 3-4 hverdage.<\/p>\n<p><strong>\ud83d\udcc8 Bredt udvalg<\/strong> \u2013 vi udvider l\u00f8bende vores produktudvalg.<\/p>","protected":false},"excerpt":{"rendered":"<p>9C0567 CVA<\/p>","protected":false},"featured_media":96399,"template":"","meta":{"site-sidebar-layout":"default","site-content-layout":"","ast-site-content-layout":"default","site-content-style":"default","site-sidebar-style":"default","ast-global-header-display":"","ast-banner-title-visibility":"","ast-main-header-display":"","ast-hfb-above-header-display":"","ast-hfb-below-header-display":"","ast-hfb-mobile-header-display":"","site-post-title":"","ast-breadcrumbs-content":"","ast-featured-img":"","footer-sml-layout":"","ast-disable-related-posts":"","theme-transparent-header-meta":"","adv-header-id-meta":"","stick-header-meta":"","header-above-stick-meta":"","header-main-stick-meta":"","header-below-stick-meta":"","astra-migrate-meta-layouts":"default","ast-page-background-enabled":"default","ast-page-background-meta":{"desktop":{"background-color":"","background-image":"","background-repeat":"repeat","background-position":"center center","background-size":"auto","background-attachment":"scroll","background-type":"","background-media":"","overlay-type":"","overlay-color":"","overlay-opacity":"","overlay-gradient":""},"tablet":{"background-color":"","background-image":"","background-repeat":"repeat","background-position":"center center","background-size":"auto","background-attachment":"scroll","background-type":"","background-media":"","overlay-type":"","overlay-color":"","overlay-opacity":"","overlay-gradient":""},"mobile":{"background-color":"","background-image":"","background-repeat":"repeat","background-position":"center center","background-size":"auto","background-attachment":"scroll","background-type":"","background-media":"","overlay-type":"","overlay-color":"","overlay-opacity":"","overlay-gradient":""}},"ast-content-background-meta":{"desktop":{"background-color":"var(--ast-global-color-5)","background-image":"","background-repeat":"repeat","background-position":"center center","background-size":"auto","background-attachment":"scroll","background-type":"","background-media":"","overlay-type":"","overlay-color":"","overlay-opacity":"","overlay-gradient":""},"tablet":{"background-color":"var(--ast-global-color-5)","background-image":"","background-repeat":"repeat","background-position":"center center","background-size":"auto","background-attachment":"scroll","background-type":"","background-media":"","overlay-type":"","overlay-color":"","overlay-opacity":"","overlay-gradient":""},"mobile":{"background-color":"var(--ast-global-color-5)","background-image":"","background-repeat":"repeat","background-position":"center center","background-size":"auto","background-attachment":"scroll","background-type":"","background-media":"","overlay-type":"","overlay-color":"","overlay-opacity":"","overlay-gradient":""}}},"product_brand":[],"product_cat":[827],"product_tag":[44368],"class_list":{"0":"post-2187","1":"product","2":"type-product","3":"status-publish","4":"has-post-thumbnail","6":"product_cat-stabdziu-kaladeles","7":"product_tag-cat-d250d-d250e-d300d-d300e-725-730-65-65e-75e-85e-95e-916-936-950b-773b-613c-613g-725c-4v7062-cva","8":"desktop-align-left","9":"tablet-align-left","10":"mobile-align-left","12":"first","13":"instock","14":"taxable","15":"shipping-taxable","16":"purchasable","17":"product-type-simple"},"yoast_head":"<!-- This site is optimized with the Yoast SEO plugin v27.6 - https:\/\/yoast.com\/product\/yoast-seo-wordpress\/ -->\n<title>Stabd\u017ei\u0173 kalad\u0117l\u0117 CVA - 9C0567 | Gera kaina | Greitas pristatymas | Eska dalys<\/title>\n<meta name=\"description\" content=\"Stabd\u017ei\u0173 kalad\u0117l\u0117 - 9C0567 Matmenys: Ilgis:\u00a0 385 mm, Plotis: \u00a085 mm, Auk\u0161tis :\u00a0 28, 40 mm, Tinka: CAT, D250D, D250E, D300D, D300E, 725, 730, 65, 65E, 75E, 85E, 95E, 916, 936, 950B, 773B, 613C, 613G, 725C OE numeriai: 4V7062, CVA\" \/>\n<meta name=\"robots\" content=\"index, follow, max-snippet:-1, max-image-preview:large, max-video-preview:-1\" \/>\n<link rel=\"canonical\" href=\"https:\/\/eskadalys.lt\/da\/produkt-da\/bremseklods-cva\/\" \/>\n<meta property=\"og:locale\" content=\"da_DK\" \/>\n<meta property=\"og:type\" content=\"article\" \/>\n<meta property=\"og:title\" content=\"Stabd\u017ei\u0173 kalad\u0117l\u0117 CVA - 9C0567 | Gera kaina | Greitas pristatymas | Eska dalys\" \/>\n<meta property=\"og:description\" content=\"Stabd\u017ei\u0173 kalad\u0117l\u0117 - 9C0567 Matmenys: Ilgis:\u00a0 385 mm, Plotis: \u00a085 mm, Auk\u0161tis :\u00a0 28, 40 mm, Tinka: CAT, D250D, D250E, D300D, D300E, 725, 730, 65, 65E, 75E, 85E, 95E, 916, 936, 950B, 773B, 613C, 613G, 725C OE numeriai: 4V7062, CVA\" \/>\n<meta property=\"og:url\" content=\"https:\/\/eskadalys.lt\/da\/produkt-da\/bremseklods-cva\/\" \/>\n<meta property=\"og:site_name\" content=\"Eska dalys\" \/>\n<meta property=\"article:publisher\" content=\"https:\/\/www.facebook.com\/profile.php?id=61556005720456\" \/>\n<meta property=\"article:modified_time\" content=\"2026-05-10T03:45:34+00:00\" \/>\n<meta property=\"og:image\" content=\"https:\/\/eskadalys.lt\/wp-content\/uploads\/2024\/02\/brake-lining-assy-20240121-132058-scaled-1.jpg?v=1714942558\" \/>\n\t<meta property=\"og:image:width\" content=\"1600\" \/>\n\t<meta property=\"og:image:height\" content=\"901\" \/>\n\t<meta property=\"og:image:type\" content=\"image\/jpeg\" \/>\n<script type=\"application\/ld+json\" class=\"yoast-schema-graph\">{\"@context\":\"https:\\\/\\\/schema.org\",\"@graph\":[{\"@type\":\"WebPage\",\"@id\":\"https:\\\/\\\/eskadalys.lt\\\/product\\\/stabdziu-kaladele-cva\\\/\",\"url\":\"https:\\\/\\\/eskadalys.lt\\\/product\\\/stabdziu-kaladele-cva\\\/\",\"name\":\"Stabd\u017ei\u0173 kalad\u0117l\u0117 CVA - 9C0567 | Gera kaina | Greitas pristatymas | Eska dalys\",\"isPartOf\":{\"@id\":\"https:\\\/\\\/eskadalys.lt\\\/#website\"},\"primaryImageOfPage\":{\"@id\":\"https:\\\/\\\/eskadalys.lt\\\/product\\\/stabdziu-kaladele-cva\\\/#primaryimage\"},\"image\":{\"@id\":\"https:\\\/\\\/eskadalys.lt\\\/product\\\/stabdziu-kaladele-cva\\\/#primaryimage\"},\"thumbnailUrl\":\"https:\\\/\\\/eskadalys.lt\\\/wp-content\\\/uploads\\\/2024\\\/02\\\/brake-lining-assy-20240121-132058-scaled-1.jpg?v=1714942558\",\"datePublished\":\"2024-02-10T23:51:17+00:00\",\"dateModified\":\"2026-05-10T03:45:34+00:00\",\"description\":\"Stabd\u017ei\u0173 kalad\u0117l\u0117 - 9C0567 Matmenys: Ilgis:\u00a0 385 mm, Plotis: \u00a085 mm, Auk\u0161tis :\u00a0 28, 40 mm, Tinka: CAT, D250D, D250E, D300D, D300E, 725, 730, 65, 65E, 75E, 85E, 95E, 916, 936, 950B, 773B, 613C, 613G, 725C OE numeriai: 4V7062, CVA\",\"breadcrumb\":{\"@id\":\"https:\\\/\\\/eskadalys.lt\\\/product\\\/stabdziu-kaladele-cva\\\/#breadcrumb\"},\"inLanguage\":\"da-DK\",\"potentialAction\":[{\"@type\":\"ReadAction\",\"target\":[\"https:\\\/\\\/eskadalys.lt\\\/product\\\/stabdziu-kaladele-cva\\\/\"]}]},{\"@type\":\"ImageObject\",\"inLanguage\":\"da-DK\",\"@id\":\"https:\\\/\\\/eskadalys.lt\\\/product\\\/stabdziu-kaladele-cva\\\/#primaryimage\",\"url\":\"https:\\\/\\\/eskadalys.lt\\\/wp-content\\\/uploads\\\/2024\\\/02\\\/brake-lining-assy-20240121-132058-scaled-1.jpg?v=1714942558\",\"contentUrl\":\"https:\\\/\\\/eskadalys.lt\\\/wp-content\\\/uploads\\\/2024\\\/02\\\/brake-lining-assy-20240121-132058-scaled-1.jpg?v=1714942558\",\"width\":1600,\"height\":901},{\"@type\":\"BreadcrumbList\",\"@id\":\"https:\\\/\\\/eskadalys.lt\\\/product\\\/stabdziu-kaladele-cva\\\/#breadcrumb\",\"itemListElement\":[{\"@type\":\"ListItem\",\"position\":1,\"name\":\"Strona g\u0142\u00f3wna\",\"item\":\"https:\\\/\\\/eskadalys.lt\\\/\"},{\"@type\":\"ListItem\",\"position\":2,\"name\":\"E-parduotuv\u0117\",\"item\":\"https:\\\/\\\/eskadalys.lt\\\/e-parduotuve\\\/\"},{\"@type\":\"ListItem\",\"position\":3,\"name\":\"Stabd\u017ei\u0173 kalad\u0117l\u0117 CVA &#8211; 9C0567\"}]},{\"@type\":\"WebSite\",\"@id\":\"https:\\\/\\\/eskadalys.lt\\\/#website\",\"url\":\"https:\\\/\\\/eskadalys.lt\\\/\",\"name\":\"Eska dalys\",\"description\":\"Ekskavatori\u0173 \\\/ mini ekskavatori\u0173 \\\/ buldozeri\u0173 dalys\",\"publisher\":{\"@id\":\"https:\\\/\\\/eskadalys.lt\\\/#organization\"},\"potentialAction\":[{\"@type\":\"SearchAction\",\"target\":{\"@type\":\"EntryPoint\",\"urlTemplate\":\"https:\\\/\\\/eskadalys.lt\\\/?s={search_term_string}\"},\"query-input\":{\"@type\":\"PropertyValueSpecification\",\"valueRequired\":true,\"valueName\":\"search_term_string\"}}],\"inLanguage\":\"da-DK\"},{\"@type\":\"Organization\",\"@id\":\"https:\\\/\\\/eskadalys.lt\\\/#organization\",\"name\":\"Eska dalys\",\"url\":\"https:\\\/\\\/eskadalys.lt\\\/\",\"logo\":{\"@type\":\"ImageObject\",\"inLanguage\":\"da-DK\",\"@id\":\"https:\\\/\\\/eskadalys.lt\\\/#\\\/schema\\\/logo\\\/image\\\/\",\"url\":\"https:\\\/\\\/eskadalys.lt\\\/wp-content\\\/uploads\\\/2024\\\/01\\\/LOGO-ESKA-FINAL.svg\",\"contentUrl\":\"https:\\\/\\\/eskadalys.lt\\\/wp-content\\\/uploads\\\/2024\\\/01\\\/LOGO-ESKA-FINAL.svg\",\"width\":259,\"height\":201,\"caption\":\"Eska dalys\"},\"image\":{\"@id\":\"https:\\\/\\\/eskadalys.lt\\\/#\\\/schema\\\/logo\\\/image\\\/\"},\"sameAs\":[\"https:\\\/\\\/www.facebook.com\\\/profile.php?id=61556005720456\"]}]}<\/script>\n<!-- \/ Yoast SEO plugin. -->","yoast_head_json":{"title":"Bremseklodser CVA - 9C0567 | God pris | Hurtig levering | Eska reservedele","description":"Bremseklods - 9C0567 Dimensioner: L\u00e6ngde: 385 mm, Bredde: 85 mm, H\u00f8jde: 28, 40 mm, Passer til: CAT, D250D, D250E, D300D, D300E, 725, 730, 65, 65E, 75E, 85E, 95E, 916, 936, 950B, 773B, 613C, 613G, 725C OE-numre: 4V7062, CVA","robots":{"index":"index","follow":"follow","max-snippet":"max-snippet:-1","max-image-preview":"max-image-preview:large","max-video-preview":"max-video-preview:-1"},"canonical":"https:\/\/eskadalys.lt\/da\/produkt-da\/bremseklods-cva\/","og_locale":"da_DK","og_type":"article","og_title":"Stabd\u017ei\u0173 kalad\u0117l\u0117 CVA - 9C0567 | Gera kaina | Greitas pristatymas | Eska dalys","og_description":"Stabd\u017ei\u0173 kalad\u0117l\u0117 - 9C0567 Matmenys: Ilgis:\u00a0 385 mm, Plotis: \u00a085 mm, Auk\u0161tis :\u00a0 28, 40 mm, Tinka: CAT, D250D, D250E, D300D, D300E, 725, 730, 65, 65E, 75E, 85E, 95E, 916, 936, 950B, 773B, 613C, 613G, 725C OE numeriai: 4V7062, CVA","og_url":"https:\/\/eskadalys.lt\/da\/produkt-da\/bremseklods-cva\/","og_site_name":"Eska dalys","article_publisher":"https:\/\/www.facebook.com\/profile.php?id=61556005720456","article_modified_time":"2026-05-10T03:45:34+00:00","og_image":[{"width":1600,"height":901,"url":"https:\/\/eskadalys.lt\/wp-content\/uploads\/2024\/02\/brake-lining-assy-20240121-132058-scaled-1.jpg?v=1714942558","type":"image\/jpeg"}],"schema":{"@context":"https:\/\/schema.org","@graph":[{"@type":"WebPage","@id":"https:\/\/eskadalys.lt\/product\/stabdziu-kaladele-cva\/","url":"https:\/\/eskadalys.lt\/product\/stabdziu-kaladele-cva\/","name":"Bremseklodser CVA - 9C0567 | God pris | Hurtig levering | Eska reservedele","isPartOf":{"@id":"https:\/\/eskadalys.lt\/#website"},"primaryImageOfPage":{"@id":"https:\/\/eskadalys.lt\/product\/stabdziu-kaladele-cva\/#primaryimage"},"image":{"@id":"https:\/\/eskadalys.lt\/product\/stabdziu-kaladele-cva\/#primaryimage"},"thumbnailUrl":"https:\/\/eskadalys.lt\/wp-content\/uploads\/2024\/02\/brake-lining-assy-20240121-132058-scaled-1.jpg?v=1714942558","datePublished":"2024-02-10T23:51:17+00:00","dateModified":"2026-05-10T03:45:34+00:00","description":"Bremseklods - 9C0567 Dimensioner: L\u00e6ngde: 385 mm, Bredde: 85 mm, H\u00f8jde: 28, 40 mm, Passer til: CAT, D250D, D250E, D300D, D300E, 725, 730, 65, 65E, 75E, 85E, 95E, 916, 936, 950B, 773B, 613C, 613G, 725C OE-numre: 4V7062, CVA","breadcrumb":{"@id":"https:\/\/eskadalys.lt\/product\/stabdziu-kaladele-cva\/#breadcrumb"},"inLanguage":"da-DK","potentialAction":[{"@type":"ReadAction","target":["https:\/\/eskadalys.lt\/product\/stabdziu-kaladele-cva\/"]}]},{"@type":"ImageObject","inLanguage":"da-DK","@id":"https:\/\/eskadalys.lt\/product\/stabdziu-kaladele-cva\/#primaryimage","url":"https:\/\/eskadalys.lt\/wp-content\/uploads\/2024\/02\/brake-lining-assy-20240121-132058-scaled-1.jpg?v=1714942558","contentUrl":"https:\/\/eskadalys.lt\/wp-content\/uploads\/2024\/02\/brake-lining-assy-20240121-132058-scaled-1.jpg?v=1714942558","width":1600,"height":901},{"@type":"BreadcrumbList","@id":"https:\/\/eskadalys.lt\/product\/stabdziu-kaladele-cva\/#breadcrumb","itemListElement":[{"@type":"ListItem","position":1,"name":"Strona g\u0142\u00f3wna","item":"https:\/\/eskadalys.lt\/"},{"@type":"ListItem","position":2,"name":"E-parduotuv\u0117","item":"https:\/\/eskadalys.lt\/e-parduotuve\/"},{"@type":"ListItem","position":3,"name":"Stabd\u017ei\u0173 kalad\u0117l\u0117 CVA &#8211; 9C0567"}]},{"@type":"WebSite","@id":"https:\/\/eskadalys.lt\/#website","url":"https:\/\/eskadalys.lt\/","name":"Eska parts","description":"Reservedele til gravemaskine\/minigraver\/bulldozer","publisher":{"@id":"https:\/\/eskadalys.lt\/#organization"},"potentialAction":[{"@type":"SearchAction","target":{"@type":"EntryPoint","urlTemplate":"https:\/\/eskadalys.lt\/?s={search_term_string}"},"query-input":{"@type":"PropertyValueSpecification","valueRequired":true,"valueName":"search_term_string"}}],"inLanguage":"da-DK"},{"@type":"Organization","@id":"https:\/\/eskadalys.lt\/#organization","name":"Eska parts","url":"https:\/\/eskadalys.lt\/","logo":{"@type":"ImageObject","inLanguage":"da-DK","@id":"https:\/\/eskadalys.lt\/#\/schema\/logo\/image\/","url":"https:\/\/eskadalys.lt\/wp-content\/uploads\/2024\/01\/LOGO-ESKA-FINAL.svg","contentUrl":"https:\/\/eskadalys.lt\/wp-content\/uploads\/2024\/01\/LOGO-ESKA-FINAL.svg","width":259,"height":201,"caption":"Eska dalys"},"image":{"@id":"https:\/\/eskadalys.lt\/#\/schema\/logo\/image\/"},"sameAs":["https:\/\/www.facebook.com\/profile.php?id=61556005720456"]}]}},"_links":{"self":[{"href":"https:\/\/eskadalys.lt\/da\/wp-json\/wp\/v2\/product\/2187","targetHints":{"allow":["GET"]}}],"collection":[{"href":"https:\/\/eskadalys.lt\/da\/wp-json\/wp\/v2\/product"}],"about":[{"href":"https:\/\/eskadalys.lt\/da\/wp-json\/wp\/v2\/types\/product"}],"wp:featuredmedia":[{"embeddable":true,"href":"https:\/\/eskadalys.lt\/da\/wp-json\/wp\/v2\/media\/96399"}],"wp:attachment":[{"href":"https:\/\/eskadalys.lt\/da\/wp-json\/wp\/v2\/media?parent=2187"}],"wp:term":[{"taxonomy":"product_brand","embeddable":true,"href":"https:\/\/eskadalys.lt\/da\/wp-json\/wp\/v2\/product_brand?post=2187"},{"taxonomy":"product_cat","embeddable":true,"href":"https:\/\/eskadalys.lt\/da\/wp-json\/wp\/v2\/product_cat?post=2187"},{"taxonomy":"product_tag","embeddable":true,"href":"https:\/\/eskadalys.lt\/da\/wp-json\/wp\/v2\/product_tag?post=2187"}],"curies":[{"name":"wp","href":"https:\/\/api.w.org\/{rel}","templated":true}]}}