{"id":2026,"date":"2024-02-11T01:41:23","date_gmt":"2024-02-10T23:41:23","guid":{"rendered":"https:\/\/eskadalys.lt\/?post_type=product&#038;p=2026"},"modified":"2026-03-26T09:52:13","modified_gmt":"2026-03-26T07:52:13","slug":"skrue-68","status":"publish","type":"product","link":"https:\/\/eskadalys.lt\/da\/product\/varztas-68\/","title":{"rendered":"Skrue \u2013 6V0937"},"content":{"rendered":"<p><strong>Skrue \u2013 6V0937<\/strong><br \/>\n<strong>Velegnet til:<\/strong> CAT, B\u00e6ltel\u00e6sser, 939, 939C, 953, 953B, 953D, Bulldozer, D5C, D5G, D5H, D5K, D5K2, D6H<\/p>\n<p>6V-0937<\/p>\n<h3>\ud83d\udd0d Leder efter et andet produkt fra kategorien <a href=\"https:\/\/eskadalys.lt\/da\/produktkategori-da\/ophaengningsdele\/bolte-og-motrikker\/\">Bolte\/m\u00f8trikker<\/a> ?<\/h3>\n<h3>\ud83d\udee0\ufe0f Reservedele til entrepren\u00f8rmaskiner - du kan finde flere af dem <a href=\"https:\/\/eskadalys.lt\/da\/produktkategori-da\/ophaengningsdele\/\">Oph\u00e6ngningsdele<\/a> i kategorien.<\/h3>\n<p>Hvis du er usikker p\u00e5, om denne del passer til din maskine, <strong>Send os venligst k\u00f8ret\u00f8jets serienummer (VIN) inden k\u00f8b.<\/strong>. Vi vil kontrollere kompatibiliteten ved hj\u00e6lp af katalogerne og <strong>Vi tilbyder den rigtige del<\/strong>. Hvis du ikke kan finde den del, du har brug for, s\u00e5 skriv til os - vi hj\u00e6lper dig med at finde den!<\/p>\n<p><strong>\ud83d\udce6 Lager i Litauen<\/strong> \u2013 ordrer afgivet f\u00f8r kl. 14.00 afsendes samme dag.<\/p>\n<p><strong>\ud83d\ude80 Hurtig levering<\/strong> \u2013 bestilte varer, som vi ikke har p\u00e5 lager i \u00f8jeblikket, leveres inden for 3-4 hverdage.<\/p>\n<p><strong>\ud83d\udcc8 Bredt udvalg<\/strong> \u2013 vi udvider l\u00f8bende vores produktudvalg.<\/p>","protected":false},"excerpt":{"rendered":"<p>6V0937<\/p>","protected":false},"featured_media":96127,"template":"","meta":{"site-sidebar-layout":"default","site-content-layout":"","ast-site-content-layout":"default","site-content-style":"default","site-sidebar-style":"default","ast-global-header-display":"","ast-banner-title-visibility":"","ast-main-header-display":"","ast-hfb-above-header-display":"","ast-hfb-below-header-display":"","ast-hfb-mobile-header-display":"","site-post-title":"","ast-breadcrumbs-content":"","ast-featured-img":"","footer-sml-layout":"","ast-disable-related-posts":"","theme-transparent-header-meta":"","adv-header-id-meta":"","stick-header-meta":"","header-above-stick-meta":"","header-main-stick-meta":"","header-below-stick-meta":"","astra-migrate-meta-layouts":"default","ast-page-background-enabled":"default","ast-page-background-meta":{"desktop":{"background-color":"","background-image":"","background-repeat":"repeat","background-position":"center center","background-size":"auto","background-attachment":"scroll","background-type":"","background-media":"","overlay-type":"","overlay-color":"","overlay-opacity":"","overlay-gradient":""},"tablet":{"background-color":"","background-image":"","background-repeat":"repeat","background-position":"center center","background-size":"auto","background-attachment":"scroll","background-type":"","background-media":"","overlay-type":"","overlay-color":"","overlay-opacity":"","overlay-gradient":""},"mobile":{"background-color":"","background-image":"","background-repeat":"repeat","background-position":"center center","background-size":"auto","background-attachment":"scroll","background-type":"","background-media":"","overlay-type":"","overlay-color":"","overlay-opacity":"","overlay-gradient":""}},"ast-content-background-meta":{"desktop":{"background-color":"var(--ast-global-color-5)","background-image":"","background-repeat":"repeat","background-position":"center center","background-size":"auto","background-attachment":"scroll","background-type":"","background-media":"","overlay-type":"","overlay-color":"","overlay-opacity":"","overlay-gradient":""},"tablet":{"background-color":"var(--ast-global-color-5)","background-image":"","background-repeat":"repeat","background-position":"center center","background-size":"auto","background-attachment":"scroll","background-type":"","background-media":"","overlay-type":"","overlay-color":"","overlay-opacity":"","overlay-gradient":""},"mobile":{"background-color":"var(--ast-global-color-5)","background-image":"","background-repeat":"repeat","background-position":"center center","background-size":"auto","background-attachment":"scroll","background-type":"","background-media":"","overlay-type":"","overlay-color":"","overlay-opacity":"","overlay-gradient":""}}},"product_brand":[],"product_cat":[901],"product_tag":[44277],"class_list":{"0":"post-2026","1":"product","2":"type-product","3":"status-publish","4":"has-post-thumbnail","6":"product_cat-varztai-verzles","7":"product_tag-cat-viksrinis-krautuvas-939-939c-953-953b-953d-buldozeris-d5c-d5g-d5h-d5k-d5k2-d6h","8":"desktop-align-left","9":"tablet-align-left","10":"mobile-align-left","12":"first","13":"onbackorder","14":"taxable","15":"shipping-taxable","16":"purchasable","17":"product-type-simple"},"yoast_head":"<!-- This site is optimized with the Yoast SEO plugin v27.3 - https:\/\/yoast.com\/product\/yoast-seo-wordpress\/ -->\n<title>Var\u017etas - 6V0937 | Gera kaina | Greitas pristatymas | Eska dalys<\/title>\n<meta name=\"description\" content=\"Var\u017etas - 6V0937 Tinka: CAT, Vik\u0161rinis krautuvas, 939, 939C, 953, 953B, 953D, Buldozeris, D5C, D5G, D5H, D5K, D5K2, D6H\" \/>\n<meta name=\"robots\" content=\"index, follow, max-snippet:-1, max-image-preview:large, max-video-preview:-1\" \/>\n<link rel=\"canonical\" href=\"https:\/\/eskadalys.lt\/da\/produkt-da\/skrue-68\/\" \/>\n<meta property=\"og:locale\" content=\"da_DK\" \/>\n<meta property=\"og:type\" content=\"article\" \/>\n<meta property=\"og:title\" content=\"Var\u017etas - 6V0937 | Gera kaina | Greitas pristatymas | Eska dalys\" \/>\n<meta property=\"og:description\" content=\"Var\u017etas - 6V0937 Tinka: CAT, Vik\u0161rinis krautuvas, 939, 939C, 953, 953B, 953D, Buldozeris, D5C, D5G, D5H, D5K, D5K2, D6H\" \/>\n<meta property=\"og:url\" content=\"https:\/\/eskadalys.lt\/da\/produkt-da\/skrue-68\/\" \/>\n<meta property=\"og:site_name\" content=\"Eska dalys\" \/>\n<meta property=\"article:publisher\" content=\"https:\/\/www.facebook.com\/profile.php?id=61556005720456\" \/>\n<meta property=\"article:modified_time\" content=\"2026-03-26T07:52:13+00:00\" \/>\n<meta property=\"og:image\" content=\"https:\/\/eskadalys.lt\/wp-content\/uploads\/2024\/02\/bolt-4-20240121-131147-scaled-1.jpg?v=1714943087\" \/>\n\t<meta property=\"og:image:width\" content=\"1600\" \/>\n\t<meta property=\"og:image:height\" content=\"2484\" \/>\n\t<meta property=\"og:image:type\" content=\"image\/jpeg\" \/>\n<script type=\"application\/ld+json\" class=\"yoast-schema-graph\">{\"@context\":\"https:\\\/\\\/schema.org\",\"@graph\":[{\"@type\":\"WebPage\",\"@id\":\"https:\\\/\\\/eskadalys.lt\\\/product\\\/varztas-68\\\/\",\"url\":\"https:\\\/\\\/eskadalys.lt\\\/product\\\/varztas-68\\\/\",\"name\":\"Var\u017etas - 6V0937 | Gera kaina | Greitas pristatymas | Eska dalys\",\"isPartOf\":{\"@id\":\"https:\\\/\\\/eskadalys.lt\\\/#website\"},\"primaryImageOfPage\":{\"@id\":\"https:\\\/\\\/eskadalys.lt\\\/product\\\/varztas-68\\\/#primaryimage\"},\"image\":{\"@id\":\"https:\\\/\\\/eskadalys.lt\\\/product\\\/varztas-68\\\/#primaryimage\"},\"thumbnailUrl\":\"https:\\\/\\\/eskadalys.lt\\\/wp-content\\\/uploads\\\/2024\\\/02\\\/bolt-4-20240121-131147-scaled-1.jpg?v=1714943087\",\"datePublished\":\"2024-02-10T23:41:23+00:00\",\"dateModified\":\"2026-03-26T07:52:13+00:00\",\"description\":\"Var\u017etas - 6V0937 Tinka: CAT, Vik\u0161rinis krautuvas, 939, 939C, 953, 953B, 953D, Buldozeris, D5C, D5G, D5H, D5K, D5K2, D6H\",\"breadcrumb\":{\"@id\":\"https:\\\/\\\/eskadalys.lt\\\/product\\\/varztas-68\\\/#breadcrumb\"},\"inLanguage\":\"da-DK\",\"potentialAction\":[{\"@type\":\"ReadAction\",\"target\":[\"https:\\\/\\\/eskadalys.lt\\\/product\\\/varztas-68\\\/\"]}]},{\"@type\":\"ImageObject\",\"inLanguage\":\"da-DK\",\"@id\":\"https:\\\/\\\/eskadalys.lt\\\/product\\\/varztas-68\\\/#primaryimage\",\"url\":\"https:\\\/\\\/eskadalys.lt\\\/wp-content\\\/uploads\\\/2024\\\/02\\\/bolt-4-20240121-131147-scaled-1.jpg?v=1714943087\",\"contentUrl\":\"https:\\\/\\\/eskadalys.lt\\\/wp-content\\\/uploads\\\/2024\\\/02\\\/bolt-4-20240121-131147-scaled-1.jpg?v=1714943087\",\"width\":1600,\"height\":2484},{\"@type\":\"BreadcrumbList\",\"@id\":\"https:\\\/\\\/eskadalys.lt\\\/product\\\/varztas-68\\\/#breadcrumb\",\"itemListElement\":[{\"@type\":\"ListItem\",\"position\":1,\"name\":\"Strona g\u0142\u00f3wna\",\"item\":\"https:\\\/\\\/eskadalys.lt\\\/\"},{\"@type\":\"ListItem\",\"position\":2,\"name\":\"E-parduotuv\u0117\",\"item\":\"https:\\\/\\\/eskadalys.lt\\\/e-parduotuve\\\/\"},{\"@type\":\"ListItem\",\"position\":3,\"name\":\"Var\u017etas &#8211; 6V0937\"}]},{\"@type\":\"WebSite\",\"@id\":\"https:\\\/\\\/eskadalys.lt\\\/#website\",\"url\":\"https:\\\/\\\/eskadalys.lt\\\/\",\"name\":\"Eska dalys\",\"description\":\"Ekskavatori\u0173 \\\/ mini ekskavatori\u0173 \\\/ buldozeri\u0173 dalys\",\"publisher\":{\"@id\":\"https:\\\/\\\/eskadalys.lt\\\/#organization\"},\"potentialAction\":[{\"@type\":\"SearchAction\",\"target\":{\"@type\":\"EntryPoint\",\"urlTemplate\":\"https:\\\/\\\/eskadalys.lt\\\/?s={search_term_string}\"},\"query-input\":{\"@type\":\"PropertyValueSpecification\",\"valueRequired\":true,\"valueName\":\"search_term_string\"}}],\"inLanguage\":\"da-DK\"},{\"@type\":\"Organization\",\"@id\":\"https:\\\/\\\/eskadalys.lt\\\/#organization\",\"name\":\"Eska dalys\",\"url\":\"https:\\\/\\\/eskadalys.lt\\\/\",\"logo\":{\"@type\":\"ImageObject\",\"inLanguage\":\"da-DK\",\"@id\":\"https:\\\/\\\/eskadalys.lt\\\/#\\\/schema\\\/logo\\\/image\\\/\",\"url\":\"https:\\\/\\\/eskadalys.lt\\\/wp-content\\\/uploads\\\/2024\\\/01\\\/LOGO-ESKA-FINAL.svg\",\"contentUrl\":\"https:\\\/\\\/eskadalys.lt\\\/wp-content\\\/uploads\\\/2024\\\/01\\\/LOGO-ESKA-FINAL.svg\",\"width\":259,\"height\":201,\"caption\":\"Eska dalys\"},\"image\":{\"@id\":\"https:\\\/\\\/eskadalys.lt\\\/#\\\/schema\\\/logo\\\/image\\\/\"},\"sameAs\":[\"https:\\\/\\\/www.facebook.com\\\/profile.php?id=61556005720456\"]}]}<\/script>\n<!-- \/ Yoast SEO plugin. -->","yoast_head_json":{"title":"Skrue - 6V0937 | God pris | Hurtig levering | Eska reservedele","description":"Bolt - 6V0937 Passer til: CAT, Larveb\u00e5ndsl\u00e6sser, 939, 939C, 953, 953B, 953D, Bulldozer, D5C, D5G, D5H, D5K, D5K2, D6H","robots":{"index":"index","follow":"follow","max-snippet":"max-snippet:-1","max-image-preview":"max-image-preview:large","max-video-preview":"max-video-preview:-1"},"canonical":"https:\/\/eskadalys.lt\/da\/produkt-da\/skrue-68\/","og_locale":"da_DK","og_type":"article","og_title":"Var\u017etas - 6V0937 | Gera kaina | Greitas pristatymas | Eska dalys","og_description":"Var\u017etas - 6V0937 Tinka: CAT, Vik\u0161rinis krautuvas, 939, 939C, 953, 953B, 953D, Buldozeris, D5C, D5G, D5H, D5K, D5K2, D6H","og_url":"https:\/\/eskadalys.lt\/da\/produkt-da\/skrue-68\/","og_site_name":"Eska dalys","article_publisher":"https:\/\/www.facebook.com\/profile.php?id=61556005720456","article_modified_time":"2026-03-26T07:52:13+00:00","og_image":[{"width":1600,"height":2484,"url":"https:\/\/eskadalys.lt\/wp-content\/uploads\/2024\/02\/bolt-4-20240121-131147-scaled-1.jpg?v=1714943087","type":"image\/jpeg"}],"schema":{"@context":"https:\/\/schema.org","@graph":[{"@type":"WebPage","@id":"https:\/\/eskadalys.lt\/product\/varztas-68\/","url":"https:\/\/eskadalys.lt\/product\/varztas-68\/","name":"Skrue - 6V0937 | God pris | Hurtig levering | Eska reservedele","isPartOf":{"@id":"https:\/\/eskadalys.lt\/#website"},"primaryImageOfPage":{"@id":"https:\/\/eskadalys.lt\/product\/varztas-68\/#primaryimage"},"image":{"@id":"https:\/\/eskadalys.lt\/product\/varztas-68\/#primaryimage"},"thumbnailUrl":"https:\/\/eskadalys.lt\/wp-content\/uploads\/2024\/02\/bolt-4-20240121-131147-scaled-1.jpg?v=1714943087","datePublished":"2024-02-10T23:41:23+00:00","dateModified":"2026-03-26T07:52:13+00:00","description":"Bolt - 6V0937 Passer til: CAT, Larveb\u00e5ndsl\u00e6sser, 939, 939C, 953, 953B, 953D, Bulldozer, D5C, D5G, D5H, D5K, D5K2, D6H","breadcrumb":{"@id":"https:\/\/eskadalys.lt\/product\/varztas-68\/#breadcrumb"},"inLanguage":"da-DK","potentialAction":[{"@type":"ReadAction","target":["https:\/\/eskadalys.lt\/product\/varztas-68\/"]}]},{"@type":"ImageObject","inLanguage":"da-DK","@id":"https:\/\/eskadalys.lt\/product\/varztas-68\/#primaryimage","url":"https:\/\/eskadalys.lt\/wp-content\/uploads\/2024\/02\/bolt-4-20240121-131147-scaled-1.jpg?v=1714943087","contentUrl":"https:\/\/eskadalys.lt\/wp-content\/uploads\/2024\/02\/bolt-4-20240121-131147-scaled-1.jpg?v=1714943087","width":1600,"height":2484},{"@type":"BreadcrumbList","@id":"https:\/\/eskadalys.lt\/product\/varztas-68\/#breadcrumb","itemListElement":[{"@type":"ListItem","position":1,"name":"Strona g\u0142\u00f3wna","item":"https:\/\/eskadalys.lt\/"},{"@type":"ListItem","position":2,"name":"E-parduotuv\u0117","item":"https:\/\/eskadalys.lt\/e-parduotuve\/"},{"@type":"ListItem","position":3,"name":"Var\u017etas &#8211; 6V0937"}]},{"@type":"WebSite","@id":"https:\/\/eskadalys.lt\/#website","url":"https:\/\/eskadalys.lt\/","name":"Eska parts","description":"Reservedele til gravemaskine\/minigraver\/bulldozer","publisher":{"@id":"https:\/\/eskadalys.lt\/#organization"},"potentialAction":[{"@type":"SearchAction","target":{"@type":"EntryPoint","urlTemplate":"https:\/\/eskadalys.lt\/?s={search_term_string}"},"query-input":{"@type":"PropertyValueSpecification","valueRequired":true,"valueName":"search_term_string"}}],"inLanguage":"da-DK"},{"@type":"Organization","@id":"https:\/\/eskadalys.lt\/#organization","name":"Eska parts","url":"https:\/\/eskadalys.lt\/","logo":{"@type":"ImageObject","inLanguage":"da-DK","@id":"https:\/\/eskadalys.lt\/#\/schema\/logo\/image\/","url":"https:\/\/eskadalys.lt\/wp-content\/uploads\/2024\/01\/LOGO-ESKA-FINAL.svg","contentUrl":"https:\/\/eskadalys.lt\/wp-content\/uploads\/2024\/01\/LOGO-ESKA-FINAL.svg","width":259,"height":201,"caption":"Eska dalys"},"image":{"@id":"https:\/\/eskadalys.lt\/#\/schema\/logo\/image\/"},"sameAs":["https:\/\/www.facebook.com\/profile.php?id=61556005720456"]}]}},"_links":{"self":[{"href":"https:\/\/eskadalys.lt\/da\/wp-json\/wp\/v2\/product\/2026","targetHints":{"allow":["GET"]}}],"collection":[{"href":"https:\/\/eskadalys.lt\/da\/wp-json\/wp\/v2\/product"}],"about":[{"href":"https:\/\/eskadalys.lt\/da\/wp-json\/wp\/v2\/types\/product"}],"wp:featuredmedia":[{"embeddable":true,"href":"https:\/\/eskadalys.lt\/da\/wp-json\/wp\/v2\/media\/96127"}],"wp:attachment":[{"href":"https:\/\/eskadalys.lt\/da\/wp-json\/wp\/v2\/media?parent=2026"}],"wp:term":[{"taxonomy":"product_brand","embeddable":true,"href":"https:\/\/eskadalys.lt\/da\/wp-json\/wp\/v2\/product_brand?post=2026"},{"taxonomy":"product_cat","embeddable":true,"href":"https:\/\/eskadalys.lt\/da\/wp-json\/wp\/v2\/product_cat?post=2026"},{"taxonomy":"product_tag","embeddable":true,"href":"https:\/\/eskadalys.lt\/da\/wp-json\/wp\/v2\/product_tag?post=2026"}],"curies":[{"name":"wp","href":"https:\/\/api.w.org\/{rel}","templated":true}]}}