{"id":1770,"date":"2024-02-11T01:23:56","date_gmt":"2024-02-10T23:23:56","guid":{"rendered":"https:\/\/eskadalys.lt\/?post_type=product&#038;p=1770"},"modified":"2026-03-26T09:51:53","modified_gmt":"2026-03-26T07:51:53","slug":"leje-cva-47","status":"publish","type":"product","link":"https:\/\/eskadalys.lt\/da\/product\/guolis-cva-47\/","title":{"rendered":"Leje CVA \u2013 907\/52800"},"content":{"rendered":"<p><strong>Leje CVA \u2013 907\/52800<\/strong><br \/>\nDimensioner:<br \/>\nYdre diameter: 65 mm,<br \/>\nIndvendig diameter: 35 mm,<br \/>\nH\u00f8jde: 20 mm,<\/p>\n<p><strong>Velegnet til:<\/strong> JCB, Rendegraver, 2CX, 3CX, 4CX, Hjull\u00e6sser, Teleskopl\u00e6sser, 407, 409, FASTRAC, 530, 540, 527, 526, 130T<br \/>\n<strong>OE-numre::<\/strong> 907\/52800, 907\/09900, 65X35X20<\/p>\n<h3>\ud83d\udd0d Leder efter et andet produkt fra kategorien <a href=\"https:\/\/eskadalys.lt\/da\/produktkategori-da\/ophaengningsdele\/lejer\/\">Lejer<\/a> ?<\/h3>\n<h3>\ud83d\udee0\ufe0f JCB-reservedele \u2013 du kan finde flere af dem <a href=\"https:\/\/eskadalys.lt\/da\/produktkategori-da\/ophaengningsdele\/\">Oph\u00e6ngningsdele<\/a> i kategorien.<\/h3>\n<p>Hvis du er usikker p\u00e5, om denne del passer til din maskine, <strong>Send os venligst k\u00f8ret\u00f8jets serienummer (VIN) inden k\u00f8b.<\/strong>. Vi vil kontrollere kompatibiliteten ved hj\u00e6lp af katalogerne og <strong>Vi tilbyder den rigtige del<\/strong>. Hvis du ikke kan finde den del, du har brug for, s\u00e5 skriv til os - vi hj\u00e6lper dig med at finde den!<\/p>\n<p><strong>\ud83d\udce6 Lager i Litauen<\/strong> \u2013 ordrer afgivet f\u00f8r kl. 14.00 afsendes samme dag.<\/p>\n<p><strong>\ud83d\ude80 Hurtig levering<\/strong> \u2013 bestilte varer, som vi ikke har p\u00e5 lager i \u00f8jeblikket, leveres inden for 3-4 hverdage.<\/p>\n<p><strong>\ud83d\udcc8 Bredt udvalg<\/strong> \u2013 vi udvider l\u00f8bende vores produktudvalg.<\/p>","protected":false},"excerpt":{"rendered":"<p>907\/52800 CVA<\/p>","protected":false},"featured_media":95602,"template":"","meta":{"site-sidebar-layout":"default","site-content-layout":"","ast-site-content-layout":"default","site-content-style":"default","site-sidebar-style":"default","ast-global-header-display":"","ast-banner-title-visibility":"","ast-main-header-display":"","ast-hfb-above-header-display":"","ast-hfb-below-header-display":"","ast-hfb-mobile-header-display":"","site-post-title":"","ast-breadcrumbs-content":"","ast-featured-img":"","footer-sml-layout":"","ast-disable-related-posts":"","theme-transparent-header-meta":"default","adv-header-id-meta":"","stick-header-meta":"","header-above-stick-meta":"","header-main-stick-meta":"","header-below-stick-meta":"","astra-migrate-meta-layouts":"set","ast-page-background-enabled":"default","ast-page-background-meta":{"desktop":{"background-color":"","background-image":"","background-repeat":"repeat","background-position":"center center","background-size":"auto","background-attachment":"scroll","background-type":"","background-media":"","overlay-type":"","overlay-color":"","overlay-opacity":"","overlay-gradient":""},"tablet":{"background-color":"","background-image":"","background-repeat":"repeat","background-position":"center center","background-size":"auto","background-attachment":"scroll","background-type":"","background-media":"","overlay-type":"","overlay-color":"","overlay-opacity":"","overlay-gradient":""},"mobile":{"background-color":"","background-image":"","background-repeat":"repeat","background-position":"center center","background-size":"auto","background-attachment":"scroll","background-type":"","background-media":"","overlay-type":"","overlay-color":"","overlay-opacity":"","overlay-gradient":""}},"ast-content-background-meta":{"desktop":{"background-color":"var(--ast-global-color-5)","background-image":"","background-repeat":"repeat","background-position":"center center","background-size":"auto","background-attachment":"scroll","background-type":"","background-media":"","overlay-type":"","overlay-color":"","overlay-opacity":"","overlay-gradient":""},"tablet":{"background-color":"var(--ast-global-color-5)","background-image":"","background-repeat":"repeat","background-position":"center center","background-size":"auto","background-attachment":"scroll","background-type":"","background-media":"","overlay-type":"","overlay-color":"","overlay-opacity":"","overlay-gradient":""},"mobile":{"background-color":"var(--ast-global-color-5)","background-image":"","background-repeat":"repeat","background-position":"center center","background-size":"auto","background-attachment":"scroll","background-type":"","background-media":"","overlay-type":"","overlay-color":"","overlay-opacity":"","overlay-gradient":""}}},"product_brand":[],"product_cat":[746],"product_tag":[49502,49480,47754,49495,49496,47755,49501,49500,49498,49499,49505,49504,49503,47753,49497,48776,42907,49494],"class_list":{"0":"post-1770","1":"product","2":"type-product","3":"status-publish","4":"has-post-thumbnail","6":"product_cat-guoliai","7":"product_tag-130t","8":"product_tag-2cx","9":"product_tag-3cx","10":"product_tag-49495","11":"product_tag-49496","12":"product_tag-4cx","13":"product_tag-49501","14":"product_tag-49500","15":"product_tag-49498","16":"product_tag-49499","17":"product_tag-65x35x20","18":"product_tag-907-09900","19":"product_tag-907-52800","20":"product_tag-ekskavatorius-krautuvas","21":"product_tag-fastrac","22":"product_tag-frontalinis-krautuvas","23":"product_tag-jcb","24":"product_tag-teleskopinis-krautuvas","25":"desktop-align-left","26":"tablet-align-left","27":"mobile-align-left","29":"first","30":"instock","31":"taxable","32":"shipping-taxable","33":"purchasable","34":"product-type-simple"},"yoast_head":"<!-- This site is optimized with the Yoast SEO plugin v27.3 - https:\/\/yoast.com\/product\/yoast-seo-wordpress\/ -->\n<title>Guolis CVA - 907\/52800 | Gera kaina | Greitas pristatymas | Eska dalys<\/title>\n<meta name=\"description\" content=\"Guolis - 907\/52800 Matmenys: I\u0161orinis skersmuo: 65 mm, Vidinis skersmuo: 35 mm, Auk\u0161tis: 20 mm, Tinka: JCB, Ekskavatorius krautuvas, 2CX, 3CX, 4CX, Frontalinis krautuvas, Teleskopinis krautuvas, 407, 409, FASTRAC, 530 , 540, 527, 526, 130T OE numeriai: 907\/52800, 907\/09900, 65X35X20\" \/>\n<meta name=\"robots\" content=\"index, follow, max-snippet:-1, max-image-preview:large, max-video-preview:-1\" \/>\n<link rel=\"canonical\" href=\"https:\/\/eskadalys.lt\/da\/produkt-da\/leje-cva-47\/\" \/>\n<meta property=\"og:locale\" content=\"da_DK\" \/>\n<meta property=\"og:type\" content=\"article\" \/>\n<meta property=\"og:title\" content=\"Guolis CVA - 907\/52800 | Gera kaina | Greitas pristatymas | Eska dalys\" \/>\n<meta property=\"og:description\" content=\"Guolis - 907\/52800 Matmenys: I\u0161orinis skersmuo: 65 mm, Vidinis skersmuo: 35 mm, Auk\u0161tis: 20 mm, Tinka: JCB, Ekskavatorius krautuvas, 2CX, 3CX, 4CX, Frontalinis krautuvas, Teleskopinis krautuvas, 407, 409, FASTRAC, 530 , 540, 527, 526, 130T OE numeriai: 907\/52800, 907\/09900, 65X35X20\" \/>\n<meta property=\"og:url\" content=\"https:\/\/eskadalys.lt\/da\/produkt-da\/leje-cva-47\/\" \/>\n<meta property=\"og:site_name\" content=\"Eska dalys\" \/>\n<meta property=\"article:publisher\" content=\"https:\/\/www.facebook.com\/profile.php?id=61556005720456\" \/>\n<meta property=\"article:modified_time\" content=\"2026-03-26T07:51:53+00:00\" \/>\n<meta property=\"og:image\" content=\"https:\/\/eskadalys.lt\/wp-content\/uploads\/2024\/02\/lozysko-cva-20240121-125452-1.jpg?v=1714946437\" \/>\n\t<meta property=\"og:image:width\" content=\"1600\" \/>\n\t<meta property=\"og:image:height\" content=\"1420\" \/>\n\t<meta property=\"og:image:type\" content=\"image\/jpeg\" \/>\n<script type=\"application\/ld+json\" class=\"yoast-schema-graph\">{\"@context\":\"https:\\\/\\\/schema.org\",\"@graph\":[{\"@type\":\"WebPage\",\"@id\":\"https:\\\/\\\/eskadalys.lt\\\/product\\\/guolis-cva-47\\\/\",\"url\":\"https:\\\/\\\/eskadalys.lt\\\/product\\\/guolis-cva-47\\\/\",\"name\":\"Guolis CVA - 907\\\/52800 | Gera kaina | Greitas pristatymas | Eska dalys\",\"isPartOf\":{\"@id\":\"https:\\\/\\\/eskadalys.lt\\\/#website\"},\"primaryImageOfPage\":{\"@id\":\"https:\\\/\\\/eskadalys.lt\\\/product\\\/guolis-cva-47\\\/#primaryimage\"},\"image\":{\"@id\":\"https:\\\/\\\/eskadalys.lt\\\/product\\\/guolis-cva-47\\\/#primaryimage\"},\"thumbnailUrl\":\"https:\\\/\\\/eskadalys.lt\\\/wp-content\\\/uploads\\\/2024\\\/02\\\/lozysko-cva-20240121-125452-1.jpg?v=1714946437\",\"datePublished\":\"2024-02-10T23:23:56+00:00\",\"dateModified\":\"2026-03-26T07:51:53+00:00\",\"description\":\"Guolis - 907\\\/52800 Matmenys: I\u0161orinis skersmuo: 65 mm, Vidinis skersmuo: 35 mm, Auk\u0161tis: 20 mm, Tinka: JCB, Ekskavatorius krautuvas, 2CX, 3CX, 4CX, Frontalinis krautuvas, Teleskopinis krautuvas, 407, 409, FASTRAC, 530 , 540, 527, 526, 130T OE numeriai: 907\\\/52800, 907\\\/09900, 65X35X20\",\"breadcrumb\":{\"@id\":\"https:\\\/\\\/eskadalys.lt\\\/product\\\/guolis-cva-47\\\/#breadcrumb\"},\"inLanguage\":\"da-DK\",\"potentialAction\":[{\"@type\":\"ReadAction\",\"target\":[\"https:\\\/\\\/eskadalys.lt\\\/product\\\/guolis-cva-47\\\/\"]}]},{\"@type\":\"ImageObject\",\"inLanguage\":\"da-DK\",\"@id\":\"https:\\\/\\\/eskadalys.lt\\\/product\\\/guolis-cva-47\\\/#primaryimage\",\"url\":\"https:\\\/\\\/eskadalys.lt\\\/wp-content\\\/uploads\\\/2024\\\/02\\\/lozysko-cva-20240121-125452-1.jpg?v=1714946437\",\"contentUrl\":\"https:\\\/\\\/eskadalys.lt\\\/wp-content\\\/uploads\\\/2024\\\/02\\\/lozysko-cva-20240121-125452-1.jpg?v=1714946437\",\"width\":1600,\"height\":1420},{\"@type\":\"BreadcrumbList\",\"@id\":\"https:\\\/\\\/eskadalys.lt\\\/product\\\/guolis-cva-47\\\/#breadcrumb\",\"itemListElement\":[{\"@type\":\"ListItem\",\"position\":1,\"name\":\"Strona g\u0142\u00f3wna\",\"item\":\"https:\\\/\\\/eskadalys.lt\\\/\"},{\"@type\":\"ListItem\",\"position\":2,\"name\":\"E-parduotuv\u0117\",\"item\":\"https:\\\/\\\/eskadalys.lt\\\/e-parduotuve\\\/\"},{\"@type\":\"ListItem\",\"position\":3,\"name\":\"Guolis CVA &#8211; 907\\\/52800\"}]},{\"@type\":\"WebSite\",\"@id\":\"https:\\\/\\\/eskadalys.lt\\\/#website\",\"url\":\"https:\\\/\\\/eskadalys.lt\\\/\",\"name\":\"Eska dalys\",\"description\":\"Ekskavatori\u0173 \\\/ mini ekskavatori\u0173 \\\/ buldozeri\u0173 dalys\",\"publisher\":{\"@id\":\"https:\\\/\\\/eskadalys.lt\\\/#organization\"},\"potentialAction\":[{\"@type\":\"SearchAction\",\"target\":{\"@type\":\"EntryPoint\",\"urlTemplate\":\"https:\\\/\\\/eskadalys.lt\\\/?s={search_term_string}\"},\"query-input\":{\"@type\":\"PropertyValueSpecification\",\"valueRequired\":true,\"valueName\":\"search_term_string\"}}],\"inLanguage\":\"da-DK\"},{\"@type\":\"Organization\",\"@id\":\"https:\\\/\\\/eskadalys.lt\\\/#organization\",\"name\":\"Eska dalys\",\"url\":\"https:\\\/\\\/eskadalys.lt\\\/\",\"logo\":{\"@type\":\"ImageObject\",\"inLanguage\":\"da-DK\",\"@id\":\"https:\\\/\\\/eskadalys.lt\\\/#\\\/schema\\\/logo\\\/image\\\/\",\"url\":\"https:\\\/\\\/eskadalys.lt\\\/wp-content\\\/uploads\\\/2024\\\/01\\\/LOGO-ESKA-FINAL.svg\",\"contentUrl\":\"https:\\\/\\\/eskadalys.lt\\\/wp-content\\\/uploads\\\/2024\\\/01\\\/LOGO-ESKA-FINAL.svg\",\"width\":259,\"height\":201,\"caption\":\"Eska dalys\"},\"image\":{\"@id\":\"https:\\\/\\\/eskadalys.lt\\\/#\\\/schema\\\/logo\\\/image\\\/\"},\"sameAs\":[\"https:\\\/\\\/www.facebook.com\\\/profile.php?id=61556005720456\"]}]}<\/script>\n<!-- \/ Yoast SEO plugin. -->","yoast_head_json":{"title":"Leje CVA - 907\/52800 | God pris | Hurtig levering | Eska reservedele","description":"Leje - 907\/52800 Dimensioner: Ydre diameter: 65 mm, Indvendig diameter: 35 mm, H\u00f8jde: 20 mm, Passer til: JCB, Rendegraver, 2CX, 3CX, 4CX, Hjull\u00e6sser, Teleskopl\u00e6sser, 407, 409, FASTRAC, 530, 540, 527, 526, 130T OE-numre: 907\/52800, 907\/09900, 65X35X20","robots":{"index":"index","follow":"follow","max-snippet":"max-snippet:-1","max-image-preview":"max-image-preview:large","max-video-preview":"max-video-preview:-1"},"canonical":"https:\/\/eskadalys.lt\/da\/produkt-da\/leje-cva-47\/","og_locale":"da_DK","og_type":"article","og_title":"Guolis CVA - 907\/52800 | Gera kaina | Greitas pristatymas | Eska dalys","og_description":"Guolis - 907\/52800 Matmenys: I\u0161orinis skersmuo: 65 mm, Vidinis skersmuo: 35 mm, Auk\u0161tis: 20 mm, Tinka: JCB, Ekskavatorius krautuvas, 2CX, 3CX, 4CX, Frontalinis krautuvas, Teleskopinis krautuvas, 407, 409, FASTRAC, 530 , 540, 527, 526, 130T OE numeriai: 907\/52800, 907\/09900, 65X35X20","og_url":"https:\/\/eskadalys.lt\/da\/produkt-da\/leje-cva-47\/","og_site_name":"Eska dalys","article_publisher":"https:\/\/www.facebook.com\/profile.php?id=61556005720456","article_modified_time":"2026-03-26T07:51:53+00:00","og_image":[{"width":1600,"height":1420,"url":"https:\/\/eskadalys.lt\/wp-content\/uploads\/2024\/02\/lozysko-cva-20240121-125452-1.jpg?v=1714946437","type":"image\/jpeg"}],"schema":{"@context":"https:\/\/schema.org","@graph":[{"@type":"WebPage","@id":"https:\/\/eskadalys.lt\/product\/guolis-cva-47\/","url":"https:\/\/eskadalys.lt\/product\/guolis-cva-47\/","name":"Leje CVA - 907\/52800 | God pris | Hurtig levering | Eska reservedele","isPartOf":{"@id":"https:\/\/eskadalys.lt\/#website"},"primaryImageOfPage":{"@id":"https:\/\/eskadalys.lt\/product\/guolis-cva-47\/#primaryimage"},"image":{"@id":"https:\/\/eskadalys.lt\/product\/guolis-cva-47\/#primaryimage"},"thumbnailUrl":"https:\/\/eskadalys.lt\/wp-content\/uploads\/2024\/02\/lozysko-cva-20240121-125452-1.jpg?v=1714946437","datePublished":"2024-02-10T23:23:56+00:00","dateModified":"2026-03-26T07:51:53+00:00","description":"Leje - 907\/52800 Dimensioner: Ydre diameter: 65 mm, Indvendig diameter: 35 mm, H\u00f8jde: 20 mm, Passer til: JCB, Rendegraver, 2CX, 3CX, 4CX, Hjull\u00e6sser, Teleskopl\u00e6sser, 407, 409, FASTRAC, 530, 540, 527, 526, 130T OE-numre: 907\/52800, 907\/09900, 65X35X20","breadcrumb":{"@id":"https:\/\/eskadalys.lt\/product\/guolis-cva-47\/#breadcrumb"},"inLanguage":"da-DK","potentialAction":[{"@type":"ReadAction","target":["https:\/\/eskadalys.lt\/product\/guolis-cva-47\/"]}]},{"@type":"ImageObject","inLanguage":"da-DK","@id":"https:\/\/eskadalys.lt\/product\/guolis-cva-47\/#primaryimage","url":"https:\/\/eskadalys.lt\/wp-content\/uploads\/2024\/02\/lozysko-cva-20240121-125452-1.jpg?v=1714946437","contentUrl":"https:\/\/eskadalys.lt\/wp-content\/uploads\/2024\/02\/lozysko-cva-20240121-125452-1.jpg?v=1714946437","width":1600,"height":1420},{"@type":"BreadcrumbList","@id":"https:\/\/eskadalys.lt\/product\/guolis-cva-47\/#breadcrumb","itemListElement":[{"@type":"ListItem","position":1,"name":"Strona g\u0142\u00f3wna","item":"https:\/\/eskadalys.lt\/"},{"@type":"ListItem","position":2,"name":"E-parduotuv\u0117","item":"https:\/\/eskadalys.lt\/e-parduotuve\/"},{"@type":"ListItem","position":3,"name":"Guolis CVA &#8211; 907\/52800"}]},{"@type":"WebSite","@id":"https:\/\/eskadalys.lt\/#website","url":"https:\/\/eskadalys.lt\/","name":"Eska parts","description":"Reservedele til gravemaskine\/minigraver\/bulldozer","publisher":{"@id":"https:\/\/eskadalys.lt\/#organization"},"potentialAction":[{"@type":"SearchAction","target":{"@type":"EntryPoint","urlTemplate":"https:\/\/eskadalys.lt\/?s={search_term_string}"},"query-input":{"@type":"PropertyValueSpecification","valueRequired":true,"valueName":"search_term_string"}}],"inLanguage":"da-DK"},{"@type":"Organization","@id":"https:\/\/eskadalys.lt\/#organization","name":"Eska parts","url":"https:\/\/eskadalys.lt\/","logo":{"@type":"ImageObject","inLanguage":"da-DK","@id":"https:\/\/eskadalys.lt\/#\/schema\/logo\/image\/","url":"https:\/\/eskadalys.lt\/wp-content\/uploads\/2024\/01\/LOGO-ESKA-FINAL.svg","contentUrl":"https:\/\/eskadalys.lt\/wp-content\/uploads\/2024\/01\/LOGO-ESKA-FINAL.svg","width":259,"height":201,"caption":"Eska dalys"},"image":{"@id":"https:\/\/eskadalys.lt\/#\/schema\/logo\/image\/"},"sameAs":["https:\/\/www.facebook.com\/profile.php?id=61556005720456"]}]}},"_links":{"self":[{"href":"https:\/\/eskadalys.lt\/da\/wp-json\/wp\/v2\/product\/1770","targetHints":{"allow":["GET"]}}],"collection":[{"href":"https:\/\/eskadalys.lt\/da\/wp-json\/wp\/v2\/product"}],"about":[{"href":"https:\/\/eskadalys.lt\/da\/wp-json\/wp\/v2\/types\/product"}],"wp:featuredmedia":[{"embeddable":true,"href":"https:\/\/eskadalys.lt\/da\/wp-json\/wp\/v2\/media\/95602"}],"wp:attachment":[{"href":"https:\/\/eskadalys.lt\/da\/wp-json\/wp\/v2\/media?parent=1770"}],"wp:term":[{"taxonomy":"product_brand","embeddable":true,"href":"https:\/\/eskadalys.lt\/da\/wp-json\/wp\/v2\/product_brand?post=1770"},{"taxonomy":"product_cat","embeddable":true,"href":"https:\/\/eskadalys.lt\/da\/wp-json\/wp\/v2\/product_cat?post=1770"},{"taxonomy":"product_tag","embeddable":true,"href":"https:\/\/eskadalys.lt\/da\/wp-json\/wp\/v2\/product_tag?post=1770"}],"curies":[{"name":"wp","href":"https:\/\/api.w.org\/{rel}","templated":true}]}}