{"id":1348,"date":"2024-02-11T00:53:33","date_gmt":"2024-02-10T22:53:33","guid":{"rendered":"https:\/\/eskadalys.lt\/?post_type=product&#038;p=1348"},"modified":"2026-05-10T06:44:32","modified_gmt":"2026-05-10T03:44:32","slug":"underside-nx-2","status":"publish","type":"product","link":"https:\/\/eskadalys.lt\/da\/product\/poverzle-nx-2\/","title":{"rendered":"Vaskemaskine NX \u2013 9R5429"},"content":{"rendered":"<p><strong>Vaskemaskine NX \u2013 9R5429<\/strong><br \/>\nDimensioner:<br \/>\nYdre diameter: 120 mm,<br \/>\nIndvendig diameter: 67,3 mm,<br \/>\nTykkelse: 3 mm,<\/p>\n<p><strong>Velegnet til:<\/strong> CAT, Rendegraver, 420E, 422E, 424D, 426B, 426C, 428B, 428C, 428D, 428E, 430D, 430E, 432D, 432E, 434E, 436C, 438B, 438C, 438D, 442D, 442E, 444E, 446, 446B, 446D, 450E, 450F<br \/>\n9R-5429<\/p>\n<h3>\ud83d\udd0d Leder efter et andet produkt fra kategorien <a href=\"https:\/\/eskadalys.lt\/da\/produktkategori-da\/stifter-elfenbenslejer\/undergraver\/\">Skivere<\/a> ?<\/h3>\n<h3>\ud83d\udee0\ufe0f CAT-dele \u2013 du kan finde flere af dem <a href=\"https:\/\/eskadalys.lt\/da\/produktkategori-da\/stifter-elfenbenslejer\/\">Stifter \/ B\u00f8sninger \/ Lejer<\/a> i kategorien.<\/h3>\n<p>Hvis du er usikker p\u00e5, om denne del passer til din maskine, <strong>Send os venligst k\u00f8ret\u00f8jets serienummer (VIN) inden k\u00f8b.<\/strong>. Vi vil kontrollere kompatibiliteten ved hj\u00e6lp af katalogerne og <strong>Vi tilbyder den rigtige del<\/strong>. Hvis du ikke kan finde den del, du har brug for, s\u00e5 skriv til os - vi hj\u00e6lper dig med at finde den!<\/p>\n<p><strong>\ud83d\udce6 Lager i Litauen<\/strong> \u2013 ordrer afgivet f\u00f8r kl. 14.00 afsendes samme dag.<\/p>\n<p><strong>\ud83d\ude80 Hurtig levering<\/strong> \u2013 bestilte varer, som vi ikke har p\u00e5 lager i \u00f8jeblikket, leveres inden for 3-4 hverdage.<\/p>\n<p><strong>\ud83d\udcc8 Bredt udvalg<\/strong> \u2013 vi udvider l\u00f8bende vores produktudvalg.<\/p>","protected":false},"excerpt":{"rendered":"<p>9R5429<\/p>","protected":false},"featured_media":113500,"template":"","meta":{"site-sidebar-layout":"default","site-content-layout":"","ast-site-content-layout":"default","site-content-style":"default","site-sidebar-style":"default","ast-global-header-display":"","ast-banner-title-visibility":"","ast-main-header-display":"","ast-hfb-above-header-display":"","ast-hfb-below-header-display":"","ast-hfb-mobile-header-display":"","site-post-title":"","ast-breadcrumbs-content":"","ast-featured-img":"","footer-sml-layout":"","ast-disable-related-posts":"","theme-transparent-header-meta":"default","adv-header-id-meta":"","stick-header-meta":"","header-above-stick-meta":"","header-main-stick-meta":"","header-below-stick-meta":"","astra-migrate-meta-layouts":"set","ast-page-background-enabled":"default","ast-page-background-meta":{"desktop":{"background-color":"","background-image":"","background-repeat":"repeat","background-position":"center center","background-size":"auto","background-attachment":"scroll","background-type":"","background-media":"","overlay-type":"","overlay-color":"","overlay-opacity":"","overlay-gradient":""},"tablet":{"background-color":"","background-image":"","background-repeat":"repeat","background-position":"center center","background-size":"auto","background-attachment":"scroll","background-type":"","background-media":"","overlay-type":"","overlay-color":"","overlay-opacity":"","overlay-gradient":""},"mobile":{"background-color":"","background-image":"","background-repeat":"repeat","background-position":"center center","background-size":"auto","background-attachment":"scroll","background-type":"","background-media":"","overlay-type":"","overlay-color":"","overlay-opacity":"","overlay-gradient":""}},"ast-content-background-meta":{"desktop":{"background-color":"var(--ast-global-color-5)","background-image":"","background-repeat":"repeat","background-position":"center center","background-size":"auto","background-attachment":"scroll","background-type":"","background-media":"","overlay-type":"","overlay-color":"","overlay-opacity":"","overlay-gradient":""},"tablet":{"background-color":"var(--ast-global-color-5)","background-image":"","background-repeat":"repeat","background-position":"center center","background-size":"auto","background-attachment":"scroll","background-type":"","background-media":"","overlay-type":"","overlay-color":"","overlay-opacity":"","overlay-gradient":""},"mobile":{"background-color":"var(--ast-global-color-5)","background-image":"","background-repeat":"repeat","background-position":"center center","background-size":"auto","background-attachment":"scroll","background-type":"","background-media":"","overlay-type":"","overlay-color":"","overlay-opacity":"","overlay-gradient":""}}},"product_brand":[],"product_cat":[893],"product_tag":[49526,49527,49528,49529,49530,49531,49470,49461,49462,49532,49533,49463,49464,49471,49534,49535,49536,49537,49538,49539,49540,49541,49542,49543,49544,49545,43030,47753],"class_list":{"0":"post-1348","1":"product","2":"type-product","3":"status-publish","4":"has-post-thumbnail","6":"product_cat-poverzles","7":"product_tag-420e","8":"product_tag-422e","9":"product_tag-424d","10":"product_tag-426b","11":"product_tag-426c","12":"product_tag-428b","13":"product_tag-428c","14":"product_tag-428d","15":"product_tag-428e","16":"product_tag-430d","17":"product_tag-430e","18":"product_tag-432d","19":"product_tag-432e","20":"product_tag-434e","21":"product_tag-436c","22":"product_tag-438b","23":"product_tag-438c","24":"product_tag-438d","25":"product_tag-442d","26":"product_tag-442e","27":"product_tag-444e","28":"product_tag-49541","29":"product_tag-446b","30":"product_tag-446d","31":"product_tag-450e","32":"product_tag-450f","33":"product_tag-cat","34":"product_tag-ekskavatorius-krautuvas","35":"desktop-align-left","36":"tablet-align-left","37":"mobile-align-left","39":"first","40":"instock","41":"taxable","42":"shipping-taxable","43":"purchasable","44":"product-type-simple"},"yoast_head":"<!-- This site is optimized with the Yoast SEO plugin v27.5 - https:\/\/yoast.com\/product\/yoast-seo-wordpress\/ -->\n<title>Pover\u017el\u0117 NX - 9R5429 | Gera kaina | Greitas pristatymas | Eska dalys<\/title>\n<meta name=\"description\" content=\"Pover\u017el\u0117 NX - 9R5429 Matmenys: I\u0161orinis skersmuo:120mm, Vidinis skersmuo:67, 3mm, Storis: 3 mm, Tinka: CAT, Ekskavatorius krautuvas, 420E, 422E, 424D, 426B, 426C, 428B, 428C, 428D, 428E, 430D, 430E, 432D, 432E, 434E, 436C, 438B, 438C, 438D, 442D, 442E, 444E, 446, 446B, 446D, 450E, 450F\" \/>\n<meta name=\"robots\" content=\"index, follow, max-snippet:-1, max-image-preview:large, max-video-preview:-1\" \/>\n<link rel=\"canonical\" href=\"https:\/\/eskadalys.lt\/da\/produkt-da\/underside-nx-2\/\" \/>\n<meta property=\"og:locale\" content=\"da_DK\" \/>\n<meta property=\"og:type\" content=\"article\" \/>\n<meta property=\"og:title\" content=\"Pover\u017el\u0117 NX - 9R5429 | Gera kaina | Greitas pristatymas | Eska dalys\" \/>\n<meta property=\"og:description\" content=\"Pover\u017el\u0117 NX - 9R5429 Matmenys: I\u0161orinis skersmuo:120mm, Vidinis skersmuo:67, 3mm, Storis: 3 mm, Tinka: CAT, Ekskavatorius krautuvas, 420E, 422E, 424D, 426B, 426C, 428B, 428C, 428D, 428E, 430D, 430E, 432D, 432E, 434E, 436C, 438B, 438C, 438D, 442D, 442E, 444E, 446, 446B, 446D, 450E, 450F\" \/>\n<meta property=\"og:url\" content=\"https:\/\/eskadalys.lt\/da\/produkt-da\/underside-nx-2\/\" \/>\n<meta property=\"og:site_name\" content=\"Eska dalys\" \/>\n<meta property=\"article:publisher\" content=\"https:\/\/www.facebook.com\/profile.php?id=61556005720456\" \/>\n<meta property=\"article:modified_time\" content=\"2026-05-10T03:44:32+00:00\" \/>\n<meta property=\"og:image\" content=\"https:\/\/eskadalys.lt\/wp-content\/uploads\/2024\/02\/podkladka-dystansowa-gornego-sworznia-cat-koparko-ladowarka-1760626.jpg?v=1714892385\" \/>\n\t<meta property=\"og:image:width\" content=\"800\" \/>\n\t<meta property=\"og:image:height\" content=\"800\" \/>\n\t<meta property=\"og:image:type\" content=\"image\/jpeg\" \/>\n<script type=\"application\/ld+json\" class=\"yoast-schema-graph\">{\"@context\":\"https:\\\/\\\/schema.org\",\"@graph\":[{\"@type\":\"WebPage\",\"@id\":\"https:\\\/\\\/eskadalys.lt\\\/product\\\/poverzle-nx-2\\\/\",\"url\":\"https:\\\/\\\/eskadalys.lt\\\/product\\\/poverzle-nx-2\\\/\",\"name\":\"Pover\u017el\u0117 NX - 9R5429 | Gera kaina | Greitas pristatymas | Eska dalys\",\"isPartOf\":{\"@id\":\"https:\\\/\\\/eskadalys.lt\\\/#website\"},\"primaryImageOfPage\":{\"@id\":\"https:\\\/\\\/eskadalys.lt\\\/product\\\/poverzle-nx-2\\\/#primaryimage\"},\"image\":{\"@id\":\"https:\\\/\\\/eskadalys.lt\\\/product\\\/poverzle-nx-2\\\/#primaryimage\"},\"thumbnailUrl\":\"https:\\\/\\\/eskadalys.lt\\\/wp-content\\\/uploads\\\/2024\\\/02\\\/podkladka-dystansowa-gornego-sworznia-cat-koparko-ladowarka-1760626.jpg?v=1714892385\",\"datePublished\":\"2024-02-10T22:53:33+00:00\",\"dateModified\":\"2026-05-10T03:44:32+00:00\",\"description\":\"Pover\u017el\u0117 NX - 9R5429 Matmenys: I\u0161orinis skersmuo:120mm, Vidinis skersmuo:67, 3mm, Storis: 3 mm, Tinka: CAT, Ekskavatorius krautuvas, 420E, 422E, 424D, 426B, 426C, 428B, 428C, 428D, 428E, 430D, 430E, 432D, 432E, 434E, 436C, 438B, 438C, 438D, 442D, 442E, 444E, 446, 446B, 446D, 450E, 450F\",\"breadcrumb\":{\"@id\":\"https:\\\/\\\/eskadalys.lt\\\/product\\\/poverzle-nx-2\\\/#breadcrumb\"},\"inLanguage\":\"da-DK\",\"potentialAction\":[{\"@type\":\"ReadAction\",\"target\":[\"https:\\\/\\\/eskadalys.lt\\\/product\\\/poverzle-nx-2\\\/\"]}]},{\"@type\":\"ImageObject\",\"inLanguage\":\"da-DK\",\"@id\":\"https:\\\/\\\/eskadalys.lt\\\/product\\\/poverzle-nx-2\\\/#primaryimage\",\"url\":\"https:\\\/\\\/eskadalys.lt\\\/wp-content\\\/uploads\\\/2024\\\/02\\\/podkladka-dystansowa-gornego-sworznia-cat-koparko-ladowarka-1760626.jpg?v=1714892385\",\"contentUrl\":\"https:\\\/\\\/eskadalys.lt\\\/wp-content\\\/uploads\\\/2024\\\/02\\\/podkladka-dystansowa-gornego-sworznia-cat-koparko-ladowarka-1760626.jpg?v=1714892385\",\"width\":800,\"height\":800},{\"@type\":\"BreadcrumbList\",\"@id\":\"https:\\\/\\\/eskadalys.lt\\\/product\\\/poverzle-nx-2\\\/#breadcrumb\",\"itemListElement\":[{\"@type\":\"ListItem\",\"position\":1,\"name\":\"Strona g\u0142\u00f3wna\",\"item\":\"https:\\\/\\\/eskadalys.lt\\\/\"},{\"@type\":\"ListItem\",\"position\":2,\"name\":\"E-parduotuv\u0117\",\"item\":\"https:\\\/\\\/eskadalys.lt\\\/e-parduotuve\\\/\"},{\"@type\":\"ListItem\",\"position\":3,\"name\":\"Pover\u017el\u0117 NX &#8211; 9R5429\"}]},{\"@type\":\"WebSite\",\"@id\":\"https:\\\/\\\/eskadalys.lt\\\/#website\",\"url\":\"https:\\\/\\\/eskadalys.lt\\\/\",\"name\":\"Eska dalys\",\"description\":\"Ekskavatori\u0173 \\\/ mini ekskavatori\u0173 \\\/ buldozeri\u0173 dalys\",\"publisher\":{\"@id\":\"https:\\\/\\\/eskadalys.lt\\\/#organization\"},\"potentialAction\":[{\"@type\":\"SearchAction\",\"target\":{\"@type\":\"EntryPoint\",\"urlTemplate\":\"https:\\\/\\\/eskadalys.lt\\\/?s={search_term_string}\"},\"query-input\":{\"@type\":\"PropertyValueSpecification\",\"valueRequired\":true,\"valueName\":\"search_term_string\"}}],\"inLanguage\":\"da-DK\"},{\"@type\":\"Organization\",\"@id\":\"https:\\\/\\\/eskadalys.lt\\\/#organization\",\"name\":\"Eska dalys\",\"url\":\"https:\\\/\\\/eskadalys.lt\\\/\",\"logo\":{\"@type\":\"ImageObject\",\"inLanguage\":\"da-DK\",\"@id\":\"https:\\\/\\\/eskadalys.lt\\\/#\\\/schema\\\/logo\\\/image\\\/\",\"url\":\"https:\\\/\\\/eskadalys.lt\\\/wp-content\\\/uploads\\\/2024\\\/01\\\/LOGO-ESKA-FINAL.svg\",\"contentUrl\":\"https:\\\/\\\/eskadalys.lt\\\/wp-content\\\/uploads\\\/2024\\\/01\\\/LOGO-ESKA-FINAL.svg\",\"width\":259,\"height\":201,\"caption\":\"Eska dalys\"},\"image\":{\"@id\":\"https:\\\/\\\/eskadalys.lt\\\/#\\\/schema\\\/logo\\\/image\\\/\"},\"sameAs\":[\"https:\\\/\\\/www.facebook.com\\\/profile.php?id=61556005720456\"]}]}<\/script>\n<!-- \/ Yoast SEO plugin. -->","yoast_head_json":{"title":"Vaskemaskine NX - 9R5429 | God pris | Hurtig levering | Eska reservedele","description":"Vaskemaskine NX - 9R5429 Dimensioner: Ydre diameter: 120 mm, Indvendig diameter: 67,3 mm, Tykkelse: 3 mm, Passer til: CAT, Rendegraver, 420E, 422E, 424D, 426B, 426C, 428B, 428C, 428D, 428E, 430D, 430E, 432D, 432E, 434E, 436C, 438B, 438C, 438D, 442D, 442E, 444E, 446, 446B, 446D, 450E, 450F","robots":{"index":"index","follow":"follow","max-snippet":"max-snippet:-1","max-image-preview":"max-image-preview:large","max-video-preview":"max-video-preview:-1"},"canonical":"https:\/\/eskadalys.lt\/da\/produkt-da\/underside-nx-2\/","og_locale":"da_DK","og_type":"article","og_title":"Pover\u017el\u0117 NX - 9R5429 | Gera kaina | Greitas pristatymas | Eska dalys","og_description":"Pover\u017el\u0117 NX - 9R5429 Matmenys: I\u0161orinis skersmuo:120mm, Vidinis skersmuo:67, 3mm, Storis: 3 mm, Tinka: CAT, Ekskavatorius krautuvas, 420E, 422E, 424D, 426B, 426C, 428B, 428C, 428D, 428E, 430D, 430E, 432D, 432E, 434E, 436C, 438B, 438C, 438D, 442D, 442E, 444E, 446, 446B, 446D, 450E, 450F","og_url":"https:\/\/eskadalys.lt\/da\/produkt-da\/underside-nx-2\/","og_site_name":"Eska dalys","article_publisher":"https:\/\/www.facebook.com\/profile.php?id=61556005720456","article_modified_time":"2026-05-10T03:44:32+00:00","og_image":[{"width":800,"height":800,"url":"https:\/\/eskadalys.lt\/wp-content\/uploads\/2024\/02\/podkladka-dystansowa-gornego-sworznia-cat-koparko-ladowarka-1760626.jpg?v=1714892385","type":"image\/jpeg"}],"schema":{"@context":"https:\/\/schema.org","@graph":[{"@type":"WebPage","@id":"https:\/\/eskadalys.lt\/product\/poverzle-nx-2\/","url":"https:\/\/eskadalys.lt\/product\/poverzle-nx-2\/","name":"Vaskemaskine NX - 9R5429 | God pris | Hurtig levering | Eska reservedele","isPartOf":{"@id":"https:\/\/eskadalys.lt\/#website"},"primaryImageOfPage":{"@id":"https:\/\/eskadalys.lt\/product\/poverzle-nx-2\/#primaryimage"},"image":{"@id":"https:\/\/eskadalys.lt\/product\/poverzle-nx-2\/#primaryimage"},"thumbnailUrl":"https:\/\/eskadalys.lt\/wp-content\/uploads\/2024\/02\/podkladka-dystansowa-gornego-sworznia-cat-koparko-ladowarka-1760626.jpg?v=1714892385","datePublished":"2024-02-10T22:53:33+00:00","dateModified":"2026-05-10T03:44:32+00:00","description":"Vaskemaskine NX - 9R5429 Dimensioner: Ydre diameter: 120 mm, Indvendig diameter: 67,3 mm, Tykkelse: 3 mm, Passer til: CAT, Rendegraver, 420E, 422E, 424D, 426B, 426C, 428B, 428C, 428D, 428E, 430D, 430E, 432D, 432E, 434E, 436C, 438B, 438C, 438D, 442D, 442E, 444E, 446, 446B, 446D, 450E, 450F","breadcrumb":{"@id":"https:\/\/eskadalys.lt\/product\/poverzle-nx-2\/#breadcrumb"},"inLanguage":"da-DK","potentialAction":[{"@type":"ReadAction","target":["https:\/\/eskadalys.lt\/product\/poverzle-nx-2\/"]}]},{"@type":"ImageObject","inLanguage":"da-DK","@id":"https:\/\/eskadalys.lt\/product\/poverzle-nx-2\/#primaryimage","url":"https:\/\/eskadalys.lt\/wp-content\/uploads\/2024\/02\/podkladka-dystansowa-gornego-sworznia-cat-koparko-ladowarka-1760626.jpg?v=1714892385","contentUrl":"https:\/\/eskadalys.lt\/wp-content\/uploads\/2024\/02\/podkladka-dystansowa-gornego-sworznia-cat-koparko-ladowarka-1760626.jpg?v=1714892385","width":800,"height":800},{"@type":"BreadcrumbList","@id":"https:\/\/eskadalys.lt\/product\/poverzle-nx-2\/#breadcrumb","itemListElement":[{"@type":"ListItem","position":1,"name":"Strona g\u0142\u00f3wna","item":"https:\/\/eskadalys.lt\/"},{"@type":"ListItem","position":2,"name":"E-parduotuv\u0117","item":"https:\/\/eskadalys.lt\/e-parduotuve\/"},{"@type":"ListItem","position":3,"name":"Pover\u017el\u0117 NX &#8211; 9R5429"}]},{"@type":"WebSite","@id":"https:\/\/eskadalys.lt\/#website","url":"https:\/\/eskadalys.lt\/","name":"Eska parts","description":"Reservedele til gravemaskine\/minigraver\/bulldozer","publisher":{"@id":"https:\/\/eskadalys.lt\/#organization"},"potentialAction":[{"@type":"SearchAction","target":{"@type":"EntryPoint","urlTemplate":"https:\/\/eskadalys.lt\/?s={search_term_string}"},"query-input":{"@type":"PropertyValueSpecification","valueRequired":true,"valueName":"search_term_string"}}],"inLanguage":"da-DK"},{"@type":"Organization","@id":"https:\/\/eskadalys.lt\/#organization","name":"Eska parts","url":"https:\/\/eskadalys.lt\/","logo":{"@type":"ImageObject","inLanguage":"da-DK","@id":"https:\/\/eskadalys.lt\/#\/schema\/logo\/image\/","url":"https:\/\/eskadalys.lt\/wp-content\/uploads\/2024\/01\/LOGO-ESKA-FINAL.svg","contentUrl":"https:\/\/eskadalys.lt\/wp-content\/uploads\/2024\/01\/LOGO-ESKA-FINAL.svg","width":259,"height":201,"caption":"Eska dalys"},"image":{"@id":"https:\/\/eskadalys.lt\/#\/schema\/logo\/image\/"},"sameAs":["https:\/\/www.facebook.com\/profile.php?id=61556005720456"]}]}},"_links":{"self":[{"href":"https:\/\/eskadalys.lt\/da\/wp-json\/wp\/v2\/product\/1348","targetHints":{"allow":["GET"]}}],"collection":[{"href":"https:\/\/eskadalys.lt\/da\/wp-json\/wp\/v2\/product"}],"about":[{"href":"https:\/\/eskadalys.lt\/da\/wp-json\/wp\/v2\/types\/product"}],"wp:featuredmedia":[{"embeddable":true,"href":"https:\/\/eskadalys.lt\/da\/wp-json\/wp\/v2\/media\/113500"}],"wp:attachment":[{"href":"https:\/\/eskadalys.lt\/da\/wp-json\/wp\/v2\/media?parent=1348"}],"wp:term":[{"taxonomy":"product_brand","embeddable":true,"href":"https:\/\/eskadalys.lt\/da\/wp-json\/wp\/v2\/product_brand?post=1348"},{"taxonomy":"product_cat","embeddable":true,"href":"https:\/\/eskadalys.lt\/da\/wp-json\/wp\/v2\/product_cat?post=1348"},{"taxonomy":"product_tag","embeddable":true,"href":"https:\/\/eskadalys.lt\/da\/wp-json\/wp\/v2\/product_tag?post=1348"}],"curies":[{"name":"wp","href":"https:\/\/api.w.org\/{rel}","templated":true}]}}