{"id":118442,"date":"2025-09-01T11:09:41","date_gmt":"2025-09-01T08:09:41","guid":{"rendered":"https:\/\/eskadalys.lt\/?post_type=product&#038;p=118442"},"modified":"2025-09-01T15:03:18","modified_gmt":"2025-09-01T12:03:18","slug":"boom-bundpladesaet-til-cat-gravemaskine","status":"publish","type":"product","link":"https:\/\/eskadalys.lt\/da\/product\/streles-slydimo-ploksteliu-kompl-cat-ekskavatoriui-krautuvui\/","title":{"rendered":"Bom-bundplades\u00e6t LONG LIFE CAT Til gravemaskine"},"content":{"rendered":"<p><strong>Glideplade LONG LIFE Polyamid KAT \u2013 3199668, <b>3199667<\/b><\/strong><\/p>\n<p><strong>Velegnet til:<\/strong> KAT, rendegraver, <strong>422E, 422F, 428E, 428F, 432E, 432F, 434E, 434F, 442E, 444E, 444F<\/strong><\/p>\n<p>&nbsp;<\/p>\n<p><b>3199668 x 4 stk.<\/b><\/p>\n<p><b>3199667 x 4 stk.<\/b><\/p>\n<p>&nbsp;<\/p>\n<p><strong>Funktioner<\/strong>:<\/p>\n<p>\u2013 slidst\u00e6rk,<\/p>\n<p>\u2013 lav friktionskoefficient,<\/p>\n<p>\u2013 gode glideegenskaber,<\/p>\n<p>\u2013 dimensionsstabilitet under store temperatur\u00e6ndringer,<\/p>\n<p>\u2013 vibrationsd\u00e6mpning,<\/p>\n<p>\u2013 meget h\u00f8j slagfasthed selv ved lave temperaturer,<\/p>\n<p>\u2013 god resistens over for kemikalier, f.eks. olier, fedtstoffer, benzin osv.<\/p>\n<p>Glideelementer er lavet af <strong>polyamid<\/strong>.<\/p>\n<p>&nbsp;<\/p>\n<p>&nbsp;<\/p>\n<p>319-9668 , 319-9667<\/p>\n<p>&nbsp;<\/p>\n<h3>\ud83d\udd0d Leder efter et andet produkt fra kategorien <a href=\"https:\/\/eskadalys.lt\/da\/produktkategori-da\/beskyttelsesplader\/bombeskyttelsesplader\/\">Boom-beskyttelsesplader<\/a> ?<\/h3>\n<h3>\ud83d\udee0\ufe0f Reservedele til entrepren\u00f8rmaskiner - du kan finde flere af dem <a href=\"https:\/\/eskadalys.lt\/da\/produktkategori-da\/beskyttelsesplader\/\">Glideplader<\/a> i kategorien.<\/h3>\n<p>Hvis du er usikker p\u00e5, om denne del passer til din maskine, <strong>Send os venligst k\u00f8ret\u00f8jets serienummer (VIN) inden k\u00f8b.<\/strong>. Vi vil kontrollere kompatibiliteten ved hj\u00e6lp af katalogerne og <strong>Vi tilbyder den rigtige del<\/strong>. Hvis du ikke kan finde den del, du har brug for, s\u00e5 skriv til os - vi hj\u00e6lper dig med at finde den!<\/p>\n<p><strong>\ud83d\udce6 Lager i Litauen<\/strong> \u2013 ordrer afgivet f\u00f8r kl. 14.00 afsendes samme dag.<\/p>\n<p><strong>\ud83d\ude80 Hurtig levering<\/strong> \u2013 bestilte varer, som vi ikke har p\u00e5 lager i \u00f8jeblikket, leveres inden for 3-4 hverdage.<\/p>\n<p><strong>\ud83d\udcc8 Bredt udvalg<\/strong> \u2013 vi udvider l\u00f8bende vores produktudvalg.<\/p>","protected":false},"excerpt":{"rendered":"<p>3199667, 3199668<\/p>","protected":false},"featured_media":118443,"template":"","meta":{"site-sidebar-layout":"default","site-content-layout":"","ast-site-content-layout":"default","site-content-style":"default","site-sidebar-style":"default","ast-global-header-display":"","ast-banner-title-visibility":"","ast-main-header-display":"","ast-hfb-above-header-display":"","ast-hfb-below-header-display":"","ast-hfb-mobile-header-display":"","site-post-title":"","ast-breadcrumbs-content":"","ast-featured-img":"","footer-sml-layout":"","ast-disable-related-posts":"","theme-transparent-header-meta":"default","adv-header-id-meta":"","stick-header-meta":"","header-above-stick-meta":"","header-main-stick-meta":"","header-below-stick-meta":"","astra-migrate-meta-layouts":"set","ast-page-background-enabled":"default","ast-page-background-meta":{"desktop":{"background-color":"","background-image":"","background-repeat":"repeat","background-position":"center center","background-size":"auto","background-attachment":"scroll","background-type":"","background-media":"","overlay-type":"","overlay-color":"","overlay-opacity":"","overlay-gradient":""},"tablet":{"background-color":"","background-image":"","background-repeat":"repeat","background-position":"center center","background-size":"auto","background-attachment":"scroll","background-type":"","background-media":"","overlay-type":"","overlay-color":"","overlay-opacity":"","overlay-gradient":""},"mobile":{"background-color":"","background-image":"","background-repeat":"repeat","background-position":"center center","background-size":"auto","background-attachment":"scroll","background-type":"","background-media":"","overlay-type":"","overlay-color":"","overlay-opacity":"","overlay-gradient":""}},"ast-content-background-meta":{"desktop":{"background-color":"var(--ast-global-color-5)","background-image":"","background-repeat":"repeat","background-position":"center center","background-size":"auto","background-attachment":"scroll","background-type":"","background-media":"","overlay-type":"","overlay-color":"","overlay-opacity":"","overlay-gradient":""},"tablet":{"background-color":"var(--ast-global-color-5)","background-image":"","background-repeat":"repeat","background-position":"center center","background-size":"auto","background-attachment":"scroll","background-type":"","background-media":"","overlay-type":"","overlay-color":"","overlay-opacity":"","overlay-gradient":""},"mobile":{"background-color":"var(--ast-global-color-5)","background-image":"","background-repeat":"repeat","background-position":"center center","background-size":"auto","background-attachment":"scroll","background-type":"","background-media":"","overlay-type":"","overlay-color":"","overlay-opacity":"","overlay-gradient":""}}},"product_brand":[],"product_cat":[842],"product_tag":[49527,49572,49462,49573,49464,49636,49471,49664,49539,49540,49663,43030,47753],"class_list":{"0":"post-118442","1":"product","2":"type-product","3":"status-publish","4":"has-post-thumbnail","6":"product_cat-streles-slydimo-ploksteles","7":"product_tag-422e","8":"product_tag-422f","9":"product_tag-428e","10":"product_tag-428f","11":"product_tag-432e","12":"product_tag-432f","13":"product_tag-434e","14":"product_tag-434f","15":"product_tag-442e","16":"product_tag-444e","17":"product_tag-444f","18":"product_tag-cat","19":"product_tag-ekskavatorius-krautuvas","20":"desktop-align-left","21":"tablet-align-left","22":"mobile-align-left","24":"first","25":"instock","26":"sale","27":"taxable","28":"shipping-taxable","29":"purchasable","30":"product-type-woosb"},"yoast_head":"<!-- This site is optimized with the Yoast SEO plugin v27.4 - https:\/\/yoast.com\/product\/yoast-seo-wordpress\/ -->\n<title>Strel\u0117s slydimo plok\u0161teli\u0173 LONG LIFE kompl. CAT Ekskavatoriui krautuvui | Gera kaina | Greitas pristatymas | Eska dalys<\/title>\n<meta name=\"description\" content=\"Strel\u0117s slydimo plok\u0161teli\u0173 LONG LIFE kompl. 3199668, 3199667 CAT Ekskavatoriui krautuvui. Tinka: CAT, Ekskavatorius krautuvas, 422E, 422F, 428E, 428F, 432E, 432F, 434E, 442E, 444E, 444F, 434F\" \/>\n<meta name=\"robots\" content=\"index, follow, max-snippet:-1, max-image-preview:large, max-video-preview:-1\" \/>\n<link rel=\"canonical\" href=\"https:\/\/eskadalys.lt\/da\/produkt-da\/boom-bundpladesaet-til-cat-gravemaskine\/\" \/>\n<meta property=\"og:locale\" content=\"da_DK\" \/>\n<meta property=\"og:type\" content=\"article\" \/>\n<meta property=\"og:title\" content=\"Strel\u0117s slydimo plok\u0161teli\u0173 LONG LIFE kompl. CAT Ekskavatoriui krautuvui | Gera kaina | Greitas pristatymas | Eska dalys\" \/>\n<meta property=\"og:description\" content=\"Strel\u0117s slydimo plok\u0161teli\u0173 LONG LIFE kompl. 3199668, 3199667 CAT Ekskavatoriui krautuvui. Tinka: CAT, Ekskavatorius krautuvas, 422E, 422F, 428E, 428F, 432E, 432F, 434E, 442E, 444E, 444F, 434F\" \/>\n<meta property=\"og:url\" content=\"https:\/\/eskadalys.lt\/da\/produkt-da\/boom-bundpladesaet-til-cat-gravemaskine\/\" \/>\n<meta property=\"og:site_name\" content=\"Eska dalys\" \/>\n<meta property=\"article:publisher\" content=\"https:\/\/www.facebook.com\/profile.php?id=61556005720456\" \/>\n<meta property=\"article:modified_time\" content=\"2025-09-01T12:03:18+00:00\" \/>\n<meta property=\"og:image\" content=\"https:\/\/eskadalys.lt\/wp-content\/uploads\/2025\/09\/komplet-slizgow-wysuwu-ramienia-cat-koparko-ladwarka-long-life-3199668-3199667.jpg?v=1756714683\" \/>\n\t<meta property=\"og:image:width\" content=\"458\" \/>\n\t<meta property=\"og:image:height\" content=\"458\" \/>\n\t<meta property=\"og:image:type\" content=\"image\/jpeg\" \/>\n<script type=\"application\/ld+json\" class=\"yoast-schema-graph\">{\"@context\":\"https:\\\/\\\/schema.org\",\"@graph\":[{\"@type\":\"WebPage\",\"@id\":\"https:\\\/\\\/eskadalys.lt\\\/product\\\/streles-slydimo-ploksteliu-kompl-cat-ekskavatoriui-krautuvui\\\/\",\"url\":\"https:\\\/\\\/eskadalys.lt\\\/product\\\/streles-slydimo-ploksteliu-kompl-cat-ekskavatoriui-krautuvui\\\/\",\"name\":\"Strel\u0117s slydimo plok\u0161teli\u0173 LONG LIFE kompl. CAT Ekskavatoriui krautuvui | Gera kaina | Greitas pristatymas | Eska dalys\",\"isPartOf\":{\"@id\":\"https:\\\/\\\/eskadalys.lt\\\/#website\"},\"primaryImageOfPage\":{\"@id\":\"https:\\\/\\\/eskadalys.lt\\\/product\\\/streles-slydimo-ploksteliu-kompl-cat-ekskavatoriui-krautuvui\\\/#primaryimage\"},\"image\":{\"@id\":\"https:\\\/\\\/eskadalys.lt\\\/product\\\/streles-slydimo-ploksteliu-kompl-cat-ekskavatoriui-krautuvui\\\/#primaryimage\"},\"thumbnailUrl\":\"https:\\\/\\\/eskadalys.lt\\\/wp-content\\\/uploads\\\/2025\\\/09\\\/komplet-slizgow-wysuwu-ramienia-cat-koparko-ladwarka-long-life-3199668-3199667.jpg?v=1756714683\",\"datePublished\":\"2025-09-01T08:09:41+00:00\",\"dateModified\":\"2025-09-01T12:03:18+00:00\",\"description\":\"Strel\u0117s slydimo plok\u0161teli\u0173 LONG LIFE kompl. 3199668, 3199667 CAT Ekskavatoriui krautuvui. Tinka: CAT, Ekskavatorius krautuvas, 422E, 422F, 428E, 428F, 432E, 432F, 434E, 442E, 444E, 444F, 434F\",\"breadcrumb\":{\"@id\":\"https:\\\/\\\/eskadalys.lt\\\/product\\\/streles-slydimo-ploksteliu-kompl-cat-ekskavatoriui-krautuvui\\\/#breadcrumb\"},\"inLanguage\":\"da-DK\",\"potentialAction\":[{\"@type\":\"ReadAction\",\"target\":[\"https:\\\/\\\/eskadalys.lt\\\/product\\\/streles-slydimo-ploksteliu-kompl-cat-ekskavatoriui-krautuvui\\\/\"]}]},{\"@type\":\"ImageObject\",\"inLanguage\":\"da-DK\",\"@id\":\"https:\\\/\\\/eskadalys.lt\\\/product\\\/streles-slydimo-ploksteliu-kompl-cat-ekskavatoriui-krautuvui\\\/#primaryimage\",\"url\":\"https:\\\/\\\/eskadalys.lt\\\/wp-content\\\/uploads\\\/2025\\\/09\\\/komplet-slizgow-wysuwu-ramienia-cat-koparko-ladwarka-long-life-3199668-3199667.jpg?v=1756714683\",\"contentUrl\":\"https:\\\/\\\/eskadalys.lt\\\/wp-content\\\/uploads\\\/2025\\\/09\\\/komplet-slizgow-wysuwu-ramienia-cat-koparko-ladwarka-long-life-3199668-3199667.jpg?v=1756714683\",\"width\":458,\"height\":458},{\"@type\":\"BreadcrumbList\",\"@id\":\"https:\\\/\\\/eskadalys.lt\\\/product\\\/streles-slydimo-ploksteliu-kompl-cat-ekskavatoriui-krautuvui\\\/#breadcrumb\",\"itemListElement\":[{\"@type\":\"ListItem\",\"position\":1,\"name\":\"Strona g\u0142\u00f3wna\",\"item\":\"https:\\\/\\\/eskadalys.lt\\\/\"},{\"@type\":\"ListItem\",\"position\":2,\"name\":\"E-parduotuv\u0117\",\"item\":\"https:\\\/\\\/eskadalys.lt\\\/e-parduotuve\\\/\"},{\"@type\":\"ListItem\",\"position\":3,\"name\":\"Strel\u0117s slydimo plok\u0161teli\u0173 LONG LIFE kompl. CAT Ekskavatoriui krautuvui\"}]},{\"@type\":\"WebSite\",\"@id\":\"https:\\\/\\\/eskadalys.lt\\\/#website\",\"url\":\"https:\\\/\\\/eskadalys.lt\\\/\",\"name\":\"Eska dalys\",\"description\":\"Ekskavatori\u0173 \\\/ mini ekskavatori\u0173 \\\/ buldozeri\u0173 dalys\",\"publisher\":{\"@id\":\"https:\\\/\\\/eskadalys.lt\\\/#organization\"},\"potentialAction\":[{\"@type\":\"SearchAction\",\"target\":{\"@type\":\"EntryPoint\",\"urlTemplate\":\"https:\\\/\\\/eskadalys.lt\\\/?s={search_term_string}\"},\"query-input\":{\"@type\":\"PropertyValueSpecification\",\"valueRequired\":true,\"valueName\":\"search_term_string\"}}],\"inLanguage\":\"da-DK\"},{\"@type\":\"Organization\",\"@id\":\"https:\\\/\\\/eskadalys.lt\\\/#organization\",\"name\":\"Eska dalys\",\"url\":\"https:\\\/\\\/eskadalys.lt\\\/\",\"logo\":{\"@type\":\"ImageObject\",\"inLanguage\":\"da-DK\",\"@id\":\"https:\\\/\\\/eskadalys.lt\\\/#\\\/schema\\\/logo\\\/image\\\/\",\"url\":\"https:\\\/\\\/eskadalys.lt\\\/wp-content\\\/uploads\\\/2024\\\/01\\\/LOGO-ESKA-FINAL.svg\",\"contentUrl\":\"https:\\\/\\\/eskadalys.lt\\\/wp-content\\\/uploads\\\/2024\\\/01\\\/LOGO-ESKA-FINAL.svg\",\"width\":259,\"height\":201,\"caption\":\"Eska dalys\"},\"image\":{\"@id\":\"https:\\\/\\\/eskadalys.lt\\\/#\\\/schema\\\/logo\\\/image\\\/\"},\"sameAs\":[\"https:\\\/\\\/www.facebook.com\\\/profile.php?id=61556005720456\"]}]}<\/script>\n<!-- \/ Yoast SEO plugin. -->","yoast_head_json":{"title":"Bombeskyttelsesplader LONG LIFE-s\u00e6t. CAT Rendegraver | God pris | Hurtig levering | Eska reservedele","description":"Bombeskyttelsesplader LONG LIFE-s\u00e6t. 3199668, 3199667 CAT rendegraver. Passer til: CAT, Rendegraver, 422E, 422F, 428E, 428F, 432E, 432F, 434E, 442E, 444E, 444F, 434F","robots":{"index":"index","follow":"follow","max-snippet":"max-snippet:-1","max-image-preview":"max-image-preview:large","max-video-preview":"max-video-preview:-1"},"canonical":"https:\/\/eskadalys.lt\/da\/produkt-da\/boom-bundpladesaet-til-cat-gravemaskine\/","og_locale":"da_DK","og_type":"article","og_title":"Strel\u0117s slydimo plok\u0161teli\u0173 LONG LIFE kompl. CAT Ekskavatoriui krautuvui | Gera kaina | Greitas pristatymas | Eska dalys","og_description":"Strel\u0117s slydimo plok\u0161teli\u0173 LONG LIFE kompl. 3199668, 3199667 CAT Ekskavatoriui krautuvui. Tinka: CAT, Ekskavatorius krautuvas, 422E, 422F, 428E, 428F, 432E, 432F, 434E, 442E, 444E, 444F, 434F","og_url":"https:\/\/eskadalys.lt\/da\/produkt-da\/boom-bundpladesaet-til-cat-gravemaskine\/","og_site_name":"Eska dalys","article_publisher":"https:\/\/www.facebook.com\/profile.php?id=61556005720456","article_modified_time":"2025-09-01T12:03:18+00:00","og_image":[{"width":458,"height":458,"url":"https:\/\/eskadalys.lt\/wp-content\/uploads\/2025\/09\/komplet-slizgow-wysuwu-ramienia-cat-koparko-ladwarka-long-life-3199668-3199667.jpg?v=1756714683","type":"image\/jpeg"}],"schema":{"@context":"https:\/\/schema.org","@graph":[{"@type":"WebPage","@id":"https:\/\/eskadalys.lt\/product\/streles-slydimo-ploksteliu-kompl-cat-ekskavatoriui-krautuvui\/","url":"https:\/\/eskadalys.lt\/product\/streles-slydimo-ploksteliu-kompl-cat-ekskavatoriui-krautuvui\/","name":"Bombeskyttelsesplader LONG LIFE-s\u00e6t. CAT Rendegraver | God pris | Hurtig levering | Eska reservedele","isPartOf":{"@id":"https:\/\/eskadalys.lt\/#website"},"primaryImageOfPage":{"@id":"https:\/\/eskadalys.lt\/product\/streles-slydimo-ploksteliu-kompl-cat-ekskavatoriui-krautuvui\/#primaryimage"},"image":{"@id":"https:\/\/eskadalys.lt\/product\/streles-slydimo-ploksteliu-kompl-cat-ekskavatoriui-krautuvui\/#primaryimage"},"thumbnailUrl":"https:\/\/eskadalys.lt\/wp-content\/uploads\/2025\/09\/komplet-slizgow-wysuwu-ramienia-cat-koparko-ladwarka-long-life-3199668-3199667.jpg?v=1756714683","datePublished":"2025-09-01T08:09:41+00:00","dateModified":"2025-09-01T12:03:18+00:00","description":"Bombeskyttelsesplader LONG LIFE-s\u00e6t. 3199668, 3199667 CAT rendegraver. Passer til: CAT, Rendegraver, 422E, 422F, 428E, 428F, 432E, 432F, 434E, 442E, 444E, 444F, 434F","breadcrumb":{"@id":"https:\/\/eskadalys.lt\/product\/streles-slydimo-ploksteliu-kompl-cat-ekskavatoriui-krautuvui\/#breadcrumb"},"inLanguage":"da-DK","potentialAction":[{"@type":"ReadAction","target":["https:\/\/eskadalys.lt\/product\/streles-slydimo-ploksteliu-kompl-cat-ekskavatoriui-krautuvui\/"]}]},{"@type":"ImageObject","inLanguage":"da-DK","@id":"https:\/\/eskadalys.lt\/product\/streles-slydimo-ploksteliu-kompl-cat-ekskavatoriui-krautuvui\/#primaryimage","url":"https:\/\/eskadalys.lt\/wp-content\/uploads\/2025\/09\/komplet-slizgow-wysuwu-ramienia-cat-koparko-ladwarka-long-life-3199668-3199667.jpg?v=1756714683","contentUrl":"https:\/\/eskadalys.lt\/wp-content\/uploads\/2025\/09\/komplet-slizgow-wysuwu-ramienia-cat-koparko-ladwarka-long-life-3199668-3199667.jpg?v=1756714683","width":458,"height":458},{"@type":"BreadcrumbList","@id":"https:\/\/eskadalys.lt\/product\/streles-slydimo-ploksteliu-kompl-cat-ekskavatoriui-krautuvui\/#breadcrumb","itemListElement":[{"@type":"ListItem","position":1,"name":"Strona g\u0142\u00f3wna","item":"https:\/\/eskadalys.lt\/"},{"@type":"ListItem","position":2,"name":"E-parduotuv\u0117","item":"https:\/\/eskadalys.lt\/e-parduotuve\/"},{"@type":"ListItem","position":3,"name":"Strel\u0117s slydimo plok\u0161teli\u0173 LONG LIFE kompl. CAT Ekskavatoriui krautuvui"}]},{"@type":"WebSite","@id":"https:\/\/eskadalys.lt\/#website","url":"https:\/\/eskadalys.lt\/","name":"Eska parts","description":"Reservedele til gravemaskine\/minigraver\/bulldozer","publisher":{"@id":"https:\/\/eskadalys.lt\/#organization"},"potentialAction":[{"@type":"SearchAction","target":{"@type":"EntryPoint","urlTemplate":"https:\/\/eskadalys.lt\/?s={search_term_string}"},"query-input":{"@type":"PropertyValueSpecification","valueRequired":true,"valueName":"search_term_string"}}],"inLanguage":"da-DK"},{"@type":"Organization","@id":"https:\/\/eskadalys.lt\/#organization","name":"Eska parts","url":"https:\/\/eskadalys.lt\/","logo":{"@type":"ImageObject","inLanguage":"da-DK","@id":"https:\/\/eskadalys.lt\/#\/schema\/logo\/image\/","url":"https:\/\/eskadalys.lt\/wp-content\/uploads\/2024\/01\/LOGO-ESKA-FINAL.svg","contentUrl":"https:\/\/eskadalys.lt\/wp-content\/uploads\/2024\/01\/LOGO-ESKA-FINAL.svg","width":259,"height":201,"caption":"Eska dalys"},"image":{"@id":"https:\/\/eskadalys.lt\/#\/schema\/logo\/image\/"},"sameAs":["https:\/\/www.facebook.com\/profile.php?id=61556005720456"]}]}},"_links":{"self":[{"href":"https:\/\/eskadalys.lt\/da\/wp-json\/wp\/v2\/product\/118442","targetHints":{"allow":["GET"]}}],"collection":[{"href":"https:\/\/eskadalys.lt\/da\/wp-json\/wp\/v2\/product"}],"about":[{"href":"https:\/\/eskadalys.lt\/da\/wp-json\/wp\/v2\/types\/product"}],"wp:featuredmedia":[{"embeddable":true,"href":"https:\/\/eskadalys.lt\/da\/wp-json\/wp\/v2\/media\/118443"}],"wp:attachment":[{"href":"https:\/\/eskadalys.lt\/da\/wp-json\/wp\/v2\/media?parent=118442"}],"wp:term":[{"taxonomy":"product_brand","embeddable":true,"href":"https:\/\/eskadalys.lt\/da\/wp-json\/wp\/v2\/product_brand?post=118442"},{"taxonomy":"product_cat","embeddable":true,"href":"https:\/\/eskadalys.lt\/da\/wp-json\/wp\/v2\/product_cat?post=118442"},{"taxonomy":"product_tag","embeddable":true,"href":"https:\/\/eskadalys.lt\/da\/wp-json\/wp\/v2\/product_tag?post=118442"}],"curies":[{"name":"wp","href":"https:\/\/api.w.org\/{rel}","templated":true}]}}