{"id":1118,"date":"2024-02-11T00:34:07","date_gmt":"2024-02-10T22:34:07","guid":{"rendered":"https:\/\/eskadalys.lt\/?post_type=product&#038;p=1118"},"modified":"2026-04-22T16:28:25","modified_gmt":"2026-04-22T13:28:25","slug":"ivore-cva-31","status":"publish","type":"product","link":"https:\/\/eskadalys.lt\/da\/product\/ivore-cva-31\/","title":{"rendered":"B\u00f8sning CVA \u2013 829\/00548"},"content":{"rendered":"<p><strong>B\u00f8sning CVA \u2013 829\/00548<\/strong><br \/>\nMatmenys: Vidinis skersmuo: 50 mm, I\u0161orinis skersmuo: 60 mm, Auk\u0161tis: 64 mm,<\/p>\n<p><strong>Velegnet til:<\/strong> JCB, rendegraver, 3CX, 4CX<br \/>\n<strong>OE-numre::<\/strong> 50x60x64, 333\/S3339, 332\/T9338, 829\/00548 50x60x64<\/p>\n<h3>\ud83d\udd0d Leder efter et andet produkt fra kategorien <a href=\"https:\/\/eskadalys.lt\/da\/produktkategori-da\/stifter-elfenbenslejer\/elfenben\/\">B\u00f8sninger<\/a> ?<\/h3>\n<h3>\ud83d\udee0\ufe0f JCB-reservedele \u2013 du kan finde flere af dem <a href=\"https:\/\/eskadalys.lt\/da\/produktkategori-da\/stifter-elfenbenslejer\/\">Stifter \/ B\u00f8sninger \/ Lejer<\/a> i kategorien.<\/h3>\n<p>Hvis du er usikker p\u00e5, om denne del passer til din maskine, <strong>Send os venligst k\u00f8ret\u00f8jets serienummer (VIN) inden k\u00f8b.<\/strong>. Vi vil kontrollere kompatibiliteten ved hj\u00e6lp af katalogerne og <strong>Vi tilbyder den rigtige del<\/strong>. Hvis du ikke kan finde den del, du har brug for, s\u00e5 skriv til os - vi hj\u00e6lper dig med at finde den!<\/p>\n<p><strong>\ud83d\udce6 Lager i Litauen<\/strong> \u2013 ordrer afgivet f\u00f8r kl. 14.00 afsendes samme dag.<\/p>\n<p><strong>\ud83d\ude80 Hurtig levering<\/strong> \u2013 bestilte varer, som vi ikke har p\u00e5 lager i \u00f8jeblikket, leveres inden for 3-4 hverdage.<\/p>\n<p><strong>\ud83d\udcc8 Bredt udvalg<\/strong> \u2013 vi udvider l\u00f8bende vores produktudvalg.<\/p>","protected":false},"excerpt":{"rendered":"<p>829\/00548 CVA<\/p>","protected":false},"featured_media":94017,"template":"","meta":{"site-sidebar-layout":"default","site-content-layout":"","ast-site-content-layout":"default","site-content-style":"default","site-sidebar-style":"default","ast-global-header-display":"","ast-banner-title-visibility":"","ast-main-header-display":"","ast-hfb-above-header-display":"","ast-hfb-below-header-display":"","ast-hfb-mobile-header-display":"","site-post-title":"","ast-breadcrumbs-content":"","ast-featured-img":"","footer-sml-layout":"","ast-disable-related-posts":"","theme-transparent-header-meta":"default","adv-header-id-meta":"","stick-header-meta":"","header-above-stick-meta":"","header-main-stick-meta":"","header-below-stick-meta":"","astra-migrate-meta-layouts":"set","ast-page-background-enabled":"default","ast-page-background-meta":{"desktop":{"background-color":"","background-image":"","background-repeat":"repeat","background-position":"center center","background-size":"auto","background-attachment":"scroll","background-type":"","background-media":"","overlay-type":"","overlay-color":"","overlay-opacity":"","overlay-gradient":""},"tablet":{"background-color":"","background-image":"","background-repeat":"repeat","background-position":"center center","background-size":"auto","background-attachment":"scroll","background-type":"","background-media":"","overlay-type":"","overlay-color":"","overlay-opacity":"","overlay-gradient":""},"mobile":{"background-color":"","background-image":"","background-repeat":"repeat","background-position":"center center","background-size":"auto","background-attachment":"scroll","background-type":"","background-media":"","overlay-type":"","overlay-color":"","overlay-opacity":"","overlay-gradient":""}},"ast-content-background-meta":{"desktop":{"background-color":"var(--ast-global-color-5)","background-image":"","background-repeat":"repeat","background-position":"center center","background-size":"auto","background-attachment":"scroll","background-type":"","background-media":"","overlay-type":"","overlay-color":"","overlay-opacity":"","overlay-gradient":""},"tablet":{"background-color":"var(--ast-global-color-5)","background-image":"","background-repeat":"repeat","background-position":"center center","background-size":"auto","background-attachment":"scroll","background-type":"","background-media":"","overlay-type":"","overlay-color":"","overlay-opacity":"","overlay-gradient":""},"mobile":{"background-color":"var(--ast-global-color-5)","background-image":"","background-repeat":"repeat","background-position":"center center","background-size":"auto","background-attachment":"scroll","background-type":"","background-media":"","overlay-type":"","overlay-color":"","overlay-opacity":"","overlay-gradient":""}}},"product_brand":[],"product_cat":[768,50684],"product_tag":[50351,50350,47754,47755,50349,50352,47753,42907],"class_list":{"0":"post-1118","1":"product","2":"type-product","3":"status-publish","4":"has-post-thumbnail","6":"product_cat-ivores","7":"product_cat-ivores-pagal-ismatavimus","8":"product_tag-332-t9338","9":"product_tag-333-s3339","10":"product_tag-3cx","11":"product_tag-4cx","12":"product_tag-50x60x64","13":"product_tag-829-00548","14":"product_tag-ekskavatorius-krautuvas","15":"product_tag-jcb","16":"desktop-align-left","17":"tablet-align-left","18":"mobile-align-left","20":"first","21":"instock","22":"taxable","23":"shipping-taxable","24":"purchasable","25":"product-type-simple"},"yoast_head":"<!-- This site is optimized with the Yoast SEO plugin v27.4 - https:\/\/yoast.com\/product\/yoast-seo-wordpress\/ -->\n<title>\u012evor\u0117 CVA - 829\/00548 | Gera kaina | Greitas pristatymas | Eska dalys<\/title>\n<meta name=\"description\" content=\"\u012evor\u0117 - 829\/00548 Matmenys: Vidinis skersmuo: 50 mm, I\u0161orinis skersmuo: 60 mm, Auk\u0161tis: 64 mm, Tinka: JCB, Ekskavatorius krautuvas, 3CX, 4CX OE numeriai: 50x60x64, 333\/S3339, 332\/T9338, 829\/00548\" \/>\n<meta name=\"robots\" content=\"index, follow, max-snippet:-1, max-image-preview:large, max-video-preview:-1\" \/>\n<link rel=\"canonical\" href=\"https:\/\/eskadalys.lt\/da\/produkt-da\/ivore-cva-31\/\" \/>\n<meta property=\"og:locale\" content=\"da_DK\" \/>\n<meta property=\"og:type\" content=\"article\" \/>\n<meta property=\"og:title\" content=\"\u012evor\u0117 CVA - 829\/00548 | Gera kaina | Greitas pristatymas | Eska dalys\" \/>\n<meta property=\"og:description\" content=\"\u012evor\u0117 - 829\/00548 Matmenys: Vidinis skersmuo: 50 mm, I\u0161orinis skersmuo: 60 mm, Auk\u0161tis: 64 mm, Tinka: JCB, Ekskavatorius krautuvas, 3CX, 4CX OE numeriai: 50x60x64, 333\/S3339, 332\/T9338, 829\/00548\" \/>\n<meta property=\"og:url\" content=\"https:\/\/eskadalys.lt\/da\/produkt-da\/ivore-cva-31\/\" \/>\n<meta property=\"og:site_name\" content=\"Eska dalys\" \/>\n<meta property=\"article:publisher\" content=\"https:\/\/www.facebook.com\/profile.php?id=61556005720456\" \/>\n<meta property=\"article:modified_time\" content=\"2026-04-22T13:28:25+00:00\" \/>\n<meta property=\"og:image\" content=\"https:\/\/eskadalys.lt\/wp-content\/uploads\/2024\/02\/bushing-2-20240121-120843.jpg?v=1714950044\" \/>\n\t<meta property=\"og:image:width\" content=\"800\" \/>\n\t<meta property=\"og:image:height\" content=\"705\" \/>\n\t<meta property=\"og:image:type\" content=\"image\/jpeg\" \/>\n<script type=\"application\/ld+json\" class=\"yoast-schema-graph\">{\"@context\":\"https:\\\/\\\/schema.org\",\"@graph\":[{\"@type\":\"WebPage\",\"@id\":\"https:\\\/\\\/eskadalys.lt\\\/product\\\/ivore-cva-31\\\/\",\"url\":\"https:\\\/\\\/eskadalys.lt\\\/product\\\/ivore-cva-31\\\/\",\"name\":\"\u012evor\u0117 CVA - 829\\\/00548 | Gera kaina | Greitas pristatymas | Eska dalys\",\"isPartOf\":{\"@id\":\"https:\\\/\\\/eskadalys.lt\\\/#website\"},\"primaryImageOfPage\":{\"@id\":\"https:\\\/\\\/eskadalys.lt\\\/product\\\/ivore-cva-31\\\/#primaryimage\"},\"image\":{\"@id\":\"https:\\\/\\\/eskadalys.lt\\\/product\\\/ivore-cva-31\\\/#primaryimage\"},\"thumbnailUrl\":\"https:\\\/\\\/eskadalys.lt\\\/wp-content\\\/uploads\\\/2024\\\/02\\\/bushing-2-20240121-120843.jpg?v=1714950044\",\"datePublished\":\"2024-02-10T22:34:07+00:00\",\"dateModified\":\"2026-04-22T13:28:25+00:00\",\"description\":\"\u012evor\u0117 - 829\\\/00548 Matmenys: Vidinis skersmuo: 50 mm, I\u0161orinis skersmuo: 60 mm, Auk\u0161tis: 64 mm, Tinka: JCB, Ekskavatorius krautuvas, 3CX, 4CX OE numeriai: 50x60x64, 333\\\/S3339, 332\\\/T9338, 829\\\/00548\",\"breadcrumb\":{\"@id\":\"https:\\\/\\\/eskadalys.lt\\\/product\\\/ivore-cva-31\\\/#breadcrumb\"},\"inLanguage\":\"da-DK\",\"potentialAction\":[{\"@type\":\"ReadAction\",\"target\":[\"https:\\\/\\\/eskadalys.lt\\\/product\\\/ivore-cva-31\\\/\"]}]},{\"@type\":\"ImageObject\",\"inLanguage\":\"da-DK\",\"@id\":\"https:\\\/\\\/eskadalys.lt\\\/product\\\/ivore-cva-31\\\/#primaryimage\",\"url\":\"https:\\\/\\\/eskadalys.lt\\\/wp-content\\\/uploads\\\/2024\\\/02\\\/bushing-2-20240121-120843.jpg?v=1714950044\",\"contentUrl\":\"https:\\\/\\\/eskadalys.lt\\\/wp-content\\\/uploads\\\/2024\\\/02\\\/bushing-2-20240121-120843.jpg?v=1714950044\",\"width\":800,\"height\":705},{\"@type\":\"BreadcrumbList\",\"@id\":\"https:\\\/\\\/eskadalys.lt\\\/product\\\/ivore-cva-31\\\/#breadcrumb\",\"itemListElement\":[{\"@type\":\"ListItem\",\"position\":1,\"name\":\"Strona g\u0142\u00f3wna\",\"item\":\"https:\\\/\\\/eskadalys.lt\\\/\"},{\"@type\":\"ListItem\",\"position\":2,\"name\":\"E-parduotuv\u0117\",\"item\":\"https:\\\/\\\/eskadalys.lt\\\/e-parduotuve\\\/\"},{\"@type\":\"ListItem\",\"position\":3,\"name\":\"\u012evor\u0117 CVA &#8211; 829\\\/00548\"}]},{\"@type\":\"WebSite\",\"@id\":\"https:\\\/\\\/eskadalys.lt\\\/#website\",\"url\":\"https:\\\/\\\/eskadalys.lt\\\/\",\"name\":\"Eska dalys\",\"description\":\"Ekskavatori\u0173 \\\/ mini ekskavatori\u0173 \\\/ buldozeri\u0173 dalys\",\"publisher\":{\"@id\":\"https:\\\/\\\/eskadalys.lt\\\/#organization\"},\"potentialAction\":[{\"@type\":\"SearchAction\",\"target\":{\"@type\":\"EntryPoint\",\"urlTemplate\":\"https:\\\/\\\/eskadalys.lt\\\/?s={search_term_string}\"},\"query-input\":{\"@type\":\"PropertyValueSpecification\",\"valueRequired\":true,\"valueName\":\"search_term_string\"}}],\"inLanguage\":\"da-DK\"},{\"@type\":\"Organization\",\"@id\":\"https:\\\/\\\/eskadalys.lt\\\/#organization\",\"name\":\"Eska dalys\",\"url\":\"https:\\\/\\\/eskadalys.lt\\\/\",\"logo\":{\"@type\":\"ImageObject\",\"inLanguage\":\"da-DK\",\"@id\":\"https:\\\/\\\/eskadalys.lt\\\/#\\\/schema\\\/logo\\\/image\\\/\",\"url\":\"https:\\\/\\\/eskadalys.lt\\\/wp-content\\\/uploads\\\/2024\\\/01\\\/LOGO-ESKA-FINAL.svg\",\"contentUrl\":\"https:\\\/\\\/eskadalys.lt\\\/wp-content\\\/uploads\\\/2024\\\/01\\\/LOGO-ESKA-FINAL.svg\",\"width\":259,\"height\":201,\"caption\":\"Eska dalys\"},\"image\":{\"@id\":\"https:\\\/\\\/eskadalys.lt\\\/#\\\/schema\\\/logo\\\/image\\\/\"},\"sameAs\":[\"https:\\\/\\\/www.facebook.com\\\/profile.php?id=61556005720456\"]}]}<\/script>\n<!-- \/ Yoast SEO plugin. -->","yoast_head_json":{"title":"\u012evor\u0117 CVA - 829\/00548 | Gera kaina | Greitas pristatymas | Eska dalys","description":"\u012evor\u0117 - 829\/00548 Matmenys: Vidinis skersmuo: 50 mm, I\u0161orinis skersmuo: 60 mm, Auk\u0161tis: 64 mm, Tinka: JCB, Ekskavatorius krautuvas, 3CX, 4CX OE numeriai: 50x60x64, 333\/S3339, 332\/T9338, 829\/00548","robots":{"index":"index","follow":"follow","max-snippet":"max-snippet:-1","max-image-preview":"max-image-preview:large","max-video-preview":"max-video-preview:-1"},"canonical":"https:\/\/eskadalys.lt\/da\/produkt-da\/ivore-cva-31\/","og_locale":"da_DK","og_type":"article","og_title":"\u012evor\u0117 CVA - 829\/00548 | Gera kaina | Greitas pristatymas | Eska dalys","og_description":"\u012evor\u0117 - 829\/00548 Matmenys: Vidinis skersmuo: 50 mm, I\u0161orinis skersmuo: 60 mm, Auk\u0161tis: 64 mm, Tinka: JCB, Ekskavatorius krautuvas, 3CX, 4CX OE numeriai: 50x60x64, 333\/S3339, 332\/T9338, 829\/00548","og_url":"https:\/\/eskadalys.lt\/da\/produkt-da\/ivore-cva-31\/","og_site_name":"Eska dalys","article_publisher":"https:\/\/www.facebook.com\/profile.php?id=61556005720456","article_modified_time":"2026-04-22T13:28:25+00:00","og_image":[{"width":800,"height":705,"url":"https:\/\/eskadalys.lt\/wp-content\/uploads\/2024\/02\/bushing-2-20240121-120843.jpg?v=1714950044","type":"image\/jpeg"}],"schema":{"@context":"https:\/\/schema.org","@graph":[{"@type":"WebPage","@id":"https:\/\/eskadalys.lt\/product\/ivore-cva-31\/","url":"https:\/\/eskadalys.lt\/product\/ivore-cva-31\/","name":"\u012evor\u0117 CVA - 829\/00548 | Gera kaina | Greitas pristatymas | Eska dalys","isPartOf":{"@id":"https:\/\/eskadalys.lt\/#website"},"primaryImageOfPage":{"@id":"https:\/\/eskadalys.lt\/product\/ivore-cva-31\/#primaryimage"},"image":{"@id":"https:\/\/eskadalys.lt\/product\/ivore-cva-31\/#primaryimage"},"thumbnailUrl":"https:\/\/eskadalys.lt\/wp-content\/uploads\/2024\/02\/bushing-2-20240121-120843.jpg?v=1714950044","datePublished":"2024-02-10T22:34:07+00:00","dateModified":"2026-04-22T13:28:25+00:00","description":"\u012evor\u0117 - 829\/00548 Matmenys: Vidinis skersmuo: 50 mm, I\u0161orinis skersmuo: 60 mm, Auk\u0161tis: 64 mm, Tinka: JCB, Ekskavatorius krautuvas, 3CX, 4CX OE numeriai: 50x60x64, 333\/S3339, 332\/T9338, 829\/00548","breadcrumb":{"@id":"https:\/\/eskadalys.lt\/product\/ivore-cva-31\/#breadcrumb"},"inLanguage":"da-DK","potentialAction":[{"@type":"ReadAction","target":["https:\/\/eskadalys.lt\/product\/ivore-cva-31\/"]}]},{"@type":"ImageObject","inLanguage":"da-DK","@id":"https:\/\/eskadalys.lt\/product\/ivore-cva-31\/#primaryimage","url":"https:\/\/eskadalys.lt\/wp-content\/uploads\/2024\/02\/bushing-2-20240121-120843.jpg?v=1714950044","contentUrl":"https:\/\/eskadalys.lt\/wp-content\/uploads\/2024\/02\/bushing-2-20240121-120843.jpg?v=1714950044","width":800,"height":705},{"@type":"BreadcrumbList","@id":"https:\/\/eskadalys.lt\/product\/ivore-cva-31\/#breadcrumb","itemListElement":[{"@type":"ListItem","position":1,"name":"Strona g\u0142\u00f3wna","item":"https:\/\/eskadalys.lt\/"},{"@type":"ListItem","position":2,"name":"E-parduotuv\u0117","item":"https:\/\/eskadalys.lt\/e-parduotuve\/"},{"@type":"ListItem","position":3,"name":"\u012evor\u0117 CVA &#8211; 829\/00548"}]},{"@type":"WebSite","@id":"https:\/\/eskadalys.lt\/#website","url":"https:\/\/eskadalys.lt\/","name":"Eska parts","description":"Reservedele til gravemaskine\/minigraver\/bulldozer","publisher":{"@id":"https:\/\/eskadalys.lt\/#organization"},"potentialAction":[{"@type":"SearchAction","target":{"@type":"EntryPoint","urlTemplate":"https:\/\/eskadalys.lt\/?s={search_term_string}"},"query-input":{"@type":"PropertyValueSpecification","valueRequired":true,"valueName":"search_term_string"}}],"inLanguage":"da-DK"},{"@type":"Organization","@id":"https:\/\/eskadalys.lt\/#organization","name":"Eska parts","url":"https:\/\/eskadalys.lt\/","logo":{"@type":"ImageObject","inLanguage":"da-DK","@id":"https:\/\/eskadalys.lt\/#\/schema\/logo\/image\/","url":"https:\/\/eskadalys.lt\/wp-content\/uploads\/2024\/01\/LOGO-ESKA-FINAL.svg","contentUrl":"https:\/\/eskadalys.lt\/wp-content\/uploads\/2024\/01\/LOGO-ESKA-FINAL.svg","width":259,"height":201,"caption":"Eska dalys"},"image":{"@id":"https:\/\/eskadalys.lt\/#\/schema\/logo\/image\/"},"sameAs":["https:\/\/www.facebook.com\/profile.php?id=61556005720456"]}]}},"_links":{"self":[{"href":"https:\/\/eskadalys.lt\/da\/wp-json\/wp\/v2\/product\/1118","targetHints":{"allow":["GET"]}}],"collection":[{"href":"https:\/\/eskadalys.lt\/da\/wp-json\/wp\/v2\/product"}],"about":[{"href":"https:\/\/eskadalys.lt\/da\/wp-json\/wp\/v2\/types\/product"}],"wp:featuredmedia":[{"embeddable":true,"href":"https:\/\/eskadalys.lt\/da\/wp-json\/wp\/v2\/media\/94017"}],"wp:attachment":[{"href":"https:\/\/eskadalys.lt\/da\/wp-json\/wp\/v2\/media?parent=1118"}],"wp:term":[{"taxonomy":"product_brand","embeddable":true,"href":"https:\/\/eskadalys.lt\/da\/wp-json\/wp\/v2\/product_brand?post=1118"},{"taxonomy":"product_cat","embeddable":true,"href":"https:\/\/eskadalys.lt\/da\/wp-json\/wp\/v2\/product_cat?post=1118"},{"taxonomy":"product_tag","embeddable":true,"href":"https:\/\/eskadalys.lt\/da\/wp-json\/wp\/v2\/product_tag?post=1118"}],"curies":[{"name":"wp","href":"https:\/\/api.w.org\/{rel}","templated":true}]}}