{"id":1051,"date":"2024-02-11T00:29:03","date_gmt":"2024-02-10T22:29:03","guid":{"rendered":"https:\/\/eskadalys.lt\/?post_type=product&#038;p=1051"},"modified":"2026-03-26T09:51:08","modified_gmt":"2026-03-26T07:51:08","slug":"pakning-nx","status":"publish","type":"product","link":"https:\/\/eskadalys.lt\/da\/product\/tarpiklis-nx\/","title":{"rendered":"Pakning 1,4 mm NX \u2013 819\/00143"},"content":{"rendered":"<p><strong>Pakning 1,4 mm NX \u2013 819\/00143<\/strong><br \/>\n<strong>Velegnet til:<\/strong> JCB, Hjull\u00e6sser, 411, 416, 427, 437, 457, Teleskopl\u00e6sser, 515-40, 520-40, 520-50, 524-50, 527-55, 527-58, 531-70, 541-70, 535-95, 533-105, 535-125, 535-140, 540-140, 540-170, 540-200, 550-80, 426, 426e, 436, 446, 456, 467, 406, 407, 409, 412, 530, 535-60, 525-30 540, 528-70, 527, 536-70, 526, 536-60, 530-70, 526-56, 560-80, 530-120, 532-120, TM220, 537-407,-537-407,-1 525.60, TM320, 410, 414, 418, 436E, 415, 525-50, 408, 535, 532<\/p>\n<h3>\ud83d\udd0d Leder efter et andet produkt fra kategorien <a href=\"https:\/\/eskadalys.lt\/da\/produktkategori-da\/stifter-elfenbenslejer\/undergraver\/\">Skivere<\/a> ?<\/h3>\n<h3>\ud83d\udee0\ufe0f JCB-reservedele \u2013 du kan finde flere af dem <a href=\"https:\/\/eskadalys.lt\/da\/produktkategori-da\/stifter-elfenbenslejer\/\">Stifter \/ B\u00f8sninger \/ Lejer<\/a> i kategorien.<\/h3>\n<p>Hvis du er usikker p\u00e5, om denne del passer til din maskine, <strong>Send os venligst k\u00f8ret\u00f8jets serienummer (VIN) inden k\u00f8b.<\/strong>. Vi vil kontrollere kompatibiliteten ved hj\u00e6lp af katalogerne og <strong>Vi tilbyder den rigtige del<\/strong>. Hvis du ikke kan finde den del, du har brug for, s\u00e5 skriv til os - vi hj\u00e6lper dig med at finde den!<\/p>\n<p><strong>\ud83d\udce6 Lager i Litauen<\/strong> \u2013 ordrer afgivet f\u00f8r kl. 14.00 afsendes samme dag.<\/p>\n<p><strong>\ud83d\ude80 Hurtig levering<\/strong> \u2013 bestilte varer, som vi ikke har p\u00e5 lager i \u00f8jeblikket, leveres inden for 3-4 hverdage.<\/p>\n<p><strong>\ud83d\udcc8 Bredt udvalg<\/strong> \u2013 vi udvider l\u00f8bende vores produktudvalg.<\/p>","protected":false},"excerpt":{"rendered":"<p>819\/00143<\/p>","protected":false},"featured_media":113513,"template":"","meta":{"site-sidebar-layout":"default","site-content-layout":"","ast-site-content-layout":"default","site-content-style":"default","site-sidebar-style":"default","ast-global-header-display":"","ast-banner-title-visibility":"","ast-main-header-display":"","ast-hfb-above-header-display":"","ast-hfb-below-header-display":"","ast-hfb-mobile-header-display":"","site-post-title":"","ast-breadcrumbs-content":"","ast-featured-img":"","footer-sml-layout":"","ast-disable-related-posts":"","theme-transparent-header-meta":"default","adv-header-id-meta":"","stick-header-meta":"","header-above-stick-meta":"","header-main-stick-meta":"","header-below-stick-meta":"","astra-migrate-meta-layouts":"set","ast-page-background-enabled":"default","ast-page-background-meta":{"desktop":{"background-color":"","background-image":"","background-repeat":"repeat","background-position":"center center","background-size":"auto","background-attachment":"scroll","background-type":"","background-media":"","overlay-type":"","overlay-color":"","overlay-opacity":"","overlay-gradient":""},"tablet":{"background-color":"","background-image":"","background-repeat":"repeat","background-position":"center center","background-size":"auto","background-attachment":"scroll","background-type":"","background-media":"","overlay-type":"","overlay-color":"","overlay-opacity":"","overlay-gradient":""},"mobile":{"background-color":"","background-image":"","background-repeat":"repeat","background-position":"center center","background-size":"auto","background-attachment":"scroll","background-type":"","background-media":"","overlay-type":"","overlay-color":"","overlay-opacity":"","overlay-gradient":""}},"ast-content-background-meta":{"desktop":{"background-color":"var(--ast-global-color-5)","background-image":"","background-repeat":"repeat","background-position":"center center","background-size":"auto","background-attachment":"scroll","background-type":"","background-media":"","overlay-type":"","overlay-color":"","overlay-opacity":"","overlay-gradient":""},"tablet":{"background-color":"var(--ast-global-color-5)","background-image":"","background-repeat":"repeat","background-position":"center center","background-size":"auto","background-attachment":"scroll","background-type":"","background-media":"","overlay-type":"","overlay-color":"","overlay-opacity":"","overlay-gradient":""},"mobile":{"background-color":"var(--ast-global-color-5)","background-image":"","background-repeat":"repeat","background-position":"center center","background-size":"auto","background-attachment":"scroll","background-type":"","background-media":"","overlay-type":"","overlay-color":"","overlay-opacity":"","overlay-gradient":""}}},"product_brand":[],"product_cat":[893],"product_tag":[],"class_list":{"0":"post-1051","1":"product","2":"type-product","3":"status-publish","4":"has-post-thumbnail","6":"product_cat-poverzles","7":"desktop-align-left","8":"tablet-align-left","9":"mobile-align-left","11":"first","12":"instock","13":"taxable","14":"shipping-taxable","15":"purchasable","16":"product-type-simple"},"yoast_head":"<!-- This site is optimized with the Yoast SEO plugin v27.3 - https:\/\/yoast.com\/product\/yoast-seo-wordpress\/ -->\n<title>Tarpiklis 1.4mm NX - 819\/00143 | Gera kaina | Greitas pristatymas | Eska dalys<\/title>\n<meta name=\"description\" content=\"Tarpiklis NX - 819\/00143 Tinka: JCB, Frontalinis krautuvas, 411, 416, 427, 437, 457, Teleskopinis krautuvas, 515-40, 520-40, 520-50, 524-50, 527-55, 527-58, 531-70, 541-70, 535-95, 533-105, 535-125, 535-140, 540-140, 540-170, 540-200, 550-80, 426, 426e, 436, 446, 456, 467, 406, 407, 409, 412, 530 , 535-60 , 525-30, 540, 528-70, 527, 536-70, 526, 536-60, 530-70, 526-56, 560-80, 530-120, 532-120, TM220, 537-135, 540-70, 550-140, 525.60, TM320, 410, 414, 418, 436E, 415, 525-50, 408, 535, 532\" \/>\n<meta name=\"robots\" content=\"index, follow, max-snippet:-1, max-image-preview:large, max-video-preview:-1\" \/>\n<link rel=\"canonical\" href=\"https:\/\/eskadalys.lt\/da\/produkt-da\/pakning-nx\/\" \/>\n<meta property=\"og:locale\" content=\"da_DK\" \/>\n<meta property=\"og:type\" content=\"article\" \/>\n<meta property=\"og:title\" content=\"Tarpiklis 1.4mm NX - 819\/00143 | Gera kaina | Greitas pristatymas | Eska dalys\" \/>\n<meta property=\"og:description\" content=\"Tarpiklis NX - 819\/00143 Tinka: JCB, Frontalinis krautuvas, 411, 416, 427, 437, 457, Teleskopinis krautuvas, 515-40, 520-40, 520-50, 524-50, 527-55, 527-58, 531-70, 541-70, 535-95, 533-105, 535-125, 535-140, 540-140, 540-170, 540-200, 550-80, 426, 426e, 436, 446, 456, 467, 406, 407, 409, 412, 530 , 535-60 , 525-30, 540, 528-70, 527, 536-70, 526, 536-60, 530-70, 526-56, 560-80, 530-120, 532-120, TM220, 537-135, 540-70, 550-140, 525.60, TM320, 410, 414, 418, 436E, 415, 525-50, 408, 535, 532\" \/>\n<meta property=\"og:url\" content=\"https:\/\/eskadalys.lt\/da\/produkt-da\/pakning-nx\/\" \/>\n<meta property=\"og:site_name\" content=\"Eska dalys\" \/>\n<meta property=\"article:publisher\" content=\"https:\/\/www.facebook.com\/profile.php?id=61556005720456\" \/>\n<meta property=\"article:modified_time\" content=\"2026-03-26T07:51:08+00:00\" \/>\n<meta property=\"og:image\" content=\"https:\/\/eskadalys.lt\/wp-content\/uploads\/2024\/02\/podkladka-dystansowa-gornego-sworznia-cat-koparko-ladowarka-1760626-1.jpg?v=1714892371\" \/>\n\t<meta property=\"og:image:width\" content=\"800\" \/>\n\t<meta property=\"og:image:height\" content=\"800\" \/>\n\t<meta property=\"og:image:type\" content=\"image\/jpeg\" \/>\n<script type=\"application\/ld+json\" class=\"yoast-schema-graph\">{\"@context\":\"https:\\\/\\\/schema.org\",\"@graph\":[{\"@type\":\"WebPage\",\"@id\":\"https:\\\/\\\/eskadalys.lt\\\/product\\\/tarpiklis-nx\\\/\",\"url\":\"https:\\\/\\\/eskadalys.lt\\\/product\\\/tarpiklis-nx\\\/\",\"name\":\"Tarpiklis 1.4mm NX - 819\\\/00143 | Gera kaina | Greitas pristatymas | Eska dalys\",\"isPartOf\":{\"@id\":\"https:\\\/\\\/eskadalys.lt\\\/#website\"},\"primaryImageOfPage\":{\"@id\":\"https:\\\/\\\/eskadalys.lt\\\/product\\\/tarpiklis-nx\\\/#primaryimage\"},\"image\":{\"@id\":\"https:\\\/\\\/eskadalys.lt\\\/product\\\/tarpiklis-nx\\\/#primaryimage\"},\"thumbnailUrl\":\"https:\\\/\\\/eskadalys.lt\\\/wp-content\\\/uploads\\\/2024\\\/02\\\/podkladka-dystansowa-gornego-sworznia-cat-koparko-ladowarka-1760626-1.jpg?v=1714892371\",\"datePublished\":\"2024-02-10T22:29:03+00:00\",\"dateModified\":\"2026-03-26T07:51:08+00:00\",\"description\":\"Tarpiklis NX - 819\\\/00143 Tinka: JCB, Frontalinis krautuvas, 411, 416, 427, 437, 457, Teleskopinis krautuvas, 515-40, 520-40, 520-50, 524-50, 527-55, 527-58, 531-70, 541-70, 535-95, 533-105, 535-125, 535-140, 540-140, 540-170, 540-200, 550-80, 426, 426e, 436, 446, 456, 467, 406, 407, 409, 412, 530 , 535-60 , 525-30, 540, 528-70, 527, 536-70, 526, 536-60, 530-70, 526-56, 560-80, 530-120, 532-120, TM220, 537-135, 540-70, 550-140, 525.60, TM320, 410, 414, 418, 436E, 415, 525-50, 408, 535, 532\",\"breadcrumb\":{\"@id\":\"https:\\\/\\\/eskadalys.lt\\\/product\\\/tarpiklis-nx\\\/#breadcrumb\"},\"inLanguage\":\"da-DK\",\"potentialAction\":[{\"@type\":\"ReadAction\",\"target\":[\"https:\\\/\\\/eskadalys.lt\\\/product\\\/tarpiklis-nx\\\/\"]}]},{\"@type\":\"ImageObject\",\"inLanguage\":\"da-DK\",\"@id\":\"https:\\\/\\\/eskadalys.lt\\\/product\\\/tarpiklis-nx\\\/#primaryimage\",\"url\":\"https:\\\/\\\/eskadalys.lt\\\/wp-content\\\/uploads\\\/2024\\\/02\\\/podkladka-dystansowa-gornego-sworznia-cat-koparko-ladowarka-1760626-1.jpg?v=1714892371\",\"contentUrl\":\"https:\\\/\\\/eskadalys.lt\\\/wp-content\\\/uploads\\\/2024\\\/02\\\/podkladka-dystansowa-gornego-sworznia-cat-koparko-ladowarka-1760626-1.jpg?v=1714892371\",\"width\":800,\"height\":800},{\"@type\":\"BreadcrumbList\",\"@id\":\"https:\\\/\\\/eskadalys.lt\\\/product\\\/tarpiklis-nx\\\/#breadcrumb\",\"itemListElement\":[{\"@type\":\"ListItem\",\"position\":1,\"name\":\"Strona g\u0142\u00f3wna\",\"item\":\"https:\\\/\\\/eskadalys.lt\\\/\"},{\"@type\":\"ListItem\",\"position\":2,\"name\":\"E-parduotuv\u0117\",\"item\":\"https:\\\/\\\/eskadalys.lt\\\/e-parduotuve\\\/\"},{\"@type\":\"ListItem\",\"position\":3,\"name\":\"Tarpiklis 1.4mm NX &#8211; 819\\\/00143\"}]},{\"@type\":\"WebSite\",\"@id\":\"https:\\\/\\\/eskadalys.lt\\\/#website\",\"url\":\"https:\\\/\\\/eskadalys.lt\\\/\",\"name\":\"Eska dalys\",\"description\":\"Ekskavatori\u0173 \\\/ mini ekskavatori\u0173 \\\/ buldozeri\u0173 dalys\",\"publisher\":{\"@id\":\"https:\\\/\\\/eskadalys.lt\\\/#organization\"},\"potentialAction\":[{\"@type\":\"SearchAction\",\"target\":{\"@type\":\"EntryPoint\",\"urlTemplate\":\"https:\\\/\\\/eskadalys.lt\\\/?s={search_term_string}\"},\"query-input\":{\"@type\":\"PropertyValueSpecification\",\"valueRequired\":true,\"valueName\":\"search_term_string\"}}],\"inLanguage\":\"da-DK\"},{\"@type\":\"Organization\",\"@id\":\"https:\\\/\\\/eskadalys.lt\\\/#organization\",\"name\":\"Eska dalys\",\"url\":\"https:\\\/\\\/eskadalys.lt\\\/\",\"logo\":{\"@type\":\"ImageObject\",\"inLanguage\":\"da-DK\",\"@id\":\"https:\\\/\\\/eskadalys.lt\\\/#\\\/schema\\\/logo\\\/image\\\/\",\"url\":\"https:\\\/\\\/eskadalys.lt\\\/wp-content\\\/uploads\\\/2024\\\/01\\\/LOGO-ESKA-FINAL.svg\",\"contentUrl\":\"https:\\\/\\\/eskadalys.lt\\\/wp-content\\\/uploads\\\/2024\\\/01\\\/LOGO-ESKA-FINAL.svg\",\"width\":259,\"height\":201,\"caption\":\"Eska dalys\"},\"image\":{\"@id\":\"https:\\\/\\\/eskadalys.lt\\\/#\\\/schema\\\/logo\\\/image\\\/\"},\"sameAs\":[\"https:\\\/\\\/www.facebook.com\\\/profile.php?id=61556005720456\"]}]}<\/script>\n<!-- \/ Yoast SEO plugin. -->","yoast_head_json":{"title":"Pakning 1,4 mm NX - 819\/00143 | God pris | Hurtig levering | Eska reservedele","description":"Pakning NX - 819\/00143 Passer til: JCB, Hjull\u00e6sser, 411, 416, 427, 437, 457, Teleskopl\u00e6sser, 515-40, 520-40, 520-50, 524-50, 527-55, 527-58, 531-70, 541-70, 535-95, 533-105, 535-125, 535-140, 540-140, 540-170, 540-200, 550-80, 426, 426e, 436, 446, 456, 467, 406, 407, 409, 412, 530 535-60 , 525-30, 540, 528-70, 527, 536-70, 526, 536-60, 530-70, 526-56, 560-80, 530-120, 532-210, 532-220, 532-210, 540-70, 550-140, 525,60, TM320, 410, 414, 418, 436E, 415, 525-50, 408, 535, 532","robots":{"index":"index","follow":"follow","max-snippet":"max-snippet:-1","max-image-preview":"max-image-preview:large","max-video-preview":"max-video-preview:-1"},"canonical":"https:\/\/eskadalys.lt\/da\/produkt-da\/pakning-nx\/","og_locale":"da_DK","og_type":"article","og_title":"Tarpiklis 1.4mm NX - 819\/00143 | Gera kaina | Greitas pristatymas | Eska dalys","og_description":"Tarpiklis NX - 819\/00143 Tinka: JCB, Frontalinis krautuvas, 411, 416, 427, 437, 457, Teleskopinis krautuvas, 515-40, 520-40, 520-50, 524-50, 527-55, 527-58, 531-70, 541-70, 535-95, 533-105, 535-125, 535-140, 540-140, 540-170, 540-200, 550-80, 426, 426e, 436, 446, 456, 467, 406, 407, 409, 412, 530 , 535-60 , 525-30, 540, 528-70, 527, 536-70, 526, 536-60, 530-70, 526-56, 560-80, 530-120, 532-120, TM220, 537-135, 540-70, 550-140, 525.60, TM320, 410, 414, 418, 436E, 415, 525-50, 408, 535, 532","og_url":"https:\/\/eskadalys.lt\/da\/produkt-da\/pakning-nx\/","og_site_name":"Eska dalys","article_publisher":"https:\/\/www.facebook.com\/profile.php?id=61556005720456","article_modified_time":"2026-03-26T07:51:08+00:00","og_image":[{"width":800,"height":800,"url":"https:\/\/eskadalys.lt\/wp-content\/uploads\/2024\/02\/podkladka-dystansowa-gornego-sworznia-cat-koparko-ladowarka-1760626-1.jpg?v=1714892371","type":"image\/jpeg"}],"schema":{"@context":"https:\/\/schema.org","@graph":[{"@type":"WebPage","@id":"https:\/\/eskadalys.lt\/product\/tarpiklis-nx\/","url":"https:\/\/eskadalys.lt\/product\/tarpiklis-nx\/","name":"Pakning 1,4 mm NX - 819\/00143 | God pris | Hurtig levering | Eska reservedele","isPartOf":{"@id":"https:\/\/eskadalys.lt\/#website"},"primaryImageOfPage":{"@id":"https:\/\/eskadalys.lt\/product\/tarpiklis-nx\/#primaryimage"},"image":{"@id":"https:\/\/eskadalys.lt\/product\/tarpiklis-nx\/#primaryimage"},"thumbnailUrl":"https:\/\/eskadalys.lt\/wp-content\/uploads\/2024\/02\/podkladka-dystansowa-gornego-sworznia-cat-koparko-ladowarka-1760626-1.jpg?v=1714892371","datePublished":"2024-02-10T22:29:03+00:00","dateModified":"2026-03-26T07:51:08+00:00","description":"Pakning NX - 819\/00143 Passer til: JCB, Hjull\u00e6sser, 411, 416, 427, 437, 457, Teleskopl\u00e6sser, 515-40, 520-40, 520-50, 524-50, 527-55, 527-58, 531-70, 541-70, 535-95, 533-105, 535-125, 535-140, 540-140, 540-170, 540-200, 550-80, 426, 426e, 436, 446, 456, 467, 406, 407, 409, 412, 530 535-60 , 525-30, 540, 528-70, 527, 536-70, 526, 536-60, 530-70, 526-56, 560-80, 530-120, 532-210, 532-220, 532-210, 540-70, 550-140, 525,60, TM320, 410, 414, 418, 436E, 415, 525-50, 408, 535, 532","breadcrumb":{"@id":"https:\/\/eskadalys.lt\/product\/tarpiklis-nx\/#breadcrumb"},"inLanguage":"da-DK","potentialAction":[{"@type":"ReadAction","target":["https:\/\/eskadalys.lt\/product\/tarpiklis-nx\/"]}]},{"@type":"ImageObject","inLanguage":"da-DK","@id":"https:\/\/eskadalys.lt\/product\/tarpiklis-nx\/#primaryimage","url":"https:\/\/eskadalys.lt\/wp-content\/uploads\/2024\/02\/podkladka-dystansowa-gornego-sworznia-cat-koparko-ladowarka-1760626-1.jpg?v=1714892371","contentUrl":"https:\/\/eskadalys.lt\/wp-content\/uploads\/2024\/02\/podkladka-dystansowa-gornego-sworznia-cat-koparko-ladowarka-1760626-1.jpg?v=1714892371","width":800,"height":800},{"@type":"BreadcrumbList","@id":"https:\/\/eskadalys.lt\/product\/tarpiklis-nx\/#breadcrumb","itemListElement":[{"@type":"ListItem","position":1,"name":"Strona g\u0142\u00f3wna","item":"https:\/\/eskadalys.lt\/"},{"@type":"ListItem","position":2,"name":"E-parduotuv\u0117","item":"https:\/\/eskadalys.lt\/e-parduotuve\/"},{"@type":"ListItem","position":3,"name":"Tarpiklis 1.4mm NX &#8211; 819\/00143"}]},{"@type":"WebSite","@id":"https:\/\/eskadalys.lt\/#website","url":"https:\/\/eskadalys.lt\/","name":"Eska parts","description":"Reservedele til gravemaskine\/minigraver\/bulldozer","publisher":{"@id":"https:\/\/eskadalys.lt\/#organization"},"potentialAction":[{"@type":"SearchAction","target":{"@type":"EntryPoint","urlTemplate":"https:\/\/eskadalys.lt\/?s={search_term_string}"},"query-input":{"@type":"PropertyValueSpecification","valueRequired":true,"valueName":"search_term_string"}}],"inLanguage":"da-DK"},{"@type":"Organization","@id":"https:\/\/eskadalys.lt\/#organization","name":"Eska parts","url":"https:\/\/eskadalys.lt\/","logo":{"@type":"ImageObject","inLanguage":"da-DK","@id":"https:\/\/eskadalys.lt\/#\/schema\/logo\/image\/","url":"https:\/\/eskadalys.lt\/wp-content\/uploads\/2024\/01\/LOGO-ESKA-FINAL.svg","contentUrl":"https:\/\/eskadalys.lt\/wp-content\/uploads\/2024\/01\/LOGO-ESKA-FINAL.svg","width":259,"height":201,"caption":"Eska dalys"},"image":{"@id":"https:\/\/eskadalys.lt\/#\/schema\/logo\/image\/"},"sameAs":["https:\/\/www.facebook.com\/profile.php?id=61556005720456"]}]}},"_links":{"self":[{"href":"https:\/\/eskadalys.lt\/da\/wp-json\/wp\/v2\/product\/1051","targetHints":{"allow":["GET"]}}],"collection":[{"href":"https:\/\/eskadalys.lt\/da\/wp-json\/wp\/v2\/product"}],"about":[{"href":"https:\/\/eskadalys.lt\/da\/wp-json\/wp\/v2\/types\/product"}],"wp:featuredmedia":[{"embeddable":true,"href":"https:\/\/eskadalys.lt\/da\/wp-json\/wp\/v2\/media\/113513"}],"wp:attachment":[{"href":"https:\/\/eskadalys.lt\/da\/wp-json\/wp\/v2\/media?parent=1051"}],"wp:term":[{"taxonomy":"product_brand","embeddable":true,"href":"https:\/\/eskadalys.lt\/da\/wp-json\/wp\/v2\/product_brand?post=1051"},{"taxonomy":"product_cat","embeddable":true,"href":"https:\/\/eskadalys.lt\/da\/wp-json\/wp\/v2\/product_cat?post=1051"},{"taxonomy":"product_tag","embeddable":true,"href":"https:\/\/eskadalys.lt\/da\/wp-json\/wp\/v2\/product_tag?post=1051"}],"curies":[{"name":"wp","href":"https:\/\/api.w.org\/{rel}","templated":true}]}}